{"id":18168,"date":"2024-07-08T15:38:19","date_gmt":"2024-07-08T13:38:19","guid":{"rendered":"https:\/\/www.suresms.com\/dk\/?page_id=18168"},"modified":"2024-07-08T15:38:19","modified_gmt":"2024-07-08T13:38:19","slug":"account-3","status":"publish","type":"page","link":"https:\/\/suresms.com\/en\/docs\/message\/","title":{"rendered":"Messaging"},"content":{"rendered":"<!-- Flexy Breadcrumb -->\r\n\t\t\t<div class=\"fbc fbc-page\">\r\n\r\n\t\t\t\t<!-- Breadcrumb wrapper -->\r\n\t\t\t\t<div class=\"fbc-wrap\">\r\n\r\n\t\t\t\t\t<!-- Ordered list-->\r\n\t\t\t\t\t<ol class=\"fbc-items\" itemscope itemtype=\"https:\/\/schema.org\/BreadcrumbList\">\r\n\t\t\t\t\t\t            <li itemprop=\"itemListElement\" itemscope itemtype=\"https:\/\/schema.org\/ListItem\">\r\n                <span itemprop=\"name\">\r\n                    <!-- Home Link -->\r\n                    <a itemprop=\"item\" href=\"https:\/\/suresms.com\/en\/\">\r\n                    \r\n                                                    <i class=\"fa fa-home\" aria-hidden=\"true\"><\/i>Home                    <\/a>\r\n                <\/span>\r\n                <meta itemprop=\"position\" content=\"1\" \/><!-- Meta Position-->\r\n             <\/li><li><span class=\"fbc-separator\">\/<\/span><\/li><li class=\"active\" itemprop=\"itemListElement\" itemscope itemtype=\"https:\/\/schema.org\/ListItem\"><span itemprop=\"name\" title=\"Messaging\">Messaging<\/span><meta itemprop=\"position\" content=\"2\" \/><\/li>\t\t\t\t\t<\/ol>\r\n\t\t\t\t\t<div class=\"clearfix\"><\/div>\r\n\t\t\t\t<\/div>\r\n\t\t\t<\/div>\r\n\t\t\t\n<h1>\n\t\tMessaging\n\t<\/h1>\n\t<p>Below you will find a description of sending messages and how to read and use the inbox and outbox.<\/p>\n\t<a href=\"https:\/\/suresms.com\/en\/docs\/account-3\/station-name-3\/\" target=\"_self\" aria-label=\"Go to https:\/\/www.suresms.com\/dk\/docs\/message\/newmessage\/\" rel=\"noopener\"><\/a>\n\t\t<h3>New message<\/h3>\t\t\t\n\t\t\t\t<p>Read about the screenshot <em>New message<\/em><\/p>\n\t\t<h3>Inbox<\/h3>\t\t\t\n\t\t\t\t<p>What options do you have in the inbox.<\/p>\n\t<a href=\"https:\/\/suresms.com\/en\/docs\/account-3\/station-name-4\/\" target=\"_self\" aria-label=\"Go to https:\/\/www.suresms.com\/dk\/docs\/message\/outbox\/\" rel=\"noopener\"><\/a>\n\t\t<h3>Outbox<\/h3>\t\t\t\n\t\t\t\t<p>What options do you have in the outbox<\/p>\n\t\t<h3>Emergency SMS<\/h3>\t\t\t\n\t\t\t\t<p>If you have the Emergency SMS module, you can read how to use it here.\u00a0<\/p>\n\t\t<h3>Automatic messages<\/h3>\t\t\t\n\t\t\t\t<p>Here you can read about SMS flows, scheduled and automatic messages.\u00a0<\/p>","protected":false},"excerpt":{"rendered":"<p>Messages Below you will find a description of sending messages and how to read and use the inbox and outbox. New message Read about the New message screen Inbox What options do you have in the inbox. Outbox What options do you have in the Outbox Emergency SMS If you have the Emergency SMS module, you can read how to use it here.  Automatic messages ... <a title=\"Messaging\" class=\"read-more\" href=\"https:\/\/suresms.com\/en\/docs\/message\/\" aria-label=\"Read more about Messages\">Read more<\/a><\/p>","protected":false},"author":1,"featured_media":0,"parent":18121,"menu_order":0,"comment_status":"closed","ping_status":"closed","template":"","meta":{"_fl_builder_enabled":"1","_fl_builder_data":null,"_fl_builder_draft":null,"_fl_builder_data_settings":null,"_fl_builder_css":"","_fl_builder_css_version":"","_fl_builder_js":"","footnotes":""},"categories":[],"tags":[],"class_list":["post-18168","page","type-page","status-publish"],"yoast_head":"<!-- This site is optimized with the Yoast SEO Premium plugin v27.3 (Yoast SEO v27.3) - https:\/\/yoast.com\/product\/yoast-seo-premium-wordpress\/ -->\r\n<title>Beskeder -<\/title>\r\n<meta name=\"robots\" content=\"index, follow, max-snippet:-1, max-image-preview:large, max-video-preview:-1\" \/>\r\n<link rel=\"canonical\" href=\"https:\/\/suresms.com\/en\/docs\/account-3\/\" \/>\r\n<meta property=\"og:locale\" content=\"en_US\" \/>\r\n<meta property=\"og:type\" content=\"article\" \/>\r\n<meta property=\"og:title\" content=\"Beskeder\" \/>\r\n<meta property=\"og:description\" content=\"Beskeder Herunder finder du beskrivelse af afsendelse af beskeder og hvordan du kan l\u00e6se og bruge indbakken og udbakken. Ny besked L\u00e6s om sk\u00e6rmbilledet Ny besked Indbakken Hvilke muligheder har man i indbakken. Udbakken Hvilke muligheder har man i udbakken Beredskabs-SMS Hvis du har modulet Beredskabs-SMS kan du her l\u00e6se hvordan det bruges.\u00a0 Automatiske beskeder ... Read more\" \/>\r\n<meta property=\"og:url\" content=\"https:\/\/suresms.com\/en\/docs\/account-3\/\" \/>\r\n<meta property=\"article:publisher\" content=\"https:\/\/www.facebook.com\/p\/SureSMS-100044607956149\/\" \/>\r\n<meta name=\"twitter:card\" content=\"summary_large_image\" \/>\r\n<meta name=\"twitter:label1\" content=\"Est. reading time\" \/>\n\t<meta name=\"twitter:data1\" content=\"1 minute\" \/>\r\n<script type=\"application\/ld+json\" class=\"yoast-schema-graph\">{\"@context\":\"https:\\\/\\\/schema.org\",\"@graph\":[{\"@type\":\"WebPage\",\"@id\":\"https:\\\/\\\/suresms.com\\\/dk\\\/docs\\\/message\\\/\",\"url\":\"https:\\\/\\\/suresms.com\\\/dk\\\/docs\\\/message\\\/\",\"name\":\"Beskeder -\",\"isPartOf\":{\"@id\":\"https:\\\/\\\/suresms.com\\\/en\\\/#website\"},\"datePublished\":\"2024-07-08T13:38:19+00:00\",\"breadcrumb\":{\"@id\":\"https:\\\/\\\/suresms.com\\\/dk\\\/docs\\\/message\\\/#breadcrumb\"},\"inLanguage\":\"en-US\",\"potentialAction\":[{\"@type\":\"ReadAction\",\"target\":[\"https:\\\/\\\/suresms.com\\\/dk\\\/docs\\\/message\\\/\"]}]},{\"@type\":\"BreadcrumbList\",\"@id\":\"https:\\\/\\\/suresms.com\\\/dk\\\/docs\\\/message\\\/#breadcrumb\",\"itemListElement\":[{\"@type\":\"ListItem\",\"position\":1,\"name\":\"Home\",\"item\":\"https:\\\/\\\/suresms.com\\\/dk\\\/\"},{\"@type\":\"ListItem\",\"position\":2,\"name\":\"Dokumentation\",\"item\":\"https:\\\/\\\/suresms.com\\\/dk\\\/docs\\\/\"},{\"@type\":\"ListItem\",\"position\":3,\"name\":\"Beskeder\"}]},{\"@type\":\"WebSite\",\"@id\":\"https:\\\/\\\/suresms.com\\\/en\\\/#website\",\"url\":\"https:\\\/\\\/suresms.com\\\/en\\\/\",\"name\":\"SureSMS\",\"description\":\"Professionel SMS Gateway\",\"publisher\":{\"@id\":\"https:\\\/\\\/suresms.com\\\/en\\\/#organization\"},\"potentialAction\":[{\"@type\":\"SearchAction\",\"target\":{\"@type\":\"EntryPoint\",\"urlTemplate\":\"https:\\\/\\\/suresms.com\\\/en\\\/?s={search_term_string}\"},\"query-input\":{\"@type\":\"PropertyValueSpecification\",\"valueRequired\":true,\"valueName\":\"search_term_string\"}}],\"inLanguage\":\"en-US\"},{\"@type\":\"Organization\",\"@id\":\"https:\\\/\\\/suresms.com\\\/en\\\/#organization\",\"name\":\"SureSMS\",\"url\":\"https:\\\/\\\/suresms.com\\\/en\\\/\",\"logo\":{\"@type\":\"ImageObject\",\"inLanguage\":\"en-US\",\"@id\":\"https:\\\/\\\/suresms.com\\\/en\\\/#\\\/schema\\\/logo\\\/image\\\/\",\"url\":\"https:\\\/\\\/suresms.com\\\/wp-content\\\/uploads\\\/2024\\\/11\\\/suresms-300x65-1.png\",\"contentUrl\":\"https:\\\/\\\/suresms.com\\\/wp-content\\\/uploads\\\/2024\\\/11\\\/suresms-300x65-1.png\",\"width\":300,\"height\":65,\"caption\":\"SureSMS\"},\"image\":{\"@id\":\"https:\\\/\\\/suresms.com\\\/en\\\/#\\\/schema\\\/logo\\\/image\\\/\"},\"sameAs\":[\"https:\\\/\\\/www.facebook.com\\\/p\\\/SureSMS-100044607956149\\\/\"]}]}<\/script>\r\n<!-- \/ Yoast SEO Premium plugin. -->","yoast_head_json":{"title":"Messaging","robots":{"index":"index","follow":"follow","max-snippet":"max-snippet:-1","max-image-preview":"max-image-preview:large","max-video-preview":"max-video-preview:-1"},"canonical":"https:\/\/suresms.com\/en\/docs\/account-3\/","og_locale":"en_US","og_type":"article","og_title":"Beskeder","og_description":"Beskeder Herunder finder du beskrivelse af afsendelse af beskeder og hvordan du kan l\u00e6se og bruge indbakken og udbakken. Ny besked L\u00e6s om sk\u00e6rmbilledet Ny besked Indbakken Hvilke muligheder har man i indbakken. Udbakken Hvilke muligheder har man i udbakken Beredskabs-SMS Hvis du har modulet Beredskabs-SMS kan du her l\u00e6se hvordan det bruges.\u00a0 Automatiske beskeder ... Read more","og_url":"https:\/\/suresms.com\/en\/docs\/account-3\/","article_publisher":"https:\/\/www.facebook.com\/p\/SureSMS-100044607956149\/","twitter_card":"summary_large_image","twitter_misc":{"Est. reading time":"1 minute"},"schema":{"@context":"https:\/\/schema.org","@graph":[{"@type":"WebPage","@id":"https:\/\/suresms.com\/dk\/docs\/message\/","url":"https:\/\/suresms.com\/dk\/docs\/message\/","name":"Messaging","isPartOf":{"@id":"https:\/\/suresms.com\/en\/#website"},"datePublished":"2024-07-08T13:38:19+00:00","breadcrumb":{"@id":"https:\/\/suresms.com\/dk\/docs\/message\/#breadcrumb"},"inLanguage":"en-US","potentialAction":[{"@type":"ReadAction","target":["https:\/\/suresms.com\/dk\/docs\/message\/"]}]},{"@type":"BreadcrumbList","@id":"https:\/\/suresms.com\/dk\/docs\/message\/#breadcrumb","itemListElement":[{"@type":"ListItem","position":1,"name":"Home","item":"https:\/\/suresms.com\/dk\/"},{"@type":"ListItem","position":2,"name":"Dokumentation","item":"https:\/\/suresms.com\/dk\/docs\/"},{"@type":"ListItem","position":3,"name":"Beskeder"}]},{"@type":"WebSite","@id":"https:\/\/suresms.com\/en\/#website","url":"https:\/\/suresms.com\/en\/","name":"SureSMS","description":"Professional SMS Gateway","publisher":{"@id":"https:\/\/suresms.com\/en\/#organization"},"potentialAction":[{"@type":"SearchAction","target":{"@type":"EntryPoint","urlTemplate":"https:\/\/suresms.com\/en\/?s={search_term_string}"},"query-input":{"@type":"PropertyValueSpecification","valueRequired":true,"valueName":"search_term_string"}}],"inLanguage":"en-US"},{"@type":"Organization","@id":"https:\/\/suresms.com\/en\/#organization","name":"SureSMS","url":"https:\/\/suresms.com\/en\/","logo":{"@type":"ImageObject","inLanguage":"en-US","@id":"https:\/\/suresms.com\/en\/#\/schema\/logo\/image\/","url":"https:\/\/suresms.com\/wp-content\/uploads\/2024\/11\/suresms-300x65-1.png","contentUrl":"https:\/\/suresms.com\/wp-content\/uploads\/2024\/11\/suresms-300x65-1.png","width":300,"height":65,"caption":"SureSMS"},"image":{"@id":"https:\/\/suresms.com\/en\/#\/schema\/logo\/image\/"},"sameAs":["https:\/\/www.facebook.com\/p\/SureSMS-100044607956149\/"]}]}},"_links":{"self":[{"href":"https:\/\/suresms.com\/en\/wp-json\/wp\/v2\/pages\/18168","targetHints":{"allow":["GET"]}}],"collection":[{"href":"https:\/\/suresms.com\/en\/wp-json\/wp\/v2\/pages"}],"about":[{"href":"https:\/\/suresms.com\/en\/wp-json\/wp\/v2\/types\/page"}],"author":[{"embeddable":true,"href":"https:\/\/suresms.com\/en\/wp-json\/wp\/v2\/users\/1"}],"replies":[{"embeddable":true,"href":"https:\/\/suresms.com\/en\/wp-json\/wp\/v2\/comments?post=18168"}],"version-history":[{"count":0,"href":"https:\/\/suresms.com\/en\/wp-json\/wp\/v2\/pages\/18168\/revisions"}],"up":[{"embeddable":true,"href":"https:\/\/suresms.com\/en\/wp-json\/wp\/v2\/pages\/18121"}],"wp:attachment":[{"href":"https:\/\/suresms.com\/en\/wp-json\/wp\/v2\/media?parent=18168"}],"wp:term":[{"taxonomy":"category","embeddable":true,"href":"https:\/\/suresms.com\/en\/wp-json\/wp\/v2\/categories?post=18168"},{"taxonomy":"post_tag","embeddable":true,"href":"https:\/\/suresms.com\/en\/wp-json\/wp\/v2\/tags?post=18168"}],"curies":[{"name":"wp","href":"https:\/\/api.w.org\/{rel}","templated":true}]}}