{"id":18121,"date":"2024-07-04T14:34:42","date_gmt":"2024-07-04T12:34:42","guid":{"rendered":"https:\/\/www.suresms.com\/dk\/?page_id=18121"},"modified":"2025-11-11T10:39:49","modified_gmt":"2025-11-11T10:39:49","slug":"docs","status":"publish","type":"page","link":"https:\/\/suresms.com\/en\/docs\/","title":{"rendered":"Documentation"},"content":{"rendered":"<h1>\n\t\t\tHow to use the SureSMS application\t<\/h1>\n\t<p>Below you will find descriptions of the different functions in the menu. You will also find a section with guides on how to set up more complex solutions.<\/p>\n\t<a href=\"https:\/\/suresms.com\/en\/docs\/account-3\/\" target=\"_self\"  aria-label=\"Go to https:\/\/suresms.com\/dk\/docs\/message\/\"><\/a>\n\t\t<h3>Messaging<\/h3>\t\t\t\n\t\t\t\t<p>Read how to send a new message. Where you see your sent and received messages.\u00a0<\/p>\n\t<a href=\"https:\/\/suresms.com\/en\/docs\/account-4\/\" target=\"_self\"  aria-label=\"Go to https:\/\/suresms.com\/dk\/docs\/addressbook\/\"><\/a>\n\t\t<h3>Address book<\/h3>\t\t\t\n\t\t\t\t<p>Read about contacts and importing contacts. Read about groups and how to organize your contacts into groups.\u00a0<\/p>\n\t<a href=\"https:\/\/suresms.com\/en\/docs\/account-5\/\" target=\"_self\"  aria-label=\"Go to https:\/\/suresms.com\/dk\/docs\/report\/\"><\/a>\n\t\t<h3>Reports<\/h3>\t\t\t\n\t\t\t\t<p>Read about the reports you can pull out of the system. Exporting reports.<\/p>\n\t<a href=\"https:\/\/suresms.com\/en\/docs\/account-6\/\" target=\"_self\"  aria-label=\"Go to https:\/\/suresms.com\/dk\/docs\/troubleshooting\/\"><\/a>\n\t\t<h3>Troubleshooting<\/h3>\t\t\t\n\t\t\t\t<p>If you experience errors in the systems, here are a number of guides to find and correct errors.<\/p>\n\t<a href=\"https:\/\/suresms.com\/en\/docs\/finance\/\" target=\"_self\"  aria-label=\"Go to https:\/\/suresms.com\/dk\/docs\/finance\/\"><\/a>\n\t\t<h3>Economy<\/h3>\t\t\t\n\t\t\t\t<p>Read about how to view your usage, download your invoices and order a bank statement.\u00a0<\/p>\n\t\t<h3>Integrations<\/h3>\t\t\t\n\t\t\t\t<p>Learn how to set up integrations with other systems.\u00a0<\/p>\n\t<a href=\"https:\/\/suresms.com\/en\/docs\/account\/\" target=\"_self\"  aria-label=\"Go to https:\/\/suresms.com\/dk\/docs\/account\/\"><\/a>\n\t\t<h3>Account<\/h3>\t\t\t\n\t\t\t\t<p>Read about how to set up your account and what settings you can make.<\/p>\n<h1>\n\t\t\tSetup guides\t<\/h1>\n\t<p>Below you will find instructions on how to set up SureSMS to do different things.<\/p>\n\t<a href=\"https:\/\/suresms.com\/en\/docs\/guides\/some_boxes_and_codes\/\" target=\"_self\"  aria-label=\"Go to https:\/\/suresms.com\/dk\/docs\/guides\/noglebokse_og_koder\/\"><\/a>\n\t\t<h3>Key boxes and codes<\/h3>\t\t\t\n\t\t\t\t<p>You can set up SureSMS to send an SMS with a code to a key box or padlock. This way you can see who has gained access and when.\u00a0<\/p>\n\t<a href=\"https:\/\/suresms.com\/en\/docs\/guides\/sms-2-sms-setup\/\" target=\"_self\"  aria-label=\"Go to https:\/\/suresms.com\/dk\/docs\/guides\/sms-2-sms-opstning\/\"><\/a>\n\t\t<h3>SMS-2-SMS setup<\/h3>\t\t\t\n\t\t\t\t<p>If you want to set up SureSMS so that you can send an SMS to SureSMS that is sent out to an entire list of contacts, here is a guide to setting it up.\u00a0<\/p>\n\t<a href=\"https:\/\/suresms.com\/en\/docs\/guides\/get-signups-to-your-sms-list\/\" target=\"_self\"  aria-label=\"Go to https:\/\/suresms.com\/dk\/docs\/guides\/faa-tilmeldinger-til-din-sms-liste\/\"><\/a>\n\t\t<h3>Get signups to your SMS list<\/h3>\t\t\t\n\t\t\t\t<p>Description of how a person can sign up for your SMS list themselves. By sending an SMS, with QR code or filling out a form.\u00a0<\/p>","protected":false},"excerpt":{"rendered":"<p>How to use the SureSMS application Below you will find descriptions of the different functions in the menu. You will also find a section with guides on how to set up more complex solutions. Messages Read how to send a new message. Where you see your sent and received messages.  Address book Read about contacts and importing ... <a title=\"Documentation\" class=\"read-more\" href=\"https:\/\/suresms.com\/en\/docs\/\" aria-label=\"Read more about Documentation\">Read more<\/a><\/p>","protected":false},"author":1,"featured_media":0,"parent":0,"menu_order":0,"comment_status":"closed","ping_status":"closed","template":"","meta":{"_fl_builder_enabled":"1","_fl_builder_data":null,"_fl_builder_draft":null,"_fl_builder_data_settings":null,"_fl_builder_css":"","_fl_builder_css_version":"","_fl_builder_js":"","footnotes":""},"categories":[17],"tags":[],"class_list":{"0":"post-18121","1":"page","2":"type-page","3":"status-publish","5":"category-linkfracornorstone"},"yoast_head":"<!-- This site is optimized with the Yoast SEO Premium plugin v27.3 (Yoast SEO v27.3) - https:\/\/yoast.com\/product\/yoast-seo-premium-wordpress\/ -->\r\n<title>Dokumentation -<\/title>\r\n<meta name=\"robots\" content=\"index, follow, max-snippet:-1, max-image-preview:large, max-video-preview:-1\" \/>\r\n<link rel=\"canonical\" href=\"https:\/\/suresms.com\/en\/docs\/\" \/>\r\n<meta property=\"og:locale\" content=\"en_US\" \/>\r\n<meta property=\"og:type\" content=\"article\" \/>\r\n<meta property=\"og:title\" content=\"Dokumentation\" \/>\r\n<meta property=\"og:description\" content=\"S\u00e5dan bruger du SureSMS applikationen Herunder finder du beskrivelse af de forskellige funktioner i menuen. Du finder ligeledes en sektion med guides der fort\u00e6ller hvordan man laver ops\u00e6tning af mere komplekse l\u00f8sninger. Beskeder L\u00e6s hvordan du sender en ny besked. Hvor du ser dine afsendte og modtaget beskeder.\u00a0 Adressebog L\u00e6s om kontakter og import af ... Read more\" \/>\r\n<meta property=\"og:url\" content=\"https:\/\/suresms.com\/en\/docs\/\" \/>\r\n<meta property=\"article:publisher\" content=\"https:\/\/www.facebook.com\/p\/SureSMS-100044607956149\/\" \/>\r\n<meta property=\"article:modified_time\" content=\"2025-11-11T10:39:49+00:00\" \/>\r\n<meta name=\"twitter:card\" content=\"summary_large_image\" \/>\r\n<meta name=\"twitter:label1\" content=\"Est. reading time\" \/>\n\t<meta name=\"twitter:data1\" content=\"1 minute\" \/>\r\n<script type=\"application\/ld+json\" class=\"yoast-schema-graph\">{\"@context\":\"https:\\\/\\\/schema.org\",\"@graph\":[{\"@type\":\"WebPage\",\"@id\":\"https:\\\/\\\/suresms.com\\\/dk\\\/docs\\\/\",\"url\":\"https:\\\/\\\/suresms.com\\\/dk\\\/docs\\\/\",\"name\":\"Dokumentation -\",\"isPartOf\":{\"@id\":\"https:\\\/\\\/suresms.com\\\/en\\\/#website\"},\"datePublished\":\"2024-07-04T12:34:42+00:00\",\"dateModified\":\"2025-11-11T10:39:49+00:00\",\"breadcrumb\":{\"@id\":\"https:\\\/\\\/suresms.com\\\/dk\\\/docs\\\/#breadcrumb\"},\"inLanguage\":\"en-US\",\"potentialAction\":[{\"@type\":\"ReadAction\",\"target\":[\"https:\\\/\\\/suresms.com\\\/dk\\\/docs\\\/\"]}]},{\"@type\":\"BreadcrumbList\",\"@id\":\"https:\\\/\\\/suresms.com\\\/dk\\\/docs\\\/#breadcrumb\",\"itemListElement\":[{\"@type\":\"ListItem\",\"position\":1,\"name\":\"Home\",\"item\":\"https:\\\/\\\/suresms.com\\\/dk\\\/\"},{\"@type\":\"ListItem\",\"position\":2,\"name\":\"Dokumentation\"}]},{\"@type\":\"WebSite\",\"@id\":\"https:\\\/\\\/suresms.com\\\/en\\\/#website\",\"url\":\"https:\\\/\\\/suresms.com\\\/en\\\/\",\"name\":\"SureSMS\",\"description\":\"Professionel SMS Gateway\",\"publisher\":{\"@id\":\"https:\\\/\\\/suresms.com\\\/en\\\/#organization\"},\"potentialAction\":[{\"@type\":\"SearchAction\",\"target\":{\"@type\":\"EntryPoint\",\"urlTemplate\":\"https:\\\/\\\/suresms.com\\\/en\\\/?s={search_term_string}\"},\"query-input\":{\"@type\":\"PropertyValueSpecification\",\"valueRequired\":true,\"valueName\":\"search_term_string\"}}],\"inLanguage\":\"en-US\"},{\"@type\":\"Organization\",\"@id\":\"https:\\\/\\\/suresms.com\\\/en\\\/#organization\",\"name\":\"SureSMS\",\"url\":\"https:\\\/\\\/suresms.com\\\/en\\\/\",\"logo\":{\"@type\":\"ImageObject\",\"inLanguage\":\"en-US\",\"@id\":\"https:\\\/\\\/suresms.com\\\/en\\\/#\\\/schema\\\/logo\\\/image\\\/\",\"url\":\"https:\\\/\\\/suresms.com\\\/wp-content\\\/uploads\\\/2024\\\/11\\\/suresms-300x65-1.png\",\"contentUrl\":\"https:\\\/\\\/suresms.com\\\/wp-content\\\/uploads\\\/2024\\\/11\\\/suresms-300x65-1.png\",\"width\":300,\"height\":65,\"caption\":\"SureSMS\"},\"image\":{\"@id\":\"https:\\\/\\\/suresms.com\\\/en\\\/#\\\/schema\\\/logo\\\/image\\\/\"},\"sameAs\":[\"https:\\\/\\\/www.facebook.com\\\/p\\\/SureSMS-100044607956149\\\/\"]}]}<\/script>\r\n<!-- \/ Yoast SEO Premium plugin. -->","yoast_head_json":{"title":"Documentation","robots":{"index":"index","follow":"follow","max-snippet":"max-snippet:-1","max-image-preview":"max-image-preview:large","max-video-preview":"max-video-preview:-1"},"canonical":"https:\/\/suresms.com\/en\/docs\/","og_locale":"en_US","og_type":"article","og_title":"Dokumentation","og_description":"S\u00e5dan bruger du SureSMS applikationen Herunder finder du beskrivelse af de forskellige funktioner i menuen. Du finder ligeledes en sektion med guides der fort\u00e6ller hvordan man laver ops\u00e6tning af mere komplekse l\u00f8sninger. Beskeder L\u00e6s hvordan du sender en ny besked. Hvor du ser dine afsendte og modtaget beskeder.\u00a0 Adressebog L\u00e6s om kontakter og import af ... Read more","og_url":"https:\/\/suresms.com\/en\/docs\/","article_publisher":"https:\/\/www.facebook.com\/p\/SureSMS-100044607956149\/","article_modified_time":"2025-11-11T10:39:49+00:00","twitter_card":"summary_large_image","twitter_misc":{"Est. reading time":"1 minute"},"schema":{"@context":"https:\/\/schema.org","@graph":[{"@type":"WebPage","@id":"https:\/\/suresms.com\/dk\/docs\/","url":"https:\/\/suresms.com\/dk\/docs\/","name":"Documentation","isPartOf":{"@id":"https:\/\/suresms.com\/en\/#website"},"datePublished":"2024-07-04T12:34:42+00:00","dateModified":"2025-11-11T10:39:49+00:00","breadcrumb":{"@id":"https:\/\/suresms.com\/dk\/docs\/#breadcrumb"},"inLanguage":"en-US","potentialAction":[{"@type":"ReadAction","target":["https:\/\/suresms.com\/dk\/docs\/"]}]},{"@type":"BreadcrumbList","@id":"https:\/\/suresms.com\/dk\/docs\/#breadcrumb","itemListElement":[{"@type":"ListItem","position":1,"name":"Home","item":"https:\/\/suresms.com\/dk\/"},{"@type":"ListItem","position":2,"name":"Dokumentation"}]},{"@type":"WebSite","@id":"https:\/\/suresms.com\/en\/#website","url":"https:\/\/suresms.com\/en\/","name":"SureSMS","description":"Professional SMS Gateway","publisher":{"@id":"https:\/\/suresms.com\/en\/#organization"},"potentialAction":[{"@type":"SearchAction","target":{"@type":"EntryPoint","urlTemplate":"https:\/\/suresms.com\/en\/?s={search_term_string}"},"query-input":{"@type":"PropertyValueSpecification","valueRequired":true,"valueName":"search_term_string"}}],"inLanguage":"en-US"},{"@type":"Organization","@id":"https:\/\/suresms.com\/en\/#organization","name":"SureSMS","url":"https:\/\/suresms.com\/en\/","logo":{"@type":"ImageObject","inLanguage":"en-US","@id":"https:\/\/suresms.com\/en\/#\/schema\/logo\/image\/","url":"https:\/\/suresms.com\/wp-content\/uploads\/2024\/11\/suresms-300x65-1.png","contentUrl":"https:\/\/suresms.com\/wp-content\/uploads\/2024\/11\/suresms-300x65-1.png","width":300,"height":65,"caption":"SureSMS"},"image":{"@id":"https:\/\/suresms.com\/en\/#\/schema\/logo\/image\/"},"sameAs":["https:\/\/www.facebook.com\/p\/SureSMS-100044607956149\/"]}]}},"_links":{"self":[{"href":"https:\/\/suresms.com\/en\/wp-json\/wp\/v2\/pages\/18121","targetHints":{"allow":["GET"]}}],"collection":[{"href":"https:\/\/suresms.com\/en\/wp-json\/wp\/v2\/pages"}],"about":[{"href":"https:\/\/suresms.com\/en\/wp-json\/wp\/v2\/types\/page"}],"author":[{"embeddable":true,"href":"https:\/\/suresms.com\/en\/wp-json\/wp\/v2\/users\/1"}],"replies":[{"embeddable":true,"href":"https:\/\/suresms.com\/en\/wp-json\/wp\/v2\/comments?post=18121"}],"version-history":[{"count":9,"href":"https:\/\/suresms.com\/en\/wp-json\/wp\/v2\/pages\/18121\/revisions"}],"predecessor-version":[{"id":23537,"href":"https:\/\/suresms.com\/en\/wp-json\/wp\/v2\/pages\/18121\/revisions\/23537"}],"wp:attachment":[{"href":"https:\/\/suresms.com\/en\/wp-json\/wp\/v2\/media?parent=18121"}],"wp:term":[{"taxonomy":"category","embeddable":true,"href":"https:\/\/suresms.com\/en\/wp-json\/wp\/v2\/categories?post=18121"},{"taxonomy":"post_tag","embeddable":true,"href":"https:\/\/suresms.com\/en\/wp-json\/wp\/v2\/tags?post=18121"}],"curies":[{"name":"wp","href":"https:\/\/api.w.org\/{rel}","templated":true}]}}