{"id":16816,"date":"2023-03-28T12:23:14","date_gmt":"2023-03-28T10:23:14","guid":{"rendered":"https:\/\/www.suresms.com\/dk\/?page_id=16816"},"modified":"2026-03-25T15:43:19","modified_gmt":"2026-03-25T15:43:19","slug":"klaviyo-sms","status":"publish","type":"page","link":"https:\/\/suresms.com\/en\/integrationer\/marketing-automation\/klaviyo-sms\/","title":{"rendered":"SMS integration for Klaviyo"},"content":{"rendered":"<!-- Flexy Breadcrumb -->\r\n\t\t\t<div class=\"fbc fbc-page\">\r\n\r\n\t\t\t\t<!-- Breadcrumb wrapper -->\r\n\t\t\t\t<div class=\"fbc-wrap\">\r\n\r\n\t\t\t\t\t<!-- Ordered list-->\r\n\t\t\t\t\t<ol class=\"fbc-items\" itemscope itemtype=\"https:\/\/schema.org\/BreadcrumbList\">\r\n\t\t\t\t\t\t            <li itemprop=\"itemListElement\" itemscope itemtype=\"https:\/\/schema.org\/ListItem\">\r\n                <span itemprop=\"name\">\r\n                    <!-- Home Link -->\r\n                    <a itemprop=\"item\" href=\"https:\/\/suresms.com\/en\/\">\r\n                    \r\n                                                    <i class=\"fa fa-home\" aria-hidden=\"true\"><\/i>Home                    <\/a>\r\n                <\/span>\r\n                <meta itemprop=\"position\" content=\"1\" \/><!-- Meta Position-->\r\n             <\/li><li><span class=\"fbc-separator\">\/<\/span><\/li><li class=\"active\" itemprop=\"itemListElement\" itemscope itemtype=\"https:\/\/schema.org\/ListItem\"><span itemprop=\"name\" title=\"SMS integration for Klaviyo\">SMS integration for Klaviyo<\/span><meta itemprop=\"position\" content=\"2\" \/><\/li>\t\t\t\t\t<\/ol>\r\n\t\t\t\t\t<div class=\"clearfix\"><\/div>\r\n\t\t\t\t<\/div>\r\n\t\t\t<\/div>\r\n\t\t\t\n<figure itemscope itemtype=\"https:\/\/schema.org\/ImageObject\">\n\t\t\t\t<img decoding=\"async\" src=\"https:\/\/suresms.com\/wp-content\/uploads\/2023\/03\/Klaviyo_SureSMS-1-1.png\" alt=\"Klaviyo SMS integration\" height=\"200\" width=\"980\" title=\"Klaviyo_SureSMS\" onerror=\"this.style.display='none'\" loading=\"lazy\" \/>\n\t<\/figure>\n\t<h1>Optimize email marketing in Klaviyo with SMS marketing<\/h1>\n\t<p>SMS marketing is an effective add-on to newsletters because it reaches readers multiple times - and in different ways. And since 90 % of all SMS messages are read within 3 minutes, upgrading with SMS marketing is particularly effective.<\/p>\n<p>Even if readers haven't given permission for SMS marketing, you can - under certain conditions - send SMSes about products that match previous purchases. If they have given permission, you have even more options. For example, you can use SMS remarketing or send SMSes as part of a welcome flow to new readers.<\/p>\n<p>SMS marketing in Klaviyo is particularly popular because Klaviyo is so well suited for online stores and it's easy to sell physical products through SMS. However, it requires a gateway to send SMS to Danish or European customers, and fortunately, you can set up SureSMS for this purpose in just an hour.<\/p>\n<h2>\n\t\t\tMany benefits with SureSMS\t<\/h2>\n\t<p>You can either integrate SureSMS directly into Klaviyo so you have it all together in the future, or you can synchronize Klaviyo and SureSMS so you work with the SMS part of your marketing in SureSMS. The latter provides several features that are not available in Klaviyo.<\/p>\n<p>For example, you can<\/p>\n<ul> \t\n<li>see open and click-through rates<\/li>\n\n<li>Attach files<\/li>\n\n<li>Include MobilePay link in messages because the message lands directly in the phone<\/li>\n<\/ul>\n<p>In addition, SureSMS is the only Danish SMS gateway that can shorten links so that the sender's shop name is included in the new URL. This results in a 35 % higher click-through rate due to the brand value.<\/p>\n<p>If you use Shopify or Idealshop, you can even see the actual benefit of a campaign because SureSMS shows both the pure sales figures - and the sales figures minus the payment for the SMS.<\/p>\n<p>Of course, SureSMS also has the usual features of the competing technologies:<\/p>\n<p>Possibility to<\/p>\n<ul> \t\n<li>The company name is listed as the sender<\/li>\n\n<li>Use emojis<\/li>\n\n<li>Automate when the SMS is sent out<\/li>\n<\/ul>\n<h2>\n\t\t\tRules and legislation\t<\/h2>\n\t<p>Of course, GDPR compliance is a must, and SureSMS is here to help. We've built in the legal option to unsubscribe from SMS marketing, making it ultra-easy for you to set it up.<\/p>\n<h2>\n\t\t\tPricing\t<\/h2>\n\t<p>Danish support is included in the prices below:<\/p>\nPrice per SMS in Denmark:<br \/>\n0-9,999 SMS per month: 28 \u00f6re<br \/>\n10,000 to 100,000 SMS per month: 25 pennies<br \/>\n100,001 and more SMSes per month: 22 pennies\n<p>You can see <a href=\"https:\/\/suresms.com\/en\/about-suresms\/prices-and-payment\/\">international prices here<\/a>.<\/p>\n\t\t<h2>How SMS works in Klaviyo<\/h2><p>When you choose to integrate SureSMS with your Klaviyo account, it can be done in two different ways:<br \/>1) You can send SMS messages directly from your Klaviyo account.<br \/>2) You can sync your contacts from Klaviyo to SureSMS or<\/p>\n\t\t<h3>Send SMS directly from Klaviyo flows<\/h3><p>It is possible to create your SMS integration between Klaviyo SMS and SureSMS so that you send your SMS directly from Klaviyo, but still via our SMS API. With this solution, you have all your reporting functions inside SureSMS, but you have to go into the Klaviyo system to see the result of your broadcast.<\/p>\n<p><strong>The advantages<\/strong> of this solution is that you only need to work on one platform. This solution is therefore good if you work a lot with SMS as part of your automation.<\/p>\n<p><strong>Disadvantages <\/strong>is that you lose some features that are not possible in Klaviyo. For example, this solution is not ideal if you work a lot with bulk sending - sending many SMS messages to many contacts at once. If you want to attach files or if you want to send MobilePay links directly in your messages.<\/p>\n\t\t<h3>Synchronizing contacts<\/h3><p>Synchronization of contacts is done from Klaviyo via the direct Klaviyo-&gt;SureSMS integration. This means that SureSMS periodically pulls new contacts from Klaviyo and places them in a group in SureSMS.<\/p>\n<p><strong>The advantages <\/strong>of this solution is that you expand your options with SMS communication. In SureSMS, there are a number of options that are not available in Klaviyo. For example, you can see data about open and click rates, and you have the option to send attachments. You also have the option to send MobilePay links in the messages.<\/p>\n<p><strong>Disadvantages<\/strong> The problem with this solution is, of course, that you have two different systems with the same list and therefore have to work on two different platforms. This can be annoying, but we rarely find that this is a problem for our customers.<\/p>\n\t<strong>Order setup guide<br \/>\n<\/strong>Get a detailed guide on how to set up with SureSMS\n\n<div class=\"wpcf7 no-js\" id=\"wpcf7-f13762-o1\" lang=\"en-GB\" dir=\"ltr\" data-wpcf7-id=\"13762\">\n<div class=\"screen-reader-response\"><p role=\"status\" aria-live=\"polite\" aria-atomic=\"true\"><\/p> <ul><\/ul><\/div>\n<form action=\"\/en\/wp-json\/wp\/v2\/pages\/16816#wpcf7-f13762-o1\" method=\"post\" class=\"wpcf7-form init\" aria-label=\"Contact form\" novalidate=\"novalidate\" data-status=\"init\" data-trp-original-action=\"\/en\/wp-json\/wp\/v2\/pages\/16816#wpcf7-f13762-o1\">\n<fieldset class=\"hidden-fields-container\"><input type=\"hidden\" name=\"_wpcf7\" value=\"13762\" \/><input type=\"hidden\" name=\"_wpcf7_version\" value=\"6.1.5\" \/><input type=\"hidden\" name=\"_wpcf7_locale\" value=\"en_GB\" \/><input type=\"hidden\" name=\"_wpcf7_unit_tag\" value=\"wpcf7-f13762-o1\" \/><input type=\"hidden\" name=\"_wpcf7_container_post\" value=\"0\" \/><input type=\"hidden\" name=\"_wpcf7_posted_data_hash\" value=\"\" \/>\n<\/fieldset>\n<p><label><span class=\"wpcf7-form-control-wrap\" data-name=\"your-name\"><input size=\"40\" maxlength=\"400\" class=\"wpcf7-form-control wpcf7-text wpcf7-validates-as-required wpctf7-my-custom-class\" aria-required=\"true\" aria-invalid=\"false\" placeholder=\"Your name\" value=\"\" type=\"text\" name=\"your-name\" \/><\/span><\/label>\n<\/p>\n<p><span class=\"wpcf7-form-control-wrap\" data-name=\"email\"><input size=\"40\" maxlength=\"400\" class=\"wpcf7-form-control wpcf7-email wpcf7-validates-as-required wpcf7-text wpcf7-validates-as-email wpctf7-my-custom-class\" aria-required=\"true\" aria-invalid=\"false\" placeholder=\"E-mail*\" value=\"\" type=\"email\" name=\"email\" \/><\/span>\n<\/p>\n<p><div class=\"cf7-cf-turnstile\" style=\"margin-top: 0px; margin-bottom: -15px;\"> <div id=\"cf-turnstile-cf7-1802413615\" class=\"cf-turnstile\" data-sitekey=\"0x4AAAAAAB8YGArd9ML-HbMW\" data-theme=\"light\" data-language=\"auto\" data-size=\"normal\" data-retry=\"auto\" data-retry-interval=\"1000\" data-refresh-expired=\"auto\" data-action=\"contact-form-7\" data-appearance=\"always\"><\/div> <script>document.addEventListener(\"DOMContentLoaded\", function() { setTimeout(function(){ var e=document.getElementById(\"cf-turnstile-cf7-1802413615\"); e&&!e.innerHTML.trim()&&(turnstile.remove(\"#cf-turnstile-cf7-1802413615\"), turnstile.render(\"#cf-turnstile-cf7-1802413615\", {sitekey:\"0x4AAAAAAB8YGArd9ML-HbMW\"})); }, 100); });<\/script> <br class=\"cf-turnstile-br cf-turnstile-br-cf7-1802413615\"> <style>#cf-turnstile-cf7-1802413615 { margin-left: -15px; }<\/style> <script>document.addEventListener(\"DOMContentLoaded\",function(){document.querySelectorAll('.wpcf7-form').forEach(function(e){e.addEventListener('submit',function(){if(document.getElementById('cf-turnstile-cf7-1802413615')){setTimeout(function(){turnstile.reset('#cf-turnstile-cf7-1802413615');},1000)}})})});<\/script> <\/div><br\/><input class=\"wpcf7-form-control wpcf7-submit has-spinner\" type=\"submit\" value=\"Order guidance\" \/>\n<\/p><div class=\"wpcf7-response-output\" aria-hidden=\"true\"><\/div>\n<input type=\"hidden\" name=\"trp-form-language\" value=\"en\"\/><\/form>\n<\/div>\n\n\t\t\t<a href=\"https:\/\/calendly.com\/gm--nzwp\/30min\"  target=\"_blank\" rel=\"noopener\">\n\t\t\t\t\t\t\tBook a demo\n\t\t\t\t\t<\/a>\n\t<p>with Glen<\/p>\n\t<p>Are you ready to try a Klaviyo integration. With a test account, it's free to try, free to set up and you get 50 free SMSes to start. Either choose to receive the detailed guide or book a meeting where we go through the setup.<\/p>\n\t<p><strong>Order setup guide<br \/><\/strong>Get detailed instructions on how to set up Klaviyo with SureSMS<\/p>\n\n<div class=\"wpcf7 no-js\" id=\"wpcf7-f13762-o2\" lang=\"en-GB\" dir=\"ltr\" data-wpcf7-id=\"13762\">\n<div class=\"screen-reader-response\"><p role=\"status\" aria-live=\"polite\" aria-atomic=\"true\"><\/p> <ul><\/ul><\/div>\n<form action=\"\/en\/wp-json\/wp\/v2\/pages\/16816#wpcf7-f13762-o2\" method=\"post\" class=\"wpcf7-form init\" aria-label=\"Contact form\" novalidate=\"novalidate\" data-status=\"init\" data-trp-original-action=\"\/en\/wp-json\/wp\/v2\/pages\/16816#wpcf7-f13762-o2\">\n<fieldset class=\"hidden-fields-container\"><input type=\"hidden\" name=\"_wpcf7\" value=\"13762\" \/><input type=\"hidden\" name=\"_wpcf7_version\" value=\"6.1.5\" \/><input type=\"hidden\" name=\"_wpcf7_locale\" value=\"en_GB\" \/><input type=\"hidden\" name=\"_wpcf7_unit_tag\" value=\"wpcf7-f13762-o2\" \/><input type=\"hidden\" name=\"_wpcf7_container_post\" value=\"0\" \/><input type=\"hidden\" name=\"_wpcf7_posted_data_hash\" value=\"\" \/>\n<\/fieldset>\n<p><label><span class=\"wpcf7-form-control-wrap\" data-name=\"your-name\"><input size=\"40\" maxlength=\"400\" class=\"wpcf7-form-control wpcf7-text wpcf7-validates-as-required wpctf7-my-custom-class\" aria-required=\"true\" aria-invalid=\"false\" placeholder=\"Your name\" value=\"\" type=\"text\" name=\"your-name\" \/><\/span><\/label>\n<\/p>\n<p><span class=\"wpcf7-form-control-wrap\" data-name=\"email\"><input size=\"40\" maxlength=\"400\" class=\"wpcf7-form-control wpcf7-email wpcf7-validates-as-required wpcf7-text wpcf7-validates-as-email wpctf7-my-custom-class\" aria-required=\"true\" aria-invalid=\"false\" placeholder=\"E-mail*\" value=\"\" type=\"email\" name=\"email\" \/><\/span>\n<\/p>\n<p><div class=\"cf7-cf-turnstile\" style=\"margin-top: 0px; margin-bottom: -15px;\"> <div id=\"cf-turnstile-cf7-526842992\" class=\"cf-turnstile\" data-sitekey=\"0x4AAAAAAB8YGArd9ML-HbMW\" data-theme=\"light\" data-language=\"auto\" data-size=\"normal\" data-retry=\"auto\" data-retry-interval=\"1000\" data-refresh-expired=\"auto\" data-action=\"contact-form-7\" data-appearance=\"always\"><\/div> <script>document.addEventListener(\"DOMContentLoaded\", function() { setTimeout(function(){ var e=document.getElementById(\"cf-turnstile-cf7-526842992\"); e&&!e.innerHTML.trim()&&(turnstile.remove(\"#cf-turnstile-cf7-526842992\"), turnstile.render(\"#cf-turnstile-cf7-526842992\", {sitekey:\"0x4AAAAAAB8YGArd9ML-HbMW\"})); }, 100); });<\/script> <br class=\"cf-turnstile-br cf-turnstile-br-cf7-526842992\"> <style>#cf-turnstile-cf7-526842992 { margin-left: -15px; }<\/style> <script>document.addEventListener(\"DOMContentLoaded\",function(){document.querySelectorAll('.wpcf7-form').forEach(function(e){e.addEventListener('submit',function(){if(document.getElementById('cf-turnstile-cf7-526842992')){setTimeout(function(){turnstile.reset('#cf-turnstile-cf7-526842992');},1000)}})})});<\/script> <\/div><br\/><input class=\"wpcf7-form-control wpcf7-submit has-spinner\" type=\"submit\" value=\"Order guidance\" \/>\n<\/p><div class=\"wpcf7-response-output\" aria-hidden=\"true\"><\/div>\n<input type=\"hidden\" name=\"trp-form-language\" value=\"en\"\/><\/form>\n<\/div>\n\n<figure itemscope itemtype=\"https:\/\/schema.org\/ImageObject\">\n\t\t\t\t<img decoding=\"async\" src=\"https:\/\/suresms.com\/wp-content\/uploads\/2024\/09\/Glen100x118.png\" alt=\"Glen100x118\" title=\"Glen100x118\" onerror=\"this.style.display='none'\" loading=\"lazy\" \/>\n\t<\/figure>\n\t\t\t<a href=\"https:\/\/calendly.com\/gm--nzwp\/30min\"  target=\"_self\">\n\t\t\t\t\t\t\tBook a demo\n\t\t\t\t\t<\/a>\n\t<p>with Glen<\/p>","protected":false},"excerpt":{"rendered":"<p>Optimize email marketing in Klaviyo with SMS marketing SMS marketing is an effective add-on to newsletters because readers are reached multiple times - and in different ways. And since 90 % of all SMS messages are read within 3 minutes, upgrading with SMS marketing is particularly effective. Even if readers haven't given permission for SMS marketing, you can... <a title=\"SMS integration for Klaviyo\" class=\"read-more\" href=\"https:\/\/suresms.com\/en\/integrationer\/marketing-automation\/klaviyo-sms\/\" aria-label=\"Read more about SMS integration for Klaviyo\">Read more<\/a><\/p>","protected":false},"author":1,"featured_media":0,"parent":13367,"menu_order":1,"comment_status":"closed","ping_status":"closed","template":"","meta":{"_fl_builder_enabled":"1","_fl_builder_data":null,"_fl_builder_draft":null,"_fl_builder_data_settings":null,"_fl_builder_css":"","_fl_builder_css_version":"","_fl_builder_js":"","footnotes":""},"categories":[],"tags":[],"class_list":["post-16816","page","type-page","status-publish"],"yoast_head":"<!-- This site is optimized with the Yoast SEO Premium plugin v27.3 (Yoast SEO v27.3) - https:\/\/yoast.com\/product\/yoast-seo-premium-wordpress\/ -->\r\n<title>Klaviyo SMS l\u00f8sning til danske og nordiske kunder<\/title>\r\n<meta name=\"description\" content=\"Integrer SMS i Klaviyo i dag, og kom i gang med at skabe v\u00e6rdifulde automations og kampagner! En \u00e5bningsrate p\u00e5 98 %.\" \/>\r\n<meta name=\"robots\" content=\"index, follow, max-snippet:-1, max-image-preview:large, max-video-preview:-1\" \/>\r\n<link rel=\"canonical\" href=\"https:\/\/suresms.com\/en\/integrations\/marketing-automation\/klaviyo-sms\/\" \/>\r\n<meta property=\"og:locale\" content=\"en_US\" \/>\r\n<meta property=\"og:type\" content=\"article\" \/>\r\n<meta property=\"og:title\" content=\"SMS integration til Klaviyo\" \/>\r\n<meta property=\"og:description\" content=\"Integrer SMS i Klaviyo i dag, og kom i gang med at skabe v\u00e6rdifulde automations og kampagner! En \u00e5bningsrate p\u00e5 98 %.\" \/>\r\n<meta property=\"og:url\" content=\"https:\/\/suresms.com\/en\/integrations\/marketing-automation\/klaviyo-sms\/\" \/>\r\n<meta property=\"article:publisher\" content=\"https:\/\/www.facebook.com\/p\/SureSMS-100044607956149\/\" \/>\r\n<meta property=\"article:modified_time\" content=\"2026-03-25T15:43:19+00:00\" \/>\r\n<meta property=\"og:image\" content=\"https:\/\/suresms.com\/wp-content\/uploads\/2023\/03\/Klaviyo_SureSMS-1-1.png\" \/>\r\n<meta name=\"twitter:card\" content=\"summary_large_image\" \/>\r\n<meta name=\"twitter:label1\" content=\"Est. reading time\" \/>\n\t<meta name=\"twitter:data1\" content=\"12 minutes\" \/>\r\n<script type=\"application\/ld+json\" class=\"yoast-schema-graph\">{\"@context\":\"https:\\\/\\\/schema.org\",\"@graph\":[{\"@type\":\"WebPage\",\"@id\":\"https:\\\/\\\/suresms.com\\\/dk\\\/integrationer\\\/marketing-automation\\\/klaviyo-sms\\\/\",\"url\":\"https:\\\/\\\/suresms.com\\\/dk\\\/integrationer\\\/marketing-automation\\\/klaviyo-sms\\\/\",\"name\":\"Klaviyo SMS l\u00f8sning til danske og nordiske kunder\",\"isPartOf\":{\"@id\":\"https:\\\/\\\/suresms.com\\\/en\\\/#website\"},\"primaryImageOfPage\":{\"@id\":\"https:\\\/\\\/suresms.com\\\/dk\\\/integrationer\\\/marketing-automation\\\/klaviyo-sms\\\/#primaryimage\"},\"image\":{\"@id\":\"https:\\\/\\\/suresms.com\\\/dk\\\/integrationer\\\/marketing-automation\\\/klaviyo-sms\\\/#primaryimage\"},\"thumbnailUrl\":\"https:\\\/\\\/suresms.com\\\/wp-content\\\/uploads\\\/2023\\\/03\\\/Klaviyo_SureSMS-1-1.png\",\"datePublished\":\"2023-03-28T10:23:14+00:00\",\"dateModified\":\"2026-03-25T15:43:19+00:00\",\"description\":\"Integrer SMS i Klaviyo i dag, og kom i gang med at skabe v\u00e6rdifulde automations og kampagner! En \u00e5bningsrate p\u00e5 98 %.\",\"breadcrumb\":{\"@id\":\"https:\\\/\\\/suresms.com\\\/dk\\\/integrationer\\\/marketing-automation\\\/klaviyo-sms\\\/#breadcrumb\"},\"inLanguage\":\"en-US\",\"potentialAction\":[{\"@type\":\"ReadAction\",\"target\":[\"https:\\\/\\\/suresms.com\\\/dk\\\/integrationer\\\/marketing-automation\\\/klaviyo-sms\\\/\"]}]},{\"@type\":\"ImageObject\",\"inLanguage\":\"en-US\",\"@id\":\"https:\\\/\\\/suresms.com\\\/dk\\\/integrationer\\\/marketing-automation\\\/klaviyo-sms\\\/#primaryimage\",\"url\":\"https:\\\/\\\/suresms.com\\\/wp-content\\\/uploads\\\/2023\\\/03\\\/Klaviyo_SureSMS-1-1.png\",\"contentUrl\":\"https:\\\/\\\/suresms.com\\\/wp-content\\\/uploads\\\/2023\\\/03\\\/Klaviyo_SureSMS-1-1.png\"},{\"@type\":\"BreadcrumbList\",\"@id\":\"https:\\\/\\\/suresms.com\\\/dk\\\/integrationer\\\/marketing-automation\\\/klaviyo-sms\\\/#breadcrumb\",\"itemListElement\":[{\"@type\":\"ListItem\",\"position\":1,\"name\":\"Home\",\"item\":\"https:\\\/\\\/suresms.com\\\/dk\\\/\"},{\"@type\":\"ListItem\",\"position\":2,\"name\":\"Integrationer\",\"item\":\"https:\\\/\\\/suresms.com\\\/dk\\\/integrationer\\\/\"},{\"@type\":\"ListItem\",\"position\":3,\"name\":\"SMS integration til Marketing Automation\",\"item\":\"https:\\\/\\\/suresms.com\\\/dk\\\/integrationer\\\/marketing-automation\\\/\"},{\"@type\":\"ListItem\",\"position\":4,\"name\":\"SMS integration til Klaviyo\"}]},{\"@type\":\"WebSite\",\"@id\":\"https:\\\/\\\/suresms.com\\\/en\\\/#website\",\"url\":\"https:\\\/\\\/suresms.com\\\/en\\\/\",\"name\":\"SureSMS\",\"description\":\"Professionel SMS Gateway\",\"publisher\":{\"@id\":\"https:\\\/\\\/suresms.com\\\/en\\\/#organization\"},\"potentialAction\":[{\"@type\":\"SearchAction\",\"target\":{\"@type\":\"EntryPoint\",\"urlTemplate\":\"https:\\\/\\\/suresms.com\\\/en\\\/?s={search_term_string}\"},\"query-input\":{\"@type\":\"PropertyValueSpecification\",\"valueRequired\":true,\"valueName\":\"search_term_string\"}}],\"inLanguage\":\"en-US\"},{\"@type\":\"Organization\",\"@id\":\"https:\\\/\\\/suresms.com\\\/en\\\/#organization\",\"name\":\"SureSMS\",\"url\":\"https:\\\/\\\/suresms.com\\\/en\\\/\",\"logo\":{\"@type\":\"ImageObject\",\"inLanguage\":\"en-US\",\"@id\":\"https:\\\/\\\/suresms.com\\\/en\\\/#\\\/schema\\\/logo\\\/image\\\/\",\"url\":\"https:\\\/\\\/suresms.com\\\/wp-content\\\/uploads\\\/2024\\\/11\\\/suresms-300x65-1.png\",\"contentUrl\":\"https:\\\/\\\/suresms.com\\\/wp-content\\\/uploads\\\/2024\\\/11\\\/suresms-300x65-1.png\",\"width\":300,\"height\":65,\"caption\":\"SureSMS\"},\"image\":{\"@id\":\"https:\\\/\\\/suresms.com\\\/en\\\/#\\\/schema\\\/logo\\\/image\\\/\"},\"sameAs\":[\"https:\\\/\\\/www.facebook.com\\\/p\\\/SureSMS-100044607956149\\\/\"]}]}<\/script>\r\n<!-- \/ Yoast SEO Premium plugin. -->","yoast_head_json":{"title":"Klaviyo SMS solution for Danish and Nordic customers","description":"Integrate SMS into Klaviyo today and start creating valuable automations and campaigns! An open rate of 98 %.","robots":{"index":"index","follow":"follow","max-snippet":"max-snippet:-1","max-image-preview":"max-image-preview:large","max-video-preview":"max-video-preview:-1"},"canonical":"https:\/\/suresms.com\/en\/integrations\/marketing-automation\/klaviyo-sms\/","og_locale":"en_US","og_type":"article","og_title":"SMS integration til Klaviyo","og_description":"Integrer SMS i Klaviyo i dag, og kom i gang med at skabe v\u00e6rdifulde automations og kampagner! En \u00e5bningsrate p\u00e5 98 %.","og_url":"https:\/\/suresms.com\/en\/integrations\/marketing-automation\/klaviyo-sms\/","article_publisher":"https:\/\/www.facebook.com\/p\/SureSMS-100044607956149\/","article_modified_time":"2026-03-25T15:43:19+00:00","og_image":[{"url":"https:\/\/suresms.com\/wp-content\/uploads\/2023\/03\/Klaviyo_SureSMS-1-1.png","type":"","width":"","height":""}],"twitter_card":"summary_large_image","twitter_misc":{"Est. reading time":"12 minutes"},"schema":{"@context":"https:\/\/schema.org","@graph":[{"@type":"WebPage","@id":"https:\/\/suresms.com\/dk\/integrationer\/marketing-automation\/klaviyo-sms\/","url":"https:\/\/suresms.com\/dk\/integrationer\/marketing-automation\/klaviyo-sms\/","name":"Klaviyo SMS solution for Danish and Nordic customers","isPartOf":{"@id":"https:\/\/suresms.com\/en\/#website"},"primaryImageOfPage":{"@id":"https:\/\/suresms.com\/dk\/integrationer\/marketing-automation\/klaviyo-sms\/#primaryimage"},"image":{"@id":"https:\/\/suresms.com\/dk\/integrationer\/marketing-automation\/klaviyo-sms\/#primaryimage"},"thumbnailUrl":"https:\/\/suresms.com\/wp-content\/uploads\/2023\/03\/Klaviyo_SureSMS-1-1.png","datePublished":"2023-03-28T10:23:14+00:00","dateModified":"2026-03-25T15:43:19+00:00","description":"Integrate SMS into Klaviyo today and start creating valuable automations and campaigns! An open rate of 98 %.","breadcrumb":{"@id":"https:\/\/suresms.com\/dk\/integrationer\/marketing-automation\/klaviyo-sms\/#breadcrumb"},"inLanguage":"en-US","potentialAction":[{"@type":"ReadAction","target":["https:\/\/suresms.com\/dk\/integrationer\/marketing-automation\/klaviyo-sms\/"]}]},{"@type":"ImageObject","inLanguage":"en-US","@id":"https:\/\/suresms.com\/dk\/integrationer\/marketing-automation\/klaviyo-sms\/#primaryimage","url":"https:\/\/suresms.com\/wp-content\/uploads\/2023\/03\/Klaviyo_SureSMS-1-1.png","contentUrl":"https:\/\/suresms.com\/wp-content\/uploads\/2023\/03\/Klaviyo_SureSMS-1-1.png"},{"@type":"BreadcrumbList","@id":"https:\/\/suresms.com\/dk\/integrationer\/marketing-automation\/klaviyo-sms\/#breadcrumb","itemListElement":[{"@type":"ListItem","position":1,"name":"Home","item":"https:\/\/suresms.com\/dk\/"},{"@type":"ListItem","position":2,"name":"Integrationer","item":"https:\/\/suresms.com\/dk\/integrationer\/"},{"@type":"ListItem","position":3,"name":"SMS integration til Marketing Automation","item":"https:\/\/suresms.com\/dk\/integrationer\/marketing-automation\/"},{"@type":"ListItem","position":4,"name":"SMS integration til Klaviyo"}]},{"@type":"WebSite","@id":"https:\/\/suresms.com\/en\/#website","url":"https:\/\/suresms.com\/en\/","name":"SureSMS","description":"Professional SMS Gateway","publisher":{"@id":"https:\/\/suresms.com\/en\/#organization"},"potentialAction":[{"@type":"SearchAction","target":{"@type":"EntryPoint","urlTemplate":"https:\/\/suresms.com\/en\/?s={search_term_string}"},"query-input":{"@type":"PropertyValueSpecification","valueRequired":true,"valueName":"search_term_string"}}],"inLanguage":"en-US"},{"@type":"Organization","@id":"https:\/\/suresms.com\/en\/#organization","name":"SureSMS","url":"https:\/\/suresms.com\/en\/","logo":{"@type":"ImageObject","inLanguage":"en-US","@id":"https:\/\/suresms.com\/en\/#\/schema\/logo\/image\/","url":"https:\/\/suresms.com\/wp-content\/uploads\/2024\/11\/suresms-300x65-1.png","contentUrl":"https:\/\/suresms.com\/wp-content\/uploads\/2024\/11\/suresms-300x65-1.png","width":300,"height":65,"caption":"SureSMS"},"image":{"@id":"https:\/\/suresms.com\/en\/#\/schema\/logo\/image\/"},"sameAs":["https:\/\/www.facebook.com\/p\/SureSMS-100044607956149\/"]}]}},"_links":{"self":[{"href":"https:\/\/suresms.com\/en\/wp-json\/wp\/v2\/pages\/16816","targetHints":{"allow":["GET"]}}],"collection":[{"href":"https:\/\/suresms.com\/en\/wp-json\/wp\/v2\/pages"}],"about":[{"href":"https:\/\/suresms.com\/en\/wp-json\/wp\/v2\/types\/page"}],"author":[{"embeddable":true,"href":"https:\/\/suresms.com\/en\/wp-json\/wp\/v2\/users\/1"}],"replies":[{"embeddable":true,"href":"https:\/\/suresms.com\/en\/wp-json\/wp\/v2\/comments?post=16816"}],"version-history":[{"count":5,"href":"https:\/\/suresms.com\/en\/wp-json\/wp\/v2\/pages\/16816\/revisions"}],"predecessor-version":[{"id":23854,"href":"https:\/\/suresms.com\/en\/wp-json\/wp\/v2\/pages\/16816\/revisions\/23854"}],"up":[{"embeddable":true,"href":"https:\/\/suresms.com\/en\/wp-json\/wp\/v2\/pages\/13367"}],"wp:attachment":[{"href":"https:\/\/suresms.com\/en\/wp-json\/wp\/v2\/media?parent=16816"}],"wp:term":[{"taxonomy":"category","embeddable":true,"href":"https:\/\/suresms.com\/en\/wp-json\/wp\/v2\/categories?post=16816"},{"taxonomy":"post_tag","embeddable":true,"href":"https:\/\/suresms.com\/en\/wp-json\/wp\/v2\/tags?post=16816"}],"curies":[{"name":"wp","href":"https:\/\/api.w.org\/{rel}","templated":true}]}}