{"id":1654,"date":"2016-02-01T18:43:38","date_gmt":"2016-02-01T16:43:38","guid":{"rendered":"https:\/\/www.suresms.com\/dk\/?page_id=1654"},"modified":"2025-01-22T16:11:08","modified_gmt":"2025-01-22T16:11:08","slug":"branch-discharges","status":"publish","type":"page","link":"https:\/\/suresms.com\/en\/branchelosninger\/","title":{"rendered":"Industry solutions"},"content":{"rendered":"<h1>Industry solutions - Premium SMS Solution for your business<\/h1>\n<p>At SureSMS, we provide flexible and stable SMS solutions for many industries and organizations. For us, working with our customers is a partnership where we customize products and services to their needs so that together we can improve your communication and competitiveness.<\/p>\n<p>On this page we have gathered some of the types of industries and professionals that use our online SMS services. Find inspiration for how we can help your business.<\/p>\n<p>Read more about benefits and features on the individual pages.<\/p>\n\t\t<h3><a href=\"https:\/\/suresms.com\/en\/branch-discharges\/sms-for-service-companies\/\" target=\"_self\">Service companies<\/a><\/h3>\n\t\t\t\t<a href=\"https:\/\/suresms.com\/en\/branch-discharges\/sms-for-service-companies\/\"  target=\"_self\" itemprop=\"url\">\n\t\t\t\t<img loading=\"lazy\" decoding=\"async\" src=\"https:\/\/suresms.com\/wp-content\/uploads\/2016\/06\/sms-til-service-snippet.jpg\" alt=\"SMS for service companies, auto service, hairdressers and dentists\" itemprop=\"image\" height=\"266\" width=\"400\" title=\"SMS for service\" onerror=\"this.style.display='none'\"  \/>\n\t\t\t\t<\/a>\n<a href=\"https:\/\/suresms.com\/en\/branch-discharges\/sms-for-service-companies\/\"  target=\"_self\">About SMS for Service Companies<\/a>\t\n\t\t<h3><a href=\"https:\/\/suresms.com\/en\/branch-discharges\/sms-for-transportation-and-logistics-companies\/\" target=\"_self\">The transportation industry<\/a><\/h3>\n\t\t\t\t<a href=\"https:\/\/suresms.com\/en\/branch-discharges\/sms-for-transportation-and-logistics-companies\/\"  target=\"_self\" itemprop=\"url\">\n\t\t\t\t<img loading=\"lazy\" decoding=\"async\" src=\"https:\/\/suresms.com\/wp-content\/uploads\/2016\/02\/SMS-til-Transport-snippet.jpg\" alt=\"SMS for transportation and logistics companies\" itemprop=\"image\" height=\"266\" width=\"400\" title=\"SMS to Transport companies\" onerror=\"this.style.display='none'\"  \/>\n\t\t\t\t<\/a>\n<a href=\"https:\/\/suresms.com\/en\/branch-discharges\/sms-for-transportation-and-logistics-companies\/\"  target=\"_self\">Read about SMS for the transportation industry<\/a>\t\n\t\t<h3><a href=\"https:\/\/suresms.com\/en\/branch-discharges\/sms-for-business\/\" target=\"_self\">Stores and Shops<\/a><\/h3>\n\t\t\t\t<a href=\"https:\/\/suresms.com\/en\/branch-discharges\/sms-for-business\/\"  target=\"_self\" itemprop=\"url\">\n\t\t\t\t<img loading=\"lazy\" decoding=\"async\" src=\"https:\/\/suresms.com\/wp-content\/uploads\/2015\/02\/sms-til-butikker-snippet.jpg\" alt=\"SMS customers online to stores and shops\" itemprop=\"image\" height=\"267\" width=\"400\" title=\"sms to stores snippet\" onerror=\"this.style.display='none'\"  \/>\n\t\t\t\t<\/a>\n<a href=\"https:\/\/suresms.com\/en\/branch-discharges\/sms-for-business\/\"  target=\"_self\">Read about SMS to stores and shops<\/a>\t\n\t\t<h3><a href=\"https:\/\/suresms.com\/en\/branch-discharges\/sms-for-public-institutions\/\" target=\"_self\">Public Institutions<\/a><\/h3>\n\t\t\t\t<a href=\"https:\/\/suresms.com\/en\/branch-discharges\/sms-for-public-institutions\/\"  target=\"_self\" itemprop=\"url\">\n\t\t\t\t<img loading=\"lazy\" decoding=\"async\" src=\"https:\/\/suresms.com\/wp-content\/uploads\/2016\/02\/sms-til-offentlige-snippet.jpg\" alt=\"SMS to public institutions in state and municipality\" itemprop=\"image\" height=\"266\" width=\"400\" title=\"SMS for public institutions\" onerror=\"this.style.display='none'\"  \/>\n\t\t\t\t<\/a>\n<a href=\"https:\/\/suresms.com\/en\/branch-discharges\/sms-for-public-institutions\/\"  target=\"_self\">Read about SMS for public institutions<\/a>\t\n\t\t<h3><a href=\"https:\/\/suresms.com\/en\/branch-discharges\/sms-for-online-businesses-and-web-services-2\/\" target=\"_self\">Online Businesses<\/a><\/h3>\n\t\t\t\t<a href=\"https:\/\/suresms.com\/en\/branch-discharges\/sms-for-online-businesses-and-web-services-2\/\"  target=\"_self\" itemprop=\"url\">\n\t\t\t\t<img loading=\"lazy\" decoding=\"async\" src=\"https:\/\/suresms.com\/wp-content\/uploads\/2016\/06\/SMS-til-butikker.jpg\" alt=\"SMS for online businesses and web services\" itemprop=\"image\" height=\"266\" width=\"400\" title=\"SMS for online businesses and web services\" onerror=\"this.style.display='none'\"  \/>\n\t\t\t\t<\/a>\n<a href=\"https:\/\/suresms.com\/en\/branch-discharges\/sms-for-online-businesses-and-web-services-2\/\"  target=\"_self\">Read about SMS for online services<\/a>\t\n\t\t<h3><a href=\"https:\/\/suresms.com\/en\/branch-discharges\/sms-for-manufacturing-companies\/\" target=\"_self\">Production &amp; Business<\/a><\/h3>\n\t\t\t\t<a href=\"https:\/\/suresms.com\/en\/branch-discharges\/sms-for-manufacturing-companies\/\"  target=\"_self\" itemprop=\"url\">\n\t\t\t\t<img loading=\"lazy\" decoding=\"async\" src=\"https:\/\/suresms.com\/wp-content\/uploads\/2016\/06\/sms-til-produktionsvirksomheder-snippet.jpg\" alt=\"SMS for manufacturing and commercial businesses\" itemprop=\"image\" height=\"266\" width=\"400\" title=\"SMS for manufacturing companies\" onerror=\"this.style.display='none'\"  \/>\n\t\t\t\t<\/a>\n<a href=\"https:\/\/suresms.com\/en\/branch-discharges\/sms-for-manufacturing-companies\/\"  target=\"_self\">About SMS for Business &amp; Enterprise<\/a>\t\n\t\t<h3><a href=\"https:\/\/suresms.com\/en\/branch-discharges\/sms-clubs\/\" target=\"_self\">Clubs &amp; Associations<\/a><\/h3>\n\t\t\t\t<a href=\"https:\/\/suresms.com\/en\/branch-discharges\/sms-clubs\/\"  target=\"_self\" itemprop=\"url\">\n\t\t\t\t<img loading=\"lazy\" decoding=\"async\" src=\"https:\/\/suresms.com\/wp-content\/uploads\/2015\/02\/sms-til-klubber-snippet.jpg\" alt=\"send sms online clubs and associations\" itemprop=\"image\" height=\"266\" width=\"400\" title=\"SMS to clubs\" onerror=\"this.style.display='none'\"  \/>\n\t\t\t\t<\/a>\n<a href=\"https:\/\/suresms.com\/en\/branch-discharges\/sms-clubs\/\"  target=\"_self\">Read about SMS for Clubs &amp; Associations <\/a>\t\n\t\t<h3><a href=\"https:\/\/suresms.com\/en\/branch-discharges\/emergency-sms\/\" target=\"_self\">Emergency SMS for everyone<\/a><\/h3>\n\t\t\t\t<a href=\"https:\/\/suresms.com\/en\/branch-discharges\/emergency-sms\/\"  target=\"_self\" itemprop=\"url\">\n\t\t\t\t<img loading=\"lazy\" decoding=\"async\" src=\"https:\/\/suresms.com\/wp-content\/uploads\/2023\/07\/Emergency-BW-1.png\" alt=\"Emergency SMS\" itemprop=\"image\" height=\"333\" width=\"500\" title=\"Emergency BW\" onerror=\"this.style.display='none'\"  \/>\n\t\t\t\t<\/a>\n<a href=\"https:\/\/suresms.com\/en\/branch-discharges\/emergency-sms\/\"  target=\"_self\">Read about our Emergency SMS<\/a>\t\n\t<h3>Send an SMS when there is NEW on your website<\/h3>\n<p>It's a useful feature for associations, businesses, organizations and craftsmen, and it's both easy and cheap to set up. With our SMS Gateway, you can choose whether you want to send an SMS to all customers or just to groups of users. Via our SureSMS API, the SMS is sent automatically when you update your website. If you already have a newsletter or a module for sending newsletters, you can use our email2sms module to set it up so that your users receive the SMS from your news module.<\/p>\n<p><a href=\"https:\/\/suresms.com\/en\/about-suresms\/suresms-support\/\">Call support<\/a> for a chat. We're happy to help you get started with a solution that suits your needs.<\/p>\n\t\t\t\t<a href=\"https:\/\/suresms.com\/en\/about-suresms\/suresms-support\/\"  target=\"_self\" itemprop=\"url\">\n\t\t\t\t<img loading=\"lazy\" decoding=\"async\" src=\"https:\/\/suresms.com\/wp-content\/uploads\/bb-plugin\/cache\/Not-there1-panorama-46ce722cf3951d9002e2059616f3f7fe-.jpg\" alt=\"Which online SMS solution\" itemprop=\"image\" height=\"266\" width=\"500\" title=\"online sms solution in doubt\" onerror=\"this.style.display='none'\"  \/>\n\t\t\t\t<\/a>\n<h3><a href=\"https:\/\/suresms.com\/en\/about-suresms\/suresms-support\/\" target=\"_self\">I'm not there<\/a><\/h3>I don't really see myself in your boxes.<br \/>\nI need an SMS solution that I don't know if you provide.\n<p>&nbsp;<\/p>\n<a title=\"SureSMS 24\/7 support\" href=\"https:\/\/suresms.com\/en\/about-suresms\/suresms-support\/\">Contact our Support.<\/a> We definitely have a solution for you too, and we love a challenge.<br \/>\nWe're ready with knowledge, help and free professional advice seven days a week.\n\t\t\t\t<a href=\"https:\/\/suresms.com\/en\/order\/free-sms-test-account\/\"  target=\"_self\" itemprop=\"url\">\n\t\t\t\t<img loading=\"lazy\" decoding=\"async\" src=\"https:\/\/suresms.com\/wp-content\/uploads\/bb-plugin\/cache\/test-stor-panorama-de3cf342ba8c1b45016354f59526e95d-.jpg\" alt=\"Free Sure SMS trial account\" itemprop=\"image\" height=\"266\" width=\"500\" title=\"Create a free Sure SMS test account\" onerror=\"this.style.display='none'\"  \/>\n\t\t\t\t<\/a>\n<h3><a href=\"https:\/\/suresms.com\/en\/order\/free-sms-test-account\/\" target=\"_self\">Create a free trial account NOW!<\/a><\/h3>You can create an account for free and try out our system. Follow the link and get a test account including 50 free SMSes right away. It's a service from SureSMS for you at no financial cost or obligation.<br \/>\nFor security reasons, we check each account manually and there can sometimes be a short waiting time. We ask for your understanding for this.","protected":false},"excerpt":{"rendered":"<p>Industry solutions - Premium SMS solutions for your business At SureSMS we provide flexible and stable SMS solutions for many industries and organizations. For us, working with our customers is a partnership where we customize products and services to meet their needs so that together we can improve your communication and competitiveness. On this page we have gathered some of ... <a title=\"Industry solutions\" class=\"read-more\" href=\"https:\/\/suresms.com\/en\/branchelosninger\/\" aria-label=\"Read more about Industry solutions\">Read more<\/a><\/p>","protected":false},"author":1,"featured_media":0,"parent":0,"menu_order":7,"comment_status":"closed","ping_status":"closed","template":"","meta":{"_fl_builder_enabled":"1","_fl_builder_data":null,"_fl_builder_draft":null,"_fl_builder_data_settings":null,"_fl_builder_css":"","_fl_builder_css_version":"","_fl_builder_js":"","footnotes":""},"categories":[],"tags":[],"class_list":["post-1654","page","type-page","status-publish"],"yoast_head":"<!-- This site is optimized with the Yoast SEO Premium plugin v27.3 (Yoast SEO v27.3) - https:\/\/yoast.com\/product\/yoast-seo-premium-wordpress\/ -->\r\n<title>En SMS-l\u00f8sning til dig! SureSMS - Find din SMS-l\u00f8sning her<\/title>\r\n<meta name=\"description\" content=\"Find din SMS l\u00f8sning her! Hos SureSMS tager vi udgangspunkt i kunden. Bedste SMS l\u00f8sning til Transport virksomheder, offentlige institutioner og klubber.\" \/>\r\n<meta name=\"robots\" content=\"index, follow, max-snippet:-1, max-image-preview:large, max-video-preview:-1\" \/>\r\n<link rel=\"canonical\" href=\"https:\/\/suresms.com\/en\/branch-discharges\/\" \/>\r\n<meta property=\"og:locale\" content=\"en_US\" \/>\r\n<meta property=\"og:type\" content=\"article\" \/>\r\n<meta property=\"og:title\" content=\"Branchel\u00f8sninger\" \/>\r\n<meta property=\"og:description\" content=\"Find din SMS l\u00f8sning her! Hos SureSMS tager vi udgangspunkt i kunden. Bedste SMS l\u00f8sning til Transport virksomheder, offentlige institutioner og klubber.\" \/>\r\n<meta property=\"og:url\" content=\"https:\/\/suresms.com\/en\/branch-discharges\/\" \/>\r\n<meta property=\"article:publisher\" content=\"https:\/\/www.facebook.com\/p\/SureSMS-100044607956149\/\" \/>\r\n<meta property=\"article:modified_time\" content=\"2025-01-22T16:11:08+00:00\" \/>\r\n<meta property=\"og:image\" content=\"https:\/\/suresms.com\/wp-content\/uploads\/2016\/06\/sms-til-service-snippet.jpg\" \/>\r\n\t<meta property=\"og:image:width\" content=\"400\" \/>\r\n\t<meta property=\"og:image:height\" content=\"266\" \/>\r\n\t<meta property=\"og:image:type\" content=\"image\/jpeg\" \/>\r\n<meta name=\"twitter:card\" content=\"summary_large_image\" \/>\r\n<meta name=\"twitter:label1\" content=\"Est. reading time\" \/>\n\t<meta name=\"twitter:data1\" content=\"9 minutes\" \/>\r\n<script type=\"application\/ld+json\" class=\"yoast-schema-graph\">{\"@context\":\"https:\\\/\\\/schema.org\",\"@graph\":[{\"@type\":\"WebPage\",\"@id\":\"https:\\\/\\\/suresms.com\\\/dk\\\/branchelosninger\\\/\",\"url\":\"https:\\\/\\\/suresms.com\\\/dk\\\/branchelosninger\\\/\",\"name\":\"En SMS-l\u00f8sning til dig! SureSMS - Find din SMS-l\u00f8sning her\",\"isPartOf\":{\"@id\":\"https:\\\/\\\/suresms.com\\\/en\\\/#website\"},\"primaryImageOfPage\":{\"@id\":\"https:\\\/\\\/suresms.com\\\/dk\\\/branchelosninger\\\/#primaryimage\"},\"image\":{\"@id\":\"https:\\\/\\\/suresms.com\\\/dk\\\/branchelosninger\\\/#primaryimage\"},\"thumbnailUrl\":\"https:\\\/\\\/suresms.com\\\/wp-content\\\/uploads\\\/2016\\\/06\\\/sms-til-service-snippet.jpg\",\"datePublished\":\"2016-02-01T16:43:38+00:00\",\"dateModified\":\"2025-01-22T16:11:08+00:00\",\"description\":\"Find din SMS l\u00f8sning her! Hos SureSMS tager vi udgangspunkt i kunden. Bedste SMS l\u00f8sning til Transport virksomheder, offentlige institutioner og klubber.\",\"breadcrumb\":{\"@id\":\"https:\\\/\\\/suresms.com\\\/dk\\\/branchelosninger\\\/#breadcrumb\"},\"inLanguage\":\"en-US\",\"potentialAction\":[{\"@type\":\"ReadAction\",\"target\":[\"https:\\\/\\\/suresms.com\\\/dk\\\/branchelosninger\\\/\"]}]},{\"@type\":\"ImageObject\",\"inLanguage\":\"en-US\",\"@id\":\"https:\\\/\\\/suresms.com\\\/dk\\\/branchelosninger\\\/#primaryimage\",\"url\":\"https:\\\/\\\/suresms.com\\\/wp-content\\\/uploads\\\/2016\\\/06\\\/sms-til-service-snippet.jpg\",\"contentUrl\":\"https:\\\/\\\/suresms.com\\\/wp-content\\\/uploads\\\/2016\\\/06\\\/sms-til-service-snippet.jpg\"},{\"@type\":\"BreadcrumbList\",\"@id\":\"https:\\\/\\\/suresms.com\\\/dk\\\/branchelosninger\\\/#breadcrumb\",\"itemListElement\":[{\"@type\":\"ListItem\",\"position\":1,\"name\":\"Home\",\"item\":\"https:\\\/\\\/suresms.com\\\/dk\\\/\"},{\"@type\":\"ListItem\",\"position\":2,\"name\":\"Branchel\u00f8sninger\"}]},{\"@type\":\"WebSite\",\"@id\":\"https:\\\/\\\/suresms.com\\\/en\\\/#website\",\"url\":\"https:\\\/\\\/suresms.com\\\/en\\\/\",\"name\":\"SureSMS\",\"description\":\"Professionel SMS Gateway\",\"publisher\":{\"@id\":\"https:\\\/\\\/suresms.com\\\/en\\\/#organization\"},\"potentialAction\":[{\"@type\":\"SearchAction\",\"target\":{\"@type\":\"EntryPoint\",\"urlTemplate\":\"https:\\\/\\\/suresms.com\\\/en\\\/?s={search_term_string}\"},\"query-input\":{\"@type\":\"PropertyValueSpecification\",\"valueRequired\":true,\"valueName\":\"search_term_string\"}}],\"inLanguage\":\"en-US\"},{\"@type\":\"Organization\",\"@id\":\"https:\\\/\\\/suresms.com\\\/en\\\/#organization\",\"name\":\"SureSMS\",\"url\":\"https:\\\/\\\/suresms.com\\\/en\\\/\",\"logo\":{\"@type\":\"ImageObject\",\"inLanguage\":\"en-US\",\"@id\":\"https:\\\/\\\/suresms.com\\\/en\\\/#\\\/schema\\\/logo\\\/image\\\/\",\"url\":\"https:\\\/\\\/suresms.com\\\/wp-content\\\/uploads\\\/2024\\\/11\\\/suresms-300x65-1.png\",\"contentUrl\":\"https:\\\/\\\/suresms.com\\\/wp-content\\\/uploads\\\/2024\\\/11\\\/suresms-300x65-1.png\",\"width\":300,\"height\":65,\"caption\":\"SureSMS\"},\"image\":{\"@id\":\"https:\\\/\\\/suresms.com\\\/en\\\/#\\\/schema\\\/logo\\\/image\\\/\"},\"sameAs\":[\"https:\\\/\\\/www.facebook.com\\\/p\\\/SureSMS-100044607956149\\\/\"]}]}<\/script>\r\n<!-- \/ Yoast SEO Premium plugin. -->","yoast_head_json":{"title":"An SMS solution for you! SureSMS - Find your SMS solution here","description":"Find your SMS solution here! At SureSMS we take the customer as our starting point. Best SMS solution for transportation companies, public institutions and clubs.","robots":{"index":"index","follow":"follow","max-snippet":"max-snippet:-1","max-image-preview":"max-image-preview:large","max-video-preview":"max-video-preview:-1"},"canonical":"https:\/\/suresms.com\/en\/branch-discharges\/","og_locale":"en_US","og_type":"article","og_title":"Branchel\u00f8sninger","og_description":"Find din SMS l\u00f8sning her! Hos SureSMS tager vi udgangspunkt i kunden. Bedste SMS l\u00f8sning til Transport virksomheder, offentlige institutioner og klubber.","og_url":"https:\/\/suresms.com\/en\/branch-discharges\/","article_publisher":"https:\/\/www.facebook.com\/p\/SureSMS-100044607956149\/","article_modified_time":"2025-01-22T16:11:08+00:00","og_image":[{"width":400,"height":266,"url":"https:\/\/suresms.com\/wp-content\/uploads\/2016\/06\/sms-til-service-snippet.jpg","type":"image\/jpeg"}],"twitter_card":"summary_large_image","twitter_misc":{"Est. reading time":"9 minutes"},"schema":{"@context":"https:\/\/schema.org","@graph":[{"@type":"WebPage","@id":"https:\/\/suresms.com\/dk\/branchelosninger\/","url":"https:\/\/suresms.com\/dk\/branchelosninger\/","name":"An SMS solution for you! SureSMS - Find your SMS solution here","isPartOf":{"@id":"https:\/\/suresms.com\/en\/#website"},"primaryImageOfPage":{"@id":"https:\/\/suresms.com\/dk\/branchelosninger\/#primaryimage"},"image":{"@id":"https:\/\/suresms.com\/dk\/branchelosninger\/#primaryimage"},"thumbnailUrl":"https:\/\/suresms.com\/wp-content\/uploads\/2016\/06\/sms-til-service-snippet.jpg","datePublished":"2016-02-01T16:43:38+00:00","dateModified":"2025-01-22T16:11:08+00:00","description":"Find your SMS solution here! At SureSMS we take the customer as our starting point. Best SMS solution for transportation companies, public institutions and clubs.","breadcrumb":{"@id":"https:\/\/suresms.com\/dk\/branchelosninger\/#breadcrumb"},"inLanguage":"en-US","potentialAction":[{"@type":"ReadAction","target":["https:\/\/suresms.com\/dk\/branchelosninger\/"]}]},{"@type":"ImageObject","inLanguage":"en-US","@id":"https:\/\/suresms.com\/dk\/branchelosninger\/#primaryimage","url":"https:\/\/suresms.com\/wp-content\/uploads\/2016\/06\/sms-til-service-snippet.jpg","contentUrl":"https:\/\/suresms.com\/wp-content\/uploads\/2016\/06\/sms-til-service-snippet.jpg"},{"@type":"BreadcrumbList","@id":"https:\/\/suresms.com\/dk\/branchelosninger\/#breadcrumb","itemListElement":[{"@type":"ListItem","position":1,"name":"Home","item":"https:\/\/suresms.com\/dk\/"},{"@type":"ListItem","position":2,"name":"Branchel\u00f8sninger"}]},{"@type":"WebSite","@id":"https:\/\/suresms.com\/en\/#website","url":"https:\/\/suresms.com\/en\/","name":"SureSMS","description":"Professional SMS Gateway","publisher":{"@id":"https:\/\/suresms.com\/en\/#organization"},"potentialAction":[{"@type":"SearchAction","target":{"@type":"EntryPoint","urlTemplate":"https:\/\/suresms.com\/en\/?s={search_term_string}"},"query-input":{"@type":"PropertyValueSpecification","valueRequired":true,"valueName":"search_term_string"}}],"inLanguage":"en-US"},{"@type":"Organization","@id":"https:\/\/suresms.com\/en\/#organization","name":"SureSMS","url":"https:\/\/suresms.com\/en\/","logo":{"@type":"ImageObject","inLanguage":"en-US","@id":"https:\/\/suresms.com\/en\/#\/schema\/logo\/image\/","url":"https:\/\/suresms.com\/wp-content\/uploads\/2024\/11\/suresms-300x65-1.png","contentUrl":"https:\/\/suresms.com\/wp-content\/uploads\/2024\/11\/suresms-300x65-1.png","width":300,"height":65,"caption":"SureSMS"},"image":{"@id":"https:\/\/suresms.com\/en\/#\/schema\/logo\/image\/"},"sameAs":["https:\/\/www.facebook.com\/p\/SureSMS-100044607956149\/"]}]}},"_links":{"self":[{"href":"https:\/\/suresms.com\/en\/wp-json\/wp\/v2\/pages\/1654","targetHints":{"allow":["GET"]}}],"collection":[{"href":"https:\/\/suresms.com\/en\/wp-json\/wp\/v2\/pages"}],"about":[{"href":"https:\/\/suresms.com\/en\/wp-json\/wp\/v2\/types\/page"}],"author":[{"embeddable":true,"href":"https:\/\/suresms.com\/en\/wp-json\/wp\/v2\/users\/1"}],"replies":[{"embeddable":true,"href":"https:\/\/suresms.com\/en\/wp-json\/wp\/v2\/comments?post=1654"}],"version-history":[{"count":11,"href":"https:\/\/suresms.com\/en\/wp-json\/wp\/v2\/pages\/1654\/revisions"}],"predecessor-version":[{"id":21943,"href":"https:\/\/suresms.com\/en\/wp-json\/wp\/v2\/pages\/1654\/revisions\/21943"}],"wp:attachment":[{"href":"https:\/\/suresms.com\/en\/wp-json\/wp\/v2\/media?parent=1654"}],"wp:term":[{"taxonomy":"category","embeddable":true,"href":"https:\/\/suresms.com\/en\/wp-json\/wp\/v2\/categories?post=1654"},{"taxonomy":"post_tag","embeddable":true,"href":"https:\/\/suresms.com\/en\/wp-json\/wp\/v2\/tags?post=1654"}],"curies":[{"name":"wp","href":"https:\/\/api.w.org\/{rel}","templated":true}]}}