{"id":1623,"date":"2016-02-01T20:06:53","date_gmt":"2016-02-01T18:06:53","guid":{"rendered":"https:\/\/www.suresms.com\/dk\/?page_id=1623"},"modified":"2026-04-02T18:29:53","modified_gmt":"2026-04-02T18:29:53","slug":"sms-gateway-professional-sms-solutions","status":"publish","type":"page","link":"https:\/\/suresms.com\/en\/","title":{"rendered":"SMS gateway - professional SMS solutions"},"content":{"rendered":"<h1>\n\t\t\tProfessional SMS Gateway\t<\/h1>\n\t<strong>Reliable, fast and easy-to-use SMS gateway with world-class Danish support.<br \/>\n<\/strong><strong>No subscription, start without a credit card. Complete API for developers.<\/strong>\n\t\t\t<a href=\"https:\/\/app.suresms.com\/account\/signup\"  target=\"_blank\" rel=\"noopener\">\n\t\t\t\t\t\t\tCreate a free account\n\t\t\t\t\t<\/a>\n\t<p>incl. 50 free SMS messages!<\/p>\n\t\t\t<a href=\"https:\/\/calendly.com\/gm--nzwp\/30min\"  target=\"_self\">\n\t\t\t\t\t\t\tBook a demo\n\t\t\t\t\t<\/a>\n\t<p>with Glen<\/p>\n\t\t\t\t<!-- Inline Block Space Fix\n\t\t\t\t\t\t\t\t\t\t\t\t\t\t\t\t\t\t\t\t\t\t\t\t-->\n\t\t\t\t\t\t\t\t\t<!-- Inline Block Space Fix\n\t\t\t\t\t\t\t\t\t\t\t\t\t\t\t\t--><!-- Inline Block Space Fix\n\t\t\t\t\t\t\t\t\t\t\t\t\t\t\t\t\t\t\t--><h3>SMS platform<\/h3><!-- Inline Block Space Fix\n\t\t\t\t\t\t\t\t\t\t\t\t\t\t\t\t\t\t\t\t\t\t\t\t\t-->\n\t\t\t\t\t\t\t\t<p>Flexible SMS gateways in the best quality. Web SMS with many features.<\/p>\t\t\t\t\t\t\t<!-- Inline Block Space Fix\n\t\t\t\t\t\t\t\t\t\t\t--><!-- Inline Block Space Fix\n\t\t\t\t\t\t\t\t\t\t--><!-- Inline Block Space Fix\n\t\t\t\t-->\n\t\t\t\t<!-- Overlay for Style 1 -->\n\t\t\t<!-- END .front -->\n\t\t\t\t\t\t<ul><li>Easy to use<\/li><li>Free trial account<\/li><li>No binding<\/li><li>0,- in creation<\/li><li>31 \u00f8re per SMS in DK<\/li><li>International platform<\/li><\/ul>\t\t\t\t\t\n\t\t\t\t\t\t\t\t\t\t<a href=\"https:\/\/suresms.com\/en\/features\/\" target=\"_self\">Read more ...<\/a>\t\t\t\t\n\t\t\t\t<!-- Inline Block Space Fix\n\t\t\t\t\t\t\t\t\t\t\t\t\t\t\t\t\t\t\t\t\t\t\t\t-->\n\t\t\t\t\t\t\t\t\t<!-- Inline Block Space Fix\n\t\t\t\t\t\t\t\t\t\t\t\t\t\t\t\t--><!-- Inline Block Space Fix\n\t\t\t\t\t\t\t\t\t\t\t\t\t\t\t\t\t\t\t--><h3>Integrations<\/h3><!-- Inline Block Space Fix\n\t\t\t\t\t\t\t\t\t\t\t\t\t\t\t\t\t\t\t\t\t\t\t\t\t-->\n\t\t\t\t\t\t\t\t<p>Save time, avoid errors and retain your customers. With integrations, it all happens by itself<\/p>\t\t\t\t\t\t\t<!-- Inline Block Space Fix\n\t\t\t\t\t\t\t\t\t\t\t--><!-- Inline Block Space Fix\n\t\t\t\t\t\t\t\t\t\t--><!-- Inline Block Space Fix\n\t\t\t\t-->\n\t\t\t\t<!-- Overlay for Style 1 -->\n\t\t\t<!-- END .front -->\n\t\t\t\t\t\t<ul><li>Point-of-sale systems<\/li><li>Booking systems<\/li><li>Calendar systems<\/li><li>SMS API<\/li><li>CRM systems<\/li><li>... your system<\/li><\/ul>\t\t\t\t\t\n\t\t\t\t\t\t\t\t\t\t<a href=\"https:\/\/suresms.com\/en\/integrations\/\" target=\"_self\">Read more about it<\/a>\t\t\t\t\n\t\t\t\t<!-- Inline Block Space Fix\n\t\t\t\t\t\t\t\t\t\t\t\t\t\t\t\t\t\t\t\t\t\t\t\t-->\n\t\t\t\t\t\t\t\t\t<!-- Inline Block Space Fix\n\t\t\t\t\t\t\t\t\t\t\t\t\t\t\t\t--><!-- Inline Block Space Fix\n\t\t\t\t\t\t\t\t\t\t\t\t\t\t\t\t\t\t\t--><h3>API<\/h3><!-- Inline Block Space Fix\n\t\t\t\t\t\t\t\t\t\t\t\t\t\t\t\t\t\t\t\t\t\t\t\t\t-->\n\t\t\t\t\t\t\t\t<p>Flexible, high-quality SMS API that integrates with your existing systems.<\/p>\t\t\t\t\t\t\t<!-- Inline Block Space Fix\n\t\t\t\t\t\t\t\t\t\t\t--><!-- Inline Block Space Fix\n\t\t\t\t\t\t\t\t\t\t--><!-- Inline Block Space Fix\n\t\t\t\t-->\n\t\t\t\t<!-- Overlay for Style 1 -->\n\t\t\t<!-- END .front -->\n\t\t\t\t\t\t<ul><li>API for developers<\/li><li>Solid documentation<\/li><li>2-way solutions<\/li><li>Number series<\/li><li>Integrations<\/li><li>Developer site<\/li><\/ul>\t\t\t\t\t\n\t\t\t\t\t\t\t\t\t\t<a href=\"https:\/\/developer.suresms.com\" target=\"_blank\" rel=\"noopener\">Read more about it<\/a>\t\t\t\t\n\t\t\t\t<!-- Inline Block Space Fix\n\t\t\t\t\t\t\t\t\t\t\t\t\t\t\t\t\t\t\t\t\t\t\t\t-->\n\t\t\t\t\t\t\t\t\t<!-- Inline Block Space Fix\n\t\t\t\t\t\t\t\t\t\t\t\t\t\t\t\t--><!-- Inline Block Space Fix\n\t\t\t\t\t\t\t\t\t\t\t\t\t\t\t\t\t\t\t--><h3>Industry solution<\/h3><!-- Inline Block Space Fix\n\t\t\t\t\t\t\t\t\t\t\t\t\t\t\t\t\t\t\t\t\t\t\t\t\t-->\n\t\t\t\t\t\t\t\t<p>Our SMS solutions and platform target our customers in each industry.\u00a0<\/p>\t\t\t\t\t\t\t<!-- Inline Block Space Fix\n\t\t\t\t\t\t\t\t\t\t\t--><!-- Inline Block Space Fix\n\t\t\t\t\t\t\t\t\t\t--><!-- Inline Block Space Fix\n\t\t\t\t-->\n\t\t\t\t<!-- Overlay for Style 1 -->\n\t\t\t<!-- END .front -->\n\t\t\t\t\t\t<ul><li>The transportation industry<\/li><li>Service companies<\/li><li>Clubs &amp; associations<\/li><li>Online Services<\/li><li>Production<\/li><li>Public Institutions<\/li><\/ul>\t\t\t\t\t\n\t\t\t\t\t\t\t\t\t\t<a href=\"https:\/\/suresms.com\/en\/branch-discharges\/\" target=\"_self\">Read more ...<\/a>\t\t\t\t\n\t\t\t\t<img decoding=\"async\" src=\"https:\/\/suresms.com\/wp-content\/uploads\/2019\/05\/cropped-OnlyPhone500-1.png\" alt=\"https:\/\/suresms.com\/dk\/wp-content\/uploads\/2019\/05\/cropped-OnlyPhone500.png\" title=\"cropped-OnlyPhone500.png\" itemprop=\"image\"\/>\n\t\t<h3>About SureSMS<\/h3>\t\t\t\n\t\t\t\t<p>You can choose SureSMS with confidence. We are a Danish company with more than 14 years of experience with SMS. We have Danish phone, email and chat support and we are happy to help you get started with your solution. We are GDPR compliant and have an uptime of 99.999% (in 2024). With the many integrations and highly flexible user interface, the system can always be adapted to your needs. We cover the whole world and do it at a competitive price.\u00a0<\/p>\n\t\t<h3>2010<\/h3>\t\t\t\n\t\t\t\t<p>Since we started<\/p>\n\t\t<h3>24\/7<\/h3>\t\t\t\n\t\t\t\t<p>Monitoring of all systems<\/p>\n\t\t<h3>99.999%<\/h3>\t\t\t\n\t\t\t\t<p>measured uptime (2024)<\/p>\n\t\t<h3>100 SMS<\/h3>\t\t\t\n\t\t\t\t<p>processed per second<\/p>\n\t\t<h3>1000+<\/h3>\t\t\t\n\t\t\t\t<p>daily users of SureSMS<\/p>\n\t\t\t<h3>SMS marketing<\/h3>\t\t\t\n\t\t\t\t<p>With SMS marketing from SureSMS, you can easily and quickly reach your customers with personalized offers and effective SMS campaigns.<\/p>\n<p>SureSMS offers a range of advanced marketing features to help you drive sales and build customer loyalty. Our solution integrates with most marketing platforms, making it a powerful tool in your marketing mix.<\/p>\n<p>In minutes, you can set up and send an SMS campaign that drives engagement and conversions. Advanced segmentation ensures that your messages reach the right recipients.<\/p>\n\t\t\t\t<img decoding=\"async\" src=\"https:\/\/suresms.com\/wp-content\/uploads\/2024\/11\/SMS-dialog-01.png\" alt=\"SMS dialog 01\" title=\"SMS dialog 01\" itemprop=\"image\"\/>\n\t\t\t<h3>SMS platform<\/h3>\t\t\t\n\t\t\t\t<p>With SureSMS you get a reliable and efficient SMS service that makes it easy to handle critical and time-sensitive communication tasks. Do you need to quickly inform about changes in working hours or send an important message that requires immediate action? And do you want to receive a quick response in return? Then SMS is the obvious solution.<\/p>\n<p>With open rates of 98% and messages typically read within seconds, you can be sure that your message gets through and is seen immediately.<\/p>\n<p>With SureSMS, you get an SMS service that's easy to use, scalable and ideal for both small and large needs - no matter how many messages you send or which countries you work in.<\/p>\n\t\t\t\t\t\t\t\t<a href=\"https:\/\/suresms.com\/en\/docs\/\" target=\"_self\">\n\t\t\t\t\t\t<\/a>\n\t<h3><a href=\"https:\/\/suresms.com\/en\/docs\/\"  target=\"_self\">GUIDELINES<\/a><\/h3><p>Complete library with guidance on all aspects of our platform.<\/p>\n\t\t\t\t\t\t\t\t<a href=\"https:\/\/suresms.com\/en\/resources\/blog\/\" target=\"_self\">\n\t\t\t\t\t\t<\/a>\n\t<h3><a href=\"https:\/\/suresms.com\/en\/resources\/blog\/\"  target=\"_self\">KNOWLEDGE BASE<\/a><\/h3><p>Articles, blogs and knowledge about SMS in general. Including SMS marketing, emergency SMS and more.<\/p>\n\t\t\t\t\t\t\t\t<a href=\"https:\/\/suresms.com\/en\/country-specific-rules-and-restrictions\/\" target=\"_self\">\n\t\t\t\t\t\t<\/a>\n\t<h3><a href=\"https:\/\/suresms.com\/en\/country-specific-rules-and-restrictions\/\"  target=\"_self\">LANDING RULES<\/a><\/h3><p>Every country has its own rules. Here you can read about sending SMS worldwide.<\/p>\n\t\t\t\t\t\t\t\t<a href=\"https:\/\/suresms.com\/en\/prices-and-payment\/\" target=\"_self\">\n\t\t\t\t\t\t<\/a>\n\t<h3><a href=\"https:\/\/suresms.com\/en\/prices-and-payment\/\"  target=\"_self\">PRICES<\/a><\/h3><p>See our prices and payment options by invoice and EAN number.<\/p>\n\t\t\t\t\t\t\t\t<a href=\"https:\/\/suresms.com\/en\/suresms-support\/\" target=\"_self\">\n\t\t\t\t\t\t<\/a>\n\t<h3><a href=\"https:\/\/suresms.com\/en\/suresms-support\/\"  target=\"_self\">SUPPORT<\/a><\/h3><p>Chat, email, phone - get information on how to get support for our solution.<\/p>\n\t\t\t\t\t\t\t\t<a href=\"https:\/\/suresms.com\/en\/about-suresms\/sub-processors\/\" target=\"_self\">\n\t\t\t\t\t\t<\/a>\n\t<h3><a href=\"https:\/\/suresms.com\/en\/about-suresms\/sub-processors\/\"  target=\"_self\">DATA PROCESSOR<\/a><\/h3><p>See the current list of sub-processors we use.<\/p>\n\t\t\t\t\t\t\t\t<a href=\"https:\/\/suresms.com\/en\/contact\/\" target=\"_self\">\n\t\t\t\t\t\t<\/a>\n\t<h3><a href=\"https:\/\/suresms.com\/en\/contact\/\"  target=\"_self\">CONTACT US<\/a><\/h3><p>Contact details for SureSMS.<\/p>\n\t\t\t\t\t\t\t\t<a href=\"https:\/\/suresms.com\/en\/about-suresms\/\" target=\"_self\">\n\t\t\t\t\t\t<\/a>\n\t<h3><a href=\"https:\/\/suresms.com\/en\/about-suresms\/\"  target=\"_self\">ABOUT SURESMS<\/a><\/h3><p>Who's behind SureSMS and how it all started.<\/p>\n<h2>\n\t\t\tFrequently Asked Questions (FAQ) about SMS Gateway\t<\/h2>\n\t\t\t\t\t\t\t\t\t\t<h4 tabindex=\"0\">What is an SMS Gateway?<\/h4>\n\t\t\t\t\t<p>An SMS Gateway is a digital service that enables you to send and receive SMS messages directly from your computer, software or app. It acts as a bridge between your business and mobile operators, allowing you to deliver messages to your customers quickly and reliably. An SMS Gateway is typically used for purposes such as marketing campaigns, reminders, confirmations, security codes and notifications. With an SMS Gateway, you can automate messages, send to many recipients at once and get accurate delivery reports that provide insight into the effectiveness of your communication efforts.<\/p>\n\t\t\t\t\t\t\t\t\t\t<h4 tabindex=\"0\">What does an SMS Gateway cost?<\/h4>\n\t\t\t\t\t<p>The price of an SMS Gateway varies depending on provider, functionality and usage. In general, you pay per SMS sent, and some providers also offer subscription solutions with fixed monthly fees.\u00a0<\/p>\n<p>Even though you can get free SMS from your carrier, the SMS gateway has to pay for sending SMS to the operators. That's why no SMS gateway offers flat rate subscriptions.\u00a0<\/p>\n<p>There are different prices when sending to phones in different countries. <a href=\"https:\/\/suresms.com\/en\/prices-and-payment\/\">See our prices here<\/a><\/p>\n\t\t\t\t\t\t\t\t\t\t<h4 tabindex=\"0\">Will my customers get annoyed by receiving SMS messages?<\/h4>\n\t\t\t\t\t<p>No, most customers actually appreciate receiving SMS messages when they are relevant, useful and sent with care. SMS can be an effective way to deliver important information that customers value, such as appointment reminders, special offers or updates. The key is to ensure that messages are targeted and not sent too often. If you respect your customers' time and needs, SMS communication can build a stronger relationship and increase customer satisfaction.<\/p>\n\t\t\t\t\t\t\t\t\t\t<h4 tabindex=\"0\">Can I receive SMS on an SMS Gateway?<\/h4>\n\t\t\t\t\t<p>Yes, with most SMS Gateways you can not only send but also receive SMS messages from your customers. This is often referred to as two-way SMS and allows you to maintain a direct dialog with your customers.<\/p>\n<p>Messages can be sent to a dedicated number (your company's own SMS number) or a shared short code, and you can choose to have them delivered directly to your email, an app or integrated into your system via API.<\/p>\n<p>The ability to receive SMS is ideal for customer service, polls, sign-ups or in response to campaigns. It creates an easy and personalized communication channel that strengthens the relationship with your customers.<\/p>\n\t\t\t\t\t\t\t\t\t\t<h4 tabindex=\"0\">Can I test before I pay?<\/h4>\n\t\t\t\t\t<p>Yes, you can easily try our SMS Gateway with a free trial!<\/p>\n<p>We offer 50 free SMSes that you can send within 14 days. This allows you to test the features, integration and delivery time without any obligation.<\/p>\n<p>This way you can experience how effective and user-friendly our solution is before you decide to proceed. The trial period is completely non-binding and gives you time to find out how the SMS Gateway can fit your needs.<\/p>\n\t\t\t\t\t\t\t\t\t\t<h4 tabindex=\"0\">Are there opt-out features?<\/h4>\n\t\t\t\t\t<p>Yes, the system has a built-in opt-in\/opt-out feature to ensure that you always comply with applicable rules.\u00a0<\/p>\n\t\t<figure itemscope itemtype=\"https:\/\/schema.org\/ImageObject\">\n\t\t\t\t<a href=\"https:\/\/suresms.com\/en\/docs\/\"  target=\"_self\" itemprop=\"url\">\n\t\t\t\t<img decoding=\"async\" src=\"https:\/\/suresms.com\/wp-content\/uploads\/bb-plugin\/cache\/Manual-400x250-px1-panorama-e9e3d5dc2346ff0881cf6ebd5537712d-.jpg\" alt=\"manual homepage suresms\" height=\"250\" width=\"400\" title=\"Manual 400x250 px\" onerror=\"this.style.display='none'\" loading=\"lazy\" \/>\n\t\t\t\t<\/a>\n\t<\/figure>\n<h3><a href=\"https:\/\/suresms.com\/en\/docs\/\" target=\"_self\">How-to guide<\/a><\/h3><p>Our platform comes with a large library of tutorials and guides. This means that you can always find the guide you need. See the guide here.<\/p>\n\t\t<figure itemscope itemtype=\"https:\/\/schema.org\/ImageObject\">\n\t\t\t\t<a href=\"https:\/\/www.youtube.com\/@suresmsaps8874\"  target=\"_self\" itemprop=\"url\">\n\t\t\t\t<img decoding=\"async\" src=\"https:\/\/suresms.com\/wp-content\/uploads\/bb-plugin\/cache\/you-tube400x250px-panorama-60bfdf50fa411bc1f1119324993b555c-.jpg\" alt=\"suresms sms gateway you tube videos\" height=\"250\" width=\"400\" title=\"you tube 400x250px\" onerror=\"this.style.display='none'\" loading=\"lazy\" \/>\n\t\t\t\t<\/a>\n\t<\/figure>\n<h3><a href=\"https:\/\/www.youtube.com\/@suresmsaps8874\" target=\"_self\">Instructional videos!<\/a><\/h3>Are you getting started with a new feature? Or do you just need to know a little more about how our gateway works?<br \/>\nOn Youtube we have collected our instructional videos. Easy to follow!\n\t\t<h3><a href=\"https:\/\/developer.suresms.com\/\"  target=\"_self\">\t\n\tSMS service online<\/a><\/h3><p>Send messages to customers and users easily via our SMS gateway. Create a free trial account and get started in 5 minutes. Log in with your username on our website.<\/p>\n<p>&nbsp;<\/p>\n<p>Our website is very easy to use whether you are sending from PC, Mac, tablet, Android, Windows or Safari.<\/p>\n<p>&nbsp;<\/p>\n<p>Our SMS service works on all platforms and we're here to help if you have any problems or questions along the way.<\/p>\n\t\t<h3><a href=\"https:\/\/suresms.com\/en\/docs\/\"  target=\"_self\">\t\n\tSMS to the whole world<\/a><\/h3><p>SureSMS is an international gateway and you can easily and cheaply send messages worldwide - no extra fees or expensive subscriptions!<\/p>\n<p>&nbsp;<\/p>\n<p>To send a message abroad, simply log in to our website and send SMS from there.<\/p>\n<p>&nbsp;<\/p>\n<p>The price for SMS abroad varies. Once you've written your message and entered your mobile number and country code in our SMS sender, you can see the price.\u00a0<a title=\"Contact us\" href=\"https:\/\/suresms.com\/en\/about-suresms\/contact\/\">Contact us for more info on pricing here!<\/a><\/p>\n\t\t<h3><a href=\"https:\/\/www.youtube.com\/channel\/UC1XGC5rl9mI9ndtBVn8yq7g\"  target=\"_self\">\t\n\tMany features<\/a><\/h3><p>Our gateway is built by some of the best developers and is updated daily with new features.<\/p>\n<p>&nbsp;<\/p>\n<p>Does your company need to send group SMS, schedule message sends or receive list sign-ups? Do you need an easy integration to your system where quality, security and support work?<\/p>\n<p>&nbsp;<\/p>\n<p>Create a free account and get 50 free SMSes and test our SMS service for yourself. We look forward to hearing from you!<\/p>","protected":false},"excerpt":{"rendered":"<p>Professional SMS Gateway Reliable, fast and easy-to-use SMS gateway with world-class Danish support. No subscription, start without credit card. Complete API for developers. Create free account incl. 50 free SMS messages! Book a demo with Glen SMS platform Flexible SMS gateways in the best quality. Web SMS with many features. Easy to use Free trial account No commitment 0,- ... <a title=\"SMS gateway - professional SMS solutions\" class=\"read-more\" href=\"https:\/\/suresms.com\/en\/\" aria-label=\"Read more about SMS gateway - professional SMS solutions\">Read more<\/a><\/p>","protected":false},"author":1,"featured_media":0,"parent":0,"menu_order":2,"comment_status":"closed","ping_status":"closed","template":"","meta":{"_fl_builder_enabled":"1","_fl_builder_data":null,"_fl_builder_draft":null,"_fl_builder_data_settings":null,"_fl_builder_css":"","_fl_builder_css_version":"","_fl_builder_js":"","footnotes":""},"categories":[],"tags":[],"class_list":["post-1623","page","type-page","status-publish"],"yoast_head":"<!-- This site is optimized with the Yoast SEO Premium plugin v27.3 (Yoast SEO v27.3) - https:\/\/yoast.com\/product\/yoast-seo-premium-wordpress\/ -->\r\n<title>SMS gateway | F\u00e5 en professionel l\u00f8sning til 0 kr. i opstart \u2606<\/title>\r\n<meta name=\"description\" content=\"Professionel SMS gateway m\u00e5lrettet udviklere, virksomheder og foreninger. 0,- kr. i oprettelse, 0,- pr. m\u00e5ned, 18 \u00f8re pr. SMS. Pr\u00f8v gratis\" \/>\r\n<meta name=\"robots\" content=\"index, follow, max-snippet:-1, max-image-preview:large, max-video-preview:-1\" \/>\r\n<link rel=\"canonical\" href=\"https:\/\/suresms.com\/en\/\" \/>\r\n<meta property=\"og:locale\" content=\"en_US\" \/>\r\n<meta property=\"og:type\" content=\"article\" \/>\r\n<meta property=\"og:title\" content=\"SMS gateway - professionelle SMS-l\u00f8sninger\" \/>\r\n<meta property=\"og:description\" content=\"Professionel SMS gateway m\u00e5lrettet udviklere, virksomheder og foreninger. 0,- kr. i oprettelse, 0,- pr. m\u00e5ned, 18 \u00f8re pr. SMS. Pr\u00f8v gratis\" \/>\r\n<meta property=\"og:url\" content=\"https:\/\/suresms.com\/en\/\" \/>\r\n<meta property=\"article:publisher\" content=\"https:\/\/www.facebook.com\/p\/SureSMS-100044607956149\/\" \/>\r\n<meta property=\"article:modified_time\" content=\"2026-04-02T18:29:53+00:00\" \/>\r\n<meta property=\"og:image\" content=\"https:\/\/suresms.com\/wp-content\/uploads\/2019\/05\/cropped-OnlyPhone500-1.png\" \/>\r\n<meta name=\"twitter:card\" content=\"summary_large_image\" \/>\r\n<meta name=\"twitter:label1\" content=\"Est. reading time\" \/>\n\t<meta name=\"twitter:data1\" content=\"15 minutes\" \/>\r\n<script type=\"application\/ld+json\" class=\"yoast-schema-graph\">{\"@context\":\"https:\\\/\\\/schema.org\",\"@graph\":[{\"@type\":\"WebPage\",\"@id\":\"https:\\\/\\\/suresms.com\\\/dk\\\/\",\"url\":\"https:\\\/\\\/suresms.com\",\"name\":\"SMS gateway | F\u00e5 en professionel l\u00f8sning til 0 kr. i opstart \u2606\",\"isPartOf\":{\"@id\":\"https:\\\/\\\/suresms.com\\\/en\\\/#website\"},\"primaryImageOfPage\":{\"@id\":\"https:\\\/\\\/suresms.com#primaryimage\"},\"image\":{\"@id\":\"https:\\\/\\\/suresms.com#primaryimage\"},\"thumbnailUrl\":\"https:\\\/\\\/suresms.com\\\/wp-content\\\/uploads\\\/2019\\\/05\\\/cropped-OnlyPhone500-1.png\",\"datePublished\":\"2016-02-01T18:06:53+00:00\",\"dateModified\":\"2026-04-02T18:29:53+00:00\",\"description\":\"Professionel SMS gateway m\u00e5lrettet udviklere, virksomheder og foreninger. 0,- kr. i oprettelse, 0,- pr. m\u00e5ned, 18 \u00f8re pr. SMS. Pr\u00f8v gratis\",\"breadcrumb\":{\"@id\":\"https:\\\/\\\/suresms.com#breadcrumb\"},\"inLanguage\":\"en-US\",\"potentialAction\":[{\"@type\":\"ReadAction\",\"target\":[\"https:\\\/\\\/suresms.com\"]}]},{\"@type\":\"ImageObject\",\"inLanguage\":\"en-US\",\"@id\":\"https:\\\/\\\/suresms.com#primaryimage\",\"url\":\"https:\\\/\\\/suresms.com\\\/wp-content\\\/uploads\\\/2019\\\/05\\\/cropped-OnlyPhone500-1.png\",\"contentUrl\":\"https:\\\/\\\/suresms.com\\\/wp-content\\\/uploads\\\/2019\\\/05\\\/cropped-OnlyPhone500-1.png\"},{\"@type\":\"BreadcrumbList\",\"@id\":\"https:\\\/\\\/suresms.com#breadcrumb\",\"itemListElement\":[{\"@type\":\"ListItem\",\"position\":1,\"name\":\"Home\",\"item\":\"https:\\\/\\\/suresms.com\\\/dk\\\/\"},{\"@type\":\"ListItem\",\"position\":2,\"name\":\"SMS gateway &#8211; professionelle SMS-l\u00f8sninger\"}]},{\"@type\":\"WebSite\",\"@id\":\"https:\\\/\\\/suresms.com\\\/en\\\/#website\",\"url\":\"https:\\\/\\\/suresms.com\\\/en\\\/\",\"name\":\"SureSMS\",\"description\":\"Professionel SMS Gateway\",\"publisher\":{\"@id\":\"https:\\\/\\\/suresms.com\\\/en\\\/#organization\"},\"potentialAction\":[{\"@type\":\"SearchAction\",\"target\":{\"@type\":\"EntryPoint\",\"urlTemplate\":\"https:\\\/\\\/suresms.com\\\/en\\\/?s={search_term_string}\"},\"query-input\":{\"@type\":\"PropertyValueSpecification\",\"valueRequired\":true,\"valueName\":\"search_term_string\"}}],\"inLanguage\":\"en-US\"},{\"@type\":\"Organization\",\"@id\":\"https:\\\/\\\/suresms.com\\\/en\\\/#organization\",\"name\":\"SureSMS\",\"url\":\"https:\\\/\\\/suresms.com\\\/en\\\/\",\"logo\":{\"@type\":\"ImageObject\",\"inLanguage\":\"en-US\",\"@id\":\"https:\\\/\\\/suresms.com\\\/en\\\/#\\\/schema\\\/logo\\\/image\\\/\",\"url\":\"https:\\\/\\\/suresms.com\\\/wp-content\\\/uploads\\\/2024\\\/11\\\/suresms-300x65-1.png\",\"contentUrl\":\"https:\\\/\\\/suresms.com\\\/wp-content\\\/uploads\\\/2024\\\/11\\\/suresms-300x65-1.png\",\"width\":300,\"height\":65,\"caption\":\"SureSMS\"},\"image\":{\"@id\":\"https:\\\/\\\/suresms.com\\\/en\\\/#\\\/schema\\\/logo\\\/image\\\/\"},\"sameAs\":[\"https:\\\/\\\/www.facebook.com\\\/p\\\/SureSMS-100044607956149\\\/\"]}]}<\/script>\r\n<!-- \/ Yoast SEO Premium plugin. -->","yoast_head_json":{"title":"SMS gateway | Get a professional solution for $0 upfront \u2606.","description":"Professional SMS gateway for developers, businesses and associations. 0,- kr. in setup, 0,- per month, 18 \u00f8re per SMS. Try for free","robots":{"index":"index","follow":"follow","max-snippet":"max-snippet:-1","max-image-preview":"max-image-preview:large","max-video-preview":"max-video-preview:-1"},"canonical":"https:\/\/suresms.com\/en\/","og_locale":"en_US","og_type":"article","og_title":"SMS gateway - professionelle SMS-l\u00f8sninger","og_description":"Professionel SMS gateway m\u00e5lrettet udviklere, virksomheder og foreninger. 0,- kr. i oprettelse, 0,- pr. m\u00e5ned, 18 \u00f8re pr. SMS. Pr\u00f8v gratis","og_url":"https:\/\/suresms.com\/en\/","article_publisher":"https:\/\/www.facebook.com\/p\/SureSMS-100044607956149\/","article_modified_time":"2026-04-02T18:29:53+00:00","og_image":[{"url":"https:\/\/suresms.com\/wp-content\/uploads\/2019\/05\/cropped-OnlyPhone500-1.png","type":"","width":"","height":""}],"twitter_card":"summary_large_image","twitter_misc":{"Est. reading time":"15 minutes"},"schema":{"@context":"https:\/\/schema.org","@graph":[{"@type":"WebPage","@id":"https:\/\/suresms.com\/dk\/","url":"https:\/\/suresms.com","name":"SMS gateway | Get a professional solution for $0 upfront \u2606.","isPartOf":{"@id":"https:\/\/suresms.com\/en\/#website"},"primaryImageOfPage":{"@id":"https:\/\/suresms.com#primaryimage"},"image":{"@id":"https:\/\/suresms.com#primaryimage"},"thumbnailUrl":"https:\/\/suresms.com\/wp-content\/uploads\/2019\/05\/cropped-OnlyPhone500-1.png","datePublished":"2016-02-01T18:06:53+00:00","dateModified":"2026-04-02T18:29:53+00:00","description":"Professional SMS gateway for developers, businesses and associations. 0,- kr. in setup, 0,- per month, 18 \u00f8re per SMS. Try for free","breadcrumb":{"@id":"https:\/\/suresms.com#breadcrumb"},"inLanguage":"en-US","potentialAction":[{"@type":"ReadAction","target":["https:\/\/suresms.com"]}]},{"@type":"ImageObject","inLanguage":"en-US","@id":"https:\/\/suresms.com#primaryimage","url":"https:\/\/suresms.com\/wp-content\/uploads\/2019\/05\/cropped-OnlyPhone500-1.png","contentUrl":"https:\/\/suresms.com\/wp-content\/uploads\/2019\/05\/cropped-OnlyPhone500-1.png"},{"@type":"BreadcrumbList","@id":"https:\/\/suresms.com#breadcrumb","itemListElement":[{"@type":"ListItem","position":1,"name":"Home","item":"https:\/\/suresms.com\/dk\/"},{"@type":"ListItem","position":2,"name":"SMS gateway &#8211; professionelle SMS-l\u00f8sninger"}]},{"@type":"WebSite","@id":"https:\/\/suresms.com\/en\/#website","url":"https:\/\/suresms.com\/en\/","name":"SureSMS","description":"Professional SMS Gateway","publisher":{"@id":"https:\/\/suresms.com\/en\/#organization"},"potentialAction":[{"@type":"SearchAction","target":{"@type":"EntryPoint","urlTemplate":"https:\/\/suresms.com\/en\/?s={search_term_string}"},"query-input":{"@type":"PropertyValueSpecification","valueRequired":true,"valueName":"search_term_string"}}],"inLanguage":"en-US"},{"@type":"Organization","@id":"https:\/\/suresms.com\/en\/#organization","name":"SureSMS","url":"https:\/\/suresms.com\/en\/","logo":{"@type":"ImageObject","inLanguage":"en-US","@id":"https:\/\/suresms.com\/en\/#\/schema\/logo\/image\/","url":"https:\/\/suresms.com\/wp-content\/uploads\/2024\/11\/suresms-300x65-1.png","contentUrl":"https:\/\/suresms.com\/wp-content\/uploads\/2024\/11\/suresms-300x65-1.png","width":300,"height":65,"caption":"SureSMS"},"image":{"@id":"https:\/\/suresms.com\/en\/#\/schema\/logo\/image\/"},"sameAs":["https:\/\/www.facebook.com\/p\/SureSMS-100044607956149\/"]}]}},"_links":{"self":[{"href":"https:\/\/suresms.com\/en\/wp-json\/wp\/v2\/pages\/1623","targetHints":{"allow":["GET"]}}],"collection":[{"href":"https:\/\/suresms.com\/en\/wp-json\/wp\/v2\/pages"}],"about":[{"href":"https:\/\/suresms.com\/en\/wp-json\/wp\/v2\/types\/page"}],"author":[{"embeddable":true,"href":"https:\/\/suresms.com\/en\/wp-json\/wp\/v2\/users\/1"}],"replies":[{"embeddable":true,"href":"https:\/\/suresms.com\/en\/wp-json\/wp\/v2\/comments?post=1623"}],"version-history":[{"count":62,"href":"https:\/\/suresms.com\/en\/wp-json\/wp\/v2\/pages\/1623\/revisions"}],"predecessor-version":[{"id":23892,"href":"https:\/\/suresms.com\/en\/wp-json\/wp\/v2\/pages\/1623\/revisions\/23892"}],"wp:attachment":[{"href":"https:\/\/suresms.com\/en\/wp-json\/wp\/v2\/media?parent=1623"}],"wp:term":[{"taxonomy":"category","embeddable":true,"href":"https:\/\/suresms.com\/en\/wp-json\/wp\/v2\/categories?post=1623"},{"taxonomy":"post_tag","embeddable":true,"href":"https:\/\/suresms.com\/en\/wp-json\/wp\/v2\/tags?post=1623"}],"curies":[{"name":"wp","href":"https:\/\/api.w.org\/{rel}","templated":true}]}}