{"id":1507,"date":"2016-01-14T15:20:23","date_gmt":"2016-01-14T13:20:23","guid":{"rendered":"https:\/\/www.suresms.com\/dk\/?page_id=1507"},"modified":"2026-04-14T04:38:10","modified_gmt":"2026-04-14T04:38:10","slug":"prices-and-payment","status":"publish","type":"page","link":"https:\/\/suresms.com\/en\/om-suresms\/priser-og-betaling\/","title":{"rendered":"Prices and payment"},"content":{"rendered":"<h1>Prices and payment<\/h1>\n<p>Use our price calculator below to find out how much an SMS solution costs per month.<\/p>\n\t<h1>Payment options<\/h1>\n<p>We offer various flexible payment options for our customers.<\/p>\n<ul>\n<li>\n<ul>\n<li>With the SureSMS Gateway Account, you usually buy SMSes with credit cards directly from our website. You will receive an email from us when it's time to top up. Immediately after payment, you will receive an invoice from us.<\/li>\n<\/ul>\n<\/li>\n<\/ul>\n<ul>\n<li>\n<ul>\n<li>Invoice your accountant once a month or per quarter based on the usage in the previous period. If you choose consumption-based invoicing, there is a minimum invoicing of 100,- per month.<\/li>\n<\/ul>\n<\/li>\n<\/ul>\n<ul>\n<li>\n<ul>\n<li>Invoice with prepayment of e.g. 200 or 1000 DKK, which is deposited to your SMS account.<\/li>\n<\/ul>\n<\/li>\n<\/ul>\n<ul>\n<li>\n<ul>\n<li>EAN number invoicing. If you represent a public institution, we have the option to send the invoice to you via EAN number.<\/li>\n<\/ul>\n<\/li>\n<\/ul>\n<p>NB! We accept MasterCard, Visa and MobilePay. <\/p>\n\t<h1>Excess balance at account closure<\/h1>\n<p>If you choose prepayment or credit card payment, it is important to note that any excess amount will not be paid out if the account is later deactivated or closed.<\/p>\n<p>Deposited funds are used exclusively for SMS usage and related services, and any remaining balance will be forfeited upon account termination. This applies regardless of whether payment is made as a one-time prepayment or ongoing top-ups via credit card.<\/p>\n\t<h2>The small print<\/h2>\n<p>Remember that an SMS message can always contain a maximum of 160 characters including spaces!<\/p>\n<p>If your message exceeds 160 characters, it will in practice be sent as separate SMSes and combined into one long text on the recipient's phone. As a customer, you will have to pay for the number of SMSes we send, so longer SMSes will be slightly more expensive.<\/p>\n<p>In our online app there is a counter so you can always see how many characters\/SMSs you are up to while writing your SMS.<\/p>\n<p>&nbsp;<\/p>\n<table>\n<thead>\n<tr>\n<th>Number of characters<\/th>\n<th>Number of SMS<\/th>\n<\/tr>\n<\/thead>\n<tbody>\n<tr>\n<td>0 - 160 characters<\/td>\n<td>1 segment<\/td>\n<\/tr>\n<tr>\n<td>161 - 306 characters<\/td>\n<td>2 segments<\/td>\n<\/tr>\n<tr>\n<td>307 - 459 characters<\/td>\n<td>3 segments<\/td>\n<\/tr>\n<tr>\n<td>460 - 612 characters<\/td>\n<td>4 segments<\/td>\n<\/tr>\n<tr>\n<td>613 - 765 characters<\/td>\n<td>5 segments<\/td>\n<\/tr>\n<tr>\n<td>766 - 918 characters<\/td>\n<td>6 segments<\/td>\n<\/tr>\n<tr>\n<td>919 - 1071 characters<\/td>\n<td>7 segments<\/td>\n<\/tr>\n<tr>\n<td>1072 - 1224 characters<\/td>\n<td>8 segments<\/td>\n<\/tr>\n<tr>\n<td>1225 - 1377 characters<\/td>\n<td>9 segments<\/td>\n<\/tr>\n<tr>\n<td>1378 - 1530 characters<\/td>\n<td>10 segments<\/td>\n<\/tr>\n<\/tbody>\n<\/table>\n<p>If you choose to send characters that are not in the \"normal\" alphabet, such as emojis, the text is sent in a different way and it reduces the number of characters that can be in the message according to the following table.<\/p>\n<p>&nbsp;<\/p>\n<table>\n<thead>\n<tr>\n<th>Number of characters<\/th>\n<th>Number of SMS<\/th>\n<\/tr>\n<\/thead>\n<tbody>\n<tr>\n<td>0 - 70 characters<\/td>\n<td>1 segment<\/td>\n<\/tr>\n<tr>\n<td>71 - 134 characters<\/td>\n<td>2 segments<\/td>\n<\/tr>\n<tr>\n<td>135 - 201 characters<\/td>\n<td>3 segments<\/td>\n<\/tr>\n<tr>\n<td>202 - 268 characters<\/td>\n<td>4 segments<\/td>\n<\/tr>\n<tr>\n<td>269 - 335 characters<\/td>\n<td>5 segments<\/td>\n<\/tr>\n<tr>\n<td>336 - 402 characters<\/td>\n<td>6 segments<\/td>\n<\/tr>\n<tr>\n<td>403 - 469 characters<\/td>\n<td>7 segments<\/td>\n<\/tr>\n<tr>\n<td>470 - 536 characters<\/td>\n<td>8 segments<\/td>\n<\/tr>\n<tr>\n<td>537 - 603 characters<\/td>\n<td>9 segments<\/td>\n<\/tr>\n<tr>\n<td>604 - 670 characters<\/td>\n<td>10 segments<\/td>\n<\/tr>\n<\/tbody>\n<\/table>\n<p>&nbsp;<\/p>\n<p>Also note that it is not technically possible to send SMS messages to 3, 4 or 5 digit numbers - so-called short codes from Sure SMS' gateway.<\/p>","protected":false},"excerpt":{"rendered":"<p>Pricing and payment Use our price calculator below to find out how much an SMS solution costs per month. Payment We offer various flexible payment options for our customers. With SureSMS Gateway Account, you usually purchase SMS messages with a credit card directly from our website. You will receive an email from us when it's time to... <a title=\"Prices and payment\" class=\"read-more\" href=\"https:\/\/suresms.com\/en\/om-suresms\/priser-og-betaling\/\" aria-label=\"Read more about Pricing and payment\">Read more<\/a><\/p>","protected":false},"author":1,"featured_media":0,"parent":18594,"menu_order":26,"comment_status":"closed","ping_status":"closed","template":"","meta":{"_fl_builder_enabled":"1","_fl_builder_data":null,"_fl_builder_draft":null,"_fl_builder_data_settings":null,"_fl_builder_css":"","_fl_builder_css_version":"","_fl_builder_js":"","footnotes":""},"categories":[],"tags":[],"class_list":["post-1507","page","type-page","status-publish"],"yoast_head":"<!-- This site is optimized with the Yoast SEO Premium plugin v27.3 (Yoast SEO v27.3) - https:\/\/yoast.com\/product\/yoast-seo-premium-wordpress\/ -->\r\n<title>Betaling - SureSMS. Gratis faktura. SE info om betaling her!<\/title>\r\n<meta name=\"description\" content=\"Hos SureSMS har du mulighed for at v\u00e6lge forskellige betalingsformer. \u00d8nsker du en faktura sender vi selvf\u00f8lgelig GRATIS faktura til alle vore kunder.\" \/>\r\n<meta name=\"robots\" content=\"index, follow, max-snippet:-1, max-image-preview:large, max-video-preview:-1\" \/>\r\n<link rel=\"canonical\" href=\"https:\/\/suresms.com\/en\/about-suresms\/prices-and-payment\/\" \/>\r\n<meta property=\"og:locale\" content=\"en_US\" \/>\r\n<meta property=\"og:type\" content=\"article\" \/>\r\n<meta property=\"og:title\" content=\"Priser og betaling\" \/>\r\n<meta property=\"og:description\" content=\"Hos SureSMS har du mulighed for at v\u00e6lge forskellige betalingsformer. \u00d8nsker du en faktura sender vi selvf\u00f8lgelig GRATIS faktura til alle vore kunder.\" \/>\r\n<meta property=\"og:url\" content=\"https:\/\/suresms.com\/en\/about-suresms\/prices-and-payment\/\" \/>\r\n<meta property=\"article:publisher\" content=\"https:\/\/www.facebook.com\/p\/SureSMS-100044607956149\/\" \/>\r\n<meta property=\"article:modified_time\" content=\"2026-04-14T04:38:10+00:00\" \/>\r\n<meta name=\"twitter:card\" content=\"summary_large_image\" \/>\r\n<meta name=\"twitter:label1\" content=\"Est. reading time\" \/>\n\t<meta name=\"twitter:data1\" content=\"2 minutes\" \/>\r\n<script type=\"application\/ld+json\" class=\"yoast-schema-graph\">{\"@context\":\"https:\\\/\\\/schema.org\",\"@graph\":[{\"@type\":\"WebPage\",\"@id\":\"https:\\\/\\\/suresms.com\\\/dk\\\/om-suresms\\\/priser-og-betaling\\\/\",\"url\":\"https:\\\/\\\/suresms.com\\\/dk\\\/om-suresms\\\/priser-og-betaling\\\/\",\"name\":\"Betaling - SureSMS. Gratis faktura. SE info om betaling her!\",\"isPartOf\":{\"@id\":\"https:\\\/\\\/suresms.com\\\/en\\\/#website\"},\"datePublished\":\"2016-01-14T13:20:23+00:00\",\"dateModified\":\"2026-04-14T04:38:10+00:00\",\"description\":\"Hos SureSMS har du mulighed for at v\u00e6lge forskellige betalingsformer. \u00d8nsker du en faktura sender vi selvf\u00f8lgelig GRATIS faktura til alle vore kunder.\",\"breadcrumb\":{\"@id\":\"https:\\\/\\\/suresms.com\\\/dk\\\/om-suresms\\\/priser-og-betaling\\\/#breadcrumb\"},\"inLanguage\":\"en-US\",\"potentialAction\":[{\"@type\":\"ReadAction\",\"target\":[\"https:\\\/\\\/suresms.com\\\/dk\\\/om-suresms\\\/priser-og-betaling\\\/\"]}]},{\"@type\":\"BreadcrumbList\",\"@id\":\"https:\\\/\\\/suresms.com\\\/dk\\\/om-suresms\\\/priser-og-betaling\\\/#breadcrumb\",\"itemListElement\":[{\"@type\":\"ListItem\",\"position\":1,\"name\":\"Home\",\"item\":\"https:\\\/\\\/suresms.com\\\/dk\\\/\"},{\"@type\":\"ListItem\",\"position\":2,\"name\":\"Om SureSMS\",\"item\":\"https:\\\/\\\/suresms.com\\\/dk\\\/om-suresms\\\/\"},{\"@type\":\"ListItem\",\"position\":3,\"name\":\"Priser og betaling\"}]},{\"@type\":\"WebSite\",\"@id\":\"https:\\\/\\\/suresms.com\\\/en\\\/#website\",\"url\":\"https:\\\/\\\/suresms.com\\\/en\\\/\",\"name\":\"SureSMS\",\"description\":\"Professionel SMS Gateway\",\"publisher\":{\"@id\":\"https:\\\/\\\/suresms.com\\\/en\\\/#organization\"},\"potentialAction\":[{\"@type\":\"SearchAction\",\"target\":{\"@type\":\"EntryPoint\",\"urlTemplate\":\"https:\\\/\\\/suresms.com\\\/en\\\/?s={search_term_string}\"},\"query-input\":{\"@type\":\"PropertyValueSpecification\",\"valueRequired\":true,\"valueName\":\"search_term_string\"}}],\"inLanguage\":\"en-US\"},{\"@type\":\"Organization\",\"@id\":\"https:\\\/\\\/suresms.com\\\/en\\\/#organization\",\"name\":\"SureSMS\",\"url\":\"https:\\\/\\\/suresms.com\\\/en\\\/\",\"logo\":{\"@type\":\"ImageObject\",\"inLanguage\":\"en-US\",\"@id\":\"https:\\\/\\\/suresms.com\\\/en\\\/#\\\/schema\\\/logo\\\/image\\\/\",\"url\":\"https:\\\/\\\/suresms.com\\\/wp-content\\\/uploads\\\/2024\\\/11\\\/suresms-300x65-1.png\",\"contentUrl\":\"https:\\\/\\\/suresms.com\\\/wp-content\\\/uploads\\\/2024\\\/11\\\/suresms-300x65-1.png\",\"width\":300,\"height\":65,\"caption\":\"SureSMS\"},\"image\":{\"@id\":\"https:\\\/\\\/suresms.com\\\/en\\\/#\\\/schema\\\/logo\\\/image\\\/\"},\"sameAs\":[\"https:\\\/\\\/www.facebook.com\\\/p\\\/SureSMS-100044607956149\\\/\"]}]}<\/script>\r\n<!-- \/ Yoast SEO Premium plugin. -->","yoast_head_json":{"title":"Payment - SureSMS. Free invoice. SEE payment info here!","description":"At SureSMS you have the option to choose different payment methods. If you want an invoice, we will of course send a FREE invoice to all our customers.","robots":{"index":"index","follow":"follow","max-snippet":"max-snippet:-1","max-image-preview":"max-image-preview:large","max-video-preview":"max-video-preview:-1"},"canonical":"https:\/\/suresms.com\/en\/about-suresms\/prices-and-payment\/","og_locale":"en_US","og_type":"article","og_title":"Priser og betaling","og_description":"Hos SureSMS har du mulighed for at v\u00e6lge forskellige betalingsformer. \u00d8nsker du en faktura sender vi selvf\u00f8lgelig GRATIS faktura til alle vore kunder.","og_url":"https:\/\/suresms.com\/en\/about-suresms\/prices-and-payment\/","article_publisher":"https:\/\/www.facebook.com\/p\/SureSMS-100044607956149\/","article_modified_time":"2026-04-14T04:38:10+00:00","twitter_card":"summary_large_image","twitter_misc":{"Est. reading time":"2 minutes"},"schema":{"@context":"https:\/\/schema.org","@graph":[{"@type":"WebPage","@id":"https:\/\/suresms.com\/dk\/om-suresms\/priser-og-betaling\/","url":"https:\/\/suresms.com\/dk\/om-suresms\/priser-og-betaling\/","name":"Payment - SureSMS. Free invoice. SEE payment info here!","isPartOf":{"@id":"https:\/\/suresms.com\/en\/#website"},"datePublished":"2016-01-14T13:20:23+00:00","dateModified":"2026-04-14T04:38:10+00:00","description":"At SureSMS you have the option to choose different payment methods. If you want an invoice, we will of course send a FREE invoice to all our customers.","breadcrumb":{"@id":"https:\/\/suresms.com\/dk\/om-suresms\/priser-og-betaling\/#breadcrumb"},"inLanguage":"en-US","potentialAction":[{"@type":"ReadAction","target":["https:\/\/suresms.com\/dk\/om-suresms\/priser-og-betaling\/"]}]},{"@type":"BreadcrumbList","@id":"https:\/\/suresms.com\/dk\/om-suresms\/priser-og-betaling\/#breadcrumb","itemListElement":[{"@type":"ListItem","position":1,"name":"Home","item":"https:\/\/suresms.com\/dk\/"},{"@type":"ListItem","position":2,"name":"Om SureSMS","item":"https:\/\/suresms.com\/dk\/om-suresms\/"},{"@type":"ListItem","position":3,"name":"Priser og betaling"}]},{"@type":"WebSite","@id":"https:\/\/suresms.com\/en\/#website","url":"https:\/\/suresms.com\/en\/","name":"SureSMS","description":"Professional SMS Gateway","publisher":{"@id":"https:\/\/suresms.com\/en\/#organization"},"potentialAction":[{"@type":"SearchAction","target":{"@type":"EntryPoint","urlTemplate":"https:\/\/suresms.com\/en\/?s={search_term_string}"},"query-input":{"@type":"PropertyValueSpecification","valueRequired":true,"valueName":"search_term_string"}}],"inLanguage":"en-US"},{"@type":"Organization","@id":"https:\/\/suresms.com\/en\/#organization","name":"SureSMS","url":"https:\/\/suresms.com\/en\/","logo":{"@type":"ImageObject","inLanguage":"en-US","@id":"https:\/\/suresms.com\/en\/#\/schema\/logo\/image\/","url":"https:\/\/suresms.com\/wp-content\/uploads\/2024\/11\/suresms-300x65-1.png","contentUrl":"https:\/\/suresms.com\/wp-content\/uploads\/2024\/11\/suresms-300x65-1.png","width":300,"height":65,"caption":"SureSMS"},"image":{"@id":"https:\/\/suresms.com\/en\/#\/schema\/logo\/image\/"},"sameAs":["https:\/\/www.facebook.com\/p\/SureSMS-100044607956149\/"]}]}},"_links":{"self":[{"href":"https:\/\/suresms.com\/en\/wp-json\/wp\/v2\/pages\/1507","targetHints":{"allow":["GET"]}}],"collection":[{"href":"https:\/\/suresms.com\/en\/wp-json\/wp\/v2\/pages"}],"about":[{"href":"https:\/\/suresms.com\/en\/wp-json\/wp\/v2\/types\/page"}],"author":[{"embeddable":true,"href":"https:\/\/suresms.com\/en\/wp-json\/wp\/v2\/users\/1"}],"replies":[{"embeddable":true,"href":"https:\/\/suresms.com\/en\/wp-json\/wp\/v2\/comments?post=1507"}],"version-history":[{"count":15,"href":"https:\/\/suresms.com\/en\/wp-json\/wp\/v2\/pages\/1507\/revisions"}],"predecessor-version":[{"id":23898,"href":"https:\/\/suresms.com\/en\/wp-json\/wp\/v2\/pages\/1507\/revisions\/23898"}],"up":[{"embeddable":true,"href":"https:\/\/suresms.com\/en\/wp-json\/wp\/v2\/pages\/18594"}],"wp:attachment":[{"href":"https:\/\/suresms.com\/en\/wp-json\/wp\/v2\/media?parent=1507"}],"wp:term":[{"taxonomy":"category","embeddable":true,"href":"https:\/\/suresms.com\/en\/wp-json\/wp\/v2\/categories?post=1507"},{"taxonomy":"post_tag","embeddable":true,"href":"https:\/\/suresms.com\/en\/wp-json\/wp\/v2\/tags?post=1507"}],"curies":[{"name":"wp","href":"https:\/\/api.w.org\/{rel}","templated":true}]}}