{"id":14720,"date":"2022-03-30T07:48:47","date_gmt":"2022-03-30T05:48:47","guid":{"rendered":"https:\/\/www.suresms.com\/dk\/?page_id=14720"},"modified":"2025-03-16T07:29:09","modified_gmt":"2025-03-16T07:29:09","slug":"sms-integration-systems","status":"publish","type":"page","link":"https:\/\/suresms.com\/en\/integrationer\/sms-integrationssystemer\/","title":{"rendered":"SMS integration for Integration Software"},"content":{"rendered":"\n\n\t\t\t\t<!-- Flexy Breadcrumb -->\r\n\t\t\t<div class=\"fbc fbc-page\">\r\n\r\n\t\t\t\t<!-- Breadcrumb wrapper -->\r\n\t\t\t\t<div class=\"fbc-wrap\">\r\n\r\n\t\t\t\t\t<!-- Ordered list-->\r\n\t\t\t\t\t<ol class=\"fbc-items\" itemscope itemtype=\"https:\/\/schema.org\/BreadcrumbList\">\r\n\t\t\t\t\t\t            <li itemprop=\"itemListElement\" itemscope itemtype=\"https:\/\/schema.org\/ListItem\">\r\n                <span itemprop=\"name\">\r\n                    <!-- Home Link -->\r\n                    <a itemprop=\"item\" href=\"https:\/\/suresms.com\">\r\n                    \r\n                                                    <i class=\"fa fa-home\" aria-hidden=\"true\"><\/i>Home                    <\/a>\r\n                <\/span>\r\n                <meta itemprop=\"position\" content=\"1\" \/><!-- Meta Position-->\r\n             <\/li><li><span class=\"fbc-separator\">\/<\/span><\/li><li class=\"active\" itemprop=\"itemListElement\" itemscope itemtype=\"https:\/\/schema.org\/ListItem\"><span itemprop=\"name\" title=\"SMS integration til Integrations Software\">SMS integration til Integrations...<\/span><meta itemprop=\"position\" content=\"2\" \/><\/li>\t\t\t\t\t<\/ol>\r\n\t\t\t\t\t<div class=\"clearfix\"><\/div>\r\n\t\t\t\t<\/div>\r\n\t\t\t<\/div>\r\n\t\t\t\n\t\t<h1><strong>SMS integration til Integrations Systemer<\/strong><\/h1>\n\t\t\t\t<img loading=\"lazy\" decoding=\"async\" src=\"https:\/\/suresms.com\/wp-content\/uploads\/2021\/10\/OnlineBookingSystems-1.png\" alt=\"OnlineBookingSystems\" itemprop=\"image\" height=\"440\" width=\"1109\" title=\"OnlineBookingSystems\" onerror=\"this.style.display='none'\"  \/>\n\t<h3>Med SMS integration til dit booking eller vikar system kan du hurtigt og effektivt kommunikere med kunder og vikarer. V\u00e6r sikker p\u00e5 at kunden kommer til tiden og f\u00e5 besat vagten effektivt.<\/h3>\n\t\t<h3>SMS i booking- og vikar systemer<\/h3><p>Den st\u00f8rste fordel ved at bruge SMS hvis du har et booking system er at du reducerer no-show. SureSMS har lavet en unders\u00f8gelse der viser at v\u00e6rdien af en SMS for tandl\u00e6ger i 2018 var 8 kroner. Det var en unders\u00f8gelse der s\u00e5 p\u00e5 hvor mange no-shows tandl\u00e6ger uden SMS havde i sammenligning med de tandl\u00e6ger der brugte SMS. Dette sammenholdt med prisen p\u00e5 en tandl\u00e6gestol med husleje, assistent-l\u00f8n, tandl\u00e6ge l\u00f8n og tabt fortjeneste. De fleste bookingsystemer tillader ikke at man bruger andre SMS gateway end deres egen. Det er fordi de ved at de kan tage op til 1 kroner for en SMS og det kan de tjene godt p\u00e5, samtidig med at du som salon- eller klinikejer stadig laver en god forretnign.<\/p>\n<p>&nbsp;<\/p>\n\t\t\t\t<img loading=\"lazy\" decoding=\"async\" src=\"https:\/\/suresms.com\/wp-content\/uploads\/2021\/10\/Understoettelse-af-SMS-systemer-1.png\" alt=\"Underst\u00f8ttelse af SMS systemer\" itemprop=\"image\" height=\"380\" width=\"670\" title=\"Underst\u00f8ttelse af SMS systemer\" onerror=\"this.style.display='none'\"  \/>\n\t\t<h3>Hvilke systemer underst\u00f8tter alternative SMS gateway<\/h3><p>Der er dog nogle klink- og booking systemer der underst\u00f8tter at man bruger andre SMS l\u00f8sninger end deres egne. Nogle har en h\u00e5ndfuld at v\u00e6lge mellem og andre har et \u00e5bent API.<\/p>\n<p>Hvis dit bookingsystem har en liste af SMS gateways, men SureSMS ikke st\u00e5r p\u00e5 listen, s\u00e5 vil vi rigtig gerne have en <a href=\"mailto:support@suresms.com\">mail fra dig<\/a>. Det betyder nemlig at dit bookingsystem underst\u00f8tter flere SMS gateways og s\u00e5 er det sandsynligt at de ogs\u00e5 vil lave et samarbejde med os. Hvis vi kontakter dem sammen plejer de at v\u00e6re lydh\u00f8r og hj\u00e6lpe med at lave en integration.<\/p>\n<p>Her til h\u00f8jre p\u00e5 siden kan du se en liste over de systemer vi allerede integrerer til. Hvis ikke dit system findes p\u00e5 listen s\u00e5 send os en mail via ovenst\u00e5ende link.<\/p>\n\t\t<h3>Hvad skal du v\u00e6re opm\u00e6rksom p\u00e5 n\u00e5r du sender SMS?<\/h3><p>N\u00e5r du sender SMS fra dit bookingsystem kan prisen p\u00e5 SMS&#8217;er faktisk v\u00e6re afg\u00f8rende for, hvilket booking-system du skal v\u00e6lge. Det samme g\u00e6lder for vikar systemer. Hvis prisen er 1 krone kan det hurtigt blive dyrt at sende et godt tilbud til alle dine kunder.<\/p>\n<p>Udover <strong>prisen<\/strong> er der ogs\u00e5 en r\u00e6kke funktioner du skal v\u00e6re opm\u00e6rksomme p\u00e5.<\/p>\n<h4>Modtag SMS i dit bookingsystem<\/h4>\n<p>Det kan give dig en stor besparelse som skrevet ovenfor, hvis du kan sende SMS fra dit system. Men det kan give dig en endnu st\u00f8rre besparelse hvis du kan modtage svar. I SureSMS tilbyder vi en s\u00e5kaldt 2-vejs sms l\u00f8sning. Det betyder at kunderne kan besvare din SMS. De kan f.eks. aflyse tiden eller bede om en ny tid. De kan \u00e6ndre deres ordre eller stille et sp\u00f8rgsm\u00e5l. Alt sammen noget der normalt ville tage et telefonopkald og forstyrre dig i din behandling. V\u00e6r opm\u00e6rksom p\u00e5 om dit bookingsystem (eller det du er ved at v\u00e6lge) tilbyder indg\u00e5ende SMS beskeder.<\/p>\n<h4>Markering af &#8220;d\u00e5rlige&#8221; numre<\/h4>\n<p>Vi skifter ind i mellem telefonnummer. Nyt job eller en nyere model med tilskud. Men, ikke mange mennesker t\u00e6nker p\u00e5 at fort\u00e6lle deres fris\u00f8r at de har f\u00e5et nyt nummer. Det betyder at nogle af de numre du har ikke l\u00e6ngere er gyldige. SureSMS har en l\u00f8sning hvor vi fjerner ugyldige numre. Det sparer dig for at betale for SMS&#8217;er sendt til numre der ikke l\u00e6ngere eksistere. Tjek om dit bookingsystem g\u00f8r det, ellers skal du nok lave en manuel process for at rydde ud i disse numre.<\/p>\n<p>&nbsp;<\/p>\n<p>&nbsp;<\/p>\n\t\t\t\t<img loading=\"lazy\" decoding=\"async\" src=\"https:\/\/suresms.com\/wp-content\/uploads\/2021\/10\/Kalendersystemer-1.png\" alt=\"Kalendersystemer\" itemprop=\"image\" height=\"459\" width=\"492\" title=\"Kalendersystemer\" onerror=\"this.style.display='none'\"  \/>\n\t\t<h3>iCalender integration<\/h3><p>Som en sidste mulighed underst\u00f8tter nogle bookingsystemer det s\u00e5kaldte iCalendar system. iCalendar er en standard for at dele kalendre p\u00e5 internettet. Det er hovedsagelig internationale bookingsystemer der underst\u00f8tter denne mulighed. Hvis du i ops\u00e6tningen i dit bookingsystem kan finde en mulighed for at dele kalenderen, s\u00e5 kan SureSMS l\u00e6se denne kalender og sende SMS ud fra hvad der st\u00e5r i den.<\/p>\n<p>Dette g\u00e6lder for Microsoft Outlook, Google Calendar og Apples kalender. De underst\u00f8tter alle denne mulighed s\u00e5 hvis du bruger en af disse platforme til at lave bookinger i, s\u00e5 kan vi underst\u00f8tte dette. Vi har dog ogs\u00e5 et <a href=\"https:\/\/www.suresms.com\/dk\/sms-outlook-add\/\">Outlook plugin<\/a> som g\u00f8r det meget nemmere at s\u00e6tte op fra Outlook.<\/p>\n\t\n<div class=\"wpcf7 no-js\" id=\"wpcf7-f3509-o1\" lang=\"en-US\" dir=\"ltr\" data-wpcf7-id=\"3509\">\n<div class=\"screen-reader-response\"><p role=\"status\" aria-live=\"polite\" aria-atomic=\"true\"><\/p> <ul><\/ul><\/div>\n<form action=\"\/en\/wp-json\/wp\/v2\/pages\/14720#wpcf7-f3509-o1\" method=\"post\" class=\"wpcf7-form init\" aria-label=\"Contact form\" novalidate=\"novalidate\" data-status=\"init\">\n<fieldset class=\"hidden-fields-container\"><input type=\"hidden\" name=\"_wpcf7\" value=\"3509\" \/><input type=\"hidden\" name=\"_wpcf7_version\" value=\"6.1.5\" \/><input type=\"hidden\" name=\"_wpcf7_locale\" value=\"en_US\" \/><input type=\"hidden\" name=\"_wpcf7_unit_tag\" value=\"wpcf7-f3509-o1\" \/><input type=\"hidden\" name=\"_wpcf7_container_post\" value=\"0\" \/><input type=\"hidden\" name=\"_wpcf7_posted_data_hash\" value=\"\" \/>\n<\/fieldset>\n<p>Bestil en gratis test-konto nu!!\n<\/p>\n<p><span class=\"wpcf7-form-control-wrap\" data-name=\"your-name\"><input size=\"40\" maxlength=\"400\" class=\"wpcf7-form-control wpcf7-text wpcf7-validates-as-required\" aria-required=\"true\" aria-invalid=\"false\" placeholder=\"Firmanavn*\" value=\"\" type=\"text\" name=\"your-name\" \/><\/span>\n<\/p>\n<p><span class=\"wpcf7-form-control-wrap\" data-name=\"dit-navn\"><input size=\"40\" maxlength=\"400\" class=\"wpcf7-form-control wpcf7-text wpcf7-validates-as-required\" aria-required=\"true\" aria-invalid=\"false\" placeholder=\"Dit navn*\" value=\"\" type=\"text\" name=\"dit-navn\" \/><\/span>\n<\/p>\n<p><span class=\"wpcf7-form-control-wrap\" data-name=\"emailaddress\"><input size=\"40\" maxlength=\"400\" class=\"wpcf7-form-control wpcf7-email wpcf7-validates-as-required wpcf7-text wpcf7-validates-as-email\" aria-required=\"true\" aria-invalid=\"false\" placeholder=\"E-mail*\" value=\"\" type=\"email\" name=\"emailaddress\" \/><\/span>\n<\/p>\n<div style=\"display:flex;\">\n\t<p><span class=\"wpcf7-form-control-wrap\" data-name=\"CountryCode\"><select class=\"wpcf7-form-control wpcf7-select wpcf7-validates-as-required\" aria-required=\"true\" aria-invalid=\"false\" name=\"CountryCode\"><option value=\"DK (+45)\">DK (+45)<\/option><option value=\"SE (+46)\">SE (+46)<\/option><option value=\"NO (+47)\">NO (+47)<\/option><option value=\"DE (+49)\">DE (+49)<\/option><option value=\"KN (+299)\">KN (+299)<\/option><option value=\"FO (+298)\">FO (+298)<\/option><\/select><\/span> &nbsp;&nbsp; <span class=\"wpcf7-form-control-wrap\" data-name=\"Phonenumber\"><input size=\"14\" maxlength=\"400\" class=\"wpcf7-form-control wpcf7-tel wpcf7-validates-as-required wpcf7-text wpcf7-validates-as-tel\" aria-required=\"true\" aria-invalid=\"false\" placeholder=\"Mobil nummer*\" value=\"\" type=\"tel\" name=\"Phonenumber\" \/><\/span>\n\t<\/p>\n<\/div>\n<p>Password sendes med SMS til dette nummer.\n<\/p>\n<p> Anvendelse:&nbsp;&nbsp;&nbsp;&nbsp;&nbsp;&nbsp;&nbsp;&nbsp;&nbsp;&nbsp; <span class=\"wpcf7-form-control-wrap\" data-name=\"Anvendelse\"><select class=\"wpcf7-form-control wpcf7-select wpcf7-validates-as-required\" id=\"Anvendelse\" aria-required=\"true\" aria-invalid=\"false\" name=\"Anvendelse\"><option value=\"\">&#8212;Please choose an option&#8212;<\/option><option value=\"Forening\">Forening<\/option><option value=\"Virksomhed\">Virksomhed<\/option><option value=\"Myndighed\">Myndighed<\/option><option value=\"Andet\">Andet<\/option><\/select><\/span>\n<\/p>\n<p><span class=\"wpcf7-form-control-wrap\" data-name=\"api\"><span class=\"wpcf7-form-control wpcf7-checkbox\"><span class=\"wpcf7-list-item first last\"><label><input type=\"checkbox\" name=\"api[]\" value=\"Jeg er softwareudvikler\" \/><span class=\"wpcf7-list-item-label\">Jeg er softwareudvikler<\/span><\/label><\/span><\/span><\/span>\n<\/p>\n<input class=\"wpcf7-form-control wpcf7-hidden\" value=\"\" type=\"hidden\" name=\"text\" \/>\n<p><div class=\"cf7-cf-turnstile\" style=\"margin-top: 0px; margin-bottom: -15px;\"> <div id=\"cf-turnstile-cf7-2116298172\" class=\"cf-turnstile\" data-sitekey=\"0x4AAAAAAB8YGArd9ML-HbMW\" data-theme=\"light\" data-language=\"auto\" data-size=\"normal\" data-retry=\"auto\" data-retry-interval=\"1000\" data-refresh-expired=\"auto\" data-action=\"contact-form-7\" data-appearance=\"always\"><\/div> <script>document.addEventListener(\"DOMContentLoaded\", function() { setTimeout(function(){ var e=document.getElementById(\"cf-turnstile-cf7-2116298172\"); e&&!e.innerHTML.trim()&&(turnstile.remove(\"#cf-turnstile-cf7-2116298172\"), turnstile.render(\"#cf-turnstile-cf7-2116298172\", {sitekey:\"0x4AAAAAAB8YGArd9ML-HbMW\"})); }, 100); });<\/script> <br class=\"cf-turnstile-br cf-turnstile-br-cf7-2116298172\"> <style>#cf-turnstile-cf7-2116298172 { margin-left: -15px; }<\/style> <script>document.addEventListener(\"DOMContentLoaded\",function(){document.querySelectorAll('.wpcf7-form').forEach(function(e){e.addEventListener('submit',function(){if(document.getElementById('cf-turnstile-cf7-2116298172')){setTimeout(function(){turnstile.reset('#cf-turnstile-cf7-2116298172');},1000)}})})});<\/script> <\/div><br\/><input class=\"wpcf7-form-control wpcf7-submit has-spinner submit\" type=\"submit\" value=\"Send\" \/><span class=\"send_arrow\"><\/span>\n<\/p>\n<p>[cf7sr-recaptcha]\n<\/p><div class=\"wpcf7-response-output\" aria-hidden=\"true\"><\/div>\n<\/form>\n<\/div>\n\n\t<p>Herunder kan du se nogle af de integrationer der allerede findes mellem SureSMS og Booking- og vikar systemer.<\/p>\n\t\t\t\t<a href=\"https:\/\/www.suresms.com\/dk\/integrationer\/sms-integrationssystemer\/sms-zapier\/\"  target=\"_self\" itemprop=\"url\">\n\t\t\t\t<img loading=\"lazy\" decoding=\"async\" src=\"https:\/\/suresms.com\/wp-content\/uploads\/2024\/11\/zapier-logo_processed-1.png\" alt=\"zapier-logo_processed\" itemprop=\"image\" height=\"400\" width=\"400\" title=\"zapier-logo_processed\" onerror=\"this.style.display='none'\"  \/>\n\t\t\t\t<\/a>\n<h3><a href=\"https:\/\/www.suresms.com\/dk\/integrationer\/sms-integrationssystemer\/sms-zapier\/\" target=\"_self\">Zapier<\/a><\/h3><p>Zapier giver dig mulighed for at forbinde til mere end 4000 systemer. Det er forholdsvis prisvenligt og meget brugervenligt integrationssystem hvor du kan forbinde mange forskellige l\u00f8sninger uden at skulle skrive en eneste linje kode.<\/p>\n\n","protected":false},"excerpt":{"rendered":"<p>SMS integration for integration systems With SMS integration for your booking or temp system, you can communicate with customers and temps quickly and efficiently. Make sure your customers arrive on time and get the shift filled efficiently. SMS in booking and temp systems The biggest advantage of using SMS if you have a booking and temp system is ... <a title=\"SMS integration for Integration Software\" class=\"read-more\" href=\"https:\/\/suresms.com\/en\/integrationer\/sms-integrationssystemer\/\" aria-label=\"Read more about SMS integration for Integrations Software\">Read more<\/a><\/p>","protected":false},"author":1,"featured_media":0,"parent":9400,"menu_order":1,"comment_status":"closed","ping_status":"closed","template":"","meta":{"_fl_builder_enabled":"1","_fl_builder_data":null,"_fl_builder_draft":null,"_fl_builder_data_settings":null,"_fl_builder_css":"","_fl_builder_css_version":"","_fl_builder_js":"","footnotes":""},"categories":[],"tags":[],"class_list":["post-14720","page","type-page","status-publish"],"yoast_head":"<!-- This site is optimized with the Yoast SEO Premium plugin v27.3 (Yoast SEO v27.3) - https:\/\/yoast.com\/product\/yoast-seo-premium-wordpress\/ -->\r\n<title>SMS integration til Integrations Software - SMS integrationer til 2000+ systemer<\/title>\r\n<meta name=\"description\" content=\"SMS integrationer med 2000+ systemer. Mange forskellige muligheder og gratis ops\u00e6tning. API, webservice, JSON og meget mere\" \/>\r\n<meta name=\"robots\" content=\"index, follow, max-snippet:-1, max-image-preview:large, max-video-preview:-1\" \/>\r\n<link rel=\"canonical\" href=\"https:\/\/suresms.com\/en\/integrations\/sms-integration-systems\/\" \/>\r\n<meta property=\"og:locale\" content=\"en_US\" \/>\r\n<meta property=\"og:type\" content=\"article\" \/>\r\n<meta property=\"og:title\" content=\"SMS integration til Integrations Software\" \/>\r\n<meta property=\"og:description\" content=\"SMS integrationer med 2000+ systemer. Mange forskellige muligheder og gratis ops\u00e6tning. API, webservice, JSON og meget mere\" \/>\r\n<meta property=\"og:url\" content=\"https:\/\/suresms.com\/en\/integrations\/sms-integration-systems\/\" \/>\r\n<meta property=\"article:publisher\" content=\"https:\/\/www.facebook.com\/p\/SureSMS-100044607956149\/\" \/>\r\n<meta property=\"article:modified_time\" content=\"2025-03-16T07:29:09+00:00\" \/>\r\n<meta property=\"og:image\" content=\"https:\/\/suresms.com\/wp-content\/uploads\/2021\/10\/OnlineBookingSystems-1.png\" \/>\r\n<meta name=\"twitter:card\" content=\"summary_large_image\" \/>\r\n<meta name=\"twitter:label1\" content=\"Est. reading time\" \/>\n\t<meta name=\"twitter:data1\" content=\"7 minutes\" \/>\r\n<script type=\"application\/ld+json\" class=\"yoast-schema-graph\">{\"@context\":\"https:\\\/\\\/schema.org\",\"@graph\":[{\"@type\":\"WebPage\",\"@id\":\"https:\\\/\\\/suresms.com\\\/dk\\\/integrationer\\\/sms-integrationssystemer\\\/\",\"url\":\"https:\\\/\\\/suresms.com\\\/dk\\\/integrationer\\\/sms-integrationssystemer\\\/\",\"name\":\"SMS integration til Integrations Software - SMS integrationer til 2000+ systemer\",\"isPartOf\":{\"@id\":\"https:\\\/\\\/suresms.com\\\/en\\\/#website\"},\"primaryImageOfPage\":{\"@id\":\"https:\\\/\\\/suresms.com\\\/dk\\\/integrationer\\\/sms-integrationssystemer\\\/#primaryimage\"},\"image\":{\"@id\":\"https:\\\/\\\/suresms.com\\\/dk\\\/integrationer\\\/sms-integrationssystemer\\\/#primaryimage\"},\"thumbnailUrl\":\"https:\\\/\\\/suresms.com\\\/wp-content\\\/uploads\\\/2021\\\/10\\\/OnlineBookingSystems-1.png\",\"datePublished\":\"2022-03-30T05:48:47+00:00\",\"dateModified\":\"2025-03-16T07:29:09+00:00\",\"description\":\"SMS integrationer med 2000+ systemer. Mange forskellige muligheder og gratis ops\u00e6tning. API, webservice, JSON og meget mere\",\"breadcrumb\":{\"@id\":\"https:\\\/\\\/suresms.com\\\/dk\\\/integrationer\\\/sms-integrationssystemer\\\/#breadcrumb\"},\"inLanguage\":\"en-US\",\"potentialAction\":[{\"@type\":\"ReadAction\",\"target\":[\"https:\\\/\\\/suresms.com\\\/dk\\\/integrationer\\\/sms-integrationssystemer\\\/\"]}]},{\"@type\":\"ImageObject\",\"inLanguage\":\"en-US\",\"@id\":\"https:\\\/\\\/suresms.com\\\/dk\\\/integrationer\\\/sms-integrationssystemer\\\/#primaryimage\",\"url\":\"https:\\\/\\\/suresms.com\\\/wp-content\\\/uploads\\\/2021\\\/10\\\/OnlineBookingSystems-1.png\",\"contentUrl\":\"https:\\\/\\\/suresms.com\\\/wp-content\\\/uploads\\\/2021\\\/10\\\/OnlineBookingSystems-1.png\"},{\"@type\":\"BreadcrumbList\",\"@id\":\"https:\\\/\\\/suresms.com\\\/dk\\\/integrationer\\\/sms-integrationssystemer\\\/#breadcrumb\",\"itemListElement\":[{\"@type\":\"ListItem\",\"position\":1,\"name\":\"Home\",\"item\":\"https:\\\/\\\/suresms.com\\\/dk\\\/\"},{\"@type\":\"ListItem\",\"position\":2,\"name\":\"Integrationer\",\"item\":\"https:\\\/\\\/suresms.com\\\/dk\\\/integrationer\\\/\"},{\"@type\":\"ListItem\",\"position\":3,\"name\":\"SMS integration til Integrations Software\"}]},{\"@type\":\"WebSite\",\"@id\":\"https:\\\/\\\/suresms.com\\\/en\\\/#website\",\"url\":\"https:\\\/\\\/suresms.com\\\/en\\\/\",\"name\":\"SureSMS\",\"description\":\"Professionel SMS Gateway\",\"publisher\":{\"@id\":\"https:\\\/\\\/suresms.com\\\/en\\\/#organization\"},\"potentialAction\":[{\"@type\":\"SearchAction\",\"target\":{\"@type\":\"EntryPoint\",\"urlTemplate\":\"https:\\\/\\\/suresms.com\\\/en\\\/?s={search_term_string}\"},\"query-input\":{\"@type\":\"PropertyValueSpecification\",\"valueRequired\":true,\"valueName\":\"search_term_string\"}}],\"inLanguage\":\"en-US\"},{\"@type\":\"Organization\",\"@id\":\"https:\\\/\\\/suresms.com\\\/en\\\/#organization\",\"name\":\"SureSMS\",\"url\":\"https:\\\/\\\/suresms.com\\\/en\\\/\",\"logo\":{\"@type\":\"ImageObject\",\"inLanguage\":\"en-US\",\"@id\":\"https:\\\/\\\/suresms.com\\\/en\\\/#\\\/schema\\\/logo\\\/image\\\/\",\"url\":\"https:\\\/\\\/suresms.com\\\/wp-content\\\/uploads\\\/2024\\\/11\\\/suresms-300x65-1.png\",\"contentUrl\":\"https:\\\/\\\/suresms.com\\\/wp-content\\\/uploads\\\/2024\\\/11\\\/suresms-300x65-1.png\",\"width\":300,\"height\":65,\"caption\":\"SureSMS\"},\"image\":{\"@id\":\"https:\\\/\\\/suresms.com\\\/en\\\/#\\\/schema\\\/logo\\\/image\\\/\"},\"sameAs\":[\"https:\\\/\\\/www.facebook.com\\\/p\\\/SureSMS-100044607956149\\\/\"]}]}<\/script>\r\n<!-- \/ Yoast SEO Premium plugin. -->","yoast_head_json":{"title":"SMS integration for Integration Software - SMS integrations for 2000+ systems","description":"SMS integrations with 2000+ systems. Many different options and free setup. API, web service, JSON and much more","robots":{"index":"index","follow":"follow","max-snippet":"max-snippet:-1","max-image-preview":"max-image-preview:large","max-video-preview":"max-video-preview:-1"},"canonical":"https:\/\/suresms.com\/en\/integrations\/sms-integration-systems\/","og_locale":"en_US","og_type":"article","og_title":"SMS integration til Integrations Software","og_description":"SMS integrationer med 2000+ systemer. Mange forskellige muligheder og gratis ops\u00e6tning. API, webservice, JSON og meget mere","og_url":"https:\/\/suresms.com\/en\/integrations\/sms-integration-systems\/","article_publisher":"https:\/\/www.facebook.com\/p\/SureSMS-100044607956149\/","article_modified_time":"2025-03-16T07:29:09+00:00","og_image":[{"url":"https:\/\/suresms.com\/wp-content\/uploads\/2021\/10\/OnlineBookingSystems-1.png","type":"","width":"","height":""}],"twitter_card":"summary_large_image","twitter_misc":{"Est. reading time":"7 minutes"},"schema":{"@context":"https:\/\/schema.org","@graph":[{"@type":"WebPage","@id":"https:\/\/suresms.com\/dk\/integrationer\/sms-integrationssystemer\/","url":"https:\/\/suresms.com\/dk\/integrationer\/sms-integrationssystemer\/","name":"SMS integration for Integration Software - SMS integrations for 2000+ systems","isPartOf":{"@id":"https:\/\/suresms.com\/en\/#website"},"primaryImageOfPage":{"@id":"https:\/\/suresms.com\/dk\/integrationer\/sms-integrationssystemer\/#primaryimage"},"image":{"@id":"https:\/\/suresms.com\/dk\/integrationer\/sms-integrationssystemer\/#primaryimage"},"thumbnailUrl":"https:\/\/suresms.com\/wp-content\/uploads\/2021\/10\/OnlineBookingSystems-1.png","datePublished":"2022-03-30T05:48:47+00:00","dateModified":"2025-03-16T07:29:09+00:00","description":"SMS integrations with 2000+ systems. Many different options and free setup. API, web service, JSON and much more","breadcrumb":{"@id":"https:\/\/suresms.com\/dk\/integrationer\/sms-integrationssystemer\/#breadcrumb"},"inLanguage":"en-US","potentialAction":[{"@type":"ReadAction","target":["https:\/\/suresms.com\/dk\/integrationer\/sms-integrationssystemer\/"]}]},{"@type":"ImageObject","inLanguage":"en-US","@id":"https:\/\/suresms.com\/dk\/integrationer\/sms-integrationssystemer\/#primaryimage","url":"https:\/\/suresms.com\/wp-content\/uploads\/2021\/10\/OnlineBookingSystems-1.png","contentUrl":"https:\/\/suresms.com\/wp-content\/uploads\/2021\/10\/OnlineBookingSystems-1.png"},{"@type":"BreadcrumbList","@id":"https:\/\/suresms.com\/dk\/integrationer\/sms-integrationssystemer\/#breadcrumb","itemListElement":[{"@type":"ListItem","position":1,"name":"Home","item":"https:\/\/suresms.com\/dk\/"},{"@type":"ListItem","position":2,"name":"Integrationer","item":"https:\/\/suresms.com\/dk\/integrationer\/"},{"@type":"ListItem","position":3,"name":"SMS integration til Integrations Software"}]},{"@type":"WebSite","@id":"https:\/\/suresms.com\/en\/#website","url":"https:\/\/suresms.com\/en\/","name":"SureSMS","description":"Professional SMS Gateway","publisher":{"@id":"https:\/\/suresms.com\/en\/#organization"},"potentialAction":[{"@type":"SearchAction","target":{"@type":"EntryPoint","urlTemplate":"https:\/\/suresms.com\/en\/?s={search_term_string}"},"query-input":{"@type":"PropertyValueSpecification","valueRequired":true,"valueName":"search_term_string"}}],"inLanguage":"en-US"},{"@type":"Organization","@id":"https:\/\/suresms.com\/en\/#organization","name":"SureSMS","url":"https:\/\/suresms.com\/en\/","logo":{"@type":"ImageObject","inLanguage":"en-US","@id":"https:\/\/suresms.com\/en\/#\/schema\/logo\/image\/","url":"https:\/\/suresms.com\/wp-content\/uploads\/2024\/11\/suresms-300x65-1.png","contentUrl":"https:\/\/suresms.com\/wp-content\/uploads\/2024\/11\/suresms-300x65-1.png","width":300,"height":65,"caption":"SureSMS"},"image":{"@id":"https:\/\/suresms.com\/en\/#\/schema\/logo\/image\/"},"sameAs":["https:\/\/www.facebook.com\/p\/SureSMS-100044607956149\/"]}]}},"_links":{"self":[{"href":"https:\/\/suresms.com\/en\/wp-json\/wp\/v2\/pages\/14720","targetHints":{"allow":["GET"]}}],"collection":[{"href":"https:\/\/suresms.com\/en\/wp-json\/wp\/v2\/pages"}],"about":[{"href":"https:\/\/suresms.com\/en\/wp-json\/wp\/v2\/types\/page"}],"author":[{"embeddable":true,"href":"https:\/\/suresms.com\/en\/wp-json\/wp\/v2\/users\/1"}],"replies":[{"embeddable":true,"href":"https:\/\/suresms.com\/en\/wp-json\/wp\/v2\/comments?post=14720"}],"version-history":[{"count":4,"href":"https:\/\/suresms.com\/en\/wp-json\/wp\/v2\/pages\/14720\/revisions"}],"predecessor-version":[{"id":22517,"href":"https:\/\/suresms.com\/en\/wp-json\/wp\/v2\/pages\/14720\/revisions\/22517"}],"up":[{"embeddable":true,"href":"https:\/\/suresms.com\/en\/wp-json\/wp\/v2\/pages\/9400"}],"wp:attachment":[{"href":"https:\/\/suresms.com\/en\/wp-json\/wp\/v2\/media?parent=14720"}],"wp:term":[{"taxonomy":"category","embeddable":true,"href":"https:\/\/suresms.com\/en\/wp-json\/wp\/v2\/categories?post=14720"},{"taxonomy":"post_tag","embeddable":true,"href":"https:\/\/suresms.com\/en\/wp-json\/wp\/v2\/tags?post=14720"}],"curies":[{"name":"wp","href":"https:\/\/api.w.org\/{rel}","templated":true}]}}