{"id":1449,"date":"2015-12-14T16:52:32","date_gmt":"2015-12-14T14:52:32","guid":{"rendered":"https:\/\/www.suresms.com\/dk\/?page_id=1449"},"modified":"2025-01-10T11:01:15","modified_gmt":"2025-01-10T11:01:15","slug":"monitoring","status":"publish","type":"page","link":"https:\/\/suresms.com\/en\/om-suresms\/overvagning\/","title":{"rendered":"Monitoring"},"content":{"rendered":"<!-- Flexy Breadcrumb -->\r\n\t\t\t<div class=\"fbc fbc-page\">\r\n\r\n\t\t\t\t<!-- Breadcrumb wrapper -->\r\n\t\t\t\t<div class=\"fbc-wrap\">\r\n\r\n\t\t\t\t\t<!-- Ordered list-->\r\n\t\t\t\t\t<ol class=\"fbc-items\" itemscope itemtype=\"https:\/\/schema.org\/BreadcrumbList\">\r\n\t\t\t\t\t\t            <li itemprop=\"itemListElement\" itemscope itemtype=\"https:\/\/schema.org\/ListItem\">\r\n                <span itemprop=\"name\">\r\n                    <!-- Home Link -->\r\n                    <a itemprop=\"item\" href=\"https:\/\/suresms.com\/en\/\">\r\n                    \r\n                                                    <i class=\"fa fa-home\" aria-hidden=\"true\"><\/i>Home                    <\/a>\r\n                <\/span>\r\n                <meta itemprop=\"position\" content=\"1\" \/><!-- Meta Position-->\r\n             <\/li><li><span class=\"fbc-separator\">\/<\/span><\/li><li class=\"active\" itemprop=\"itemListElement\" itemscope itemtype=\"https:\/\/schema.org\/ListItem\"><span itemprop=\"name\" title=\"Monitoring\">Monitoring<\/span><meta itemprop=\"position\" content=\"2\" \/><\/li>\t\t\t\t\t<\/ol>\r\n\t\t\t\t\t<div class=\"clearfix\"><\/div>\r\n\t\t\t\t<\/div>\r\n\t\t\t<\/div>\r\n\t\t\t\n\t<h1>Monitoring<\/h1>\n<p>Making sure the texts get sent is our first priority.<\/p>\n<p>When providing an SMS service, monitoring systems is paramount to providing proper uptime and ensuring that messages are actually sent and delivered to customers. There are far too many things that can go wrong when sending out an SMS message to rely solely on alarms and machines.<\/p>\n<h4><strong>Full monitoring and always on call 24\/7<\/strong><\/h4>\n<p>We have over 100 measuring points on our network and infrastructure that are monitored every minute, but we don't just rely on machines.<\/p>\n<p>As soon as something goes wrong, our operations manager \/ on-call technician is immediately informed. There is always a man on the job if a server is not sending or receiving as intended.<\/p>\n<p>We constantly monitor our servers! 24 hours a day, 7 days a week, 365 days a year. We watch when you sleep to ensure the very best uptime.<\/p>\n<p>We monitor all Danish operators and also the larger Nordic operators to ensure optimal delivery. This means that if one of them is down or for some other reason not delivering, we notice. This allows us to react immediately and find solutions to the problem.<\/p>\n<p><strong>We're always at the forefront with the best equipment<\/strong><\/p>\n<p>To ensure consistently optimal delivery, we make sure we're always up to date with the latest technology. Our equipment learns from mistakes. Once an error has occurred once, the same action the next time will initiate a corrective action that restores the system to full operation automatically.\u00a0<\/p>\n<p>Machine learning... The learning machine in action.<\/p>\n<h4><strong>Maximum uptime! Over 99.9 %<\/strong><\/h4>\n<p>We have the maximum uptime at SureSMS. On many industry sales pages you can read about 99.7 % or 100 % uptime.  At SureSMS, our uptime is above 99.9, but in practice these numbers are just rounding.<\/p>\n<p>We make sure our systems are always running and always monitored to catch any errors that happen to machines or suppliers.\u00a0<\/p>\n<p>If the phone you're sending to is switched on, we'll ensure optimal monitoring to make sure your message gets through.<\/p>\n<p>\u00a0<\/p>\n\t<h4><strong>Here you can read some examples of how our customers today use our hosted SIM solution:<\/strong><\/h4>\n<ul>\n<li><strong>A Danish heat supply company<\/strong> use our hosted SIM solution to <strong>their business in Norway and Sweden<\/strong>. Just like in Denmark, their staff need to send appointment reminders to residents, but as these are on Norwegian and Swedish numbers, the 2-way solution should of course be the same.<\/li>\n<li><strong>A Danish advertising agency<\/strong> sends out physical letters to customers with offers. These letters contain a phone number where customers can sign up for the offers with a KEYWORD. The number is forwarded to the advertising agency's customer phone so that future customers can also call.<\/li>\n<li><strong>A hotel near the Danish\/German border<\/strong> uses our 2-way solution for communication with future and past customers. Since there are both Danes and Germans among the guests, the 2-way solution should of course have both a Danish and a German mobile number.<\/li>\n<\/ul>\n\t\t<h3><a href=\"http:\/\/suresms.com\/en\/docs\/\" target=\"_self\">Visit our Manual website<\/a><\/h3>\n\t\t\t\t<a href=\"http:\/\/suresms.com\/en\/docs\/\" target=\"_self\" itemprop=\"url\">\n\t\t\t\t<img loading=\"lazy\" decoding=\"async\" src=\"https:\/\/suresms.com\/wp-content\/uploads\/2016\/03\/Manual-400x250-px1.jpg\" alt=\"manual homepage suresms\" itemprop=\"image\" height=\"250\" width=\"400\" title=\"Manual 400x250 px\" onerror=\"this.style.display='none'\"  \/>\n\t\t\t\t<\/a>\n<p>To help our customers, we have gathered all instructions and descriptions on suresms.com\/docs. Here you can see how our gateway works and get simple user-friendly instructions for the many features.<\/p>\n\t\t<h3><a href=\"http:\/\/developer.suresms.com\/\" target=\"_self\">developer.suresms.com<\/a><\/h3>\n\t\t\t\t<a href=\"http:\/\/developer.suresms.com\/\" target=\"_self\" itemprop=\"url\">\n\t\t\t\t<img loading=\"lazy\" decoding=\"async\" src=\"https:\/\/suresms.com\/wp-content\/uploads\/2016\/03\/developer-400x250-px.jpg\" alt=\"developer suresms website for developers\" itemprop=\"image\" height=\"250\" width=\"400\" title=\"developer 400x250 px\" onerror=\"this.style.display='none'\"  \/>\n\t\t\t\t<\/a>\nSureSMS is made by developers for developers!<br \/>\nAt developer.suresms.com we have gathered documentation and code samples to make it easy to integrate our gateway into your system.\n\t\t<h3><a href=\"https:\/\/www.youtube.com\/channel\/UC1XGC5rl9mI9ndtBVn8yq7g\" target=\"_self\">Watch our instructional videos!<\/a><\/h3>\n\t\t\t\t<a href=\"https:\/\/www.youtube.com\/channel\/UC1XGC5rl9mI9ndtBVn8yq7g\" target=\"_self\" itemprop=\"url\">\n\t\t\t\t<img loading=\"lazy\" decoding=\"async\" src=\"https:\/\/suresms.com\/wp-content\/uploads\/2016\/03\/you-tube400x250px.jpg\" alt=\"suresms sms gateway you tube videos\" itemprop=\"image\" height=\"250\" width=\"400\" title=\"you tube 400x250px\" onerror=\"this.style.display='none'\"  \/>\n\t\t\t\t<\/a>\n<p>Are you getting started with a new feature? Or do you just need to know a little more about how our gateway works? On Youtube we have collected our instructional videos. Ready to go!<\/p>","protected":false},"excerpt":{"rendered":"<p>Monitoring Making sure SMS messages are sent is our number one priority. When providing an SMS service, monitoring systems is paramount to provide proper uptime and ensure that messages are actually sent and delivered to customers. There are too many things that can go wrong when sending out an SMS message... <a title=\"Monitoring\" class=\"read-more\" href=\"https:\/\/suresms.com\/en\/om-suresms\/overvagning\/\" aria-label=\"Read more about Monitoring\">Read more<\/a><\/p>","protected":false},"author":1,"featured_media":0,"parent":18594,"menu_order":16,"comment_status":"closed","ping_status":"closed","template":"","meta":{"_fl_builder_enabled":"1","_fl_builder_data":null,"_fl_builder_draft":null,"_fl_builder_data_settings":null,"_fl_builder_css":"","_fl_builder_css_version":"","_fl_builder_js":"","footnotes":""},"categories":[],"tags":[],"class_list":["post-1449","page","type-page","status-publish"],"yoast_head":"<!-- This site is optimized with the Yoast SEO Premium plugin v27.3 (Yoast SEO v27.3) - https:\/\/yoast.com\/product\/yoast-seo-premium-wordpress\/ -->\r\n<title>SMS Overv\u00e5gning | Fuld overv\u00e5gning og altid vagt 24\/7 \u2713<\/title>\r\n<meta name=\"description\" content=\"Overv\u00e5gning af servere og alle danske operat\u00f8rer 24 \/7 . Altid teknikere p\u00e5 vagt. Vi garanterer optimal kvalitet &amp; levering . H\u00f8j oppetid p\u00e5 99,9 %.\" \/>\r\n<meta name=\"robots\" content=\"index, follow, max-snippet:-1, max-image-preview:large, max-video-preview:-1\" \/>\r\n<link rel=\"canonical\" href=\"https:\/\/suresms.com\/en\/about-suresms\/monitoring\/\" \/>\r\n<meta property=\"og:locale\" content=\"en_US\" \/>\r\n<meta property=\"og:type\" content=\"article\" \/>\r\n<meta property=\"og:title\" content=\"Overv\u00e5gning\" \/>\r\n<meta property=\"og:description\" content=\"Overv\u00e5gning af servere og alle danske operat\u00f8rer 24 \/7 . Altid teknikere p\u00e5 vagt. Vi garanterer optimal kvalitet &amp; levering . H\u00f8j oppetid p\u00e5 99,9 %.\" \/>\r\n<meta property=\"og:url\" content=\"https:\/\/suresms.com\/en\/about-suresms\/monitoring\/\" \/>\r\n<meta property=\"article:publisher\" content=\"https:\/\/www.facebook.com\/p\/SureSMS-100044607956149\/\" \/>\r\n<meta property=\"article:modified_time\" content=\"2025-01-10T11:01:15+00:00\" \/>\r\n<meta property=\"og:image\" content=\"https:\/\/suresms.com\/wp-content\/uploads\/2016\/03\/Manual-400x250-px1.jpg\" \/>\r\n<meta name=\"twitter:card\" content=\"summary_large_image\" \/>\r\n<meta name=\"twitter:label1\" content=\"Est. reading time\" \/>\n\t<meta name=\"twitter:data1\" content=\"3 minutes\" \/>\r\n<script type=\"application\/ld+json\" class=\"yoast-schema-graph\">{\"@context\":\"https:\\\/\\\/schema.org\",\"@graph\":[{\"@type\":\"WebPage\",\"@id\":\"https:\\\/\\\/suresms.com\\\/dk\\\/om-suresms\\\/overvagning\\\/\",\"url\":\"https:\\\/\\\/suresms.com\\\/dk\\\/om-suresms\\\/overvagning\\\/\",\"name\":\"SMS Overv\u00e5gning | Fuld overv\u00e5gning og altid vagt 24\\\/7 \u2713\",\"isPartOf\":{\"@id\":\"https:\\\/\\\/suresms.com\\\/en\\\/#website\"},\"primaryImageOfPage\":{\"@id\":\"https:\\\/\\\/suresms.com\\\/dk\\\/om-suresms\\\/overvagning\\\/#primaryimage\"},\"image\":{\"@id\":\"https:\\\/\\\/suresms.com\\\/dk\\\/om-suresms\\\/overvagning\\\/#primaryimage\"},\"thumbnailUrl\":\"https:\\\/\\\/suresms.com\\\/wp-content\\\/uploads\\\/2016\\\/03\\\/Manual-400x250-px1.jpg\",\"datePublished\":\"2015-12-14T14:52:32+00:00\",\"dateModified\":\"2025-01-10T11:01:15+00:00\",\"description\":\"Overv\u00e5gning af servere og alle danske operat\u00f8rer 24 \\\/7 . Altid teknikere p\u00e5 vagt. Vi garanterer optimal kvalitet & levering . H\u00f8j oppetid p\u00e5 99,9 %.\",\"breadcrumb\":{\"@id\":\"https:\\\/\\\/suresms.com\\\/dk\\\/om-suresms\\\/overvagning\\\/#breadcrumb\"},\"inLanguage\":\"en-US\",\"potentialAction\":[{\"@type\":\"ReadAction\",\"target\":[\"https:\\\/\\\/suresms.com\\\/dk\\\/om-suresms\\\/overvagning\\\/\"]}]},{\"@type\":\"ImageObject\",\"inLanguage\":\"en-US\",\"@id\":\"https:\\\/\\\/suresms.com\\\/dk\\\/om-suresms\\\/overvagning\\\/#primaryimage\",\"url\":\"https:\\\/\\\/suresms.com\\\/wp-content\\\/uploads\\\/2016\\\/03\\\/Manual-400x250-px1.jpg\",\"contentUrl\":\"https:\\\/\\\/suresms.com\\\/wp-content\\\/uploads\\\/2016\\\/03\\\/Manual-400x250-px1.jpg\"},{\"@type\":\"BreadcrumbList\",\"@id\":\"https:\\\/\\\/suresms.com\\\/dk\\\/om-suresms\\\/overvagning\\\/#breadcrumb\",\"itemListElement\":[{\"@type\":\"ListItem\",\"position\":1,\"name\":\"Home\",\"item\":\"https:\\\/\\\/suresms.com\\\/dk\\\/\"},{\"@type\":\"ListItem\",\"position\":2,\"name\":\"Om SureSMS\",\"item\":\"https:\\\/\\\/suresms.com\\\/dk\\\/om-suresms\\\/\"},{\"@type\":\"ListItem\",\"position\":3,\"name\":\"Overv\u00e5gning\"}]},{\"@type\":\"WebSite\",\"@id\":\"https:\\\/\\\/suresms.com\\\/en\\\/#website\",\"url\":\"https:\\\/\\\/suresms.com\\\/en\\\/\",\"name\":\"SureSMS\",\"description\":\"Professionel SMS Gateway\",\"publisher\":{\"@id\":\"https:\\\/\\\/suresms.com\\\/en\\\/#organization\"},\"potentialAction\":[{\"@type\":\"SearchAction\",\"target\":{\"@type\":\"EntryPoint\",\"urlTemplate\":\"https:\\\/\\\/suresms.com\\\/en\\\/?s={search_term_string}\"},\"query-input\":{\"@type\":\"PropertyValueSpecification\",\"valueRequired\":true,\"valueName\":\"search_term_string\"}}],\"inLanguage\":\"en-US\"},{\"@type\":\"Organization\",\"@id\":\"https:\\\/\\\/suresms.com\\\/en\\\/#organization\",\"name\":\"SureSMS\",\"url\":\"https:\\\/\\\/suresms.com\\\/en\\\/\",\"logo\":{\"@type\":\"ImageObject\",\"inLanguage\":\"en-US\",\"@id\":\"https:\\\/\\\/suresms.com\\\/en\\\/#\\\/schema\\\/logo\\\/image\\\/\",\"url\":\"https:\\\/\\\/suresms.com\\\/wp-content\\\/uploads\\\/2024\\\/11\\\/suresms-300x65-1.png\",\"contentUrl\":\"https:\\\/\\\/suresms.com\\\/wp-content\\\/uploads\\\/2024\\\/11\\\/suresms-300x65-1.png\",\"width\":300,\"height\":65,\"caption\":\"SureSMS\"},\"image\":{\"@id\":\"https:\\\/\\\/suresms.com\\\/en\\\/#\\\/schema\\\/logo\\\/image\\\/\"},\"sameAs\":[\"https:\\\/\\\/www.facebook.com\\\/p\\\/SureSMS-100044607956149\\\/\"]}]}<\/script>\r\n<!-- \/ Yoast SEO Premium plugin. -->","yoast_head_json":{"title":"SMS Monitoring | Full monitoring and always on call 24\/7 \u2713","description":"Monitoring of servers and all Danish operators 24\/7. Always technicians on duty. We guarantee optimal quality &amp; delivery. 99.9 % high uptime.","robots":{"index":"index","follow":"follow","max-snippet":"max-snippet:-1","max-image-preview":"max-image-preview:large","max-video-preview":"max-video-preview:-1"},"canonical":"https:\/\/suresms.com\/en\/about-suresms\/monitoring\/","og_locale":"en_US","og_type":"article","og_title":"Overv\u00e5gning","og_description":"Overv\u00e5gning af servere og alle danske operat\u00f8rer 24 \/7 . Altid teknikere p\u00e5 vagt. Vi garanterer optimal kvalitet & levering . H\u00f8j oppetid p\u00e5 99,9 %.","og_url":"https:\/\/suresms.com\/en\/about-suresms\/monitoring\/","article_publisher":"https:\/\/www.facebook.com\/p\/SureSMS-100044607956149\/","article_modified_time":"2025-01-10T11:01:15+00:00","og_image":[{"url":"https:\/\/suresms.com\/wp-content\/uploads\/2016\/03\/Manual-400x250-px1.jpg","type":"","width":"","height":""}],"twitter_card":"summary_large_image","twitter_misc":{"Est. reading time":"3 minutes"},"schema":{"@context":"https:\/\/schema.org","@graph":[{"@type":"WebPage","@id":"https:\/\/suresms.com\/dk\/om-suresms\/overvagning\/","url":"https:\/\/suresms.com\/dk\/om-suresms\/overvagning\/","name":"SMS Monitoring | Full monitoring and always on call 24\/7 \u2713","isPartOf":{"@id":"https:\/\/suresms.com\/en\/#website"},"primaryImageOfPage":{"@id":"https:\/\/suresms.com\/dk\/om-suresms\/overvagning\/#primaryimage"},"image":{"@id":"https:\/\/suresms.com\/dk\/om-suresms\/overvagning\/#primaryimage"},"thumbnailUrl":"https:\/\/suresms.com\/wp-content\/uploads\/2016\/03\/Manual-400x250-px1.jpg","datePublished":"2015-12-14T14:52:32+00:00","dateModified":"2025-01-10T11:01:15+00:00","description":"Monitoring of servers and all Danish operators 24\/7. Always technicians on duty. We guarantee optimal quality &amp; delivery. 99.9 % high uptime.","breadcrumb":{"@id":"https:\/\/suresms.com\/dk\/om-suresms\/overvagning\/#breadcrumb"},"inLanguage":"en-US","potentialAction":[{"@type":"ReadAction","target":["https:\/\/suresms.com\/dk\/om-suresms\/overvagning\/"]}]},{"@type":"ImageObject","inLanguage":"en-US","@id":"https:\/\/suresms.com\/dk\/om-suresms\/overvagning\/#primaryimage","url":"https:\/\/suresms.com\/wp-content\/uploads\/2016\/03\/Manual-400x250-px1.jpg","contentUrl":"https:\/\/suresms.com\/wp-content\/uploads\/2016\/03\/Manual-400x250-px1.jpg"},{"@type":"BreadcrumbList","@id":"https:\/\/suresms.com\/dk\/om-suresms\/overvagning\/#breadcrumb","itemListElement":[{"@type":"ListItem","position":1,"name":"Home","item":"https:\/\/suresms.com\/dk\/"},{"@type":"ListItem","position":2,"name":"Om SureSMS","item":"https:\/\/suresms.com\/dk\/om-suresms\/"},{"@type":"ListItem","position":3,"name":"Overv\u00e5gning"}]},{"@type":"WebSite","@id":"https:\/\/suresms.com\/en\/#website","url":"https:\/\/suresms.com\/en\/","name":"SureSMS","description":"Professional SMS Gateway","publisher":{"@id":"https:\/\/suresms.com\/en\/#organization"},"potentialAction":[{"@type":"SearchAction","target":{"@type":"EntryPoint","urlTemplate":"https:\/\/suresms.com\/en\/?s={search_term_string}"},"query-input":{"@type":"PropertyValueSpecification","valueRequired":true,"valueName":"search_term_string"}}],"inLanguage":"en-US"},{"@type":"Organization","@id":"https:\/\/suresms.com\/en\/#organization","name":"SureSMS","url":"https:\/\/suresms.com\/en\/","logo":{"@type":"ImageObject","inLanguage":"en-US","@id":"https:\/\/suresms.com\/en\/#\/schema\/logo\/image\/","url":"https:\/\/suresms.com\/wp-content\/uploads\/2024\/11\/suresms-300x65-1.png","contentUrl":"https:\/\/suresms.com\/wp-content\/uploads\/2024\/11\/suresms-300x65-1.png","width":300,"height":65,"caption":"SureSMS"},"image":{"@id":"https:\/\/suresms.com\/en\/#\/schema\/logo\/image\/"},"sameAs":["https:\/\/www.facebook.com\/p\/SureSMS-100044607956149\/"]}]}},"_links":{"self":[{"href":"https:\/\/suresms.com\/en\/wp-json\/wp\/v2\/pages\/1449","targetHints":{"allow":["GET"]}}],"collection":[{"href":"https:\/\/suresms.com\/en\/wp-json\/wp\/v2\/pages"}],"about":[{"href":"https:\/\/suresms.com\/en\/wp-json\/wp\/v2\/types\/page"}],"author":[{"embeddable":true,"href":"https:\/\/suresms.com\/en\/wp-json\/wp\/v2\/users\/1"}],"replies":[{"embeddable":true,"href":"https:\/\/suresms.com\/en\/wp-json\/wp\/v2\/comments?post=1449"}],"version-history":[{"count":7,"href":"https:\/\/suresms.com\/en\/wp-json\/wp\/v2\/pages\/1449\/revisions"}],"predecessor-version":[{"id":21406,"href":"https:\/\/suresms.com\/en\/wp-json\/wp\/v2\/pages\/1449\/revisions\/21406"}],"up":[{"embeddable":true,"href":"https:\/\/suresms.com\/en\/wp-json\/wp\/v2\/pages\/18594"}],"wp:attachment":[{"href":"https:\/\/suresms.com\/en\/wp-json\/wp\/v2\/media?parent=1449"}],"wp:term":[{"taxonomy":"category","embeddable":true,"href":"https:\/\/suresms.com\/en\/wp-json\/wp\/v2\/categories?post=1449"},{"taxonomy":"post_tag","embeddable":true,"href":"https:\/\/suresms.com\/en\/wp-json\/wp\/v2\/tags?post=1449"}],"curies":[{"name":"wp","href":"https:\/\/api.w.org\/{rel}","templated":true}]}}