{"id":958,"date":"2015-02-25T14:07:24","date_gmt":"2015-02-25T12:07:24","guid":{"rendered":"https:\/\/www.suresms.com\/dk\/?page_id=958"},"modified":"2025-11-05T08:57:43","modified_gmt":"2025-11-05T08:57:43","slug":"funktioner","status":"publish","type":"page","link":"https:\/\/suresms.com\/dk\/funktioner\/","title":{"rendered":"Funktioner"},"content":{"rendered":"\n\n\t\t\t\t<!-- Flexy Breadcrumb -->\r\n\t\t\t<div class=\"fbc fbc-page\">\r\n\r\n\t\t\t\t<!-- Breadcrumb wrapper -->\r\n\t\t\t\t<div class=\"fbc-wrap\">\r\n\r\n\t\t\t\t\t<!-- Ordered list-->\r\n\t\t\t\t\t<ol class=\"fbc-items\" itemscope itemtype=\"https:\/\/schema.org\/BreadcrumbList\">\r\n\t\t\t\t\t\t            <li itemprop=\"itemListElement\" itemscope itemtype=\"https:\/\/schema.org\/ListItem\">\r\n                <span itemprop=\"name\">\r\n                    <!-- Home Link -->\r\n                    <a itemprop=\"item\" href=\"https:\/\/suresms.com\">\r\n                    \r\n                                                    <i class=\"fa fa-home\" aria-hidden=\"true\"><\/i>Home                    <\/a>\r\n                <\/span>\r\n                <meta itemprop=\"position\" content=\"1\" \/><!-- Meta Position-->\r\n             <\/li><li><span class=\"fbc-separator\">\/<\/span><\/li><li class=\"active\" itemprop=\"itemListElement\" itemscope itemtype=\"https:\/\/schema.org\/ListItem\"><span itemprop=\"name\" title=\"Funktioner\">Funktioner<\/span><meta itemprop=\"position\" content=\"2\" \/><\/li>\t\t\t\t\t<\/ol>\r\n\t\t\t\t\t<div class=\"clearfix\"><\/div>\r\n\t\t\t\t<\/div>\r\n\t\t\t<\/div>\r\n\t\t\t\n\t<h1>Features og funktioner<\/h1>\n<p>Vores SMS system har mange nyttige funktioner. Forskellige funktioner bruges af forskellige kundetyper. M\u00e5ske er du p\u00e5 jagt efter en af de funktioner vi har n\u00e6vnt herunder. Klik p\u00e5 funktionen for at f\u00e5 mere at vide. Du kan ogs\u00e5 bes\u00f8ge vores <a href=\"https:\/\/suresms.com\/dk\/branchelosninger\/\">brancheguide<\/a>, for at se hvordan forskellige brancher bruger vores l\u00f8sning.<\/p>\n\t\t<h3><a href=\"https:\/\/suresms.com\/dk\/funktioner\/send-sms-fra-pc\/\"  target=\"_self\">\t\n\tSend SMS fra PC<\/a><\/h3><p>Grundfunktionen i vores SMS gateway er, at man fra sin PC kan skrive en SMS og sende den, ligesom man sender en email. Den helt grundl\u00e6ggende funktion.<\/p>\n\t\t<h3><a href=\"https:\/\/suresms.com\/dk\/funktioner\/sms-skabeloner\/\"  target=\"_self\">\t\n\tSMS skabeloner<\/a><\/h3><p>Sender du mange identiske, eller n\u00e6sten identiske beskeder, s\u00e5 er skabeloner lige noget for dig. Du kan lave alle de skabeloner du vil. Med flettefelter kan du personligg\u00f8re dine skabeloner.<\/p>\n\t\t<h3><a href=\"https:\/\/suresms.com\/dk\/funktioner\/selvvalgt-afsender-pa-din-besked\/\"  target=\"_self\">\t\n\tSelvvalgt afsender-id<\/a><\/h3><p>V\u00e6lg selv hvad der skal st\u00e5 som afsender af din besked. Det kunne f.eks. v\u00e6re Coca-Cola. Kan bruges til branding af din virksomhed eller organisation. Beskederne kan ikke besvares.<\/p>\n\t\t<h3><a href=\"https:\/\/suresms.com\/dk\/funktioner\/sms-fletning-af-beskeder-til-grupper\/\"  target=\"_self\">\t\n\tFlette mulighed<\/a><\/h3><p>Flet informationer fra adressebogen ind i beskederne. Typisk flettes navnet, men alle informationer kan flettes. Mekanikerne fletter f.eks. bilmodel ind i beskederne.<\/p>\n\t\t<h3><a href=\"https:\/\/suresms.com\/dk\/funktioner\/gruppe-sms\/\"  target=\"_self\">\t\n\tGruppe SMS<\/a><\/h3><p>Du kan oprette alle de grupper du vil i SureSMS. Du kan tilf\u00f8je alle de kontakter du vil. Det kan ikke blive lettere at sende en Gruppe SMS. Det kan g\u00f8res med f\u00e5 klik.<\/p>\n\t\t<h3><a href=\"https:\/\/suresms.com\/dk\/funktioner\/sms-til-sms-funktion\/\"  target=\"_self\">\t\n\tSMS-2-SMS<\/a><\/h3><p>Med vores 2-vejs SMS l\u00f8sning har du mulighed for at sende \u00e9n SMS der s\u00e5 sendes til et andet nummer eller til en hel gruppe.<\/p>\n\t\t<h3><a href=\"https:\/\/suresms.com\/dk\/funktioner\/modtag-sms-pa-din-computer\/\"  target=\"_self\">\t\n\tModtag SMS<\/a><\/h3><p>Med 2-vejs SMS kan du modtage SMS online. Skab dialog med dine kunder eller medarbejdere. Modtag bestilling p\u00e5 SMS. Bruges meget af vikar-bureauer. Modtag SMS i din email indbakke.<\/p>\n\t\t<h3><a href=\"https:\/\/suresms.com\/dk\/funktioner\/send-tidsindstillede-sms-beskeder\/\"  target=\"_self\">\t\n\tPlanl\u00e6g afsendelse<\/a><\/h3><p>S\u00f8rg for at ramme din m\u00e5lgruppe p\u00e5 det helt rigtige tidspunkt. Du kan planl\u00e6gge i god tid og stadig sende n\u00e5r det passer dig.<\/p>\n\t\t<h3><a href=\"https:\/\/suresms.com\/dk\/funktioner\/email2sms-den-nemme-losning\/\"  target=\"_self\">\t\n\temail-2-SMS<\/a><\/h3><p>Uanset hvilket email system du bruger, s\u00e5 kan du bruge vores email-2-sms funktion. Du sender en email til SureSMS og vi sender den videre som en SMS.<\/p>\n\t\t<h3><a href=\"https:\/\/suresms.com\/dk\/funktioner\/komplet-log-og-monitorering\/\"  target=\"_self\">\t\n\tSMS udbakke<\/a><\/h3><p>Komplet overblik over alle afsendte og modtaget SMS beskeder. Se tr\u00e5de med hver modtager. Hvilke beskeder er leveret, og hvorn\u00e5r? Alle lister kan eksporteres til Excel\/CSV.<\/p>\n\t\t<h3>\t\n\tVedh\u00e6ft filer<\/h3><p>Som noget helt unikt kan man i vores platform vedh\u00e6fte filer. Det kan v\u00e6re videoer, pdf filer eller billeder.<\/p>\n\t\t<h3><a href=\"https:\/\/suresms.com\/dk\/funktioner\/sms-link-branded-url\/\"  target=\"_self\">\t\n\tBranded URL<\/a><\/h3><p>Brug dit eget domain-navn i de links der s\u00e6ttes ind i dine beskeder. 39% h\u00f8jere klikrate og mere trov\u00e6rdige beskeder er bare noget af det du f\u00e5r ud af det.<\/p>\n\t\t<h3><a href=\"https:\/\/suresms.com\/dk\/funktioner\/sms-link\/\"  target=\"_self\">\t\n\tSMS Link<\/a><\/h3><p>Inds\u00e6t link, billeder eller videoer i dine beskeder. Se statistik p\u00e5 hvor mange der har set videoen. Hvem der har klikket p\u00e5 linket. F.eks. til udsendelse af aktuelle prislister eller gode tilbud.<\/p>\n\t\t<h3>\t\n\tRapporter<\/h3><p>F\u00e5 et komplet overblik over hvor meget du har sendt, og hvorn\u00e5r. Se ogs\u00e5 salgs-tal fra Shopify i rapporterne.<\/p>\n\t\t<h3><a href=\"https:\/\/suresms.com\/dk\/funktioner\/international-sms\/\"  target=\"_self\">\t\n\tSMS til hele verden<\/a><\/h3><p>Forbindelse til mere end 1900 operat\u00f8rer over hele verden sikre, at vi levere din besked. S\u00e6rligt god levering har vi i Norden og nord Europa.<\/p>\n\t\t<h3><a href=\"https:\/\/suresms.com\/dk\/funktioner\/web-tilmeldingsformular\/\"  target=\"_self\">\t\n\tNem tilmelding lister<\/a><\/h3><p>Inds\u00e6t tilmeldingsformular p\u00e5 din hjemmeside, via QR koder eller ved at sende en SMS. G\u00f8r det nemt for dine modtagere at tilmelde sig dine lister og f\u00e5 v\u00e6rdifulde oplysninger.<\/p>\n\t\t<h3><a href=\"https:\/\/suresms.com\/dk\/funktioner\/journalisering-af-sms\/\"  target=\"_self\">\t\n\tJournalisering af SMS<\/a><\/h3><p>Med vores 2-vejs SMS l\u00f8sning har du mulighed for at sende \u00e9n SMS der s\u00e5 sendes til et andet nummer eller til en hel gruppe.<\/p>\n\t\t<h3>Send SMS<\/h3>\n\t\t\t\t<img decoding=\"async\" src=\"https:\/\/suresms.com\/wp-content\/uploads\/2015\/02\/sky-250x100pix.jpg\" alt=\"SMS Gateway send sms online\" itemprop=\"image\" height=\"100\" width=\"250\" title=\"sky-250x100pix\" onerror=\"this.style.display='none'\" loading=\"lazy\" \/>\n<ul>\n<li>\n<ul>\n<li><a title=\"Send SMS online\" href=\"https:\/\/suresms.com\/dk\/funktioner\/send-sms-fra-pc\/\">Send SMS via vores Web Portal<\/a><\/li>\n<\/ul>\n<\/li>\n<\/ul>\n<ul>\n<li>\n<ul>\n<li><a title=\"International SMS-l\u00f8sning\" href=\"https:\/\/suresms.com\/dk\/funktioner\/international-sms\/\">SMS til hele verden<\/a><\/li>\n<\/ul>\n<\/li>\n<\/ul>\n<ul>\n<li>\n<ul>\n<li><a title=\"Selvvalgt afsender p\u00e5 din besked\" href=\"https:\/\/suresms.com\/dk\/funktioner\/selvvalgt-afsender-pa-din-besked\/\">Selvvalgt afsender p\u00e5 dine SMS&#8217;er<\/a><\/li>\n<\/ul>\n<\/li>\n<\/ul>\n<ul>\n<li>\n<ul>\n<li><a title=\"SMS skabeloner\" href=\"https:\/\/suresms.com\/dk\/funktioner\/sms-skabeloner\/\">SMS skabeloner<\/a><\/li>\n<\/ul>\n<\/li>\n<\/ul>\n<ul>\n<li>\n<ul>\n<li><a title=\"Send tidsbestemte SMS beskeder\" href=\"https:\/\/suresms.com\/dk\/funktioner\/send-tidsindstillede-sms-beskeder\/\">Tidsbestemte SMS&#8217;er<\/a><\/li>\n<\/ul>\n<\/li>\n<\/ul>\n<ul>\n<li>\n<ul>\n<li><a title=\"email2sms - den nemme l\u00f8sning\" href=\"https:\/\/suresms.com\/dk\/funktioner\/email2sms-den-nemme-losning\/\">Email 2 SMS<\/a><\/li>\n<\/ul>\n<\/li>\n<\/ul>\n<ul>\n<li>\n<ul>\n<li><a href=\"https:\/\/suresms.com\/dk\/integrationer\/mail_og_kalender\/sms-outlook-addin\/\">Send SMS fra Outlook<\/a><\/li>\n<\/ul>\n<\/li>\n<\/ul>\n<ul>\n\n<\/ul>\n<p>&nbsp;<\/p>\n\t\t<h3>GRUPPE-SMS<\/h3>\n\t\t\t\t<img decoding=\"async\" src=\"https:\/\/suresms.com\/wp-content\/uploads\/2015\/02\/GruppeSMS-250x100-pix.jpg\" alt=\"SMS Gateway funktioner gruppe sms\" itemprop=\"image\" height=\"100\" width=\"250\" title=\"GruppeSMS 250x100 pix\" onerror=\"this.style.display='none'\" loading=\"lazy\" \/>\n<ul>\n<li>\n<ul>\n<li><a title=\"GruppeSMS: Opret &amp; send til grupper\" href=\"https:\/\/suresms.com\/dk\/funktioner\/gruppe-sms\/\">Opret og afsend gruppe-SMS<\/a><\/li>\n<\/ul>\n<\/li>\n<\/ul>\n<ul>\n<li>\n<ul>\n<li><a title=\"Importer kontakter\" href=\"https:\/\/suresms.com\/dk\/docs\/addressbook\/contacts\/\">Importer kontakter<\/a><\/li>\n<\/ul>\n<\/li>\n<\/ul>\n<ul>\n<li>\n<ul>\n<li><a title=\"Ubegr\u00e6nset antal kontakter og grupper\" href=\"https:\/\/suresms.com\/dk\/docs\/addressbook\/groups-and-lists\/\">Ubegr\u00e6nset antal Modtagere \/ Grupper<\/a><\/li>\n<\/ul>\n<\/li>\n<\/ul>\n<ul>\n<li>\n<ul>\n<li><a title=\"SMS fletning af beskeder til grupper\" href=\"https:\/\/suresms.com\/dk\/sms-fletning-af-beskeder-til-grupper\/\">Flet modtagernavn i gruppe-SMS<\/a><\/li>\n<\/ul>\n<\/li>\n<\/ul>\n<ul>\n<li>\n<ul>\n<li><a title=\"WEB tilmeldingsformularer\" href=\"https:\/\/suresms.com\/dk\/web-tilmeldingsformular\/\">Til- \/ afmeld lister via WEB<\/a><\/li>\n<\/ul>\n<\/li>\n<\/ul>\n<ul>\n<li>\n<ul>\n<li><a title=\"Tilmeld \/frameld lister via SMS\" href=\"https:\/\/suresms.com\/dk\/web-tilmeldingsformular\/\">Til- \/ afmeld\u00a0lister via SMS<\/a><\/li>\n<\/ul>\n<\/li>\n<\/ul>\n\t\t<h3>TIL UDVIKLERE<\/h3>\n\t\t\t\t<img decoding=\"async\" src=\"https:\/\/suresms.com\/wp-content\/uploads\/2015\/02\/Udviklere-250x100-pix.jpg\" alt=\"SMS Funktioner udvikler API\" itemprop=\"image\" height=\"100\" width=\"250\" title=\"Udviklere 250x100 pix\" onerror=\"this.style.display='none'\" loading=\"lazy\" \/>\n<ul>\n<li>\n<ul>\n<li><a title=\"SMS API til udviklere\" href=\"https:\/\/developer.suresms.com\">API\u00a0<\/a><\/li>\n<\/ul>\n<\/li>\n<\/ul>\n<ul>\n<li>\n<ul>\n<li><a title=\"Funktioner 2-vejs SMS\" href=\"https:\/\/suresms.com\/dk\/funktioner\/modtag-sms-pa-din-computer\/\">2-vejs Inbound sms<\/a><\/li>\n<\/ul>\n<\/li>\n<\/ul>\n<ul>\n<li>\n<ul>\n<li><a title=\"2-vejs SMS med Hosted SIM\" href=\"https:\/\/suresms.com\/dk\/2-vejs-sms-losning-med-hosted-sim\/\">Om Hosted SIM<\/a><\/li>\n<\/ul>\n<\/li>\n<\/ul>\n<ul>\n<li>\n<ul>\n<li><a title=\"SMS til SMS funktion\" href=\"https:\/\/suresms.com\/dk\/sms-til-sms-funktion\/\">SMS til SMS<\/a><\/li>\n<\/ul>\n<\/li>\n<\/ul>\n<ul>\n<li>\n<ul>\n<li><a title=\"SMS Integrationer\" href=\"https:\/\/suresms.com\/integrationer\/\">Integrationer<\/a><\/li>\n<\/ul>\n<\/li>\n<\/ul>\n<ul>\n<li>\n<ul>\n<li><a href=\"http:\/\/developer.suresms.com\/\">Dokumentation<\/a><\/li>\n<\/ul>\n<\/li>\n<\/ul>\n<p>&nbsp;<\/p>\n\t\t<h3>SIKKERHED<\/h3>\n\t\t\t\t<img decoding=\"async\" src=\"https:\/\/suresms.com\/wp-content\/uploads\/2015\/02\/Sikkerhed-250x100-pix.jpg\" alt=\"SMS Gateway om sikkerhed\" itemprop=\"image\" height=\"100\" width=\"250\" title=\"Sikkerhed 250x100 pix\" onerror=\"this.style.display='none'\" loading=\"lazy\" \/>\n<ul>\n<li>\n<ul>\n<li><a title=\"Sikkerhed\" href=\"https:\/\/suresms.com\/dk\/sikkerhed\/\">Sikkerhed<\/a><\/li>\n<\/ul>\n<\/li>\n<\/ul>\n<ul>\n<li>\n<ul>\n<li><a title=\"Komplet log og monitorering\" href=\"https:\/\/suresms.com\/dk\/komplet-log-og-monitorering\/\">Komplet log og monitorering<\/a><\/li>\n<\/ul>\n<\/li>\n<\/ul>\n<ul>\n<li>\n<ul>\n<li><a title=\"Overv\u00e5gning\" href=\"https:\/\/suresms.com\/dk\/overvagning\/\">Overv\u00e5gning<\/a><\/li>\n<\/ul>\n<\/li>\n<\/ul>\n<ul>\n<li>\n<ul>\n<li><a href=\"https:\/\/suresms.com\/dk\/funktioner\/journalisering-af-sms\">Journalising<\/a><\/li>\n<\/ul>\n<\/li>\n<\/ul>\n<ul>\n<li>\n<ul>\n<li><a href=\"https:\/\/suresms.com\/dk\/funktioner\/hlr-opslag\/\">HLR-Opslag<\/a><\/li>\n<\/ul>\n<\/li>\n<\/ul>\n<ul>\n<li>\n<ul>\n<li><a title=\"Mail- og telefonsupport 24\/7\" href=\"https:\/\/suresms.com\/dk\/suresms-support\/\">Mail- og telefonsupport<\/a><\/li>\n<\/ul>\n<\/li>\n<\/ul>\n<p>&nbsp;<\/p>\n\t\t<h3>Er du i tvivl om noget?<\/h3>\n\t\t<p>Kan du altid bruge vores online hj\u00e6lp eller skrive til vores chat \/ hotline p\u00e5 vores hjemmeside. Vi sidder klar til at besvare sp\u00f8rgsm\u00e5l og hj\u00e6lpe dig igang.<\/p>\n\t\t\t<a href=\"https:\/\/suresms.com\/dk\/kontakt\/\" target=\"_self\">\n\t\t\t\t\t\t\tSe Kontaktinfo\n\t\t\t\t\t<\/a>\n<h3><b>I dag bruger vores kunder os bl.a. til:<\/b><\/h3>\n<ul>\n<li>SMS p\u00e5mindelser<\/li>\n<li>One-Time password<\/li>\n<li>Trafikoverv\u00e5gning<\/li>\n<li>Kundeklubber og nyheds SMS<\/li>\n<li>Mobil markedsf\u00f8ring<\/li>\n<li>Afstemninger<\/li>\n<li>Konkurrencer\u00a0<\/li>\n<\/ul>\n\t\t\t\t<img decoding=\"async\" src=\"https:\/\/suresms.com\/wp-content\/uploads\/2024\/09\/Glen100x118.png\" alt=\"Glen100x118\" itemprop=\"image\" title=\"Glen100x118\" onerror=\"this.style.display='none'\" loading=\"lazy\" \/>\n\t\t\t<a href=\"https:\/\/calendly.com\/gm--nzwp\/30min\" target=\"_self\">\n\t\t\t\t\t\t\tBook en demo\n\t\t\t\t\t<\/a>\n\t<p>med Glen<\/p>\n\n","protected":false},"excerpt":{"rendered":"<p>Features og funktioner Vores SMS system har mange nyttige funktioner. Forskellige funktioner bruges af forskellige kundetyper. M\u00e5ske er du p\u00e5 jagt efter en af de funktioner vi har n\u00e6vnt herunder. Klik p\u00e5 funktionen for at f\u00e5 mere at vide. Du kan ogs\u00e5 bes\u00f8ge vores brancheguide, for at se hvordan forskellige brancher bruger vores l\u00f8sning. Send &#8230; <a title=\"Funktioner\" class=\"read-more\" href=\"https:\/\/suresms.com\/dk\/funktioner\/\" aria-label=\"Read more about Funktioner\">L\u00e6s mere <\/a><\/p>\n","protected":false},"author":1,"featured_media":0,"parent":0,"menu_order":3,"comment_status":"closed","ping_status":"closed","template":"","meta":{"_fl_builder_enabled":"1","_fl_builder_data":null,"_fl_builder_draft":null,"_fl_builder_data_settings":null,"_fl_builder_css":"","_fl_builder_css_version":"","_fl_builder_js":"","footnotes":""},"categories":[],"tags":[],"class_list":["post-958","page","type-page","status-publish"],"yoast_head":"<!-- This site is optimized with the Yoast SEO Premium plugin v27.3 (Yoast SEO v27.3) - https:\/\/yoast.com\/product\/yoast-seo-premium-wordpress\/ -->\r\n<title>Funktioner i vores online SMS platform<\/title>\r\n<meta name=\"description\" content=\"Her kan du se mange af de funktioner vi tilbyder i vores SMS platform. Lister, grupper, adressebog, keywords, tovejs sms og meget mere...\" \/>\r\n<meta name=\"robots\" content=\"index, follow, max-snippet:-1, max-image-preview:large, max-video-preview:-1\" \/>\r\n<link rel=\"canonical\" href=\"https:\/\/suresms.com\/dk\/funktioner\/\" \/>\r\n<meta property=\"og:locale\" content=\"da_DK\" \/>\r\n<meta property=\"og:type\" content=\"article\" \/>\r\n<meta property=\"og:title\" content=\"Fleksibele SMS l\u00f8sninger til udviklere og virksomheder\" \/>\r\n<meta property=\"og:description\" content=\"Se de mange funktioner og features, som f\u00f8lger med vores SureSMS L\u00f8sning. Find inspiration til , hvordan du let kan bruge SMS&#039;er til kkommunikation med alle typer brugere og systemer.\" \/>\r\n<meta property=\"og:url\" content=\"https:\/\/suresms.com\/dk\/funktioner\/\" \/>\r\n<meta property=\"article:publisher\" content=\"https:\/\/www.facebook.com\/p\/SureSMS-100044607956149\/\" \/>\r\n<meta property=\"article:modified_time\" content=\"2025-11-05T08:57:43+00:00\" \/>\r\n<meta property=\"og:image\" content=\"https:\/\/suresms.com\/wp-content\/uploads\/2016\/06\/SMS-til-butikker.jpg\" \/>\r\n\t<meta property=\"og:image:width\" content=\"400\" \/>\r\n\t<meta property=\"og:image:height\" content=\"266\" \/>\r\n\t<meta property=\"og:image:type\" content=\"image\/jpeg\" \/>\r\n<meta name=\"twitter:card\" content=\"summary_large_image\" \/>\r\n<meta name=\"twitter:title\" content=\"Funktioner\" \/>\r\n<meta name=\"twitter:label1\" content=\"Estimeret l\u00e6setid\" \/>\n\t<meta name=\"twitter:data1\" content=\"10 minutter\" \/>\r\n<script type=\"application\/ld+json\" class=\"yoast-schema-graph\">{\"@context\":\"https:\\\/\\\/schema.org\",\"@graph\":[{\"@type\":\"WebPage\",\"@id\":\"https:\\\/\\\/suresms.com\\\/dk\\\/funktioner\\\/\",\"url\":\"https:\\\/\\\/suresms.com\\\/dk\\\/funktioner\\\/\",\"name\":\"Funktioner i vores online SMS platform\",\"isPartOf\":{\"@id\":\"https:\\\/\\\/suresms.com\\\/en\\\/#website\"},\"primaryImageOfPage\":{\"@id\":\"https:\\\/\\\/suresms.com\\\/dk\\\/funktioner\\\/#primaryimage\"},\"image\":{\"@id\":\"https:\\\/\\\/suresms.com\\\/dk\\\/funktioner\\\/#primaryimage\"},\"thumbnailUrl\":\"https:\\\/\\\/suresms.com\\\/wp-content\\\/uploads\\\/2015\\\/02\\\/sky-250x100pix.jpg\",\"datePublished\":\"2015-02-25T12:07:24+00:00\",\"dateModified\":\"2025-11-05T08:57:43+00:00\",\"description\":\"Her kan du se mange af de funktioner vi tilbyder i vores SMS platform. Lister, grupper, adressebog, keywords, tovejs sms og meget mere...\",\"breadcrumb\":{\"@id\":\"https:\\\/\\\/suresms.com\\\/dk\\\/funktioner\\\/#breadcrumb\"},\"inLanguage\":\"da-DK\",\"potentialAction\":[{\"@type\":\"ReadAction\",\"target\":[\"https:\\\/\\\/suresms.com\\\/dk\\\/funktioner\\\/\"]}]},{\"@type\":\"ImageObject\",\"inLanguage\":\"da-DK\",\"@id\":\"https:\\\/\\\/suresms.com\\\/dk\\\/funktioner\\\/#primaryimage\",\"url\":\"https:\\\/\\\/suresms.com\\\/wp-content\\\/uploads\\\/2015\\\/02\\\/sky-250x100pix.jpg\",\"contentUrl\":\"https:\\\/\\\/suresms.com\\\/wp-content\\\/uploads\\\/2015\\\/02\\\/sky-250x100pix.jpg\"},{\"@type\":\"BreadcrumbList\",\"@id\":\"https:\\\/\\\/suresms.com\\\/dk\\\/funktioner\\\/#breadcrumb\",\"itemListElement\":[{\"@type\":\"ListItem\",\"position\":1,\"name\":\"Home\",\"item\":\"https:\\\/\\\/suresms.com\\\/dk\\\/\"},{\"@type\":\"ListItem\",\"position\":2,\"name\":\"Funktioner\"}]},{\"@type\":\"WebSite\",\"@id\":\"https:\\\/\\\/suresms.com\\\/en\\\/#website\",\"url\":\"https:\\\/\\\/suresms.com\\\/en\\\/\",\"name\":\"SureSMS\",\"description\":\"Professionel SMS Gateway\",\"publisher\":{\"@id\":\"https:\\\/\\\/suresms.com\\\/en\\\/#organization\"},\"potentialAction\":[{\"@type\":\"SearchAction\",\"target\":{\"@type\":\"EntryPoint\",\"urlTemplate\":\"https:\\\/\\\/suresms.com\\\/en\\\/?s={search_term_string}\"},\"query-input\":{\"@type\":\"PropertyValueSpecification\",\"valueRequired\":true,\"valueName\":\"search_term_string\"}}],\"inLanguage\":\"da-DK\"},{\"@type\":\"Organization\",\"@id\":\"https:\\\/\\\/suresms.com\\\/en\\\/#organization\",\"name\":\"SureSMS\",\"url\":\"https:\\\/\\\/suresms.com\\\/en\\\/\",\"logo\":{\"@type\":\"ImageObject\",\"inLanguage\":\"da-DK\",\"@id\":\"https:\\\/\\\/suresms.com\\\/en\\\/#\\\/schema\\\/logo\\\/image\\\/\",\"url\":\"https:\\\/\\\/suresms.com\\\/wp-content\\\/uploads\\\/2024\\\/11\\\/suresms-300x65-1.png\",\"contentUrl\":\"https:\\\/\\\/suresms.com\\\/wp-content\\\/uploads\\\/2024\\\/11\\\/suresms-300x65-1.png\",\"width\":300,\"height\":65,\"caption\":\"SureSMS\"},\"image\":{\"@id\":\"https:\\\/\\\/suresms.com\\\/en\\\/#\\\/schema\\\/logo\\\/image\\\/\"},\"sameAs\":[\"https:\\\/\\\/www.facebook.com\\\/p\\\/SureSMS-100044607956149\\\/\"]}]}<\/script>\r\n<!-- \/ Yoast SEO Premium plugin. -->","yoast_head_json":{"title":"Funktioner i vores online SMS platform","description":"Her kan du se mange af de funktioner vi tilbyder i vores SMS platform. Lister, grupper, adressebog, keywords, tovejs sms og meget mere...","robots":{"index":"index","follow":"follow","max-snippet":"max-snippet:-1","max-image-preview":"max-image-preview:large","max-video-preview":"max-video-preview:-1"},"canonical":"https:\/\/suresms.com\/dk\/funktioner\/","og_locale":"da_DK","og_type":"article","og_title":"Fleksibele SMS l\u00f8sninger til udviklere og virksomheder","og_description":"Se de mange funktioner og features, som f\u00f8lger med vores SureSMS L\u00f8sning. Find inspiration til , hvordan du let kan bruge SMS'er til kkommunikation med alle typer brugere og systemer.","og_url":"https:\/\/suresms.com\/dk\/funktioner\/","article_publisher":"https:\/\/www.facebook.com\/p\/SureSMS-100044607956149\/","article_modified_time":"2025-11-05T08:57:43+00:00","og_image":[{"width":400,"height":266,"url":"https:\/\/suresms.com\/wp-content\/uploads\/2016\/06\/SMS-til-butikker.jpg","type":"image\/jpeg"}],"twitter_card":"summary_large_image","twitter_title":"Funktioner","twitter_misc":{"Estimeret l\u00e6setid":"10 minutter"},"schema":{"@context":"https:\/\/schema.org","@graph":[{"@type":"WebPage","@id":"https:\/\/suresms.com\/dk\/funktioner\/","url":"https:\/\/suresms.com\/dk\/funktioner\/","name":"Funktioner i vores online SMS platform","isPartOf":{"@id":"https:\/\/suresms.com\/en\/#website"},"primaryImageOfPage":{"@id":"https:\/\/suresms.com\/dk\/funktioner\/#primaryimage"},"image":{"@id":"https:\/\/suresms.com\/dk\/funktioner\/#primaryimage"},"thumbnailUrl":"https:\/\/suresms.com\/wp-content\/uploads\/2015\/02\/sky-250x100pix.jpg","datePublished":"2015-02-25T12:07:24+00:00","dateModified":"2025-11-05T08:57:43+00:00","description":"Her kan du se mange af de funktioner vi tilbyder i vores SMS platform. Lister, grupper, adressebog, keywords, tovejs sms og meget mere...","breadcrumb":{"@id":"https:\/\/suresms.com\/dk\/funktioner\/#breadcrumb"},"inLanguage":"da-DK","potentialAction":[{"@type":"ReadAction","target":["https:\/\/suresms.com\/dk\/funktioner\/"]}]},{"@type":"ImageObject","inLanguage":"da-DK","@id":"https:\/\/suresms.com\/dk\/funktioner\/#primaryimage","url":"https:\/\/suresms.com\/wp-content\/uploads\/2015\/02\/sky-250x100pix.jpg","contentUrl":"https:\/\/suresms.com\/wp-content\/uploads\/2015\/02\/sky-250x100pix.jpg"},{"@type":"BreadcrumbList","@id":"https:\/\/suresms.com\/dk\/funktioner\/#breadcrumb","itemListElement":[{"@type":"ListItem","position":1,"name":"Home","item":"https:\/\/suresms.com\/dk\/"},{"@type":"ListItem","position":2,"name":"Funktioner"}]},{"@type":"WebSite","@id":"https:\/\/suresms.com\/en\/#website","url":"https:\/\/suresms.com\/en\/","name":"SureSMS","description":"Professionel SMS Gateway","publisher":{"@id":"https:\/\/suresms.com\/en\/#organization"},"potentialAction":[{"@type":"SearchAction","target":{"@type":"EntryPoint","urlTemplate":"https:\/\/suresms.com\/en\/?s={search_term_string}"},"query-input":{"@type":"PropertyValueSpecification","valueRequired":true,"valueName":"search_term_string"}}],"inLanguage":"da-DK"},{"@type":"Organization","@id":"https:\/\/suresms.com\/en\/#organization","name":"SureSMS","url":"https:\/\/suresms.com\/en\/","logo":{"@type":"ImageObject","inLanguage":"da-DK","@id":"https:\/\/suresms.com\/en\/#\/schema\/logo\/image\/","url":"https:\/\/suresms.com\/wp-content\/uploads\/2024\/11\/suresms-300x65-1.png","contentUrl":"https:\/\/suresms.com\/wp-content\/uploads\/2024\/11\/suresms-300x65-1.png","width":300,"height":65,"caption":"SureSMS"},"image":{"@id":"https:\/\/suresms.com\/en\/#\/schema\/logo\/image\/"},"sameAs":["https:\/\/www.facebook.com\/p\/SureSMS-100044607956149\/"]}]}},"_links":{"self":[{"href":"https:\/\/suresms.com\/dk\/wp-json\/wp\/v2\/pages\/958","targetHints":{"allow":["GET"]}}],"collection":[{"href":"https:\/\/suresms.com\/dk\/wp-json\/wp\/v2\/pages"}],"about":[{"href":"https:\/\/suresms.com\/dk\/wp-json\/wp\/v2\/types\/page"}],"author":[{"embeddable":true,"href":"https:\/\/suresms.com\/dk\/wp-json\/wp\/v2\/users\/1"}],"replies":[{"embeddable":true,"href":"https:\/\/suresms.com\/dk\/wp-json\/wp\/v2\/comments?post=958"}],"version-history":[{"count":35,"href":"https:\/\/suresms.com\/dk\/wp-json\/wp\/v2\/pages\/958\/revisions"}],"predecessor-version":[{"id":23524,"href":"https:\/\/suresms.com\/dk\/wp-json\/wp\/v2\/pages\/958\/revisions\/23524"}],"wp:attachment":[{"href":"https:\/\/suresms.com\/dk\/wp-json\/wp\/v2\/media?parent=958"}],"wp:term":[{"taxonomy":"category","embeddable":true,"href":"https:\/\/suresms.com\/dk\/wp-json\/wp\/v2\/categories?post=958"},{"taxonomy":"post_tag","embeddable":true,"href":"https:\/\/suresms.com\/dk\/wp-json\/wp\/v2\/tags?post=958"}],"curies":[{"name":"wp","href":"https:\/\/api.w.org\/{rel}","templated":true}]}}