{"id":9527,"date":"2020-05-13T12:28:25","date_gmt":"2020-05-13T10:28:25","guid":{"rendered":"https:\/\/www.suresms.com\/dk\/?page_id=9527"},"modified":"2026-03-05T12:27:31","modified_gmt":"2026-03-05T12:27:31","slug":"underdatabehandlere","status":"publish","type":"page","link":"https:\/\/suresms.com\/dk\/ressourcer\/gdpr\/underdatabehandlere\/","title":{"rendered":"Underdatabehandlere"},"content":{"rendered":"\n\n\t\t\t\t<!-- Flexy Breadcrumb -->\r\n\t\t\t<div class=\"fbc fbc-page\">\r\n\r\n\t\t\t\t<!-- Breadcrumb wrapper -->\r\n\t\t\t\t<div class=\"fbc-wrap\">\r\n\r\n\t\t\t\t\t<!-- Ordered list-->\r\n\t\t\t\t\t<ol class=\"fbc-items\" itemscope itemtype=\"https:\/\/schema.org\/BreadcrumbList\">\r\n\t\t\t\t\t\t            <li itemprop=\"itemListElement\" itemscope itemtype=\"https:\/\/schema.org\/ListItem\">\r\n                <span itemprop=\"name\">\r\n                    <!-- Home Link -->\r\n                    <a itemprop=\"item\" href=\"https:\/\/suresms.com\">\r\n                    \r\n                                                    <i class=\"fa fa-home\" aria-hidden=\"true\"><\/i>Home                    <\/a>\r\n                <\/span>\r\n                <meta itemprop=\"position\" content=\"1\" \/><!-- Meta Position-->\r\n             <\/li><li><span class=\"fbc-separator\">\/<\/span><\/li><li class=\"active\" itemprop=\"itemListElement\" itemscope itemtype=\"https:\/\/schema.org\/ListItem\"><span itemprop=\"name\" title=\"Underdatabehandlere\">Underdatabehandlere<\/span><meta itemprop=\"position\" content=\"2\" \/><\/li>\t\t\t\t\t<\/ol>\r\n\t\t\t\t\t<div class=\"clearfix\"><\/div>\r\n\t\t\t\t<\/div>\r\n\t\t\t<\/div>\r\n\t\t\t\n\t<h1><strong>UNDERDATABEHANDLERE<\/strong><\/h1>\n\t<p>&nbsp;<\/p>\n<table width=\"1078\">\n<tbody>\n<tr>\n<td width=\"309\">Senest opdateret:<br \/>\n2020-04-21\nSenest godkendt:<br \/>\n2026-03-05<\/td>\n<td width=\"283\"><\/td>\n<td width=\"166\"><\/td>\n<\/tr>\n<tr>\n\n\n\n<\/tr>\n<tr>\n<td><strong>Underdatabehandler<\/strong><\/td>\n<td><strong>Adresse<\/strong><\/td>\n<td><strong>Anvendes til<\/strong><\/td>\n<\/tr>\n<tr>\n<td>AMAZON<\/td>\n<td width=\"283\">Europe (Frankfurt) Region<br \/>\n60313 Frankfurt am Main<br \/>\nGermany<\/td>\n<td>Dataopbevaringscenter<br \/>\n<a href=\"https:\/\/aws.amazon.com\/compliance\/gdpr-center\/\">L\u00e6s mere om AWS og GDPR<\/a><\/td>\n<\/tr>\n<tr>\n<td>Epay<\/td>\n<td width=\"283\">Bambora Online A\/S<br \/>\nAlfred Nobels Vej 21 A, 1.<br \/>\nDK-9220 Aalborg \u00d8st<br \/>\nDanmark<\/td>\n<td>Betalingsl\u00f8sninger<\/td>\n<\/tr>\n<tr>\n<td>Visma E-conomics<\/td>\n<td width=\"283\">Langebrogade 1<br \/>\n1411 K\u00f8benhavn K<br \/>\nDanmark<\/td>\n<td>\u00d8konomi<\/td>\n<\/tr>\n<tr>\n<td>Fakturaservice<\/td>\n<td width=\"283\">Danmarksvej 26<br \/>\n8660 Skanderborg<br \/>\nDanmark<\/td>\n<td>Faktura system<\/td>\n<\/tr>\n<tr>\n<td>Zendesk<\/td>\n<td width=\"283\">Snaregade 12<br \/>\n1205 K\u00f8benhavn<br \/>\nDanmark<\/td>\n<td>Support<\/td>\n<\/tr>\n<tr>\n<td>Omstil.com<\/td>\n<td width=\"283\">Virum Overdrevsvej 23<br \/>\nDK-2830 Virum<br \/>\nDanmark<\/td>\n<td>Omstillingssystem<\/td>\n<\/tr>\n<tr>\n<td>SimplyCRM<\/td>\n<td width=\"283\">Vesterbrogade 26<br \/>\n1620 K\u00f8benhavn V<br \/>\nDanmark<\/td>\n<td>CRM System<\/td>\n<\/tr>\n<\/tbody>\n<\/table>\n<p>&nbsp;<\/p>\n<p>Telekommunikationsoperat\u00f8rer er en udbyder af elektroniske kommunikationstjenester (ECS). Operat\u00f8rer tilbyder kunderne direkte forbindelser til meddelelsestjenesterne via telekommunikationsprotokoller som HTTPS. S\u00e5dan transmission er ikke en &#8220;overf\u00f8rsel&#8221; af personoplysninger under GDPR, men en distinkt og separat aktivitet, hvorved dataene i transmissionen er beskyttet af fortrolighedsforpligtelser<\/p>\nRettigheder til privatliv og fortrolighed er beskyttet af forskellige artikler i Den Europ\u00e6iske Unions charter om grundl\u00e6ggende rettigheder:<br \/>\n1. Ret til fortrolighed er beskyttet af artikel 7.<br \/>\n2. Retten til privatlivets fred er fastsat i artikel 8.\nP\u00e5 den del skal ECS betragtes som datakontrollere, fordi ECS er underlagt specifikke databeskyttelsesbestemmelser (fortrolighed vs privatliv). Ved at tilvejebringe ECS-data behandles uigennemsigtigt af ECS-udbyderen, nemlig transmission<br \/>\naf signaler \/ beskeder \/ tale og fakturering af transmissionstjenesten.\n<p>Derfor udbyder ECS og ECN (elektroniske kommunikationsnetv\u00e6rk) udbydere ikke databehandling p\u00e5 kundens vegne, og bestemmelserne i databehandlingsaftaler er ikke egnede til levering af ECS.<\/p>\n<p>Artikel 95 i GDPR bestemmer, at forordningen ikke skal p\u00e5l\u00e6gge udbydere af offentlige ECS og operat\u00f8rer af offentlige net forpligtelser, der overstiger de forpligtelser, der allerede er fastsat i e-privatdirektivet.<\/p>\n<p>Udbydere af ECS er forbudt at bem\u00e6rke indholdet af enhver kommunikation, de formidler, inklusive personlige data, der kan v\u00e6re en del af en s\u00e5dan kommunikation (se artikel 5 i e-privatdirektivet 2002\/58 \/ EF), medmindre det formelle samtykke blev givet af en af de parter, der finder sted i transmissionen.<\/p>\n<p>Som et resultat afsl\u00f8res personoplysninger, der er inkluderet i formidlet kommunikation, ikke og &#8220;behandles&#8221; ikke af dem. Ellers ville enhver udbyder af telefoni-tjenester blive betragtet som processor for hvert telefonopkald, det opretter for den, der ringer.<\/p>\n\n","protected":false},"excerpt":{"rendered":"<p>UNDERDATABEHANDLERE &nbsp; Senest opdateret: 2020-04-21 Senest godkendt: 2026-03-05 Underdatabehandler Adresse Anvendes til AMAZON Europe (Frankfurt) Region 60313 Frankfurt am Main Germany Dataopbevaringscenter L\u00e6s mere om AWS og GDPR Epay Bambora Online A\/S Alfred Nobels Vej 21 A, 1. DK-9220 Aalborg \u00d8st Danmark Betalingsl\u00f8sninger Visma E-conomics Langebrogade 1 1411 K\u00f8benhavn K Danmark \u00d8konomi Fakturaservice Danmarksvej 26 &#8230; <a title=\"Underdatabehandlere\" class=\"read-more\" href=\"https:\/\/suresms.com\/dk\/ressourcer\/gdpr\/underdatabehandlere\/\" aria-label=\"Read more about Underdatabehandlere\">L\u00e6s mere <\/a><\/p>\n","protected":false},"author":1,"featured_media":0,"parent":5221,"menu_order":0,"comment_status":"closed","ping_status":"closed","template":"","meta":{"_fl_builder_enabled":"1","_fl_builder_data":null,"_fl_builder_draft":null,"_fl_builder_data_settings":null,"_fl_builder_css":"","_fl_builder_css_version":"","_fl_builder_js":"","footnotes":""},"categories":[],"tags":[],"class_list":["post-9527","page","type-page","status-publish"],"yoast_head":"<!-- This site is optimized with the Yoast SEO Premium plugin v27.3 (Yoast SEO v27.3) - https:\/\/yoast.com\/product\/yoast-seo-premium-wordpress\/ -->\r\n<title>Underdatabehandlere -<\/title>\r\n<meta name=\"robots\" content=\"index, follow, max-snippet:-1, max-image-preview:large, max-video-preview:-1\" \/>\r\n<link rel=\"canonical\" href=\"https:\/\/suresms.com\/dk\/ressourcer\/gdpr\/underdatabehandlere\/\" \/>\r\n<meta property=\"og:locale\" content=\"da_DK\" \/>\r\n<meta property=\"og:type\" content=\"article\" \/>\r\n<meta property=\"og:title\" content=\"Underdatabehandlere\" \/>\r\n<meta property=\"og:description\" content=\"UNDERDATABEHANDLERE &nbsp; Senest opdateret: 2020-04-21 Senest godkendt: 2026-03-05 Underdatabehandler Adresse Anvendes til AMAZON Europe (Frankfurt) Region 60313 Frankfurt am Main Germany Dataopbevaringscenter L\u00e6s mere om AWS og GDPR Epay Bambora Online A\/S Alfred Nobels Vej 21 A, 1. DK-9220 Aalborg \u00d8st Danmark Betalingsl\u00f8sninger Visma E-conomics Langebrogade 1 1411 K\u00f8benhavn K Danmark \u00d8konomi Fakturaservice Danmarksvej 26 ... L\u00e6s mere\" \/>\r\n<meta property=\"og:url\" content=\"https:\/\/suresms.com\/dk\/ressourcer\/gdpr\/underdatabehandlere\/\" \/>\r\n<meta property=\"article:publisher\" content=\"https:\/\/www.facebook.com\/p\/SureSMS-100044607956149\/\" \/>\r\n<meta property=\"article:modified_time\" content=\"2026-03-05T12:27:31+00:00\" \/>\r\n<meta name=\"twitter:card\" content=\"summary_large_image\" \/>\r\n<meta name=\"twitter:label1\" content=\"Estimeret l\u00e6setid\" \/>\n\t<meta name=\"twitter:data1\" content=\"2 minutter\" \/>\r\n<script type=\"application\/ld+json\" class=\"yoast-schema-graph\">{\"@context\":\"https:\\\/\\\/schema.org\",\"@graph\":[{\"@type\":\"WebPage\",\"@id\":\"https:\\\/\\\/suresms.com\\\/dk\\\/ressourcer\\\/gdpr\\\/underdatabehandlere\\\/\",\"url\":\"https:\\\/\\\/suresms.com\\\/dk\\\/ressourcer\\\/gdpr\\\/underdatabehandlere\\\/\",\"name\":\"Underdatabehandlere -\",\"isPartOf\":{\"@id\":\"https:\\\/\\\/suresms.com\\\/en\\\/#website\"},\"datePublished\":\"2020-05-13T10:28:25+00:00\",\"dateModified\":\"2026-03-05T12:27:31+00:00\",\"breadcrumb\":{\"@id\":\"https:\\\/\\\/suresms.com\\\/dk\\\/ressourcer\\\/gdpr\\\/underdatabehandlere\\\/#breadcrumb\"},\"inLanguage\":\"da-DK\",\"potentialAction\":[{\"@type\":\"ReadAction\",\"target\":[\"https:\\\/\\\/suresms.com\\\/dk\\\/ressourcer\\\/gdpr\\\/underdatabehandlere\\\/\"]}]},{\"@type\":\"BreadcrumbList\",\"@id\":\"https:\\\/\\\/suresms.com\\\/dk\\\/ressourcer\\\/gdpr\\\/underdatabehandlere\\\/#breadcrumb\",\"itemListElement\":[{\"@type\":\"ListItem\",\"position\":1,\"name\":\"Home\",\"item\":\"https:\\\/\\\/suresms.com\\\/dk\\\/\"},{\"@type\":\"ListItem\",\"position\":2,\"name\":\"Ressourcer\",\"item\":\"https:\\\/\\\/suresms.com\\\/ressourcer\\\/\"},{\"@type\":\"ListItem\",\"position\":3,\"name\":\"GDPR\",\"item\":\"https:\\\/\\\/suresms.com\\\/dk\\\/ressourcer\\\/gdpr\\\/\"},{\"@type\":\"ListItem\",\"position\":4,\"name\":\"Underdatabehandlere\"}]},{\"@type\":\"WebSite\",\"@id\":\"https:\\\/\\\/suresms.com\\\/en\\\/#website\",\"url\":\"https:\\\/\\\/suresms.com\\\/en\\\/\",\"name\":\"SureSMS\",\"description\":\"Professionel SMS Gateway\",\"publisher\":{\"@id\":\"https:\\\/\\\/suresms.com\\\/en\\\/#organization\"},\"potentialAction\":[{\"@type\":\"SearchAction\",\"target\":{\"@type\":\"EntryPoint\",\"urlTemplate\":\"https:\\\/\\\/suresms.com\\\/en\\\/?s={search_term_string}\"},\"query-input\":{\"@type\":\"PropertyValueSpecification\",\"valueRequired\":true,\"valueName\":\"search_term_string\"}}],\"inLanguage\":\"da-DK\"},{\"@type\":\"Organization\",\"@id\":\"https:\\\/\\\/suresms.com\\\/en\\\/#organization\",\"name\":\"SureSMS\",\"url\":\"https:\\\/\\\/suresms.com\\\/en\\\/\",\"logo\":{\"@type\":\"ImageObject\",\"inLanguage\":\"da-DK\",\"@id\":\"https:\\\/\\\/suresms.com\\\/en\\\/#\\\/schema\\\/logo\\\/image\\\/\",\"url\":\"https:\\\/\\\/suresms.com\\\/wp-content\\\/uploads\\\/2024\\\/11\\\/suresms-300x65-1.png\",\"contentUrl\":\"https:\\\/\\\/suresms.com\\\/wp-content\\\/uploads\\\/2024\\\/11\\\/suresms-300x65-1.png\",\"width\":300,\"height\":65,\"caption\":\"SureSMS\"},\"image\":{\"@id\":\"https:\\\/\\\/suresms.com\\\/en\\\/#\\\/schema\\\/logo\\\/image\\\/\"},\"sameAs\":[\"https:\\\/\\\/www.facebook.com\\\/p\\\/SureSMS-100044607956149\\\/\"]}]}<\/script>\r\n<!-- \/ Yoast SEO Premium plugin. -->","yoast_head_json":{"title":"Underdatabehandlere -","robots":{"index":"index","follow":"follow","max-snippet":"max-snippet:-1","max-image-preview":"max-image-preview:large","max-video-preview":"max-video-preview:-1"},"canonical":"https:\/\/suresms.com\/dk\/ressourcer\/gdpr\/underdatabehandlere\/","og_locale":"da_DK","og_type":"article","og_title":"Underdatabehandlere","og_description":"UNDERDATABEHANDLERE &nbsp; Senest opdateret: 2020-04-21 Senest godkendt: 2026-03-05 Underdatabehandler Adresse Anvendes til AMAZON Europe (Frankfurt) Region 60313 Frankfurt am Main Germany Dataopbevaringscenter L\u00e6s mere om AWS og GDPR Epay Bambora Online A\/S Alfred Nobels Vej 21 A, 1. DK-9220 Aalborg \u00d8st Danmark Betalingsl\u00f8sninger Visma E-conomics Langebrogade 1 1411 K\u00f8benhavn K Danmark \u00d8konomi Fakturaservice Danmarksvej 26 ... L\u00e6s mere","og_url":"https:\/\/suresms.com\/dk\/ressourcer\/gdpr\/underdatabehandlere\/","article_publisher":"https:\/\/www.facebook.com\/p\/SureSMS-100044607956149\/","article_modified_time":"2026-03-05T12:27:31+00:00","twitter_card":"summary_large_image","twitter_misc":{"Estimeret l\u00e6setid":"2 minutter"},"schema":{"@context":"https:\/\/schema.org","@graph":[{"@type":"WebPage","@id":"https:\/\/suresms.com\/dk\/ressourcer\/gdpr\/underdatabehandlere\/","url":"https:\/\/suresms.com\/dk\/ressourcer\/gdpr\/underdatabehandlere\/","name":"Underdatabehandlere -","isPartOf":{"@id":"https:\/\/suresms.com\/en\/#website"},"datePublished":"2020-05-13T10:28:25+00:00","dateModified":"2026-03-05T12:27:31+00:00","breadcrumb":{"@id":"https:\/\/suresms.com\/dk\/ressourcer\/gdpr\/underdatabehandlere\/#breadcrumb"},"inLanguage":"da-DK","potentialAction":[{"@type":"ReadAction","target":["https:\/\/suresms.com\/dk\/ressourcer\/gdpr\/underdatabehandlere\/"]}]},{"@type":"BreadcrumbList","@id":"https:\/\/suresms.com\/dk\/ressourcer\/gdpr\/underdatabehandlere\/#breadcrumb","itemListElement":[{"@type":"ListItem","position":1,"name":"Home","item":"https:\/\/suresms.com\/dk\/"},{"@type":"ListItem","position":2,"name":"Ressourcer","item":"https:\/\/suresms.com\/ressourcer\/"},{"@type":"ListItem","position":3,"name":"GDPR","item":"https:\/\/suresms.com\/dk\/ressourcer\/gdpr\/"},{"@type":"ListItem","position":4,"name":"Underdatabehandlere"}]},{"@type":"WebSite","@id":"https:\/\/suresms.com\/en\/#website","url":"https:\/\/suresms.com\/en\/","name":"SureSMS","description":"Professionel SMS Gateway","publisher":{"@id":"https:\/\/suresms.com\/en\/#organization"},"potentialAction":[{"@type":"SearchAction","target":{"@type":"EntryPoint","urlTemplate":"https:\/\/suresms.com\/en\/?s={search_term_string}"},"query-input":{"@type":"PropertyValueSpecification","valueRequired":true,"valueName":"search_term_string"}}],"inLanguage":"da-DK"},{"@type":"Organization","@id":"https:\/\/suresms.com\/en\/#organization","name":"SureSMS","url":"https:\/\/suresms.com\/en\/","logo":{"@type":"ImageObject","inLanguage":"da-DK","@id":"https:\/\/suresms.com\/en\/#\/schema\/logo\/image\/","url":"https:\/\/suresms.com\/wp-content\/uploads\/2024\/11\/suresms-300x65-1.png","contentUrl":"https:\/\/suresms.com\/wp-content\/uploads\/2024\/11\/suresms-300x65-1.png","width":300,"height":65,"caption":"SureSMS"},"image":{"@id":"https:\/\/suresms.com\/en\/#\/schema\/logo\/image\/"},"sameAs":["https:\/\/www.facebook.com\/p\/SureSMS-100044607956149\/"]}]}},"_links":{"self":[{"href":"https:\/\/suresms.com\/dk\/wp-json\/wp\/v2\/pages\/9527","targetHints":{"allow":["GET"]}}],"collection":[{"href":"https:\/\/suresms.com\/dk\/wp-json\/wp\/v2\/pages"}],"about":[{"href":"https:\/\/suresms.com\/dk\/wp-json\/wp\/v2\/types\/page"}],"author":[{"embeddable":true,"href":"https:\/\/suresms.com\/dk\/wp-json\/wp\/v2\/users\/1"}],"replies":[{"embeddable":true,"href":"https:\/\/suresms.com\/dk\/wp-json\/wp\/v2\/comments?post=9527"}],"version-history":[{"count":3,"href":"https:\/\/suresms.com\/dk\/wp-json\/wp\/v2\/pages\/9527\/revisions"}],"predecessor-version":[{"id":23846,"href":"https:\/\/suresms.com\/dk\/wp-json\/wp\/v2\/pages\/9527\/revisions\/23846"}],"up":[{"embeddable":true,"href":"https:\/\/suresms.com\/dk\/wp-json\/wp\/v2\/pages\/5221"}],"wp:attachment":[{"href":"https:\/\/suresms.com\/dk\/wp-json\/wp\/v2\/media?parent=9527"}],"wp:term":[{"taxonomy":"category","embeddable":true,"href":"https:\/\/suresms.com\/dk\/wp-json\/wp\/v2\/categories?post=9527"},{"taxonomy":"post_tag","embeddable":true,"href":"https:\/\/suresms.com\/dk\/wp-json\/wp\/v2\/tags?post=9527"}],"curies":[{"name":"wp","href":"https:\/\/api.w.org\/{rel}","templated":true}]}}