{"id":8,"date":"2013-11-26T08:53:02","date_gmt":"2013-11-26T08:53:02","guid":{"rendered":"http:\/\/suresms-gateway.dk\/?page_id=8"},"modified":"2025-10-21T14:37:10","modified_gmt":"2025-10-21T14:37:10","slug":"referencer","status":"publish","type":"page","link":"https:\/\/suresms.com\/dk\/referencer\/","title":{"rendered":"Referencer"},"content":{"rendered":"\n\n\t<p><strong>REFERENCER<\/strong><\/p>\n<h5>SureSMS sender hvert \u00e5r SMS beskeder til mere 4.500.000 telefonnumre. Vi har over 1.000 kunder i Danmark og udlandet. <\/h5>\n\t\t\t\t<img decoding=\"async\" src=\"https:\/\/suresms.com\/wp-content\/uploads\/2024\/11\/Esbjerg-Gods-farver.png\" alt=\"Esbjerg Gods - farver\" title=\"Esbjerg Gods - farver\" itemprop=\"image\"\/>\n\t\t<h5>Esbjerg Gods<\/h5>\t\t\t\n\t\t\t\t<p>Vi har bes\u00f8gt Esbjerg Gods!<\/p>\n<p>Se videoen og h\u00f8r hvordan de benytter SureSMS\u00a0i hverdagen!\u00a0<\/p>\n\t\t<iframe loading=\"lazy\" title=\"Esbjerg Gods bruger SureSMS\" width=\"1200\" height=\"675\" src=\"https:\/\/www.youtube.com\/embed\/hIm8gbO0dhU?feature=oembed\" frameborder=\"0\" allow=\"accelerometer; autoplay; clipboard-write; encrypted-media; gyroscope; picture-in-picture\" allowfullscreen><\/iframe>\t\n\t\t\t\t<img decoding=\"async\" src=\"https:\/\/suresms.com\/wp-content\/uploads\/2019\/11\/Norriq-1.png\" alt=\"Norriq\" title=\"Norriq\" itemprop=\"image\"\/>\n\t\t<h5>S\u00f8ren Christensen<\/h5>\t\t\t\n\t\t\t\t<p>Vi har brugt SureSMS til flere af vores kunder.<\/p>\n<p>SureSMS er integreret med\u00a0vores POS- og \u00f8konomisystem, s\u00e5 beskederne bliver sendt helt\u00a0automatisk til vores kunders kunder, n\u00e5r ordren er f\u00e6rdig.<\/p>\n<p>Vores samarbejde\u00a0med SureSMS har v\u00e6ret godt, og de har altid v\u00e6ret hurtige til at hj\u00e6lpe med\u00a0at f\u00e5 nye kunder i gang. N\u00e5r det f\u00f8rst k\u00f8rer, s\u00e5 snakker vi ikke med dem\u00a0mere, for der er aldrig problemer.<\/p>\n<p>Nogle af vores kunder sender ogs\u00e5 til udenlandske numre, og det er heller ikke noget problem.<\/p>\n\t\t\t\t<img decoding=\"async\" src=\"https:\/\/suresms.com\/wp-content\/uploads\/2013\/11\/Agema.png\" alt=\"Agema\" title=\"Agema\" itemprop=\"image\"\/>\n\t\t<h5>Martin Everh\u00f8j<\/h5>\t\t\t\n\t\t\t\t<p>Agema benytter SureSMS samme med vores SMS Passcode. Det er af st\u00f8rste vigtighed beskederne kommer sikkert og hurtig frem til modtageren.<\/p>\n<p>Det fungerer up\u00e5klageligt hos SureSMS der er stabile og altid hj\u00e6lpsomme, hvis der er brug for hj\u00e6lp.<\/p>\n<p>Vi kan varmt anbefale SureSMS til andre virksomheder og foreninger, der har brug for en stabil og serviceminded SMS l\u00f8sning.<\/p>\n\t\t\t\t<img decoding=\"async\" src=\"https:\/\/suresms.com\/wp-content\/uploads\/2024\/11\/Fujitsu-farver.png\" alt=\"Fujitsu - farver\" title=\"Fujitsu - farver\" itemprop=\"image\"\/>\n\t\t<h5>John Johansen<\/h5>\t\t\t\n\t\t\t\t<p>\u00a0<\/p>\n<p>Jeg sender SMS via SureSMS&#8217; website og synes systemet er meget brugervenligt og intuitivt. Jeg kunne l\u00e6re min chef op i det p\u00e5 en halv time, og blev glad da jeg s\u00e5 at han sende en vigtig SMS ud, mens jeg var p\u00e5 ferie.<\/p>\n<p>SureSMS er brugervenligt, intuitivt og meget positivt modtaget blandt vores interne brugere. Inden vi fik SureSMS var det meget f\u00e5 af vores teknikere, som deltog p\u00e5 vores interne m\u00f8der. Nu f\u00e5r de en reminder SMS \u00e9n time f\u00f8r m\u00f8det og succesraten er steget til 2\/3.<\/p>\n\t\t\t\t<img decoding=\"async\" src=\"https:\/\/suresms.com\/wp-content\/uploads\/2013\/11\/norstaff.png\" alt=\"Kunder referencer Norstaff logo\" title=\"norstaff\" itemprop=\"image\"\/>\n\t\t<h5>Patrick Hickey<\/h5>\t\t\t\n\t\t\t\t<p>\u00a0<\/p>\n<p>Norstaff benytter sige af SureSMS til rekruttering og til booking af vikar.<\/p>\n<p><em>&#8220;Vi er SUPER glad for SureSMS, og har kun ros til servicen.&#8221;<\/em><\/p>\n\t\t\t\t<img decoding=\"async\" src=\"https:\/\/suresms.com\/wp-content\/uploads\/2015\/02\/REB-Rodskov1.jpg\" alt=\"Kunder referencer Rodskov forsamlingshus sort hvid logo\" title=\"REB Rodskov sort hvid logo\" itemprop=\"image\"\/>\n\t\t<h5>Michel Gorm<\/h5>\t\t\t\n\t\t\t\t<p>I blev anbefalet til mig af en kollega, der ogs\u00e5 anvender jeres l\u00f8sning.<\/p>\n<p>Jeg har unders\u00f8gt og testet en del andre SMS-l\u00f8sninger, og jeres er klart den mest fleksible og hurtige &#8211; og s\u00e5 til en fornuftig pris.<\/p>\n<p>TAK for et fremragende produkt! Det udf\u00f8rer lige pr\u00e6cis de opgaver jeg har brug for- Super godt!&#8221;<\/p>\n\t\t\t\t<img decoding=\"async\" src=\"https:\/\/suresms.com\/wp-content\/uploads\/2016\/01\/Herning-Varmforsinkning-100-px.jpg\" alt=\"kunder referencer Herning varmforzinkning farve logo\" title=\"Herning Varmforzinkning 100 px\" itemprop=\"image\"\/>\n\t\t<h5>Bjarne J\u00f8rgensen<\/h5>\t\t\t\n\t\t\t\t<p>Herning Varmforzinkning sender via Email2SMS beskeder til deres kunder. Kunderne modtager en flashbesked p\u00e5 deres mobiltelefon, bl.a. n\u00e5r en ordrer er f\u00e6rdig.<\/p>\n<p>&#8220;Der burde v\u00e6re flere IT firmaer som jer.<br \/>&#8211; Det er meget fleksibelt.&#8221;<\/p>\n\t\t\t\t<img decoding=\"async\" src=\"https:\/\/suresms.com\/wp-content\/uploads\/2016\/06\/Frisoergaarden-1.jpg\" alt=\"Frisoergaarden\" title=\"Frisoergaarden\" itemprop=\"image\"\/>\n\t\t<h5>Julie Thorsen<\/h5>\t\t\t\n\t\t\t\t<p>Efter at v\u00e6re skiftet fra Clickatell til SureSMS har vi ikke l\u00e6ngere problemer med vores SMS-system, s\u00e5 det ville jeg \u00f8nske, at vi havde gjort for lang tid siden.<\/p>\n<p>Tak for en stabil og god l\u00f8sning, som ovenik\u00f8bet er til at betale!<\/p>\n\t\t\t\t<img decoding=\"async\" src=\"https:\/\/suresms.com\/wp-content\/uploads\/2019\/11\/Fujitsu-567px-1.png\" alt=\"Fujitsu - 567px\" itemprop=\"image\" height=\"319\" width=\"567\" title=\"Fujitsu - 567px\" onerror=\"this.style.display='none'\" loading=\"lazy\" \/>\n\t\t\t\t<img decoding=\"async\" src=\"https:\/\/suresms.com\/wp-content\/uploads\/2019\/11\/Dubex-300px-1.png\" alt=\"Dubex - 300px\" itemprop=\"image\" height=\"169\" width=\"300\" title=\"Dubex - 300px\" onerror=\"this.style.display='none'\" loading=\"lazy\" \/>\n\t\t\t\t<img decoding=\"async\" src=\"https:\/\/suresms.com\/wp-content\/uploads\/2019\/12\/Hartmanns-logo-bw-1.png\" alt=\"Hartmanns logo bw\" itemprop=\"image\" height=\"319\" width=\"567\" title=\"Hartmanns logo bw\" onerror=\"this.style.display='none'\" loading=\"lazy\" \/>\n\t\t\t\t<img decoding=\"async\" src=\"https:\/\/suresms.com\/wp-content\/uploads\/2019\/11\/Boligportal-300-px-1.png\" alt=\"Boligportal - 300 px\" itemprop=\"image\" height=\"169\" width=\"300\" title=\"Boligportal - 300 px\" onerror=\"this.style.display='none'\" loading=\"lazy\" \/>\n\t\t\t\t<img decoding=\"async\" src=\"https:\/\/suresms.com\/wp-content\/uploads\/2019\/11\/Daells-Bolighus-567px-1.png\" alt=\"Daells Bolighus - 567px\" itemprop=\"image\" height=\"319\" width=\"567\" title=\"Daells Bolighus - 567px\" onerror=\"this.style.display='none'\" loading=\"lazy\" \/>\n\t\t\t\t<img decoding=\"async\" src=\"https:\/\/suresms.com\/wp-content\/uploads\/2019\/11\/COWI-567px-e1574268785303-1.png\" alt=\"COWI\" itemprop=\"image\" height=\"319\" width=\"567\" title=\"COWI\" onerror=\"this.style.display='none'\" loading=\"lazy\" \/>\n\n","protected":false},"excerpt":{"rendered":"<p>REFERENCER SureSMS sender hvert \u00e5r SMS beskeder til mere 4.500.000 telefonnumre. Vi har over 1.000 kunder i Danmark og udlandet. Esbjerg Gods Vi har bes\u00f8gt Esbjerg Gods! Se videoen og h\u00f8r hvordan de benytter SureSMS\u00a0i hverdagen!\u00a0 S\u00f8ren Christensen Vi har brugt SureSMS til flere af vores kunder. SureSMS er integreret med\u00a0vores POS- og \u00f8konomisystem, s\u00e5 &#8230; <a title=\"Referencer\" class=\"read-more\" href=\"https:\/\/suresms.com\/dk\/referencer\/\" aria-label=\"Read more about Referencer\">L\u00e6s mere <\/a><\/p>\n","protected":false},"author":1,"featured_media":0,"parent":0,"menu_order":5,"comment_status":"closed","ping_status":"closed","template":"","meta":{"_fl_builder_enabled":"1","_fl_builder_data":null,"_fl_builder_draft":null,"_fl_builder_data_settings":null,"_fl_builder_css":"","_fl_builder_css_version":"","_fl_builder_js":"","footnotes":""},"categories":[],"tags":[],"class_list":["post-8","page","type-page","status-publish"],"yoast_head":"<!-- This site is optimized with the Yoast SEO Premium plugin v27.3 (Yoast SEO v27.3) - https:\/\/yoast.com\/product\/yoast-seo-premium-wordpress\/ -->\r\n<title>Referencer fra SureSMS kunder - Se udtalelser fra vores kunder<\/title>\r\n<meta name=\"description\" content=\"Referencer p\u00e5 SureSMS og vores gateway. L\u00e6s hvad vores kunder mener om vores gateway og service som virksomhed.\" \/>\r\n<meta name=\"robots\" content=\"index, follow, max-snippet:-1, max-image-preview:large, max-video-preview:-1\" \/>\r\n<link rel=\"canonical\" href=\"https:\/\/suresms.com\/dk\/referencer\/\" \/>\r\n<meta property=\"og:locale\" content=\"da_DK\" \/>\r\n<meta property=\"og:type\" content=\"article\" \/>\r\n<meta property=\"og:title\" content=\"Referencer\" \/>\r\n<meta property=\"og:description\" content=\"Referencer p\u00e5 SureSMS og vores gateway. L\u00e6s hvad vores kunder mener om vores gateway og service som virksomhed.\" \/>\r\n<meta property=\"og:url\" content=\"https:\/\/suresms.com\/dk\/referencer\/\" \/>\r\n<meta property=\"article:publisher\" content=\"https:\/\/www.facebook.com\/p\/SureSMS-100044607956149\/\" \/>\r\n<meta property=\"article:modified_time\" content=\"2025-10-21T14:37:10+00:00\" \/>\r\n<meta property=\"og:image\" content=\"https:\/\/suresms.com\/wp-content\/uploads\/2024\/11\/Esbjerg-Gods-farver.png\" \/>\r\n<meta name=\"twitter:card\" content=\"summary_large_image\" \/>\r\n<meta name=\"twitter:label1\" content=\"Estimeret l\u00e6setid\" \/>\n\t<meta name=\"twitter:data1\" content=\"2 minutter\" \/>\r\n<script type=\"application\/ld+json\" class=\"yoast-schema-graph\">{\"@context\":\"https:\\\/\\\/schema.org\",\"@graph\":[{\"@type\":\"WebPage\",\"@id\":\"https:\\\/\\\/suresms.com\\\/dk\\\/referencer\\\/\",\"url\":\"https:\\\/\\\/suresms.com\\\/dk\\\/referencer\\\/\",\"name\":\"Referencer fra SureSMS kunder - Se udtalelser fra vores kunder\",\"isPartOf\":{\"@id\":\"https:\\\/\\\/suresms.com\\\/en\\\/#website\"},\"primaryImageOfPage\":{\"@id\":\"https:\\\/\\\/suresms.com\\\/dk\\\/referencer\\\/#primaryimage\"},\"image\":{\"@id\":\"https:\\\/\\\/suresms.com\\\/dk\\\/referencer\\\/#primaryimage\"},\"thumbnailUrl\":\"https:\\\/\\\/suresms.com\\\/wp-content\\\/uploads\\\/2024\\\/11\\\/Esbjerg-Gods-farver.png\",\"datePublished\":\"2013-11-26T08:53:02+00:00\",\"dateModified\":\"2025-10-21T14:37:10+00:00\",\"description\":\"Referencer p\u00e5 SureSMS og vores gateway. L\u00e6s hvad vores kunder mener om vores gateway og service som virksomhed.\",\"breadcrumb\":{\"@id\":\"https:\\\/\\\/suresms.com\\\/dk\\\/referencer\\\/#breadcrumb\"},\"inLanguage\":\"da-DK\",\"potentialAction\":[{\"@type\":\"ReadAction\",\"target\":[\"https:\\\/\\\/suresms.com\\\/dk\\\/referencer\\\/\"]}]},{\"@type\":\"ImageObject\",\"inLanguage\":\"da-DK\",\"@id\":\"https:\\\/\\\/suresms.com\\\/dk\\\/referencer\\\/#primaryimage\",\"url\":\"https:\\\/\\\/suresms.com\\\/wp-content\\\/uploads\\\/2024\\\/11\\\/Esbjerg-Gods-farver.png\",\"contentUrl\":\"https:\\\/\\\/suresms.com\\\/wp-content\\\/uploads\\\/2024\\\/11\\\/Esbjerg-Gods-farver.png\"},{\"@type\":\"BreadcrumbList\",\"@id\":\"https:\\\/\\\/suresms.com\\\/dk\\\/referencer\\\/#breadcrumb\",\"itemListElement\":[{\"@type\":\"ListItem\",\"position\":1,\"name\":\"Home\",\"item\":\"https:\\\/\\\/suresms.com\\\/dk\\\/\"},{\"@type\":\"ListItem\",\"position\":2,\"name\":\"Referencer\"}]},{\"@type\":\"WebSite\",\"@id\":\"https:\\\/\\\/suresms.com\\\/en\\\/#website\",\"url\":\"https:\\\/\\\/suresms.com\\\/en\\\/\",\"name\":\"SureSMS\",\"description\":\"Professionel SMS Gateway\",\"publisher\":{\"@id\":\"https:\\\/\\\/suresms.com\\\/en\\\/#organization\"},\"potentialAction\":[{\"@type\":\"SearchAction\",\"target\":{\"@type\":\"EntryPoint\",\"urlTemplate\":\"https:\\\/\\\/suresms.com\\\/en\\\/?s={search_term_string}\"},\"query-input\":{\"@type\":\"PropertyValueSpecification\",\"valueRequired\":true,\"valueName\":\"search_term_string\"}}],\"inLanguage\":\"da-DK\"},{\"@type\":\"Organization\",\"@id\":\"https:\\\/\\\/suresms.com\\\/en\\\/#organization\",\"name\":\"SureSMS\",\"url\":\"https:\\\/\\\/suresms.com\\\/en\\\/\",\"logo\":{\"@type\":\"ImageObject\",\"inLanguage\":\"da-DK\",\"@id\":\"https:\\\/\\\/suresms.com\\\/en\\\/#\\\/schema\\\/logo\\\/image\\\/\",\"url\":\"https:\\\/\\\/suresms.com\\\/wp-content\\\/uploads\\\/2024\\\/11\\\/suresms-300x65-1.png\",\"contentUrl\":\"https:\\\/\\\/suresms.com\\\/wp-content\\\/uploads\\\/2024\\\/11\\\/suresms-300x65-1.png\",\"width\":300,\"height\":65,\"caption\":\"SureSMS\"},\"image\":{\"@id\":\"https:\\\/\\\/suresms.com\\\/en\\\/#\\\/schema\\\/logo\\\/image\\\/\"},\"sameAs\":[\"https:\\\/\\\/www.facebook.com\\\/p\\\/SureSMS-100044607956149\\\/\"]}]}<\/script>\r\n<!-- \/ Yoast SEO Premium plugin. -->","yoast_head_json":{"title":"Referencer fra SureSMS kunder - Se udtalelser fra vores kunder","description":"Referencer p\u00e5 SureSMS og vores gateway. L\u00e6s hvad vores kunder mener om vores gateway og service som virksomhed.","robots":{"index":"index","follow":"follow","max-snippet":"max-snippet:-1","max-image-preview":"max-image-preview:large","max-video-preview":"max-video-preview:-1"},"canonical":"https:\/\/suresms.com\/dk\/referencer\/","og_locale":"da_DK","og_type":"article","og_title":"Referencer","og_description":"Referencer p\u00e5 SureSMS og vores gateway. L\u00e6s hvad vores kunder mener om vores gateway og service som virksomhed.","og_url":"https:\/\/suresms.com\/dk\/referencer\/","article_publisher":"https:\/\/www.facebook.com\/p\/SureSMS-100044607956149\/","article_modified_time":"2025-10-21T14:37:10+00:00","og_image":[{"url":"https:\/\/suresms.com\/wp-content\/uploads\/2024\/11\/Esbjerg-Gods-farver.png","type":"","width":"","height":""}],"twitter_card":"summary_large_image","twitter_misc":{"Estimeret l\u00e6setid":"2 minutter"},"schema":{"@context":"https:\/\/schema.org","@graph":[{"@type":"WebPage","@id":"https:\/\/suresms.com\/dk\/referencer\/","url":"https:\/\/suresms.com\/dk\/referencer\/","name":"Referencer fra SureSMS kunder - Se udtalelser fra vores kunder","isPartOf":{"@id":"https:\/\/suresms.com\/en\/#website"},"primaryImageOfPage":{"@id":"https:\/\/suresms.com\/dk\/referencer\/#primaryimage"},"image":{"@id":"https:\/\/suresms.com\/dk\/referencer\/#primaryimage"},"thumbnailUrl":"https:\/\/suresms.com\/wp-content\/uploads\/2024\/11\/Esbjerg-Gods-farver.png","datePublished":"2013-11-26T08:53:02+00:00","dateModified":"2025-10-21T14:37:10+00:00","description":"Referencer p\u00e5 SureSMS og vores gateway. L\u00e6s hvad vores kunder mener om vores gateway og service som virksomhed.","breadcrumb":{"@id":"https:\/\/suresms.com\/dk\/referencer\/#breadcrumb"},"inLanguage":"da-DK","potentialAction":[{"@type":"ReadAction","target":["https:\/\/suresms.com\/dk\/referencer\/"]}]},{"@type":"ImageObject","inLanguage":"da-DK","@id":"https:\/\/suresms.com\/dk\/referencer\/#primaryimage","url":"https:\/\/suresms.com\/wp-content\/uploads\/2024\/11\/Esbjerg-Gods-farver.png","contentUrl":"https:\/\/suresms.com\/wp-content\/uploads\/2024\/11\/Esbjerg-Gods-farver.png"},{"@type":"BreadcrumbList","@id":"https:\/\/suresms.com\/dk\/referencer\/#breadcrumb","itemListElement":[{"@type":"ListItem","position":1,"name":"Home","item":"https:\/\/suresms.com\/dk\/"},{"@type":"ListItem","position":2,"name":"Referencer"}]},{"@type":"WebSite","@id":"https:\/\/suresms.com\/en\/#website","url":"https:\/\/suresms.com\/en\/","name":"SureSMS","description":"Professionel SMS Gateway","publisher":{"@id":"https:\/\/suresms.com\/en\/#organization"},"potentialAction":[{"@type":"SearchAction","target":{"@type":"EntryPoint","urlTemplate":"https:\/\/suresms.com\/en\/?s={search_term_string}"},"query-input":{"@type":"PropertyValueSpecification","valueRequired":true,"valueName":"search_term_string"}}],"inLanguage":"da-DK"},{"@type":"Organization","@id":"https:\/\/suresms.com\/en\/#organization","name":"SureSMS","url":"https:\/\/suresms.com\/en\/","logo":{"@type":"ImageObject","inLanguage":"da-DK","@id":"https:\/\/suresms.com\/en\/#\/schema\/logo\/image\/","url":"https:\/\/suresms.com\/wp-content\/uploads\/2024\/11\/suresms-300x65-1.png","contentUrl":"https:\/\/suresms.com\/wp-content\/uploads\/2024\/11\/suresms-300x65-1.png","width":300,"height":65,"caption":"SureSMS"},"image":{"@id":"https:\/\/suresms.com\/en\/#\/schema\/logo\/image\/"},"sameAs":["https:\/\/www.facebook.com\/p\/SureSMS-100044607956149\/"]}]}},"_links":{"self":[{"href":"https:\/\/suresms.com\/dk\/wp-json\/wp\/v2\/pages\/8","targetHints":{"allow":["GET"]}}],"collection":[{"href":"https:\/\/suresms.com\/dk\/wp-json\/wp\/v2\/pages"}],"about":[{"href":"https:\/\/suresms.com\/dk\/wp-json\/wp\/v2\/types\/page"}],"author":[{"embeddable":true,"href":"https:\/\/suresms.com\/dk\/wp-json\/wp\/v2\/users\/1"}],"replies":[{"embeddable":true,"href":"https:\/\/suresms.com\/dk\/wp-json\/wp\/v2\/comments?post=8"}],"version-history":[{"count":18,"href":"https:\/\/suresms.com\/dk\/wp-json\/wp\/v2\/pages\/8\/revisions"}],"predecessor-version":[{"id":23500,"href":"https:\/\/suresms.com\/dk\/wp-json\/wp\/v2\/pages\/8\/revisions\/23500"}],"wp:attachment":[{"href":"https:\/\/suresms.com\/dk\/wp-json\/wp\/v2\/media?parent=8"}],"wp:term":[{"taxonomy":"category","embeddable":true,"href":"https:\/\/suresms.com\/dk\/wp-json\/wp\/v2\/categories?post=8"},{"taxonomy":"post_tag","embeddable":true,"href":"https:\/\/suresms.com\/dk\/wp-json\/wp\/v2\/tags?post=8"}],"curies":[{"name":"wp","href":"https:\/\/api.w.org\/{rel}","templated":true}]}}