{"id":755,"date":"2014-12-17T20:12:52","date_gmt":"2014-12-17T18:12:52","guid":{"rendered":"https:\/\/www.suresms.com\/dk\/?page_id=755"},"modified":"2025-01-10T10:55:05","modified_gmt":"2025-01-10T10:55:05","slug":"sms-fletning-af-beskeder-til-grupper","status":"publish","type":"page","link":"https:\/\/suresms.com\/dk\/funktioner\/sms-fletning-af-beskeder-til-grupper\/","title":{"rendered":"SMS fletning af beskeder til grupper"},"content":{"rendered":"\n\n\t\t\t\t<!-- Flexy Breadcrumb -->\r\n\t\t\t<div class=\"fbc fbc-page\">\r\n\r\n\t\t\t\t<!-- Breadcrumb wrapper -->\r\n\t\t\t\t<div class=\"fbc-wrap\">\r\n\r\n\t\t\t\t\t<!-- Ordered list-->\r\n\t\t\t\t\t<ol class=\"fbc-items\" itemscope itemtype=\"https:\/\/schema.org\/BreadcrumbList\">\r\n\t\t\t\t\t\t            <li itemprop=\"itemListElement\" itemscope itemtype=\"https:\/\/schema.org\/ListItem\">\r\n                <span itemprop=\"name\">\r\n                    <!-- Home Link -->\r\n                    <a itemprop=\"item\" href=\"https:\/\/suresms.com\">\r\n                    \r\n                                                    <i class=\"fa fa-home\" aria-hidden=\"true\"><\/i>Home                    <\/a>\r\n                <\/span>\r\n                <meta itemprop=\"position\" content=\"1\" \/><!-- Meta Position-->\r\n             <\/li><li><span class=\"fbc-separator\">\/<\/span><\/li><li class=\"active\" itemprop=\"itemListElement\" itemscope itemtype=\"https:\/\/schema.org\/ListItem\"><span itemprop=\"name\" title=\"SMS fletning af beskeder til grupper\">SMS fletning af beskeder...<\/span><meta itemprop=\"position\" content=\"2\" \/><\/li>\t\t\t\t\t<\/ol>\r\n\t\t\t\t\t<div class=\"clearfix\"><\/div>\r\n\t\t\t\t<\/div>\r\n\t\t\t<\/div>\r\n\t\t\t\n<h1>\n\t\tFletning i beskeder\n\t<\/h1>\n\t<p>Det er b\u00e5de nemt og praktisk at kunne sende beskeder ud til mange brugere p\u00e5 samme tid, men hvordan sikrer du dig, at dine SMS&#8217;er stadig bliver personlige?<\/p>\n<p>Som bruger hos Sure SMS har du mulighed for at personligg\u00f8re dine beskeder, ved at flette modtagerens\u00a0navn ind i selve beskeden. Dermed skabes en bedre kontakt og dermed ogs\u00e5 en bedre relationen til modtageren, uanset om denne er en medarbejder, en kunde, eller et potentiel bruger af et af dine produkter.<\/p>\n\t<ul>\n\t\t<li>\t\t\t\t\n\t\t<h3>Muligheder for b\u00e5de for- og efternavn<\/h3><p>Har du f.eks.en gruppe kunder, som du sender til, kan du oprette dem med fornavn og efternavn i SureSMS. N\u00e5r du afsender beskeder, kan du i beskeden skrive en lille kode der, hvor fornavnet skal st\u00e5.F.eks. kan du skrive &#8220;Hej &lt;%firstname%&gt;, tillykke med f\u00f8dselsdagen&#8221;. S\u00e5 vil systemet automatisk flette personens fornavn ind p\u00e5 den plads, hvor koden st\u00e5r.<\/p><\/li><li>\t\t\t\t\n\t\t<h3>Flet andre felter<\/h3><p>Du har ogs\u00e5 mulighed for at tilf\u00f8je dine egne v\u00e6rdier. Det kan f.eks. v\u00e6re <br \/>Bilm\u00e6rke, hvis du er mekaniker<br \/>Holdnummer, hvis du underviser<br \/>Opgang, hvis det er en boligforening<\/p><\/li>\t<\/ul>\n<p><em>F.eks. kan du skrive &#8220;Hej &lt;%firstname%&gt;, tillykke med f\u00f8dselsdagen&#8221;. S\u00e5 vil systemet automatisk flette personens fornavn ind p\u00e5 den plads, hvor koden st\u00e5r.<\/em><\/p>\n<p>Afh\u00e6ngig af modtageren af beskeden og den funktion beskeden har, kan du <strong>v\u00e6lge fornavn, efternavn eller dennes fulde navn<\/strong>.<\/p>\n<p>Vi har lavet en lille video om funktionen, som du kan se ved at f\u00f8lge linket her p\u00e5 siden.<\/p>\n\t\t<h3>Pr\u00f8v NU!<\/h3>\n\t\t<p>Opret gratis testkonto med det samme og f\u00e5 50 gratis SMS&#8217;er. Uden bindinger<\/p>\n\t\t\t<a href=\"https:\/\/www.suresms.com\/dk\/gratis-sms-testkonto\/\" target=\"_self\">\n\t\t\t\t\t\t\tOpret Testkonto\n\t\t\t\t\t<\/a>\n\t\t\t\t\t<video src=\"https:\/\/suresms.com\/wp-content\/uploads\/2024\/10\/Dokumentation-Import-af-kontakter-til-adressebogen.mp4\" alt=\"hosted-video-thumbnail\"><\/video>\n\t<p><strong>S\u00e5 nemt\u00a0fletter du navn i beskeder<\/strong><\/p>\n<ol>\n<li>V\u00e6lg Gruppe<\/li>\n<li>Skriv din besked, som normalt i tekstfeltet, men istedet for navn skriver du en kode.<\/li>\n<li>Tryk p\u00e5 send! Se en detaljeret instruks og koder <a title=\"Manual\" href=\"https:\/\/suresms.com\/docs\/message\/newmessage\/#___Flet_informationer_i_besked__\" target=\"_blank\" rel=\"noopener\">her!<\/a><\/li>\n<\/ol>\n<p><strong>OBS! det er vigtigt, at du inden du benytter fletfunktionen tjekker, at alle kontakter er opdateret med de rigtige for- og efternavne.\u00a0<\/strong><\/p>\n\t<h4><strong>Her kan du l\u00e6se nogle eksempler p\u00e5, hvordan vores kunder i dag benytter funktionen: &#8220;Flet modtagernavn i GruppeSMS&#8221;<\/strong><\/h4>\n\n<ul> \t\n<li>Et hospital bruger fletning af SMS i et forskningsprojekt. De sender dagligt beskeder ud til fors\u00f8gsdeltagerne med informationer, instruktioner til medicin og dosering.<\/li>\n\n<li>En bilforhandler sender automatiserede sms&#8217;er ud til kunderne dagen efter, at de har f\u00e5et repareret deres bil. I SMS&#8217;en sp\u00f8rges der til kundens oplevelse af forl\u00f8bet. Bilforhandleren f\u00e5r s\u00e5ledes en hurtig og effektiv evaluering af deres ydelse.<\/li>\n\n<li>En v\u00e6gtkonsulent bruger flet-funktionen, n\u00e5r der sender SMS-beskeder ud til medlemmerne. Personlige beskeder med st\u00e6rke budskaber virker langt \u00a0mere motiverende og har generelt en st\u00f8rre effekt.<\/li>\n\n<li>Blandt vore kunder, som benytter fletfunktionen, er ogs\u00e5 mange, som faktisk ikke sender et stort volumen af\u00a0beskeder, men hvor navnene integreres i mere\u00a0personlige beskeder. F.eks har vi firmaer, som benytter den ved indkaldelse til m\u00f8der, ligesom vi har en urmager, som bruger det, til beskeder ang\u00e5ende varer til afhentning.<\/li>\n<\/ul>\n\n","protected":false},"excerpt":{"rendered":"<p>Fletning i beskeder Det er b\u00e5de nemt og praktisk at kunne sende beskeder ud til mange brugere p\u00e5 samme tid, men hvordan sikrer du dig, at dine SMS&#8217;er stadig bliver personlige? Som bruger hos Sure SMS har du mulighed for at personligg\u00f8re dine beskeder, ved at flette modtagerens\u00a0navn ind i selve beskeden. Dermed skabes en &#8230; <a title=\"SMS fletning af beskeder til grupper\" class=\"read-more\" href=\"https:\/\/suresms.com\/dk\/funktioner\/sms-fletning-af-beskeder-til-grupper\/\" aria-label=\"Read more about SMS fletning af beskeder til grupper\">L\u00e6s mere <\/a><\/p>\n","protected":false},"author":1,"featured_media":0,"parent":958,"menu_order":11,"comment_status":"closed","ping_status":"closed","template":"","meta":{"_fl_builder_enabled":"1","_fl_builder_data":null,"_fl_builder_draft":null,"_fl_builder_data_settings":null,"_fl_builder_css":"","_fl_builder_css_version":"","_fl_builder_js":"","footnotes":""},"categories":[17],"tags":[],"class_list":{"0":"post-755","1":"page","2":"type-page","3":"status-publish","5":"category-linkfracornorstone"},"yoast_head":"<!-- This site is optimized with the Yoast SEO Premium plugin v27.3 (Yoast SEO v27.3) - https:\/\/yoast.com\/product\/yoast-seo-premium-wordpress\/ -->\r\n<title>SMS fletning af beskeder til grupper<\/title>\r\n<meta name=\"description\" content=\"Du kan nemt g\u00f8re dine SMS beskeder personlige med SureSMS. Ved at bruge nogle simple koder, kan du g\u00f8re beskeden helt personlig. Se her hvordan.\" \/>\r\n<meta name=\"robots\" content=\"index, follow, max-snippet:-1, max-image-preview:large, max-video-preview:-1\" \/>\r\n<link rel=\"canonical\" href=\"https:\/\/suresms.com\/dk\/funktioner\/sms-fletning-af-beskeder-til-grupper\/\" \/>\r\n<meta property=\"og:locale\" content=\"da_DK\" \/>\r\n<meta property=\"og:type\" content=\"article\" \/>\r\n<meta property=\"og:title\" content=\"SMS fletning af beskeder til grupper\" \/>\r\n<meta property=\"og:description\" content=\"Du kan nemt g\u00f8re dine SMS beskeder personlige med SureSMS. Ved at bruge nogle simple koder, kan du g\u00f8re beskeden helt personlig. Se her hvordan.\" \/>\r\n<meta property=\"og:url\" content=\"https:\/\/suresms.com\/dk\/funktioner\/sms-fletning-af-beskeder-til-grupper\/\" \/>\r\n<meta property=\"article:publisher\" content=\"https:\/\/www.facebook.com\/p\/SureSMS-100044607956149\/\" \/>\r\n<meta property=\"article:modified_time\" content=\"2025-01-10T10:55:05+00:00\" \/>\r\n<meta name=\"twitter:card\" content=\"summary_large_image\" \/>\r\n<meta name=\"twitter:label1\" content=\"Estimeret l\u00e6setid\" \/>\n\t<meta name=\"twitter:data1\" content=\"3 minutter\" \/>\r\n<script type=\"application\/ld+json\" class=\"yoast-schema-graph\">{\"@context\":\"https:\\\/\\\/schema.org\",\"@graph\":[{\"@type\":\"WebPage\",\"@id\":\"https:\\\/\\\/suresms.com\\\/dk\\\/funktioner\\\/sms-fletning-af-beskeder-til-grupper\\\/\",\"url\":\"https:\\\/\\\/suresms.com\\\/dk\\\/funktioner\\\/sms-fletning-af-beskeder-til-grupper\\\/\",\"name\":\"SMS fletning af beskeder til grupper\",\"isPartOf\":{\"@id\":\"https:\\\/\\\/suresms.com\\\/en\\\/#website\"},\"datePublished\":\"2014-12-17T18:12:52+00:00\",\"dateModified\":\"2025-01-10T10:55:05+00:00\",\"description\":\"Du kan nemt g\u00f8re dine SMS beskeder personlige med SureSMS. Ved at bruge nogle simple koder, kan du g\u00f8re beskeden helt personlig. Se her hvordan.\",\"breadcrumb\":{\"@id\":\"https:\\\/\\\/suresms.com\\\/dk\\\/funktioner\\\/sms-fletning-af-beskeder-til-grupper\\\/#breadcrumb\"},\"inLanguage\":\"da-DK\",\"potentialAction\":[{\"@type\":\"ReadAction\",\"target\":[\"https:\\\/\\\/suresms.com\\\/dk\\\/funktioner\\\/sms-fletning-af-beskeder-til-grupper\\\/\"]}]},{\"@type\":\"BreadcrumbList\",\"@id\":\"https:\\\/\\\/suresms.com\\\/dk\\\/funktioner\\\/sms-fletning-af-beskeder-til-grupper\\\/#breadcrumb\",\"itemListElement\":[{\"@type\":\"ListItem\",\"position\":1,\"name\":\"Home\",\"item\":\"https:\\\/\\\/suresms.com\\\/dk\\\/\"},{\"@type\":\"ListItem\",\"position\":2,\"name\":\"Funktioner\",\"item\":\"https:\\\/\\\/suresms.com\\\/dk\\\/funktioner\\\/\"},{\"@type\":\"ListItem\",\"position\":3,\"name\":\"SMS fletning af beskeder til grupper\"}]},{\"@type\":\"WebSite\",\"@id\":\"https:\\\/\\\/suresms.com\\\/en\\\/#website\",\"url\":\"https:\\\/\\\/suresms.com\\\/en\\\/\",\"name\":\"SureSMS\",\"description\":\"Professionel SMS Gateway\",\"publisher\":{\"@id\":\"https:\\\/\\\/suresms.com\\\/en\\\/#organization\"},\"potentialAction\":[{\"@type\":\"SearchAction\",\"target\":{\"@type\":\"EntryPoint\",\"urlTemplate\":\"https:\\\/\\\/suresms.com\\\/en\\\/?s={search_term_string}\"},\"query-input\":{\"@type\":\"PropertyValueSpecification\",\"valueRequired\":true,\"valueName\":\"search_term_string\"}}],\"inLanguage\":\"da-DK\"},{\"@type\":\"Organization\",\"@id\":\"https:\\\/\\\/suresms.com\\\/en\\\/#organization\",\"name\":\"SureSMS\",\"url\":\"https:\\\/\\\/suresms.com\\\/en\\\/\",\"logo\":{\"@type\":\"ImageObject\",\"inLanguage\":\"da-DK\",\"@id\":\"https:\\\/\\\/suresms.com\\\/en\\\/#\\\/schema\\\/logo\\\/image\\\/\",\"url\":\"https:\\\/\\\/suresms.com\\\/wp-content\\\/uploads\\\/2024\\\/11\\\/suresms-300x65-1.png\",\"contentUrl\":\"https:\\\/\\\/suresms.com\\\/wp-content\\\/uploads\\\/2024\\\/11\\\/suresms-300x65-1.png\",\"width\":300,\"height\":65,\"caption\":\"SureSMS\"},\"image\":{\"@id\":\"https:\\\/\\\/suresms.com\\\/en\\\/#\\\/schema\\\/logo\\\/image\\\/\"},\"sameAs\":[\"https:\\\/\\\/www.facebook.com\\\/p\\\/SureSMS-100044607956149\\\/\"]}]}<\/script>\r\n<!-- \/ Yoast SEO Premium plugin. -->","yoast_head_json":{"title":"SMS fletning af beskeder til grupper","description":"Du kan nemt g\u00f8re dine SMS beskeder personlige med SureSMS. Ved at bruge nogle simple koder, kan du g\u00f8re beskeden helt personlig. Se her hvordan.","robots":{"index":"index","follow":"follow","max-snippet":"max-snippet:-1","max-image-preview":"max-image-preview:large","max-video-preview":"max-video-preview:-1"},"canonical":"https:\/\/suresms.com\/dk\/funktioner\/sms-fletning-af-beskeder-til-grupper\/","og_locale":"da_DK","og_type":"article","og_title":"SMS fletning af beskeder til grupper","og_description":"Du kan nemt g\u00f8re dine SMS beskeder personlige med SureSMS. Ved at bruge nogle simple koder, kan du g\u00f8re beskeden helt personlig. Se her hvordan.","og_url":"https:\/\/suresms.com\/dk\/funktioner\/sms-fletning-af-beskeder-til-grupper\/","article_publisher":"https:\/\/www.facebook.com\/p\/SureSMS-100044607956149\/","article_modified_time":"2025-01-10T10:55:05+00:00","twitter_card":"summary_large_image","twitter_misc":{"Estimeret l\u00e6setid":"3 minutter"},"schema":{"@context":"https:\/\/schema.org","@graph":[{"@type":"WebPage","@id":"https:\/\/suresms.com\/dk\/funktioner\/sms-fletning-af-beskeder-til-grupper\/","url":"https:\/\/suresms.com\/dk\/funktioner\/sms-fletning-af-beskeder-til-grupper\/","name":"SMS fletning af beskeder til grupper","isPartOf":{"@id":"https:\/\/suresms.com\/en\/#website"},"datePublished":"2014-12-17T18:12:52+00:00","dateModified":"2025-01-10T10:55:05+00:00","description":"Du kan nemt g\u00f8re dine SMS beskeder personlige med SureSMS. Ved at bruge nogle simple koder, kan du g\u00f8re beskeden helt personlig. Se her hvordan.","breadcrumb":{"@id":"https:\/\/suresms.com\/dk\/funktioner\/sms-fletning-af-beskeder-til-grupper\/#breadcrumb"},"inLanguage":"da-DK","potentialAction":[{"@type":"ReadAction","target":["https:\/\/suresms.com\/dk\/funktioner\/sms-fletning-af-beskeder-til-grupper\/"]}]},{"@type":"BreadcrumbList","@id":"https:\/\/suresms.com\/dk\/funktioner\/sms-fletning-af-beskeder-til-grupper\/#breadcrumb","itemListElement":[{"@type":"ListItem","position":1,"name":"Home","item":"https:\/\/suresms.com\/dk\/"},{"@type":"ListItem","position":2,"name":"Funktioner","item":"https:\/\/suresms.com\/dk\/funktioner\/"},{"@type":"ListItem","position":3,"name":"SMS fletning af beskeder til grupper"}]},{"@type":"WebSite","@id":"https:\/\/suresms.com\/en\/#website","url":"https:\/\/suresms.com\/en\/","name":"SureSMS","description":"Professionel SMS Gateway","publisher":{"@id":"https:\/\/suresms.com\/en\/#organization"},"potentialAction":[{"@type":"SearchAction","target":{"@type":"EntryPoint","urlTemplate":"https:\/\/suresms.com\/en\/?s={search_term_string}"},"query-input":{"@type":"PropertyValueSpecification","valueRequired":true,"valueName":"search_term_string"}}],"inLanguage":"da-DK"},{"@type":"Organization","@id":"https:\/\/suresms.com\/en\/#organization","name":"SureSMS","url":"https:\/\/suresms.com\/en\/","logo":{"@type":"ImageObject","inLanguage":"da-DK","@id":"https:\/\/suresms.com\/en\/#\/schema\/logo\/image\/","url":"https:\/\/suresms.com\/wp-content\/uploads\/2024\/11\/suresms-300x65-1.png","contentUrl":"https:\/\/suresms.com\/wp-content\/uploads\/2024\/11\/suresms-300x65-1.png","width":300,"height":65,"caption":"SureSMS"},"image":{"@id":"https:\/\/suresms.com\/en\/#\/schema\/logo\/image\/"},"sameAs":["https:\/\/www.facebook.com\/p\/SureSMS-100044607956149\/"]}]}},"_links":{"self":[{"href":"https:\/\/suresms.com\/dk\/wp-json\/wp\/v2\/pages\/755","targetHints":{"allow":["GET"]}}],"collection":[{"href":"https:\/\/suresms.com\/dk\/wp-json\/wp\/v2\/pages"}],"about":[{"href":"https:\/\/suresms.com\/dk\/wp-json\/wp\/v2\/types\/page"}],"author":[{"embeddable":true,"href":"https:\/\/suresms.com\/dk\/wp-json\/wp\/v2\/users\/1"}],"replies":[{"embeddable":true,"href":"https:\/\/suresms.com\/dk\/wp-json\/wp\/v2\/comments?post=755"}],"version-history":[{"count":5,"href":"https:\/\/suresms.com\/dk\/wp-json\/wp\/v2\/pages\/755\/revisions"}],"predecessor-version":[{"id":21398,"href":"https:\/\/suresms.com\/dk\/wp-json\/wp\/v2\/pages\/755\/revisions\/21398"}],"up":[{"embeddable":true,"href":"https:\/\/suresms.com\/dk\/wp-json\/wp\/v2\/pages\/958"}],"wp:attachment":[{"href":"https:\/\/suresms.com\/dk\/wp-json\/wp\/v2\/media?parent=755"}],"wp:term":[{"taxonomy":"category","embeddable":true,"href":"https:\/\/suresms.com\/dk\/wp-json\/wp\/v2\/categories?post=755"},{"taxonomy":"post_tag","embeddable":true,"href":"https:\/\/suresms.com\/dk\/wp-json\/wp\/v2\/tags?post=755"}],"curies":[{"name":"wp","href":"https:\/\/api.w.org\/{rel}","templated":true}]}}