{"id":748,"date":"2014-12-16T20:14:42","date_gmt":"2014-12-16T18:14:42","guid":{"rendered":"https:\/\/www.suresms.com\/dk\/?page_id=748"},"modified":"2024-11-24T17:03:16","modified_gmt":"2024-11-24T17:03:16","slug":"vilkaar","status":"publish","type":"page","link":"https:\/\/suresms.com\/dk\/politikker\/vilkaar\/","title":{"rendered":"Vilk\u00e5r og betingelser"},"content":{"rendered":"<p><strong>Generelt<\/strong><\/p>\n<ol>\n<li>Adgangen og brugen af SureSMS hjemmeside og software sker med udgangspunkt i f\u00f8lgende vilk\u00e5r, betingelser og\u00a0<a href=\"https:\/\/www.suresms.com\/dk\/persondata-politik\/\">persondatapolitik<\/a>. Ved brug af denne hjemmeside erkl\u00e6rer du dig enig i vores vilk\u00e5r og betingelser og\u00a0<a href=\"https:\/\/www.suresms.com\/dk\/persondata-politik\/\">persondatapolitik<\/a>. Hvis du ikke er enig i de f\u00f8lgende vilk\u00e5r og betingelser eller vores persondatapolitik, skal du straks stoppe med at anvende service og software stillet tilr\u00e5dighed af SureSMS.<\/li>\n<li>Med accept af disse vilk\u00e5r og betingelser, giver du accept til,\n<ul>\n<li>at en person der repr\u00e6senterer SureSMS kan kontakter dig telefonisk, pr. mail eller SMS vedr\u00f8rende den eller de services du anvender.<\/li>\n<li>at en person der repr\u00e6senterer SureSMS kan kontakte dig telefonisk, pr. mail eller SMS vedr\u00f8rende besl\u00e6gtet services.<\/li>\n<li>at SureSMS m\u00e5 anvende navnet p\u00e5 den virksomhed du repr\u00e6senterer, i forbindelse med markedsf\u00f8ring.<\/li>\n<li>at hvis du ikke \u00f8nsker at blive kontaktet, kan du\u00a0<a href=\"https:\/\/www.suresms.com\/dk\/kontakt\/\">her <\/a>frabede dig yderligere kontakt<\/li>\n<\/ul>\n<\/li>\n<li>Hvis du ikke overholder alle de f\u00f8lgende vilk\u00e5r, vil din ret til adgang \u00f8jeblikkeligt oph\u00f8re.<\/li>\n<li>Vi forbeholder os retten til at \u00e6ndre i disse vilk\u00e5r og betingelser uden at give direkte besked herom. De \u00e6ndrede vilk\u00e5r og betingelser vil tr\u00e6de i kraft p\u00e5 det tidspunkt der er angivet i dem. De vil kunne findes her p\u00e5 hjemmesiden. Du bedes derfor j\u00e6vnligt l\u00e6se dem, n\u00e5r du bes\u00f8ger hjemmesiden. Din fortsatte brug af hjemmeside og software udviklet af SureSMS betyder, at du har accepteret de nye vilk\u00e5r og betingelser for brug.<\/li>\n<li>SureSMS opbevarer dine personoplysninger s\u00e5 l\u00e6nge du er bruger p\u00e5 vores systemer. SureSMS opbevarer dine personoplysninger i op til fem \u00e5r. Som registreret SureSMS bruger har du ret til at g\u00f8re indsigelse mod registreringen, ved at skrive til info@suresms.com. Glen Mandsberg er udpeget som dataansvarlige i SureSMS og relateret selskaber. Du kan til enhver tid bede os slette dine oplysninger, bede om at f\u00e5 udleveret de oplysninger vi har om dig, samt bede os korrigere fejl og mangler i dine personlige oplysninger.<\/li>\n<\/ol>\n<p><strong>Vores service<\/strong><\/p>\n<ol>\n<li>Vi tilbyder en service der g\u00f8r det muligt at anvende telefonselskabernes netv\u00e6rk til at sende og modtage SMS beskeder fra mobiltelefoner.<\/li>\n<li>Prisen p\u00e5 vores services afh\u00e6nger af de funktioner du \u00f8nsker, det land du vil sende til, samt hvilken software du anvender i forbindelse med afsendelse. Du kan til enhver tid f\u00e5 oplyst vores aktuelle prisliste ved at sende en mail til <a href=\"mailto:info@suresms.com\">info@suresms.com<\/a>.<\/li>\n<li>SureSMS giver mulighed for online hj\u00e6lp i form af hjemmeside. Hvis supporten er bemandet g\u00f8r vi vores bedste for at svare p\u00e5 chat support. Du kan altid bede vores support-medarbejdere om hj\u00e6lp ved at skrive en mail til <a href=\"mailto:support@suresms.com\">support@suresms.com<\/a>.<\/li>\n<li>Vi bestr\u00e6ber os p\u00e5 at give dig ubegr\u00e6nset adgang til hjemmesiden og \u00f8vrige systemer. Vi kan dog ikke garantere en uafbrudt tilg\u00e6ngelighed til vores service, ligesom teleselskaberne ikke kan garantere levering af SMS beskeder.<\/li>\n<li>Vi forbeholder os retten til at redigere, slette, fjerne, modificere og forbedre al data, information og indhold, som bliver vist p\u00e5 hjemmesiden til enhver tid.<\/li>\n<\/ol>\n<p><strong>Tilladt brug<\/strong><\/p>\n<ol start=\"1\">\n<li>Du m\u00e5 ikke bruge denne hjemmeside til ulovligt, bedragerisk eller uh\u00e6derlig adf\u00e6rd.<\/li>\n<li>Du m\u00e5 ikke, med vores systemer, give dig ud for en anden end den du er.<\/li>\n<li>Du m\u00e5 ikke forstyrre, afbryde eller p\u00e5l\u00e6gge en uforholdsm\u00e6ssig stor byrde p\u00e5 vores kommunikations- eller tekniske systemer, hvilket bliver vurderet af os.<\/li>\n<li>Du er forpligtet til at overholde de landes lovgivning for afsendelse af SMS beskeder, hvortil der sendes. Du er forpligtet til at indhente oplysning om disse regler.<\/li>\n<li>SureSMS kan uden varsel sp\u00e6rre din konto, s\u00e5fremt der er mistanke om misbrug af kontoen til afsendelse af ulovlige SMS beskeder. Du orienteres straks herom, hvis kontoen sp\u00e6rres.<\/li>\n<li>S\u00e5fremt SureSMS m\u00f8des med krav om erstatning efter misbrug af din konto, kan SureSMS holde kunden dig erstatningsansvarlig for disse krav<\/li>\n<\/ol>\n<p><strong>Intellektuelle rettigheder<\/strong><\/p>\n<ol>\n<li>Ophavsrettighederne til data, indhold og information, som bliver vist p\u00e5 vores hjemmeside og tilh\u00f8rende software-systemer, tilh\u00f8rer SureSMS. Du kan printe, kopiere, overf\u00f8re eller opbevare udtr\u00e6k af materiale og information vist p\u00e5 hjemmesiden til eget brug.<\/li>\n<li>Ud over steder hvor der er n\u00e6vnt andet i disse vilk\u00e5r og betingelser, kan ingen af vores rettighedsbeskyttede ejendele p\u00e5 og omkring denne hjemmeside (data, indhold, materiale og information vist herp\u00e5) blive brugt, kopieret, \u00e6ndret, udgivet, transmitteret, solgt, udledt, re-designet, reproduceret, reformateret og distribueret uden forudg\u00e5ende tilladelse fra SureSMS.<\/li>\n<\/ol>\n<p><strong>Frasvigelse af vores ansvar<\/strong><\/p>\n<ol>\n<li>SureSMS kan ikke drages til ansvar for tab der er opst\u00e5et i forbindelse med brugen af fra denne hjemmeside eller relateret software-produkter. Herunder hverken direkte eller indirekte tab.<\/li>\n<li>SureSMS kan ikke drages til ansvar for konsekvenserne af manglende levering af SMS beskeder, idet ansvaret herfor ligger hos teleselskaberne.<\/li>\n<\/ol>\n<p><strong>Dit ansvar<\/strong><\/p>\n<ol>\n<li>Du b\u00f8r tage alle n\u00f8dvendige forholdsregler for at sikre dig, at data, indhold, materiale og information du bidrager med (herunder\u00a0<em>brugerindhold<\/em>) ikke indeholder virus, spyware, skadende software og andet, der kan have en skadende effekt p\u00e5 denne hjemmeside, tredjeparters hjemmesider eller andre.<\/li>\n<li>Du skal udfylde en registrering som en del af brugen af denne hjemmeside. Dit brugernavn og kodeord b\u00f8r holdes fortroligt for at undg\u00e5 misbrug. Du er ansvarlig for aktiviteter, der er foreg\u00e5et gennem dit brugernavn.<\/li>\n<li>Du er ansvarlig for dine bidrag til denne hjemmeside og de tilh\u00f8rende software produkter. Dette d\u00e6kker ogs\u00e5 indholdet i SMS beskeder og modtagere samt informationer om modtagere. Du skal garantere, at dit\u00a0brugerindhold\u00a0ikke strider mod private rettigheder, virksomheders rettigheder eller alternative rettigheder fra tredjeparter (herunder fortrolige oplysninger).<\/li>\n<li>Du erkl\u00e6rer dig enig i, at du vil blive holdt ansvarlig for enhver skade, tab, krav, ulempe, udgift, SureSMS m\u00e5tte have, som f\u00f8lge af din brug af hjemmesiden og tilh\u00f8rende produkter.<\/li>\n<li>Hvis du vil g\u00f8re indsigelse mod beregningerne p\u00e5 en faktura skal dette g\u00f8res inden fakturaens betalingsdato.<\/li>\n<\/ol>\n<p><strong>Opsigelse<\/strong><\/p>\n<ol>\n<li>Du kan til enhvertid opsige dit abonnement hos SureSMS. Opsigelsesvarsel er 0 (nul) dage.<\/li>\n<li>Vi anvender en no-refund politik. Det betyder at vi ikke tilbagebetaler allerede faktureret eller indbetalte bel\u00f8b. Du kan altid anvende hele dit indest\u00e5ende p\u00e5 din SureSMS konto.<\/li>\n<li>Saldoen p\u00e5 din SureSMS konto udl\u00f8ber ikke.<\/li>\n<li>\u00d8nsker du at slette din konto helt mister du det indbetalte bel\u00f8b inklusive eventuelle gratis SMS&#8217;er.<\/li>\n<\/ol>\n<p><strong>\u00c6ndringer og opdateringer<\/strong><\/p>\n<ol>\n<li>Vi kan \u00e6ndre og opdatere vilk\u00e5r og betingelser. Brug af hjemmesiden efter opdatering betyder accept af den opdaterede udgave.<\/li>\n<li>Vilk\u00e5r og betingelser er senest opdateret den 19. december 2017.<\/li>\n<\/ol>\n<p>&nbsp;<\/p>\n","protected":false},"excerpt":{"rendered":"<p>Generelt Adgangen og brugen af SureSMS hjemmeside og software sker med udgangspunkt i f\u00f8lgende vilk\u00e5r, betingelser og\u00a0persondatapolitik. Ved brug af denne hjemmeside erkl\u00e6rer du dig enig i vores vilk\u00e5r og betingelser og\u00a0persondatapolitik. Hvis du ikke er enig i de f\u00f8lgende vilk\u00e5r og betingelser eller vores persondatapolitik, skal du straks stoppe med at anvende service og &#8230; <a title=\"Vilk\u00e5r og betingelser\" class=\"read-more\" href=\"https:\/\/suresms.com\/dk\/politikker\/vilkaar\/\" aria-label=\"Read more about Vilk\u00e5r og betingelser\">L\u00e6s mere <\/a><\/p>\n","protected":false},"author":1,"featured_media":0,"parent":19124,"menu_order":22,"comment_status":"closed","ping_status":"closed","template":"","meta":{"_fl_builder_enabled":"1","_fl_builder_data":null,"_fl_builder_draft":null,"_fl_builder_data_settings":null,"_fl_builder_css":"","_fl_builder_css_version":"","_fl_builder_js":"","footnotes":""},"categories":[],"tags":[],"class_list":["post-748","page","type-page","status-publish"],"yoast_head":"<!-- This site is optimized with the Yoast SEO Premium plugin v27.3 (Yoast SEO v27.3) - https:\/\/yoast.com\/product\/yoast-seo-premium-wordpress\/ -->\r\n<title>Vilk\u00e5r og betingelser -<\/title>\r\n<meta name=\"robots\" content=\"index, follow, max-snippet:-1, max-image-preview:large, max-video-preview:-1\" \/>\r\n<link rel=\"canonical\" href=\"https:\/\/suresms.com\/dk\/politikker\/vilkaar\/\" \/>\r\n<meta property=\"og:locale\" content=\"da_DK\" \/>\r\n<meta property=\"og:type\" content=\"article\" \/>\r\n<meta property=\"og:title\" content=\"Vilk\u00e5r og betingelser\" \/>\r\n<meta property=\"og:description\" content=\"Generelt Adgangen og brugen af SureSMS hjemmeside og software sker med udgangspunkt i f\u00f8lgende vilk\u00e5r, betingelser og\u00a0persondatapolitik. Ved brug af denne hjemmeside erkl\u00e6rer du dig enig i vores vilk\u00e5r og betingelser og\u00a0persondatapolitik. Hvis du ikke er enig i de f\u00f8lgende vilk\u00e5r og betingelser eller vores persondatapolitik, skal du straks stoppe med at anvende service og ... L\u00e6s mere\" \/>\r\n<meta property=\"og:url\" content=\"https:\/\/suresms.com\/dk\/politikker\/vilkaar\/\" \/>\r\n<meta property=\"article:publisher\" content=\"https:\/\/www.facebook.com\/p\/SureSMS-100044607956149\/\" \/>\r\n<meta property=\"article:modified_time\" content=\"2024-11-24T17:03:16+00:00\" \/>\r\n<meta name=\"twitter:card\" content=\"summary_large_image\" \/>\r\n<meta name=\"twitter:label1\" content=\"Estimeret l\u00e6setid\" \/>\n\t<meta name=\"twitter:data1\" content=\"5 minutter\" \/>\r\n<script type=\"application\/ld+json\" class=\"yoast-schema-graph\">{\"@context\":\"https:\\\/\\\/schema.org\",\"@graph\":[{\"@type\":\"WebPage\",\"@id\":\"https:\\\/\\\/suresms.com\\\/politikker\\\/vilkaar\\\/\",\"url\":\"https:\\\/\\\/suresms.com\\\/politikker\\\/vilkaar\\\/\",\"name\":\"Vilk\u00e5r og betingelser -\",\"isPartOf\":{\"@id\":\"https:\\\/\\\/suresms.com\\\/en\\\/#website\"},\"datePublished\":\"2014-12-16T18:14:42+00:00\",\"dateModified\":\"2024-11-24T17:03:16+00:00\",\"breadcrumb\":{\"@id\":\"https:\\\/\\\/suresms.com\\\/politikker\\\/vilkaar\\\/#breadcrumb\"},\"inLanguage\":\"da-DK\",\"potentialAction\":[{\"@type\":\"ReadAction\",\"target\":[\"https:\\\/\\\/suresms.com\\\/politikker\\\/vilkaar\\\/\"]}]},{\"@type\":\"BreadcrumbList\",\"@id\":\"https:\\\/\\\/suresms.com\\\/politikker\\\/vilkaar\\\/#breadcrumb\",\"itemListElement\":[{\"@type\":\"ListItem\",\"position\":1,\"name\":\"Home\",\"item\":\"https:\\\/\\\/suresms.com\\\/dk\\\/\"},{\"@type\":\"ListItem\",\"position\":2,\"name\":\"Politikker\",\"item\":\"https:\\\/\\\/suresms.com\\\/politikker\\\/\"},{\"@type\":\"ListItem\",\"position\":3,\"name\":\"Vilk\u00e5r og betingelser\"}]},{\"@type\":\"WebSite\",\"@id\":\"https:\\\/\\\/suresms.com\\\/en\\\/#website\",\"url\":\"https:\\\/\\\/suresms.com\\\/en\\\/\",\"name\":\"SureSMS\",\"description\":\"Professionel SMS Gateway\",\"publisher\":{\"@id\":\"https:\\\/\\\/suresms.com\\\/en\\\/#organization\"},\"potentialAction\":[{\"@type\":\"SearchAction\",\"target\":{\"@type\":\"EntryPoint\",\"urlTemplate\":\"https:\\\/\\\/suresms.com\\\/en\\\/?s={search_term_string}\"},\"query-input\":{\"@type\":\"PropertyValueSpecification\",\"valueRequired\":true,\"valueName\":\"search_term_string\"}}],\"inLanguage\":\"da-DK\"},{\"@type\":\"Organization\",\"@id\":\"https:\\\/\\\/suresms.com\\\/en\\\/#organization\",\"name\":\"SureSMS\",\"url\":\"https:\\\/\\\/suresms.com\\\/en\\\/\",\"logo\":{\"@type\":\"ImageObject\",\"inLanguage\":\"da-DK\",\"@id\":\"https:\\\/\\\/suresms.com\\\/en\\\/#\\\/schema\\\/logo\\\/image\\\/\",\"url\":\"https:\\\/\\\/suresms.com\\\/wp-content\\\/uploads\\\/2024\\\/11\\\/suresms-300x65-1.png\",\"contentUrl\":\"https:\\\/\\\/suresms.com\\\/wp-content\\\/uploads\\\/2024\\\/11\\\/suresms-300x65-1.png\",\"width\":300,\"height\":65,\"caption\":\"SureSMS\"},\"image\":{\"@id\":\"https:\\\/\\\/suresms.com\\\/en\\\/#\\\/schema\\\/logo\\\/image\\\/\"},\"sameAs\":[\"https:\\\/\\\/www.facebook.com\\\/p\\\/SureSMS-100044607956149\\\/\"]}]}<\/script>\r\n<!-- \/ Yoast SEO Premium plugin. -->","yoast_head_json":{"title":"Vilk\u00e5r og betingelser -","robots":{"index":"index","follow":"follow","max-snippet":"max-snippet:-1","max-image-preview":"max-image-preview:large","max-video-preview":"max-video-preview:-1"},"canonical":"https:\/\/suresms.com\/dk\/politikker\/vilkaar\/","og_locale":"da_DK","og_type":"article","og_title":"Vilk\u00e5r og betingelser","og_description":"Generelt Adgangen og brugen af SureSMS hjemmeside og software sker med udgangspunkt i f\u00f8lgende vilk\u00e5r, betingelser og\u00a0persondatapolitik. Ved brug af denne hjemmeside erkl\u00e6rer du dig enig i vores vilk\u00e5r og betingelser og\u00a0persondatapolitik. Hvis du ikke er enig i de f\u00f8lgende vilk\u00e5r og betingelser eller vores persondatapolitik, skal du straks stoppe med at anvende service og ... L\u00e6s mere","og_url":"https:\/\/suresms.com\/dk\/politikker\/vilkaar\/","article_publisher":"https:\/\/www.facebook.com\/p\/SureSMS-100044607956149\/","article_modified_time":"2024-11-24T17:03:16+00:00","twitter_card":"summary_large_image","twitter_misc":{"Estimeret l\u00e6setid":"5 minutter"},"schema":{"@context":"https:\/\/schema.org","@graph":[{"@type":"WebPage","@id":"https:\/\/suresms.com\/politikker\/vilkaar\/","url":"https:\/\/suresms.com\/politikker\/vilkaar\/","name":"Vilk\u00e5r og betingelser -","isPartOf":{"@id":"https:\/\/suresms.com\/en\/#website"},"datePublished":"2014-12-16T18:14:42+00:00","dateModified":"2024-11-24T17:03:16+00:00","breadcrumb":{"@id":"https:\/\/suresms.com\/politikker\/vilkaar\/#breadcrumb"},"inLanguage":"da-DK","potentialAction":[{"@type":"ReadAction","target":["https:\/\/suresms.com\/politikker\/vilkaar\/"]}]},{"@type":"BreadcrumbList","@id":"https:\/\/suresms.com\/politikker\/vilkaar\/#breadcrumb","itemListElement":[{"@type":"ListItem","position":1,"name":"Home","item":"https:\/\/suresms.com\/dk\/"},{"@type":"ListItem","position":2,"name":"Politikker","item":"https:\/\/suresms.com\/politikker\/"},{"@type":"ListItem","position":3,"name":"Vilk\u00e5r og betingelser"}]},{"@type":"WebSite","@id":"https:\/\/suresms.com\/en\/#website","url":"https:\/\/suresms.com\/en\/","name":"SureSMS","description":"Professionel SMS Gateway","publisher":{"@id":"https:\/\/suresms.com\/en\/#organization"},"potentialAction":[{"@type":"SearchAction","target":{"@type":"EntryPoint","urlTemplate":"https:\/\/suresms.com\/en\/?s={search_term_string}"},"query-input":{"@type":"PropertyValueSpecification","valueRequired":true,"valueName":"search_term_string"}}],"inLanguage":"da-DK"},{"@type":"Organization","@id":"https:\/\/suresms.com\/en\/#organization","name":"SureSMS","url":"https:\/\/suresms.com\/en\/","logo":{"@type":"ImageObject","inLanguage":"da-DK","@id":"https:\/\/suresms.com\/en\/#\/schema\/logo\/image\/","url":"https:\/\/suresms.com\/wp-content\/uploads\/2024\/11\/suresms-300x65-1.png","contentUrl":"https:\/\/suresms.com\/wp-content\/uploads\/2024\/11\/suresms-300x65-1.png","width":300,"height":65,"caption":"SureSMS"},"image":{"@id":"https:\/\/suresms.com\/en\/#\/schema\/logo\/image\/"},"sameAs":["https:\/\/www.facebook.com\/p\/SureSMS-100044607956149\/"]}]}},"_links":{"self":[{"href":"https:\/\/suresms.com\/dk\/wp-json\/wp\/v2\/pages\/748","targetHints":{"allow":["GET"]}}],"collection":[{"href":"https:\/\/suresms.com\/dk\/wp-json\/wp\/v2\/pages"}],"about":[{"href":"https:\/\/suresms.com\/dk\/wp-json\/wp\/v2\/types\/page"}],"author":[{"embeddable":true,"href":"https:\/\/suresms.com\/dk\/wp-json\/wp\/v2\/users\/1"}],"replies":[{"embeddable":true,"href":"https:\/\/suresms.com\/dk\/wp-json\/wp\/v2\/comments?post=748"}],"version-history":[{"count":1,"href":"https:\/\/suresms.com\/dk\/wp-json\/wp\/v2\/pages\/748\/revisions"}],"predecessor-version":[{"id":19133,"href":"https:\/\/suresms.com\/dk\/wp-json\/wp\/v2\/pages\/748\/revisions\/19133"}],"up":[{"embeddable":true,"href":"https:\/\/suresms.com\/dk\/wp-json\/wp\/v2\/pages\/19124"}],"wp:attachment":[{"href":"https:\/\/suresms.com\/dk\/wp-json\/wp\/v2\/media?parent=748"}],"wp:term":[{"taxonomy":"category","embeddable":true,"href":"https:\/\/suresms.com\/dk\/wp-json\/wp\/v2\/categories?post=748"},{"taxonomy":"post_tag","embeddable":true,"href":"https:\/\/suresms.com\/dk\/wp-json\/wp\/v2\/tags?post=748"}],"curies":[{"name":"wp","href":"https:\/\/api.w.org\/{rel}","templated":true}]}}