{"id":602,"date":"2014-11-12T16:16:06","date_gmt":"2014-11-12T14:16:06","guid":{"rendered":"https:\/\/www.suresms.com\/dk\/?page_id=602"},"modified":"2024-12-06T12:48:59","modified_gmt":"2024-12-06T12:48:59","slug":"sms-plugins","status":"publish","type":"page","link":"https:\/\/suresms.com\/dk\/sms-gateway-professionelle-sms-losninger\/ikke-navigerbare-sider-suresms-com-parent\/sms-plugins\/","title":{"rendered":"SMS plugins"},"content":{"rendered":"\n<img loading=\"lazy\" decoding=\"async\" src=\"https:\/\/www.suresms.com\/dk\/wp-content\/uploads\/2014\/10\/Funktioner-Udviklere-Menu-200x50-pix.jpg\" alt=\"Features og funktioner udviklere API SureSMS\" itemprop=\"image\" height=\"50\" width=\"200\" title=\"Funktioner Udviklere Menu\" onerror=\"this.style.display='none'\">\n\t<p>&lt; Tilbage til <a title=\"Funktioner\" href=\"https:\/\/www.suresms.com\/dk\/funktioner\/\">Features &amp; Funktioner<\/a><\/p>\n\t\t<h3>Pr\u00f8v NU!<\/h3>\n\t\t<p>Opret gratis testkonto med det samme og f\u00e5 50 gratis SMS&#8217;er. Uden bindinger<\/p>\n\t\t\t<a href=\"https:\/\/www.suresms.com\/dk\/gratis-sms-testkonto\/\" target=\"_self\" role=\"button\" rel=\"noopener\">\n\t\t\t\t\t\t\tOpret Testkonto\n\t\t\t\t\t<\/a>\n\t<h1>SMS plugin<\/h1>\n<p>Denne side indeholder SMS plugins lavet af eller til SureSMS. Der er b\u00e5de SMS plugins lavet af SureSMS, ligesom der er andre, som kan benyttes af SureSMS.<\/p>\n<p>Vi tilf\u00f8jer j\u00e6vnlligt&nbsp;nye plugins, s\u00e5 f\u00f8lg med p\u00e5 siden her og se de nyeste udvidelser.<\/p>\n<h3>Hvad er et plugin?<\/h3>\n<p>Et plugin er en slags udvidelse, eller tilf\u00f8jelse til din standard ops\u00e6tning eller dit system. N\u00e5r vi i SureSMS laver plugins eller Add-ins som, det f.eks hedder til Outlook, er det typisk en tilf\u00f8jelse til et system, s\u00e5 man kan integrere vores SMS-service i systemet. Alts\u00e5 et Plugin eller Add-in er en tilf\u00f8jelse.<\/p>\n<h3>Alle Plugins er gratis<\/h3>\n<p>Vi har fra starten taget en beslutning om, at alle plugins vi laver er gratis. Dvs du skal hverken betale for at installere dem eller for at benytte dem. Det er en gratis service fra SureSMS til vores kunder.<\/p>\n<h3>Hent Plugins direkte fra Outlook eller WordPress<\/h3>\n<p>N\u00e5r vi laver plugins, s\u00f8rger vi for, at de er designet udfra de retningslinier, som standard applikationerne giver. Derfor kan vore plugins ogs\u00e5 hentes direkte fra de applikationer, som de er lavet til. I praksis vil det sige, at vores Plugin til WordPress kan downloades direkte fra deres Plugin oversigt, ligesom vores Add-in kan hentes direkte fra Outlook.<\/p>\n<h3>F\u00e5 en konto f\u00f8rst<\/h3>\n<p>For alle plugins g\u00e6lder det, at du skal have en konto at registrere dig med, n\u00e5r det nye plugin skal installeres. SureSMS leverer nemt og hurtigt og gratis s\u00e5dan en konto.<\/p>\n<p>Du opretter en gratis konto ved at udfylde formularen her p\u00e5 siden. Efter at du har indsendt dine oplysninger, sender vi en mail til dig med de informationer, som du skal bruge, i forbindelse med aktiveringen af dit plugin. Der er ingen udgifter forbundet med oprettelsen, og&nbsp;der er ingen bindinger p\u00e5 vores SMS Gateway konto.<\/p>\n\t\t\t\t<a href=\"https:\/\/www.suresms.com\/dk\/sms-outlook-add\/\" target=\"_self\" itemprop=\"url\" rel=\"noopener\">\n\t\t\t\t<img loading=\"lazy\" decoding=\"async\" src=\"https:\/\/www.suresms.com\/dk\/wp-content\/uploads\/2016\/06\/SureSMS-sms-Outlook-Add-in.png\" alt=\"SureSMS sms Outlook Add-in\" itemprop=\"image\" height=\"250\" width=\"400\" title=\"SureSMS sms Outlook Add-in\" onerror=\"this.style.display='none'\">\n\t\t\t\t<\/a>\n\t\t<h3><a href=\"https:\/\/www.suresms.com\/dk\/sms-outlook-add\/\" target=\"_self\" rel=\"noopener\">Outlook SMS Add-in<\/a><\/h3>\t\t\n\t\t\t<p>Med vores Outlook Add-in f\u00f8lger en knap i din menulinie, s\u00e5 du kan sende SMS&#8217;er direkte fra din utlook mailboks, Du bestemme selv fra hvilket mobilnummer og i hvilken mappe beskederne skal gemmes. Perfekt til dokumentation og journalisering med dit system.<\/p>\n<p>L\u00e6s <a href=\"https:\/\/www.suresms.com\/dk\/sms-outlook-add\/\">mere om SMS Outlook Add-in fra SureSMS<\/a> her.<\/p>\n<p>Du kan du hurtigt oprette en konto under download af vores Add-in. Pr\u00f8v vores Add-in&nbsp; og modtag 50 gratis SMS&#8217;er med din testkonto.<\/p>\n\t\t\t<a href=\"https:\/\/www.suresms.com\/dk\/sms-outlook-add\/\" target=\"_self\" role=\"button\" rel=\"noopener\">\n\t\t\t\t\t\t\tOM SureSMS Outlook Add in\n\t\t\t\t\t<\/a>\n\t\t\t\t<a href=\"https:\/\/www.suresms.com\/dk\/sms-plugins\/wordpress-sms-plugin\" target=\"_self\" itemprop=\"url\" rel=\"noopener\">\n\t\t\t\t<img loading=\"lazy\" decoding=\"async\" src=\"https:\/\/www.suresms.com\/dk\/wp-content\/uploads\/2014\/11\/SMS-plugin-Suresms-til-WordPress-2.jpg\" alt=\"SMS plugin Suresms til WordPress\" itemprop=\"image\" height=\"250\" width=\"400\" title=\"SMS plugin Suresms til WordPress\" onerror=\"this.style.display='none'\">\n\t\t\t\t<\/a>\n\t\t<h3><a href=\"https:\/\/www.suresms.com\/dk\/sms-plugins\/wordpress-sms-plugin\" target=\"_self\" rel=\"noopener\">WordPress SMS plugin<\/a><\/h3>\t\t\n\t\t\t<p>Med vores WP plugin f\u00f8lger en widget, som du kan l\u00e6gge p\u00e5 din hjemmeside, s\u00e5 dine bes\u00f8gende kan sende SMS derfra. Du kan definere en bund-tekst i SMS beskeden, s\u00e5 du f\u00e5r en reklame med ud, n\u00e5r folk sender beskeder fra din side. En fantastisk service til dine kunder, samt markedsf\u00f8ring i \u00e9n enkelt l\u00f8sning.<\/p>\n<p>L\u00e6s <a href=\"https:\/\/www.suresms.com\/dk\/sms-plugins\/wordpress-sms-plugin\/\">mere om SMS WordPress Plugin<\/a>&nbsp;her.<\/p>\n<p>For at det virker, skal du udfylde brugernavn og kodeord.&nbsp;Opret en gratis konto via linket her.&nbsp;Vi sender dine loginoplysninger i l\u00f8bet af&nbsp;5 min.<\/p>\n\t\t\t<a href=\"https:\/\/www.suresms.com\/dk\/sms-plugins\/wordpress-sms-plugin\" target=\"_self\" role=\"button\" rel=\"noopener\">\n\t\t\t\t\t\t\tOm SMS WordPress plugin\n\t\t\t\t\t<\/a>\n\t\t\t\t<a href=\"https:\/\/www.suresms.com\/dk\/woocommerce-sms-loesning\/\" target=\"_self\" itemprop=\"url\" rel=\"noopener\">\n\t\t\t\t<img loading=\"lazy\" decoding=\"async\" src=\"https:\/\/www.suresms.com\/dk\/wp-content\/uploads\/2014\/11\/SMS-til-WooCommerce-call-out.jpg\" alt=\"SMS til WooCommerce call out\" itemprop=\"image\" height=\"250\" width=\"400\" title=\"SMS til WooCommerce call out\" onerror=\"this.style.display='none'\">\n\t\t\t\t<\/a>\n\t\t<h3><a href=\"https:\/\/www.suresms.com\/dk\/woocommerce-sms-loesning\/\" target=\"_self\" rel=\"noopener\">WooCommerce SMS Plugin<\/a><\/h3>\t\t\n\t\t\t<p>Rommel.dk har i samarbejde med SureSMS lavet et plugin til WooCommerce. WooCommerce er den mest anvendte webshop platform i verden.<\/p>\n<p>Med dette plugin kan du automatisk sende SMS til dine kunder, n\u00e5r der sker noget p\u00e5 deres ordre. Det kan f.eks. v\u00e6re n\u00e5r ordren er afsendt, eller hvis du skal sp\u00f8rge om noget i forbindelse med ordren.<\/p>\n<p><a href=\"https:\/\/www.suresms.com\/dk\/woocommerce-sms-loesning\/\">L\u00e6s mere om WooCommerce plugin her.<\/a><\/p>\n<p>For at det virker, skal du udfylde brugernavn og kodeord.&nbsp;Opret en gratis konto via linket her.&nbsp;Vi sender dine loginoplysninger i l\u00f8bet af&nbsp;5 min.<\/p>\n\t\t\t<a href=\"https:\/\/www.suresms.com\/dk\/woocommerce-sms-loesning\/\" target=\"_self\" role=\"button\" rel=\"noopener\">\n\t\t\t\t\t\t\tOm WooCommerce plugin\n\t\t\t\t\t<\/a>\n\t\t\t\t<a href=\"https:\/\/www.suresms.com\/dk\/joomla-sms-loesning\/\" target=\"_self\" itemprop=\"url\" rel=\"noopener\">\n\t\t\t\t<img loading=\"lazy\" decoding=\"async\" src=\"https:\/\/www.suresms.com\/dk\/wp-content\/uploads\/2014\/11\/joomla.jpg\" alt=\"joomla\" itemprop=\"image\" height=\"124\" width=\"124\" title=\"joomla\" onerror=\"this.style.display='none'\">\n\t\t\t\t<\/a>\n\t\t<h3><a href=\"https:\/\/www.suresms.com\/dk\/joomla-sms-loesning\/\" target=\"_self\" rel=\"noopener\">Joomla SMS Plugin<\/a><\/h3>\t\t\n\t\t\t<p>SureSMS er en af de foretrukne SMS gateways i AcySMS. Acyba har lavet et plugin Joomla, som g\u00f8r det muligt at sende nyhedsbreve, tilbud, ordrestatus og meget andet ud p\u00e5 SMS fra Joomla.<\/p>\n<p><a href=\"https:\/\/www.suresms.com\/dk\/joomla-sms-loesning\/\">L\u00e6s mere om Joomla pluginet her.<\/a><\/p>\n<p>Som den eneste danske SMS gateway tilbyder SureSMS ogs\u00e5 at du kan modtage SMS i&nbsp;AcySMS og Joomla.<\/p>\n\t\t\t<a href=\"https:\/\/www.suresms.com\/dk\/joomla-sms-loesning\/\" target=\"_self\" role=\"button\" rel=\"noopener\">\n\t\t\t\t\t\t\tOm Joomla Plugin\n\t\t\t\t\t<\/a>\n\t\t<h4>\u00d8nsker du at oprette en konto straks? <\/h4>\n\t\t<p>Vi sidder klar og gl\u00e6der os til at byde dig velkommen som kunde i SureSMS!<\/p>\n\t\t\t<a href=\"https:\/\/www.suresms.com\/dk\/opret-sms-gateway-konto\/\" target=\"_self\" role=\"button\" rel=\"noopener\">\n\t\t\t\t\t\t\tOpret SureSMS konto!\n\t\t\t\t\t<\/a>\n\t\t<h4>Bestil en 2-vejs l\u00f8sning!<\/h4>\n\t\t<p>Har du allerede en konto? Bestil en 2-vejs l\u00f8sning, og f\u00e5 de ekstra muligheder, &nbsp;som din egen l\u00f8sning giver.&nbsp;<\/p>\n\t\t\t<a href=\"https:\/\/www.suresms.com\/dk\/bestil-2-vejs-losning\/\" target=\"_self\" role=\"button\" rel=\"noopener\">\n\t\t\t\t\t\t\tBestil 2-vejs l\u00f8sning\n\t\t\t\t\t<\/a>\n\t<h4><strong>Her kan du l\u00e6se et eksempel p\u00e5, hvordan vores kunder i dag benytter&nbsp;SMS2SMS<\/strong><\/h4>\n<ul>\n<li>Vi udviklede vores SMS2SMS l\u00f8sning til et dansk arkiteksfirma, som \u00f8nskede en SMS-l\u00f8sning, som kunne benyttes p\u00e5 deres byggesager. L\u00f8sninger skulle lette kommunikationen og give entrepen\u00f8rer og underentrepen\u00f8rer mulighed for at kommunikere ud til beboerne om byggesagernes forl\u00f8b, tilbud og andet. Samtidig \u00f8nskede arkitetksfirmaet en l\u00f8sning, hvor beboerne selv skulle kunne tilmelde sig.informationsstr\u00f8mmen.&nbsp; <strong>SureSMS udviklede produktet SMS2SMS til arkitekterne<\/strong>. Alle kan sende informationer til l\u00f8sningen via en enkelt SMS, og beboerne kan tilmelde sig den via keywords.<\/li>\n<\/ul>\n<p>&nbsp;<\/p>\n\t\t\t\t<a href=\"https:\/\/manual.suresms.com\/\" target=\"_self\" itemprop=\"url\" rel=\"noopener\">\n\t\t\t\t<img loading=\"lazy\" decoding=\"async\" src=\"https:\/\/www.suresms.com\/dk\/wp-content\/uploads\/bb-plugin\/cache\/Manual-400x250-px1-panorama.jpg\" alt=\"manual hjemmeside suresms\" itemprop=\"image\" height=\"250\" width=\"400\" title=\"Manual 400x250 px\" onerror=\"this.style.display='none'\">\n\t\t\t\t<\/a>\n<h3><a href=\"https:\/\/manual.suresms.com\/\" target=\"_self\" rel=\"noopener\">Bes\u00f8g vores Manual website<\/a><\/h3>\t\t\n\t\t\t<p>Som en hj\u00e6lp til vores kunder har vi samlet alle instruktioner og beskrivelser p\u00e5 manual.suresms.com. Her kan du se, hvordan vores gateway virker og f\u00e5 enkle brugervenlige instruktioner til de mange funktioner.&nbsp;<\/p>\n\t\t\t\t<a href=\"https:\/\/developer.suresms.com\/\" target=\"_self\" itemprop=\"url\" rel=\"noopener\">\n\t\t\t\t<img loading=\"lazy\" decoding=\"async\" src=\"https:\/\/www.suresms.com\/dk\/wp-content\/uploads\/bb-plugin\/cache\/developer-400x250-px-panorama.jpg\" alt=\"developer suresms hjemmeside for udviklere\" itemprop=\"image\" height=\"250\" width=\"400\" title=\"developer 400x250 px\" onerror=\"this.style.display='none'\">\n\t\t\t\t<\/a>\n<h3><a href=\"https:\/\/developer.suresms.com\/\" target=\"_self\" rel=\"noopener\">developer.suresms.com <\/a><\/h3>\t\t\n\t\t\t<p>SureSMS er lavet af udviklere til udviklere!<br \/>P\u00e5 developer.suresms.com har vi samlet dokumentation og kodeeksempler, s\u00e5 det er nemt at&nbsp;integrere vores gateway i dit system.<\/p>\n\t\t\t\t<a href=\"https:\/\/www.youtube.com\/channel\/UC1XGC5rl9mI9ndtBVn8yq7g\" target=\"_self\" itemprop=\"url\" rel=\"noopener\">\n\t\t\t\t<img loading=\"lazy\" decoding=\"async\" src=\"https:\/\/www.suresms.com\/dk\/wp-content\/uploads\/bb-plugin\/cache\/you-tube400x250px-panorama.jpg\" alt=\"suresms sms gateway you tube videoer\" itemprop=\"image\" height=\"250\" width=\"400\" title=\"you tube 400x250px\" onerror=\"this.style.display='none'\">\n\t\t\t\t<\/a>\n<h3><a href=\"https:\/\/www.youtube.com\/channel\/UC1XGC5rl9mI9ndtBVn8yq7g\" target=\"_self\" rel=\"noopener\">Se vores instruktionsvideoer!<\/a><\/h3>\t\t\n\t\t\t<p>Skal du igang med en ny funktion? Eller har du bare brug for at vide lidt mere om, hvordan vores gateway virker? P\u00e5 Youtube har vi samlet vores instruktionsvideoer. Lige til at g\u00e5 til!<\/p>\n","protected":false},"excerpt":{"rendered":"<p>&lt; Tilbage til Features &amp; Funktioner Pr\u00f8v NU! Opret gratis testkonto med det samme og f\u00e5 50 gratis SMS&#8217;er. Uden bindinger Opret Testkonto SMS plugin Denne side indeholder SMS plugins lavet af eller til SureSMS. Der er b\u00e5de SMS plugins lavet af SureSMS, ligesom der er andre, som kan benyttes af SureSMS. Vi tilf\u00f8jer j\u00e6vnlligt&nbsp;nye &#8230; <a title=\"SMS plugins\" class=\"read-more\" href=\"https:\/\/suresms.com\/dk\/sms-gateway-professionelle-sms-losninger\/ikke-navigerbare-sider-suresms-com-parent\/sms-plugins\/\" aria-label=\"Read more about SMS plugins\">L\u00e6s mere <\/a><\/p>\n","protected":false},"author":1,"featured_media":0,"parent":2923,"menu_order":5,"comment_status":"closed","ping_status":"closed","template":"","meta":{"_fl_builder_enabled":"1","_fl_builder_data":null,"_fl_builder_draft":null,"_fl_builder_data_settings":null,"_fl_builder_css":"","_fl_builder_css_version":"","_fl_builder_js":"","footnotes":""},"categories":[],"tags":[],"class_list":["post-602","page","type-page","status-publish"],"yoast_head":"<!-- This site is optimized with the Yoast SEO Premium plugin v27.3 (Yoast SEO v27.3) - https:\/\/yoast.com\/product\/yoast-seo-premium-wordpress\/ -->\r\n<title>SMS plugins | Samlet liste over alle SMS plugins - SureSMS \u2713<\/title>\r\n<meta name=\"description\" content=\"En komplet liste over SMS plugins til SureSMS. Find dit SMS plugin p\u00e5 denne side. indeholder undersider for hvert plugin til SMS.\" \/>\r\n<meta name=\"robots\" content=\"index, follow, max-snippet:-1, max-image-preview:large, max-video-preview:-1\" \/>\r\n<link rel=\"canonical\" href=\"https:\/\/suresms.com\/dk\/sms-gateway-professionelle-sms-losninger\/ikke-navigerbare-sider-suresms-com-parent\/sms-plugins\/\" \/>\r\n<meta property=\"og:locale\" content=\"da_DK\" \/>\r\n<meta property=\"og:type\" content=\"article\" \/>\r\n<meta property=\"og:title\" content=\"Download vores gratis Plugins - SureSMS\" \/>\r\n<meta property=\"og:description\" content=\"Vi udvikler Plugins, s\u00e5 vores SMS Gateway kan integreres let og hurtigt med dit system. Alle Plugins er gratis. Send SMS direkte fra Outlook eller din WordPress hjemmeside. Betal kun pr. SMS\" \/>\r\n<meta property=\"og:url\" content=\"https:\/\/suresms.com\/dk\/sms-gateway-professionelle-sms-losninger\/ikke-navigerbare-sider-suresms-com-parent\/sms-plugins\/\" \/>\r\n<meta property=\"article:publisher\" content=\"https:\/\/www.facebook.com\/p\/SureSMS-100044607956149\/\" \/>\r\n<meta property=\"article:modified_time\" content=\"2024-12-06T12:48:59+00:00\" \/>\r\n<meta property=\"og:image\" content=\"https:\/\/suresms.com\/wp-content\/uploads\/2014\/11\/SureSMS-Plugins-snippet.jpg\" \/>\r\n\t<meta property=\"og:image:width\" content=\"400\" \/>\r\n\t<meta property=\"og:image:height\" content=\"250\" \/>\r\n\t<meta property=\"og:image:type\" content=\"image\/jpeg\" \/>\r\n<meta name=\"twitter:card\" content=\"summary_large_image\" \/>\r\n<meta name=\"twitter:title\" content=\"SMS plugins\" \/>\r\n<meta name=\"twitter:label1\" content=\"Estimeret l\u00e6setid\" \/>\n\t<meta name=\"twitter:data1\" content=\"7 minutter\" \/>\r\n<script type=\"application\/ld+json\" class=\"yoast-schema-graph\">{\"@context\":\"https:\\\/\\\/schema.org\",\"@graph\":[{\"@type\":\"WebPage\",\"@id\":\"https:\\\/\\\/suresms.com\\\/dk\\\/sms-gateway-professionelle-sms-losninger\\\/ikke-navigerbare-sider-suresms-com-parent\\\/sms-plugins\\\/\",\"url\":\"https:\\\/\\\/suresms.com\\\/dk\\\/sms-gateway-professionelle-sms-losninger\\\/ikke-navigerbare-sider-suresms-com-parent\\\/sms-plugins\\\/\",\"name\":\"SMS plugins | Samlet liste over alle SMS plugins - SureSMS \u2713\",\"isPartOf\":{\"@id\":\"https:\\\/\\\/suresms.com\\\/en\\\/#website\"},\"primaryImageOfPage\":{\"@id\":\"https:\\\/\\\/suresms.com\\\/dk\\\/sms-gateway-professionelle-sms-losninger\\\/ikke-navigerbare-sider-suresms-com-parent\\\/sms-plugins\\\/#primaryimage\"},\"image\":{\"@id\":\"https:\\\/\\\/suresms.com\\\/dk\\\/sms-gateway-professionelle-sms-losninger\\\/ikke-navigerbare-sider-suresms-com-parent\\\/sms-plugins\\\/#primaryimage\"},\"thumbnailUrl\":\"https:\\\/\\\/www.suresms.com\\\/dk\\\/wp-content\\\/uploads\\\/2014\\\/10\\\/Funktioner-Udviklere-Menu-200x50-pix.jpg\",\"datePublished\":\"2014-11-12T14:16:06+00:00\",\"dateModified\":\"2024-12-06T12:48:59+00:00\",\"description\":\"En komplet liste over SMS plugins til SureSMS. Find dit SMS plugin p\u00e5 denne side. indeholder undersider for hvert plugin til SMS.\",\"breadcrumb\":{\"@id\":\"https:\\\/\\\/suresms.com\\\/dk\\\/sms-gateway-professionelle-sms-losninger\\\/ikke-navigerbare-sider-suresms-com-parent\\\/sms-plugins\\\/#breadcrumb\"},\"inLanguage\":\"da-DK\",\"potentialAction\":[{\"@type\":\"ReadAction\",\"target\":[\"https:\\\/\\\/suresms.com\\\/dk\\\/sms-gateway-professionelle-sms-losninger\\\/ikke-navigerbare-sider-suresms-com-parent\\\/sms-plugins\\\/\"]}]},{\"@type\":\"ImageObject\",\"inLanguage\":\"da-DK\",\"@id\":\"https:\\\/\\\/suresms.com\\\/dk\\\/sms-gateway-professionelle-sms-losninger\\\/ikke-navigerbare-sider-suresms-com-parent\\\/sms-plugins\\\/#primaryimage\",\"url\":\"https:\\\/\\\/www.suresms.com\\\/dk\\\/wp-content\\\/uploads\\\/2014\\\/10\\\/Funktioner-Udviklere-Menu-200x50-pix.jpg\",\"contentUrl\":\"https:\\\/\\\/www.suresms.com\\\/dk\\\/wp-content\\\/uploads\\\/2014\\\/10\\\/Funktioner-Udviklere-Menu-200x50-pix.jpg\"},{\"@type\":\"BreadcrumbList\",\"@id\":\"https:\\\/\\\/suresms.com\\\/dk\\\/sms-gateway-professionelle-sms-losninger\\\/ikke-navigerbare-sider-suresms-com-parent\\\/sms-plugins\\\/#breadcrumb\",\"itemListElement\":[{\"@type\":\"ListItem\",\"position\":1,\"name\":\"Home\",\"item\":\"https:\\\/\\\/suresms.com\\\/dk\\\/\"},{\"@type\":\"ListItem\",\"position\":2,\"name\":\"SMS gateway &#8211; professionelle SMS-l\u00f8sninger\",\"item\":\"https:\\\/\\\/suresms.com\\\/dk\\\/\"},{\"@type\":\"ListItem\",\"position\":3,\"name\":\"Ikke navigerbare sider suresms.com &#8211; parent\",\"item\":\"https:\\\/\\\/suresms.com\\\/dk\\\/sms-gateway-professionelle-sms-losninger\\\/ikke-navigerbare-sider-suresms-com-parent\\\/\"},{\"@type\":\"ListItem\",\"position\":4,\"name\":\"SMS plugins\"}]},{\"@type\":\"WebSite\",\"@id\":\"https:\\\/\\\/suresms.com\\\/en\\\/#website\",\"url\":\"https:\\\/\\\/suresms.com\\\/en\\\/\",\"name\":\"SureSMS\",\"description\":\"Professionel SMS Gateway\",\"publisher\":{\"@id\":\"https:\\\/\\\/suresms.com\\\/en\\\/#organization\"},\"potentialAction\":[{\"@type\":\"SearchAction\",\"target\":{\"@type\":\"EntryPoint\",\"urlTemplate\":\"https:\\\/\\\/suresms.com\\\/en\\\/?s={search_term_string}\"},\"query-input\":{\"@type\":\"PropertyValueSpecification\",\"valueRequired\":true,\"valueName\":\"search_term_string\"}}],\"inLanguage\":\"da-DK\"},{\"@type\":\"Organization\",\"@id\":\"https:\\\/\\\/suresms.com\\\/en\\\/#organization\",\"name\":\"SureSMS\",\"url\":\"https:\\\/\\\/suresms.com\\\/en\\\/\",\"logo\":{\"@type\":\"ImageObject\",\"inLanguage\":\"da-DK\",\"@id\":\"https:\\\/\\\/suresms.com\\\/en\\\/#\\\/schema\\\/logo\\\/image\\\/\",\"url\":\"https:\\\/\\\/suresms.com\\\/wp-content\\\/uploads\\\/2024\\\/11\\\/suresms-300x65-1.png\",\"contentUrl\":\"https:\\\/\\\/suresms.com\\\/wp-content\\\/uploads\\\/2024\\\/11\\\/suresms-300x65-1.png\",\"width\":300,\"height\":65,\"caption\":\"SureSMS\"},\"image\":{\"@id\":\"https:\\\/\\\/suresms.com\\\/en\\\/#\\\/schema\\\/logo\\\/image\\\/\"},\"sameAs\":[\"https:\\\/\\\/www.facebook.com\\\/p\\\/SureSMS-100044607956149\\\/\"]}]}<\/script>\r\n<!-- \/ Yoast SEO Premium plugin. -->","yoast_head_json":{"title":"SMS plugins | Samlet liste over alle SMS plugins - SureSMS \u2713","description":"En komplet liste over SMS plugins til SureSMS. Find dit SMS plugin p\u00e5 denne side. indeholder undersider for hvert plugin til SMS.","robots":{"index":"index","follow":"follow","max-snippet":"max-snippet:-1","max-image-preview":"max-image-preview:large","max-video-preview":"max-video-preview:-1"},"canonical":"https:\/\/suresms.com\/dk\/sms-gateway-professionelle-sms-losninger\/ikke-navigerbare-sider-suresms-com-parent\/sms-plugins\/","og_locale":"da_DK","og_type":"article","og_title":"Download vores gratis Plugins - SureSMS","og_description":"Vi udvikler Plugins, s\u00e5 vores SMS Gateway kan integreres let og hurtigt med dit system. Alle Plugins er gratis. Send SMS direkte fra Outlook eller din WordPress hjemmeside. Betal kun pr. SMS","og_url":"https:\/\/suresms.com\/dk\/sms-gateway-professionelle-sms-losninger\/ikke-navigerbare-sider-suresms-com-parent\/sms-plugins\/","article_publisher":"https:\/\/www.facebook.com\/p\/SureSMS-100044607956149\/","article_modified_time":"2024-12-06T12:48:59+00:00","og_image":[{"width":400,"height":250,"url":"https:\/\/suresms.com\/wp-content\/uploads\/2014\/11\/SureSMS-Plugins-snippet.jpg","type":"image\/jpeg"}],"twitter_card":"summary_large_image","twitter_title":"SMS plugins","twitter_misc":{"Estimeret l\u00e6setid":"7 minutter"},"schema":{"@context":"https:\/\/schema.org","@graph":[{"@type":"WebPage","@id":"https:\/\/suresms.com\/dk\/sms-gateway-professionelle-sms-losninger\/ikke-navigerbare-sider-suresms-com-parent\/sms-plugins\/","url":"https:\/\/suresms.com\/dk\/sms-gateway-professionelle-sms-losninger\/ikke-navigerbare-sider-suresms-com-parent\/sms-plugins\/","name":"SMS plugins | Samlet liste over alle SMS plugins - SureSMS \u2713","isPartOf":{"@id":"https:\/\/suresms.com\/en\/#website"},"primaryImageOfPage":{"@id":"https:\/\/suresms.com\/dk\/sms-gateway-professionelle-sms-losninger\/ikke-navigerbare-sider-suresms-com-parent\/sms-plugins\/#primaryimage"},"image":{"@id":"https:\/\/suresms.com\/dk\/sms-gateway-professionelle-sms-losninger\/ikke-navigerbare-sider-suresms-com-parent\/sms-plugins\/#primaryimage"},"thumbnailUrl":"https:\/\/www.suresms.com\/dk\/wp-content\/uploads\/2014\/10\/Funktioner-Udviklere-Menu-200x50-pix.jpg","datePublished":"2014-11-12T14:16:06+00:00","dateModified":"2024-12-06T12:48:59+00:00","description":"En komplet liste over SMS plugins til SureSMS. Find dit SMS plugin p\u00e5 denne side. indeholder undersider for hvert plugin til SMS.","breadcrumb":{"@id":"https:\/\/suresms.com\/dk\/sms-gateway-professionelle-sms-losninger\/ikke-navigerbare-sider-suresms-com-parent\/sms-plugins\/#breadcrumb"},"inLanguage":"da-DK","potentialAction":[{"@type":"ReadAction","target":["https:\/\/suresms.com\/dk\/sms-gateway-professionelle-sms-losninger\/ikke-navigerbare-sider-suresms-com-parent\/sms-plugins\/"]}]},{"@type":"ImageObject","inLanguage":"da-DK","@id":"https:\/\/suresms.com\/dk\/sms-gateway-professionelle-sms-losninger\/ikke-navigerbare-sider-suresms-com-parent\/sms-plugins\/#primaryimage","url":"https:\/\/www.suresms.com\/dk\/wp-content\/uploads\/2014\/10\/Funktioner-Udviklere-Menu-200x50-pix.jpg","contentUrl":"https:\/\/www.suresms.com\/dk\/wp-content\/uploads\/2014\/10\/Funktioner-Udviklere-Menu-200x50-pix.jpg"},{"@type":"BreadcrumbList","@id":"https:\/\/suresms.com\/dk\/sms-gateway-professionelle-sms-losninger\/ikke-navigerbare-sider-suresms-com-parent\/sms-plugins\/#breadcrumb","itemListElement":[{"@type":"ListItem","position":1,"name":"Home","item":"https:\/\/suresms.com\/dk\/"},{"@type":"ListItem","position":2,"name":"SMS gateway &#8211; professionelle SMS-l\u00f8sninger","item":"https:\/\/suresms.com\/dk\/"},{"@type":"ListItem","position":3,"name":"Ikke navigerbare sider suresms.com &#8211; parent","item":"https:\/\/suresms.com\/dk\/sms-gateway-professionelle-sms-losninger\/ikke-navigerbare-sider-suresms-com-parent\/"},{"@type":"ListItem","position":4,"name":"SMS plugins"}]},{"@type":"WebSite","@id":"https:\/\/suresms.com\/en\/#website","url":"https:\/\/suresms.com\/en\/","name":"SureSMS","description":"Professionel SMS Gateway","publisher":{"@id":"https:\/\/suresms.com\/en\/#organization"},"potentialAction":[{"@type":"SearchAction","target":{"@type":"EntryPoint","urlTemplate":"https:\/\/suresms.com\/en\/?s={search_term_string}"},"query-input":{"@type":"PropertyValueSpecification","valueRequired":true,"valueName":"search_term_string"}}],"inLanguage":"da-DK"},{"@type":"Organization","@id":"https:\/\/suresms.com\/en\/#organization","name":"SureSMS","url":"https:\/\/suresms.com\/en\/","logo":{"@type":"ImageObject","inLanguage":"da-DK","@id":"https:\/\/suresms.com\/en\/#\/schema\/logo\/image\/","url":"https:\/\/suresms.com\/wp-content\/uploads\/2024\/11\/suresms-300x65-1.png","contentUrl":"https:\/\/suresms.com\/wp-content\/uploads\/2024\/11\/suresms-300x65-1.png","width":300,"height":65,"caption":"SureSMS"},"image":{"@id":"https:\/\/suresms.com\/en\/#\/schema\/logo\/image\/"},"sameAs":["https:\/\/www.facebook.com\/p\/SureSMS-100044607956149\/"]}]}},"_links":{"self":[{"href":"https:\/\/suresms.com\/dk\/wp-json\/wp\/v2\/pages\/602","targetHints":{"allow":["GET"]}}],"collection":[{"href":"https:\/\/suresms.com\/dk\/wp-json\/wp\/v2\/pages"}],"about":[{"href":"https:\/\/suresms.com\/dk\/wp-json\/wp\/v2\/types\/page"}],"author":[{"embeddable":true,"href":"https:\/\/suresms.com\/dk\/wp-json\/wp\/v2\/users\/1"}],"replies":[{"embeddable":true,"href":"https:\/\/suresms.com\/dk\/wp-json\/wp\/v2\/comments?post=602"}],"version-history":[{"count":1,"href":"https:\/\/suresms.com\/dk\/wp-json\/wp\/v2\/pages\/602\/revisions"}],"predecessor-version":[{"id":19487,"href":"https:\/\/suresms.com\/dk\/wp-json\/wp\/v2\/pages\/602\/revisions\/19487"}],"up":[{"embeddable":true,"href":"https:\/\/suresms.com\/dk\/wp-json\/wp\/v2\/pages\/2923"}],"wp:attachment":[{"href":"https:\/\/suresms.com\/dk\/wp-json\/wp\/v2\/media?parent=602"}],"wp:term":[{"taxonomy":"category","embeddable":true,"href":"https:\/\/suresms.com\/dk\/wp-json\/wp\/v2\/categories?post=602"},{"taxonomy":"post_tag","embeddable":true,"href":"https:\/\/suresms.com\/dk\/wp-json\/wp\/v2\/tags?post=602"}],"curies":[{"name":"wp","href":"https:\/\/api.w.org\/{rel}","templated":true}]}}