{"id":5320,"date":"2017-12-22T15:17:39","date_gmt":"2017-12-22T13:17:39","guid":{"rendered":"https:\/\/www.suresms.com\/dk\/?page_id=5320"},"modified":"2025-03-24T14:57:40","modified_gmt":"2025-03-24T14:57:40","slug":"persondata-politik","status":"publish","type":"page","link":"https:\/\/suresms.com\/dk\/politikker\/persondata-politik\/","title":{"rendered":"Persondata politik"},"content":{"rendered":"\n\n\t<p>SureSMS er et dansk registreret selskab med CVR nummer 33263104. Selskabet er registreret p\u00e5 adressen Industriholmen 82, 2650 Hvidovre, Danmark.<\/p>\n<p>Den f\u00f8lgende persondatapolitik beskytter dine personlige data i overensstemmelse med Persondataloven og EU persondata forordning. Denne fortrolighedspolitik forklarer m\u00e5den, hvorp\u00e5 vi indsamler og bruger dine personlige data, og hvilke foranstaltninger vi tager, for at sikre os at dine data forbliver fortrolige.<\/p>\n<h2>Hvilke informationer indsamler vi?<\/h2>\n<p>I forbindelse med ans\u00f8gninger om konti og registreringen af konto til vores services, indsamler vi dine personlige data. Vi kan ogs\u00e5 indsamle data, som viser, hvordan du bruger vores hjemmeside, hvilken hjemmeside du kom fra, hvilke sider du bes\u00f8gte og hvordan du f\u00e6rdes p\u00e5 hjemmesiden. Ligeledes indsamler vi informationer om de SMS-beskeder du sender, og de \u00f8vrige services du bruger, herunder hvis du lagre kontaktinformationer p\u00e5 dine SMS-modtagere.<\/p>\n<p>Vi indsamler ogs\u00e5 informationer om hvorn\u00e5r du tilg\u00e5r servicen og de enheder du tilg\u00e5r servicen fra. Ligeledes indsamler vi informationer om uventet h\u00e6ndelser i vores systemer og services, uanset om de foreg\u00e5r p\u00e5 din enhed eller vores.<\/p>\n<h2>Form\u00e5l<\/h2>\n<p>Vi bruger dine personlige data for at kunne tilbyde dig den bedste service indenfor de felter hvor vi tilbyder services. Herunder, men ikke begr\u00e6nset til:<\/p>\n<ol>\n<li>\n<ol>\n<li>Give dig adgang til at sende og modtage SMS beskeder.<\/li>\n<li>\u00a0Foretage rapportering i forbindelse med 1)<\/li>\n<li>Opretholde kartotek for modtagere og afsendere af SMS beskeder.<\/li>\n<li>Gennemf\u00f8re betalinger til vores platform.<\/li>\n<li>Kontakte dig med henblik p\u00e5 mangelafhj\u00e6lpning, nye relateret services.<\/li>\n<\/ol>\n<\/li>\n<\/ol>\n<ol>\n\n<\/ol>\n<p>&nbsp;<\/p>\n<h2>Videregivelse af information<\/h2>\n<p>Vi behandler din personlige information fortroligt, og videregiver den ikke. Der vil heller ikke blive givet adgang til personlig information til andre virksomheder. Vi videregiver dine oplysninger til myndigheder der bek\u00e6mper bedrag og hvidvask af penge, ved mistanke om, at der er givet misvisende oplysninger med henblik p\u00e5 bedrageri.<\/p>\n<p>Under s\u00e6rlige omst\u00e6ndigheder vil SureSMS ApS v\u00e6re n\u00f8dsaget til at videregive personlig information. SureSMS ApS er forpligtet til at arbejde i overensstemmelse lovens eller domstolens ordre som svar p\u00e5 en lovlig foresp\u00f8rgsel af staten eller myndighederne.<\/p>\n<h2>Forbedre vores service<\/h2>\n<p>For at sikre os at de services, vi tilbyder, im\u00f8dekommer dine krav, kan vi bede om din feedback. Enhver feedback du giver os vil udelukkende blive brugt med henblik p\u00e5 at forbedre vores services, og vil ikke blive vist p\u00e5 hjemmesiden.<\/p>\n<h2>Cookies<\/h2>\n<p>Se vores cookie-politik <a href=\"https:\/\/suresms.com\/dk\/politikker\/cookie-og-privatlivspolitik-suresms\/\">her<\/a>.<\/p>\n<h2>Sikkerhed<\/h2>\n<p>At beskytte din data er vigtigt for os. Al kommunikation mellem SureSMS enheder og kunderne er beskyttet med kryptering. Krypteringen er leveret af Google Trust Services. Vi opbevarer ikke kreditkort oplysninger.<\/p>\n<p>P\u00e5 trods af at vi fors\u00f8ger at beskytte dine data, kan vi ikke garantere for dem. Det er derfor p\u00e5 eget ansvar at du giver den til os.<\/p>\n<h2>Dine rettigheder<\/h2>\n<p>Du har til enhver tid krav p\u00e5 at f\u00e5 oplyst hvilke data vi har registreret p\u00e5 dig. Du har ret til at f\u00e5 \u00e6ndret forkerte data, og du har ret til at bede om at vi sletter alle dine data. Dog har vi et ansvar i forbindelse med terror lovgivningen og den danske regnskabslov der g\u00f8r, at ikke alle data kan slettes. Anvend kontakt-afsnittet p\u00e5 denne hjemmeside for at finde relevante <a href=\"https:\/\/suresms.com\/dk\/om-suresms\/kontakt\/\">kontaktinformationer<\/a>.<\/p>\n<h2>\u00c6ndringer<\/h2>\n<p>Vi kan \u00e6ndre i denne persondatapolitik. Brug af hjemmesiden efter opdatering af persondatapolitik, betyder accept af den opdaterede fortrolighedspolitik. Denne persondatapolitik var senest opdateret den 24. marts 2024.<\/p>\n<h2>Kontakt os omkring denne politik<\/h2>\n<p>Du kan altid kontakt os, ang\u00e5ende denne politik eller andre sp\u00f8rgsm\u00e5l. Skriv til <a href=\"mailto:support@suresms.com\">support@suresms.com<\/a> og skriv Politik i emnefeltet.<\/p>\n\n","protected":false},"excerpt":{"rendered":"<p>SureSMS er et dansk registreret selskab med CVR nummer 33263104. Selskabet er registreret p\u00e5 adressen Industriholmen 82, 2650 Hvidovre, Danmark. Den f\u00f8lgende persondatapolitik beskytter dine personlige data i overensstemmelse med Persondataloven og EU persondata forordning. Denne fortrolighedspolitik forklarer m\u00e5den, hvorp\u00e5 vi indsamler og bruger dine personlige data, og hvilke foranstaltninger vi tager, for at sikre &#8230; <a title=\"Persondata politik\" class=\"read-more\" href=\"https:\/\/suresms.com\/dk\/politikker\/persondata-politik\/\" aria-label=\"Read more about Persondata politik\">L\u00e6s mere <\/a><\/p>\n","protected":false},"author":1,"featured_media":0,"parent":19124,"menu_order":0,"comment_status":"closed","ping_status":"closed","template":"","meta":{"_fl_builder_enabled":"1","_fl_builder_data":null,"_fl_builder_draft":null,"_fl_builder_data_settings":null,"_fl_builder_css":"","_fl_builder_css_version":"","_fl_builder_js":"","footnotes":""},"categories":[],"tags":[],"class_list":["post-5320","page","type-page","status-publish"],"yoast_head":"<!-- This site is optimized with the Yoast SEO Premium plugin v27.3 (Yoast SEO v27.3) - https:\/\/yoast.com\/product\/yoast-seo-premium-wordpress\/ -->\r\n<title>Persondata politik -<\/title>\r\n<meta name=\"robots\" content=\"index, follow, max-snippet:-1, max-image-preview:large, max-video-preview:-1\" \/>\r\n<link rel=\"canonical\" href=\"https:\/\/suresms.com\/dk\/politikker\/persondata-politik\/\" \/>\r\n<meta property=\"og:locale\" content=\"da_DK\" \/>\r\n<meta property=\"og:type\" content=\"article\" \/>\r\n<meta property=\"og:title\" content=\"Persondata politik\" \/>\r\n<meta property=\"og:description\" content=\"SureSMS er et dansk registreret selskab med CVR nummer 33263104. Selskabet er registreret p\u00e5 adressen Industriholmen 82, 2650 Hvidovre, Danmark. Den f\u00f8lgende persondatapolitik beskytter dine personlige data i overensstemmelse med Persondataloven og EU persondata forordning. Denne fortrolighedspolitik forklarer m\u00e5den, hvorp\u00e5 vi indsamler og bruger dine personlige data, og hvilke foranstaltninger vi tager, for at sikre ... L\u00e6s mere\" \/>\r\n<meta property=\"og:url\" content=\"https:\/\/suresms.com\/dk\/politikker\/persondata-politik\/\" \/>\r\n<meta property=\"article:publisher\" content=\"https:\/\/www.facebook.com\/p\/SureSMS-100044607956149\/\" \/>\r\n<meta property=\"article:modified_time\" content=\"2025-03-24T14:57:40+00:00\" \/>\r\n<meta name=\"twitter:card\" content=\"summary_large_image\" \/>\r\n<meta name=\"twitter:label1\" content=\"Estimeret l\u00e6setid\" \/>\n\t<meta name=\"twitter:data1\" content=\"3 minutter\" \/>\r\n<script type=\"application\/ld+json\" class=\"yoast-schema-graph\">{\"@context\":\"https:\\\/\\\/schema.org\",\"@graph\":[{\"@type\":\"WebPage\",\"@id\":\"https:\\\/\\\/suresms.com\\\/dk\\\/politikker\\\/persondata-politik\\\/\",\"url\":\"https:\\\/\\\/suresms.com\\\/dk\\\/politikker\\\/persondata-politik\\\/\",\"name\":\"Persondata politik -\",\"isPartOf\":{\"@id\":\"https:\\\/\\\/suresms.com\\\/en\\\/#website\"},\"datePublished\":\"2017-12-22T13:17:39+00:00\",\"dateModified\":\"2025-03-24T14:57:40+00:00\",\"breadcrumb\":{\"@id\":\"https:\\\/\\\/suresms.com\\\/dk\\\/politikker\\\/persondata-politik\\\/#breadcrumb\"},\"inLanguage\":\"da-DK\",\"potentialAction\":[{\"@type\":\"ReadAction\",\"target\":[\"https:\\\/\\\/suresms.com\\\/dk\\\/politikker\\\/persondata-politik\\\/\"]}]},{\"@type\":\"BreadcrumbList\",\"@id\":\"https:\\\/\\\/suresms.com\\\/dk\\\/politikker\\\/persondata-politik\\\/#breadcrumb\",\"itemListElement\":[{\"@type\":\"ListItem\",\"position\":1,\"name\":\"Home\",\"item\":\"https:\\\/\\\/suresms.com\\\/dk\\\/\"},{\"@type\":\"ListItem\",\"position\":2,\"name\":\"Politikker\",\"item\":\"https:\\\/\\\/suresms.com\\\/politikker\\\/\"},{\"@type\":\"ListItem\",\"position\":3,\"name\":\"Persondata politik\"}]},{\"@type\":\"WebSite\",\"@id\":\"https:\\\/\\\/suresms.com\\\/en\\\/#website\",\"url\":\"https:\\\/\\\/suresms.com\\\/en\\\/\",\"name\":\"SureSMS\",\"description\":\"Professionel SMS Gateway\",\"publisher\":{\"@id\":\"https:\\\/\\\/suresms.com\\\/en\\\/#organization\"},\"potentialAction\":[{\"@type\":\"SearchAction\",\"target\":{\"@type\":\"EntryPoint\",\"urlTemplate\":\"https:\\\/\\\/suresms.com\\\/en\\\/?s={search_term_string}\"},\"query-input\":{\"@type\":\"PropertyValueSpecification\",\"valueRequired\":true,\"valueName\":\"search_term_string\"}}],\"inLanguage\":\"da-DK\"},{\"@type\":\"Organization\",\"@id\":\"https:\\\/\\\/suresms.com\\\/en\\\/#organization\",\"name\":\"SureSMS\",\"url\":\"https:\\\/\\\/suresms.com\\\/en\\\/\",\"logo\":{\"@type\":\"ImageObject\",\"inLanguage\":\"da-DK\",\"@id\":\"https:\\\/\\\/suresms.com\\\/en\\\/#\\\/schema\\\/logo\\\/image\\\/\",\"url\":\"https:\\\/\\\/suresms.com\\\/wp-content\\\/uploads\\\/2024\\\/11\\\/suresms-300x65-1.png\",\"contentUrl\":\"https:\\\/\\\/suresms.com\\\/wp-content\\\/uploads\\\/2024\\\/11\\\/suresms-300x65-1.png\",\"width\":300,\"height\":65,\"caption\":\"SureSMS\"},\"image\":{\"@id\":\"https:\\\/\\\/suresms.com\\\/en\\\/#\\\/schema\\\/logo\\\/image\\\/\"},\"sameAs\":[\"https:\\\/\\\/www.facebook.com\\\/p\\\/SureSMS-100044607956149\\\/\"]}]}<\/script>\r\n<!-- \/ Yoast SEO Premium plugin. -->","yoast_head_json":{"title":"Persondata politik -","robots":{"index":"index","follow":"follow","max-snippet":"max-snippet:-1","max-image-preview":"max-image-preview:large","max-video-preview":"max-video-preview:-1"},"canonical":"https:\/\/suresms.com\/dk\/politikker\/persondata-politik\/","og_locale":"da_DK","og_type":"article","og_title":"Persondata politik","og_description":"SureSMS er et dansk registreret selskab med CVR nummer 33263104. Selskabet er registreret p\u00e5 adressen Industriholmen 82, 2650 Hvidovre, Danmark. Den f\u00f8lgende persondatapolitik beskytter dine personlige data i overensstemmelse med Persondataloven og EU persondata forordning. Denne fortrolighedspolitik forklarer m\u00e5den, hvorp\u00e5 vi indsamler og bruger dine personlige data, og hvilke foranstaltninger vi tager, for at sikre ... L\u00e6s mere","og_url":"https:\/\/suresms.com\/dk\/politikker\/persondata-politik\/","article_publisher":"https:\/\/www.facebook.com\/p\/SureSMS-100044607956149\/","article_modified_time":"2025-03-24T14:57:40+00:00","twitter_card":"summary_large_image","twitter_misc":{"Estimeret l\u00e6setid":"3 minutter"},"schema":{"@context":"https:\/\/schema.org","@graph":[{"@type":"WebPage","@id":"https:\/\/suresms.com\/dk\/politikker\/persondata-politik\/","url":"https:\/\/suresms.com\/dk\/politikker\/persondata-politik\/","name":"Persondata politik -","isPartOf":{"@id":"https:\/\/suresms.com\/en\/#website"},"datePublished":"2017-12-22T13:17:39+00:00","dateModified":"2025-03-24T14:57:40+00:00","breadcrumb":{"@id":"https:\/\/suresms.com\/dk\/politikker\/persondata-politik\/#breadcrumb"},"inLanguage":"da-DK","potentialAction":[{"@type":"ReadAction","target":["https:\/\/suresms.com\/dk\/politikker\/persondata-politik\/"]}]},{"@type":"BreadcrumbList","@id":"https:\/\/suresms.com\/dk\/politikker\/persondata-politik\/#breadcrumb","itemListElement":[{"@type":"ListItem","position":1,"name":"Home","item":"https:\/\/suresms.com\/dk\/"},{"@type":"ListItem","position":2,"name":"Politikker","item":"https:\/\/suresms.com\/politikker\/"},{"@type":"ListItem","position":3,"name":"Persondata politik"}]},{"@type":"WebSite","@id":"https:\/\/suresms.com\/en\/#website","url":"https:\/\/suresms.com\/en\/","name":"SureSMS","description":"Professionel SMS Gateway","publisher":{"@id":"https:\/\/suresms.com\/en\/#organization"},"potentialAction":[{"@type":"SearchAction","target":{"@type":"EntryPoint","urlTemplate":"https:\/\/suresms.com\/en\/?s={search_term_string}"},"query-input":{"@type":"PropertyValueSpecification","valueRequired":true,"valueName":"search_term_string"}}],"inLanguage":"da-DK"},{"@type":"Organization","@id":"https:\/\/suresms.com\/en\/#organization","name":"SureSMS","url":"https:\/\/suresms.com\/en\/","logo":{"@type":"ImageObject","inLanguage":"da-DK","@id":"https:\/\/suresms.com\/en\/#\/schema\/logo\/image\/","url":"https:\/\/suresms.com\/wp-content\/uploads\/2024\/11\/suresms-300x65-1.png","contentUrl":"https:\/\/suresms.com\/wp-content\/uploads\/2024\/11\/suresms-300x65-1.png","width":300,"height":65,"caption":"SureSMS"},"image":{"@id":"https:\/\/suresms.com\/en\/#\/schema\/logo\/image\/"},"sameAs":["https:\/\/www.facebook.com\/p\/SureSMS-100044607956149\/"]}]}},"_links":{"self":[{"href":"https:\/\/suresms.com\/dk\/wp-json\/wp\/v2\/pages\/5320","targetHints":{"allow":["GET"]}}],"collection":[{"href":"https:\/\/suresms.com\/dk\/wp-json\/wp\/v2\/pages"}],"about":[{"href":"https:\/\/suresms.com\/dk\/wp-json\/wp\/v2\/types\/page"}],"author":[{"embeddable":true,"href":"https:\/\/suresms.com\/dk\/wp-json\/wp\/v2\/users\/1"}],"replies":[{"embeddable":true,"href":"https:\/\/suresms.com\/dk\/wp-json\/wp\/v2\/comments?post=5320"}],"version-history":[{"count":5,"href":"https:\/\/suresms.com\/dk\/wp-json\/wp\/v2\/pages\/5320\/revisions"}],"predecessor-version":[{"id":22984,"href":"https:\/\/suresms.com\/dk\/wp-json\/wp\/v2\/pages\/5320\/revisions\/22984"}],"up":[{"embeddable":true,"href":"https:\/\/suresms.com\/dk\/wp-json\/wp\/v2\/pages\/19124"}],"wp:attachment":[{"href":"https:\/\/suresms.com\/dk\/wp-json\/wp\/v2\/media?parent=5320"}],"wp:term":[{"taxonomy":"category","embeddable":true,"href":"https:\/\/suresms.com\/dk\/wp-json\/wp\/v2\/categories?post=5320"},{"taxonomy":"post_tag","embeddable":true,"href":"https:\/\/suresms.com\/dk\/wp-json\/wp\/v2\/tags?post=5320"}],"curies":[{"name":"wp","href":"https:\/\/api.w.org\/{rel}","templated":true}]}}