{"id":511,"date":"2014-10-29T11:25:11","date_gmt":"2014-10-29T09:25:11","guid":{"rendered":"https:\/\/www.suresms.com\/dk\/?page_id=511"},"modified":"2025-01-21T10:14:51","modified_gmt":"2025-01-21T10:14:51","slug":"2-vejs-sms-losning-med-hosted-sim","status":"publish","type":"page","link":"https:\/\/suresms.com\/dk\/funktioner\/2-vejs-sms-losning-med-hosted-sim\/","title":{"rendered":"2-vejs SMS med Hosted SIM"},"content":{"rendered":"\n\n\t\t\t\t<!-- Flexy Breadcrumb -->\r\n\t\t\t<div class=\"fbc fbc-page\">\r\n\r\n\t\t\t\t<!-- Breadcrumb wrapper -->\r\n\t\t\t\t<div class=\"fbc-wrap\">\r\n\r\n\t\t\t\t\t<!-- Ordered list-->\r\n\t\t\t\t\t<ol class=\"fbc-items\" itemscope itemtype=\"https:\/\/schema.org\/BreadcrumbList\">\r\n\t\t\t\t\t\t            <li itemprop=\"itemListElement\" itemscope itemtype=\"https:\/\/schema.org\/ListItem\">\r\n                <span itemprop=\"name\">\r\n                    <!-- Home Link -->\r\n                    <a itemprop=\"item\" href=\"https:\/\/suresms.com\">\r\n                    \r\n                                                    <i class=\"fa fa-home\" aria-hidden=\"true\"><\/i>Home                    <\/a>\r\n                <\/span>\r\n                <meta itemprop=\"position\" content=\"1\" \/><!-- Meta Position-->\r\n             <\/li><li><span class=\"fbc-separator\">\/<\/span><\/li><li class=\"active\" itemprop=\"itemListElement\" itemscope itemtype=\"https:\/\/schema.org\/ListItem\"><span itemprop=\"name\" title=\"2-vejs SMS med Hosted SIM\">2-vejs SMS med Hosted...<\/span><meta itemprop=\"position\" content=\"2\" \/><\/li>\t\t\t\t\t<\/ol>\r\n\t\t\t\t\t<div class=\"clearfix\"><\/div>\r\n\t\t\t\t<\/div>\r\n\t\t\t<\/div>\r\n\t\t\t\n\t<h1>Hosted SIM l\u00f8sning<\/h1>\n<p><strong>Hvis du \u00f8nsker at benytte dit eget SIM kort til din 2-vejs l\u00f8sning tilbyder vi en stabil og sikker hosted SIM l\u00f8sning. Fordele: Du ejer nummeret og du kan viderestille samtaler fra nummeret til dine telefon, s\u00e5 dine kunder kan ringe dig op.<\/strong><\/p>\n<h4><strong>Om Hosted SIM<\/strong><br \/>\nKort fortalt installerer vi dit SIM kort i et stykke hardware hos os. N\u00e5r nogen sender en besked til SIM kortet, bliver SMS-beskeden l\u00e6st af et stykke software, hvorefter beskeden l\u00e6gges ind p\u00e5 din konto p\u00e5 vores WEB Interface.\u00a0\u00a0Her kan du logge p\u00e5 og se alle informationer om dine beskeder.<\/h4>\n<p>&nbsp;<\/p>\n<h4><strong>Du kan selv v\u00e6lge nummer<\/strong><\/h4>\n<p>En af fordelene ved hosted SIM er, at du selv kan styre, hvilket nummer du f\u00e5r. P\u00e5 den m\u00e5de kan\u00a0du f\u00e5 nummeret til at passe i en nummerserie med din virksomheds \u00f8vrige numre.<\/p>\n<p>Med hosted SIM er der ogs\u00e5 mulighed for viderestilling af opkald.\u00a0Fors\u00f8ger en kunde at ringe op, kan samtalen blive viderestillet\u00a0til jeres normale servicetelefon. At jeres kunder kan ringe jer op, kan tilf\u00f8re stor v\u00e6rdi til kampagner og services.<\/p>\n<p>Vores 2-vejs l\u00f8sning\u00a0underst\u00f8tter modtagelse af Flash beskeder.<\/p>\n<h4><strong>Mulighed for udenlandske numre<\/strong><\/h4>\n<p>Med hosted SIM kan man v\u00e6lge at s\u00e6tte et udenlandsk SIM-kort i vores hardware. Hvis du sender os SIM-kortet, s\u00e6tter vi hurtigt l\u00f8sningen op til dig.<\/p>\n<p><strong>\u00d8nsker du en hostet SIM l\u00f8sning, skal du selv skaffe et SIM-kort og sende det til os. Alternativt opretter vi gerne et <a href=\"https:\/\/suresms.com\/dk\/funktioner\/modtag-sms-pa-din-computer\/\">VLN-nummer.<\/a><\/strong><\/p>\n<h4><strong>Outbound SMS fra Hosted SIM<\/strong><\/h4>\n<p>Ved hosted SIM betaler du IKKE for udg\u00e5ende\u00a0sms&#8217;er til dit teleselskab, selvom vi har dit SIM-kort i telefonen. Du skal kun betale til din SMS Gateway i vores tilf\u00e6lde til SureSMS. Alle fire danske teleselskaber skriver i deres betingelser, at man IKKE m\u00e5 lave s\u00e5kaldte &#8220;maskingenererede&#8221; SMS beskeder med deres SIM kort. Derfor vil det v\u00e6re en overtr\u00e6delse af betingelserne hos teleselskaberne, hvis SMS Gateways sender SMS igennem SIM kortet. Vi leverer derfor SMS beskeden igennem vores direkte forbindelse til teleselskabet, men modtager svaret p\u00e5 SIM-kortet. Se den aktuelle pris for outbound SMS i vores SMS Gateway priser. I Danmark betaler man aldrig for inbound SMS.<\/p>\n<h4><strong>Videresendelse af beskeder til e-mail<\/strong><\/h4>\n<p>Herfra har vi to muligheder for at videresende beskeden til dig og dit system. Den ene mulighed er, at vi sender en mail til en forudbestemt mail-adresse. Vi v\u00e6lger automatisk, den mail\u00a0du brugte, da du satte din konto op p\u00e5 SureSMS.com. Beskeden sendes, s\u00e5 snart vi modtager den, og afh\u00e6ngigt af dit mailsystem modtager du beskeden stort set samtidig i din indbakke.<\/p>\n<h4>\u00a0<strong>Videresendelse af beskeder via http(S)<\/strong><\/h4>\n<p>Den anden mulighed, der er lidt mere teknisk er, at vi laver et HTTP kald til en hjemmeside, som du har lavet. Vi ops\u00e6tter vores system til at kende din adresse (end-point). N\u00e5r vi modtager en SMS besked p\u00e5 dit hostede nummer, l\u00e6gger vi den ind i din Indbakke og foretager et HTTP kald til din hjemmeside.<\/p>\n<p><a href=\"http:\/\/manual.suresms.com\/avanceret-opsaetning-af-2-vejs-sms\/\">Se detaljer for, hvordan du s\u00e6tter en http side op her\u00a0<\/a><\/p>\n<p><strong>Det kan tage op til 24 timer fra vi modtager dit SIM-kort p\u00e5 vores adresse, til du modtager brugernavn og kode!<\/strong><\/p>\n\t\t<h3><a href=\"https:\/\/www.suresms.com\/dk\/suresms-support\/\" target=\"_self\">N\u00e5r du opretter du en 2-vejs L\u00f8sning<\/a><\/h3><h4>Hvis du \u00f8nsker at bestille en to-vejs l\u00f8sning, skal du g\u00f8re f\u00f8lgende:<\/h4>\n<p>1. Oprette en konto ved at udfylde skemaet her p\u00e5 siden.<\/p>\n<p>2. Beslut om du \u00f8nsker en &#8220;hosted SIM&#8221; eller en VLN-l\u00f8sning.\u00a0Tjek\u00a0<a title=\"SMS gateway priser, ingen oprettelse, intet abonnement\" href=\"https:\/\/www.suresms.com\/dk\/sms-gateway-priser\/\">prisen her<\/a>.<\/p>\n<p>3. Beslutte om du vil modtage beskeder p\u00e5 mail eller http.<\/p>\n<p>4. V\u00e6lger du HTTP, skal du lave en side, som kan modtage ovenst\u00e5ende parametre.<\/p>\n<p>\u00d8nsker du mere information om vores 2-vejs l\u00f8sninger? Vi sidder klar og gl\u00e6der os til at snakke med dig!<\/p>\n\t\t\t<a href=\"https:\/\/www.suresms.com\/dk\/suresms-support\/\" target=\"_self\">\n\t\t\t\t\t\t\tKontakt os her\n\t\t\t\t\t<\/a>\n\t\t\t\t<a href=\"https:\/\/www.suresms.com\/dk\/suresms-support\/\" target=\"_self\" itemprop=\"url\">\n\t\t\t\t<img loading=\"lazy\" decoding=\"async\" src=\"https:\/\/suresms.com\/wp-content\/uploads\/2014\/10\/kommunikation-500x380-px.jpg\" alt=\"2vejs sms l\u00f8sning hosted sim\" itemprop=\"image\" height=\"380\" width=\"500\" title=\"kommunikation 2vejs loesning\" onerror=\"this.style.display='none'\"  \/>\n\t\t\t\t<\/a>\n\t\t<h4>\u00d8nsker du at oprette en konto straks? <\/h4>\n\t\t<p>Vi sidder klar og gl\u00e6der os til at byde dig velkommen som kunde i SureSMS!<\/p>\n\t\t\t<a href=\"https:\/\/www.suresms.com\/dk\/opret-sms-gateway-konto\/\" target=\"_self\">\n\t\t\t\t\t\t\tOpret SureSMS konto!\n\t\t\t\t\t<\/a>\n\t\t<h4>Bestil en 2-vejs l\u00f8sning!<\/h4>\n\t\t<p>Har du allerede en konto? Bestil en 2-vejs l\u00f8sning, og f\u00e5 de ekstra muligheder, \u00a0som din egen l\u00f8sning giver.\u00a0<\/p>\n\t\t\t<a href=\"https:\/\/www.suresms.com\/dk\/bestil-2-vejs-losning\/\" target=\"_self\">\n\t\t\t\t\t\t\tBestil 2-vejs l\u00f8sning\n\t\t\t\t\t<\/a>\n\t<h4><strong>Her kan du l\u00e6se nogle eksempler p\u00e5, hvordan vores kunder i dag benytter vores hostet SIM l\u00f8sning:<\/strong><\/h4>\n<ul>\n<li><strong>En danske varmeforsyningsvirksomhed<\/strong> benytter vores hosted SIM-l\u00f8sning til <strong>deres forretning i Norge og Sverige<\/strong>. Ligesom i Danmark skal deres personale sende remindere om aftaler til beboere, men da disse er p\u00e5 norske og svenske numre, skal 2-vejs l\u00f8sningen selvf\u00f8lgelig v\u00e6re det samme.<\/li>\n<li><strong>Et dansk reklamebureau<\/strong> sender fysiske breve ud til kunder med tilbud. I disse breve st\u00e5r et telefonnummer, hvorp\u00e5 kunderne kan tilmelde sig tilbudene\u00a0med et KEYWORD. Nummeret bliver viderestillet til reklamebureauets kundetelefon, s\u00e5dan at kommende kunder ogs\u00e5 kan ringe.<\/li>\n<li><strong>Et hotel n\u00e6r den dansk \/tyske gr\u00e6nse<\/strong> bruger vores 2-vejs l\u00f8sning til kommunikation med kommende og tidligere kunder. Da der er b\u00e5de danskere og tyskere blandt g\u00e6sterne, b\u00f8r 2-vejsl\u00f8sningen selvf\u00f8lgelig have b\u00e5de et dansk og et tysk mobilnummer.<\/li>\n<\/ul>\n\t\t<h3><a href=\"http:\/\/manual.suresms.com\/\" target=\"_self\">Bes\u00f8g vores Manual website<\/a><\/h3>\n\t\t\t\t<a href=\"http:\/\/manual.suresms.com\/\" target=\"_self\" itemprop=\"url\">\n\t\t\t\t<img loading=\"lazy\" decoding=\"async\" src=\"https:\/\/suresms.com\/wp-content\/uploads\/2016\/03\/Manual-400x250-px1.jpg\" alt=\"manual hjemmeside suresms\" itemprop=\"image\" height=\"250\" width=\"400\" title=\"Manual 400x250 px\" onerror=\"this.style.display='none'\"  \/>\n\t\t\t\t<\/a>\n<p>Som en hj\u00e6lp til vores kunder har vi samlet alle instruktioner og beskrivelser p\u00e5 manual.suresms.com. Her kan du se, hvordan vores gateway virker og f\u00e5 enkle brugervenlige instruktioner til de mange funktioner.<\/p>\n\t\t<h3><a href=\"http:\/\/developer.suresms.com\/\" target=\"_self\">developer.suresms.com<\/a><\/h3>\n\t\t\t\t<a href=\"http:\/\/developer.suresms.com\/\" target=\"_self\" itemprop=\"url\">\n\t\t\t\t<img loading=\"lazy\" decoding=\"async\" src=\"https:\/\/suresms.com\/wp-content\/uploads\/2016\/03\/developer-400x250-px.jpg\" alt=\"developer suresms hjemmeside for udviklere\" itemprop=\"image\" height=\"250\" width=\"400\" title=\"developer 400x250 px\" onerror=\"this.style.display='none'\"  \/>\n\t\t\t\t<\/a>\nSureSMS er lavet af udviklere til udviklere!<br \/>\nP\u00e5 developer.suresms.com har vi samlet dokumentation og kodeeksempler, s\u00e5 det er nemt at\u00a0integrere vores gateway i dit system.\n\t\t<h3><a href=\"https:\/\/www.youtube.com\/channel\/UC1XGC5rl9mI9ndtBVn8yq7g\" target=\"_self\">Se vores instruktionsvideoer!<\/a><\/h3>\n\t\t\t\t<a href=\"https:\/\/www.youtube.com\/channel\/UC1XGC5rl9mI9ndtBVn8yq7g\" target=\"_self\" itemprop=\"url\">\n\t\t\t\t<img loading=\"lazy\" decoding=\"async\" src=\"https:\/\/suresms.com\/wp-content\/uploads\/2016\/03\/you-tube400x250px.jpg\" alt=\"suresms sms gateway you tube videoer\" itemprop=\"image\" height=\"250\" width=\"400\" title=\"you tube 400x250px\" onerror=\"this.style.display='none'\"  \/>\n\t\t\t\t<\/a>\n<p>Skal du igang med en ny funktion? Eller har du bare brug for at vide lidt mere om, hvordan vores gateway virker? P\u00e5 Youtube har vi samlet vores instruktionsvideoer. Lige til at g\u00e5 til!<\/p>\n\n","protected":false},"excerpt":{"rendered":"<p>Hosted SIM l\u00f8sning Hvis du \u00f8nsker at benytte dit eget SIM kort til din 2-vejs l\u00f8sning tilbyder vi en stabil og sikker hosted SIM l\u00f8sning. Fordele: Du ejer nummeret og du kan viderestille samtaler fra nummeret til dine telefon, s\u00e5 dine kunder kan ringe dig op. Om Hosted SIM Kort fortalt installerer vi dit SIM &#8230; <a title=\"2-vejs SMS med Hosted SIM\" class=\"read-more\" href=\"https:\/\/suresms.com\/dk\/funktioner\/2-vejs-sms-losning-med-hosted-sim\/\" aria-label=\"Read more about 2-vejs SMS med Hosted SIM\">L\u00e6s mere <\/a><\/p>\n","protected":false},"author":1,"featured_media":0,"parent":958,"menu_order":1,"comment_status":"closed","ping_status":"closed","template":"","meta":{"_fl_builder_enabled":"1","_fl_builder_data":null,"_fl_builder_draft":null,"_fl_builder_data_settings":null,"_fl_builder_css":"","_fl_builder_css_version":"","_fl_builder_js":"","footnotes":""},"categories":[17],"tags":[],"class_list":{"0":"post-511","1":"page","2":"type-page","3":"status-publish","5":"category-linkfracornorstone"},"yoast_head":"<!-- This site is optimized with the Yoast SEO Premium plugin v27.3 (Yoast SEO v27.3) - https:\/\/yoast.com\/product\/yoast-seo-premium-wordpress\/ -->\r\n<title>2-vejs SMS med Hosted SIM I SureSMS I international 2vejs L\u00f8sning<\/title>\r\n<meta name=\"description\" content=\"Hosted SIM - Med en Hosted SIM 2-vejs SMS l\u00f8sning v\u00e6lger du selv nummeret. Brug firmanummer eller udenlandske numre. gratis oprettelse I 18 \u00f8re pr. SMS\" \/>\r\n<meta name=\"robots\" content=\"index, follow, max-snippet:-1, max-image-preview:large, max-video-preview:-1\" \/>\r\n<link rel=\"canonical\" href=\"https:\/\/suresms.com\/dk\/funktioner\/2-vejs-sms-losning-med-hosted-sim\/\" \/>\r\n<meta property=\"og:locale\" content=\"da_DK\" \/>\r\n<meta property=\"og:type\" content=\"article\" \/>\r\n<meta property=\"og:title\" content=\"2-vejs SMS med Hosted SIM\" \/>\r\n<meta property=\"og:description\" content=\"Hosted SIM - Med en Hosted SIM 2-vejs SMS l\u00f8sning v\u00e6lger du selv nummeret. Brug firmanummer eller udenlandske numre. gratis oprettelse I 18 \u00f8re pr. SMS\" \/>\r\n<meta property=\"og:url\" content=\"https:\/\/suresms.com\/dk\/funktioner\/2-vejs-sms-losning-med-hosted-sim\/\" \/>\r\n<meta property=\"article:publisher\" content=\"https:\/\/www.facebook.com\/p\/SureSMS-100044607956149\/\" \/>\r\n<meta property=\"article:modified_time\" content=\"2025-01-21T10:14:51+00:00\" \/>\r\n<meta property=\"og:image\" content=\"https:\/\/suresms.com\/wp-content\/uploads\/2014\/10\/kommunikation-500x380-px.jpg\" \/>\r\n<meta name=\"twitter:card\" content=\"summary_large_image\" \/>\r\n<meta name=\"twitter:label1\" content=\"Estimeret l\u00e6setid\" \/>\n\t<meta name=\"twitter:data1\" content=\"6 minutter\" \/>\r\n<script type=\"application\/ld+json\" class=\"yoast-schema-graph\">{\"@context\":\"https:\\\/\\\/schema.org\",\"@graph\":[{\"@type\":\"WebPage\",\"@id\":\"https:\\\/\\\/suresms.com\\\/dk\\\/funktioner\\\/2-vejs-sms-losning-med-hosted-sim\\\/\",\"url\":\"https:\\\/\\\/suresms.com\\\/dk\\\/funktioner\\\/2-vejs-sms-losning-med-hosted-sim\\\/\",\"name\":\"2-vejs SMS med Hosted SIM I SureSMS I international 2vejs L\u00f8sning\",\"isPartOf\":{\"@id\":\"https:\\\/\\\/suresms.com\\\/en\\\/#website\"},\"primaryImageOfPage\":{\"@id\":\"https:\\\/\\\/suresms.com\\\/dk\\\/funktioner\\\/2-vejs-sms-losning-med-hosted-sim\\\/#primaryimage\"},\"image\":{\"@id\":\"https:\\\/\\\/suresms.com\\\/dk\\\/funktioner\\\/2-vejs-sms-losning-med-hosted-sim\\\/#primaryimage\"},\"thumbnailUrl\":\"https:\\\/\\\/suresms.com\\\/wp-content\\\/uploads\\\/2014\\\/10\\\/kommunikation-500x380-px.jpg\",\"datePublished\":\"2014-10-29T09:25:11+00:00\",\"dateModified\":\"2025-01-21T10:14:51+00:00\",\"description\":\"Hosted SIM - Med en Hosted SIM 2-vejs SMS l\u00f8sning v\u00e6lger du selv nummeret. Brug firmanummer eller udenlandske numre. gratis oprettelse I 18 \u00f8re pr. SMS\",\"breadcrumb\":{\"@id\":\"https:\\\/\\\/suresms.com\\\/dk\\\/funktioner\\\/2-vejs-sms-losning-med-hosted-sim\\\/#breadcrumb\"},\"inLanguage\":\"da-DK\",\"potentialAction\":[{\"@type\":\"ReadAction\",\"target\":[\"https:\\\/\\\/suresms.com\\\/dk\\\/funktioner\\\/2-vejs-sms-losning-med-hosted-sim\\\/\"]}]},{\"@type\":\"ImageObject\",\"inLanguage\":\"da-DK\",\"@id\":\"https:\\\/\\\/suresms.com\\\/dk\\\/funktioner\\\/2-vejs-sms-losning-med-hosted-sim\\\/#primaryimage\",\"url\":\"https:\\\/\\\/suresms.com\\\/wp-content\\\/uploads\\\/2014\\\/10\\\/kommunikation-500x380-px.jpg\",\"contentUrl\":\"https:\\\/\\\/suresms.com\\\/wp-content\\\/uploads\\\/2014\\\/10\\\/kommunikation-500x380-px.jpg\"},{\"@type\":\"BreadcrumbList\",\"@id\":\"https:\\\/\\\/suresms.com\\\/dk\\\/funktioner\\\/2-vejs-sms-losning-med-hosted-sim\\\/#breadcrumb\",\"itemListElement\":[{\"@type\":\"ListItem\",\"position\":1,\"name\":\"Home\",\"item\":\"https:\\\/\\\/suresms.com\\\/dk\\\/\"},{\"@type\":\"ListItem\",\"position\":2,\"name\":\"Funktioner\",\"item\":\"https:\\\/\\\/suresms.com\\\/dk\\\/funktioner\\\/\"},{\"@type\":\"ListItem\",\"position\":3,\"name\":\"2-vejs SMS med Hosted SIM\"}]},{\"@type\":\"WebSite\",\"@id\":\"https:\\\/\\\/suresms.com\\\/en\\\/#website\",\"url\":\"https:\\\/\\\/suresms.com\\\/en\\\/\",\"name\":\"SureSMS\",\"description\":\"Professionel SMS Gateway\",\"publisher\":{\"@id\":\"https:\\\/\\\/suresms.com\\\/en\\\/#organization\"},\"potentialAction\":[{\"@type\":\"SearchAction\",\"target\":{\"@type\":\"EntryPoint\",\"urlTemplate\":\"https:\\\/\\\/suresms.com\\\/en\\\/?s={search_term_string}\"},\"query-input\":{\"@type\":\"PropertyValueSpecification\",\"valueRequired\":true,\"valueName\":\"search_term_string\"}}],\"inLanguage\":\"da-DK\"},{\"@type\":\"Organization\",\"@id\":\"https:\\\/\\\/suresms.com\\\/en\\\/#organization\",\"name\":\"SureSMS\",\"url\":\"https:\\\/\\\/suresms.com\\\/en\\\/\",\"logo\":{\"@type\":\"ImageObject\",\"inLanguage\":\"da-DK\",\"@id\":\"https:\\\/\\\/suresms.com\\\/en\\\/#\\\/schema\\\/logo\\\/image\\\/\",\"url\":\"https:\\\/\\\/suresms.com\\\/wp-content\\\/uploads\\\/2024\\\/11\\\/suresms-300x65-1.png\",\"contentUrl\":\"https:\\\/\\\/suresms.com\\\/wp-content\\\/uploads\\\/2024\\\/11\\\/suresms-300x65-1.png\",\"width\":300,\"height\":65,\"caption\":\"SureSMS\"},\"image\":{\"@id\":\"https:\\\/\\\/suresms.com\\\/en\\\/#\\\/schema\\\/logo\\\/image\\\/\"},\"sameAs\":[\"https:\\\/\\\/www.facebook.com\\\/p\\\/SureSMS-100044607956149\\\/\"]}]}<\/script>\r\n<!-- \/ Yoast SEO Premium plugin. -->","yoast_head_json":{"title":"2-vejs SMS med Hosted SIM I SureSMS I international 2vejs L\u00f8sning","description":"Hosted SIM - Med en Hosted SIM 2-vejs SMS l\u00f8sning v\u00e6lger du selv nummeret. Brug firmanummer eller udenlandske numre. gratis oprettelse I 18 \u00f8re pr. SMS","robots":{"index":"index","follow":"follow","max-snippet":"max-snippet:-1","max-image-preview":"max-image-preview:large","max-video-preview":"max-video-preview:-1"},"canonical":"https:\/\/suresms.com\/dk\/funktioner\/2-vejs-sms-losning-med-hosted-sim\/","og_locale":"da_DK","og_type":"article","og_title":"2-vejs SMS med Hosted SIM","og_description":"Hosted SIM - Med en Hosted SIM 2-vejs SMS l\u00f8sning v\u00e6lger du selv nummeret. Brug firmanummer eller udenlandske numre. gratis oprettelse I 18 \u00f8re pr. SMS","og_url":"https:\/\/suresms.com\/dk\/funktioner\/2-vejs-sms-losning-med-hosted-sim\/","article_publisher":"https:\/\/www.facebook.com\/p\/SureSMS-100044607956149\/","article_modified_time":"2025-01-21T10:14:51+00:00","og_image":[{"url":"https:\/\/suresms.com\/wp-content\/uploads\/2014\/10\/kommunikation-500x380-px.jpg","type":"","width":"","height":""}],"twitter_card":"summary_large_image","twitter_misc":{"Estimeret l\u00e6setid":"6 minutter"},"schema":{"@context":"https:\/\/schema.org","@graph":[{"@type":"WebPage","@id":"https:\/\/suresms.com\/dk\/funktioner\/2-vejs-sms-losning-med-hosted-sim\/","url":"https:\/\/suresms.com\/dk\/funktioner\/2-vejs-sms-losning-med-hosted-sim\/","name":"2-vejs SMS med Hosted SIM I SureSMS I international 2vejs L\u00f8sning","isPartOf":{"@id":"https:\/\/suresms.com\/en\/#website"},"primaryImageOfPage":{"@id":"https:\/\/suresms.com\/dk\/funktioner\/2-vejs-sms-losning-med-hosted-sim\/#primaryimage"},"image":{"@id":"https:\/\/suresms.com\/dk\/funktioner\/2-vejs-sms-losning-med-hosted-sim\/#primaryimage"},"thumbnailUrl":"https:\/\/suresms.com\/wp-content\/uploads\/2014\/10\/kommunikation-500x380-px.jpg","datePublished":"2014-10-29T09:25:11+00:00","dateModified":"2025-01-21T10:14:51+00:00","description":"Hosted SIM - Med en Hosted SIM 2-vejs SMS l\u00f8sning v\u00e6lger du selv nummeret. Brug firmanummer eller udenlandske numre. gratis oprettelse I 18 \u00f8re pr. SMS","breadcrumb":{"@id":"https:\/\/suresms.com\/dk\/funktioner\/2-vejs-sms-losning-med-hosted-sim\/#breadcrumb"},"inLanguage":"da-DK","potentialAction":[{"@type":"ReadAction","target":["https:\/\/suresms.com\/dk\/funktioner\/2-vejs-sms-losning-med-hosted-sim\/"]}]},{"@type":"ImageObject","inLanguage":"da-DK","@id":"https:\/\/suresms.com\/dk\/funktioner\/2-vejs-sms-losning-med-hosted-sim\/#primaryimage","url":"https:\/\/suresms.com\/wp-content\/uploads\/2014\/10\/kommunikation-500x380-px.jpg","contentUrl":"https:\/\/suresms.com\/wp-content\/uploads\/2014\/10\/kommunikation-500x380-px.jpg"},{"@type":"BreadcrumbList","@id":"https:\/\/suresms.com\/dk\/funktioner\/2-vejs-sms-losning-med-hosted-sim\/#breadcrumb","itemListElement":[{"@type":"ListItem","position":1,"name":"Home","item":"https:\/\/suresms.com\/dk\/"},{"@type":"ListItem","position":2,"name":"Funktioner","item":"https:\/\/suresms.com\/dk\/funktioner\/"},{"@type":"ListItem","position":3,"name":"2-vejs SMS med Hosted SIM"}]},{"@type":"WebSite","@id":"https:\/\/suresms.com\/en\/#website","url":"https:\/\/suresms.com\/en\/","name":"SureSMS","description":"Professionel SMS Gateway","publisher":{"@id":"https:\/\/suresms.com\/en\/#organization"},"potentialAction":[{"@type":"SearchAction","target":{"@type":"EntryPoint","urlTemplate":"https:\/\/suresms.com\/en\/?s={search_term_string}"},"query-input":{"@type":"PropertyValueSpecification","valueRequired":true,"valueName":"search_term_string"}}],"inLanguage":"da-DK"},{"@type":"Organization","@id":"https:\/\/suresms.com\/en\/#organization","name":"SureSMS","url":"https:\/\/suresms.com\/en\/","logo":{"@type":"ImageObject","inLanguage":"da-DK","@id":"https:\/\/suresms.com\/en\/#\/schema\/logo\/image\/","url":"https:\/\/suresms.com\/wp-content\/uploads\/2024\/11\/suresms-300x65-1.png","contentUrl":"https:\/\/suresms.com\/wp-content\/uploads\/2024\/11\/suresms-300x65-1.png","width":300,"height":65,"caption":"SureSMS"},"image":{"@id":"https:\/\/suresms.com\/en\/#\/schema\/logo\/image\/"},"sameAs":["https:\/\/www.facebook.com\/p\/SureSMS-100044607956149\/"]}]}},"_links":{"self":[{"href":"https:\/\/suresms.com\/dk\/wp-json\/wp\/v2\/pages\/511","targetHints":{"allow":["GET"]}}],"collection":[{"href":"https:\/\/suresms.com\/dk\/wp-json\/wp\/v2\/pages"}],"about":[{"href":"https:\/\/suresms.com\/dk\/wp-json\/wp\/v2\/types\/page"}],"author":[{"embeddable":true,"href":"https:\/\/suresms.com\/dk\/wp-json\/wp\/v2\/users\/1"}],"replies":[{"embeddable":true,"href":"https:\/\/suresms.com\/dk\/wp-json\/wp\/v2\/comments?post=511"}],"version-history":[{"count":5,"href":"https:\/\/suresms.com\/dk\/wp-json\/wp\/v2\/pages\/511\/revisions"}],"predecessor-version":[{"id":21888,"href":"https:\/\/suresms.com\/dk\/wp-json\/wp\/v2\/pages\/511\/revisions\/21888"}],"up":[{"embeddable":true,"href":"https:\/\/suresms.com\/dk\/wp-json\/wp\/v2\/pages\/958"}],"wp:attachment":[{"href":"https:\/\/suresms.com\/dk\/wp-json\/wp\/v2\/media?parent=511"}],"wp:term":[{"taxonomy":"category","embeddable":true,"href":"https:\/\/suresms.com\/dk\/wp-json\/wp\/v2\/categories?post=511"},{"taxonomy":"post_tag","embeddable":true,"href":"https:\/\/suresms.com\/dk\/wp-json\/wp\/v2\/tags?post=511"}],"curies":[{"name":"wp","href":"https:\/\/api.w.org\/{rel}","templated":true}]}}