{"id":449,"date":"2014-10-12T10:47:57","date_gmt":"2014-10-12T08:47:57","guid":{"rendered":"https:\/\/www.suresms.com\/dk\/?page_id=449"},"modified":"2026-03-17T11:40:09","modified_gmt":"2026-03-17T11:40:09","slug":"modtag-sms-pa-din-computer","status":"publish","type":"page","link":"https:\/\/suresms.com\/dk\/funktioner\/modtag-sms-pa-din-computer\/","title":{"rendered":"Modtag SMS p\u00e5 din computer"},"content":{"rendered":"\n\n\t\t\t\t<!-- Flexy Breadcrumb -->\r\n\t\t\t<div class=\"fbc fbc-page\">\r\n\r\n\t\t\t\t<!-- Breadcrumb wrapper -->\r\n\t\t\t\t<div class=\"fbc-wrap\">\r\n\r\n\t\t\t\t\t<!-- Ordered list-->\r\n\t\t\t\t\t<ol class=\"fbc-items\" itemscope itemtype=\"https:\/\/schema.org\/BreadcrumbList\">\r\n\t\t\t\t\t\t            <li itemprop=\"itemListElement\" itemscope itemtype=\"https:\/\/schema.org\/ListItem\">\r\n                <span itemprop=\"name\">\r\n                    <!-- Home Link -->\r\n                    <a itemprop=\"item\" href=\"https:\/\/suresms.com\">\r\n                    \r\n                                                    <i class=\"fa fa-home\" aria-hidden=\"true\"><\/i>Home                    <\/a>\r\n                <\/span>\r\n                <meta itemprop=\"position\" content=\"1\" \/><!-- Meta Position-->\r\n             <\/li><li><span class=\"fbc-separator\">\/<\/span><\/li><li class=\"active\" itemprop=\"itemListElement\" itemscope itemtype=\"https:\/\/schema.org\/ListItem\"><span itemprop=\"name\" title=\"Modtag SMS p\u00e5 din computer\">Modtag SMS p\u00e5 din...<\/span><meta itemprop=\"position\" content=\"2\" \/><\/li>\t\t\t\t\t<\/ol>\r\n\t\t\t\t\t<div class=\"clearfix\"><\/div>\r\n\t\t\t\t<\/div>\r\n\t\t\t<\/div>\r\n\t\t\t\n<h1>\n\t\t\tModtag SMS p\u00e5 din computer\t<\/h1>\n\tHar du behov for at modtage sms beskeder fra dine kunder? Eller vil du sende SMS&#8217;er til grupper direkte fra SMS? S\u00e5 kan 2-vejs SMS v\u00e6re l\u00f8sningen til dig.<br \/>\nHar du allerede har en SMS konto, hvor du sender beskeder ud til dine brugere, kan det b\u00e5de v\u00e6re et behov eller en god service, at modtageren kan svare tilbage.\n\t<ul>\n\t\t<li>\t\t\t\t\n\t\t<h3>Modtag SMS i din indbakke<\/h3><p>Alle SMS&#8217;er som modtages p\u00e5 din nummer ligger i din indbakke p\u00e5 http:\/\/app.suresms.com\/. Herfra kan du nemt besvare beskeden direkte i din browser.\u00a0<\/p><\/li><li>\t\t\t\t\n\t\t<h3>Modtag SMS i din mailbox<\/h3><p>Det er ogs\u00e5 muligt at sl\u00e5 sms-2-email til, s\u00e5 vi videresender indg\u00e5ende SMS&#8217;er til din email adresse. N\u00e5r du modtager emailen kan du blot klikke &#8220;besvar&#8221; og s\u00e5 sender vi svaret som en SMS.\u00a0<\/p><\/li><li>\t\t\t\t\n\t\t<h3>Modtag SMS som webhook<\/h3><p>Det er ogs\u00e5 muligt at modtage et s\u00e5kaldt webhook p\u00e5 din egen server. Vi laver et HTTP kald til en hjemmeside, som du har lavet. Vi ops\u00e6tter vores system til at kende din adresse (end-point). N\u00e5r vi modtager en SMS besked p\u00e5 dit hostede nummer, l\u00e6gger vi den ind i din Indbakke og foretager et HTTP kald til din hjemmeside.<\/p>\n<p><a href=\"http:\/\/manual.suresms.com\/avanceret-opsaetning-af-2-vejs-sms\/\">Se detaljer for, hvordan du s\u00e6tter en http side op her\u00a0<\/a><\/p>\n<\/li><li>\t\t\t\t\n\t\t<h3>Auto-reply p\u00e5 indkommende beskeder<\/h3><p>Du har mulighed for, via vores flow, at ops\u00e6tte et autosvar n\u00e5r du modtager en SMS p\u00e5 dit indg\u00e5ende nummer.\u00a0<\/p><\/li>\t<\/ul>\n<h3>\n\t\t\tGenerelt for vores 2-vejs l\u00f8sninger:\t<\/h3>\n\t<ul>\n<li>Det koster ikke noget at modtage SMS&#8217;er p&aring; nummeret. Uanset antallet af SMS&#8217;er, vi sender videre til dig, er det inkluderet i abonnementet.<\/li>\n<\/ul>\n<ul>\n<li>De SMS&#8217;er du sender fra din 2-vejs l&oslash;sning bliver takseret helt efter g&aelig;ldende takst. <a title=\"SMS gateway priser\" href=\"https:\/\/suresms.com\/dk\/sms-gateway-professionelle-sms-losninger\/sms-gateway-priser\/\">Se vores SMS-gateway priser her.&nbsp;<\/a><\/li>\n<\/ul>\n<ul>\n<li><strong>OBS! sender du mere end 10.000 SMS&#8217;er om m&aring;neden <a title=\"Kontakt\" href=\"https:\/\/suresms.com\/dk\/kontakt\/\">kontakt os<\/a> for en pris!!!<\/strong><\/li>\n<\/ul>\n<ul>\n<li>For begge&nbsp;l&oslash;sninger g&aelig;lder det, at SMS&#8217;erne kan besvares fra b&aring;de vores website og fra egen mailboks.<\/li>\n<\/ul>\n<ul>\n<li>Vores 2-vejs l&oslash;sning&nbsp;underst&oslash;tter modtagelse af Flash beskeder.<\/li>\n<\/ul>\n<ul>\n<li>Man kan desv&aelig;rre ikke b&aring;de kan have to-vejs og alphanumerisk afsender p&aring; samme tid.<\/li>\n<\/ul>\n\t\t<figure itemscope itemtype=\"https:\/\/schema.org\/ImageObject\">\n\t\t\t\t<a href=\"https:\/\/suresms.com\/dk\/bestil\/bestil-2-vejs-losning\/\"  target=\"_self\" itemprop=\"url\">\n\t\t\t\t<img decoding=\"async\" src=\"https:\/\/suresms.com\/wp-content\/uploads\/2014\/10\/2-vejs-virtuelle-400x150-pix.jpg\" alt=\"2vejs sms virtuelle numre VLR\" height=\"150\" width=\"400\" title=\"2 vejs virtuelle 400x150 pix\" onerror=\"this.style.display='none'\" loading=\"lazy\" \/>\n\t\t\t\t<\/a>\n\t<\/figure>\n<h3><a href=\"https:\/\/suresms.com\/dk\/bestil\/bestil-2-vejs-losning\/\" target=\"_self\">2-vejs &#8220;Virtuelt Nummer&#8221;<\/a><\/h3><p>Cloud baseret, hurtig og billigste 2-vejs l\u00f8sning. God hvis der skal modtages mange SMS&#8217;er over kort tid og til M2M. Hvis du skal bruge f\u00e5 numre.<\/p>\n<ul>\n<li>99,-\/mdr. i abonnement<\/li>\n<li>Gratis og hurtig oprettelse<\/li>\n<li>1 mdr. opsigelse<\/li>\n<li>Intet fysisk SIM-kort<\/li>\n<li>SureSMS leverer nummeret<\/li>\n<li>Ubegr\u00e6nset modtagelse<\/li>\n<li>M2M<\/li>\n<li>KEYWORDS ubegr\u00e6nset<\/li>\n<li>Ubegr\u00e6nset keywords<\/li>\n<\/ul>\n\t\t\t<a href=\"https:\/\/suresms.com\/dk\/bestil\/bestil-2-vejs-losning\/\"  target=\"_self\">\n\t\t\t\t\t\t\tBestil 2-vejs Virtuelt Nummer\n\t\t\t\t\t<\/a>\n\t\t<figure itemscope itemtype=\"https:\/\/schema.org\/ImageObject\">\n\t\t\t\t<a href=\"https:\/\/suresms.com\/dk\/bestil\/bestil-2-vejs-losning\/\"  target=\"_self\" itemprop=\"url\">\n\t\t\t\t<img decoding=\"async\" src=\"https:\/\/suresms.com\/wp-content\/uploads\/2014\/10\/2-vejs-hostetSIM-400x150-pix.jpg\" alt=\"2vejs l\u00f8sning hosted sim SureSMS\" height=\"150\" width=\"400\" title=\"2 vejs hostetSIM\" onerror=\"this.style.display='none'\" loading=\"lazy\" \/>\n\t\t\t\t<\/a>\n\t<\/figure>\n<h3><a href=\"https:\/\/suresms.com\/dk\/bestil\/bestil-2-vejs-losning\/\" target=\"_self\">2-vejs &#8220;Hostet SIM&#8221;<\/a><\/h3><p>Den bedste l\u00f8sning, hvis firmaet \u00f8nsker selv at v\u00e6lge et nummer, hvis kunder skal kunne ringe tilbage eller du \u00f8nsker et udenlandsk SIM-kort.<\/p>\n<ul>\n\n<li>199,-\/mdr. i abonnement<\/li>\n<li>299,- i oprettelse<\/li>\n<li>Mulighed for internationale numre<\/li>\n<li>Du skaffer SIM kort<\/li>\n<li>6 mdr. binding\/1 mdr. opsigelse<\/li>\n<li>Modtager 10 SMS \/ min. Resten i k\u00f8.<\/li>\n<li>Valgfrihed af nummer<\/li>\n<li>Du ejer nummeret<\/li>\n<li>Viderestilling af opkald<\/li>\n<li>Ubegr\u00e6nset keywords<\/li>\n<\/ul>\n\t\t\t<a href=\"https:\/\/suresms.com\/dk\/bestil\/bestil-2-vejs-losning\/\"  target=\"_self\">\n\t\t\t\t\t\t\tBestil 2-vejs Hostet SIM\n\t\t\t\t\t<\/a>\n\t\t<figure itemscope itemtype=\"https:\/\/schema.org\/ImageObject\">\n\t\t\t\t<a href=\"https:\/\/suresms.com\/dk\/om-suresms\/kontakt\/\"  target=\"_self\" itemprop=\"url\">\n\t\t\t\t<img decoding=\"async\" src=\"https:\/\/suresms.com\/wp-content\/uploads\/2014\/10\/2vejs-serier-400x150-pix.jpg\" alt=\"2vejs sms l\u00f8sning numeerserier VLR\" height=\"150\" width=\"400\" title=\"2vejs serier 400x150 pix\" onerror=\"this.style.display='none'\" loading=\"lazy\" \/>\n\t\t\t\t<\/a>\n\t<\/figure>\n<h3><a href=\"https:\/\/suresms.com\/dk\/om-suresms\/kontakt\/\" target=\"_self\">2-vejs &#8220;Nummer Serier&#8221;<\/a><\/h3><p>Virtuelle nummerserier til virksomheder,\u00a0\u00a0som beh\u00f8ver\u00a0mange numre.\u00a0Prisen varierer afh\u00e6ngigt af volumen. Kontakt os for mere info.<\/p>\n<ul>\n<li>Modtag SMS via API<\/li>\n<li>Til mange numre<\/li>\n<li>Max 49,-\/mdr. i abonnement<\/li>\n<li>Pris efter aftale<\/li>\n<li>Ved min. 10 mobilnumre<\/li>\n<li>Gratis oprettelse<\/li>\n<li>Danske numre<\/li>\n<li>Intet fysisk SIM<\/li>\n<li>6 mdr. binding<\/li>\n<li>1 mdr. opsigelse<\/li>\n<li>KEYWORDS ubegr\u00e6nset<\/li>\n<li>Ubegr\u00e6nset modtagelse<\/li>\n<\/ul>\n\t\t\t<a href=\"https:\/\/suresms.com\/dk\/om-suresms\/kontakt\/\"  target=\"_self\">\n\t\t\t\t\t\t\tKontakt os her!\n\t\t\t\t\t<\/a>\n<h3>\n\t\t\tDet kan tage op til 24 timer fra du bestiller din 2-vejs l\u00f8sning til du modtager brugernavn og kode!\t<\/h3>\n\t\t<h3>Vil du vide mere om hosted SIM?<\/h3>\n\t\t<p>Se flere detaljer, tekniske beskrivelse \u00a0og dokumentation p\u00e5 vores hosted SIM l\u00f8sninger her.<\/p>\n\t\t\t<a href=\"http:\/\/manual.suresms.com\/2-vejs-sms\/opsaetning-af-2-vejs-sms\/\"  target=\"_blank\" rel=\"noopener\"    rel=\"noopener\">\n\t\t\t\t\t\tSpecifikationer\n\t\t\t\t\t<\/a>\n\t<h2>Hvorfor vi v\u00e6lger hostet SIM og VLN-numre<\/h2>\nTeknisk set findes der forskellige muligheder for at lave en l\u00f8sning, hvor modtageren kan svare p\u00e5 dine beskeder.<br \/>\n\u00c9n mulighed p\u00e5 markedet er, at man bruger s\u00e5kaldte mediekoder og shortcodes. Via en 4-cifret mediekode og et kodeord kan kunden svare p\u00e5 dine beskeder.Et eksempel: Har du en osteforretning f\u00e5r du mediekoden &#8220;Ost&#8221;. N\u00e5r nogen sender en besked til en short code &#8211; f.eks. 9944, skal de skrive &#8220;OST&#8221; f\u00f8rst og s\u00e5 beskeden bagefter.Problemet med denne l\u00f8sning er, at den for kunden er kompleks. Helt \u00e6rlig! Hvem ved, at de skal skrive OST? Din besked kommer s\u00e5ledes til at lyde: &#8220;K\u00e6re Signe. De varer, du har bestilt, er kommet hjem. Hvis du vil svare p\u00e5 denne besked, skal du sende en SMS til 9944 med ordet OST efterfulgt af beskeden.&#8221;\n<p>Udover, at l\u00f8sningen er kompliceret og med stor risiko for fejl i kommunikationen, er det en dyr l\u00f8sning at lave. I Sure SMS g\u00e5r vi ind for at det skal v\u00e6re nemt og rentabelt for vores kunder.<\/p>\n<p><strong>Vi har derfor valgt at tilbyde en &#8211; efter vores mening &#8211; bedre l\u00f8sning!<\/strong><\/p>\n<h2>Vores 2 vejs SMS l\u00f8sning<\/h2>\nHos Sure SMS modtager du dit svar p\u00e5 et mobilnummer, der kun er dit. Det vil sige, at du modtager ALLE beskeder, der bliver skrevet til dette nummer. N\u00e5r du sender din besked ud, bliver den afsendt fra samme nummer. Det er enkel kommunikation for kunden med en meget mindre fejlmargin.<br \/>\nDu skriver: &#8220;K\u00e6re Signe. De varer, du har bestilt, er kommet hjem.&#8221; \u00a0Hvis Signe vil svare p\u00e5 beskeden, trykker hun bare &#8220;besvar&#8221; og skriver svaret.\n<p>Du bestemmer, om vi skal anvende dit SIM kort fra din nummerserie, eller om vi skal st\u00e5 for at levere SIM kort. Vi hoster gerne. Kontakt os for mere information eller r\u00e5dgivning. Du kan ogs\u00e5 s\u00f8ge mere information i nedenst\u00e5ende links<\/p>\n<p>Se <a title=\"SMS gateway priser\" href=\"https:\/\/suresms.com\/dk\/sms-gateway-priser\/\">priser p\u00e5 SMS&#8217;er og 2-vejsl\u00f8sninger her<\/a>.<\/p>\n\t\t<h3>Flere sp\u00f8rgsm\u00e5l?<\/h3>\n\t\t<p>Har du flere sp\u00f8rgsm\u00e5l til 2-vejs l\u00f8sninger? Ring til os eller send en mail!<\/p>\n\t\t\t<a href=\"https:\/\/www.suresms.com\/dk\/kontakt\/\"  target=\"_self\">\n\t\t\t\t\t\tSend en mail\n\t\t\t\t\t<\/a>\n\t\t<h3>Dokumentation<\/h3>\n\t\t<p>Se detaljer og den tekniske beskrivelse af vores hosted SIM l\u00f8sning her.<\/p>\n\t\t\t<a href=\"https:\/\/www.suresms.com\/dk\/2-vejs-sms-losning-med-hosted-sim\/\"  target=\"_self\">\n\t\t\t\t\t\tSe detaljer\n\t\t\t\t\t<\/a>\n\t\t<h3>Om SureSMS<\/h3>\n\t\t<p>Vi altid glade for at fort\u00e6lle lidt om vores firma. L\u00e6s mere SureSMS her!<\/p>\n\t\t\t<a href=\"https:\/\/www.suresms.com\/dk\/om-suresms\/\"  target=\"_self\">\n\t\t\t\t\t\tOm SureSMS\n\t\t\t\t\t<\/a>\n\t\t<h3>Pr\u00f8v NU!<\/h3>\n\t\t<p>Opret gratis testkonto med det samme og f\u00e5 50 gratis SMS&#8217;er helt uden bindinger !<\/p>\n\t\t\t<a href=\"https:\/\/www.suresms.com\/dk\/gratis-sms-testkonto\/\"  target=\"_self\">\n\t\t\t\t\t\t\tOpret Testkonto\n\t\t\t\t\t<\/a>\n\n","protected":false},"excerpt":{"rendered":"<p>Modtag SMS p\u00e5 din computer Har du behov for at modtage sms beskeder fra dine kunder? Eller vil du sende SMS&#8217;er til grupper direkte fra SMS? S\u00e5 kan 2-vejs SMS v\u00e6re l\u00f8sningen til dig. Har du allerede har en SMS konto, hvor du sender beskeder ud til dine brugere, kan det b\u00e5de v\u00e6re et behov &#8230; <a title=\"Modtag SMS p\u00e5 din computer\" class=\"read-more\" href=\"https:\/\/suresms.com\/dk\/funktioner\/modtag-sms-pa-din-computer\/\" aria-label=\"Read more about Modtag SMS p\u00e5 din computer\">L\u00e6s mere <\/a><\/p>\n","protected":false},"author":1,"featured_media":0,"parent":958,"menu_order":2,"comment_status":"closed","ping_status":"closed","template":"","meta":{"_fl_builder_enabled":"1","_fl_builder_data":null,"_fl_builder_draft":null,"_fl_builder_data_settings":null,"_fl_builder_css":"","_fl_builder_css_version":"","_fl_builder_js":"","footnotes":""},"categories":[17],"tags":[],"class_list":{"0":"post-449","1":"page","2":"type-page","3":"status-publish","5":"category-linkfracornorstone"},"yoast_head":"<!-- This site is optimized with the Yoast SEO Premium plugin v27.3 (Yoast SEO v27.3) - https:\/\/yoast.com\/product\/yoast-seo-premium-wordpress\/ -->\r\n<title>2 vejs SMS, modtag SMS p\u00e5 din computer og iPad. Bestil 2-vejs l\u00f8sning!<\/title>\r\n<meta name=\"description\" content=\"Med 2 vejs SMS kan du modtage SMS p\u00e5 din computer eller iPad. L\u00f8sning fra SureSMS er den nemmeste for dine kunder. N\u00e5r de modtager SMS kan de svare p\u00e5 den.\" \/>\r\n<meta name=\"robots\" content=\"index, follow, max-snippet:-1, max-image-preview:large, max-video-preview:-1\" \/>\r\n<link rel=\"canonical\" href=\"https:\/\/suresms.com\/dk\/funktioner\/modtag-sms-pa-din-computer\/\" \/>\r\n<meta property=\"og:locale\" content=\"da_DK\" \/>\r\n<meta property=\"og:type\" content=\"article\" \/>\r\n<meta property=\"og:title\" content=\"Modtag SMS p\u00e5 din computer\" \/>\r\n<meta property=\"og:description\" content=\"Med 2 vejs SMS kan du modtage SMS p\u00e5 din computer eller iPad. L\u00f8sning fra SureSMS er den nemmeste for dine kunder. N\u00e5r de modtager SMS kan de svare p\u00e5 den.\" \/>\r\n<meta property=\"og:url\" content=\"https:\/\/suresms.com\/dk\/funktioner\/modtag-sms-pa-din-computer\/\" \/>\r\n<meta property=\"article:publisher\" content=\"https:\/\/www.facebook.com\/p\/SureSMS-100044607956149\/\" \/>\r\n<meta property=\"article:modified_time\" content=\"2026-03-17T11:40:09+00:00\" \/>\r\n<meta property=\"og:image\" content=\"https:\/\/suresms.com\/wp-content\/uploads\/2014\/10\/2-vejs-virtuelle-400x150-pix.jpg\" \/>\r\n<meta name=\"twitter:card\" content=\"summary_large_image\" \/>\r\n<meta name=\"twitter:label1\" content=\"Estimeret l\u00e6setid\" \/>\n\t<meta name=\"twitter:data1\" content=\"6 minutter\" \/>\r\n<script type=\"application\/ld+json\" class=\"yoast-schema-graph\">{\"@context\":\"https:\\\/\\\/schema.org\",\"@graph\":[{\"@type\":\"WebPage\",\"@id\":\"https:\\\/\\\/suresms.com\\\/dk\\\/funktioner\\\/modtag-sms-pa-din-computer\\\/\",\"url\":\"https:\\\/\\\/suresms.com\\\/dk\\\/funktioner\\\/modtag-sms-pa-din-computer\\\/\",\"name\":\"2 vejs SMS, modtag SMS p\u00e5 din computer og iPad. Bestil 2-vejs l\u00f8sning!\",\"isPartOf\":{\"@id\":\"https:\\\/\\\/suresms.com\\\/en\\\/#website\"},\"primaryImageOfPage\":{\"@id\":\"https:\\\/\\\/suresms.com\\\/dk\\\/funktioner\\\/modtag-sms-pa-din-computer\\\/#primaryimage\"},\"image\":{\"@id\":\"https:\\\/\\\/suresms.com\\\/dk\\\/funktioner\\\/modtag-sms-pa-din-computer\\\/#primaryimage\"},\"thumbnailUrl\":\"https:\\\/\\\/suresms.com\\\/wp-content\\\/uploads\\\/2014\\\/10\\\/2-vejs-virtuelle-400x150-pix.jpg\",\"datePublished\":\"2014-10-12T08:47:57+00:00\",\"dateModified\":\"2026-03-17T11:40:09+00:00\",\"description\":\"Med 2 vejs SMS kan du modtage SMS p\u00e5 din computer eller iPad. L\u00f8sning fra SureSMS er den nemmeste for dine kunder. N\u00e5r de modtager SMS kan de svare p\u00e5 den.\",\"breadcrumb\":{\"@id\":\"https:\\\/\\\/suresms.com\\\/dk\\\/funktioner\\\/modtag-sms-pa-din-computer\\\/#breadcrumb\"},\"inLanguage\":\"da-DK\",\"potentialAction\":[{\"@type\":\"ReadAction\",\"target\":[\"https:\\\/\\\/suresms.com\\\/dk\\\/funktioner\\\/modtag-sms-pa-din-computer\\\/\"]}]},{\"@type\":\"ImageObject\",\"inLanguage\":\"da-DK\",\"@id\":\"https:\\\/\\\/suresms.com\\\/dk\\\/funktioner\\\/modtag-sms-pa-din-computer\\\/#primaryimage\",\"url\":\"https:\\\/\\\/suresms.com\\\/wp-content\\\/uploads\\\/2014\\\/10\\\/2-vejs-virtuelle-400x150-pix.jpg\",\"contentUrl\":\"https:\\\/\\\/suresms.com\\\/wp-content\\\/uploads\\\/2014\\\/10\\\/2-vejs-virtuelle-400x150-pix.jpg\"},{\"@type\":\"BreadcrumbList\",\"@id\":\"https:\\\/\\\/suresms.com\\\/dk\\\/funktioner\\\/modtag-sms-pa-din-computer\\\/#breadcrumb\",\"itemListElement\":[{\"@type\":\"ListItem\",\"position\":1,\"name\":\"Home\",\"item\":\"https:\\\/\\\/suresms.com\\\/dk\\\/\"},{\"@type\":\"ListItem\",\"position\":2,\"name\":\"Funktioner\",\"item\":\"https:\\\/\\\/suresms.com\\\/dk\\\/funktioner\\\/\"},{\"@type\":\"ListItem\",\"position\":3,\"name\":\"Modtag SMS p\u00e5 din computer\"}]},{\"@type\":\"WebSite\",\"@id\":\"https:\\\/\\\/suresms.com\\\/en\\\/#website\",\"url\":\"https:\\\/\\\/suresms.com\\\/en\\\/\",\"name\":\"SureSMS\",\"description\":\"Professionel SMS Gateway\",\"publisher\":{\"@id\":\"https:\\\/\\\/suresms.com\\\/en\\\/#organization\"},\"potentialAction\":[{\"@type\":\"SearchAction\",\"target\":{\"@type\":\"EntryPoint\",\"urlTemplate\":\"https:\\\/\\\/suresms.com\\\/en\\\/?s={search_term_string}\"},\"query-input\":{\"@type\":\"PropertyValueSpecification\",\"valueRequired\":true,\"valueName\":\"search_term_string\"}}],\"inLanguage\":\"da-DK\"},{\"@type\":\"Organization\",\"@id\":\"https:\\\/\\\/suresms.com\\\/en\\\/#organization\",\"name\":\"SureSMS\",\"url\":\"https:\\\/\\\/suresms.com\\\/en\\\/\",\"logo\":{\"@type\":\"ImageObject\",\"inLanguage\":\"da-DK\",\"@id\":\"https:\\\/\\\/suresms.com\\\/en\\\/#\\\/schema\\\/logo\\\/image\\\/\",\"url\":\"https:\\\/\\\/suresms.com\\\/wp-content\\\/uploads\\\/2024\\\/11\\\/suresms-300x65-1.png\",\"contentUrl\":\"https:\\\/\\\/suresms.com\\\/wp-content\\\/uploads\\\/2024\\\/11\\\/suresms-300x65-1.png\",\"width\":300,\"height\":65,\"caption\":\"SureSMS\"},\"image\":{\"@id\":\"https:\\\/\\\/suresms.com\\\/en\\\/#\\\/schema\\\/logo\\\/image\\\/\"},\"sameAs\":[\"https:\\\/\\\/www.facebook.com\\\/p\\\/SureSMS-100044607956149\\\/\"]}]}<\/script>\r\n<!-- \/ Yoast SEO Premium plugin. -->","yoast_head_json":{"title":"2 vejs SMS, modtag SMS p\u00e5 din computer og iPad. Bestil 2-vejs l\u00f8sning!","description":"Med 2 vejs SMS kan du modtage SMS p\u00e5 din computer eller iPad. L\u00f8sning fra SureSMS er den nemmeste for dine kunder. N\u00e5r de modtager SMS kan de svare p\u00e5 den.","robots":{"index":"index","follow":"follow","max-snippet":"max-snippet:-1","max-image-preview":"max-image-preview:large","max-video-preview":"max-video-preview:-1"},"canonical":"https:\/\/suresms.com\/dk\/funktioner\/modtag-sms-pa-din-computer\/","og_locale":"da_DK","og_type":"article","og_title":"Modtag SMS p\u00e5 din computer","og_description":"Med 2 vejs SMS kan du modtage SMS p\u00e5 din computer eller iPad. L\u00f8sning fra SureSMS er den nemmeste for dine kunder. N\u00e5r de modtager SMS kan de svare p\u00e5 den.","og_url":"https:\/\/suresms.com\/dk\/funktioner\/modtag-sms-pa-din-computer\/","article_publisher":"https:\/\/www.facebook.com\/p\/SureSMS-100044607956149\/","article_modified_time":"2026-03-17T11:40:09+00:00","og_image":[{"url":"https:\/\/suresms.com\/wp-content\/uploads\/2014\/10\/2-vejs-virtuelle-400x150-pix.jpg","type":"","width":"","height":""}],"twitter_card":"summary_large_image","twitter_misc":{"Estimeret l\u00e6setid":"6 minutter"},"schema":{"@context":"https:\/\/schema.org","@graph":[{"@type":"WebPage","@id":"https:\/\/suresms.com\/dk\/funktioner\/modtag-sms-pa-din-computer\/","url":"https:\/\/suresms.com\/dk\/funktioner\/modtag-sms-pa-din-computer\/","name":"2 vejs SMS, modtag SMS p\u00e5 din computer og iPad. Bestil 2-vejs l\u00f8sning!","isPartOf":{"@id":"https:\/\/suresms.com\/en\/#website"},"primaryImageOfPage":{"@id":"https:\/\/suresms.com\/dk\/funktioner\/modtag-sms-pa-din-computer\/#primaryimage"},"image":{"@id":"https:\/\/suresms.com\/dk\/funktioner\/modtag-sms-pa-din-computer\/#primaryimage"},"thumbnailUrl":"https:\/\/suresms.com\/wp-content\/uploads\/2014\/10\/2-vejs-virtuelle-400x150-pix.jpg","datePublished":"2014-10-12T08:47:57+00:00","dateModified":"2026-03-17T11:40:09+00:00","description":"Med 2 vejs SMS kan du modtage SMS p\u00e5 din computer eller iPad. L\u00f8sning fra SureSMS er den nemmeste for dine kunder. N\u00e5r de modtager SMS kan de svare p\u00e5 den.","breadcrumb":{"@id":"https:\/\/suresms.com\/dk\/funktioner\/modtag-sms-pa-din-computer\/#breadcrumb"},"inLanguage":"da-DK","potentialAction":[{"@type":"ReadAction","target":["https:\/\/suresms.com\/dk\/funktioner\/modtag-sms-pa-din-computer\/"]}]},{"@type":"ImageObject","inLanguage":"da-DK","@id":"https:\/\/suresms.com\/dk\/funktioner\/modtag-sms-pa-din-computer\/#primaryimage","url":"https:\/\/suresms.com\/wp-content\/uploads\/2014\/10\/2-vejs-virtuelle-400x150-pix.jpg","contentUrl":"https:\/\/suresms.com\/wp-content\/uploads\/2014\/10\/2-vejs-virtuelle-400x150-pix.jpg"},{"@type":"BreadcrumbList","@id":"https:\/\/suresms.com\/dk\/funktioner\/modtag-sms-pa-din-computer\/#breadcrumb","itemListElement":[{"@type":"ListItem","position":1,"name":"Home","item":"https:\/\/suresms.com\/dk\/"},{"@type":"ListItem","position":2,"name":"Funktioner","item":"https:\/\/suresms.com\/dk\/funktioner\/"},{"@type":"ListItem","position":3,"name":"Modtag SMS p\u00e5 din computer"}]},{"@type":"WebSite","@id":"https:\/\/suresms.com\/en\/#website","url":"https:\/\/suresms.com\/en\/","name":"SureSMS","description":"Professionel SMS Gateway","publisher":{"@id":"https:\/\/suresms.com\/en\/#organization"},"potentialAction":[{"@type":"SearchAction","target":{"@type":"EntryPoint","urlTemplate":"https:\/\/suresms.com\/en\/?s={search_term_string}"},"query-input":{"@type":"PropertyValueSpecification","valueRequired":true,"valueName":"search_term_string"}}],"inLanguage":"da-DK"},{"@type":"Organization","@id":"https:\/\/suresms.com\/en\/#organization","name":"SureSMS","url":"https:\/\/suresms.com\/en\/","logo":{"@type":"ImageObject","inLanguage":"da-DK","@id":"https:\/\/suresms.com\/en\/#\/schema\/logo\/image\/","url":"https:\/\/suresms.com\/wp-content\/uploads\/2024\/11\/suresms-300x65-1.png","contentUrl":"https:\/\/suresms.com\/wp-content\/uploads\/2024\/11\/suresms-300x65-1.png","width":300,"height":65,"caption":"SureSMS"},"image":{"@id":"https:\/\/suresms.com\/en\/#\/schema\/logo\/image\/"},"sameAs":["https:\/\/www.facebook.com\/p\/SureSMS-100044607956149\/"]}]}},"_links":{"self":[{"href":"https:\/\/suresms.com\/dk\/wp-json\/wp\/v2\/pages\/449","targetHints":{"allow":["GET"]}}],"collection":[{"href":"https:\/\/suresms.com\/dk\/wp-json\/wp\/v2\/pages"}],"about":[{"href":"https:\/\/suresms.com\/dk\/wp-json\/wp\/v2\/types\/page"}],"author":[{"embeddable":true,"href":"https:\/\/suresms.com\/dk\/wp-json\/wp\/v2\/users\/1"}],"replies":[{"embeddable":true,"href":"https:\/\/suresms.com\/dk\/wp-json\/wp\/v2\/comments?post=449"}],"version-history":[{"count":10,"href":"https:\/\/suresms.com\/dk\/wp-json\/wp\/v2\/pages\/449\/revisions"}],"predecessor-version":[{"id":23849,"href":"https:\/\/suresms.com\/dk\/wp-json\/wp\/v2\/pages\/449\/revisions\/23849"}],"up":[{"embeddable":true,"href":"https:\/\/suresms.com\/dk\/wp-json\/wp\/v2\/pages\/958"}],"wp:attachment":[{"href":"https:\/\/suresms.com\/dk\/wp-json\/wp\/v2\/media?parent=449"}],"wp:term":[{"taxonomy":"category","embeddable":true,"href":"https:\/\/suresms.com\/dk\/wp-json\/wp\/v2\/categories?post=449"},{"taxonomy":"post_tag","embeddable":true,"href":"https:\/\/suresms.com\/dk\/wp-json\/wp\/v2\/tags?post=449"}],"curies":[{"name":"wp","href":"https:\/\/api.w.org\/{rel}","templated":true}]}}