{"id":411,"date":"2014-10-08T09:55:38","date_gmt":"2014-10-08T07:55:38","guid":{"rendered":"http:\/\/www.suresms.com\/dk\/?page_id=411"},"modified":"2024-12-06T13:05:10","modified_gmt":"2024-12-06T13:05:10","slug":"email2sms-den-nemme-losning","status":"publish","type":"page","link":"https:\/\/suresms.com\/dk\/funktioner\/email2sms-den-nemme-losning\/","title":{"rendered":"email2sms &#8211; den nemme l\u00f8sning"},"content":{"rendered":"\n\n\t\t\t\t<!-- Flexy Breadcrumb -->\r\n\t\t\t<div class=\"fbc fbc-page\">\r\n\r\n\t\t\t\t<!-- Breadcrumb wrapper -->\r\n\t\t\t\t<div class=\"fbc-wrap\">\r\n\r\n\t\t\t\t\t<!-- Ordered list-->\r\n\t\t\t\t\t<ol class=\"fbc-items\" itemscope itemtype=\"https:\/\/schema.org\/BreadcrumbList\">\r\n\t\t\t\t\t\t            <li itemprop=\"itemListElement\" itemscope itemtype=\"https:\/\/schema.org\/ListItem\">\r\n                <span itemprop=\"name\">\r\n                    <!-- Home Link -->\r\n                    <a itemprop=\"item\" href=\"https:\/\/suresms.com\">\r\n                    \r\n                                                    <i class=\"fa fa-home\" aria-hidden=\"true\"><\/i>Home                    <\/a>\r\n                <\/span>\r\n                <meta itemprop=\"position\" content=\"1\" \/><!-- Meta Position-->\r\n             <\/li><li><span class=\"fbc-separator\">\/<\/span><\/li><li class=\"active\" itemprop=\"itemListElement\" itemscope itemtype=\"https:\/\/schema.org\/ListItem\"><span itemprop=\"name\" title=\"email2sms &#8211; den nemme l\u00f8sning\">email2sms &#8211; den nemme...<\/span><meta itemprop=\"position\" content=\"2\" \/><\/li>\t\t\t\t\t<\/ol>\r\n\t\t\t\t\t<div class=\"clearfix\"><\/div>\r\n\t\t\t\t<\/div>\r\n\t\t\t<\/div>\r\n\t\t\t\n<h1>\n\t\tEmail-2-SMS l\u00f8sning\n\t<\/h1>\n\t<h1>Email til SMS (Email2sms) &#8211; Send nemt SMS fra din eksisterende mail.<\/h1>\n<p>Unders\u00f8gelser viser, at SMS er de beskeder, som bliver l\u00e6st hyppigst og hurtigst af modtageren. Med email2sms (email til sms) kan du dermed f\u00e5 information og kontakt til dine brugere hurtigt og sikkert. Uanset hvor i verden, de befinder sig!<\/p>\n<p>Idag foreg\u00e5r rigtig meget kommunikation p\u00e5 mail, men det er ikke alle mails, som bliver l\u00e6st eller l\u00e6st hurtigt efter afsendelse.<\/p>\n<p><strong>Er indbakken fyldt eller er din m\u00e5lgruppe ikke ofte p\u00e5 mail?<\/strong><\/p>\n<p>Man kender det selv. M\u00e5ske er indbakken blevet overfyldt? Eller m\u00e5ske er den m\u00e5lgruppe, man gerne vil fange, ganske enkelt mere aktiv p\u00e5 SMS og de sociale medier.<\/p>\n<p>Ved at bruge email til sms (email2sms) er det nemt at komme i gang med vores SMS-gateway. Med denne funktion, kan du sende SMS fra computeren, lige s\u00e5 enkelt, som du i dag sender en mail. Som afsender har du alle fordelene ved at arbejde fra computeren: Overblik, tastatur, sk\u00e6rm og ubegr\u00e6nsede antal modtagere, men stadig fordelene ved SMS&#8217;ens tilg\u00e6ngelighed og brede m\u00e5lgruppe.<\/p>\n<p>Har du et system, der sender mails i dag? Det kan v\u00e6re en kundedatabase, et nyhedsbrev, et kundemodul, eller ganske enkelt en mailliste i Outlook? Herfra er det meget nemt at f\u00e5 SMS &#8220;enabled&#8221; ved at bruge en SMS gateway.<\/p>\n<p><strong>S\u00e5dan virker email2sms (email til sms)<\/strong><\/p>\n<p>\u00d8nsker du at sende\u00a0en SMS til det danske nummer 22331133, kan du nemt sende en mail til vores email2sms gateway.<\/p>\n<p><strong>OBS! Du skal have en konto hos SureSMS, for at kunne benytte denne funktion. Har du endnu ikke en konto? Udfyld skemaet her p\u00e5 siden og kom igang med det samme!<\/strong><\/p>\n<ul> \t\n<li>E-mailadressen er: <em>mail.suresms.com<\/em>.\u00a0Du sender en e-mail til vores SMS gateway, hvori dit brugernavn og dit kodeord er inkluderet: mailadressen er: &#8220;<strong>sms.[brugernavn].[kodeord]@2sms.nu<\/strong>&#8220;<\/li>\n\n<li>Modtagerens nummer skrives i emne-feltet: &#8220;+4522331133&#8221;<\/li>\n\n<li>Beskeden skrives som altid i det almindelige tekstfelt<\/li>\n\n<li>Herefter sender vi med det samme beskeden videre til telefonen.<\/li>\n<\/ul>\n<p>Afh\u00e6ngigt af hvor ofte du sender til den enkelte kunde og hvor mange numre du skal sende til er der 2 muligheder, du kan v\u00e6lge imellem:<\/p>\n<ul> \t\n<li><b>Modtagernummer i emne-feltet:\u00a0<\/b>Denne mulighed er nyttig, hvis du sender f\u00e5 beskeder til samme modtager.<\/li>\n\n<li><strong>Modtagernummer i e-mailadressen:\u00a0<\/strong>Denne mulighed er effektiv, hvis du sender mange SMS&#8217;er til samme modtager.<\/li>\n<\/ul>\n<p>Husk en SMS har en max. l\u00e6ngde p\u00e5 160 tegn (inkl. mellemrum). Er beskeden l\u00e6ngere f.eks. nyhedsbrev el. lign, sender vi selvf\u00f8lgelig ogs\u00e5 en l\u00e6ngere tekst. Beskeden vil s\u00e5 blive sendt og dermed ogs\u00e5 takseret som flere SMS&#8217;er.<br \/>Vores SMS-sender kan afsende op til 4000 tegn. Er en besked l\u00e6ngere, vil den stadig blive sendt men i afkortet form.<\/p>\n\t\t<h4>\u00d8nsker du at oprette en konto straks? <\/h4>\n\t\t<p>Vi sidder klar og gl\u00e6der os til at byde dig velkommen som kunde i SureSMS!<\/p>\n\t\t\t<a href=\"https:\/\/www.suresms.com\/dk\/opret-sms-gateway-konto\/\" target=\"_self\">\n\t\t\t\t\t\t\tOpret SureSMS konto!\n\t\t\t\t\t<\/a>\n\t\t<h4>Bestil en 2-vejs l\u00f8sning!<\/h4>\n\t\t<p>Har du allerede en konto? Bestil en 2-vejs l\u00f8sning, og f\u00e5 de ekstra muligheder, \u00a0som din egen l\u00f8sning giver.\u00a0<\/p>\n\t\t\t<a href=\"https:\/\/www.suresms.com\/dk\/bestil-2-vejs-losning\/\" target=\"_self\">\n\t\t\t\t\t\t\tBestil 2-vejs l\u00f8sning\n\t\t\t\t\t<\/a>\n\t<h4><strong>Her kan du l\u00e6se nogle eksempler p\u00e5, hvordan vores kunder i dag benytter funktionen: &#8220;E-mail2SMS&#8221;<\/strong><\/h4>\n\n<ul> \t\n<li>Flere kommuner bruger e-mail2SMS fra SureSMS i overv\u00e5gningen af deres IT. En nyere &#8220;trend&#8221; blandt hackere er at sende virus, der krypterer modtagerens data, hvorefter de forlanger l\u00f8sesum for igen at frigive dem. Jo hurtigere f\u00e6llesdrev m.m. kobles fra nettet, jo mindre er skaden. Overv\u00e5gningen bruger e-mail2SMS til at sende en SMS til kommunens supportere, s\u00e5 de hurtigst muligt kan reagere og begr\u00e6nse skaden.<\/li>\n\n<li>Blandt vore kunder har vi flere st\u00f8rre computer- og elektronikfirmaer, som har integreret vores e-mail2SMS l\u00f8sning i deres systemer. Systemerne sender en SMS til kunderne om statur p\u00e5 deres servicesag.<\/li>\n\n<li>Samme let integrerbare funktion benyttes af flere forsikringsselskaber til at sende statusmedelelser ud til kunderne omkring deres skadesanmeldelser og andre forsikringssager.<\/li>\n\n<li>Og s\u00e5 har vi ogs\u00e5 en fortagsom haveforening fra det gr\u00f8nne Amager, som bl.a. sender indkaldelser til generalforsmaling og andre informationer og arrangementer ud til deres medlemmer.<br \/><strong>Lad Danmark blomstre og for\u00e5ret komme!<\/strong><\/li>\n<\/ul>\n\n","protected":false},"excerpt":{"rendered":"<p>Email-2-SMS l\u00f8sning Email til SMS (Email2sms) &#8211; Send nemt SMS fra din eksisterende mail. Unders\u00f8gelser viser, at SMS er de beskeder, som bliver l\u00e6st hyppigst og hurtigst af modtageren. Med email2sms (email til sms) kan du dermed f\u00e5 information og kontakt til dine brugere hurtigt og sikkert. Uanset hvor i verden, de befinder sig! Idag &#8230; <a title=\"email2sms &#8211; den nemme l\u00f8sning\" class=\"read-more\" href=\"https:\/\/suresms.com\/dk\/funktioner\/email2sms-den-nemme-losning\/\" aria-label=\"Read more about email2sms &#8211; den nemme l\u00f8sning\">L\u00e6s mere <\/a><\/p>\n","protected":false},"author":1,"featured_media":0,"parent":958,"menu_order":10,"comment_status":"closed","ping_status":"closed","template":"","meta":{"_fl_builder_enabled":"1","_fl_builder_data":null,"_fl_builder_draft":null,"_fl_builder_data_settings":null,"_fl_builder_css":"","_fl_builder_css_version":"","_fl_builder_js":"","footnotes":""},"categories":[17],"tags":[],"class_list":{"0":"post-411","1":"page","2":"type-page","3":"status-publish","5":"category-linkfracornorstone"},"yoast_head":"<!-- This site is optimized with the Yoast SEO Premium plugin v27.3 (Yoast SEO v27.3) - https:\/\/yoast.com\/product\/yoast-seo-premium-wordpress\/ -->\r\n<title>Email to sms \u2192 Nem l\u00f8sning til at skabe hurtig kundekontakt<\/title>\r\n<meta name=\"description\" content=\"G\u00f8r brug af email to sms og invester Web SMS med mange funktioner. Opret en gratis testkonto og kom i gang p\u00e5 5 minutter.\" \/>\r\n<meta name=\"robots\" content=\"index, follow, max-snippet:-1, max-image-preview:large, max-video-preview:-1\" \/>\r\n<link rel=\"canonical\" href=\"https:\/\/suresms.com\/dk\/funktioner\/email2sms-den-nemme-losning\/\" \/>\r\n<meta property=\"og:locale\" content=\"da_DK\" \/>\r\n<meta property=\"og:type\" content=\"article\" \/>\r\n<meta property=\"og:title\" content=\"email2sms - den nemme l\u00f8sning\" \/>\r\n<meta property=\"og:description\" content=\"G\u00f8r brug af email to sms og invester Web SMS med mange funktioner. Opret en gratis testkonto og kom i gang p\u00e5 5 minutter.\" \/>\r\n<meta property=\"og:url\" content=\"https:\/\/suresms.com\/dk\/funktioner\/email2sms-den-nemme-losning\/\" \/>\r\n<meta property=\"article:publisher\" content=\"https:\/\/www.facebook.com\/p\/SureSMS-100044607956149\/\" \/>\r\n<meta property=\"article:modified_time\" content=\"2024-12-06T13:05:10+00:00\" \/>\r\n<meta name=\"twitter:card\" content=\"summary_large_image\" \/>\r\n<meta name=\"twitter:label1\" content=\"Estimeret l\u00e6setid\" \/>\n\t<meta name=\"twitter:data1\" content=\"5 minutter\" \/>\r\n<script type=\"application\/ld+json\" class=\"yoast-schema-graph\">{\"@context\":\"https:\\\/\\\/schema.org\",\"@graph\":[{\"@type\":\"WebPage\",\"@id\":\"https:\\\/\\\/suresms.com\\\/dk\\\/funktioner\\\/email2sms-den-nemme-losning\\\/\",\"url\":\"https:\\\/\\\/suresms.com\\\/dk\\\/funktioner\\\/email2sms-den-nemme-losning\\\/\",\"name\":\"Email to sms \u2192 Nem l\u00f8sning til at skabe hurtig kundekontakt\",\"isPartOf\":{\"@id\":\"https:\\\/\\\/suresms.com\\\/en\\\/#website\"},\"datePublished\":\"2014-10-08T07:55:38+00:00\",\"dateModified\":\"2024-12-06T13:05:10+00:00\",\"description\":\"G\u00f8r brug af email to sms og invester Web SMS med mange funktioner. Opret en gratis testkonto og kom i gang p\u00e5 5 minutter.\",\"breadcrumb\":{\"@id\":\"https:\\\/\\\/suresms.com\\\/dk\\\/funktioner\\\/email2sms-den-nemme-losning\\\/#breadcrumb\"},\"inLanguage\":\"da-DK\",\"potentialAction\":[{\"@type\":\"ReadAction\",\"target\":[\"https:\\\/\\\/suresms.com\\\/dk\\\/funktioner\\\/email2sms-den-nemme-losning\\\/\"]}]},{\"@type\":\"BreadcrumbList\",\"@id\":\"https:\\\/\\\/suresms.com\\\/dk\\\/funktioner\\\/email2sms-den-nemme-losning\\\/#breadcrumb\",\"itemListElement\":[{\"@type\":\"ListItem\",\"position\":1,\"name\":\"Home\",\"item\":\"https:\\\/\\\/suresms.com\\\/dk\\\/\"},{\"@type\":\"ListItem\",\"position\":2,\"name\":\"Funktioner\",\"item\":\"https:\\\/\\\/suresms.com\\\/dk\\\/funktioner\\\/\"},{\"@type\":\"ListItem\",\"position\":3,\"name\":\"email2sms &#8211; den nemme l\u00f8sning\"}]},{\"@type\":\"WebSite\",\"@id\":\"https:\\\/\\\/suresms.com\\\/en\\\/#website\",\"url\":\"https:\\\/\\\/suresms.com\\\/en\\\/\",\"name\":\"SureSMS\",\"description\":\"Professionel SMS Gateway\",\"publisher\":{\"@id\":\"https:\\\/\\\/suresms.com\\\/en\\\/#organization\"},\"potentialAction\":[{\"@type\":\"SearchAction\",\"target\":{\"@type\":\"EntryPoint\",\"urlTemplate\":\"https:\\\/\\\/suresms.com\\\/en\\\/?s={search_term_string}\"},\"query-input\":{\"@type\":\"PropertyValueSpecification\",\"valueRequired\":true,\"valueName\":\"search_term_string\"}}],\"inLanguage\":\"da-DK\"},{\"@type\":\"Organization\",\"@id\":\"https:\\\/\\\/suresms.com\\\/en\\\/#organization\",\"name\":\"SureSMS\",\"url\":\"https:\\\/\\\/suresms.com\\\/en\\\/\",\"logo\":{\"@type\":\"ImageObject\",\"inLanguage\":\"da-DK\",\"@id\":\"https:\\\/\\\/suresms.com\\\/en\\\/#\\\/schema\\\/logo\\\/image\\\/\",\"url\":\"https:\\\/\\\/suresms.com\\\/wp-content\\\/uploads\\\/2024\\\/11\\\/suresms-300x65-1.png\",\"contentUrl\":\"https:\\\/\\\/suresms.com\\\/wp-content\\\/uploads\\\/2024\\\/11\\\/suresms-300x65-1.png\",\"width\":300,\"height\":65,\"caption\":\"SureSMS\"},\"image\":{\"@id\":\"https:\\\/\\\/suresms.com\\\/en\\\/#\\\/schema\\\/logo\\\/image\\\/\"},\"sameAs\":[\"https:\\\/\\\/www.facebook.com\\\/p\\\/SureSMS-100044607956149\\\/\"]}]}<\/script>\r\n<!-- \/ Yoast SEO Premium plugin. -->","yoast_head_json":{"title":"Email to sms \u2192 Nem l\u00f8sning til at skabe hurtig kundekontakt","description":"G\u00f8r brug af email to sms og invester Web SMS med mange funktioner. Opret en gratis testkonto og kom i gang p\u00e5 5 minutter.","robots":{"index":"index","follow":"follow","max-snippet":"max-snippet:-1","max-image-preview":"max-image-preview:large","max-video-preview":"max-video-preview:-1"},"canonical":"https:\/\/suresms.com\/dk\/funktioner\/email2sms-den-nemme-losning\/","og_locale":"da_DK","og_type":"article","og_title":"email2sms - den nemme l\u00f8sning","og_description":"G\u00f8r brug af email to sms og invester Web SMS med mange funktioner. Opret en gratis testkonto og kom i gang p\u00e5 5 minutter.","og_url":"https:\/\/suresms.com\/dk\/funktioner\/email2sms-den-nemme-losning\/","article_publisher":"https:\/\/www.facebook.com\/p\/SureSMS-100044607956149\/","article_modified_time":"2024-12-06T13:05:10+00:00","twitter_card":"summary_large_image","twitter_misc":{"Estimeret l\u00e6setid":"5 minutter"},"schema":{"@context":"https:\/\/schema.org","@graph":[{"@type":"WebPage","@id":"https:\/\/suresms.com\/dk\/funktioner\/email2sms-den-nemme-losning\/","url":"https:\/\/suresms.com\/dk\/funktioner\/email2sms-den-nemme-losning\/","name":"Email to sms \u2192 Nem l\u00f8sning til at skabe hurtig kundekontakt","isPartOf":{"@id":"https:\/\/suresms.com\/en\/#website"},"datePublished":"2014-10-08T07:55:38+00:00","dateModified":"2024-12-06T13:05:10+00:00","description":"G\u00f8r brug af email to sms og invester Web SMS med mange funktioner. Opret en gratis testkonto og kom i gang p\u00e5 5 minutter.","breadcrumb":{"@id":"https:\/\/suresms.com\/dk\/funktioner\/email2sms-den-nemme-losning\/#breadcrumb"},"inLanguage":"da-DK","potentialAction":[{"@type":"ReadAction","target":["https:\/\/suresms.com\/dk\/funktioner\/email2sms-den-nemme-losning\/"]}]},{"@type":"BreadcrumbList","@id":"https:\/\/suresms.com\/dk\/funktioner\/email2sms-den-nemme-losning\/#breadcrumb","itemListElement":[{"@type":"ListItem","position":1,"name":"Home","item":"https:\/\/suresms.com\/dk\/"},{"@type":"ListItem","position":2,"name":"Funktioner","item":"https:\/\/suresms.com\/dk\/funktioner\/"},{"@type":"ListItem","position":3,"name":"email2sms &#8211; den nemme l\u00f8sning"}]},{"@type":"WebSite","@id":"https:\/\/suresms.com\/en\/#website","url":"https:\/\/suresms.com\/en\/","name":"SureSMS","description":"Professionel SMS Gateway","publisher":{"@id":"https:\/\/suresms.com\/en\/#organization"},"potentialAction":[{"@type":"SearchAction","target":{"@type":"EntryPoint","urlTemplate":"https:\/\/suresms.com\/en\/?s={search_term_string}"},"query-input":{"@type":"PropertyValueSpecification","valueRequired":true,"valueName":"search_term_string"}}],"inLanguage":"da-DK"},{"@type":"Organization","@id":"https:\/\/suresms.com\/en\/#organization","name":"SureSMS","url":"https:\/\/suresms.com\/en\/","logo":{"@type":"ImageObject","inLanguage":"da-DK","@id":"https:\/\/suresms.com\/en\/#\/schema\/logo\/image\/","url":"https:\/\/suresms.com\/wp-content\/uploads\/2024\/11\/suresms-300x65-1.png","contentUrl":"https:\/\/suresms.com\/wp-content\/uploads\/2024\/11\/suresms-300x65-1.png","width":300,"height":65,"caption":"SureSMS"},"image":{"@id":"https:\/\/suresms.com\/en\/#\/schema\/logo\/image\/"},"sameAs":["https:\/\/www.facebook.com\/p\/SureSMS-100044607956149\/"]}]}},"_links":{"self":[{"href":"https:\/\/suresms.com\/dk\/wp-json\/wp\/v2\/pages\/411","targetHints":{"allow":["GET"]}}],"collection":[{"href":"https:\/\/suresms.com\/dk\/wp-json\/wp\/v2\/pages"}],"about":[{"href":"https:\/\/suresms.com\/dk\/wp-json\/wp\/v2\/types\/page"}],"author":[{"embeddable":true,"href":"https:\/\/suresms.com\/dk\/wp-json\/wp\/v2\/users\/1"}],"replies":[{"embeddable":true,"href":"https:\/\/suresms.com\/dk\/wp-json\/wp\/v2\/comments?post=411"}],"version-history":[{"count":2,"href":"https:\/\/suresms.com\/dk\/wp-json\/wp\/v2\/pages\/411\/revisions"}],"predecessor-version":[{"id":19496,"href":"https:\/\/suresms.com\/dk\/wp-json\/wp\/v2\/pages\/411\/revisions\/19496"}],"up":[{"embeddable":true,"href":"https:\/\/suresms.com\/dk\/wp-json\/wp\/v2\/pages\/958"}],"wp:attachment":[{"href":"https:\/\/suresms.com\/dk\/wp-json\/wp\/v2\/media?parent=411"}],"wp:term":[{"taxonomy":"category","embeddable":true,"href":"https:\/\/suresms.com\/dk\/wp-json\/wp\/v2\/categories?post=411"},{"taxonomy":"post_tag","embeddable":true,"href":"https:\/\/suresms.com\/dk\/wp-json\/wp\/v2\/tags?post=411"}],"curies":[{"name":"wp","href":"https:\/\/api.w.org\/{rel}","templated":true}]}}