{"id":3881,"date":"2016-11-15T13:46:24","date_gmt":"2016-11-15T11:46:24","guid":{"rendered":"https:\/\/www.suresms.com\/dk\/?page_id=3881"},"modified":"2025-01-10T11:00:14","modified_gmt":"2025-01-10T11:00:14","slug":"joomla-sms-loesning","status":"publish","type":"page","link":"https:\/\/suresms.com\/dk\/integrationer\/cms-content-management-system-sms-integration\/joomla-sms-loesning\/","title":{"rendered":"Joomla SMS l\u00f8sning"},"content":{"rendered":"\n\n\t\t\t\t<!-- Flexy Breadcrumb -->\r\n\t\t\t<div class=\"fbc fbc-page\">\r\n\r\n\t\t\t\t<!-- Breadcrumb wrapper -->\r\n\t\t\t\t<div class=\"fbc-wrap\">\r\n\r\n\t\t\t\t\t<!-- Ordered list-->\r\n\t\t\t\t\t<ol class=\"fbc-items\" itemscope itemtype=\"https:\/\/schema.org\/BreadcrumbList\">\r\n\t\t\t\t\t\t            <li itemprop=\"itemListElement\" itemscope itemtype=\"https:\/\/schema.org\/ListItem\">\r\n                <span itemprop=\"name\">\r\n                    <!-- Home Link -->\r\n                    <a itemprop=\"item\" href=\"https:\/\/suresms.com\">\r\n                    \r\n                                                    <i class=\"fa fa-home\" aria-hidden=\"true\"><\/i>Home                    <\/a>\r\n                <\/span>\r\n                <meta itemprop=\"position\" content=\"1\" \/><!-- Meta Position-->\r\n             <\/li><li><span class=\"fbc-separator\">\/<\/span><\/li><li class=\"active\" itemprop=\"itemListElement\" itemscope itemtype=\"https:\/\/schema.org\/ListItem\"><span itemprop=\"name\" title=\"Joomla SMS l\u00f8sning\">Joomla SMS l\u00f8sning<\/span><meta itemprop=\"position\" content=\"2\" \/><\/li>\t\t\t\t\t<\/ol>\r\n\t\t\t\t\t<div class=\"clearfix\"><\/div>\r\n\t\t\t\t<\/div>\r\n\t\t\t<\/div>\r\n\t\t\t\n\t\n\n<h1>Send SMS fra Joomla &#8211; Plug&#8217;in fra Acyba.com.<\/h1>\n<p>SureSMS er blevet valgt som en af de standard SMS gateways som Acyba bruger i deres AcySMS l\u00f8sning.<\/p>\n<p>AcySMS er en gratis udvidelse til Joomla. Udvidelsen er fuldt integreret med dit Joomla site og giver dig mulighed for at\u00a0lave opf\u00f8lgende kampagner, automatisk svar, nyhedsbreve, reklamer, tilbud og automatiske svar&#8230;. alt sammen via SMS.<\/p>\n<p>Som den eneste danske SMS gateway tilbyder SureSMS\u00a0som en del AcySMS at du ogs\u00e5 kan modtage svar tilbage.<\/p>\n<h2>S\u00e5dan kommer du i gang<\/h2>\n<p>For at komme igang skal du g\u00e5 til Acyba.com og hente selve Pluginet.<\/p>\n<p>Derefter skal du oprette en test-konto her hos os, det g\u00f8r du ved at klikke p\u00e5 den gule &#8220;Opret Gratis Testkonto&#8221; herunder.<\/p>\n<p>N\u00e5r du har f\u00e5et sat det hele op, skriver du blot til support@suresms.com og beder om at f\u00e5 \u00e6ndret din konto fra test til rigtig konto.<\/p>\n<p>&nbsp;<\/p>\n\n\t\t<h3><a href=\"https:\/\/suresms.com\/dk\/?page_id=449\" target=\"_self\">Modtag SMS &#8211; Opret en 2-vejs L\u00f8sning<\/a><\/h3>\n\t\t\t\t<a href=\"https:\/\/suresms.com\/dk\/?page_id=449\" target=\"_self\" itemprop=\"url\">\n\t\t\t\t<img loading=\"lazy\" decoding=\"async\" src=\"https:\/\/suresms.com\/wp-content\/uploads\/2016\/06\/2-vejs-sms-outlook-callout.jpg\" alt=\"2-vejs sms outlook callout\" itemprop=\"image\" height=\"300\" width=\"400\" title=\"2-vejs sms outlook callout\" onerror=\"this.style.display='none'\"  \/>\n\t\t\t\t<\/a>\n<p>N\u00e5r du bruger vores SMS Outlook plugin, har du mulighed for at gemme alle de sendte SMS&#8217;er i en folder for sig. S\u00e5 har du altid arkiv over, hvad der er sendt.<\/p>\n<p><strong>Med en betalt to-vejs l\u00f8sning kan du ogs\u00e5 modtage SMS i din Outlook,<\/strong> og dermed f\u00e5 historik p\u00e5 hele SMS dialogen.\u00a0Det kan v\u00e6re en stor fordel, hvis du sidder i en stilling med arkiveringspligt.<\/p>\n<p>F\u00f8lg linket og l\u00e6s mere om vores 2-vejs L\u00f8sninger: Herfra kan du ogs\u00e5 nemt oprette din egen 2-vejs L\u00f8sning.<\/p>\n\t\t\t<a href=\"https:\/\/suresms.com\/dk\/?page_id=449\" target=\"_self\">\n\t\t\t\t\t\t\tG\u00e5 til 2-vejs L\u00f8sninger\n\t\t\t\t\t<\/a>\n\t\t<h3><a href=\"https:\/\/suresms.com\/dk\/funktioner\/modtag-sms-pa-din-computer\/\" target=\"_self\">2-vejs SMS &#8211; Nummerserier<\/a><\/h3>\n\t\t\t\t<a href=\"https:\/\/suresms.com\/dk\/funktioner\/modtag-sms-pa-din-computer\/\" target=\"_self\" itemprop=\"url\">\n\t\t\t\t<img loading=\"lazy\" decoding=\"async\" src=\"https:\/\/suresms.com\/wp-content\/uploads\/2016\/06\/Nummerserier-modtag-sms-Outlook-callout.jpg\" alt=\"Nummerserier modtag sms Outlook callout\" itemprop=\"image\" height=\"300\" width=\"400\" title=\"Nummerserier modtag sms Outlook callout\" onerror=\"this.style.display='none'\"  \/>\n\t\t\t\t<\/a>\n<p>Har I mange medarbejdere i jeres organisation, som skal kunne sende og modtage SMS via Outlook, s\u00e5 er vores Virtuelle nummerserier produktet..\u00a0Prisen varierer afh\u00e6ngigt af volumen. <a href=\"https:\/\/suresms.com\/dk\/?page_id=2260\">Kontakt SureSMS<\/a> for mere info.<\/p>\n<ul>\n<li><strong>Til mange numre (min 10)<\/strong><\/li>\n<li><strong>Pris efter aftale<\/strong><\/li>\n<li><strong>Danske numre<\/strong><\/li>\n<li><strong>Ubegr\u00e6nset modtagelse<\/strong><\/li>\n<li><strong>Gratis faktura<\/strong><\/li>\n<\/ul>\n\t\t\t<a href=\"https:\/\/suresms.com\/dk\/funktioner\/modtag-sms-pa-din-computer\/\" target=\"_self\">\n\t\t\t\t\t\t\tOm SureSMS Nummerserier\n\t\t\t\t\t<\/a>\n\t<h3><strong>Vejledning<\/strong><\/h3>\n\n<h4><strong>Det er enkelt at installere vores Add-in til Outlook. Bare f\u00f8lg denne lille instruks.<br \/>Skulle du \u00f8nske dig er mere detaljeret vejledning, <a href=\"http:\/\/manual.suresms.com\/plugins\/manual-send-sms-fra-outlook\/\">se den fulde beskrivelse p\u00e5 vores Manualsite<\/a>, hvor vi har n\u00e6rmere beskrivelser og vejledninger til alle vores funktioner.<\/strong><\/h4>\n\t\t<h3>Installer SureSMS til Outlook<\/h3><ol>\n<li>Download vores plugin via linket \u00f8verst p\u00e5 denne side.<\/li>\n<li>Installer programmet<\/li>\n<li>\u00c5bn din Outlook. Her ser du et sk\u00e6rmbillede, som det til venstre.<\/li>\n<li>Udfyld Login informationerne.<\/li>\n<li>Har du ikke en konto endnu kan du f\u00e5 det ved at f\u00f8lge det bl\u00e5 link p\u00e5 din login-sk\u00e6rm.<\/li>\n<\/ol>\n\t\t\t\t<img loading=\"lazy\" decoding=\"async\" src=\"https:\/\/suresms.com\/wp-content\/uploads\/2016\/06\/sms-Outlook-vejledning1.png\" alt=\"sms Outlook vejledning1\" itemprop=\"image\" height=\"393\" width=\"413\" title=\"sms Outlook vejledning1\" onerror=\"this.style.display='none'\"  \/>\n\t\t<h3>Send SMS fra Outlook<\/h3><p>N\u00e5r du har installeret vores Add-in ser du en ny ikon-gruppe til h\u00f8jre i din menu, som den du ser til p\u00e5 billedet her.<\/p>\n<p>S\u00e5 er det bare\u00a0at skrive nummeret, beskeden og trykke p\u00e5 send.<\/p>\n<p>Du kan skrive +46 og s\u00e5 nummeret, hvis du vil sende til f.eks. Sverige, men hvis du vil skrive til danmark, skal du bare indstille\u00a0landekoden p\u00e5 setup sk\u00e6rmen og\u00a0s\u00e5 vil systmet fremoverselv s\u00e6tte landekode p\u00e5.<\/p>\n\n\t\t\t\t<img loading=\"lazy\" decoding=\"async\" src=\"https:\/\/suresms.com\/wp-content\/uploads\/2016\/06\/sms-outlook-plugin-Add-in-vejledning.png\" alt=\"sms outlook plugin Add-in vejledning\" itemprop=\"image\" height=\"343\" width=\"378\" title=\"sms outlook plugin Add-in vejledning\" onerror=\"this.style.display='none'\"  \/>\n\t\t<h3><a href=\"http:\/\/suresms.com\/docs\" target=\"_self\">Bes\u00f8g vores Manual website<\/a><\/h3>\n\t\t\t\t<a href=\"http:\/\/suresms.com\/docs\" target=\"_self\" itemprop=\"url\">\n\t\t\t\t<img loading=\"lazy\" decoding=\"async\" src=\"https:\/\/suresms.com\/wp-content\/uploads\/2016\/03\/Manual-400x250-px1.jpg\" alt=\"manual hjemmeside suresms\" itemprop=\"image\" height=\"250\" width=\"400\" title=\"Manual 400x250 px\" onerror=\"this.style.display='none'\"  \/>\n\t\t\t\t<\/a>\n<p>Som en hj\u00e6lp til vores kunder har vi samlet alle instruktioner og beskrivelser p\u00e5 suresms.com\/docs. Her kan du se, hvordan vores gateway virker og f\u00e5 enkle brugervenlige instruktioner til de mange funktioner.<\/p>\n\t\t<h3><a href=\"http:\/\/developer.suresms.com\/\" target=\"_self\">developer.suresms.com<\/a><\/h3>\n\t\t\t\t<a href=\"http:\/\/developer.suresms.com\/\" target=\"_self\" itemprop=\"url\">\n\t\t\t\t<img loading=\"lazy\" decoding=\"async\" src=\"https:\/\/suresms.com\/wp-content\/uploads\/2016\/03\/developer-400x250-px.jpg\" alt=\"developer suresms hjemmeside for udviklere\" itemprop=\"image\" height=\"250\" width=\"400\" title=\"developer 400x250 px\" onerror=\"this.style.display='none'\"  \/>\n\t\t\t\t<\/a>\nSureSMS er lavet af udviklere til udviklere!<br \/>\nP\u00e5 developer.suresms.com har vi samlet dokumentation og kodeeksempler, s\u00e5 det er nemt at\u00a0integrere vores gateway i dit system.\n\t\t<h3><a href=\"https:\/\/www.youtube.com\/channel\/UC1XGC5rl9mI9ndtBVn8yq7g\" target=\"_self\">Se vores instruktionsvideoer!<\/a><\/h3>\n\t\t\t\t<a href=\"https:\/\/www.youtube.com\/channel\/UC1XGC5rl9mI9ndtBVn8yq7g\" target=\"_self\" itemprop=\"url\">\n\t\t\t\t<img loading=\"lazy\" decoding=\"async\" src=\"https:\/\/suresms.com\/wp-content\/uploads\/2016\/03\/you-tube400x250px.jpg\" alt=\"suresms sms gateway you tube videoer\" itemprop=\"image\" height=\"250\" width=\"400\" title=\"you tube 400x250px\" onerror=\"this.style.display='none'\"  \/>\n\t\t\t\t<\/a>\n<p>Skal du igang med en ny funktion? Eller har du bare brug for at vide lidt mere om, hvordan vores gateway virker? P\u00e5 Youtube har vi samlet vores instruktionsvideoer. Lige til at g\u00e5 til!<\/p>\n\n","protected":false},"excerpt":{"rendered":"<p>Send SMS fra Joomla &#8211; Plug&#8217;in fra Acyba.com. SureSMS er blevet valgt som en af de standard SMS gateways som Acyba bruger i deres AcySMS l\u00f8sning. AcySMS er en gratis udvidelse til Joomla. Udvidelsen er fuldt integreret med dit Joomla site og giver dig mulighed for at\u00a0lave opf\u00f8lgende kampagner, automatisk svar, nyhedsbreve, reklamer, tilbud og &#8230; <a title=\"Joomla SMS l\u00f8sning\" class=\"read-more\" href=\"https:\/\/suresms.com\/dk\/integrationer\/cms-content-management-system-sms-integration\/joomla-sms-loesning\/\" aria-label=\"Read more about Joomla SMS l\u00f8sning\">L\u00e6s mere <\/a><\/p>\n","protected":false},"author":1,"featured_media":0,"parent":14437,"menu_order":0,"comment_status":"closed","ping_status":"closed","template":"","meta":{"_fl_builder_enabled":"1","_fl_builder_data":null,"_fl_builder_draft":null,"_fl_builder_data_settings":null,"_fl_builder_css":"","_fl_builder_css_version":"","_fl_builder_js":"","footnotes":""},"categories":[],"tags":[],"class_list":["post-3881","page","type-page","status-publish"],"yoast_head":"<!-- This site is optimized with the Yoast SEO Premium plugin v27.3 (Yoast SEO v27.3) - https:\/\/yoast.com\/product\/yoast-seo-premium-wordpress\/ -->\r\n<title>Joomla SMS system - SMS direkte fra din Joomla shop med AcySMS<\/title>\r\n<meta name=\"description\" content=\"Joomla SMS integration | Joomla SMS Plugin | Send nyheds og ordrestatus SMS fra din Joomla installation med AcySMS og SureSMS gateway.\" \/>\r\n<meta name=\"robots\" content=\"index, follow, max-snippet:-1, max-image-preview:large, max-video-preview:-1\" \/>\r\n<link rel=\"canonical\" href=\"https:\/\/suresms.com\/dk\/integrationer\/cms-content-management-system-sms-integration\/joomla-sms-loesning\/\" \/>\r\n<meta property=\"og:locale\" content=\"da_DK\" \/>\r\n<meta property=\"og:type\" content=\"article\" \/>\r\n<meta property=\"og:title\" content=\"Update - SMS til Outlook Plugin Version 1.4 - SureSMS\" \/>\r\n<meta property=\"og:description\" content=\"Update - GRATIS SMS Add-in til Outlook. Send SMS til kontakter &amp; grupper - Fuld dokumentation - Gratis testkonto. Flere afsender-ID muligheder. Modtag svar p\u00e5 mobil eller i Outlook med 2-vejs L\u00f8sning. NU op til 800 tegn i beskeden.\" \/>\r\n<meta property=\"og:url\" content=\"https:\/\/suresms.com\/dk\/integrationer\/cms-content-management-system-sms-integration\/joomla-sms-loesning\/\" \/>\r\n<meta property=\"article:publisher\" content=\"https:\/\/www.facebook.com\/p\/SureSMS-100044607956149\/\" \/>\r\n<meta property=\"article:modified_time\" content=\"2025-01-10T11:00:14+00:00\" \/>\r\n<meta property=\"og:image\" content=\"https:\/\/suresms.com\/wp-content\/uploads\/2016\/02\/facebook-Outlook-plugin-version-1.4-snippet-1.jpg\" \/>\r\n\t<meta property=\"og:image:width\" content=\"1200\" \/>\r\n\t<meta property=\"og:image:height\" content=\"630\" \/>\r\n\t<meta property=\"og:image:type\" content=\"image\/jpeg\" \/>\r\n<meta name=\"twitter:card\" content=\"summary_large_image\" \/>\r\n<meta name=\"twitter:title\" content=\"Joomla SMS l\u00f8sning\" \/>\r\n<meta name=\"twitter:label1\" content=\"Estimeret l\u00e6setid\" \/>\n\t<meta name=\"twitter:data1\" content=\"3 minutter\" \/>\r\n<script type=\"application\/ld+json\" class=\"yoast-schema-graph\">{\"@context\":\"https:\\\/\\\/schema.org\",\"@graph\":[{\"@type\":\"WebPage\",\"@id\":\"https:\\\/\\\/suresms.com\\\/dk\\\/integrationer\\\/cms-content-management-system-sms-integration\\\/joomla-sms-loesning\\\/\",\"url\":\"https:\\\/\\\/suresms.com\\\/dk\\\/integrationer\\\/cms-content-management-system-sms-integration\\\/joomla-sms-loesning\\\/\",\"name\":\"Joomla SMS system - SMS direkte fra din Joomla shop med AcySMS\",\"isPartOf\":{\"@id\":\"https:\\\/\\\/suresms.com\\\/en\\\/#website\"},\"primaryImageOfPage\":{\"@id\":\"https:\\\/\\\/suresms.com\\\/dk\\\/integrationer\\\/cms-content-management-system-sms-integration\\\/joomla-sms-loesning\\\/#primaryimage\"},\"image\":{\"@id\":\"https:\\\/\\\/suresms.com\\\/dk\\\/integrationer\\\/cms-content-management-system-sms-integration\\\/joomla-sms-loesning\\\/#primaryimage\"},\"thumbnailUrl\":\"https:\\\/\\\/suresms.com\\\/wp-content\\\/uploads\\\/2016\\\/06\\\/2-vejs-sms-outlook-callout.jpg\",\"datePublished\":\"2016-11-15T11:46:24+00:00\",\"dateModified\":\"2025-01-10T11:00:14+00:00\",\"description\":\"Joomla SMS integration | Joomla SMS Plugin | Send nyheds og ordrestatus SMS fra din Joomla installation med AcySMS og SureSMS gateway.\",\"breadcrumb\":{\"@id\":\"https:\\\/\\\/suresms.com\\\/dk\\\/integrationer\\\/cms-content-management-system-sms-integration\\\/joomla-sms-loesning\\\/#breadcrumb\"},\"inLanguage\":\"da-DK\",\"potentialAction\":[{\"@type\":\"ReadAction\",\"target\":[\"https:\\\/\\\/suresms.com\\\/dk\\\/integrationer\\\/cms-content-management-system-sms-integration\\\/joomla-sms-loesning\\\/\"]}]},{\"@type\":\"ImageObject\",\"inLanguage\":\"da-DK\",\"@id\":\"https:\\\/\\\/suresms.com\\\/dk\\\/integrationer\\\/cms-content-management-system-sms-integration\\\/joomla-sms-loesning\\\/#primaryimage\",\"url\":\"https:\\\/\\\/suresms.com\\\/wp-content\\\/uploads\\\/2016\\\/06\\\/2-vejs-sms-outlook-callout.jpg\",\"contentUrl\":\"https:\\\/\\\/suresms.com\\\/wp-content\\\/uploads\\\/2016\\\/06\\\/2-vejs-sms-outlook-callout.jpg\"},{\"@type\":\"BreadcrumbList\",\"@id\":\"https:\\\/\\\/suresms.com\\\/dk\\\/integrationer\\\/cms-content-management-system-sms-integration\\\/joomla-sms-loesning\\\/#breadcrumb\",\"itemListElement\":[{\"@type\":\"ListItem\",\"position\":1,\"name\":\"Home\",\"item\":\"https:\\\/\\\/suresms.com\\\/dk\\\/\"},{\"@type\":\"ListItem\",\"position\":2,\"name\":\"Integrationer\",\"item\":\"https:\\\/\\\/suresms.com\\\/dk\\\/integrationer\\\/\"},{\"@type\":\"ListItem\",\"position\":3,\"name\":\"SMS integration til Content Management Systemer (CMS systemer)\",\"item\":\"https:\\\/\\\/suresms.com\\\/dk\\\/integrationer\\\/cms-content-management-system-sms-integration\\\/\"},{\"@type\":\"ListItem\",\"position\":4,\"name\":\"Joomla SMS l\u00f8sning\"}]},{\"@type\":\"WebSite\",\"@id\":\"https:\\\/\\\/suresms.com\\\/en\\\/#website\",\"url\":\"https:\\\/\\\/suresms.com\\\/en\\\/\",\"name\":\"SureSMS\",\"description\":\"Professionel SMS Gateway\",\"publisher\":{\"@id\":\"https:\\\/\\\/suresms.com\\\/en\\\/#organization\"},\"potentialAction\":[{\"@type\":\"SearchAction\",\"target\":{\"@type\":\"EntryPoint\",\"urlTemplate\":\"https:\\\/\\\/suresms.com\\\/en\\\/?s={search_term_string}\"},\"query-input\":{\"@type\":\"PropertyValueSpecification\",\"valueRequired\":true,\"valueName\":\"search_term_string\"}}],\"inLanguage\":\"da-DK\"},{\"@type\":\"Organization\",\"@id\":\"https:\\\/\\\/suresms.com\\\/en\\\/#organization\",\"name\":\"SureSMS\",\"url\":\"https:\\\/\\\/suresms.com\\\/en\\\/\",\"logo\":{\"@type\":\"ImageObject\",\"inLanguage\":\"da-DK\",\"@id\":\"https:\\\/\\\/suresms.com\\\/en\\\/#\\\/schema\\\/logo\\\/image\\\/\",\"url\":\"https:\\\/\\\/suresms.com\\\/wp-content\\\/uploads\\\/2024\\\/11\\\/suresms-300x65-1.png\",\"contentUrl\":\"https:\\\/\\\/suresms.com\\\/wp-content\\\/uploads\\\/2024\\\/11\\\/suresms-300x65-1.png\",\"width\":300,\"height\":65,\"caption\":\"SureSMS\"},\"image\":{\"@id\":\"https:\\\/\\\/suresms.com\\\/en\\\/#\\\/schema\\\/logo\\\/image\\\/\"},\"sameAs\":[\"https:\\\/\\\/www.facebook.com\\\/p\\\/SureSMS-100044607956149\\\/\"]}]}<\/script>\r\n<!-- \/ Yoast SEO Premium plugin. -->","yoast_head_json":{"title":"Joomla SMS system - SMS direkte fra din Joomla shop med AcySMS","description":"Joomla SMS integration | Joomla SMS Plugin | Send nyheds og ordrestatus SMS fra din Joomla installation med AcySMS og SureSMS gateway.","robots":{"index":"index","follow":"follow","max-snippet":"max-snippet:-1","max-image-preview":"max-image-preview:large","max-video-preview":"max-video-preview:-1"},"canonical":"https:\/\/suresms.com\/dk\/integrationer\/cms-content-management-system-sms-integration\/joomla-sms-loesning\/","og_locale":"da_DK","og_type":"article","og_title":"Update - SMS til Outlook Plugin Version 1.4 - SureSMS","og_description":"Update - GRATIS SMS Add-in til Outlook. Send SMS til kontakter & grupper - Fuld dokumentation - Gratis testkonto. Flere afsender-ID muligheder. Modtag svar p\u00e5 mobil eller i Outlook med 2-vejs L\u00f8sning. NU op til 800 tegn i beskeden.","og_url":"https:\/\/suresms.com\/dk\/integrationer\/cms-content-management-system-sms-integration\/joomla-sms-loesning\/","article_publisher":"https:\/\/www.facebook.com\/p\/SureSMS-100044607956149\/","article_modified_time":"2025-01-10T11:00:14+00:00","og_image":[{"width":1200,"height":630,"url":"https:\/\/suresms.com\/wp-content\/uploads\/2016\/02\/facebook-Outlook-plugin-version-1.4-snippet-1.jpg","type":"image\/jpeg"}],"twitter_card":"summary_large_image","twitter_title":"Joomla SMS l\u00f8sning","twitter_misc":{"Estimeret l\u00e6setid":"3 minutter"},"schema":{"@context":"https:\/\/schema.org","@graph":[{"@type":"WebPage","@id":"https:\/\/suresms.com\/dk\/integrationer\/cms-content-management-system-sms-integration\/joomla-sms-loesning\/","url":"https:\/\/suresms.com\/dk\/integrationer\/cms-content-management-system-sms-integration\/joomla-sms-loesning\/","name":"Joomla SMS system - SMS direkte fra din Joomla shop med AcySMS","isPartOf":{"@id":"https:\/\/suresms.com\/en\/#website"},"primaryImageOfPage":{"@id":"https:\/\/suresms.com\/dk\/integrationer\/cms-content-management-system-sms-integration\/joomla-sms-loesning\/#primaryimage"},"image":{"@id":"https:\/\/suresms.com\/dk\/integrationer\/cms-content-management-system-sms-integration\/joomla-sms-loesning\/#primaryimage"},"thumbnailUrl":"https:\/\/suresms.com\/wp-content\/uploads\/2016\/06\/2-vejs-sms-outlook-callout.jpg","datePublished":"2016-11-15T11:46:24+00:00","dateModified":"2025-01-10T11:00:14+00:00","description":"Joomla SMS integration | Joomla SMS Plugin | Send nyheds og ordrestatus SMS fra din Joomla installation med AcySMS og SureSMS gateway.","breadcrumb":{"@id":"https:\/\/suresms.com\/dk\/integrationer\/cms-content-management-system-sms-integration\/joomla-sms-loesning\/#breadcrumb"},"inLanguage":"da-DK","potentialAction":[{"@type":"ReadAction","target":["https:\/\/suresms.com\/dk\/integrationer\/cms-content-management-system-sms-integration\/joomla-sms-loesning\/"]}]},{"@type":"ImageObject","inLanguage":"da-DK","@id":"https:\/\/suresms.com\/dk\/integrationer\/cms-content-management-system-sms-integration\/joomla-sms-loesning\/#primaryimage","url":"https:\/\/suresms.com\/wp-content\/uploads\/2016\/06\/2-vejs-sms-outlook-callout.jpg","contentUrl":"https:\/\/suresms.com\/wp-content\/uploads\/2016\/06\/2-vejs-sms-outlook-callout.jpg"},{"@type":"BreadcrumbList","@id":"https:\/\/suresms.com\/dk\/integrationer\/cms-content-management-system-sms-integration\/joomla-sms-loesning\/#breadcrumb","itemListElement":[{"@type":"ListItem","position":1,"name":"Home","item":"https:\/\/suresms.com\/dk\/"},{"@type":"ListItem","position":2,"name":"Integrationer","item":"https:\/\/suresms.com\/dk\/integrationer\/"},{"@type":"ListItem","position":3,"name":"SMS integration til Content Management Systemer (CMS systemer)","item":"https:\/\/suresms.com\/dk\/integrationer\/cms-content-management-system-sms-integration\/"},{"@type":"ListItem","position":4,"name":"Joomla SMS l\u00f8sning"}]},{"@type":"WebSite","@id":"https:\/\/suresms.com\/en\/#website","url":"https:\/\/suresms.com\/en\/","name":"SureSMS","description":"Professionel SMS Gateway","publisher":{"@id":"https:\/\/suresms.com\/en\/#organization"},"potentialAction":[{"@type":"SearchAction","target":{"@type":"EntryPoint","urlTemplate":"https:\/\/suresms.com\/en\/?s={search_term_string}"},"query-input":{"@type":"PropertyValueSpecification","valueRequired":true,"valueName":"search_term_string"}}],"inLanguage":"da-DK"},{"@type":"Organization","@id":"https:\/\/suresms.com\/en\/#organization","name":"SureSMS","url":"https:\/\/suresms.com\/en\/","logo":{"@type":"ImageObject","inLanguage":"da-DK","@id":"https:\/\/suresms.com\/en\/#\/schema\/logo\/image\/","url":"https:\/\/suresms.com\/wp-content\/uploads\/2024\/11\/suresms-300x65-1.png","contentUrl":"https:\/\/suresms.com\/wp-content\/uploads\/2024\/11\/suresms-300x65-1.png","width":300,"height":65,"caption":"SureSMS"},"image":{"@id":"https:\/\/suresms.com\/en\/#\/schema\/logo\/image\/"},"sameAs":["https:\/\/www.facebook.com\/p\/SureSMS-100044607956149\/"]}]}},"_links":{"self":[{"href":"https:\/\/suresms.com\/dk\/wp-json\/wp\/v2\/pages\/3881","targetHints":{"allow":["GET"]}}],"collection":[{"href":"https:\/\/suresms.com\/dk\/wp-json\/wp\/v2\/pages"}],"about":[{"href":"https:\/\/suresms.com\/dk\/wp-json\/wp\/v2\/types\/page"}],"author":[{"embeddable":true,"href":"https:\/\/suresms.com\/dk\/wp-json\/wp\/v2\/users\/1"}],"replies":[{"embeddable":true,"href":"https:\/\/suresms.com\/dk\/wp-json\/wp\/v2\/comments?post=3881"}],"version-history":[{"count":10,"href":"https:\/\/suresms.com\/dk\/wp-json\/wp\/v2\/pages\/3881\/revisions"}],"predecessor-version":[{"id":21404,"href":"https:\/\/suresms.com\/dk\/wp-json\/wp\/v2\/pages\/3881\/revisions\/21404"}],"up":[{"embeddable":true,"href":"https:\/\/suresms.com\/dk\/wp-json\/wp\/v2\/pages\/14437"}],"wp:attachment":[{"href":"https:\/\/suresms.com\/dk\/wp-json\/wp\/v2\/media?parent=3881"}],"wp:term":[{"taxonomy":"category","embeddable":true,"href":"https:\/\/suresms.com\/dk\/wp-json\/wp\/v2\/categories?post=3881"},{"taxonomy":"post_tag","embeddable":true,"href":"https:\/\/suresms.com\/dk\/wp-json\/wp\/v2\/tags?post=3881"}],"curies":[{"name":"wp","href":"https:\/\/api.w.org\/{rel}","templated":true}]}}