{"id":3755,"date":"2016-10-18T13:01:26","date_gmt":"2016-10-18T11:01:26","guid":{"rendered":"https:\/\/www.suresms.com\/dk\/?page_id=3755"},"modified":"2025-01-04T23:57:58","modified_gmt":"2025-01-04T23:57:58","slug":"sms-loesning-til-faelles-bibliotekssystem","status":"publish","type":"page","link":"https:\/\/suresms.com\/dk\/integrationer\/fagsystem-sms-integration\/sms-loesning-til-faelles-bibliotekssystem\/","title":{"rendered":"SMS l\u00f8sning til FBS (F\u00e6lles Bibliotekssystem)"},"content":{"rendered":"\n\n\t\t\t\t<!-- Flexy Breadcrumb -->\r\n\t\t\t<div class=\"fbc fbc-page\">\r\n\r\n\t\t\t\t<!-- Breadcrumb wrapper -->\r\n\t\t\t\t<div class=\"fbc-wrap\">\r\n\r\n\t\t\t\t\t<!-- Ordered list-->\r\n\t\t\t\t\t<ol class=\"fbc-items\" itemscope itemtype=\"https:\/\/schema.org\/BreadcrumbList\">\r\n\t\t\t\t\t\t            <li itemprop=\"itemListElement\" itemscope itemtype=\"https:\/\/schema.org\/ListItem\">\r\n                <span itemprop=\"name\">\r\n                    <!-- Home Link -->\r\n                    <a itemprop=\"item\" href=\"https:\/\/suresms.com\">\r\n                    \r\n                                                    <i class=\"fa fa-home\" aria-hidden=\"true\"><\/i>Home                    <\/a>\r\n                <\/span>\r\n                <meta itemprop=\"position\" content=\"1\" \/><!-- Meta Position-->\r\n             <\/li><li><span class=\"fbc-separator\">\/<\/span><\/li><li class=\"active\" itemprop=\"itemListElement\" itemscope itemtype=\"https:\/\/schema.org\/ListItem\"><span itemprop=\"name\" title=\"SMS l\u00f8sning til FBS (F\u00e6lles Bibliotekssystem)\">SMS l\u00f8sning til FBS...<\/span><meta itemprop=\"position\" content=\"2\" \/><\/li>\t\t\t\t\t<\/ol>\r\n\t\t\t\t\t<div class=\"clearfix\"><\/div>\r\n\t\t\t\t<\/div>\r\n\t\t\t<\/div>\r\n\t\t\t\n<h1>\n\t\tNy SMS L\u00f8sning til FBS\n\t<\/h1>\n<p>&nbsp;<\/p>\n<p><strong>Lige nu udrulles det nye F\u00e6lles Bibliotekssystem Cicero (FBS), udviklet i samarbejde mellem Kombit og Systematic, \u00a0p\u00e5 ca. 1500 folkebiblioteker og p\u00e6dagogiske l\u00e6ringscentre rundt omkring i landet. SureSMS leverer en gennemarbejdet\u00a0SMS l\u00f8sning, i bedste kvalitet og fuldt integrerbar med det nye system.<\/strong><\/p>\n\n<p>Vores SMS l\u00f8sning opfylder alle krav, standarder og funktioner, som Cicero stiller til en god SMS gateway leverand\u00f8r. Som ansvarlig og bruger af systemet, kan du v\u00e6re helt tryg ved, at alle funktioner i Cicero virker med den l\u00f8sning, vi har udviklet.<\/p>\n<h3>Enkel ops\u00e6tning og Premium Support<\/h3>\n<p>Takket v\u00e6re en udf\u00f8rlig vejledning er det enkelt\u00a0at ops\u00e6tte eller \u00e6ndre Cicero til at bruge vores l\u00f8sning. Det tager mindre end 3 minutter at ops\u00e6tte\u00a0systemet og teste, at alting virker, som det skal. Er der alligevel sp\u00f8rgsm\u00e5l undervejs, kan I altid\u00a0kontakte vores dygtige supportere og teknikere, som sidder klar med f\u00f8rsteklasses, gratis assistance til alle kunder.<\/p>\n<h3>Sikkerhed og Overv\u00e5gning 24\/7<\/h3>\n<p>Hos SureSMS overv\u00e5ger vi vores servere og jeres konto 24 timer i d\u00f8gnet,\u00a0alle dage, hele \u00e5ret. Dermed kan I v\u00e6re sikre p\u00e5, at vi ogs\u00e5 leverer de beskeder, som I sender. N\u00e5r noget g\u00e5r galt &#8211; det er teknik, s\u00e5 indimellem g\u00e5r der noget galt &#8211; opdager vi det og fanger det med det samme.<\/p>\n<p>Vi leverer fuld rapportering efter \u00f8nske. I kan frit v\u00e6lge mellem at modtage en daglig rapport over ALLE sendte beskeder, \u00a0eller I kan v\u00e6lge kun at modtage en rapport\u00a0over FORFEJLEDE beskeder.<\/p>\n<h3>Mulighed for tilvalg af Gruppe-SMS m. tilmeldingsfunktion<\/h3>\n<p>Vores SMS-Gateway underst\u00f8tter ogs\u00e5 mange forskellige Gruppe-SMS features og funktioner, som vi tidligere har solgt til biblioteker og andre kommunale institutioner og services. Ved hj\u00e6lp af disse kan borgere og brugere til- \/ afmelde sig lister via SMS eller hjemmesider. Det kan bl.a. bruges til at tilmelde sig arrangementer og kurser, eller til at udsende tilbud \/ nyheder til s\u00e6rlige grupper af bibliotekets brugere.\u00a0Disse funktioner k\u00f8rer udenfor Cicero, men er ganske nemme at integrere i den daglige praksis. <a href=\"https:\/\/www.suresms.com\/dk\/kontakt\/\">Kontakt os for mere information.\u00a0<\/a><\/p>\n<h3>Skarp pris &#8211; Enkel prispolitik<\/h3>\n<p>Hos SureSMS har vi ingen oprettelsesgebyrer, og I\u00a0betaler intet abonnement for SMS-l\u00f8sningen til\u00a0Cicero. I betaler KUN pr. besked, der afsendes.<\/p>\n<p><strong>Lige nu k\u00f8rer vi en FBS Kampagne, hvor du f\u00e5r SMS&#8217;erne til 13 \u00f8re stykket, hvis du tilmelder dig i kalender\u00e5ret 2020. <\/strong>Tilmeld jer her fra siden, eller kontakt os for mere information eller tilmelding p\u00e5 tlf: +45 50 322 322 eller p\u00e5 mail: support@suresms.com.<\/p>\n<p>&nbsp;<\/p>\n<p>&nbsp;<\/p>\n\t\t<h4>S\u00e6t op p\u00e5 3 minutter!<\/h4>\n\t\t<p>Hent en PDF-fil med ops\u00e6tningsvejledning her. F\u00f8lg de 4 enkle trin, og I er igang med SMS i Cicero.<\/p>\n\t\t\t<a href=\"https:\/\/l.facebook.com\/l.php?u=https%3A%2F%2Fwww.suresms.com%2Fdk%2Fwp-content%2Fuploads%2F2016%2F10%2FOpsaetning-af-Cicero-FBS.pdf&#038;h=6AQEfFVRd\" target=\"_self\">\n\t\t\t\t\t\t\tHent Vejledning\n\t\t\t\t\t<\/a>\n\t\t<h4>Opret gratis testkonto<\/h4>\n\t\t<p>Du skal bruge en SureSMS konto for at teste din Cicero-installation. Den er nem at oprette og helt gratis. Du f\u00e5r 50 SMS&#8217;er med til testen.<\/p>\n\t\t\t<a href=\"https:\/\/www.suresms.com\/dk\/gratis-sms-testkonto\/\" target=\"_self\">\n\t\t\t\t\t\t\tOpret Testkonto\n\t\t\t\t\t<\/a>\n\t\t\t<p><a href=\"http:\/\/www.rodskovforsamlingshus.dk\/\"><img loading=\"lazy\" decoding=\"async\" src=\"https:\/\/suresms.com\/wp-content\/uploads\/2015\/02\/REB-Rodskov1.jpg\" alt=\"REB Rodskov\" width=\"172\" height=\"87\" \/><\/a><\/p>\n<p>&nbsp;<\/p>\n<p><em>&#8220;I\u00a0blev\u00a0anbefalet til mig af en kollega, der ogs\u00e5 anvender jeres l\u00f8sning.\u00a0<\/em><\/p>\n<p>&nbsp;<\/p>\n<p><em>Jeg har unders\u00f8gt og testet en del andre SMS-l\u00f8sninger, og jeres er klart den mest fleksible og hurtige &#8211; og s\u00e5 til en fornuftig pris. <\/em><\/p>\n<p>&nbsp;<\/p>\n<p><em>TAK for et fremragende produkt! Det udf\u00f8rer lige pr\u00e6cis de opgaver jeg har brug for- Super godt!&#8221;<\/em><\/p>\n<p>&nbsp;<\/p>\n<p><strong>Michel Gorm, sekret\u00e6r<\/strong><\/p>\n<p>&nbsp;<\/p>\n<p><strong>Rodskov Forsamlingshus<\/strong><\/p>\n<p>&nbsp;<\/p>\n\n","protected":false},"excerpt":{"rendered":"<p>Ny SMS L\u00f8sning til FBS &nbsp; Lige nu udrulles det nye F\u00e6lles Bibliotekssystem Cicero (FBS), udviklet i samarbejde mellem Kombit og Systematic, \u00a0p\u00e5 ca. 1500 folkebiblioteker og p\u00e6dagogiske l\u00e6ringscentre rundt omkring i landet. SureSMS leverer en gennemarbejdet\u00a0SMS l\u00f8sning, i bedste kvalitet og fuldt integrerbar med det nye system. Vores SMS l\u00f8sning opfylder alle krav, standarder &#8230; <a title=\"SMS l\u00f8sning til FBS (F\u00e6lles Bibliotekssystem)\" class=\"read-more\" href=\"https:\/\/suresms.com\/dk\/integrationer\/fagsystem-sms-integration\/sms-loesning-til-faelles-bibliotekssystem\/\" aria-label=\"Read more about SMS l\u00f8sning til FBS (F\u00e6lles Bibliotekssystem)\">L\u00e6s mere <\/a><\/p>\n","protected":false},"author":1,"featured_media":0,"parent":18069,"menu_order":0,"comment_status":"closed","ping_status":"closed","template":"","meta":{"_fl_builder_enabled":"1","_fl_builder_data":null,"_fl_builder_draft":null,"_fl_builder_data_settings":null,"_fl_builder_css":"","_fl_builder_css_version":"","_fl_builder_js":"","footnotes":""},"categories":[],"tags":[],"class_list":["post-3755","page","type-page","status-publish"],"yoast_head":"<!-- This site is optimized with the Yoast SEO Premium plugin v27.3 (Yoast SEO v27.3) - https:\/\/yoast.com\/product\/yoast-seo-premium-wordpress\/ -->\r\n<title>Fbs \u2192 Nem oprettelse og hurtige resultater med dette system<\/title>\r\n<meta name=\"description\" content=\"Find et nemt online system med SMS services og f\u00e5 hurtigt kontakt til dine kunder. Ny og effektiv SMS l\u00f8sning til fbs.\" \/>\r\n<meta name=\"robots\" content=\"index, follow, max-snippet:-1, max-image-preview:large, max-video-preview:-1\" \/>\r\n<link rel=\"canonical\" href=\"https:\/\/suresms.com\/dk\/integrationer\/fagsystem-sms-integration\/sms-loesning-til-faelles-bibliotekssystem\/\" \/>\r\n<meta property=\"og:locale\" content=\"da_DK\" \/>\r\n<meta property=\"og:type\" content=\"article\" \/>\r\n<meta property=\"og:title\" content=\"SMS L\u00f8sning til F\u00e6lles Bibliotekssystem (FBS) Cicero\" \/>\r\n<meta property=\"og:description\" content=\"Lige nu udrulles Cicero (FBS) p\u00e5 folkebiblioteker og p\u00e6dagogiske l\u00e6ringscentre rundt omkring i landet. SureSMS leverer en kvalitets SMS l\u00f8sning fuldt integrerbar med det nye system. Nem ops\u00e6tning, gratis oprettelse og intet abonnement. 14 \u00f8re pr. SMS.\" \/>\r\n<meta property=\"og:url\" content=\"https:\/\/suresms.com\/dk\/integrationer\/fagsystem-sms-integration\/sms-loesning-til-faelles-bibliotekssystem\/\" \/>\r\n<meta property=\"article:publisher\" content=\"https:\/\/www.facebook.com\/p\/SureSMS-100044607956149\/\" \/>\r\n<meta property=\"article:modified_time\" content=\"2025-01-04T23:57:58+00:00\" \/>\r\n<meta property=\"og:image\" content=\"https:\/\/suresms.com\/wp-content\/uploads\/2016\/10\/SMS-Loesning-til-FBS-1.jpg\" \/>\r\n\t<meta property=\"og:image:width\" content=\"1200\" \/>\r\n\t<meta property=\"og:image:height\" content=\"600\" \/>\r\n\t<meta property=\"og:image:type\" content=\"image\/jpeg\" \/>\r\n<meta name=\"twitter:card\" content=\"summary_large_image\" \/>\r\n<meta name=\"twitter:title\" content=\"SMS l\u00f8sning til FBS (F\u00e6lles Bibliotekssystem)\" \/>\r\n<meta name=\"twitter:label1\" content=\"Estimeret l\u00e6setid\" \/>\n\t<meta name=\"twitter:data1\" content=\"5 minutter\" \/>\r\n<script type=\"application\/ld+json\" class=\"yoast-schema-graph\">{\"@context\":\"https:\\\/\\\/schema.org\",\"@graph\":[{\"@type\":\"WebPage\",\"@id\":\"https:\\\/\\\/suresms.com\\\/dk\\\/integrationer\\\/fagsystem-sms-integration\\\/sms-loesning-til-faelles-bibliotekssystem\\\/\",\"url\":\"https:\\\/\\\/suresms.com\\\/dk\\\/integrationer\\\/fagsystem-sms-integration\\\/sms-loesning-til-faelles-bibliotekssystem\\\/\",\"name\":\"Fbs \u2192 Nem oprettelse og hurtige resultater med dette system\",\"isPartOf\":{\"@id\":\"https:\\\/\\\/suresms.com\\\/en\\\/#website\"},\"primaryImageOfPage\":{\"@id\":\"https:\\\/\\\/suresms.com\\\/dk\\\/integrationer\\\/fagsystem-sms-integration\\\/sms-loesning-til-faelles-bibliotekssystem\\\/#primaryimage\"},\"image\":{\"@id\":\"https:\\\/\\\/suresms.com\\\/dk\\\/integrationer\\\/fagsystem-sms-integration\\\/sms-loesning-til-faelles-bibliotekssystem\\\/#primaryimage\"},\"thumbnailUrl\":\"https:\\\/\\\/suresms.com\\\/wp-content\\\/uploads\\\/2015\\\/02\\\/REB-Rodskov1.jpg\",\"datePublished\":\"2016-10-18T11:01:26+00:00\",\"dateModified\":\"2025-01-04T23:57:58+00:00\",\"description\":\"Find et nemt online system med SMS services og f\u00e5 hurtigt kontakt til dine kunder. Ny og effektiv SMS l\u00f8sning til fbs.\",\"breadcrumb\":{\"@id\":\"https:\\\/\\\/suresms.com\\\/dk\\\/integrationer\\\/fagsystem-sms-integration\\\/sms-loesning-til-faelles-bibliotekssystem\\\/#breadcrumb\"},\"inLanguage\":\"da-DK\",\"potentialAction\":[{\"@type\":\"ReadAction\",\"target\":[\"https:\\\/\\\/suresms.com\\\/dk\\\/integrationer\\\/fagsystem-sms-integration\\\/sms-loesning-til-faelles-bibliotekssystem\\\/\"]}]},{\"@type\":\"ImageObject\",\"inLanguage\":\"da-DK\",\"@id\":\"https:\\\/\\\/suresms.com\\\/dk\\\/integrationer\\\/fagsystem-sms-integration\\\/sms-loesning-til-faelles-bibliotekssystem\\\/#primaryimage\",\"url\":\"https:\\\/\\\/suresms.com\\\/wp-content\\\/uploads\\\/2015\\\/02\\\/REB-Rodskov1.jpg\",\"contentUrl\":\"https:\\\/\\\/suresms.com\\\/wp-content\\\/uploads\\\/2015\\\/02\\\/REB-Rodskov1.jpg\"},{\"@type\":\"BreadcrumbList\",\"@id\":\"https:\\\/\\\/suresms.com\\\/dk\\\/integrationer\\\/fagsystem-sms-integration\\\/sms-loesning-til-faelles-bibliotekssystem\\\/#breadcrumb\",\"itemListElement\":[{\"@type\":\"ListItem\",\"position\":1,\"name\":\"Home\",\"item\":\"https:\\\/\\\/suresms.com\\\/dk\\\/\"},{\"@type\":\"ListItem\",\"position\":2,\"name\":\"Integrationer\",\"item\":\"https:\\\/\\\/suresms.com\\\/dk\\\/integrationer\\\/\"},{\"@type\":\"ListItem\",\"position\":3,\"name\":\"SMS integration til fagsystemer\",\"item\":\"https:\\\/\\\/suresms.com\\\/dk\\\/integrationer\\\/fagsystem-sms-integration\\\/\"},{\"@type\":\"ListItem\",\"position\":4,\"name\":\"SMS l\u00f8sning til FBS (F\u00e6lles Bibliotekssystem)\"}]},{\"@type\":\"WebSite\",\"@id\":\"https:\\\/\\\/suresms.com\\\/en\\\/#website\",\"url\":\"https:\\\/\\\/suresms.com\\\/en\\\/\",\"name\":\"SureSMS\",\"description\":\"Professionel SMS Gateway\",\"publisher\":{\"@id\":\"https:\\\/\\\/suresms.com\\\/en\\\/#organization\"},\"potentialAction\":[{\"@type\":\"SearchAction\",\"target\":{\"@type\":\"EntryPoint\",\"urlTemplate\":\"https:\\\/\\\/suresms.com\\\/en\\\/?s={search_term_string}\"},\"query-input\":{\"@type\":\"PropertyValueSpecification\",\"valueRequired\":true,\"valueName\":\"search_term_string\"}}],\"inLanguage\":\"da-DK\"},{\"@type\":\"Organization\",\"@id\":\"https:\\\/\\\/suresms.com\\\/en\\\/#organization\",\"name\":\"SureSMS\",\"url\":\"https:\\\/\\\/suresms.com\\\/en\\\/\",\"logo\":{\"@type\":\"ImageObject\",\"inLanguage\":\"da-DK\",\"@id\":\"https:\\\/\\\/suresms.com\\\/en\\\/#\\\/schema\\\/logo\\\/image\\\/\",\"url\":\"https:\\\/\\\/suresms.com\\\/wp-content\\\/uploads\\\/2024\\\/11\\\/suresms-300x65-1.png\",\"contentUrl\":\"https:\\\/\\\/suresms.com\\\/wp-content\\\/uploads\\\/2024\\\/11\\\/suresms-300x65-1.png\",\"width\":300,\"height\":65,\"caption\":\"SureSMS\"},\"image\":{\"@id\":\"https:\\\/\\\/suresms.com\\\/en\\\/#\\\/schema\\\/logo\\\/image\\\/\"},\"sameAs\":[\"https:\\\/\\\/www.facebook.com\\\/p\\\/SureSMS-100044607956149\\\/\"]}]}<\/script>\r\n<!-- \/ Yoast SEO Premium plugin. -->","yoast_head_json":{"title":"Fbs \u2192 Nem oprettelse og hurtige resultater med dette system","description":"Find et nemt online system med SMS services og f\u00e5 hurtigt kontakt til dine kunder. Ny og effektiv SMS l\u00f8sning til fbs.","robots":{"index":"index","follow":"follow","max-snippet":"max-snippet:-1","max-image-preview":"max-image-preview:large","max-video-preview":"max-video-preview:-1"},"canonical":"https:\/\/suresms.com\/dk\/integrationer\/fagsystem-sms-integration\/sms-loesning-til-faelles-bibliotekssystem\/","og_locale":"da_DK","og_type":"article","og_title":"SMS L\u00f8sning til F\u00e6lles Bibliotekssystem (FBS) Cicero","og_description":"Lige nu udrulles Cicero (FBS) p\u00e5 folkebiblioteker og p\u00e6dagogiske l\u00e6ringscentre rundt omkring i landet. SureSMS leverer en kvalitets SMS l\u00f8sning fuldt integrerbar med det nye system. Nem ops\u00e6tning, gratis oprettelse og intet abonnement. 14 \u00f8re pr. SMS.","og_url":"https:\/\/suresms.com\/dk\/integrationer\/fagsystem-sms-integration\/sms-loesning-til-faelles-bibliotekssystem\/","article_publisher":"https:\/\/www.facebook.com\/p\/SureSMS-100044607956149\/","article_modified_time":"2025-01-04T23:57:58+00:00","og_image":[{"width":1200,"height":600,"url":"https:\/\/suresms.com\/wp-content\/uploads\/2016\/10\/SMS-Loesning-til-FBS-1.jpg","type":"image\/jpeg"}],"twitter_card":"summary_large_image","twitter_title":"SMS l\u00f8sning til FBS (F\u00e6lles Bibliotekssystem)","twitter_misc":{"Estimeret l\u00e6setid":"5 minutter"},"schema":{"@context":"https:\/\/schema.org","@graph":[{"@type":"WebPage","@id":"https:\/\/suresms.com\/dk\/integrationer\/fagsystem-sms-integration\/sms-loesning-til-faelles-bibliotekssystem\/","url":"https:\/\/suresms.com\/dk\/integrationer\/fagsystem-sms-integration\/sms-loesning-til-faelles-bibliotekssystem\/","name":"Fbs \u2192 Nem oprettelse og hurtige resultater med dette system","isPartOf":{"@id":"https:\/\/suresms.com\/en\/#website"},"primaryImageOfPage":{"@id":"https:\/\/suresms.com\/dk\/integrationer\/fagsystem-sms-integration\/sms-loesning-til-faelles-bibliotekssystem\/#primaryimage"},"image":{"@id":"https:\/\/suresms.com\/dk\/integrationer\/fagsystem-sms-integration\/sms-loesning-til-faelles-bibliotekssystem\/#primaryimage"},"thumbnailUrl":"https:\/\/suresms.com\/wp-content\/uploads\/2015\/02\/REB-Rodskov1.jpg","datePublished":"2016-10-18T11:01:26+00:00","dateModified":"2025-01-04T23:57:58+00:00","description":"Find et nemt online system med SMS services og f\u00e5 hurtigt kontakt til dine kunder. Ny og effektiv SMS l\u00f8sning til fbs.","breadcrumb":{"@id":"https:\/\/suresms.com\/dk\/integrationer\/fagsystem-sms-integration\/sms-loesning-til-faelles-bibliotekssystem\/#breadcrumb"},"inLanguage":"da-DK","potentialAction":[{"@type":"ReadAction","target":["https:\/\/suresms.com\/dk\/integrationer\/fagsystem-sms-integration\/sms-loesning-til-faelles-bibliotekssystem\/"]}]},{"@type":"ImageObject","inLanguage":"da-DK","@id":"https:\/\/suresms.com\/dk\/integrationer\/fagsystem-sms-integration\/sms-loesning-til-faelles-bibliotekssystem\/#primaryimage","url":"https:\/\/suresms.com\/wp-content\/uploads\/2015\/02\/REB-Rodskov1.jpg","contentUrl":"https:\/\/suresms.com\/wp-content\/uploads\/2015\/02\/REB-Rodskov1.jpg"},{"@type":"BreadcrumbList","@id":"https:\/\/suresms.com\/dk\/integrationer\/fagsystem-sms-integration\/sms-loesning-til-faelles-bibliotekssystem\/#breadcrumb","itemListElement":[{"@type":"ListItem","position":1,"name":"Home","item":"https:\/\/suresms.com\/dk\/"},{"@type":"ListItem","position":2,"name":"Integrationer","item":"https:\/\/suresms.com\/dk\/integrationer\/"},{"@type":"ListItem","position":3,"name":"SMS integration til fagsystemer","item":"https:\/\/suresms.com\/dk\/integrationer\/fagsystem-sms-integration\/"},{"@type":"ListItem","position":4,"name":"SMS l\u00f8sning til FBS (F\u00e6lles Bibliotekssystem)"}]},{"@type":"WebSite","@id":"https:\/\/suresms.com\/en\/#website","url":"https:\/\/suresms.com\/en\/","name":"SureSMS","description":"Professionel SMS Gateway","publisher":{"@id":"https:\/\/suresms.com\/en\/#organization"},"potentialAction":[{"@type":"SearchAction","target":{"@type":"EntryPoint","urlTemplate":"https:\/\/suresms.com\/en\/?s={search_term_string}"},"query-input":{"@type":"PropertyValueSpecification","valueRequired":true,"valueName":"search_term_string"}}],"inLanguage":"da-DK"},{"@type":"Organization","@id":"https:\/\/suresms.com\/en\/#organization","name":"SureSMS","url":"https:\/\/suresms.com\/en\/","logo":{"@type":"ImageObject","inLanguage":"da-DK","@id":"https:\/\/suresms.com\/en\/#\/schema\/logo\/image\/","url":"https:\/\/suresms.com\/wp-content\/uploads\/2024\/11\/suresms-300x65-1.png","contentUrl":"https:\/\/suresms.com\/wp-content\/uploads\/2024\/11\/suresms-300x65-1.png","width":300,"height":65,"caption":"SureSMS"},"image":{"@id":"https:\/\/suresms.com\/en\/#\/schema\/logo\/image\/"},"sameAs":["https:\/\/www.facebook.com\/p\/SureSMS-100044607956149\/"]}]}},"_links":{"self":[{"href":"https:\/\/suresms.com\/dk\/wp-json\/wp\/v2\/pages\/3755","targetHints":{"allow":["GET"]}}],"collection":[{"href":"https:\/\/suresms.com\/dk\/wp-json\/wp\/v2\/pages"}],"about":[{"href":"https:\/\/suresms.com\/dk\/wp-json\/wp\/v2\/types\/page"}],"author":[{"embeddable":true,"href":"https:\/\/suresms.com\/dk\/wp-json\/wp\/v2\/users\/1"}],"replies":[{"embeddable":true,"href":"https:\/\/suresms.com\/dk\/wp-json\/wp\/v2\/comments?post=3755"}],"version-history":[{"count":6,"href":"https:\/\/suresms.com\/dk\/wp-json\/wp\/v2\/pages\/3755\/revisions"}],"predecessor-version":[{"id":21033,"href":"https:\/\/suresms.com\/dk\/wp-json\/wp\/v2\/pages\/3755\/revisions\/21033"}],"up":[{"embeddable":true,"href":"https:\/\/suresms.com\/dk\/wp-json\/wp\/v2\/pages\/18069"}],"wp:attachment":[{"href":"https:\/\/suresms.com\/dk\/wp-json\/wp\/v2\/media?parent=3755"}],"wp:term":[{"taxonomy":"category","embeddable":true,"href":"https:\/\/suresms.com\/dk\/wp-json\/wp\/v2\/categories?post=3755"},{"taxonomy":"post_tag","embeddable":true,"href":"https:\/\/suresms.com\/dk\/wp-json\/wp\/v2\/tags?post=3755"}],"curies":[{"name":"wp","href":"https:\/\/api.w.org\/{rel}","templated":true}]}}