{"id":333,"date":"2014-09-03T11:24:20","date_gmt":"2014-09-03T09:24:20","guid":{"rendered":"http:\/\/da.suresms.com\/?page_id=333"},"modified":"2026-04-02T18:24:03","modified_gmt":"2026-04-02T18:24:03","slug":"sms-gateway-priser","status":"publish","type":"page","link":"https:\/\/suresms.com\/dk\/om-suresms\/sms-gateway-priser\/","title":{"rendered":"SMS gateway priser"},"content":{"rendered":"\n\n\t<h1>SMS Gateway priser!<\/h1>\n\t\t\t\t\t<h2>SMS Gateway<\/h2> 0,- pr m\u00e5ned<ul role=\"list\"><li role=\"listitem\">31 \u00f8re pr. SMS (ex. moms)<\/li><li role=\"listitem\">Gratis oprettelse<\/li><li role=\"listitem\">0,- kr i abonnement<\/li><li role=\"listitem\">Ingen binding<\/li><li role=\"listitem\">Gratis fakturering<\/li><li role=\"listitem\">HLR-opslag til 2 \u00f8re pr. stk.<\/li><\/ul>\n\t\t\t<a href=\"https:\/\/suresms.com\/opret-sms-gateway-konto\/\"  target=\"_self\">\n\t\t\t\t\t\tOpret Konto\n\t\t\t\t\t<\/a>\n\t\t\t\t\t<h2>2-vejs VLN-numre<\/h2> 99,-  pr. m\u00e5ned<ul role=\"list\"><li role=\"listitem\">31 \u00f8re pr. SMS (ex. moms)<\/li><li role=\"listitem\">Gratis oprettelse<\/li><li role=\"listitem\">99,- i abonnement<\/li><li role=\"listitem\">6 mdr. binding<\/li><li role=\"listitem\">Gratis fakturering<\/li><li role=\"listitem\">Gratis modtagelse af SMS<\/li><\/ul>\n\t\t\t<a href=\"https:\/\/suresms.com\/bestil-2-vejs-losning\/\"  target=\"_self\">\n\t\t\t\t\t\tK\u00f8b VLN-nummer\n\t\t\t\t\t<\/a>\n\t\t\t\t\t<h2>2-vejs &#8211; Hostet SIM <\/h2> 199,-  pr. m\u00e5ned<ul role=\"list\"><li role=\"listitem\">31 \u00f8re pr. SMS (ex. moms)<\/li><li role=\"listitem\">Gratis oprettelse<\/li><li role=\"listitem\">199,- i abonnement<\/li><li role=\"listitem\">6 mdr. binding<\/li><li role=\"listitem\">Gratis fakturering<\/li><li role=\"listitem\">Gratis modtagelse af SMS<\/li><\/ul>\n\t\t\t<a href=\"https:\/\/suresms.com\/bestil-2-vejs-losning\/\"  target=\"_self\">\n\t\t\t\t\t\tK\u00f8b Hostet SIM\n\t\t\t\t\t<\/a>\n\t\t\t\t\t<h2>2-vejs Nummerserier<\/h2> max. 49,- pr. m\u00e5ned<ul role=\"list\"><li role=\"listitem\">Kontakt os for priser<\/li><li role=\"listitem\">Gratis oprettelse<\/li><li role=\"listitem\">max 49,- afh. af volumen <\/li><li role=\"listitem\">6 mdr. binding<\/li><li role=\"listitem\">Gratis fakturering<\/li><li role=\"listitem\">ved min. 10 numre<\/li><\/ul>\n\t\t\t<a href=\"https:\/\/suresms.com\/kontakt\/\"  target=\"_self\">\n\t\t\t\t\t\tKontakt os \n\t\t\t\t\t<\/a>\n\t<p><strong>Prisen p\u00e5 en SMS er den samme, og du betaler for alle SMS&#8217;er du sender, selvom modtagerens\u00a0telefonen er slukket, udenfor d\u00e6kning eller nummeret ikke findes!<\/strong><\/p>\n<p><strong>Ved hosted SIM betaler du IKKE for udg\u00e5ende sms&#8217;er til dit teleselskab, selvom vi har dit SIM-kort i telefonen. Du skal kun betale til os, og det er 28 \u00f8re pr. SMS. Alle fire danske teleselskaber skriver i deres betingelser, at man IKKE m\u00e5 lave s\u00e5kaldte &#8220;maskingenererede&#8221; SMS beskeder med deres SIM kort. Derfor vil det v\u00e6re en overtr\u00e6delse af betingelserne hos teleselskaberne, hvis SMS Gateways sender SMS igennem SIM kortet. Vi leverer derfor SMS beskeden igennem vores direkte forbindelse til teleselskabet, men modtager svaret p\u00e5 SIM-kortet.<\/strong><\/p>\n\t<h3>Om vores 2-vejs l\u00f8sninger<\/h3>\n<p>Du skal bruge en 2-vejs l\u00f8sning, hvis du \u00f8nsker, at kunne modtage svar tilbage p\u00e5 dine SMS-beskeder. Det kan f.eks v\u00e6re kunder, som kan svare p\u00e5 sp\u00f8rgsm\u00e5l, eller ved brug af maskingenerede SMS&#8217;er bl.a. brugt til overv\u00e5gning. En 2-vejs l\u00f8sning er IKKE en del af vores gratis SMS gateway.<\/p>\n<p>De SMS-beskeder, du modtager,er en del af abonnementet (gratis) og der er intet oprettelsesgebyr. 2-vejs l\u00f8sningen har en 6 mdr. binding og kan derefter opsiges med 1 m\u00e5neds varsel. Prisen er stadig den samme pr. SMS, du sender.\u00a0<a title=\"2 vejs sms, modtag SMS p\u00e5 din computer\" href=\"https:\/\/suresms.com\/dk\/funktioner\/modtag-sms-pa-din-computer\/\">L\u00e6s mere om vores 2-vejs l\u00f8sning\u00a0HER!<\/a><\/p>\n\t\t<h3><a href=\"https:\/\/www.suresms.com\/dk\/gratis-sms-testkonto\/\" target=\"_self\">Opret en gratis testkonto NU!<\/a><\/h3><p>Du kan kvit og frit oprette en konto, s\u00e5 du kan afpr\u00f8ve vores system, inden du k\u00f8ber. F\u00f8lg linket og f\u00e5 en testkonto inkl. 50 gratis SMS&#8217;er med det samme. Du beh\u00f8ver ikke indtaste betalingsoplysninger for at \u00e5bne en testkonto . Det er en service fra SureSMS til dig uden \u00f8konomiske omkostninger eller bindinger.<\/p>\n<p>Af sikkerhedshensyn tjekker vi hver eneste konto manuelt, og der kan til tider v\u00e6re en kort ventetid. Vi beder om forst\u00e5else for dette.<\/p>\n\t<figure itemscope itemtype=\"https:\/\/schema.org\/ImageObject\">\n\t\t\t\t<a href=\"https:\/\/www.suresms.com\/dk\/gratis-sms-testkonto\/\"  target=\"_self\" itemprop=\"url\">\n\t\t\t\t<img decoding=\"async\" src=\"https:\/\/suresms.com\/wp-content\/uploads\/2014\/09\/test320-x243.jpg\" alt=\"opret gratis testkonto sure sms sms gateway gratis -100 gratis sms&#039;er\" height=\"243\" width=\"320\" title=\"test320 x243\" onerror=\"this.style.display='none'\" loading=\"lazy\" \/>\n\t\t\t\t<\/a>\n\t<\/figure>\n\n","protected":false},"excerpt":{"rendered":"<p>SMS Gateway priser! SMS Gateway 0,- pr m\u00e5ned 31 \u00f8re pr. SMS (ex. moms) Gratis oprettelse 0,- kr i abonnement Ingen binding Gratis fakturering HLR-opslag til 2 \u00f8re pr. stk. Opret Konto 2-vejs VLN-numre 99,- pr. m\u00e5ned 31 \u00f8re pr. SMS (ex. moms) Gratis oprettelse 99,- i abonnement 6 mdr. binding Gratis fakturering Gratis modtagelse &#8230; <a title=\"SMS gateway priser\" class=\"read-more\" href=\"https:\/\/suresms.com\/dk\/om-suresms\/sms-gateway-priser\/\" aria-label=\"Read more about SMS gateway priser\">L\u00e6s mere <\/a><\/p>\n","protected":false},"author":1,"featured_media":0,"parent":18594,"menu_order":4,"comment_status":"closed","ping_status":"closed","template":"","meta":{"_fl_builder_enabled":"1","_fl_builder_data":null,"_fl_builder_draft":null,"_fl_builder_data_settings":null,"_fl_builder_css":"","_fl_builder_css_version":"","_fl_builder_js":"","footnotes":""},"categories":[],"tags":[],"class_list":["post-333","page","type-page","status-publish"],"yoast_head":"<!-- This site is optimized with the Yoast SEO Premium plugin v27.3 (Yoast SEO v27.3) - https:\/\/yoast.com\/product\/yoast-seo-premium-wordpress\/ -->\r\n<title>SMS gateway priser | Se priserne og Opret en gratis testkonto<\/title>\r\n<meta name=\"description\" content=\"Vi tilbyder Danmarks bedste SMS gateway priser. Ingen oprettelse. Intet abonnement. 18 \u00f8re pr. SMS til Danmark. Gratis test konto allerede i dag. Signup!\" \/>\r\n<meta name=\"robots\" content=\"index, follow, max-snippet:-1, max-image-preview:large, max-video-preview:-1\" \/>\r\n<link rel=\"canonical\" href=\"https:\/\/suresms.com\/dk\/om-suresms\/sms-gateway-priser\/\" \/>\r\n<meta property=\"og:locale\" content=\"da_DK\" \/>\r\n<meta property=\"og:type\" content=\"article\" \/>\r\n<meta property=\"og:title\" content=\"SMS gateway priser\" \/>\r\n<meta property=\"og:description\" content=\"Vi tilbyder Danmarks bedste SMS gateway priser. Ingen oprettelse. Intet abonnement. 18 \u00f8re pr. SMS til Danmark. Gratis test konto allerede i dag. Signup!\" \/>\r\n<meta property=\"og:url\" content=\"https:\/\/suresms.com\/dk\/om-suresms\/sms-gateway-priser\/\" \/>\r\n<meta property=\"article:publisher\" content=\"https:\/\/www.facebook.com\/p\/SureSMS-100044607956149\/\" \/>\r\n<meta property=\"article:modified_time\" content=\"2026-04-02T18:24:03+00:00\" \/>\r\n<meta property=\"og:image\" content=\"https:\/\/suresms.com\/wp-content\/uploads\/2014\/09\/test320-x243.jpg\" \/>\r\n<meta name=\"twitter:card\" content=\"summary_large_image\" \/>\r\n<meta name=\"twitter:label1\" content=\"Estimeret l\u00e6setid\" \/>\n\t<meta name=\"twitter:data1\" content=\"3 minutter\" \/>\r\n<script type=\"application\/ld+json\" class=\"yoast-schema-graph\">{\"@context\":\"https:\\\/\\\/schema.org\",\"@graph\":[{\"@type\":\"WebPage\",\"@id\":\"https:\\\/\\\/suresms.com\\\/dk\\\/om-suresms\\\/sms-gateway-priser\\\/\",\"url\":\"https:\\\/\\\/suresms.com\\\/dk\\\/om-suresms\\\/sms-gateway-priser\\\/\",\"name\":\"SMS gateway priser | Se priserne og Opret en gratis testkonto\",\"isPartOf\":{\"@id\":\"https:\\\/\\\/suresms.com\\\/en\\\/#website\"},\"primaryImageOfPage\":{\"@id\":\"https:\\\/\\\/suresms.com\\\/dk\\\/om-suresms\\\/sms-gateway-priser\\\/#primaryimage\"},\"image\":{\"@id\":\"https:\\\/\\\/suresms.com\\\/dk\\\/om-suresms\\\/sms-gateway-priser\\\/#primaryimage\"},\"thumbnailUrl\":\"https:\\\/\\\/suresms.com\\\/wp-content\\\/uploads\\\/2014\\\/09\\\/test320-x243.jpg\",\"datePublished\":\"2014-09-03T09:24:20+00:00\",\"dateModified\":\"2026-04-02T18:24:03+00:00\",\"description\":\"Vi tilbyder Danmarks bedste SMS gateway priser. Ingen oprettelse. Intet abonnement. 18 \u00f8re pr. SMS til Danmark. Gratis test konto allerede i dag. Signup!\",\"breadcrumb\":{\"@id\":\"https:\\\/\\\/suresms.com\\\/dk\\\/om-suresms\\\/sms-gateway-priser\\\/#breadcrumb\"},\"inLanguage\":\"da-DK\",\"potentialAction\":[{\"@type\":\"ReadAction\",\"target\":[\"https:\\\/\\\/suresms.com\\\/dk\\\/om-suresms\\\/sms-gateway-priser\\\/\"]}]},{\"@type\":\"ImageObject\",\"inLanguage\":\"da-DK\",\"@id\":\"https:\\\/\\\/suresms.com\\\/dk\\\/om-suresms\\\/sms-gateway-priser\\\/#primaryimage\",\"url\":\"https:\\\/\\\/suresms.com\\\/wp-content\\\/uploads\\\/2014\\\/09\\\/test320-x243.jpg\",\"contentUrl\":\"https:\\\/\\\/suresms.com\\\/wp-content\\\/uploads\\\/2014\\\/09\\\/test320-x243.jpg\"},{\"@type\":\"BreadcrumbList\",\"@id\":\"https:\\\/\\\/suresms.com\\\/dk\\\/om-suresms\\\/sms-gateway-priser\\\/#breadcrumb\",\"itemListElement\":[{\"@type\":\"ListItem\",\"position\":1,\"name\":\"Home\",\"item\":\"https:\\\/\\\/suresms.com\\\/dk\\\/\"},{\"@type\":\"ListItem\",\"position\":2,\"name\":\"Om SureSMS\",\"item\":\"https:\\\/\\\/suresms.com\\\/dk\\\/om-suresms\\\/\"},{\"@type\":\"ListItem\",\"position\":3,\"name\":\"SMS gateway priser\"}]},{\"@type\":\"WebSite\",\"@id\":\"https:\\\/\\\/suresms.com\\\/en\\\/#website\",\"url\":\"https:\\\/\\\/suresms.com\\\/en\\\/\",\"name\":\"SureSMS\",\"description\":\"Professionel SMS Gateway\",\"publisher\":{\"@id\":\"https:\\\/\\\/suresms.com\\\/en\\\/#organization\"},\"potentialAction\":[{\"@type\":\"SearchAction\",\"target\":{\"@type\":\"EntryPoint\",\"urlTemplate\":\"https:\\\/\\\/suresms.com\\\/en\\\/?s={search_term_string}\"},\"query-input\":{\"@type\":\"PropertyValueSpecification\",\"valueRequired\":true,\"valueName\":\"search_term_string\"}}],\"inLanguage\":\"da-DK\"},{\"@type\":\"Organization\",\"@id\":\"https:\\\/\\\/suresms.com\\\/en\\\/#organization\",\"name\":\"SureSMS\",\"url\":\"https:\\\/\\\/suresms.com\\\/en\\\/\",\"logo\":{\"@type\":\"ImageObject\",\"inLanguage\":\"da-DK\",\"@id\":\"https:\\\/\\\/suresms.com\\\/en\\\/#\\\/schema\\\/logo\\\/image\\\/\",\"url\":\"https:\\\/\\\/suresms.com\\\/wp-content\\\/uploads\\\/2024\\\/11\\\/suresms-300x65-1.png\",\"contentUrl\":\"https:\\\/\\\/suresms.com\\\/wp-content\\\/uploads\\\/2024\\\/11\\\/suresms-300x65-1.png\",\"width\":300,\"height\":65,\"caption\":\"SureSMS\"},\"image\":{\"@id\":\"https:\\\/\\\/suresms.com\\\/en\\\/#\\\/schema\\\/logo\\\/image\\\/\"},\"sameAs\":[\"https:\\\/\\\/www.facebook.com\\\/p\\\/SureSMS-100044607956149\\\/\"]}]}<\/script>\r\n<!-- \/ Yoast SEO Premium plugin. -->","yoast_head_json":{"title":"SMS gateway priser | Se priserne og Opret en gratis testkonto","description":"Vi tilbyder Danmarks bedste SMS gateway priser. Ingen oprettelse. Intet abonnement. 18 \u00f8re pr. SMS til Danmark. Gratis test konto allerede i dag. Signup!","robots":{"index":"index","follow":"follow","max-snippet":"max-snippet:-1","max-image-preview":"max-image-preview:large","max-video-preview":"max-video-preview:-1"},"canonical":"https:\/\/suresms.com\/dk\/om-suresms\/sms-gateway-priser\/","og_locale":"da_DK","og_type":"article","og_title":"SMS gateway priser","og_description":"Vi tilbyder Danmarks bedste SMS gateway priser. Ingen oprettelse. Intet abonnement. 18 \u00f8re pr. SMS til Danmark. Gratis test konto allerede i dag. Signup!","og_url":"https:\/\/suresms.com\/dk\/om-suresms\/sms-gateway-priser\/","article_publisher":"https:\/\/www.facebook.com\/p\/SureSMS-100044607956149\/","article_modified_time":"2026-04-02T18:24:03+00:00","og_image":[{"url":"https:\/\/suresms.com\/wp-content\/uploads\/2014\/09\/test320-x243.jpg","type":"","width":"","height":""}],"twitter_card":"summary_large_image","twitter_misc":{"Estimeret l\u00e6setid":"3 minutter"},"schema":{"@context":"https:\/\/schema.org","@graph":[{"@type":"WebPage","@id":"https:\/\/suresms.com\/dk\/om-suresms\/sms-gateway-priser\/","url":"https:\/\/suresms.com\/dk\/om-suresms\/sms-gateway-priser\/","name":"SMS gateway priser | Se priserne og Opret en gratis testkonto","isPartOf":{"@id":"https:\/\/suresms.com\/en\/#website"},"primaryImageOfPage":{"@id":"https:\/\/suresms.com\/dk\/om-suresms\/sms-gateway-priser\/#primaryimage"},"image":{"@id":"https:\/\/suresms.com\/dk\/om-suresms\/sms-gateway-priser\/#primaryimage"},"thumbnailUrl":"https:\/\/suresms.com\/wp-content\/uploads\/2014\/09\/test320-x243.jpg","datePublished":"2014-09-03T09:24:20+00:00","dateModified":"2026-04-02T18:24:03+00:00","description":"Vi tilbyder Danmarks bedste SMS gateway priser. Ingen oprettelse. Intet abonnement. 18 \u00f8re pr. SMS til Danmark. Gratis test konto allerede i dag. Signup!","breadcrumb":{"@id":"https:\/\/suresms.com\/dk\/om-suresms\/sms-gateway-priser\/#breadcrumb"},"inLanguage":"da-DK","potentialAction":[{"@type":"ReadAction","target":["https:\/\/suresms.com\/dk\/om-suresms\/sms-gateway-priser\/"]}]},{"@type":"ImageObject","inLanguage":"da-DK","@id":"https:\/\/suresms.com\/dk\/om-suresms\/sms-gateway-priser\/#primaryimage","url":"https:\/\/suresms.com\/wp-content\/uploads\/2014\/09\/test320-x243.jpg","contentUrl":"https:\/\/suresms.com\/wp-content\/uploads\/2014\/09\/test320-x243.jpg"},{"@type":"BreadcrumbList","@id":"https:\/\/suresms.com\/dk\/om-suresms\/sms-gateway-priser\/#breadcrumb","itemListElement":[{"@type":"ListItem","position":1,"name":"Home","item":"https:\/\/suresms.com\/dk\/"},{"@type":"ListItem","position":2,"name":"Om SureSMS","item":"https:\/\/suresms.com\/dk\/om-suresms\/"},{"@type":"ListItem","position":3,"name":"SMS gateway priser"}]},{"@type":"WebSite","@id":"https:\/\/suresms.com\/en\/#website","url":"https:\/\/suresms.com\/en\/","name":"SureSMS","description":"Professionel SMS Gateway","publisher":{"@id":"https:\/\/suresms.com\/en\/#organization"},"potentialAction":[{"@type":"SearchAction","target":{"@type":"EntryPoint","urlTemplate":"https:\/\/suresms.com\/en\/?s={search_term_string}"},"query-input":{"@type":"PropertyValueSpecification","valueRequired":true,"valueName":"search_term_string"}}],"inLanguage":"da-DK"},{"@type":"Organization","@id":"https:\/\/suresms.com\/en\/#organization","name":"SureSMS","url":"https:\/\/suresms.com\/en\/","logo":{"@type":"ImageObject","inLanguage":"da-DK","@id":"https:\/\/suresms.com\/en\/#\/schema\/logo\/image\/","url":"https:\/\/suresms.com\/wp-content\/uploads\/2024\/11\/suresms-300x65-1.png","contentUrl":"https:\/\/suresms.com\/wp-content\/uploads\/2024\/11\/suresms-300x65-1.png","width":300,"height":65,"caption":"SureSMS"},"image":{"@id":"https:\/\/suresms.com\/en\/#\/schema\/logo\/image\/"},"sameAs":["https:\/\/www.facebook.com\/p\/SureSMS-100044607956149\/"]}]}},"_links":{"self":[{"href":"https:\/\/suresms.com\/dk\/wp-json\/wp\/v2\/pages\/333","targetHints":{"allow":["GET"]}}],"collection":[{"href":"https:\/\/suresms.com\/dk\/wp-json\/wp\/v2\/pages"}],"about":[{"href":"https:\/\/suresms.com\/dk\/wp-json\/wp\/v2\/types\/page"}],"author":[{"embeddable":true,"href":"https:\/\/suresms.com\/dk\/wp-json\/wp\/v2\/users\/1"}],"replies":[{"embeddable":true,"href":"https:\/\/suresms.com\/dk\/wp-json\/wp\/v2\/comments?post=333"}],"version-history":[{"count":8,"href":"https:\/\/suresms.com\/dk\/wp-json\/wp\/v2\/pages\/333\/revisions"}],"predecessor-version":[{"id":23891,"href":"https:\/\/suresms.com\/dk\/wp-json\/wp\/v2\/pages\/333\/revisions\/23891"}],"up":[{"embeddable":true,"href":"https:\/\/suresms.com\/dk\/wp-json\/wp\/v2\/pages\/18594"}],"wp:attachment":[{"href":"https:\/\/suresms.com\/dk\/wp-json\/wp\/v2\/media?parent=333"}],"wp:term":[{"taxonomy":"category","embeddable":true,"href":"https:\/\/suresms.com\/dk\/wp-json\/wp\/v2\/categories?post=333"},{"taxonomy":"post_tag","embeddable":true,"href":"https:\/\/suresms.com\/dk\/wp-json\/wp\/v2\/tags?post=333"}],"curies":[{"name":"wp","href":"https:\/\/api.w.org\/{rel}","templated":true}]}}