{"id":3023,"date":"2016-06-22T12:08:19","date_gmt":"2016-06-22T10:08:19","guid":{"rendered":"https:\/\/www.suresms.com\/dk\/?page_id=3023"},"modified":"2025-01-20T10:13:41","modified_gmt":"2025-01-20T10:13:41","slug":"sms-outlook-addin","status":"publish","type":"page","link":"https:\/\/suresms.com\/dk\/integrationer\/mail_og_kalender\/sms-outlook-addin\/","title":{"rendered":"Outlook Add-in"},"content":{"rendered":"\n\n\t\t\t\t<!-- Flexy Breadcrumb -->\r\n\t\t\t<div class=\"fbc fbc-page\">\r\n\r\n\t\t\t\t<!-- Breadcrumb wrapper -->\r\n\t\t\t\t<div class=\"fbc-wrap\">\r\n\r\n\t\t\t\t\t<!-- Ordered list-->\r\n\t\t\t\t\t<ol class=\"fbc-items\" itemscope itemtype=\"https:\/\/schema.org\/BreadcrumbList\">\r\n\t\t\t\t\t\t            <li itemprop=\"itemListElement\" itemscope itemtype=\"https:\/\/schema.org\/ListItem\">\r\n                <span itemprop=\"name\">\r\n                    <!-- Home Link -->\r\n                    <a itemprop=\"item\" href=\"https:\/\/suresms.com\">\r\n                    \r\n                                                    <i class=\"fa fa-home\" aria-hidden=\"true\"><\/i>Home                    <\/a>\r\n                <\/span>\r\n                <meta itemprop=\"position\" content=\"1\" \/><!-- Meta Position-->\r\n             <\/li><li><span class=\"fbc-separator\">\/<\/span><\/li><li class=\"active\" itemprop=\"itemListElement\" itemscope itemtype=\"https:\/\/schema.org\/ListItem\"><span itemprop=\"name\" title=\"Outlook Add-in\">Outlook Add-in<\/span><meta itemprop=\"position\" content=\"2\" \/><\/li>\t\t\t\t\t<\/ol>\r\n\t\t\t\t\t<div class=\"clearfix\"><\/div>\r\n\t\t\t\t<\/div>\r\n\t\t\t<\/div>\r\n\t\t\t\n\t\t\t\t<img loading=\"lazy\" decoding=\"async\" src=\"https:\/\/suresms.com\/wp-content\/uploads\/2021\/10\/SMS2Outlook-low-1.png\" alt=\"SMS2Outlook low\" itemprop=\"image\" height=\"250\" width=\"977\" title=\"SMS2Outlook low\" onerror=\"this.style.display='none'\"  \/>\n\t<p><strong>Send SMS direkte fra Outlook. Send beskeder til lister fra Outlook.<\/strong><br \/><strong>Send SMS fra Outlooks kalender.<\/strong><\/p>\n\t<h2>Hvad er Outlook?<\/h2>\n<p>Outlook er en omfattende e-mail- og kalenderapplikation udviklet af Microsoft, som bruges af b\u00e5de enkeltpersoner og virksomheder til at h\u00e5ndtere e-mails, kalendere, opgaver og kontakter. Vores integration g\u00f8r det muligt at sende SMS direkte fra Outlook, hvilket giver en nem og effektiv m\u00e5de at kommunikere hurtigt og p\u00e5lideligt uden at skulle forlade din indbakke.<\/p>\n\t<h2>SMS2Outlook Add-in<\/h2>\n<p>I SureSMS har vi lavet et Add-in til Outlook, s\u00e5 du hurtigt og nemt kan sende SMS direkte fra din Outlook. Brug dine Outlook kontakter, n\u00e5r du skal sende SMS til klienter, brugere og kunder. Med SureSMS add-in f\u00e5r du ogs\u00e5 mulighed for at gemme og dermed journalisere beskederne.<\/p>\n<p>Download og installer vores Outlook plugin her fra hjemmesiden. Plugin og abonnement er GRATIS, og du betaler kun pr. afsendt SMS efter g\u00e6ldende takst. Se vores<a href=\"https:\/\/www.suresms.com\/dk\/sms-gateway-professionelle-sms-losninger\/sms-gateway-priser\/\">\u00a0SMS Gateway priser<\/a> her.<\/p>\n<p>&nbsp;<\/p>\n<h2>\n\t\tDownload Add-in\n\t<\/h2>\n\t<p>Download add-inet herunder til almindelig Outlook eller til Citrix\/Terminal Server.<\/p>\n\t\t\t\t<a href=\"https:\/\/suresms.com\/wp-content\/uploads\/2025\/01\/Sms2Outlook.msi\" target=\"_self\" itemprop=\"url\">\n\t\t\t\t<img loading=\"lazy\" decoding=\"async\" src=\"https:\/\/suresms.com\/wp-content\/uploads\/2021\/10\/download-1.png\" alt=\"download\" itemprop=\"image\" height=\"234\" width=\"600\" title=\"download\" onerror=\"this.style.display='none'\"  \/>\n\t\t\t\t<\/a>\n\t\t<h3><a href=\"https:\/\/suresms.com\/wp-content\/uploads\/2025\/01\/Sms2Outlook.msi\" target=\"_self\">Download SureSMS Outlook Add-in Version 2.9<\/a><\/h3><p>Her fra linket kan du downloade vores SureSMS SMS add-in direkte til din computer. Med dette Add-in bliver det hurtigt\u00a0&#8211;\u00a0og meget meget nemt &#8211; at sende SMS fra Outlook.<\/p>\n<p>Bem\u00e6rk:<\/p>\n<ul>\n<li>\n<ul>\n<li>Add-in&#8217;et \/ vores plugin virker til Outlook 2013 og op<\/li>\n<\/ul>\n<\/li>\n<\/ul>\n<p>&nbsp;<\/p>\n<ul>\n<li>\n<ul>\n<li>Add-in&#8217;et virker ikke i &#8220;Den nye Outlook&#8221;<\/li>\n<\/ul>\n<\/li>\n<\/ul>\n<p>&nbsp;<\/p>\n<ul>\n<li>\n<ul>\n<li>Hvis du tilg\u00e5r Outlook via Terminal Server eller Citrix l\u00f8sninger skal du bruge download i n\u00e6ste afsnit.<\/li>\n<\/ul>\n<\/li>\n<\/ul>\n<p>&nbsp;<\/p>\n<p>Det fungerer uanset, om du anvender Office 365, eller om du benytter din egen Exchange server.<\/p>\n\t\t\t\t\t<a href=\"#\" id=\"fl-accordion--label-0\" tabindex=\"0\" aria-controls=\"fl-accordion--panel-0\">Installation p\u00e5 Terminal Server\/Citrix <\/a>\n\t\t\t\t\t\t\t\t\t\t\t<a href=\"#\" id=\"fl-accordion--icon-0\" tabindex=\"-1\"><i title=\"Expand\">Expand<\/i><\/a>\n\t\t\t\t\t<p>OBS: Skal du installere Add-in&#8217;et p\u00e5 en Terminal Server eller en Citrix farm, s\u00e5 skal du bruge denne MSI fil i stedet.<\/p>\n<a role=\"button\" href=\"https:\/\/suresms.com\/wp-content\/uploads\/2025\/01\/Sms2Outlook.SetupAllUsers-2.msi\" rel=\"noopener noreferrer\"><br \/>\nSMS Outlook for Terminal Server<br \/>\n<\/a>\n<p>N\u00e5r du installerer skal terminalserveren v\u00e6re i install mode.<\/p>\n<p>Start en kommandolinje i administratormode<\/p>\n<ol>\n<li>\n<ol>\n<li>Skriv &#8220;change user \/install&#8221;<\/li>\n<\/ol>\n<\/li>\n<\/ol>\n<p>&nbsp;<\/p>\n<ol>\n<li>\n<ol>\n<li>K\u00f8r installationsprogrammet<\/li>\n<\/ol>\n<\/li>\n<\/ol>\n<p>&nbsp;<\/p>\n<ol>\n<li>\n<ol>\n<li>Skriv &#8220;change user \/execute&#8221;<\/li>\n<\/ol>\n<\/li>\n<\/ol>\n<p>&nbsp;<\/p>\n<p>Derefter skal du:<\/p>\n<ol>\n<li>\n<ol>\n<li>Logge p\u00e5 Outlook som administrator<\/li>\n<\/ol>\n<\/li>\n<\/ol>\n<p>&nbsp;<\/p>\n<ol>\n<li>\n<ol>\n<li>G\u00e5 ind i Filer \/ Indstillinger \/ Tilf\u00f8jelsesprogrammer<\/li>\n<\/ol>\n<\/li>\n<\/ol>\n<p>&nbsp;<\/p>\n<ol>\n<li>\n<ol>\n<li>I bunden under &#8220;COM-Tilf\u00f8jelsesprogrammer&#8221; skal du i Tilf\u00f8j.<\/li>\n<\/ol>\n<\/li>\n<\/ol>\n<p>&nbsp;<\/p>\n<ol>\n<li>\n<ol>\n<li>Trykke tilf\u00f8j i dialogboksen.<\/li>\n<\/ol>\n<\/li>\n<\/ol>\n<p>&nbsp;<\/p>\n<ol>\n<li>\n<ol>\n<li>Finde stien til add-in&#8217;et<\/li>\n<\/ol>\n<\/li>\n<\/ol>\n<p>&nbsp;<\/p>\n<ol>\n<li>\n<ol>\n<li>V\u00e6lge filen adxloader.ddl og trykke ok.<\/li>\n<\/ol>\n<\/li>\n<\/ol>\n<p>&nbsp;<\/p>\n<ol>\n<li>\n<ol>\n<li>Genstarte Outlook<\/li>\n<\/ol>\n<\/li>\n<\/ol>\n<p>&nbsp;<\/p>\n<p>&nbsp;<\/p>\n\t<h2>Funktioner i SMS2Outlook<\/h2>\n<p>&nbsp;<\/p>\n<h3>Send SMS via kontakter og grupper i Outlook<\/h3>\nVores SMS Add-in er udviklet specielt til Outlook med de standarder, som Microsoft kr\u00e6ver af deres Add-ins. Det betyder, at du med en hurtig installation af vores &#8220;plugin&#8221; f\u00e5r funktionen indbygget i din Outlook menu. Via en SureSMS menu i din top bar, kan du sende sms og gruppe-sms direkte til dine eksisterende kontakter eller tilf\u00f8je nye. Skriv blot kontaktnavn eller telefonnummer, tast beskeden og tryk send.<br \/>\nEn SMS kan v\u00e6re op til 160 tegn (fastsat af teleselskaberne), men fra vores sms-sender kan du sende helt op til 800 tegn. Er beskeden l\u00e6ngere bliver den s\u00e5 bare tilsvarende dyrere\u00a0ligesom fra\u00a0din almindelige mobil.\n<h3>Dokumentation og Journalisering<\/h3>\nN\u00e5r du sender SMS fra din Outlook client via SureSMS, har vi s\u00f8rget for, at din beskeder automatisk bliver gemt. Under indstillinger kan du selv bestemme hvilken\u00a0mappe, SMS&#8217;erne bliver gemt i, ligesom et evt. journaliseringssystem kan hente beskederne fra mappen.<br \/>\nHermed kan de, ligesom din anden kommunikation, journaliseres og tages frem\u00a0ved senere behov for\u00a0dokumentation. Dermed opfyldes den jounaliseringspligt, som bl.a. g\u00f8r sig g\u00e6ldende i alle offentlige og kommunale institutioner.\n<h3>V\u00e6lg Afsender-ID<\/h3>\n<p>Med vores nye SMS til Outlook Version 1.4 er der kommet flere nye muligheder for valg af afsender-ID. Du kan nu sende fra dit eget mobilnummer og s\u00e5ledes modtage svar p\u00e5 mobilen ganske gratis. \u00d8nsker du at modtage svar i din Outlook, s\u00e5 det senere kan dokumenteres, skal du bruge en\u00a0<a href=\"https:\/\/suresms.com\/dk\/funktioner\/modtag-sms-pa-din-computer\/\">2-vejs SMS L\u00f8sning\u00a0<\/a>fra Os. Det er nemt og hurtigt at s\u00e6tte op. Se\u00a0<a href=\"https:\/\/www.suresms.com\/dk\/sms-gateway-priser\/\">priser p\u00e5 vores SMS L\u00f8sninger<\/a>\u00a0her. Sidst med ikke mindst kan du v\u00e6lge at sende fra dit firmanavn. Dette kan v\u00e6re af stor v\u00e6rdi for firmaer eller organisationer til branding eller kampagner. \u00d8nsker du flere forskellige afsender-ID s\u00e5 kontakt os. Af sikkerhedsm\u00e6ssige \u00e5rsager kan vores brugere ikke selv lave nye, men vi ordner det\u00a0p\u00e5 f\u00e5 minutter.<\/p>\n<h3>2-vejs l\u00f8sning<\/h3>\n<p>N\u00e5r du opretter en test-konto i toppen af denne side, f\u00e5r du 50 gratis beskeder med til at teste. I test-versionen er der desv\u00e6rre ikke mulighed for at modtage SMS beskeder. Ring til os for at h\u00f8re om mulighederne for at modtage SMS.<\/p>\n\t<h2>S\u00e5dan installere du SMS2Outlook<\/h2>\nDet er enkelt at installere vores Add-in til Outlook. Bare f\u00f8lg denne lille instruks.<br \/>\nSkulle du \u00f8nske dig er mere detaljeret vejledning, <a href=\"https:\/\/suresms.com\/integrationer\/mail_og_kalender\/sms-outlook-addin\/guide\/\">se den fulde beskrivelse p\u00e5 vores Manualsite<\/a>, hvor vi har n\u00e6rmere beskrivelser og vejledninger til alle vores funktioner.\n<p><img loading=\"lazy\" decoding=\"async\" title=\"sms Outlook vejledning1\" src=\"https:\/\/suresms.com\/wp-content\/uploads\/2016\/06\/sms-Outlook-vejledning1.png\" alt=\"sms Outlook vejledning1\" width=\"413\" height=\"393\" \/><\/p>\n<h3>Installer SureSMS til Outlook<\/h3>\n<p>&nbsp;<\/p>\n<ol>\n<li>\n<ol>\n<li>Download vores plugin via linket \u00f8verst p\u00e5 denne side.<\/li>\n<\/ol>\n<\/li>\n<\/ol>\n<p>&nbsp;<\/p>\n<ol>\n<li>\n<ol>\n<li>Installer programmet<\/li>\n<\/ol>\n<\/li>\n<\/ol>\n<p>&nbsp;<\/p>\n<ol>\n<li>\n<ol>\n<li>\u00c5bn din Outlook. Her ser du et sk\u00e6rmbillede, som det til venstre.<\/li>\n<\/ol>\n<\/li>\n<\/ol>\n<p>&nbsp;<\/p>\n<ol>\n<li>\n<ol>\n<li>Udfyld Login informationerne.<\/li>\n<\/ol>\n<\/li>\n<\/ol>\n<p>&nbsp;<\/p>\n<ol>\n<li>\n<ol>\n<li>Har du ikke en konto endnu kan du f\u00e5 det ved at f\u00f8lge det bl\u00e5 link p\u00e5 din login-sk\u00e6rm.<\/li>\n<\/ol>\n<\/li>\n<\/ol>\n<p>&nbsp;<\/p>\n<p><img loading=\"lazy\" decoding=\"async\" title=\"sms outlook plugin Add-in vejledning\" src=\"https:\/\/suresms.com\/wp-content\/uploads\/2016\/06\/sms-outlook-plugin-Add-in-vejledning.png\" alt=\"sms outlook plugin Add-in vejledning\" width=\"378\" height=\"343\" \/><\/p>\n<h3>Send SMS fra Outlook<\/h3>\n<p>N\u00e5r du har installeret vores Add-in ser du en ny ikon-gruppe til h\u00f8jre i din menu, som den du ser til p\u00e5 billedet her.<\/p>\n<p>S\u00e5 er det bare\u00a0at skrive nummeret, beskeden og trykke p\u00e5 send.<\/p>\n<p>Du kan skrive +46 og s\u00e5 nummeret, hvis du vil sende til f.eks. Sverige, men hvis du vil skrive til Danmark, skal du bare indstille landekoden p\u00e5 setup sk\u00e6rmen og s\u00e5 vil systemet fremoverselv s\u00e6tte landekode p\u00e5.<\/p>\n<p>&nbsp;<\/p>\n\t<h2>Undg\u00e5 deaktivering af SMS2Oulook<\/h2>\n<p>Ind i mellem kan man opleve, at Outlook de-aktivere SMS2Outlook. Det kan ske af forskellige \u00e5rsager. Herunder kan du l\u00e6se hvordan du kan aktivere SMS2Outlook igen, og undg\u00e5 at det bliver de-aktiveret igen.<\/p>\n<h3>Aktivering af add-in&#8217;et igen<\/h3>\n<p>F\u00f8rst skal du genaktivere add-in&#8217;et igen. Der er en fin vejledning til hvordan man g\u00f8r dette her : <a href=\"https:\/\/www.techhit.com\/how-to\/fix-missing-add-in-outlook-2016-2013-2010\/\" target=\"_blank\" rel=\"noopener\">Genaktivering af Add-in<\/a><\/p>\n<p>&nbsp;<\/p>\n<h3>Sl\u00e5 automatisk de-aktivering fra<\/h3>\n<p>Outlook deaktiverer nogle gange add-ins, hvis den tror, at et add-in forstyrrer Outlooks funktionalitet. I nogle tilf\u00e6lde har add-inet ikke skylden skylden. Outlook kan v\u00e6re for aggressiv her.<\/p>\n<p>Bem\u00e6rk: Hvis et add-in allerede er deaktiveret, finder du instruktioner om, hvordan du genaktiverer et deaktiveret\u00a0<a href=\"https:\/\/www.techhit.com\/how-to\/fix-missing-add-in-outlook-2016-2013-2010\/\">Outlook add-in her<\/a>.<\/p>\n<p>Hvis du er afh\u00e6ngig af nogle add-ins, og det er vigtigt for dig at tvinge dem til at forblive aktiverede, skal du f\u00f8lge disse instruktioner for at forhindre, at Outlook deaktiverer add-ins.<\/p>\n<p>Der er to m\u00e5der at opn\u00e5 dette p\u00e5:<\/p>\nHvis du er systemadministrator, skal du bruge gruppepolitikken.<br \/>\n<a href=\"https:\/\/www.microsoft.com\/en-us\/download\/details.aspx?id=49030\">Download Microsoft Office ADMX-skabeloner<\/a>\u00a0og brug en gruppepolitik til at konfigurere indstillingerne. Politiknavnet er &#8220;List of managed add-ins&#8221;. Det er placeret under &#8220;Administrative TemplatesMicrosoft Outlook 2016Miscellaneous&#8221;. Du skal give Outlook add-in&#8217;ets ProgID.\n<p>Hvis du er en slutbruger eller en administrator, der foretr\u00e6kker ikke at bruge gruppepolitik, kan du bruge registreringsdatabasen. For at tvinge et add-in til altid at forblive aktiveret skal du oprette f\u00f8lgende registreringsv\u00e6rdi:<\/p>\n<p>&nbsp;<\/p>\n<p>Bem\u00e6rk registreringsstien under outlook 16.0. Her skal du bruge 15.0 hvis du har Outlook fra 2013 eller \u00e6ldre.<\/p>\n<p>Du kan l\u00e6se mere om dette p\u00e5\u00a0<a href=\"https:\/\/learn.microsoft.com\/en-us\/office\/vba\/outlook\/concepts\/getting-started\/support-for-keeping-add-ins-enabled\">Microsofts hjemmeside.<\/a><\/p>\n\n","protected":false},"excerpt":{"rendered":"<p>Send SMS direkte fra Outlook. Send beskeder til lister fra Outlook.Send SMS fra Outlooks kalender. Hvad er Outlook? Outlook er en omfattende e-mail- og kalenderapplikation udviklet af Microsoft, som bruges af b\u00e5de enkeltpersoner og virksomheder til at h\u00e5ndtere e-mails, kalendere, opgaver og kontakter. Vores integration g\u00f8r det muligt at sende SMS direkte fra Outlook, hvilket &#8230; <a title=\"Outlook Add-in\" class=\"read-more\" href=\"https:\/\/suresms.com\/dk\/integrationer\/mail_og_kalender\/sms-outlook-addin\/\" aria-label=\"Read more about Outlook Add-in\">L\u00e6s mere <\/a><\/p>\n","protected":false},"author":1,"featured_media":0,"parent":13808,"menu_order":0,"comment_status":"closed","ping_status":"closed","template":"","meta":{"_fl_builder_enabled":"1","_fl_builder_data":null,"_fl_builder_draft":null,"_fl_builder_data_settings":null,"_fl_builder_css":"","_fl_builder_css_version":"","_fl_builder_js":"","footnotes":""},"categories":[],"tags":[],"class_list":["post-3023","page","type-page","status-publish"],"yoast_head":"<!-- This site is optimized with the Yoast SEO Premium plugin v27.3 (Yoast SEO v27.3) - https:\/\/yoast.com\/product\/yoast-seo-premium-wordpress\/ -->\r\n<title>Sende SMS fra Outlook med vores smarte plugin \u2713 L\u00e6s her<\/title>\r\n<meta name=\"description\" content=\"Send SMS fra Outlook | SureSMS Outlook Add-In |Send nemt SMS til kontakter og grupper. Flere afsender-ID muligheder | Download gratis | Betal kun pr. SMS.\" \/>\r\n<meta name=\"robots\" content=\"index, follow, max-snippet:-1, max-image-preview:large, max-video-preview:-1\" \/>\r\n<link rel=\"canonical\" href=\"https:\/\/suresms.com\/dk\/integrationer\/mail_og_kalender\/sms-outlook-addin\/\" \/>\r\n<meta property=\"og:locale\" content=\"da_DK\" \/>\r\n<meta property=\"og:type\" content=\"article\" \/>\r\n<meta property=\"og:title\" content=\"Update - SMS til Outlook Plugin Version 1.4 - SureSMS\" \/>\r\n<meta property=\"og:description\" content=\"Update - GRATIS SMS Add-in til Outlook. Send SMS til kontakter &amp; grupper - Fuld dokumentation - Gratis testkonto. Flere afsender-ID muligheder. Modtag svar p\u00e5 mobil eller i Outlook med 2-vejs L\u00f8sning. NU op til 800 tegn i beskeden.\" \/>\r\n<meta property=\"og:url\" content=\"https:\/\/suresms.com\/dk\/integrationer\/mail_og_kalender\/sms-outlook-addin\/\" \/>\r\n<meta property=\"article:publisher\" content=\"https:\/\/www.facebook.com\/p\/SureSMS-100044607956149\/\" \/>\r\n<meta property=\"article:modified_time\" content=\"2025-01-20T10:13:41+00:00\" \/>\r\n<meta property=\"og:image\" content=\"https:\/\/suresms.com\/wp-content\/uploads\/2016\/02\/facebook-Outlook-plugin-version-1.4-snippet-1.jpg\" \/>\r\n\t<meta property=\"og:image:width\" content=\"1200\" \/>\r\n\t<meta property=\"og:image:height\" content=\"630\" \/>\r\n\t<meta property=\"og:image:type\" content=\"image\/jpeg\" \/>\r\n<meta name=\"twitter:card\" content=\"summary_large_image\" \/>\r\n<meta name=\"twitter:title\" content=\"Outlook Add-in\" \/>\r\n<meta name=\"twitter:label1\" content=\"Estimeret l\u00e6setid\" \/>\n\t<meta name=\"twitter:data1\" content=\"7 minutter\" \/>\r\n<script type=\"application\/ld+json\" class=\"yoast-schema-graph\">{\"@context\":\"https:\\\/\\\/schema.org\",\"@graph\":[{\"@type\":\"WebPage\",\"@id\":\"https:\\\/\\\/suresms.com\\\/dk\\\/integrationer\\\/mail_og_kalender\\\/sms-outlook-addin\\\/\",\"url\":\"https:\\\/\\\/suresms.com\\\/dk\\\/integrationer\\\/mail_og_kalender\\\/sms-outlook-addin\\\/\",\"name\":\"Sende SMS fra Outlook med vores smarte plugin \u2713 L\u00e6s her\",\"isPartOf\":{\"@id\":\"https:\\\/\\\/suresms.com\\\/en\\\/#website\"},\"primaryImageOfPage\":{\"@id\":\"https:\\\/\\\/suresms.com\\\/dk\\\/integrationer\\\/mail_og_kalender\\\/sms-outlook-addin\\\/#primaryimage\"},\"image\":{\"@id\":\"https:\\\/\\\/suresms.com\\\/dk\\\/integrationer\\\/mail_og_kalender\\\/sms-outlook-addin\\\/#primaryimage\"},\"thumbnailUrl\":\"https:\\\/\\\/suresms.com\\\/wp-content\\\/uploads\\\/2021\\\/10\\\/SMS2Outlook-low-1.png\",\"datePublished\":\"2016-06-22T10:08:19+00:00\",\"dateModified\":\"2025-01-20T10:13:41+00:00\",\"description\":\"Send SMS fra Outlook | SureSMS Outlook Add-In |Send nemt SMS til kontakter og grupper. Flere afsender-ID muligheder | Download gratis | Betal kun pr. SMS.\",\"breadcrumb\":{\"@id\":\"https:\\\/\\\/suresms.com\\\/dk\\\/integrationer\\\/mail_og_kalender\\\/sms-outlook-addin\\\/#breadcrumb\"},\"inLanguage\":\"da-DK\",\"potentialAction\":[{\"@type\":\"ReadAction\",\"target\":[\"https:\\\/\\\/suresms.com\\\/dk\\\/integrationer\\\/mail_og_kalender\\\/sms-outlook-addin\\\/\"]}]},{\"@type\":\"ImageObject\",\"inLanguage\":\"da-DK\",\"@id\":\"https:\\\/\\\/suresms.com\\\/dk\\\/integrationer\\\/mail_og_kalender\\\/sms-outlook-addin\\\/#primaryimage\",\"url\":\"https:\\\/\\\/suresms.com\\\/wp-content\\\/uploads\\\/2021\\\/10\\\/SMS2Outlook-low-1.png\",\"contentUrl\":\"https:\\\/\\\/suresms.com\\\/wp-content\\\/uploads\\\/2021\\\/10\\\/SMS2Outlook-low-1.png\"},{\"@type\":\"BreadcrumbList\",\"@id\":\"https:\\\/\\\/suresms.com\\\/dk\\\/integrationer\\\/mail_og_kalender\\\/sms-outlook-addin\\\/#breadcrumb\",\"itemListElement\":[{\"@type\":\"ListItem\",\"position\":1,\"name\":\"Home\",\"item\":\"https:\\\/\\\/suresms.com\\\/dk\\\/\"},{\"@type\":\"ListItem\",\"position\":2,\"name\":\"Integrationer\",\"item\":\"https:\\\/\\\/suresms.com\\\/dk\\\/integrationer\\\/\"},{\"@type\":\"ListItem\",\"position\":3,\"name\":\"Integration til mail- og kalender systemer\",\"item\":\"https:\\\/\\\/suresms.com\\\/dk\\\/integrationer\\\/mail_og_kalender\\\/\"},{\"@type\":\"ListItem\",\"position\":4,\"name\":\"Outlook Add-in\"}]},{\"@type\":\"WebSite\",\"@id\":\"https:\\\/\\\/suresms.com\\\/en\\\/#website\",\"url\":\"https:\\\/\\\/suresms.com\\\/en\\\/\",\"name\":\"SureSMS\",\"description\":\"Professionel SMS Gateway\",\"publisher\":{\"@id\":\"https:\\\/\\\/suresms.com\\\/en\\\/#organization\"},\"potentialAction\":[{\"@type\":\"SearchAction\",\"target\":{\"@type\":\"EntryPoint\",\"urlTemplate\":\"https:\\\/\\\/suresms.com\\\/en\\\/?s={search_term_string}\"},\"query-input\":{\"@type\":\"PropertyValueSpecification\",\"valueRequired\":true,\"valueName\":\"search_term_string\"}}],\"inLanguage\":\"da-DK\"},{\"@type\":\"Organization\",\"@id\":\"https:\\\/\\\/suresms.com\\\/en\\\/#organization\",\"name\":\"SureSMS\",\"url\":\"https:\\\/\\\/suresms.com\\\/en\\\/\",\"logo\":{\"@type\":\"ImageObject\",\"inLanguage\":\"da-DK\",\"@id\":\"https:\\\/\\\/suresms.com\\\/en\\\/#\\\/schema\\\/logo\\\/image\\\/\",\"url\":\"https:\\\/\\\/suresms.com\\\/wp-content\\\/uploads\\\/2024\\\/11\\\/suresms-300x65-1.png\",\"contentUrl\":\"https:\\\/\\\/suresms.com\\\/wp-content\\\/uploads\\\/2024\\\/11\\\/suresms-300x65-1.png\",\"width\":300,\"height\":65,\"caption\":\"SureSMS\"},\"image\":{\"@id\":\"https:\\\/\\\/suresms.com\\\/en\\\/#\\\/schema\\\/logo\\\/image\\\/\"},\"sameAs\":[\"https:\\\/\\\/www.facebook.com\\\/p\\\/SureSMS-100044607956149\\\/\"]}]}<\/script>\r\n<!-- \/ Yoast SEO Premium plugin. -->","yoast_head_json":{"title":"Sende SMS fra Outlook med vores smarte plugin \u2713 L\u00e6s her","description":"Send SMS fra Outlook | SureSMS Outlook Add-In |Send nemt SMS til kontakter og grupper. Flere afsender-ID muligheder | Download gratis | Betal kun pr. SMS.","robots":{"index":"index","follow":"follow","max-snippet":"max-snippet:-1","max-image-preview":"max-image-preview:large","max-video-preview":"max-video-preview:-1"},"canonical":"https:\/\/suresms.com\/dk\/integrationer\/mail_og_kalender\/sms-outlook-addin\/","og_locale":"da_DK","og_type":"article","og_title":"Update - SMS til Outlook Plugin Version 1.4 - SureSMS","og_description":"Update - GRATIS SMS Add-in til Outlook. Send SMS til kontakter & grupper - Fuld dokumentation - Gratis testkonto. Flere afsender-ID muligheder. Modtag svar p\u00e5 mobil eller i Outlook med 2-vejs L\u00f8sning. NU op til 800 tegn i beskeden.","og_url":"https:\/\/suresms.com\/dk\/integrationer\/mail_og_kalender\/sms-outlook-addin\/","article_publisher":"https:\/\/www.facebook.com\/p\/SureSMS-100044607956149\/","article_modified_time":"2025-01-20T10:13:41+00:00","og_image":[{"width":1200,"height":630,"url":"https:\/\/suresms.com\/wp-content\/uploads\/2016\/02\/facebook-Outlook-plugin-version-1.4-snippet-1.jpg","type":"image\/jpeg"}],"twitter_card":"summary_large_image","twitter_title":"Outlook Add-in","twitter_misc":{"Estimeret l\u00e6setid":"7 minutter"},"schema":{"@context":"https:\/\/schema.org","@graph":[{"@type":"WebPage","@id":"https:\/\/suresms.com\/dk\/integrationer\/mail_og_kalender\/sms-outlook-addin\/","url":"https:\/\/suresms.com\/dk\/integrationer\/mail_og_kalender\/sms-outlook-addin\/","name":"Sende SMS fra Outlook med vores smarte plugin \u2713 L\u00e6s her","isPartOf":{"@id":"https:\/\/suresms.com\/en\/#website"},"primaryImageOfPage":{"@id":"https:\/\/suresms.com\/dk\/integrationer\/mail_og_kalender\/sms-outlook-addin\/#primaryimage"},"image":{"@id":"https:\/\/suresms.com\/dk\/integrationer\/mail_og_kalender\/sms-outlook-addin\/#primaryimage"},"thumbnailUrl":"https:\/\/suresms.com\/wp-content\/uploads\/2021\/10\/SMS2Outlook-low-1.png","datePublished":"2016-06-22T10:08:19+00:00","dateModified":"2025-01-20T10:13:41+00:00","description":"Send SMS fra Outlook | SureSMS Outlook Add-In |Send nemt SMS til kontakter og grupper. Flere afsender-ID muligheder | Download gratis | Betal kun pr. SMS.","breadcrumb":{"@id":"https:\/\/suresms.com\/dk\/integrationer\/mail_og_kalender\/sms-outlook-addin\/#breadcrumb"},"inLanguage":"da-DK","potentialAction":[{"@type":"ReadAction","target":["https:\/\/suresms.com\/dk\/integrationer\/mail_og_kalender\/sms-outlook-addin\/"]}]},{"@type":"ImageObject","inLanguage":"da-DK","@id":"https:\/\/suresms.com\/dk\/integrationer\/mail_og_kalender\/sms-outlook-addin\/#primaryimage","url":"https:\/\/suresms.com\/wp-content\/uploads\/2021\/10\/SMS2Outlook-low-1.png","contentUrl":"https:\/\/suresms.com\/wp-content\/uploads\/2021\/10\/SMS2Outlook-low-1.png"},{"@type":"BreadcrumbList","@id":"https:\/\/suresms.com\/dk\/integrationer\/mail_og_kalender\/sms-outlook-addin\/#breadcrumb","itemListElement":[{"@type":"ListItem","position":1,"name":"Home","item":"https:\/\/suresms.com\/dk\/"},{"@type":"ListItem","position":2,"name":"Integrationer","item":"https:\/\/suresms.com\/dk\/integrationer\/"},{"@type":"ListItem","position":3,"name":"Integration til mail- og kalender systemer","item":"https:\/\/suresms.com\/dk\/integrationer\/mail_og_kalender\/"},{"@type":"ListItem","position":4,"name":"Outlook Add-in"}]},{"@type":"WebSite","@id":"https:\/\/suresms.com\/en\/#website","url":"https:\/\/suresms.com\/en\/","name":"SureSMS","description":"Professionel SMS Gateway","publisher":{"@id":"https:\/\/suresms.com\/en\/#organization"},"potentialAction":[{"@type":"SearchAction","target":{"@type":"EntryPoint","urlTemplate":"https:\/\/suresms.com\/en\/?s={search_term_string}"},"query-input":{"@type":"PropertyValueSpecification","valueRequired":true,"valueName":"search_term_string"}}],"inLanguage":"da-DK"},{"@type":"Organization","@id":"https:\/\/suresms.com\/en\/#organization","name":"SureSMS","url":"https:\/\/suresms.com\/en\/","logo":{"@type":"ImageObject","inLanguage":"da-DK","@id":"https:\/\/suresms.com\/en\/#\/schema\/logo\/image\/","url":"https:\/\/suresms.com\/wp-content\/uploads\/2024\/11\/suresms-300x65-1.png","contentUrl":"https:\/\/suresms.com\/wp-content\/uploads\/2024\/11\/suresms-300x65-1.png","width":300,"height":65,"caption":"SureSMS"},"image":{"@id":"https:\/\/suresms.com\/en\/#\/schema\/logo\/image\/"},"sameAs":["https:\/\/www.facebook.com\/p\/SureSMS-100044607956149\/"]}]}},"_links":{"self":[{"href":"https:\/\/suresms.com\/dk\/wp-json\/wp\/v2\/pages\/3023","targetHints":{"allow":["GET"]}}],"collection":[{"href":"https:\/\/suresms.com\/dk\/wp-json\/wp\/v2\/pages"}],"about":[{"href":"https:\/\/suresms.com\/dk\/wp-json\/wp\/v2\/types\/page"}],"author":[{"embeddable":true,"href":"https:\/\/suresms.com\/dk\/wp-json\/wp\/v2\/users\/1"}],"replies":[{"embeddable":true,"href":"https:\/\/suresms.com\/dk\/wp-json\/wp\/v2\/comments?post=3023"}],"version-history":[{"count":20,"href":"https:\/\/suresms.com\/dk\/wp-json\/wp\/v2\/pages\/3023\/revisions"}],"predecessor-version":[{"id":21769,"href":"https:\/\/suresms.com\/dk\/wp-json\/wp\/v2\/pages\/3023\/revisions\/21769"}],"up":[{"embeddable":true,"href":"https:\/\/suresms.com\/dk\/wp-json\/wp\/v2\/pages\/13808"}],"wp:attachment":[{"href":"https:\/\/suresms.com\/dk\/wp-json\/wp\/v2\/media?parent=3023"}],"wp:term":[{"taxonomy":"category","embeddable":true,"href":"https:\/\/suresms.com\/dk\/wp-json\/wp\/v2\/categories?post=3023"},{"taxonomy":"post_tag","embeddable":true,"href":"https:\/\/suresms.com\/dk\/wp-json\/wp\/v2\/tags?post=3023"}],"curies":[{"name":"wp","href":"https:\/\/api.w.org\/{rel}","templated":true}]}}