{"id":2687,"date":"2016-06-02T10:02:29","date_gmt":"2016-06-02T08:02:29","guid":{"rendered":"https:\/\/www.suresms.com\/dk\/?page_id=2687"},"modified":"2025-01-05T00:19:16","modified_gmt":"2025-01-05T00:19:16","slug":"sms-til-produktionsvirksomheder","status":"publish","type":"page","link":"https:\/\/suresms.com\/dk\/branchelosninger\/sms-til-produktionsvirksomheder\/","title":{"rendered":"SMS til Produktionsvirksomheder"},"content":{"rendered":"\n\n\t\t\t\t<!-- Flexy Breadcrumb -->\r\n\t\t\t<div class=\"fbc fbc-page\">\r\n\r\n\t\t\t\t<!-- Breadcrumb wrapper -->\r\n\t\t\t\t<div class=\"fbc-wrap\">\r\n\r\n\t\t\t\t\t<!-- Ordered list-->\r\n\t\t\t\t\t<ol class=\"fbc-items\" itemscope itemtype=\"https:\/\/schema.org\/BreadcrumbList\">\r\n\t\t\t\t\t\t            <li itemprop=\"itemListElement\" itemscope itemtype=\"https:\/\/schema.org\/ListItem\">\r\n                <span itemprop=\"name\">\r\n                    <!-- Home Link -->\r\n                    <a itemprop=\"item\" href=\"https:\/\/suresms.com\">\r\n                    \r\n                                                    <i class=\"fa fa-home\" aria-hidden=\"true\"><\/i>Home                    <\/a>\r\n                <\/span>\r\n                <meta itemprop=\"position\" content=\"1\" \/><!-- Meta Position-->\r\n             <\/li><li><span class=\"fbc-separator\">\/<\/span><\/li><li class=\"active\" itemprop=\"itemListElement\" itemscope itemtype=\"https:\/\/schema.org\/ListItem\"><span itemprop=\"name\" title=\"SMS til Produktionsvirksomheder\">SMS til Produktionsvirksomheder<\/span><meta itemprop=\"position\" content=\"2\" \/><\/li>\t\t\t\t\t<\/ol>\r\n\t\t\t\t\t<div class=\"clearfix\"><\/div>\r\n\t\t\t\t<\/div>\r\n\t\t\t<\/div>\r\n\t\t\t\n<h1>\n\t\tSMS til produktionsvirksomheder og erhverv\n\t<\/h1>\n\t\n\n<p><strong>Hos SureSMS leverer vi\u00a0SMS til produktionsvirksomheder og erhvervsvirksomheder.\u00a0Vi leverer en stabil og leveringssikker gateway, hvor kvalitet og overv\u00e5gning er i top &#8211; en SMS-l\u00f8sning , der virker.<\/strong><\/p>\n\n<p><strong>Fordele ved SureSMS Gateway:<\/strong><\/p>\n<ul> \t\n<li><strong>Driftstabil og har den h\u00f8jest mulige oppetid.<\/strong><\/li>\n\n<li><b>Backup: Vi har backup af alle data p\u00e5 fysiske servere forskellige steder p\u00e5 Sj\u00e6lland.<\/b><\/li>\n\n<li><strong>Vores team er h\u00f8jt uddannede folk\u00a0med styr p\u00e5 processerne. Vi har pr\u00f8vet det f\u00f8r, og det giver f\u00e6rre fejl og st\u00f8rre professionalitet.<\/strong><\/li>\n\n<li><strong>Fra vores webportal er det nemt at arbejde med fleksible brugerrettigheder. Jeres medarbejdere kan sende fra samme konto evt. tilknyttet flere mobilnumre.<\/strong><\/li>\n\n<li><strong>Integrationer: Vi har mange f.x. SAP, Oracle, SCADA g AS\/400, og har vi ikke jeres, hj\u00e6lper vi gerne med at lave den. Selvf\u00f8lgelig uden ekstra omkostninger.<\/strong><\/li>\n<\/ul>\n\n<h3>H\u00f8j leveringssikkerhed og professionel service til en god pris<\/h3>\n\n<p>Efter mange \u00e5r i branchen ved vi, hvor vigtigt det er, at jeres kommunikation IKKE bryder sammen. Vi sparer hverken p\u00e5 udstyr, overv\u00e5gning eller mandetimer. Vores team s\u00f8rger for, \u00a0at vores Gateway fungerer professionelt, stabilt og\u00a0leverer sikkert.<\/p>\n\n<p>Efter over 10 \u00e5r i branchen kan vi garantere og levere et produkt, der er b\u00e5de gennemtestet og ordentligt udviklet. \u00a0Se vores<a title=\"SMS gateway priser\" href=\"https:\/\/www.suresms.com\/dk\/sms-gateway-priser\/\"> SMS Gateway priser <\/a>her.<\/p>\n<h3>Overv\u00e5gede Servere og SSL-kryptering af alle data<\/h3>\n<p>Firmaer er afh\u00e6ngigt af , at kommunikationen til kunder og leverand\u00f8rer k\u00f8rer &#8211; hele tiden!<br \/>Hos SureSMS sikrer vi jeres data i et redundant serversetup p\u00e5 danske fysiske servere. Det betyder, at vi har alle data placeret fysik\u00a0p\u00e5 servere opsat p\u00e5 2 \u00a0forskellige\u00a0datacentre. Skulle der ske noget med jeres data, vil vi altid have en fuld backup.\u00a0Vi har selvf\u00f8lgelig de bedste alarmsystemer til overv\u00e5gning, men alle maskiner kan fejle. <strong>Vi har derfor ALTID kompetente folk til at overv\u00e5ge trafik og servere 24 timer i d\u00f8gnet.<\/strong><\/p>\n<p>Den nyeste <strong>SSL-kryptering<\/strong> sikrer, at jeres data\u00a0er beskyttet n\u00e5r I tilg\u00e5r dem via internettet. Normalt gemmer vi alle beskeder, s\u00e5 I altid har fuldt overblik over afsendte beskeder fra vores Web-portal. Skulle I \u00f8nske det, har vi en funktion, som sletter beskederne fra vores servere, s\u00e5 snart de er afsendt. Kontakt vores support, hvis I \u00f8nsker at benytte muligheden.<\/p>\n<h3>Enkel og overskuelig brugerflade p\u00e5 WEB portal<\/h3>\n<p>Vores enkle og overskuelige brugerflade p\u00e5 SureSMS\u00a0WEB-portal\u00a0g\u00f8r det nemt at sende SMS&#8217;er til de personer eller grupper, du skal kommunikere med. Fra computeren kan man holde\u00a0overblikket. Vores webportal kan bruges fra b\u00e5de PC, Ipad eller smart Phones.<\/p>\n<p>Uanset om I skal sende beskeder til medarbejdere, chauff\u00f8rer eller kunder, om telefonen, I skal sende til, er dansk eller udenlandsk, uanset hvor den lige nu befinder sig, s\u00e5 kommer dine beskeder frem. Bare telefonen er t\u00e6ndt i den anden ende.<\/p>\n<h3>Vi lavet integrationer til de fleste systemer<\/h3>\n<p>Vores SMS Gateway kan integreres nemt i de eksisterende processer og systemer og dermed sikre\u00a0at\u00a0kommunikationen k\u00f8rer hurtigt og stabilt i den daglige praksis. Vi har et glimrende API og lavet integrationer til bl.a. SAP, Oracle, SCADA og AS\/400, og vi hj\u00e6lper altid gerne, hvis I skal integrere til et nyt system. <a title=\"Mail- og telefonsupport 24\/7\" href=\"https:\/\/www.suresms.com\/dk\/suresms-support\/\">Tag kontakt til vores support<\/a>. Vores udviklere sidder klar\u00a0med hj\u00e6lp og r\u00e5dgivning.<\/p>\n<h3>Gruppefunktion: Kommunikation til medarbejdere<\/h3>\n<p>Fra vores Web portal\u00a0kan du benytte funktionen <a title=\"GruppeSMS: Opret &amp; send til grupper\" href=\"https:\/\/www.suresms.com\/dk\/gruppe-sms\/\">Opret og send SMS til Grupper<\/a>.\u00a0En funktion som kan benyttes p\u00e5 mange m\u00e5der. Flere firmaer benytter den til kommunikation med medarbejdere. Mobilen er i dag blevet det naturlige kommunikationsmiddel til praktisk information, s\u00e5vel som til kommunikation af mere socialkarakter.<\/p>\n<h3>Kom i gang med det samme<\/h3>\n<p>At komme igang med vores SMS Gateway er nemt og hurtigt, og der er ingen omkostninger forbundet med at teste vores produkt.<\/p>\n<p>Ved at udfylde vores link til en gratis testkonto, kan du komme igang p\u00e5 5 min. Vi giver dig 50 gratis SMS&#8217;er med, s\u00e5 du hurtigt selv kan bed\u00f8mme vores service og kvalitet. Er der sp\u00f8rgsm\u00e5l s\u00e5 husk, at vi altid sidder klar til at hj\u00e6lpe, og vi har \u00e5rs erfaring fra vores andre kunder i branchen.<\/p>\n\n\t\t\t<p><a href=\"https:\/\/suresms.com\/wp-content\/uploads\/2016\/01\/Herning-Varmforsinkning-100-px.jpg\"><img loading=\"lazy\" decoding=\"async\" src=\"https:\/\/suresms.com\/wp-content\/uploads\/2016\/01\/Herning-Varmforsinkning-100-px.jpg\" alt=\"Herning Varmforsinkning 100 px\" width=\"100\" height=\"99\" \/><\/a><\/p>\n<p>Herning Varmforzinkning sender via Email2SMS beskeder til deres kunder. Kunderne modtager en flashbesked p\u00e5 deres mobiltelefon, bl.a. n\u00e5r en ordrer er f\u00e6rdig.<\/p>\n<em>&#8220;Der burde v\u00e6re flere IT firmaer som jer.<br \/>\n&#8211; Det er meget fleksibelt.&#8221;<\/em>\n<p><strong>Bjarne J\u00f8rgensen, Adm. Direkt\u00f8r<\/strong><\/p>\n<p><strong>Herning Varmforzinkning.<\/strong><\/p>\n\t\t<h4>Opret gratis testkonto<\/h4>\n\t\t<p>Det tager kun 5 min. Kom igang med det samme og f\u00e5 <strong>100 gratis SMS&#8217;er<\/strong> helt uden bindinger.<\/p>\n\t\t\t<a href=\"https:\/\/www.suresms.com\/dk\/gratis-sms-testkonto\/\" target=\"_self\">\n\t\t\t\t\t\t\tOpret Testkonto\n\t\t\t\t\t<\/a>\n\t\t<h4>Bestil en 2-vejs l\u00f8sning!<\/h4>\n\t\t<p>Har du allerede en konto? Bestil en 2-vejs l\u00f8sning, og f\u00e5 de ekstra muligheder, som din egen l\u00f8sning giver.\u00a0<\/p>\n\t\t\t<a href=\"https:\/\/www.suresms.com\/dk\/bestil-2-vejs-losning\/\" target=\"_self\">\n\t\t\t\t\t\t\tBestil 2-vejs l\u00f8sning\n\t\t\t\t\t<\/a>\n\t<p>&gt; Tilbage til <a href=\"https:\/\/www.suresms.com\/dk\/branchelosninger\/\">Branchel\u00f8sninger<\/a><\/p>\n\n","protected":false},"excerpt":{"rendered":"<p>SMS til produktionsvirksomheder og erhverv Hos SureSMS leverer vi\u00a0SMS til produktionsvirksomheder og erhvervsvirksomheder.\u00a0Vi leverer en stabil og leveringssikker gateway, hvor kvalitet og overv\u00e5gning er i top &#8211; en SMS-l\u00f8sning , der virker. Fordele ved SureSMS Gateway: Driftstabil og har den h\u00f8jest mulige oppetid. Backup: Vi har backup af alle data p\u00e5 fysiske servere forskellige steder &#8230; <a title=\"SMS til Produktionsvirksomheder\" class=\"read-more\" href=\"https:\/\/suresms.com\/dk\/branchelosninger\/sms-til-produktionsvirksomheder\/\" aria-label=\"Read more about SMS til Produktionsvirksomheder\">L\u00e6s mere <\/a><\/p>\n","protected":false},"author":1,"featured_media":0,"parent":1654,"menu_order":6,"comment_status":"closed","ping_status":"closed","template":"","meta":{"_fl_builder_enabled":"1","_fl_builder_data":null,"_fl_builder_draft":null,"_fl_builder_data_settings":null,"_fl_builder_css":"","_fl_builder_css_version":"","_fl_builder_js":"","footnotes":""},"categories":[],"tags":[],"class_list":["post-2687","page","type-page","status-publish"],"yoast_head":"<!-- This site is optimized with the Yoast SEO Premium plugin v27.3 (Yoast SEO v27.3) - https:\/\/yoast.com\/product\/yoast-seo-premium-wordpress\/ -->\r\n<title>SMS til Produktionsvirksomheder - SureSMS. Stabil og driftssikker SMS<\/title>\r\n<meta name=\"description\" content=\"Driftstabil og fleksibel online SMS Gateway. H\u00f8j leveringssikkerhed og professionel service til god pris. Bedste leverand\u00f8rer giver h\u00f8jest mulige oppetid.\" \/>\r\n<meta name=\"robots\" content=\"index, follow, max-snippet:-1, max-image-preview:large, max-video-preview:-1\" \/>\r\n<link rel=\"canonical\" href=\"https:\/\/suresms.com\/dk\/branchelosninger\/sms-til-produktionsvirksomheder\/\" \/>\r\n<meta property=\"og:locale\" content=\"da_DK\" \/>\r\n<meta property=\"og:type\" content=\"article\" \/>\r\n<meta property=\"og:title\" content=\"SMS til Produktionsvirksomheder\" \/>\r\n<meta property=\"og:description\" content=\"Driftstabil og fleksibel online SMS Gateway. H\u00f8j leveringssikkerhed og professionel service til god pris. Bedste leverand\u00f8rer giver h\u00f8jest mulige oppetid.\" \/>\r\n<meta property=\"og:url\" content=\"https:\/\/suresms.com\/dk\/branchelosninger\/sms-til-produktionsvirksomheder\/\" \/>\r\n<meta property=\"article:publisher\" content=\"https:\/\/www.facebook.com\/p\/SureSMS-100044607956149\/\" \/>\r\n<meta property=\"article:modified_time\" content=\"2025-01-05T00:19:16+00:00\" \/>\r\n<meta property=\"og:image\" content=\"https:\/\/suresms.com\/wp-content\/uploads\/2016\/06\/sms-til-produktionsvirksomheder-snippet.jpg\" \/>\r\n\t<meta property=\"og:image:width\" content=\"400\" \/>\r\n\t<meta property=\"og:image:height\" content=\"266\" \/>\r\n\t<meta property=\"og:image:type\" content=\"image\/jpeg\" \/>\r\n<meta name=\"twitter:card\" content=\"summary_large_image\" \/>\r\n<meta name=\"twitter:label1\" content=\"Estimeret l\u00e6setid\" \/>\n\t<meta name=\"twitter:data1\" content=\"4 minutter\" \/>\r\n<script type=\"application\/ld+json\" class=\"yoast-schema-graph\">{\"@context\":\"https:\\\/\\\/schema.org\",\"@graph\":[{\"@type\":\"WebPage\",\"@id\":\"https:\\\/\\\/suresms.com\\\/dk\\\/branchelosninger\\\/sms-til-produktionsvirksomheder\\\/\",\"url\":\"https:\\\/\\\/suresms.com\\\/dk\\\/branchelosninger\\\/sms-til-produktionsvirksomheder\\\/\",\"name\":\"SMS til Produktionsvirksomheder - SureSMS. Stabil og driftssikker SMS\",\"isPartOf\":{\"@id\":\"https:\\\/\\\/suresms.com\\\/en\\\/#website\"},\"primaryImageOfPage\":{\"@id\":\"https:\\\/\\\/suresms.com\\\/dk\\\/branchelosninger\\\/sms-til-produktionsvirksomheder\\\/#primaryimage\"},\"image\":{\"@id\":\"https:\\\/\\\/suresms.com\\\/dk\\\/branchelosninger\\\/sms-til-produktionsvirksomheder\\\/#primaryimage\"},\"thumbnailUrl\":\"https:\\\/\\\/suresms.com\\\/wp-content\\\/uploads\\\/2016\\\/01\\\/Herning-Varmforsinkning-100-px.jpg\",\"datePublished\":\"2016-06-02T08:02:29+00:00\",\"dateModified\":\"2025-01-05T00:19:16+00:00\",\"description\":\"Driftstabil og fleksibel online SMS Gateway. H\u00f8j leveringssikkerhed og professionel service til god pris. Bedste leverand\u00f8rer giver h\u00f8jest mulige oppetid.\",\"breadcrumb\":{\"@id\":\"https:\\\/\\\/suresms.com\\\/dk\\\/branchelosninger\\\/sms-til-produktionsvirksomheder\\\/#breadcrumb\"},\"inLanguage\":\"da-DK\",\"potentialAction\":[{\"@type\":\"ReadAction\",\"target\":[\"https:\\\/\\\/suresms.com\\\/dk\\\/branchelosninger\\\/sms-til-produktionsvirksomheder\\\/\"]}]},{\"@type\":\"ImageObject\",\"inLanguage\":\"da-DK\",\"@id\":\"https:\\\/\\\/suresms.com\\\/dk\\\/branchelosninger\\\/sms-til-produktionsvirksomheder\\\/#primaryimage\",\"url\":\"https:\\\/\\\/suresms.com\\\/wp-content\\\/uploads\\\/2016\\\/01\\\/Herning-Varmforsinkning-100-px.jpg\",\"contentUrl\":\"https:\\\/\\\/suresms.com\\\/wp-content\\\/uploads\\\/2016\\\/01\\\/Herning-Varmforsinkning-100-px.jpg\"},{\"@type\":\"BreadcrumbList\",\"@id\":\"https:\\\/\\\/suresms.com\\\/dk\\\/branchelosninger\\\/sms-til-produktionsvirksomheder\\\/#breadcrumb\",\"itemListElement\":[{\"@type\":\"ListItem\",\"position\":1,\"name\":\"Home\",\"item\":\"https:\\\/\\\/suresms.com\\\/dk\\\/\"},{\"@type\":\"ListItem\",\"position\":2,\"name\":\"Branchel\u00f8sninger\",\"item\":\"https:\\\/\\\/suresms.com\\\/dk\\\/branchelosninger\\\/\"},{\"@type\":\"ListItem\",\"position\":3,\"name\":\"SMS til Produktionsvirksomheder\"}]},{\"@type\":\"WebSite\",\"@id\":\"https:\\\/\\\/suresms.com\\\/en\\\/#website\",\"url\":\"https:\\\/\\\/suresms.com\\\/en\\\/\",\"name\":\"SureSMS\",\"description\":\"Professionel SMS Gateway\",\"publisher\":{\"@id\":\"https:\\\/\\\/suresms.com\\\/en\\\/#organization\"},\"potentialAction\":[{\"@type\":\"SearchAction\",\"target\":{\"@type\":\"EntryPoint\",\"urlTemplate\":\"https:\\\/\\\/suresms.com\\\/en\\\/?s={search_term_string}\"},\"query-input\":{\"@type\":\"PropertyValueSpecification\",\"valueRequired\":true,\"valueName\":\"search_term_string\"}}],\"inLanguage\":\"da-DK\"},{\"@type\":\"Organization\",\"@id\":\"https:\\\/\\\/suresms.com\\\/en\\\/#organization\",\"name\":\"SureSMS\",\"url\":\"https:\\\/\\\/suresms.com\\\/en\\\/\",\"logo\":{\"@type\":\"ImageObject\",\"inLanguage\":\"da-DK\",\"@id\":\"https:\\\/\\\/suresms.com\\\/en\\\/#\\\/schema\\\/logo\\\/image\\\/\",\"url\":\"https:\\\/\\\/suresms.com\\\/wp-content\\\/uploads\\\/2024\\\/11\\\/suresms-300x65-1.png\",\"contentUrl\":\"https:\\\/\\\/suresms.com\\\/wp-content\\\/uploads\\\/2024\\\/11\\\/suresms-300x65-1.png\",\"width\":300,\"height\":65,\"caption\":\"SureSMS\"},\"image\":{\"@id\":\"https:\\\/\\\/suresms.com\\\/en\\\/#\\\/schema\\\/logo\\\/image\\\/\"},\"sameAs\":[\"https:\\\/\\\/www.facebook.com\\\/p\\\/SureSMS-100044607956149\\\/\"]}]}<\/script>\r\n<!-- \/ Yoast SEO Premium plugin. -->","yoast_head_json":{"title":"SMS til Produktionsvirksomheder - SureSMS. Stabil og driftssikker SMS","description":"Driftstabil og fleksibel online SMS Gateway. H\u00f8j leveringssikkerhed og professionel service til god pris. Bedste leverand\u00f8rer giver h\u00f8jest mulige oppetid.","robots":{"index":"index","follow":"follow","max-snippet":"max-snippet:-1","max-image-preview":"max-image-preview:large","max-video-preview":"max-video-preview:-1"},"canonical":"https:\/\/suresms.com\/dk\/branchelosninger\/sms-til-produktionsvirksomheder\/","og_locale":"da_DK","og_type":"article","og_title":"SMS til Produktionsvirksomheder","og_description":"Driftstabil og fleksibel online SMS Gateway. H\u00f8j leveringssikkerhed og professionel service til god pris. Bedste leverand\u00f8rer giver h\u00f8jest mulige oppetid.","og_url":"https:\/\/suresms.com\/dk\/branchelosninger\/sms-til-produktionsvirksomheder\/","article_publisher":"https:\/\/www.facebook.com\/p\/SureSMS-100044607956149\/","article_modified_time":"2025-01-05T00:19:16+00:00","og_image":[{"width":400,"height":266,"url":"https:\/\/suresms.com\/wp-content\/uploads\/2016\/06\/sms-til-produktionsvirksomheder-snippet.jpg","type":"image\/jpeg"}],"twitter_card":"summary_large_image","twitter_misc":{"Estimeret l\u00e6setid":"4 minutter"},"schema":{"@context":"https:\/\/schema.org","@graph":[{"@type":"WebPage","@id":"https:\/\/suresms.com\/dk\/branchelosninger\/sms-til-produktionsvirksomheder\/","url":"https:\/\/suresms.com\/dk\/branchelosninger\/sms-til-produktionsvirksomheder\/","name":"SMS til Produktionsvirksomheder - SureSMS. Stabil og driftssikker SMS","isPartOf":{"@id":"https:\/\/suresms.com\/en\/#website"},"primaryImageOfPage":{"@id":"https:\/\/suresms.com\/dk\/branchelosninger\/sms-til-produktionsvirksomheder\/#primaryimage"},"image":{"@id":"https:\/\/suresms.com\/dk\/branchelosninger\/sms-til-produktionsvirksomheder\/#primaryimage"},"thumbnailUrl":"https:\/\/suresms.com\/wp-content\/uploads\/2016\/01\/Herning-Varmforsinkning-100-px.jpg","datePublished":"2016-06-02T08:02:29+00:00","dateModified":"2025-01-05T00:19:16+00:00","description":"Driftstabil og fleksibel online SMS Gateway. H\u00f8j leveringssikkerhed og professionel service til god pris. Bedste leverand\u00f8rer giver h\u00f8jest mulige oppetid.","breadcrumb":{"@id":"https:\/\/suresms.com\/dk\/branchelosninger\/sms-til-produktionsvirksomheder\/#breadcrumb"},"inLanguage":"da-DK","potentialAction":[{"@type":"ReadAction","target":["https:\/\/suresms.com\/dk\/branchelosninger\/sms-til-produktionsvirksomheder\/"]}]},{"@type":"ImageObject","inLanguage":"da-DK","@id":"https:\/\/suresms.com\/dk\/branchelosninger\/sms-til-produktionsvirksomheder\/#primaryimage","url":"https:\/\/suresms.com\/wp-content\/uploads\/2016\/01\/Herning-Varmforsinkning-100-px.jpg","contentUrl":"https:\/\/suresms.com\/wp-content\/uploads\/2016\/01\/Herning-Varmforsinkning-100-px.jpg"},{"@type":"BreadcrumbList","@id":"https:\/\/suresms.com\/dk\/branchelosninger\/sms-til-produktionsvirksomheder\/#breadcrumb","itemListElement":[{"@type":"ListItem","position":1,"name":"Home","item":"https:\/\/suresms.com\/dk\/"},{"@type":"ListItem","position":2,"name":"Branchel\u00f8sninger","item":"https:\/\/suresms.com\/dk\/branchelosninger\/"},{"@type":"ListItem","position":3,"name":"SMS til Produktionsvirksomheder"}]},{"@type":"WebSite","@id":"https:\/\/suresms.com\/en\/#website","url":"https:\/\/suresms.com\/en\/","name":"SureSMS","description":"Professionel SMS Gateway","publisher":{"@id":"https:\/\/suresms.com\/en\/#organization"},"potentialAction":[{"@type":"SearchAction","target":{"@type":"EntryPoint","urlTemplate":"https:\/\/suresms.com\/en\/?s={search_term_string}"},"query-input":{"@type":"PropertyValueSpecification","valueRequired":true,"valueName":"search_term_string"}}],"inLanguage":"da-DK"},{"@type":"Organization","@id":"https:\/\/suresms.com\/en\/#organization","name":"SureSMS","url":"https:\/\/suresms.com\/en\/","logo":{"@type":"ImageObject","inLanguage":"da-DK","@id":"https:\/\/suresms.com\/en\/#\/schema\/logo\/image\/","url":"https:\/\/suresms.com\/wp-content\/uploads\/2024\/11\/suresms-300x65-1.png","contentUrl":"https:\/\/suresms.com\/wp-content\/uploads\/2024\/11\/suresms-300x65-1.png","width":300,"height":65,"caption":"SureSMS"},"image":{"@id":"https:\/\/suresms.com\/en\/#\/schema\/logo\/image\/"},"sameAs":["https:\/\/www.facebook.com\/p\/SureSMS-100044607956149\/"]}]}},"_links":{"self":[{"href":"https:\/\/suresms.com\/dk\/wp-json\/wp\/v2\/pages\/2687","targetHints":{"allow":["GET"]}}],"collection":[{"href":"https:\/\/suresms.com\/dk\/wp-json\/wp\/v2\/pages"}],"about":[{"href":"https:\/\/suresms.com\/dk\/wp-json\/wp\/v2\/types\/page"}],"author":[{"embeddable":true,"href":"https:\/\/suresms.com\/dk\/wp-json\/wp\/v2\/users\/1"}],"replies":[{"embeddable":true,"href":"https:\/\/suresms.com\/dk\/wp-json\/wp\/v2\/comments?post=2687"}],"version-history":[{"count":2,"href":"https:\/\/suresms.com\/dk\/wp-json\/wp\/v2\/pages\/2687\/revisions"}],"predecessor-version":[{"id":21218,"href":"https:\/\/suresms.com\/dk\/wp-json\/wp\/v2\/pages\/2687\/revisions\/21218"}],"up":[{"embeddable":true,"href":"https:\/\/suresms.com\/dk\/wp-json\/wp\/v2\/pages\/1654"}],"wp:attachment":[{"href":"https:\/\/suresms.com\/dk\/wp-json\/wp\/v2\/media?parent=2687"}],"wp:term":[{"taxonomy":"category","embeddable":true,"href":"https:\/\/suresms.com\/dk\/wp-json\/wp\/v2\/categories?post=2687"},{"taxonomy":"post_tag","embeddable":true,"href":"https:\/\/suresms.com\/dk\/wp-json\/wp\/v2\/tags?post=2687"}],"curies":[{"name":"wp","href":"https:\/\/api.w.org\/{rel}","templated":true}]}}