{"id":2681,"date":"2016-06-01T17:49:00","date_gmt":"2016-06-01T15:49:00","guid":{"rendered":"https:\/\/www.suresms.com\/dk\/?page_id=2681"},"modified":"2025-01-03T14:16:29","modified_gmt":"2025-01-03T14:16:29","slug":"sms-til-servicevirksomheder","status":"publish","type":"page","link":"https:\/\/suresms.com\/dk\/branchelosninger\/sms-til-servicevirksomheder\/","title":{"rendered":"SMS til Servicevirksomheder"},"content":{"rendered":"\n\n\t\t\t\t<!-- Flexy Breadcrumb -->\r\n\t\t\t<div class=\"fbc fbc-page\">\r\n\r\n\t\t\t\t<!-- Breadcrumb wrapper -->\r\n\t\t\t\t<div class=\"fbc-wrap\">\r\n\r\n\t\t\t\t\t<!-- Ordered list-->\r\n\t\t\t\t\t<ol class=\"fbc-items\" itemscope itemtype=\"https:\/\/schema.org\/BreadcrumbList\">\r\n\t\t\t\t\t\t            <li itemprop=\"itemListElement\" itemscope itemtype=\"https:\/\/schema.org\/ListItem\">\r\n                <span itemprop=\"name\">\r\n                    <!-- Home Link -->\r\n                    <a itemprop=\"item\" href=\"https:\/\/suresms.com\">\r\n                    \r\n                                                    <i class=\"fa fa-home\" aria-hidden=\"true\"><\/i>Home                    <\/a>\r\n                <\/span>\r\n                <meta itemprop=\"position\" content=\"1\" \/><!-- Meta Position-->\r\n             <\/li><li><span class=\"fbc-separator\">\/<\/span><\/li><li class=\"active\" itemprop=\"itemListElement\" itemscope itemtype=\"https:\/\/schema.org\/ListItem\"><span itemprop=\"name\" title=\"SMS til Servicevirksomheder\">SMS til Servicevirksomheder<\/span><meta itemprop=\"position\" content=\"2\" \/><\/li>\t\t\t\t\t<\/ol>\r\n\t\t\t\t\t<div class=\"clearfix\"><\/div>\r\n\t\t\t\t<\/div>\r\n\t\t\t<\/div>\r\n\t\t\t\n<h1>\n\t\tSMS til Servicevirksomheder\n\t<\/h1>\n<p><strong>Autov\u00e6rksteder, tandl\u00e6ger, fris\u00f8rer, klinikker og terapeuter. Skal du bruge online SMS til servicevirksomheder er en SMS gateway\u00a0den optimale l\u00f8sning. Med en SureSMS l\u00f8sning kan du nemt og billigt sende SMS&#8217;er til dine kunder fra din PC.<\/strong><\/p>\n<p>Vores enkle og overskuelige brugerflade g\u00f8r det nemt at sende SMS&#8217;er til lige netop de personer i gruppen du vil kommunikere med. Alt hvad der kr\u00e6ves er internet. Du beh\u00f8ver ikke at\u00a0installere software eller programmer for at komme igang.<\/p>\n<p><strong>Fordele:\u00a0<\/strong><\/p>\n<ul>\n<li><strong>Planl\u00e6g afsendelse af beskeder: Send remindere p\u00e5\u00a0aftaler og undg\u00e5 un\u00f8dige aflysninger.<\/strong><\/li>\n<li><strong>Generer oms\u00e6tning: Send gode tilbud og nyhedsbreve ud til kunder via vores gruppefunktion.<\/strong><\/li>\n<li><strong>Send nemt personlige beskeder ud til grupper fra vores webportal med Flet Navne funktionen.<\/strong><\/li>\n<li><strong>Lav tilfredshedsunders\u00f8gelse af din service. Send og modtag beskeder fra kunden med en 2-vejs l\u00f8sning.<\/strong><\/li>\n<li><strong>Og vores webportal kan bruges fra b\u00e5de PC, Ipad eller smart Phones.<\/strong><\/li>\n<\/ul>\n<p>Vores Service kan selvf\u00f8lgelig ogs\u00e5 integreres med jeres eksisterende system via vores SureSMS API. <a title=\"Kontakt\" href=\"https:\/\/www.suresms.com\/dk\/kontakt\/\">Kontakt os<\/a> for en snak, hvis du \u00f8nsker at integrere vores SMS&#8217;er i dit system.<\/p>\n<h3>Send remindere p\u00e5 aftaler &#8211; undg\u00e5 aflysninger<\/h3>\n<p>I alle servicevirksomheder er man afh\u00e6ngige af, at kunderne kommer &#8211; og kommer til tiden. Hver gang en kunde ikke dukker op til en aftalt tid, risikerer det at \u00f8del\u00e6gge \u00a0planl\u00e6gning og oms\u00e6tning. Undg\u00e5 un\u00f8digt tids- og ressourcespild ved at sende\u00a0p\u00e5mindelser ud til kunder og klienter. En lille tidsstyret SMS \u00a0kan s\u00f8rge for, at kunden enten kommer eller husker at sende en aflysning i ordentlig tid.<\/p>\n<h3>Gruppefunktioner<\/h3>\n<p>Fra vores Web portal\u00a0kan du benytte funktionen <a title=\"GruppeSMS: Opret &amp; send til grupper\" href=\"https:\/\/www.suresms.com\/dk\/gruppe-sms\/\">Opret og send SMS til grupper<\/a>.\u00a0Det kan f.eks. v\u00e6re fris\u00f8ren, som vil sende et s\u00e6rligt tilbud, fysioterapeuten med en besked til mandagsholdet eller automekanikeren som \u00f8nsker at kontakte de kunder, som fik skiftet til vinterd\u00e6k sidste \u00e5r. Ved at oprette dine kontakter i grupper, kan du via gruppe SMS sende ud til hele gruppen, ved blot at taste en enkelt SMS. En besked kan selvf\u00f8lgelig planl\u00e6gges til at sendes med et fast interval: f.eks. ugentligt, m\u00e5nedligt eller \u00e5rligt.<\/p>\n<h3>Tilmelding<\/h3>\n<p>Med vores <a title=\"2 vejs sms, modtag SMS p\u00e5 din computer\" href=\"https:\/\/suresms.com\/dk\/funktioner\/modtag-sms-pa-din-computer\/\">2-vejs SMS l\u00f8sning <\/a>kan medlemmerne selv tilmelde sig til en listen og komme med feedback. Der er ogs\u00e5 mulighed for at l\u00e6gge en lille kode ind p\u00e5 jeres egen hjemmeside, s\u00e5 medlemmerne kan tilmelde sig der.<\/p>\n<p>M\u00e5ske har du allerede i dag alle medlemmer i et regneark. Det kan du l\u00e6se ind i vores system, s\u00e5 du kommer hurtigt i gang med dine SMS klubber.<\/p>\n<h3>Lav tilfredshedsunders\u00f8gelser for dine kunder<\/h3>\nFor mange servicevirksomheder er det vigtigt at evaluere, hvor god en oplevelse kunden har haft efter at have k\u00f8bt en ydelse. F.eks har vi en r\u00e6kke <strong>autov\u00e6rksteder<\/strong> , som\u00a0benytter vores 2-vejs l\u00f8sning. Efter afhentning af bilen modtager kunden en besked:<br \/>\n<strong>&#8220;Var du tilfreds med vores service? Svar JA eller NEJ.&#8221;<\/strong><br \/>\nP\u00e5 den m\u00e5de har mekanikeren en mulighed for at reagere og s\u00f8rge for at holde en h\u00f8j kvalitet p\u00e5 service i sin virksomhed.\n<h3>Afsendernavn<\/h3>\n<p>Du kan selv bestemme, hvem der skal st\u00e5 som afsender p\u00e5 beskeden. Har du\u00a0en kundeklub, er det m\u00e5ske firmaets navn telefonnummeret eller noget tredje. \u00a0Eneste begr\u00e6nsning er, at teleselskaberne max. tillader 11 tegn i afsenderen.<\/p>\n<h3>Opret gratis konto p\u00e5 5 min<\/h3>\n<p><strong> Opret en gratis testkonto og d\u00f8m selv. Der er ingen skjulte udgifter eller bindinger.\u00a0T\u00f8v ikke med at kontakte os for sp\u00f8rgsm\u00e5l. Vi gl\u00e6der os til at hj\u00e6lpe dig.<\/strong><\/p>\n\t\t\t<p><img loading=\"lazy\" decoding=\"async\" src=\"https:\/\/suresms.com\/wp-content\/uploads\/2016\/06\/Frisoergaarden-1.jpg\" alt=\"\" width=\"100\" height=\"100\" \/><em>&#8220;Efter at v\u00e6re skiftet fra Clickatell til SureSMS har vi ikke l\u00e6ngere problemer med vores SMS-system, s\u00e5 det ville jeg \u00f8nske, at vi havde gjort for lang tid siden.<\/em><em>Tak for en stabil og god l\u00f8sning, som ovenik\u00f8bet er til at betale!&#8221;<\/em><strong>Julie Thorsen, Fris\u00f8rmester<\/strong><strong>Fris\u00f8rg\u00e5rden.dk, Holb\u00e6k<\/strong><\/p>\t\t\n\t\t<h4>Opret gratis testkonto<\/h4>\n\t\t<p>Det tager kun 5 min. Kom igang med det samme og f\u00e5 <strong>50 gratis SMS&#8217;er<\/strong> helt uden bindinger.<\/p>\n\t\t\t<a href=\"https:\/\/www.suresms.com\/dk\/gratis-sms-testkonto\/\" target=\"_self\">\n\t\t\t\t\t\t\tOpret Testkonto\n\t\t\t\t\t<\/a>\n\n","protected":false},"excerpt":{"rendered":"<p>SMS til Servicevirksomheder Autov\u00e6rksteder, tandl\u00e6ger, fris\u00f8rer, klinikker og terapeuter. Skal du bruge online SMS til servicevirksomheder er en SMS gateway\u00a0den optimale l\u00f8sning. Med en SureSMS l\u00f8sning kan du nemt og billigt sende SMS&#8217;er til dine kunder fra din PC. Vores enkle og overskuelige brugerflade g\u00f8r det nemt at sende SMS&#8217;er til lige netop de personer &#8230; <a title=\"SMS til Servicevirksomheder\" class=\"read-more\" href=\"https:\/\/suresms.com\/dk\/branchelosninger\/sms-til-servicevirksomheder\/\" aria-label=\"Read more about SMS til Servicevirksomheder\">L\u00e6s mere <\/a><\/p>\n","protected":false},"author":1,"featured_media":0,"parent":1654,"menu_order":1,"comment_status":"closed","ping_status":"closed","template":"","meta":{"_fl_builder_enabled":"1","_fl_builder_data":null,"_fl_builder_draft":null,"_fl_builder_data_settings":null,"_fl_builder_css":"","_fl_builder_css_version":"","_fl_builder_js":"","footnotes":""},"categories":[],"tags":[],"class_list":["post-2681","page","type-page","status-publish"],"yoast_head":"<!-- This site is optimized with the Yoast SEO Premium plugin v27.3 (Yoast SEO v27.3) - https:\/\/yoast.com\/product\/yoast-seo-premium-wordpress\/ -->\r\n<title>Sms til servicevirksomheder. Fleksibel og billig SMS online. SureSMS<\/title>\r\n<meta name=\"description\" content=\"Autov\u00e6rksteder, tandl\u00e6ger, fris\u00f8rer, klinikker .Send nemt og billigt p\u00e5mindelser og personlige SMS&#039;er til kunder direkte fra din PC. Opret gratis Testkonto!\" \/>\r\n<meta name=\"robots\" content=\"index, follow, max-snippet:-1, max-image-preview:large, max-video-preview:-1\" \/>\r\n<link rel=\"canonical\" href=\"https:\/\/suresms.com\/dk\/branchelosninger\/sms-til-servicevirksomheder\/\" \/>\r\n<meta property=\"og:locale\" content=\"da_DK\" \/>\r\n<meta property=\"og:type\" content=\"article\" \/>\r\n<meta property=\"og:title\" content=\"SMS til Servicevirksomheder\" \/>\r\n<meta property=\"og:description\" content=\"Autov\u00e6rksteder, tandl\u00e6ger, fris\u00f8rer, klinikker .Send nemt og billigt p\u00e5mindelser og personlige SMS&#039;er til kunder direkte fra din PC. Opret gratis Testkonto!\" \/>\r\n<meta property=\"og:url\" content=\"https:\/\/suresms.com\/dk\/branchelosninger\/sms-til-servicevirksomheder\/\" \/>\r\n<meta property=\"article:publisher\" content=\"https:\/\/www.facebook.com\/p\/SureSMS-100044607956149\/\" \/>\r\n<meta property=\"article:modified_time\" content=\"2025-01-03T14:16:29+00:00\" \/>\r\n<meta property=\"og:image\" content=\"https:\/\/suresms.com\/wp-content\/uploads\/2016\/06\/sms-til-service-snippet.jpg\" \/>\r\n\t<meta property=\"og:image:width\" content=\"400\" \/>\r\n\t<meta property=\"og:image:height\" content=\"266\" \/>\r\n\t<meta property=\"og:image:type\" content=\"image\/jpeg\" \/>\r\n<meta name=\"twitter:card\" content=\"summary_large_image\" \/>\r\n<meta name=\"twitter:label1\" content=\"Estimeret l\u00e6setid\" \/>\n\t<meta name=\"twitter:data1\" content=\"3 minutter\" \/>\r\n<script type=\"application\/ld+json\" class=\"yoast-schema-graph\">{\"@context\":\"https:\\\/\\\/schema.org\",\"@graph\":[{\"@type\":\"WebPage\",\"@id\":\"https:\\\/\\\/suresms.com\\\/dk\\\/branchelosninger\\\/sms-til-servicevirksomheder\\\/\",\"url\":\"https:\\\/\\\/suresms.com\\\/dk\\\/branchelosninger\\\/sms-til-servicevirksomheder\\\/\",\"name\":\"Sms til servicevirksomheder. Fleksibel og billig SMS online. SureSMS\",\"isPartOf\":{\"@id\":\"https:\\\/\\\/suresms.com\\\/en\\\/#website\"},\"primaryImageOfPage\":{\"@id\":\"https:\\\/\\\/suresms.com\\\/dk\\\/branchelosninger\\\/sms-til-servicevirksomheder\\\/#primaryimage\"},\"image\":{\"@id\":\"https:\\\/\\\/suresms.com\\\/dk\\\/branchelosninger\\\/sms-til-servicevirksomheder\\\/#primaryimage\"},\"thumbnailUrl\":\"https:\\\/\\\/suresms.com\\\/wp-content\\\/uploads\\\/2016\\\/06\\\/Frisoergaarden-1.jpg\",\"datePublished\":\"2016-06-01T15:49:00+00:00\",\"dateModified\":\"2025-01-03T14:16:29+00:00\",\"description\":\"Autov\u00e6rksteder, tandl\u00e6ger, fris\u00f8rer, klinikker .Send nemt og billigt p\u00e5mindelser og personlige SMS'er til kunder direkte fra din PC. Opret gratis Testkonto!\",\"breadcrumb\":{\"@id\":\"https:\\\/\\\/suresms.com\\\/dk\\\/branchelosninger\\\/sms-til-servicevirksomheder\\\/#breadcrumb\"},\"inLanguage\":\"da-DK\",\"potentialAction\":[{\"@type\":\"ReadAction\",\"target\":[\"https:\\\/\\\/suresms.com\\\/dk\\\/branchelosninger\\\/sms-til-servicevirksomheder\\\/\"]}]},{\"@type\":\"ImageObject\",\"inLanguage\":\"da-DK\",\"@id\":\"https:\\\/\\\/suresms.com\\\/dk\\\/branchelosninger\\\/sms-til-servicevirksomheder\\\/#primaryimage\",\"url\":\"https:\\\/\\\/suresms.com\\\/wp-content\\\/uploads\\\/2016\\\/06\\\/Frisoergaarden-1.jpg\",\"contentUrl\":\"https:\\\/\\\/suresms.com\\\/wp-content\\\/uploads\\\/2016\\\/06\\\/Frisoergaarden-1.jpg\"},{\"@type\":\"BreadcrumbList\",\"@id\":\"https:\\\/\\\/suresms.com\\\/dk\\\/branchelosninger\\\/sms-til-servicevirksomheder\\\/#breadcrumb\",\"itemListElement\":[{\"@type\":\"ListItem\",\"position\":1,\"name\":\"Home\",\"item\":\"https:\\\/\\\/suresms.com\\\/dk\\\/\"},{\"@type\":\"ListItem\",\"position\":2,\"name\":\"Branchel\u00f8sninger\",\"item\":\"https:\\\/\\\/suresms.com\\\/dk\\\/branchelosninger\\\/\"},{\"@type\":\"ListItem\",\"position\":3,\"name\":\"SMS til Servicevirksomheder\"}]},{\"@type\":\"WebSite\",\"@id\":\"https:\\\/\\\/suresms.com\\\/en\\\/#website\",\"url\":\"https:\\\/\\\/suresms.com\\\/en\\\/\",\"name\":\"SureSMS\",\"description\":\"Professionel SMS Gateway\",\"publisher\":{\"@id\":\"https:\\\/\\\/suresms.com\\\/en\\\/#organization\"},\"potentialAction\":[{\"@type\":\"SearchAction\",\"target\":{\"@type\":\"EntryPoint\",\"urlTemplate\":\"https:\\\/\\\/suresms.com\\\/en\\\/?s={search_term_string}\"},\"query-input\":{\"@type\":\"PropertyValueSpecification\",\"valueRequired\":true,\"valueName\":\"search_term_string\"}}],\"inLanguage\":\"da-DK\"},{\"@type\":\"Organization\",\"@id\":\"https:\\\/\\\/suresms.com\\\/en\\\/#organization\",\"name\":\"SureSMS\",\"url\":\"https:\\\/\\\/suresms.com\\\/en\\\/\",\"logo\":{\"@type\":\"ImageObject\",\"inLanguage\":\"da-DK\",\"@id\":\"https:\\\/\\\/suresms.com\\\/en\\\/#\\\/schema\\\/logo\\\/image\\\/\",\"url\":\"https:\\\/\\\/suresms.com\\\/wp-content\\\/uploads\\\/2024\\\/11\\\/suresms-300x65-1.png\",\"contentUrl\":\"https:\\\/\\\/suresms.com\\\/wp-content\\\/uploads\\\/2024\\\/11\\\/suresms-300x65-1.png\",\"width\":300,\"height\":65,\"caption\":\"SureSMS\"},\"image\":{\"@id\":\"https:\\\/\\\/suresms.com\\\/en\\\/#\\\/schema\\\/logo\\\/image\\\/\"},\"sameAs\":[\"https:\\\/\\\/www.facebook.com\\\/p\\\/SureSMS-100044607956149\\\/\"]}]}<\/script>\r\n<!-- \/ Yoast SEO Premium plugin. -->","yoast_head_json":{"title":"Sms til servicevirksomheder. Fleksibel og billig SMS online. SureSMS","description":"Autov\u00e6rksteder, tandl\u00e6ger, fris\u00f8rer, klinikker .Send nemt og billigt p\u00e5mindelser og personlige SMS'er til kunder direkte fra din PC. Opret gratis Testkonto!","robots":{"index":"index","follow":"follow","max-snippet":"max-snippet:-1","max-image-preview":"max-image-preview:large","max-video-preview":"max-video-preview:-1"},"canonical":"https:\/\/suresms.com\/dk\/branchelosninger\/sms-til-servicevirksomheder\/","og_locale":"da_DK","og_type":"article","og_title":"SMS til Servicevirksomheder","og_description":"Autov\u00e6rksteder, tandl\u00e6ger, fris\u00f8rer, klinikker .Send nemt og billigt p\u00e5mindelser og personlige SMS'er til kunder direkte fra din PC. Opret gratis Testkonto!","og_url":"https:\/\/suresms.com\/dk\/branchelosninger\/sms-til-servicevirksomheder\/","article_publisher":"https:\/\/www.facebook.com\/p\/SureSMS-100044607956149\/","article_modified_time":"2025-01-03T14:16:29+00:00","og_image":[{"width":400,"height":266,"url":"https:\/\/suresms.com\/wp-content\/uploads\/2016\/06\/sms-til-service-snippet.jpg","type":"image\/jpeg"}],"twitter_card":"summary_large_image","twitter_misc":{"Estimeret l\u00e6setid":"3 minutter"},"schema":{"@context":"https:\/\/schema.org","@graph":[{"@type":"WebPage","@id":"https:\/\/suresms.com\/dk\/branchelosninger\/sms-til-servicevirksomheder\/","url":"https:\/\/suresms.com\/dk\/branchelosninger\/sms-til-servicevirksomheder\/","name":"Sms til servicevirksomheder. Fleksibel og billig SMS online. SureSMS","isPartOf":{"@id":"https:\/\/suresms.com\/en\/#website"},"primaryImageOfPage":{"@id":"https:\/\/suresms.com\/dk\/branchelosninger\/sms-til-servicevirksomheder\/#primaryimage"},"image":{"@id":"https:\/\/suresms.com\/dk\/branchelosninger\/sms-til-servicevirksomheder\/#primaryimage"},"thumbnailUrl":"https:\/\/suresms.com\/wp-content\/uploads\/2016\/06\/Frisoergaarden-1.jpg","datePublished":"2016-06-01T15:49:00+00:00","dateModified":"2025-01-03T14:16:29+00:00","description":"Autov\u00e6rksteder, tandl\u00e6ger, fris\u00f8rer, klinikker .Send nemt og billigt p\u00e5mindelser og personlige SMS'er til kunder direkte fra din PC. Opret gratis Testkonto!","breadcrumb":{"@id":"https:\/\/suresms.com\/dk\/branchelosninger\/sms-til-servicevirksomheder\/#breadcrumb"},"inLanguage":"da-DK","potentialAction":[{"@type":"ReadAction","target":["https:\/\/suresms.com\/dk\/branchelosninger\/sms-til-servicevirksomheder\/"]}]},{"@type":"ImageObject","inLanguage":"da-DK","@id":"https:\/\/suresms.com\/dk\/branchelosninger\/sms-til-servicevirksomheder\/#primaryimage","url":"https:\/\/suresms.com\/wp-content\/uploads\/2016\/06\/Frisoergaarden-1.jpg","contentUrl":"https:\/\/suresms.com\/wp-content\/uploads\/2016\/06\/Frisoergaarden-1.jpg"},{"@type":"BreadcrumbList","@id":"https:\/\/suresms.com\/dk\/branchelosninger\/sms-til-servicevirksomheder\/#breadcrumb","itemListElement":[{"@type":"ListItem","position":1,"name":"Home","item":"https:\/\/suresms.com\/dk\/"},{"@type":"ListItem","position":2,"name":"Branchel\u00f8sninger","item":"https:\/\/suresms.com\/dk\/branchelosninger\/"},{"@type":"ListItem","position":3,"name":"SMS til Servicevirksomheder"}]},{"@type":"WebSite","@id":"https:\/\/suresms.com\/en\/#website","url":"https:\/\/suresms.com\/en\/","name":"SureSMS","description":"Professionel SMS Gateway","publisher":{"@id":"https:\/\/suresms.com\/en\/#organization"},"potentialAction":[{"@type":"SearchAction","target":{"@type":"EntryPoint","urlTemplate":"https:\/\/suresms.com\/en\/?s={search_term_string}"},"query-input":{"@type":"PropertyValueSpecification","valueRequired":true,"valueName":"search_term_string"}}],"inLanguage":"da-DK"},{"@type":"Organization","@id":"https:\/\/suresms.com\/en\/#organization","name":"SureSMS","url":"https:\/\/suresms.com\/en\/","logo":{"@type":"ImageObject","inLanguage":"da-DK","@id":"https:\/\/suresms.com\/en\/#\/schema\/logo\/image\/","url":"https:\/\/suresms.com\/wp-content\/uploads\/2024\/11\/suresms-300x65-1.png","contentUrl":"https:\/\/suresms.com\/wp-content\/uploads\/2024\/11\/suresms-300x65-1.png","width":300,"height":65,"caption":"SureSMS"},"image":{"@id":"https:\/\/suresms.com\/en\/#\/schema\/logo\/image\/"},"sameAs":["https:\/\/www.facebook.com\/p\/SureSMS-100044607956149\/"]}]}},"_links":{"self":[{"href":"https:\/\/suresms.com\/dk\/wp-json\/wp\/v2\/pages\/2681","targetHints":{"allow":["GET"]}}],"collection":[{"href":"https:\/\/suresms.com\/dk\/wp-json\/wp\/v2\/pages"}],"about":[{"href":"https:\/\/suresms.com\/dk\/wp-json\/wp\/v2\/types\/page"}],"author":[{"embeddable":true,"href":"https:\/\/suresms.com\/dk\/wp-json\/wp\/v2\/users\/1"}],"replies":[{"embeddable":true,"href":"https:\/\/suresms.com\/dk\/wp-json\/wp\/v2\/comments?post=2681"}],"version-history":[{"count":4,"href":"https:\/\/suresms.com\/dk\/wp-json\/wp\/v2\/pages\/2681\/revisions"}],"predecessor-version":[{"id":19575,"href":"https:\/\/suresms.com\/dk\/wp-json\/wp\/v2\/pages\/2681\/revisions\/19575"}],"up":[{"embeddable":true,"href":"https:\/\/suresms.com\/dk\/wp-json\/wp\/v2\/pages\/1654"}],"wp:attachment":[{"href":"https:\/\/suresms.com\/dk\/wp-json\/wp\/v2\/media?parent=2681"}],"wp:term":[{"taxonomy":"category","embeddable":true,"href":"https:\/\/suresms.com\/dk\/wp-json\/wp\/v2\/categories?post=2681"},{"taxonomy":"post_tag","embeddable":true,"href":"https:\/\/suresms.com\/dk\/wp-json\/wp\/v2\/tags?post=2681"}],"curies":[{"name":"wp","href":"https:\/\/api.w.org\/{rel}","templated":true}]}}