{"id":2659,"date":"2016-06-01T15:30:55","date_gmt":"2016-06-01T13:30:55","guid":{"rendered":"https:\/\/www.suresms.com\/dk\/?page_id=2659"},"modified":"2025-01-05T00:16:13","modified_gmt":"2025-01-05T00:16:13","slug":"sms-til-offentlige-institutioner","status":"publish","type":"page","link":"https:\/\/suresms.com\/dk\/branchelosninger\/sms-til-offentlige-institutioner\/","title":{"rendered":"SMS til offentlige institutioner"},"content":{"rendered":"\n\n\t\t\t\t<!-- Flexy Breadcrumb -->\r\n\t\t\t<div class=\"fbc fbc-page\">\r\n\r\n\t\t\t\t<!-- Breadcrumb wrapper -->\r\n\t\t\t\t<div class=\"fbc-wrap\">\r\n\r\n\t\t\t\t\t<!-- Ordered list-->\r\n\t\t\t\t\t<ol class=\"fbc-items\" itemscope itemtype=\"https:\/\/schema.org\/BreadcrumbList\">\r\n\t\t\t\t\t\t            <li itemprop=\"itemListElement\" itemscope itemtype=\"https:\/\/schema.org\/ListItem\">\r\n                <span itemprop=\"name\">\r\n                    <!-- Home Link -->\r\n                    <a itemprop=\"item\" href=\"https:\/\/suresms.com\">\r\n                    \r\n                                                    <i class=\"fa fa-home\" aria-hidden=\"true\"><\/i>Home                    <\/a>\r\n                <\/span>\r\n                <meta itemprop=\"position\" content=\"1\" \/><!-- Meta Position-->\r\n             <\/li><li><span class=\"fbc-separator\">\/<\/span><\/li><li class=\"active\" itemprop=\"itemListElement\" itemscope itemtype=\"https:\/\/schema.org\/ListItem\"><span itemprop=\"name\" title=\"SMS til offentlige institutioner\">SMS til offentlige institutioner<\/span><meta itemprop=\"position\" content=\"2\" \/><\/li>\t\t\t\t\t<\/ol>\r\n\t\t\t\t\t<div class=\"clearfix\"><\/div>\r\n\t\t\t\t<\/div>\r\n\t\t\t<\/div>\r\n\t\t\t\n<h1>\n\t\tSMS til Offentlige Institutioner\n\t<\/h1>\n\t\n<p><strong>Kommuner, biblioteker, styrelser, skoler, statsf\u00e6ngsler og hospitaler. Overalt i det offentlige er SMS blevet et enkelt og effektivt kommunikationsmiddel til brugere og borgere. Med SureSMS&#8217; SMS-gateway\u00a0har du automatisk dokumentationen p\u00e5 plads og beh\u00f8ver ikke at g\u00e5 p\u00e5 kompromis med hverken sikkerhed eller produktkvalitet.<\/strong><\/p>\n<p>For at kommunikation mellem kommuner, institutioner, myndigheder og borgere kan virke, er det yderst vigtigt, at beskeder og informationer b\u00e5de n\u00e5r frem OG bliver l\u00e6st! Unders\u00f8gelser viser, at langt st\u00f8rstedelen af alle SMS&#8217;er bliver l\u00e6st af modtageren, og derfor er SMS-beskeder en b\u00e5de hurtig og p\u00e5lidelig kommunikationsform.<\/p>\n<p>Med en SMS-gateway kan offentlige institutioner bevare overblikket og overholde krav til journalisering.<\/p>\n<p><strong>Fordele<\/strong><\/p>\n<ul> \t\n<li><strong>Indbygget journalisering. Via vores webportal har man altid dokumentation for alle beskeder, der bliver sendt til borgere eller medarbejdere.<\/strong><\/li>\n\n<li><strong>Servicebeskeder og aftalep\u00e5mindelser via SMS er en god service for borgere og brugere og\u00a0sikrer samtidig\u00a0f\u00e6rre aflysninger og\u00a0mindre ressourcespild.\u00a0Benyt autogenererede SMS&#8217;er eller styr selv afsendelsen via vores webinterface.<\/strong><\/li>\n\n<li><strong>Al kommunikation mellem klienten og vores servere krypteres\u00a0via den nyeste SSL-kryptering.\u00a0Dermed er det sikkert at sende personf\u00f8lsomme oplysninger via SureSMS.<\/strong><\/li>\n\n<li><strong>Ingen dyre abonnementer. Vi tager kun SMS-takst for det antal beskeder, I faktisk sender. Fakturering er gratis, og det er enkelt at betale via EAN-nummer.<\/strong><\/li>\n<\/ul>\n<p>Ovenst\u00e5ende er et udvalg af vores funktioner. Men der er mange flere. Se vores\u00a0<a href=\"https:\/\/www.suresms.com\/dk\/funktioner\/\">funktionssider<\/a>\u00a0p\u00e5 suresms.com for at f\u00e5 inspiration.<\/p>\n<p><strong>Fuldt overblik og dokumentation via SureSMS&#8217; webportal<\/strong><\/p>\n<p>Fra vores webportal kan man nemt logge ind og via computeren sende SMS&#8217;er til brugerne. Herfra er det hurtigt at sende beskeder til grupper, planl\u00e6gge afsendelser og flette navne ind i beskederne.<\/p>\n<p>Her\u00a0har du\u00a0ogs\u00e5 fuldt overblik over de beskeder, der sendes, og beskederne\u00a0bliver liggende her til brug for journalisering eller evt. dokumentation. Du har altid overblik over b\u00e5de indhold og tidspunkt for afsendelse s\u00e5vel som modtagelse af beskederne.<\/p>\n<p><strong>Leverer til b\u00e5de statsinstitutioner og kommuner<\/strong><\/p>\n<p>Vi har gennem \u00e5rene leveret SMS&#8217;er til mange institutioner inden for det offentlige og har derfor stor erfaring med samarbejdet: biblioteker, statsf\u00e6ngsler, hj\u00e6lpemiddelcentraler, styrelser og meget mere. Offentlige institutioner har brug for at kommunikere med et bredt udsnit af befolkningen, mens pris, kvalitet og sikkerhed SKAL v\u00e6re i top. Vi har den forn\u00f8dne ekspertise og leverer en gedigen og fleksibel gateway, der er enkel at bruge.<\/p>\n<p><strong>Send fra flere numre<\/strong><\/p>\n<p>Har arbejdspladsen brug for at sende fra flere telefonnumre, eller skal login v\u00e6re fleksibelt, s\u00e5 flere medarbejdere kan sende fra en bestemt bruger? Det er enkelt klaret via vores onlineportal.<\/p>\n<p><strong>Her fra siden kan du oprette en gratis testkonto p\u00e5 fem minutter. Har du sp\u00f8rgsm\u00e5l eller brug for at snakke med os? Du finder vores\u00a0<\/strong><a href=\"https:\/\/www.suresms.com\/dk\/kontakt\/\">kontaktinfo<\/a><strong>\u00a0her.<\/strong><\/p>\n\n\t<p>&gt; Tilbage til <a href=\"https:\/\/www.suresms.com\/dk\/branchelosninger\/\">Branchel\u00f8sninger<\/a><\/p>\n\t\t\t<p><a href=\"http:\/\/www.rodskovforsamlingshus.dk\/om-forsamlingshuset.html\"><img loading=\"lazy\" decoding=\"async\" src=\"https:\/\/suresms.com\/wp-content\/uploads\/2015\/02\/REB-Rodskov1.jpg\" alt=\"REB Rodskov\" width=\"172\" height=\"87\" \/><\/a><\/p>\n<p><em>&#8220;I\u00a0blev\u00a0anbefalet til mig af en kollega, der ogs\u00e5 anvender jeres l\u00f8sning.\u00a0<\/em><\/p>\n<p><em>Jeg har unders\u00f8gt og testet en del andre SMS-l\u00f8sninger, og jeres er klart den mest fleksible og hurtige &#8211; og s\u00e5 til en fornuftig pris. <\/em><\/p>\n<p><em>TAK for et fremragende produkt! Det udf\u00f8rer lige pr\u00e6cis de opgaver jeg har brug for- Super godt!&#8221;<\/em><\/p>\n<p><strong>Michel Gorm, sekret\u00e6r<\/strong><\/p>\n<p><strong>Rodskov Forsamlingshus<\/strong><\/p>\n\t\t<h4>Opret gratis testkonto<\/h4>\n\t\t<p>Det tager kun 5 min. Kom igang med det samme og f\u00e5 <strong>50 gratis SMS&#8217;er<\/strong> helt uden bindinger.<\/p>\n\t\t\t<a href=\"https:\/\/www.suresms.com\/dk\/gratis-sms-testkonto\/\" target=\"_self\">\n\t\t\t\t\t\t\tOpret Testkonto\n\t\t\t\t\t<\/a>\n\t\t<h4>Bestil en 2-vejs l\u00f8sning!<\/h4>\n\t\t<p>Har du allerede en konto? Bestil en 2-vejs l\u00f8sning, og f\u00e5 de ekstra muligheder, \u00a0som din egen l\u00f8sning giver.\u00a0<\/p>\n\t\t\t<a href=\"https:\/\/www.suresms.com\/dk\/bestil-2-vejs-losning\/\" target=\"_self\">\n\t\t\t\t\t\t\tBestil 2-vejs l\u00f8sning\n\t\t\t\t\t<\/a>\n\t\t\t\t<a href=\"https:\/\/www.suresms.com\/dk\/sms-outlook-add\/\" target=\"_self\" itemprop=\"url\">\n\t\t\t\t<img loading=\"lazy\" decoding=\"async\" src=\"https:\/\/suresms.com\/wp-content\/uploads\/2016\/02\/facebook-Outlook-plugin-version-1.4-snippet-1.jpg\" alt=\"facebook Outlook plugin version 1.4 snippet\" itemprop=\"image\" height=\"630\" width=\"1200\" title=\"facebook Outlook plugin version 1.4 snippet\" onerror=\"this.style.display='none'\"  \/>\n\t\t\t\t<\/a>\n\t\t<h3><a href=\"https:\/\/www.suresms.com\/dk\/sms-outlook-add\/\" target=\"_self\">Outlook SMS Plugin Version 2.10<\/a><\/h3>Vores SMS Add-in er udviklet specielt til Outlook. Med en hurtig installation af vores &#8220;plugin&#8221; f\u00e5r du en SMS og Gruppe-SMS sender indbygget i din Outlook menu med tilgang til dine outlook kontakter. Du har FULD DOKUMENTATION, da alle beskeder automatisk gemmes. Nem integration til andre systemer.<br \/>\nFlere nye muligheder for valg af Afsender-ID. Brug dit firmanavn eller v\u00e6lg mobilnummer og f\u00e5 svar direkte p\u00e5 mobilen. Skal du modtage svar i Outlook? Kontakt os for en <a href=\"https:\/\/suresms.com\/dk\/funktioner\/modtag-sms-pa-din-computer\/\">2-vejsl\u00f8sning<\/a>.\n<p>&nbsp;<\/p>\n\n\t\t\t<a href=\"https:\/\/www.suresms.com\/dk\/sms-outlook-add\/\" target=\"_self\">\n\t\t\t\t\t\t\tMere om vores SMS Outlook Add-in\n\t\t\t\t\t<\/a>\n\n","protected":false},"excerpt":{"rendered":"<p>SMS til Offentlige Institutioner Kommuner, biblioteker, styrelser, skoler, statsf\u00e6ngsler og hospitaler. Overalt i det offentlige er SMS blevet et enkelt og effektivt kommunikationsmiddel til brugere og borgere. Med SureSMS&#8217; SMS-gateway\u00a0har du automatisk dokumentationen p\u00e5 plads og beh\u00f8ver ikke at g\u00e5 p\u00e5 kompromis med hverken sikkerhed eller produktkvalitet. For at kommunikation mellem kommuner, institutioner, myndigheder og &#8230; <a title=\"SMS til offentlige institutioner\" class=\"read-more\" href=\"https:\/\/suresms.com\/dk\/branchelosninger\/sms-til-offentlige-institutioner\/\" aria-label=\"Read more about SMS til offentlige institutioner\">L\u00e6s mere <\/a><\/p>\n","protected":false},"author":1,"featured_media":0,"parent":1654,"menu_order":4,"comment_status":"closed","ping_status":"closed","template":"","meta":{"_fl_builder_enabled":"1","_fl_builder_data":null,"_fl_builder_draft":null,"_fl_builder_data_settings":null,"_fl_builder_css":"","_fl_builder_css_version":"","_fl_builder_js":"","footnotes":""},"categories":[],"tags":[],"class_list":["post-2659","page","type-page","status-publish"],"yoast_head":"<!-- This site is optimized with the Yoast SEO Premium plugin v27.3 (Yoast SEO v27.3) - https:\/\/yoast.com\/product\/yoast-seo-premium-wordpress\/ -->\r\n<title>SMS til offentlige institutioner. Integreret online journalisering<\/title>\r\n<meta name=\"description\" content=\"SureSMS samarbejder med og leverer SMS til offentlige institutioner. SSL-kryptering sikrer data med personf\u00f8lsomme oplysninger. Betal pr. SMS - 0,- i abonn.\" \/>\r\n<meta name=\"robots\" content=\"index, follow, max-snippet:-1, max-image-preview:large, max-video-preview:-1\" \/>\r\n<link rel=\"canonical\" href=\"https:\/\/suresms.com\/dk\/branchelosninger\/sms-til-offentlige-institutioner\/\" \/>\r\n<meta property=\"og:locale\" content=\"da_DK\" \/>\r\n<meta property=\"og:type\" content=\"article\" \/>\r\n<meta property=\"og:title\" content=\"SMS til offentlige institutioner\" \/>\r\n<meta property=\"og:description\" content=\"SureSMS samarbejder med og leverer SMS til offentlige institutioner. SSL-kryptering sikrer data med personf\u00f8lsomme oplysninger. Betal pr. SMS - 0,- i abonn.\" \/>\r\n<meta property=\"og:url\" content=\"https:\/\/suresms.com\/dk\/branchelosninger\/sms-til-offentlige-institutioner\/\" \/>\r\n<meta property=\"article:publisher\" content=\"https:\/\/www.facebook.com\/p\/SureSMS-100044607956149\/\" \/>\r\n<meta property=\"article:modified_time\" content=\"2025-01-05T00:16:13+00:00\" \/>\r\n<meta property=\"og:image\" content=\"https:\/\/suresms.com\/wp-content\/uploads\/2016\/06\/sms-til-offentlige-snippet.jpg\" \/>\r\n\t<meta property=\"og:image:width\" content=\"400\" \/>\r\n\t<meta property=\"og:image:height\" content=\"233\" \/>\r\n\t<meta property=\"og:image:type\" content=\"image\/jpeg\" \/>\r\n<meta name=\"twitter:card\" content=\"summary_large_image\" \/>\r\n<meta name=\"twitter:label1\" content=\"Estimeret l\u00e6setid\" \/>\n\t<meta name=\"twitter:data1\" content=\"3 minutter\" \/>\r\n<script type=\"application\/ld+json\" class=\"yoast-schema-graph\">{\"@context\":\"https:\\\/\\\/schema.org\",\"@graph\":[{\"@type\":\"WebPage\",\"@id\":\"https:\\\/\\\/suresms.com\\\/dk\\\/branchelosninger\\\/sms-til-offentlige-institutioner\\\/\",\"url\":\"https:\\\/\\\/suresms.com\\\/dk\\\/branchelosninger\\\/sms-til-offentlige-institutioner\\\/\",\"name\":\"SMS til offentlige institutioner. Integreret online journalisering\",\"isPartOf\":{\"@id\":\"https:\\\/\\\/suresms.com\\\/en\\\/#website\"},\"primaryImageOfPage\":{\"@id\":\"https:\\\/\\\/suresms.com\\\/dk\\\/branchelosninger\\\/sms-til-offentlige-institutioner\\\/#primaryimage\"},\"image\":{\"@id\":\"https:\\\/\\\/suresms.com\\\/dk\\\/branchelosninger\\\/sms-til-offentlige-institutioner\\\/#primaryimage\"},\"thumbnailUrl\":\"https:\\\/\\\/suresms.com\\\/wp-content\\\/uploads\\\/2015\\\/02\\\/REB-Rodskov1.jpg\",\"datePublished\":\"2016-06-01T13:30:55+00:00\",\"dateModified\":\"2025-01-05T00:16:13+00:00\",\"description\":\"SureSMS samarbejder med og leverer SMS til offentlige institutioner. SSL-kryptering sikrer data med personf\u00f8lsomme oplysninger. Betal pr. SMS - 0,- i abonn.\",\"breadcrumb\":{\"@id\":\"https:\\\/\\\/suresms.com\\\/dk\\\/branchelosninger\\\/sms-til-offentlige-institutioner\\\/#breadcrumb\"},\"inLanguage\":\"da-DK\",\"potentialAction\":[{\"@type\":\"ReadAction\",\"target\":[\"https:\\\/\\\/suresms.com\\\/dk\\\/branchelosninger\\\/sms-til-offentlige-institutioner\\\/\"]}]},{\"@type\":\"ImageObject\",\"inLanguage\":\"da-DK\",\"@id\":\"https:\\\/\\\/suresms.com\\\/dk\\\/branchelosninger\\\/sms-til-offentlige-institutioner\\\/#primaryimage\",\"url\":\"https:\\\/\\\/suresms.com\\\/wp-content\\\/uploads\\\/2015\\\/02\\\/REB-Rodskov1.jpg\",\"contentUrl\":\"https:\\\/\\\/suresms.com\\\/wp-content\\\/uploads\\\/2015\\\/02\\\/REB-Rodskov1.jpg\"},{\"@type\":\"BreadcrumbList\",\"@id\":\"https:\\\/\\\/suresms.com\\\/dk\\\/branchelosninger\\\/sms-til-offentlige-institutioner\\\/#breadcrumb\",\"itemListElement\":[{\"@type\":\"ListItem\",\"position\":1,\"name\":\"Home\",\"item\":\"https:\\\/\\\/suresms.com\\\/dk\\\/\"},{\"@type\":\"ListItem\",\"position\":2,\"name\":\"Branchel\u00f8sninger\",\"item\":\"https:\\\/\\\/suresms.com\\\/dk\\\/branchelosninger\\\/\"},{\"@type\":\"ListItem\",\"position\":3,\"name\":\"SMS til offentlige institutioner\"}]},{\"@type\":\"WebSite\",\"@id\":\"https:\\\/\\\/suresms.com\\\/en\\\/#website\",\"url\":\"https:\\\/\\\/suresms.com\\\/en\\\/\",\"name\":\"SureSMS\",\"description\":\"Professionel SMS Gateway\",\"publisher\":{\"@id\":\"https:\\\/\\\/suresms.com\\\/en\\\/#organization\"},\"potentialAction\":[{\"@type\":\"SearchAction\",\"target\":{\"@type\":\"EntryPoint\",\"urlTemplate\":\"https:\\\/\\\/suresms.com\\\/en\\\/?s={search_term_string}\"},\"query-input\":{\"@type\":\"PropertyValueSpecification\",\"valueRequired\":true,\"valueName\":\"search_term_string\"}}],\"inLanguage\":\"da-DK\"},{\"@type\":\"Organization\",\"@id\":\"https:\\\/\\\/suresms.com\\\/en\\\/#organization\",\"name\":\"SureSMS\",\"url\":\"https:\\\/\\\/suresms.com\\\/en\\\/\",\"logo\":{\"@type\":\"ImageObject\",\"inLanguage\":\"da-DK\",\"@id\":\"https:\\\/\\\/suresms.com\\\/en\\\/#\\\/schema\\\/logo\\\/image\\\/\",\"url\":\"https:\\\/\\\/suresms.com\\\/wp-content\\\/uploads\\\/2024\\\/11\\\/suresms-300x65-1.png\",\"contentUrl\":\"https:\\\/\\\/suresms.com\\\/wp-content\\\/uploads\\\/2024\\\/11\\\/suresms-300x65-1.png\",\"width\":300,\"height\":65,\"caption\":\"SureSMS\"},\"image\":{\"@id\":\"https:\\\/\\\/suresms.com\\\/en\\\/#\\\/schema\\\/logo\\\/image\\\/\"},\"sameAs\":[\"https:\\\/\\\/www.facebook.com\\\/p\\\/SureSMS-100044607956149\\\/\"]}]}<\/script>\r\n<!-- \/ Yoast SEO Premium plugin. -->","yoast_head_json":{"title":"SMS til offentlige institutioner. Integreret online journalisering","description":"SureSMS samarbejder med og leverer SMS til offentlige institutioner. SSL-kryptering sikrer data med personf\u00f8lsomme oplysninger. Betal pr. SMS - 0,- i abonn.","robots":{"index":"index","follow":"follow","max-snippet":"max-snippet:-1","max-image-preview":"max-image-preview:large","max-video-preview":"max-video-preview:-1"},"canonical":"https:\/\/suresms.com\/dk\/branchelosninger\/sms-til-offentlige-institutioner\/","og_locale":"da_DK","og_type":"article","og_title":"SMS til offentlige institutioner","og_description":"SureSMS samarbejder med og leverer SMS til offentlige institutioner. SSL-kryptering sikrer data med personf\u00f8lsomme oplysninger. Betal pr. SMS - 0,- i abonn.","og_url":"https:\/\/suresms.com\/dk\/branchelosninger\/sms-til-offentlige-institutioner\/","article_publisher":"https:\/\/www.facebook.com\/p\/SureSMS-100044607956149\/","article_modified_time":"2025-01-05T00:16:13+00:00","og_image":[{"width":400,"height":233,"url":"https:\/\/suresms.com\/wp-content\/uploads\/2016\/06\/sms-til-offentlige-snippet.jpg","type":"image\/jpeg"}],"twitter_card":"summary_large_image","twitter_misc":{"Estimeret l\u00e6setid":"3 minutter"},"schema":{"@context":"https:\/\/schema.org","@graph":[{"@type":"WebPage","@id":"https:\/\/suresms.com\/dk\/branchelosninger\/sms-til-offentlige-institutioner\/","url":"https:\/\/suresms.com\/dk\/branchelosninger\/sms-til-offentlige-institutioner\/","name":"SMS til offentlige institutioner. Integreret online journalisering","isPartOf":{"@id":"https:\/\/suresms.com\/en\/#website"},"primaryImageOfPage":{"@id":"https:\/\/suresms.com\/dk\/branchelosninger\/sms-til-offentlige-institutioner\/#primaryimage"},"image":{"@id":"https:\/\/suresms.com\/dk\/branchelosninger\/sms-til-offentlige-institutioner\/#primaryimage"},"thumbnailUrl":"https:\/\/suresms.com\/wp-content\/uploads\/2015\/02\/REB-Rodskov1.jpg","datePublished":"2016-06-01T13:30:55+00:00","dateModified":"2025-01-05T00:16:13+00:00","description":"SureSMS samarbejder med og leverer SMS til offentlige institutioner. SSL-kryptering sikrer data med personf\u00f8lsomme oplysninger. Betal pr. SMS - 0,- i abonn.","breadcrumb":{"@id":"https:\/\/suresms.com\/dk\/branchelosninger\/sms-til-offentlige-institutioner\/#breadcrumb"},"inLanguage":"da-DK","potentialAction":[{"@type":"ReadAction","target":["https:\/\/suresms.com\/dk\/branchelosninger\/sms-til-offentlige-institutioner\/"]}]},{"@type":"ImageObject","inLanguage":"da-DK","@id":"https:\/\/suresms.com\/dk\/branchelosninger\/sms-til-offentlige-institutioner\/#primaryimage","url":"https:\/\/suresms.com\/wp-content\/uploads\/2015\/02\/REB-Rodskov1.jpg","contentUrl":"https:\/\/suresms.com\/wp-content\/uploads\/2015\/02\/REB-Rodskov1.jpg"},{"@type":"BreadcrumbList","@id":"https:\/\/suresms.com\/dk\/branchelosninger\/sms-til-offentlige-institutioner\/#breadcrumb","itemListElement":[{"@type":"ListItem","position":1,"name":"Home","item":"https:\/\/suresms.com\/dk\/"},{"@type":"ListItem","position":2,"name":"Branchel\u00f8sninger","item":"https:\/\/suresms.com\/dk\/branchelosninger\/"},{"@type":"ListItem","position":3,"name":"SMS til offentlige institutioner"}]},{"@type":"WebSite","@id":"https:\/\/suresms.com\/en\/#website","url":"https:\/\/suresms.com\/en\/","name":"SureSMS","description":"Professionel SMS Gateway","publisher":{"@id":"https:\/\/suresms.com\/en\/#organization"},"potentialAction":[{"@type":"SearchAction","target":{"@type":"EntryPoint","urlTemplate":"https:\/\/suresms.com\/en\/?s={search_term_string}"},"query-input":{"@type":"PropertyValueSpecification","valueRequired":true,"valueName":"search_term_string"}}],"inLanguage":"da-DK"},{"@type":"Organization","@id":"https:\/\/suresms.com\/en\/#organization","name":"SureSMS","url":"https:\/\/suresms.com\/en\/","logo":{"@type":"ImageObject","inLanguage":"da-DK","@id":"https:\/\/suresms.com\/en\/#\/schema\/logo\/image\/","url":"https:\/\/suresms.com\/wp-content\/uploads\/2024\/11\/suresms-300x65-1.png","contentUrl":"https:\/\/suresms.com\/wp-content\/uploads\/2024\/11\/suresms-300x65-1.png","width":300,"height":65,"caption":"SureSMS"},"image":{"@id":"https:\/\/suresms.com\/en\/#\/schema\/logo\/image\/"},"sameAs":["https:\/\/www.facebook.com\/p\/SureSMS-100044607956149\/"]}]}},"_links":{"self":[{"href":"https:\/\/suresms.com\/dk\/wp-json\/wp\/v2\/pages\/2659","targetHints":{"allow":["GET"]}}],"collection":[{"href":"https:\/\/suresms.com\/dk\/wp-json\/wp\/v2\/pages"}],"about":[{"href":"https:\/\/suresms.com\/dk\/wp-json\/wp\/v2\/types\/page"}],"author":[{"embeddable":true,"href":"https:\/\/suresms.com\/dk\/wp-json\/wp\/v2\/users\/1"}],"replies":[{"embeddable":true,"href":"https:\/\/suresms.com\/dk\/wp-json\/wp\/v2\/comments?post=2659"}],"version-history":[{"count":6,"href":"https:\/\/suresms.com\/dk\/wp-json\/wp\/v2\/pages\/2659\/revisions"}],"predecessor-version":[{"id":21049,"href":"https:\/\/suresms.com\/dk\/wp-json\/wp\/v2\/pages\/2659\/revisions\/21049"}],"up":[{"embeddable":true,"href":"https:\/\/suresms.com\/dk\/wp-json\/wp\/v2\/pages\/1654"}],"wp:attachment":[{"href":"https:\/\/suresms.com\/dk\/wp-json\/wp\/v2\/media?parent=2659"}],"wp:term":[{"taxonomy":"category","embeddable":true,"href":"https:\/\/suresms.com\/dk\/wp-json\/wp\/v2\/categories?post=2659"},{"taxonomy":"post_tag","embeddable":true,"href":"https:\/\/suresms.com\/dk\/wp-json\/wp\/v2\/tags?post=2659"}],"curies":[{"name":"wp","href":"https:\/\/api.w.org\/{rel}","templated":true}]}}