{"id":23804,"date":"2026-01-13T16:10:44","date_gmt":"2026-01-13T16:10:44","guid":{"rendered":"https:\/\/suresms.com\/?page_id=23804"},"modified":"2026-01-14T06:35:34","modified_gmt":"2026-01-14T06:35:34","slug":"integration-entra-id-via-csv","status":"publish","type":"page","link":"https:\/\/suresms.com\/dk\/integrationer\/booking-ldap-2fa\/integration-entra-id-via-csv\/","title":{"rendered":"SMS integration til Entra ID (via CSV fil)"},"content":{"rendered":"\n\n\t\t\t\t<!-- Flexy Breadcrumb -->\r\n\t\t\t<div class=\"fbc fbc-page\">\r\n\r\n\t\t\t\t<!-- Breadcrumb wrapper -->\r\n\t\t\t\t<div class=\"fbc-wrap\">\r\n\r\n\t\t\t\t\t<!-- Ordered list-->\r\n\t\t\t\t\t<ol class=\"fbc-items\" itemscope itemtype=\"https:\/\/schema.org\/BreadcrumbList\">\r\n\t\t\t\t\t\t            <li itemprop=\"itemListElement\" itemscope itemtype=\"https:\/\/schema.org\/ListItem\">\r\n                <span itemprop=\"name\">\r\n                    <!-- Home Link -->\r\n                    <a itemprop=\"item\" href=\"https:\/\/suresms.com\">\r\n                    \r\n                                                    <i class=\"fa fa-home\" aria-hidden=\"true\"><\/i>Home                    <\/a>\r\n                <\/span>\r\n                <meta itemprop=\"position\" content=\"1\" \/><!-- Meta Position-->\r\n             <\/li><li><span class=\"fbc-separator\">\/<\/span><\/li><li class=\"active\" itemprop=\"itemListElement\" itemscope itemtype=\"https:\/\/schema.org\/ListItem\"><span itemprop=\"name\" title=\"SMS integration til Entra ID (via CSV fil)\">SMS integration til Entra...<\/span><meta itemprop=\"position\" content=\"2\" \/><\/li>\t\t\t\t\t<\/ol>\r\n\t\t\t\t\t<div class=\"clearfix\"><\/div>\r\n\t\t\t\t<\/div>\r\n\t\t\t<\/div>\r\n\t\t\t\n\t\t<h1>SMS integration Entra ID via CSV fil<\/h1>\t\n\t\t\t\t<img decoding=\"async\" src=\"https:\/\/suresms.com\/wp-content\/uploads\/2022\/08\/Azure-AD-2-1.png\" alt=\"Azure AD\" itemprop=\"image\" height=\"254\" width=\"700\" title=\"Azure AD\" onerror=\"this.style.display='none'\" loading=\"lazy\" \/>\n<h2>\n\t\t\tHvad er Entra ID ogs\u00e5 kendt som Active Directory?\t<\/h2>\n\t<p>Microsoft Entra ID, tidligere kendt som Azure Active Directory (Azure AD), er en cloud-baseret identitets- og adgangsstyringstjeneste fra Microsoft. Denne tjeneste hj\u00e6lper organisationer med at styre og sikre brugeradgang til applikationer og data p\u00e5 tv\u00e6rs af en moderne hybrid it-infrastruktur. Ved at bruge Microsoft Entra ID kan virksomheder tilbyde enkeltlogon (SSO) og multifaktorautentifikation for at beskytte brugeridentiteter og forbedre sikkerheden. Integrationen med Microsoft Entra ID og dit Active Directory (AD) g\u00f8r det muligt at synkronisere og administrere identiteter centralt, hvilket forenkler brugerstyring og tilgangskontrol. Dette er afg\u00f8rende for virksomheder, der \u00f8nsker en effektiv og sikker adgangsh\u00e5ndtering.<\/p>\n\t\t<h2>V\u00e6r opm\u00e6rksom p\u00e5&#8230;.<\/h2><p>Der er et par ting du skal v\u00e6re opm\u00e6rksom p\u00e5, inden du s\u00e6tter igang med at lave en SMS AD integration sammen med SureSMS.<\/p>\n<h4>GDPR<\/h4>\n<p>Det f\u00f8rste du skal v\u00e6re opm\u00e6rksom p\u00e5 er, at SureSMS f\u00e5r adgang til persondata fra dig. Det betyder at vi nu begynder at behandle data for dig og dermed skal vi, i<a href=\"https:\/\/www.datatilsynet.dk\/hvad-siger-reglerne\">f\u00f8lge GDPR<\/a>, have en databehandleraftale.<\/p>\n<h4>Telefonnumre<\/h4>\n<p>De telefonnumre vi skal sende til, skal st\u00e5 i dit AD. For at vi kan sende SMS til en person skal vi kende personens telefonnummer. Hvis du derfor ikke har telefonnumre i dit AD skal du enten f\u00e5 det, eller undlade at lave en integration.<\/p>\n<h4>Sletning af kontakter<\/h4>\n<p>Integrationen er en &#8220;envejs&#8221; integration. Det betyder at vi kun l\u00e6ser fra informationer fra AD. Integrationen tager s\u00e5 at sige alle personer fra dit AD. S\u00e5, hvis du f.eks. sletter en person i SureSMS, s\u00e5 kommer vedkommende bare igen hvis personen stadig st\u00e5r i AD. Det er altid AD der har de rigtige data.<\/p>\n<h2>\n\t\t\tS\u00e5dan ops\u00e6ttes din Entra ID integation\t<\/h2>\n\t<p>Vi har flere muligheder, n\u00e5r det kommer til EntraID integration. I denne artikel beskrives det, hvordan integrationen laves via en CSV fil.<\/p>\n<p>Overordnet bygger l\u00f8sningen p\u00e5 et lille script som afvikles hos dig (alts\u00e5 inden for de sikkerhedsmekanismer din virksomhed har etableret). Scriptet laver en kommasepareret fil med indhold om personer, telefonnumre og grupper, og denne fil sendes sikkert via sFTP til SureSMS. SureSMS indl\u00e6ser s\u00e5 automatisk filen p\u00e5 den konto der er knyttet til integrationene.<\/p>\n<p>S\u00e5, lad os komme igang.<\/p>\n<h2>\n\t\t\tS\u00e5dan fungere det\t<\/h2>\nProcessen er bygget op omkring et PowerShell-script, der udf\u00f8rer f\u00f8lgende opgaver:\n\n1.Forbinder sikkert til Microsoft Entra ID ved hj\u00e6lp af Microsoft Graph API.\n2.Henter medlemmer fra en eller flere specificerede brugergrupper.\n3.Udtr\u00e6kker relevante data (Navn, Landekode, Telefonnummer) og navnet p\u00e5 den gruppe, de tilh\u00f8rer.\n4.Formaterer data i en CSV-fil, der er kompatibel med SureSMS-platformen.\n5.Uploader automatisk CSV-filen til SureSMS sFTP-serveren (sftp.suresms.com).\n<br \/>\nN\u00e5r filen er uploadet, importeres den automatisk til kontakterne til din adressebog i SureSMS.\n<h2>\n\t\t\tCSV-filens format\t<\/h2>\nScriptet genererer en CSV-fil med semikolon som separator, hvilket er standard i Danmark. Filen indeholder f\u00f8lgende kolonner:\n<table>\n<tbody data-slate-node=\"element\">\n<tr data-slate-node=\"element\">\n<td data-slate-node=\"element\">\nKolonne\n<\/td>\n<td data-slate-node=\"element\">\nBeskrivelse\n<\/td>\n<td data-slate-node=\"element\">\nEksempel\n<\/td>\n<\/tr>\n<tr data-slate-node=\"element\">\n<td data-slate-node=\"element\">\nNavn\n<\/td>\n<td data-slate-node=\"element\">\nBrugerens fulde navn fra Entra ID\n<\/td>\n<td data-slate-node=\"element\">\nAnders Jensen\n<\/td>\n<\/tr>\n<tr data-slate-node=\"element\">\n<td data-slate-node=\"element\">\nLandekode\n<\/td>\n<td data-slate-node=\"element\">Opkaldskode med + prefix<\/td>\n<td data-slate-node=\"element\">\n+45\n<\/td>\n<\/tr>\n<tr data-slate-node=\"element\">\n<td data-slate-node=\"element\">\nTelefonnummer\n<\/td>\n<td data-slate-node=\"element\">\nMobilnummer eller arbejdstelefon\n<\/td>\n<td data-slate-node=\"element\">\n12345678\n<\/td>\n<\/tr>\n<tr data-slate-node=\"element\">\n<td data-slate-node=\"element\">\nGruppe\n<\/td>\n<td data-slate-node=\"element\">\nNavnet p\u00e5 den Entra ID-gruppe, brugeren tilh\u00f8rer\n<\/td>\n<td data-slate-node=\"element\">\nIT-Afdeling\n<\/td>\n<\/tr>\n<\/tbody>\n<\/table>\nEt eksempel p\u00e5 filens indhold kunne se s\u00e5ledes ud:\nPlain Text\n&#8220;Anders Jensen&#8221;;&#8221;+45&#8243;;&#8221;12345678&#8243;;&#8221;IT-Afdeling&#8221;\n&#8220;Maria Nielsen&#8221;;&#8221;+45&#8243;;&#8221;87654321&#8243;;&#8221;IT-Afdeling&#8221; \n&#8220;Peter Hansen&#8221;;&#8221;+45&#8243;;&#8221;11223344&#8243;;&#8221;Salg&#8221; \n&#8220;Johan Svensson&#8221;;&#8221;+46&#8243;;&#8221;701234567&#8243;;&#8221;Salg&#8221;\n\nBem\u00e6rk at scriptet automatisk konverterer ISO-landekoder (f.eks. DK, SE, NO) til det korrekte opkaldsformat (+45, +46, +47) og fjerner eventuelle landekode-pr\u00e6fikser fra telefonnumrene.\n<h2>\n\t\t\tForuds\u00e6tninger\t<\/h2>\n<p>F\u00f8r du kan benytte scriptet, skal du sikre dig, at dit system opfylder f\u00f8lgende krav:<\/p>\n<ul>\n<li>Windows PowerShell 5.1 eller nyere (inkluderet i Windows 10 og 11).<\/li>\n<li>N\u00f8dvendige PowerShell-moduler: Scriptet vil automatisk fors\u00f8ge at installere <u>Graph<\/u> og <u>Posh-SSH<\/u>, hvis de ikke allerede er installeret. Dette kr\u00e6ver administratorrettigheder f\u00f8rste gang.<\/li>\n<li>Rettigheder i Entra ID: Den bruger, der k\u00f8rer scriptet, skal have tilladelse til at l\u00e6se bruger- og gruppeoplysninger via Microsoft Graph. F\u00f8rste gang scriptet k\u00f8res, vil du blive bedt om at give samtykke til disse tilladelser.<\/li>\n<li>sFTP-adgang til SureSMS: Du skal have et brugernavn og adgangskode til SureSMS sFTP-serveren.<\/li>\n<\/ul>\n<h2>\n\t\t\tTrin-for-trin guide\t<\/h2>\n<p>F\u00f8lg disse trin for at konfigurere og k\u00f8re scriptet.<\/p>\n<h3>\n\t\t\tTrin 1: Download scriptet\t<\/h3>\n<p>F\u00f8rst skal du downloade <a href=\"https:\/\/suresms.com\/wp-content\/uploads\/2026\/01\/Export-EntraIDUsersToSFTP.zip\">PowerShell-scriptet<\/a>. Gem filen Export-EntraIDUsersToSFTP.ps1 p\u00e5 en passende placering p\u00e5 din computer, f.eks. i C:Scripts<\/p>\n<h3>\n\t\t\tTrin 2: Find dine sFTP-oplysninger i SureSMS\t<\/h3>\n<p>For at scriptet kan uploade filen, skal det bruge dine personlige sFTP-loginoplysninger fra SureSMS. Scriptet er allerede konfigureret til at forbinde til sftp.suresms.com, s\u00e5 du skal kun bruge dit brugernavn og adgangskode.<\/p>\n<p>Du kan f\u00e5 oplyst dine sFTP oplysninger ved at sende en email til support@suresms.com med oplysning om dit bruger-nummer og den registreret email-adresse (ses nederst til venstre n\u00e5r du er logget ind p\u00e5 app.suresms.com)<\/p>\n<h3>\n\t\t\tTrin 3: K\u00f8r scriptet\t<\/h3>\n<p>\u00c5bn et PowerShell-vindue og naviger til den mappe, hvor du gemte scriptet. Du kan nu k\u00f8re scriptet med de n\u00f8dvendige parametre.<\/p>\n<p>Nedenfor er et eksempel p\u00e5, hvordan du k\u00f8rer scriptet. Udskift v\u00e6rdierne med dine egne oplysninger.<\/p>\n<p>.Export-EntraIDUsersToSFTP.ps1 -Groups &#8220;Alle Medarbejdere&#8221;, &#8220;IT-Support&#8221; `\u00a0\u00a0\u00a0\u00a0 -SFTPUsername &#8220;ditsftp-brugernavn&#8221;<\/p>\n<p>N\u00e5r du k\u00f8rer kommandoen:<\/p>\n<ul>\n<li>Bliver du f\u00f8rst bedt om at logge ind p\u00e5 din Microsoft-konto for at give scriptet adgang til Entra ID.<\/li>\n<li>Derefter vil du blive bedt om at indtaste din sFTP-adgangskode.<\/li>\n<\/ul>\n<p>Scriptet vil nu hente data, oprette en CSV-fil ved navn <u>EntraID_Export.csv<\/u> og uploade den til SureSMS sFTP-serveren.<\/p>\n<p>&nbsp;<\/p>\n<p><em>Scriptets parametre<\/em><\/p>\n<p>Her er en oversigt over de parametre, du kan bruge til at tilpasse scriptets funktion:<\/p>\n<p>&nbsp;<\/p>\n<table width=\"100%\">\n<thead>\n<tr>\n<td>Parameter<\/td>\n<td>Beskrivelse<\/td>\n<\/tr>\n<\/thead>\n<tbody>\n<tr>\n<td><u>-Groups<\/u><\/td>\n<td>(Obligatorisk) En liste af de gruppenavne fra Entra ID, du vil eksportere. Adskil med komma, f.eks. <u>&#8220;Gruppe1&#8221;, &#8220;Gruppe2&#8221;<\/u>.<\/td>\n<\/tr>\n<tr>\n<td><u>-SFTPUsername<\/u><\/td>\n<td>(Obligatorisk) Dit sFTP-brugernavn fra SureSMS.<\/td>\n<\/tr>\n<tr>\n<td><u>-SFTPPassword<\/u><\/td>\n<td>(Valgfrit) Adgangskode som SecureString. Hvis ikke angivet, bliver du bedt om at indtaste den.<\/td>\n<\/tr>\n<tr>\n<td><u>-SFTPPort<\/u><\/td>\n<td>(Valgfrit) sFTP-porten. Standard er 22.<\/td>\n<\/tr>\n<tr>\n<td><u>-SFTPRemotePath<\/u><\/td>\n<td>Mappen p\u00e5 sFTP-serveren, hvor filen skal uploades. Standard er <u>\/<\/u>.<\/td>\n<\/tr>\n<tr>\n<td><u>-OutputPath<\/u><\/td>\n<td>(Valgfrit) \u00c6ndrer navnet eller placeringen af den lokale CSV-fil. Standard er <u>.EntraID_Export.csv<\/u>.<\/td>\n<\/tr>\n<tr>\n<td><u>-SkipSFTPUpload<\/u><\/td>\n<td>(Valgfrit) Hvis angivet, genereres kun CSV-filen lokalt uden upload til sFTP.<\/td>\n<\/tr>\n<\/tbody>\n<\/table>\n<h2>\n\t\t\tEksempler p\u00e5 brug\t<\/h2>\n<h4>Eksempel 1: Eksporter \u00e9n gruppe og upload til SureSMS<\/h4>\n<p>.Export-EntraIDUsersToSFTP.ps1 -Groups &#8220;Salgsafdeling&#8221; -SFTPUsername &#8220;minbruger&#8221;<\/p>\n<h4>Eksempel 2: Eksporter flere grupper til en specifik mappe<\/h4>\n<p>.Export-EntraIDUsersToSFTP.ps1 -Groups &#8220;IT&#8221;, &#8220;HR&#8221;, &#8220;Ledelse&#8221; ` -SFTPUsername &#8220;minbruger&#8221; ` -SFTPRemotePath &#8220;\/kontakter&#8221;<\/p>\n<h4>Eksempel 3: Kun lokal eksport uden sFTP-upload<\/h4>\n<p>.Export-EntraIDUsersToSFTP.ps1 -Groups &#8220;Alle Medarbejdere&#8221; ` -OutputPath &#8220;C:Eksportmedarbejdere.csv&#8221; ` -SkipSFTPUpload<\/p>\n<h2>\n\t\t\tAutomatisering med Windows Task Scheduler\t<\/h2>\n<p>For at holde dine kontaktlister synkroniserede kan du ops\u00e6tte en planlagt opgave (Scheduled Task) i Windows, der k\u00f8rer scriptet automatisk med j\u00e6vne mellemrum. Dette sikrer, at nye medarbejdere eller \u00e6ndringer i telefonnumre automatisk bliver reflekteret i dine SureSMS-modtagerlister uden manuelt arbejde.<\/p>\n<p>For at oprette en planlagt opgave:<\/p>\n<ul>\n<li>\u00c5bn Opgavestyring (Task Scheduler) i Windows.<\/li>\n<li>Klik p\u00e5 Opret grundl\u00e6ggende opgave.<\/li>\n<li>Giv opgaven et navn, f.eks. &#8220;SureSMS Kontakt Sync&#8221;.<\/li>\n<li>V\u00e6lg, hvor ofte opgaven skal k\u00f8re (f.eks. dagligt).<\/li>\n<li>V\u00e6lg Start et program som handling.<\/li>\n<li>Angiv <u>exe<\/u> som program og tilf\u00f8j scriptets fulde sti med parametre som argument.<\/li>\n<\/ul>\n<p>Eksempel p\u00e5 argument:<\/p>\n<p>-ExecutionPolicy Bypass -File &#8220;C:ScriptsExport-EntraIDUsersToSFTP.ps1&#8221; -Groups &#8220;Alle Medarbejdere&#8221; -SFTPUsername &#8220;minbruger&#8221;<\/p>\n<p>Bem\u00e6rk: Ved automatiseret k\u00f8rsel skal du gemme adgangskoden sikkert. Du kan bruge <u>-SFTPPassword<\/u> parameteren med en SecureString, der er gemt i en krypteret fil, eller k\u00f8re scriptet under en servicekonto med gemte legitimationsoplysninger.<\/p>\n<p>&nbsp;<\/p>\n\n","protected":false},"excerpt":{"rendered":"<p>SMS integration Entra ID via CSV fil Hvad er Entra ID ogs\u00e5 kendt som Active Directory? Microsoft Entra ID, tidligere kendt som Azure Active Directory (Azure AD), er en cloud-baseret identitets- og adgangsstyringstjeneste fra Microsoft. Denne tjeneste hj\u00e6lper organisationer med at styre og sikre brugeradgang til applikationer og data p\u00e5 tv\u00e6rs af en moderne hybrid &#8230; <a title=\"SMS integration til Entra ID (via CSV fil)\" class=\"read-more\" href=\"https:\/\/suresms.com\/dk\/integrationer\/booking-ldap-2fa\/integration-entra-id-via-csv\/\" aria-label=\"Read more about SMS integration til Entra ID (via CSV fil)\">L\u00e6s mere <\/a><\/p>\n","protected":false},"author":1,"featured_media":0,"parent":19541,"menu_order":1,"comment_status":"closed","ping_status":"closed","template":"","meta":{"_fl_builder_enabled":"1","_fl_builder_data":null,"_fl_builder_draft":null,"_fl_builder_data_settings":null,"_fl_builder_css":"","_fl_builder_css_version":"","_fl_builder_js":"","footnotes":""},"categories":[],"tags":[],"class_list":["post-23804","page","type-page","status-publish"],"yoast_head":"<!-- This site is optimized with the Yoast SEO Premium plugin v27.3 (Yoast SEO v27.3) - https:\/\/yoast.com\/product\/yoast-seo-premium-wordpress\/ -->\r\n<title>SMS integration til Entra ID (via CSV fil) - dyb integration<\/title>\r\n<meta name=\"description\" content=\"SMS AD Integration til Azure Active Directory. Fuldt integreret SMS l\u00f8sning i AD til beredskabs, alarmering, medarbejdere og mere\" \/>\r\n<meta name=\"robots\" content=\"index, follow, max-snippet:-1, max-image-preview:large, max-video-preview:-1\" \/>\r\n<link rel=\"canonical\" href=\"https:\/\/suresms.com\/dk\/integrationer\/booking-ldap-2fa\/integration-entra-id-via-csv\/\" \/>\r\n<meta property=\"og:locale\" content=\"da_DK\" \/>\r\n<meta property=\"og:type\" content=\"article\" \/>\r\n<meta property=\"og:title\" content=\"SMS integration til Entra ID (via CSV fil)\" \/>\r\n<meta property=\"og:description\" content=\"SMS AD Integration til Azure Active Directory. Fuldt integreret SMS l\u00f8sning i AD til beredskabs, alarmering, medarbejdere og mere\" \/>\r\n<meta property=\"og:url\" content=\"https:\/\/suresms.com\/dk\/integrationer\/booking-ldap-2fa\/integration-entra-id-via-csv\/\" \/>\r\n<meta property=\"article:publisher\" content=\"https:\/\/www.facebook.com\/p\/SureSMS-100044607956149\/\" \/>\r\n<meta property=\"article:modified_time\" content=\"2026-01-14T06:35:34+00:00\" \/>\r\n<meta property=\"og:image\" content=\"https:\/\/suresms.com\/wp-content\/uploads\/2022\/08\/Azure-AD-2-1.png\" \/>\r\n<meta name=\"twitter:card\" content=\"summary_large_image\" \/>\r\n<meta name=\"twitter:label1\" content=\"Estimeret l\u00e6setid\" \/>\n\t<meta name=\"twitter:data1\" content=\"7 minutter\" \/>\r\n<script type=\"application\/ld+json\" class=\"yoast-schema-graph\">{\"@context\":\"https:\\\/\\\/schema.org\",\"@graph\":[{\"@type\":\"WebPage\",\"@id\":\"https:\\\/\\\/suresms.com\\\/dk\\\/integrationer\\\/booking-ldap-2fa\\\/integration-entra-id-via-csv\\\/\",\"url\":\"https:\\\/\\\/suresms.com\\\/dk\\\/integrationer\\\/booking-ldap-2fa\\\/integration-entra-id-via-csv\\\/\",\"name\":\"SMS integration til Entra ID (via CSV fil) - dyb integration\",\"isPartOf\":{\"@id\":\"https:\\\/\\\/suresms.com\\\/en\\\/#website\"},\"primaryImageOfPage\":{\"@id\":\"https:\\\/\\\/suresms.com\\\/dk\\\/integrationer\\\/booking-ldap-2fa\\\/integration-entra-id-via-csv\\\/#primaryimage\"},\"image\":{\"@id\":\"https:\\\/\\\/suresms.com\\\/dk\\\/integrationer\\\/booking-ldap-2fa\\\/integration-entra-id-via-csv\\\/#primaryimage\"},\"thumbnailUrl\":\"https:\\\/\\\/suresms.com\\\/wp-content\\\/uploads\\\/2022\\\/08\\\/Azure-AD-2-1.png\",\"datePublished\":\"2026-01-13T16:10:44+00:00\",\"dateModified\":\"2026-01-14T06:35:34+00:00\",\"description\":\"SMS AD Integration til Azure Active Directory. Fuldt integreret SMS l\u00f8sning i AD til beredskabs, alarmering, medarbejdere og mere\",\"breadcrumb\":{\"@id\":\"https:\\\/\\\/suresms.com\\\/dk\\\/integrationer\\\/booking-ldap-2fa\\\/integration-entra-id-via-csv\\\/#breadcrumb\"},\"inLanguage\":\"da-DK\",\"potentialAction\":[{\"@type\":\"ReadAction\",\"target\":[\"https:\\\/\\\/suresms.com\\\/dk\\\/integrationer\\\/booking-ldap-2fa\\\/integration-entra-id-via-csv\\\/\"]}]},{\"@type\":\"ImageObject\",\"inLanguage\":\"da-DK\",\"@id\":\"https:\\\/\\\/suresms.com\\\/dk\\\/integrationer\\\/booking-ldap-2fa\\\/integration-entra-id-via-csv\\\/#primaryimage\",\"url\":\"https:\\\/\\\/suresms.com\\\/wp-content\\\/uploads\\\/2022\\\/08\\\/Azure-AD-2-1.png\",\"contentUrl\":\"https:\\\/\\\/suresms.com\\\/wp-content\\\/uploads\\\/2022\\\/08\\\/Azure-AD-2-1.png\"},{\"@type\":\"BreadcrumbList\",\"@id\":\"https:\\\/\\\/suresms.com\\\/dk\\\/integrationer\\\/booking-ldap-2fa\\\/integration-entra-id-via-csv\\\/#breadcrumb\",\"itemListElement\":[{\"@type\":\"ListItem\",\"position\":1,\"name\":\"Home\",\"item\":\"https:\\\/\\\/suresms.com\\\/dk\\\/\"},{\"@type\":\"ListItem\",\"position\":2,\"name\":\"Integrationer\",\"item\":\"https:\\\/\\\/suresms.com\\\/dk\\\/integrationer\\\/\"},{\"@type\":\"ListItem\",\"position\":3,\"name\":\"SMS integration til LDAP og brugerdatabaser\",\"item\":\"https:\\\/\\\/suresms.com\\\/dk\\\/integrationer\\\/booking-ldap-2fa\\\/\"},{\"@type\":\"ListItem\",\"position\":4,\"name\":\"SMS integration til Entra ID (via CSV fil)\"}]},{\"@type\":\"WebSite\",\"@id\":\"https:\\\/\\\/suresms.com\\\/en\\\/#website\",\"url\":\"https:\\\/\\\/suresms.com\\\/en\\\/\",\"name\":\"SureSMS\",\"description\":\"Professionel SMS Gateway\",\"publisher\":{\"@id\":\"https:\\\/\\\/suresms.com\\\/en\\\/#organization\"},\"potentialAction\":[{\"@type\":\"SearchAction\",\"target\":{\"@type\":\"EntryPoint\",\"urlTemplate\":\"https:\\\/\\\/suresms.com\\\/en\\\/?s={search_term_string}\"},\"query-input\":{\"@type\":\"PropertyValueSpecification\",\"valueRequired\":true,\"valueName\":\"search_term_string\"}}],\"inLanguage\":\"da-DK\"},{\"@type\":\"Organization\",\"@id\":\"https:\\\/\\\/suresms.com\\\/en\\\/#organization\",\"name\":\"SureSMS\",\"url\":\"https:\\\/\\\/suresms.com\\\/en\\\/\",\"logo\":{\"@type\":\"ImageObject\",\"inLanguage\":\"da-DK\",\"@id\":\"https:\\\/\\\/suresms.com\\\/en\\\/#\\\/schema\\\/logo\\\/image\\\/\",\"url\":\"https:\\\/\\\/suresms.com\\\/wp-content\\\/uploads\\\/2024\\\/11\\\/suresms-300x65-1.png\",\"contentUrl\":\"https:\\\/\\\/suresms.com\\\/wp-content\\\/uploads\\\/2024\\\/11\\\/suresms-300x65-1.png\",\"width\":300,\"height\":65,\"caption\":\"SureSMS\"},\"image\":{\"@id\":\"https:\\\/\\\/suresms.com\\\/en\\\/#\\\/schema\\\/logo\\\/image\\\/\"},\"sameAs\":[\"https:\\\/\\\/www.facebook.com\\\/p\\\/SureSMS-100044607956149\\\/\"]}]}<\/script>\r\n<!-- \/ Yoast SEO Premium plugin. -->","yoast_head_json":{"title":"SMS integration til Entra ID (via CSV fil) - dyb integration","description":"SMS AD Integration til Azure Active Directory. Fuldt integreret SMS l\u00f8sning i AD til beredskabs, alarmering, medarbejdere og mere","robots":{"index":"index","follow":"follow","max-snippet":"max-snippet:-1","max-image-preview":"max-image-preview:large","max-video-preview":"max-video-preview:-1"},"canonical":"https:\/\/suresms.com\/dk\/integrationer\/booking-ldap-2fa\/integration-entra-id-via-csv\/","og_locale":"da_DK","og_type":"article","og_title":"SMS integration til Entra ID (via CSV fil)","og_description":"SMS AD Integration til Azure Active Directory. Fuldt integreret SMS l\u00f8sning i AD til beredskabs, alarmering, medarbejdere og mere","og_url":"https:\/\/suresms.com\/dk\/integrationer\/booking-ldap-2fa\/integration-entra-id-via-csv\/","article_publisher":"https:\/\/www.facebook.com\/p\/SureSMS-100044607956149\/","article_modified_time":"2026-01-14T06:35:34+00:00","og_image":[{"url":"https:\/\/suresms.com\/wp-content\/uploads\/2022\/08\/Azure-AD-2-1.png","type":"","width":"","height":""}],"twitter_card":"summary_large_image","twitter_misc":{"Estimeret l\u00e6setid":"7 minutter"},"schema":{"@context":"https:\/\/schema.org","@graph":[{"@type":"WebPage","@id":"https:\/\/suresms.com\/dk\/integrationer\/booking-ldap-2fa\/integration-entra-id-via-csv\/","url":"https:\/\/suresms.com\/dk\/integrationer\/booking-ldap-2fa\/integration-entra-id-via-csv\/","name":"SMS integration til Entra ID (via CSV fil) - dyb integration","isPartOf":{"@id":"https:\/\/suresms.com\/en\/#website"},"primaryImageOfPage":{"@id":"https:\/\/suresms.com\/dk\/integrationer\/booking-ldap-2fa\/integration-entra-id-via-csv\/#primaryimage"},"image":{"@id":"https:\/\/suresms.com\/dk\/integrationer\/booking-ldap-2fa\/integration-entra-id-via-csv\/#primaryimage"},"thumbnailUrl":"https:\/\/suresms.com\/wp-content\/uploads\/2022\/08\/Azure-AD-2-1.png","datePublished":"2026-01-13T16:10:44+00:00","dateModified":"2026-01-14T06:35:34+00:00","description":"SMS AD Integration til Azure Active Directory. Fuldt integreret SMS l\u00f8sning i AD til beredskabs, alarmering, medarbejdere og mere","breadcrumb":{"@id":"https:\/\/suresms.com\/dk\/integrationer\/booking-ldap-2fa\/integration-entra-id-via-csv\/#breadcrumb"},"inLanguage":"da-DK","potentialAction":[{"@type":"ReadAction","target":["https:\/\/suresms.com\/dk\/integrationer\/booking-ldap-2fa\/integration-entra-id-via-csv\/"]}]},{"@type":"ImageObject","inLanguage":"da-DK","@id":"https:\/\/suresms.com\/dk\/integrationer\/booking-ldap-2fa\/integration-entra-id-via-csv\/#primaryimage","url":"https:\/\/suresms.com\/wp-content\/uploads\/2022\/08\/Azure-AD-2-1.png","contentUrl":"https:\/\/suresms.com\/wp-content\/uploads\/2022\/08\/Azure-AD-2-1.png"},{"@type":"BreadcrumbList","@id":"https:\/\/suresms.com\/dk\/integrationer\/booking-ldap-2fa\/integration-entra-id-via-csv\/#breadcrumb","itemListElement":[{"@type":"ListItem","position":1,"name":"Home","item":"https:\/\/suresms.com\/dk\/"},{"@type":"ListItem","position":2,"name":"Integrationer","item":"https:\/\/suresms.com\/dk\/integrationer\/"},{"@type":"ListItem","position":3,"name":"SMS integration til LDAP og brugerdatabaser","item":"https:\/\/suresms.com\/dk\/integrationer\/booking-ldap-2fa\/"},{"@type":"ListItem","position":4,"name":"SMS integration til Entra ID (via CSV fil)"}]},{"@type":"WebSite","@id":"https:\/\/suresms.com\/en\/#website","url":"https:\/\/suresms.com\/en\/","name":"SureSMS","description":"Professionel SMS Gateway","publisher":{"@id":"https:\/\/suresms.com\/en\/#organization"},"potentialAction":[{"@type":"SearchAction","target":{"@type":"EntryPoint","urlTemplate":"https:\/\/suresms.com\/en\/?s={search_term_string}"},"query-input":{"@type":"PropertyValueSpecification","valueRequired":true,"valueName":"search_term_string"}}],"inLanguage":"da-DK"},{"@type":"Organization","@id":"https:\/\/suresms.com\/en\/#organization","name":"SureSMS","url":"https:\/\/suresms.com\/en\/","logo":{"@type":"ImageObject","inLanguage":"da-DK","@id":"https:\/\/suresms.com\/en\/#\/schema\/logo\/image\/","url":"https:\/\/suresms.com\/wp-content\/uploads\/2024\/11\/suresms-300x65-1.png","contentUrl":"https:\/\/suresms.com\/wp-content\/uploads\/2024\/11\/suresms-300x65-1.png","width":300,"height":65,"caption":"SureSMS"},"image":{"@id":"https:\/\/suresms.com\/en\/#\/schema\/logo\/image\/"},"sameAs":["https:\/\/www.facebook.com\/p\/SureSMS-100044607956149\/"]}]}},"_links":{"self":[{"href":"https:\/\/suresms.com\/dk\/wp-json\/wp\/v2\/pages\/23804","targetHints":{"allow":["GET"]}}],"collection":[{"href":"https:\/\/suresms.com\/dk\/wp-json\/wp\/v2\/pages"}],"about":[{"href":"https:\/\/suresms.com\/dk\/wp-json\/wp\/v2\/types\/page"}],"author":[{"embeddable":true,"href":"https:\/\/suresms.com\/dk\/wp-json\/wp\/v2\/users\/1"}],"replies":[{"embeddable":true,"href":"https:\/\/suresms.com\/dk\/wp-json\/wp\/v2\/comments?post=23804"}],"version-history":[{"count":7,"href":"https:\/\/suresms.com\/dk\/wp-json\/wp\/v2\/pages\/23804\/revisions"}],"predecessor-version":[{"id":23815,"href":"https:\/\/suresms.com\/dk\/wp-json\/wp\/v2\/pages\/23804\/revisions\/23815"}],"up":[{"embeddable":true,"href":"https:\/\/suresms.com\/dk\/wp-json\/wp\/v2\/pages\/19541"}],"wp:attachment":[{"href":"https:\/\/suresms.com\/dk\/wp-json\/wp\/v2\/media?parent=23804"}],"wp:term":[{"taxonomy":"category","embeddable":true,"href":"https:\/\/suresms.com\/dk\/wp-json\/wp\/v2\/categories?post=23804"},{"taxonomy":"post_tag","embeddable":true,"href":"https:\/\/suresms.com\/dk\/wp-json\/wp\/v2\/tags?post=23804"}],"curies":[{"name":"wp","href":"https:\/\/api.w.org\/{rel}","templated":true}]}}