{"id":23531,"date":"2025-11-11T09:58:32","date_gmt":"2025-11-11T09:58:32","guid":{"rendered":"https:\/\/suresms.com\/?page_id=23531"},"modified":"2025-11-11T10:47:34","modified_gmt":"2025-11-11T10:47:34","slug":"sms-2-sms-opstning","status":"publish","type":"page","link":"https:\/\/suresms.com\/dk\/docs\/guides\/sms-2-sms-opstning\/","title":{"rendered":"SMS-2-SMS ops\u00e6tning"},"content":{"rendered":"\n\n\t\t\t\t<!-- Flexy Breadcrumb -->\r\n\t\t\t<div class=\"fbc fbc-page\">\r\n\r\n\t\t\t\t<!-- Breadcrumb wrapper -->\r\n\t\t\t\t<div class=\"fbc-wrap\">\r\n\r\n\t\t\t\t\t<!-- Ordered list-->\r\n\t\t\t\t\t<ol class=\"fbc-items\" itemscope itemtype=\"https:\/\/schema.org\/BreadcrumbList\">\r\n\t\t\t\t\t\t            <li itemprop=\"itemListElement\" itemscope itemtype=\"https:\/\/schema.org\/ListItem\">\r\n                <span itemprop=\"name\">\r\n                    <!-- Home Link -->\r\n                    <a itemprop=\"item\" href=\"https:\/\/suresms.com\">\r\n                    \r\n                                                    <i class=\"fa fa-home\" aria-hidden=\"true\"><\/i>Home                    <\/a>\r\n                <\/span>\r\n                <meta itemprop=\"position\" content=\"1\" \/><!-- Meta Position-->\r\n             <\/li><li><span class=\"fbc-separator\">\/<\/span><\/li><li class=\"active\" itemprop=\"itemListElement\" itemscope itemtype=\"https:\/\/schema.org\/ListItem\"><span itemprop=\"name\" title=\"SMS-2-SMS ops\u00e6tning\">SMS-2-SMS ops\u00e6tning<\/span><meta itemprop=\"position\" content=\"2\" \/><\/li>\t\t\t\t\t<\/ol>\r\n\t\t\t\t\t<div class=\"clearfix\"><\/div>\r\n\t\t\t\t<\/div>\r\n\t\t\t<\/div>\r\n\t\t\t\n<h1>\n\t\t\tSMS-2-SMS ops\u00e6tning\t<\/h1>\n\t<p>SMS2SMS er en kraftfuld funktion, der muligg\u00f8r automatisk udsendelse af SMS-beskeder til en foruddefineret gruppe via en enkelt indg\u00e5ende SMS. Selvom det kan lyde som en omvej, \u00e5bner denne form for SMS-automatisering op for en r\u00e6kke effektive kommunikationsscenarier.<\/p>\n<p>Denne guide vil gennemg\u00e5, hvad SMS2SMS er, hvordan det kan anvendes i praksis, og hvordan du nemt kan ops\u00e6tte og teste det p\u00e5 SureSMS-platformen.<\/p>\n<h2>\n\t\t\tHvad er SMS2SMS?\t<\/h2>\n\t<p>Kernen i SMS2SMS-funktionaliteten er at omdanne en enkelt indg\u00e5ende SMS til en bulk SMS-udsendelse. En bruger sender en SMS-besked til et dedikeret virtuelt telefonnummer p\u00e5 SureSMS-platformen. Beskeden skal starte med et specifikt SMS-keyword, som er knyttet til en kontaktgruppe.<\/p>\n<p>Platformen genkender keywordet, fjerner det fra beskeden og videresender den resterende tekst til alle medlemmer i den p\u00e5g\u00e6ldende gruppe. Dette skaber en simpel, men effektiv SMS-gateway for gruppe-kommunikation uden behov for at logge ind p\u00e5 en platform eller have adgang til komplette kontaktlister.<\/p>\n<h2>\n\t\t\tHvilke scenarier kan SMS2SMS bruges i?\t<\/h2>\n\t<p>Fleksibiliteten i SMS2SMS g\u00f8r det anvendeligt i mange forskellige situationer, hvor hurtig og m\u00e5lrettet kommunikation er n\u00f8dvendig. Her er nogle eksempler:<\/p>\n\t\t\t\t<table>\n\t\t\t\t\t<thead>\n\t\t\t\t\t\t\t\t\t\t\t\t\t\t<tr>\n\t\t\t\t\t\t\t\t\t\t\t\t\t\t\t<th rowspan=\"\" colspan=\"\">\n\t\t\t\t\t\t\t\t\t\t\t\t\t\t\t\t\t<label>\n\t\t\t\t\t\t\t\t\t\t<\/label><label> Scenarie <\/label>\n\t\t\t\t\t\t\t\t\t\n\t\t\t\t\t\t\t\t\t\t\t\t\t\t\t\t\t<\/th>\n\t\t\t\t\t\t\t\t\t\t\t\t\t\t<th rowspan=\"\" colspan=\"\">\n\t\t\t\t\t\t\t\t\t\t\t\t\t\t\t\t\t<label>\n\t\t\t\t\t\t\t\t\t\t<\/label><label> Beskrivelse af anvendelse <\/label>\n\t\t\t\t\t\t\t\t\t\n\t\t\t\t\t\t\t\t\t\t\t\t\t\t\t\t\t<\/th>\n\t\t\t\t\t\t\t\t\t\t\t<\/tr><\/thead>\n\t\t\t\t\t<tbody>\n\t\t\t\t\t\t\t\t\t\t\t\t\t\t\t<tr>\n\t\t\t\t\t\t\t\t\t\t\t\t\t\t\t\t\t\t\t\t<td colspan=\"\" rowspan=\"\">\n\t\t\t\t\t\t\t\t\t\t\t\t\t\t\t\t\t\t\t\t\t\t\t Boligforeninger \n\t\t\t\t\t\t\t\t\t\t\t\t\t\t\t\t\t\t\t\t\t\t\t<\/td>\n\t\t\t\t\t\t\t\t\t\t\t\t\t\t\t\t<td colspan=\"\" rowspan=\"\">\n\t\t\t\t\t\t\t\t\t\t\t\t\t\t\t En h\u00e5ndv\u00e6rker kan sende en besked til et centralt nummer med et keyword for en specifik opgang (f.eks. &#8220;OPGANG5A Vi lukker for vandet kl. 14&#8221;). Beskeden sendes automatisk til alle beboere i den opgang, uden at h\u00e5ndv\u00e6rkeren har adgang til deres private telefonnumre. \n\t\t\t\t\t\t\t\t\t\t\t\t\t\t\t\t\t\t\t\t\t\t\t\t<\/td>\n\t\t\t\t\t\t\t\t\t\t\t\t\t\t\t<\/tr><tr>\n\t\t\t\t\t\t\t\t\t\t\t\t\t\t\t\t\t\t\t\t<td colspan=\"\" rowspan=\"\">\n\t\t\t\t\t\t\t\t\t\t\t\t\t\t\t\t\t\t\t\t\t\t\t Medarbejdere i marken \n\t\t\t\t\t\t\t\t\t\t\t\t\t\t\t\t\t\t\t\t\t\t\t<\/td>\n\t\t\t\t\t\t\t\t\t\t\t\t\t\t\t\t<td colspan=\"\" rowspan=\"\">\n\t\t\t\t\t\t\t\t\t\t\t\t\t\t\t\t\t\t\t\t\t\t\t En medarbejder, der har brug for assistance, kan sende en SMS til en gruppe baseret p\u00e5 geografi (f.eks. &#8220;HJ\u00d8RRING Jeg har brug for hj\u00e6lp p\u00e5 adresse X&#8221;). Systemet sender beskeden til alle kolleger i Hj\u00f8rring-teamet. \n\t\t\t\t\t\t\t\t\t\t\t\t\t\t\t\t\t\t\t\t\t\t\t<\/td>\n\t\t\t\t\t\t\t\t\t\t\t\t\t\t\t<\/tr><tr>\n\t\t\t\t\t\t\t\t\t\t\t\t\t\t\t\t\t\t\t\t<td colspan=\"\" rowspan=\"\">\n\t\t\t\t\t\t\t\t\t\t\t\t\t\t\t\t\t\t\t\t\t\t\t Skolebusk\u00f8rsel \n\t\t\t\t\t\t\t\t\t\t\t\t\t\t\t\t\t\t\t\t\t\t\t<\/td>\n\t\t\t\t\t\t\t\t\t\t\t\t\t\t\t\t<td colspan=\"\" rowspan=\"\">\n\t\t\t\t\t\t\t\t\t\t\t\t\t\t\t\t\t\t\t\t\t\t\t En chauff\u00f8r, der er forsinket, kan hurtigt informere alle for\u00e6ldre p\u00e5 en specifik rute ved at sende en SMS som &#8220;ROUTE1 Bussen er 20 minutter forsinket pga. trafik&#8221;. \n\t\t\t\t\t\t\t\t\t\t\t\t\t\t\t\t\t\t\t\t\t\t\t<\/td>\n\t\t\t\t\t\t\t\t\t\t\t\t\t\t\t<\/tr><tr>\n\t\t\t\t\t\t\t\t\t\t\t\t\t\t\t\t\t\t\t\t<td colspan=\"\" rowspan=\"\">\n\t\t\t\t\t\t\t\t\t\t\t\t\t\t\t\t\t\t\t\t\t\t\t Sportsklubber \n\t\t\t\t\t\t\t\t\t\t\t\t\t\t\t\t\t\t\t\t\t\t\t<\/td>\n\t\t\t\t\t\t\t\t\t\t\t\t\t\t\t\t<td colspan=\"\" rowspan=\"\">\n\t\t\t\t\t\t\t\t\t\t\t\t\t\t\t\t\t\t\t\t\t\t\t En fodboldtr\u00e6ner kan aflyse tr\u00e6ning i sidste \u00f8jeblik ved at sende en besked til sit holds keyword (f.eks. &#8220;U12HOLDET Tr\u00e6ning aflyst pga. regn&#8221;). Beskeden g\u00e5r ud til alle spillere og for\u00e6ldre p\u00e5 listen. \n\t\t\t\t\t\t\t\t\t\t\t\t\t\t\t\t\t\t\t\t\t\t\t<\/td>\n\t\t\t\t\t\t\t\t\t\t\t<\/tr><\/tbody>\n\t\t\t\t<\/table>\n\t<p>Disse scenarier illustrerer, hvordan SMS-automatisering kan centralisere og forenkle kommunikationen, samtidig med at datasikkerheden opretholdes, da afsenderen ikke beh\u00f8ver at administrere eller have adgang til modtagerlisterne.<\/p>\n<h2>\n\t\t\tHvordan s\u00e6ttes SMS2SMS op i SureSMS?\t<\/h2>\n\t<p>Ops\u00e6tningen af SMS2SMS p\u00e5 SureSMS-platformen involverer tre hovedtrin: bestilling af et indg\u00e5ende nummer, oprettelse af en kontaktgruppe med et keyword, og konfiguration af gruppens indstillinger. Her er en step-by-step guide:<\/p>\n<h3>\n\t\t\tTrin 1: Bestil et indg\u00e5ende telefonnummer\t<\/h3>\n\t<p>For at kunne modtage SMS-beskeder skal du have et dedikeret nummer p\u00e5 platformen.<\/p>\n<ul>\n<li>Naviger til Indstillinger og v\u00e6lg Afsendernavn.<\/li>\n<li>Klik p\u00e5 knappen Bestil for at se en liste over tilg\u00e6ngelige virtuelle telefonnumre.<\/li>\n<li>V\u00e6lg et nummer fra listen og bekr\u00e6ft bestillingen.<\/li>\n<li>N\u00e5r nummeret vises i din liste over afsenderv\u00e6rdier, skal du markere det som Default-nummer. Dette g\u00f8res for at specificere, at det er dette nummer, platformen skal bruge til at modtage indg\u00e5ende beskeder. Nummeret vil have et gr\u00f8nt flueben, der indikerer, at det er et virtuelt long number<\/li>\n<\/ul>\n\t\t\t\t\t<video src=\"https:\/\/suresms.com\/wp-content\/uploads\/2025\/11\/Guides - Setup of SMS-2-SMS.mp4\" alt=\"hosted-video-thumbnail\"><\/video>\n\t\t<h3>\n\t\t\tTrin 2: Opret en kontaktgruppe og et keyword\t<\/h3>\n\t<p>N\u00e6ste skridt er at organisere de kontakter, der skal modtage beskederne, i en gruppe og tildele et unikt keyword.<\/p>\n<ul>\n<li>G\u00e5 til Adressebog og v\u00e6lg Grupper.<\/li>\n<li>Opret en ny gruppe eller rediger en eksisterende.<\/li>\n<li>Gruppenavn: V\u00e6lg et internt navn til gruppen (f.eks. &#8220;Boldspil2025&#8221;).<\/li>\n<li>Keyword: Dette er det vigtigste felt. V\u00e6lg et unikt og letgenkendeligt SMS-keyword (f.eks. &#8220;boldspil&#8221;). Dette er ordet, afsenderen skal starte sin SMS med for at sende til denne gruppe.<\/li>\n<li>Tilf\u00f8j kontakter til gruppen. Du kan enten g\u00f8re det manuelt eller importere en liste.<\/li>\n<\/ul>\n<h3>\n\t\t\tTrin 3: Konfigurer gruppens indstillinger\t<\/h3>\n\t<p>For at SMS2SMS-funktionen skal virke korrekt, skal gruppens indstillinger konfigureres.<\/p>\n<ul>\n<li>Brug altid afsender navn: Her bestemmer du, hvad der skal st\u00e5 som afsender p\u00e5 de SMS&#8217;er, der sendes ud til gruppen.\n<ul>\n<li>Ikke sat: Modtagerne vil se afsenderens (f.eks. h\u00e5ndv\u00e6rkerens) eget telefonnummer. Svar vil g\u00e5 direkte til denne person.<\/li>\n<li>Specifikt nummer\/navn: Du kan v\u00e6lge et af dine verificerede numre eller et alfanumerisk afsender-ID (f.eks. &#8220;SureSMS&#8221;), som ikke kan besvares. Dette er ideelt for envejskommunikation.<\/li>\n<\/ul>\n<\/li>\n<li>Kun tilladte afsendere: For at undg\u00e5 misbrug kan du begr\u00e6nse, hvem der kan sende til gruppen. Under dette felt kan du v\u00e6lge en anden gruppe (f.eks. &#8220;H\u00e5ndv\u00e6rkere&#8221; eller &#8220;Tr\u00e6nere&#8221;), og kun medlemmer af denne gruppe vil have tilladelse til at bruge SMS2SMS-funktionen.\n<ul>\n<li>Hvis feltet er sat til Ikke sat, kan alle, der kender dit indg\u00e5ende nummer og keyword, sende en besked til gruppen.<\/li>\n<\/ul>\n<\/li>\n<li>Deaktiver indg\u00e5ende SMS til gruppe: S\u00f8rg for, at denne funktion ikke er sl\u00e5et til, da det vil blokere for SMS2SMS-funktionaliteten.<\/li>\n<li>Gem dine indstillinger.<\/li>\n<\/ul>\n<h2>\n\t\t\tTest din SMS2SMS ops\u00e6tning\t<\/h2>\n\t<p>N\u00e5r ops\u00e6tningen er fuldf\u00f8rt, er det simpelt at teste, om din SMS-automatisering virker efter hensigten.<\/p>\n<ul>\n<li>Sikre afsenderen er godkendt: Hvis du har sat en begr\u00e6nsning p\u00e5, hvem der kan sende (Trin 3, punkt 2), skal du sikre dig, at det telefonnummer, du sender fra, er medlem af den godkendte afsendergruppe.<\/li>\n<li>Send test-SMS&#8217;en: Fra din mobiltelefon (eller en anden telefon, der er p\u00e5 listen over godkendte afsendere), send en SMS til det indg\u00e5ende telefonnummer, du bestilte i Trin 1.<\/li>\n<li>Struktur\u00e9r beskeden korrekt: Start beskeden med dit valgte keyword, efterfulgt af et mellemrum og derefter selve beskeden.\n<ul>\n<li>Eksempel: <u>boldspil Tr\u00e6ningen i dag er flyttet til kl. 19.<\/u><\/li>\n<\/ul>\n<\/li>\n<li>Verificer i udbakken: G\u00e5 til Udbakke p\u00e5 SureSMS-platformen. Her vil du kunne se:\n<ul>\n<li>Den oprindelige indg\u00e5ende SMS fra dit telefonnummer, som indeholder keywordet.<\/li>\n<li>En r\u00e6kke nye udg\u00e5ende SMS&#8217;er (en for hver kontakt i din gruppe). Teksten i disse beskeder vil v\u00e6re den samme som din oprindelige besked, men uden keywordet.<\/li>\n<\/ul>\n<\/li>\n<\/ul>\n<p>&nbsp;<\/p>\n<p>Hvis de udg\u00e5ende beskeder er blevet genereret og sendt til alle kontakter i gruppen, er din SMS2SMS-ops\u00e6tning succesfuld. Du har nu en fuldt funktionel l\u00f8sning til hurtig og effektiv gruppe-SMS.<\/p>\n\n","protected":false},"excerpt":{"rendered":"<p>SMS-2-SMS ops\u00e6tning SMS2SMS er en kraftfuld funktion, der muligg\u00f8r automatisk udsendelse af SMS-beskeder til en foruddefineret gruppe via en enkelt indg\u00e5ende SMS. Selvom det kan lyde som en omvej, \u00e5bner denne form for SMS-automatisering op for en r\u00e6kke effektive kommunikationsscenarier. Denne guide vil gennemg\u00e5, hvad SMS2SMS er, hvordan det kan anvendes i praksis, og hvordan &#8230; <a title=\"SMS-2-SMS ops\u00e6tning\" class=\"read-more\" href=\"https:\/\/suresms.com\/dk\/docs\/guides\/sms-2-sms-opstning\/\" aria-label=\"Read more about SMS-2-SMS ops\u00e6tning\">L\u00e6s mere <\/a><\/p>\n","protected":false},"author":1,"featured_media":0,"parent":23423,"menu_order":0,"comment_status":"closed","ping_status":"closed","template":"","meta":{"_fl_builder_enabled":"1","_fl_builder_data":null,"_fl_builder_draft":null,"_fl_builder_data_settings":null,"_fl_builder_css":"","_fl_builder_css_version":"","_fl_builder_js":"","footnotes":""},"categories":[],"tags":[],"class_list":["post-23531","page","type-page","status-publish"],"yoast_head":"<!-- This site is optimized with the Yoast SEO Premium plugin v27.3 (Yoast SEO v27.3) - https:\/\/yoast.com\/product\/yoast-seo-premium-wordpress\/ -->\r\n<title>SMS-2-SMS ops\u00e6tning -<\/title>\r\n<meta name=\"robots\" content=\"index, follow, max-snippet:-1, max-image-preview:large, max-video-preview:-1\" \/>\r\n<link rel=\"canonical\" href=\"https:\/\/suresms.com\/dk\/docs\/guides\/sms-2-sms-opstning\/\" \/>\r\n<meta property=\"og:locale\" content=\"da_DK\" \/>\r\n<meta property=\"og:type\" content=\"article\" \/>\r\n<meta property=\"og:title\" content=\"SMS-2-SMS ops\u00e6tning\" \/>\r\n<meta property=\"og:description\" content=\"SMS-2-SMS ops\u00e6tning SMS2SMS er en kraftfuld funktion, der muligg\u00f8r automatisk udsendelse af SMS-beskeder til en foruddefineret gruppe via en enkelt indg\u00e5ende SMS. Selvom det kan lyde som en omvej, \u00e5bner denne form for SMS-automatisering op for en r\u00e6kke effektive kommunikationsscenarier. Denne guide vil gennemg\u00e5, hvad SMS2SMS er, hvordan det kan anvendes i praksis, og hvordan ... L\u00e6s mere\" \/>\r\n<meta property=\"og:url\" content=\"https:\/\/suresms.com\/dk\/docs\/guides\/sms-2-sms-opstning\/\" \/>\r\n<meta property=\"article:publisher\" content=\"https:\/\/www.facebook.com\/p\/SureSMS-100044607956149\/\" \/>\r\n<meta property=\"article:modified_time\" content=\"2025-11-11T10:47:34+00:00\" \/>\r\n<meta name=\"twitter:card\" content=\"summary_large_image\" \/>\r\n<meta name=\"twitter:label1\" content=\"Estimeret l\u00e6setid\" \/>\n\t<meta name=\"twitter:data1\" content=\"2 minutter\" \/>\r\n<script type=\"application\/ld+json\" class=\"yoast-schema-graph\">{\"@context\":\"https:\\\/\\\/schema.org\",\"@graph\":[{\"@type\":\"WebPage\",\"@id\":\"https:\\\/\\\/suresms.com\\\/dk\\\/docs\\\/guides\\\/sms-2-sms-opstning\\\/\",\"url\":\"https:\\\/\\\/suresms.com\\\/dk\\\/docs\\\/guides\\\/sms-2-sms-opstning\\\/\",\"name\":\"SMS-2-SMS ops\u00e6tning -\",\"isPartOf\":{\"@id\":\"https:\\\/\\\/suresms.com\\\/en\\\/#website\"},\"datePublished\":\"2025-11-11T09:58:32+00:00\",\"dateModified\":\"2025-11-11T10:47:34+00:00\",\"breadcrumb\":{\"@id\":\"https:\\\/\\\/suresms.com\\\/dk\\\/docs\\\/guides\\\/sms-2-sms-opstning\\\/#breadcrumb\"},\"inLanguage\":\"da-DK\",\"potentialAction\":[{\"@type\":\"ReadAction\",\"target\":[\"https:\\\/\\\/suresms.com\\\/dk\\\/docs\\\/guides\\\/sms-2-sms-opstning\\\/\"]}]},{\"@type\":\"BreadcrumbList\",\"@id\":\"https:\\\/\\\/suresms.com\\\/dk\\\/docs\\\/guides\\\/sms-2-sms-opstning\\\/#breadcrumb\",\"itemListElement\":[{\"@type\":\"ListItem\",\"position\":1,\"name\":\"Home\",\"item\":\"https:\\\/\\\/suresms.com\\\/dk\\\/\"},{\"@type\":\"ListItem\",\"position\":2,\"name\":\"Dokumentation\",\"item\":\"https:\\\/\\\/suresms.com\\\/dk\\\/docs\\\/\"},{\"@type\":\"ListItem\",\"position\":3,\"name\":\"Vejledninger\",\"item\":\"https:\\\/\\\/suresms.com\\\/dk\\\/docs\\\/guides\\\/\"},{\"@type\":\"ListItem\",\"position\":4,\"name\":\"SMS-2-SMS ops\u00e6tning\"}]},{\"@type\":\"WebSite\",\"@id\":\"https:\\\/\\\/suresms.com\\\/en\\\/#website\",\"url\":\"https:\\\/\\\/suresms.com\\\/en\\\/\",\"name\":\"SureSMS\",\"description\":\"Professionel SMS Gateway\",\"publisher\":{\"@id\":\"https:\\\/\\\/suresms.com\\\/en\\\/#organization\"},\"potentialAction\":[{\"@type\":\"SearchAction\",\"target\":{\"@type\":\"EntryPoint\",\"urlTemplate\":\"https:\\\/\\\/suresms.com\\\/en\\\/?s={search_term_string}\"},\"query-input\":{\"@type\":\"PropertyValueSpecification\",\"valueRequired\":true,\"valueName\":\"search_term_string\"}}],\"inLanguage\":\"da-DK\"},{\"@type\":\"Organization\",\"@id\":\"https:\\\/\\\/suresms.com\\\/en\\\/#organization\",\"name\":\"SureSMS\",\"url\":\"https:\\\/\\\/suresms.com\\\/en\\\/\",\"logo\":{\"@type\":\"ImageObject\",\"inLanguage\":\"da-DK\",\"@id\":\"https:\\\/\\\/suresms.com\\\/en\\\/#\\\/schema\\\/logo\\\/image\\\/\",\"url\":\"https:\\\/\\\/suresms.com\\\/wp-content\\\/uploads\\\/2024\\\/11\\\/suresms-300x65-1.png\",\"contentUrl\":\"https:\\\/\\\/suresms.com\\\/wp-content\\\/uploads\\\/2024\\\/11\\\/suresms-300x65-1.png\",\"width\":300,\"height\":65,\"caption\":\"SureSMS\"},\"image\":{\"@id\":\"https:\\\/\\\/suresms.com\\\/en\\\/#\\\/schema\\\/logo\\\/image\\\/\"},\"sameAs\":[\"https:\\\/\\\/www.facebook.com\\\/p\\\/SureSMS-100044607956149\\\/\"]}]}<\/script>\r\n<!-- \/ Yoast SEO Premium plugin. -->","yoast_head_json":{"title":"SMS-2-SMS ops\u00e6tning -","robots":{"index":"index","follow":"follow","max-snippet":"max-snippet:-1","max-image-preview":"max-image-preview:large","max-video-preview":"max-video-preview:-1"},"canonical":"https:\/\/suresms.com\/dk\/docs\/guides\/sms-2-sms-opstning\/","og_locale":"da_DK","og_type":"article","og_title":"SMS-2-SMS ops\u00e6tning","og_description":"SMS-2-SMS ops\u00e6tning SMS2SMS er en kraftfuld funktion, der muligg\u00f8r automatisk udsendelse af SMS-beskeder til en foruddefineret gruppe via en enkelt indg\u00e5ende SMS. Selvom det kan lyde som en omvej, \u00e5bner denne form for SMS-automatisering op for en r\u00e6kke effektive kommunikationsscenarier. Denne guide vil gennemg\u00e5, hvad SMS2SMS er, hvordan det kan anvendes i praksis, og hvordan ... L\u00e6s mere","og_url":"https:\/\/suresms.com\/dk\/docs\/guides\/sms-2-sms-opstning\/","article_publisher":"https:\/\/www.facebook.com\/p\/SureSMS-100044607956149\/","article_modified_time":"2025-11-11T10:47:34+00:00","twitter_card":"summary_large_image","twitter_misc":{"Estimeret l\u00e6setid":"2 minutter"},"schema":{"@context":"https:\/\/schema.org","@graph":[{"@type":"WebPage","@id":"https:\/\/suresms.com\/dk\/docs\/guides\/sms-2-sms-opstning\/","url":"https:\/\/suresms.com\/dk\/docs\/guides\/sms-2-sms-opstning\/","name":"SMS-2-SMS ops\u00e6tning -","isPartOf":{"@id":"https:\/\/suresms.com\/en\/#website"},"datePublished":"2025-11-11T09:58:32+00:00","dateModified":"2025-11-11T10:47:34+00:00","breadcrumb":{"@id":"https:\/\/suresms.com\/dk\/docs\/guides\/sms-2-sms-opstning\/#breadcrumb"},"inLanguage":"da-DK","potentialAction":[{"@type":"ReadAction","target":["https:\/\/suresms.com\/dk\/docs\/guides\/sms-2-sms-opstning\/"]}]},{"@type":"BreadcrumbList","@id":"https:\/\/suresms.com\/dk\/docs\/guides\/sms-2-sms-opstning\/#breadcrumb","itemListElement":[{"@type":"ListItem","position":1,"name":"Home","item":"https:\/\/suresms.com\/dk\/"},{"@type":"ListItem","position":2,"name":"Dokumentation","item":"https:\/\/suresms.com\/dk\/docs\/"},{"@type":"ListItem","position":3,"name":"Vejledninger","item":"https:\/\/suresms.com\/dk\/docs\/guides\/"},{"@type":"ListItem","position":4,"name":"SMS-2-SMS ops\u00e6tning"}]},{"@type":"WebSite","@id":"https:\/\/suresms.com\/en\/#website","url":"https:\/\/suresms.com\/en\/","name":"SureSMS","description":"Professionel SMS Gateway","publisher":{"@id":"https:\/\/suresms.com\/en\/#organization"},"potentialAction":[{"@type":"SearchAction","target":{"@type":"EntryPoint","urlTemplate":"https:\/\/suresms.com\/en\/?s={search_term_string}"},"query-input":{"@type":"PropertyValueSpecification","valueRequired":true,"valueName":"search_term_string"}}],"inLanguage":"da-DK"},{"@type":"Organization","@id":"https:\/\/suresms.com\/en\/#organization","name":"SureSMS","url":"https:\/\/suresms.com\/en\/","logo":{"@type":"ImageObject","inLanguage":"da-DK","@id":"https:\/\/suresms.com\/en\/#\/schema\/logo\/image\/","url":"https:\/\/suresms.com\/wp-content\/uploads\/2024\/11\/suresms-300x65-1.png","contentUrl":"https:\/\/suresms.com\/wp-content\/uploads\/2024\/11\/suresms-300x65-1.png","width":300,"height":65,"caption":"SureSMS"},"image":{"@id":"https:\/\/suresms.com\/en\/#\/schema\/logo\/image\/"},"sameAs":["https:\/\/www.facebook.com\/p\/SureSMS-100044607956149\/"]}]}},"_links":{"self":[{"href":"https:\/\/suresms.com\/dk\/wp-json\/wp\/v2\/pages\/23531","targetHints":{"allow":["GET"]}}],"collection":[{"href":"https:\/\/suresms.com\/dk\/wp-json\/wp\/v2\/pages"}],"about":[{"href":"https:\/\/suresms.com\/dk\/wp-json\/wp\/v2\/types\/page"}],"author":[{"embeddable":true,"href":"https:\/\/suresms.com\/dk\/wp-json\/wp\/v2\/users\/1"}],"replies":[{"embeddable":true,"href":"https:\/\/suresms.com\/dk\/wp-json\/wp\/v2\/comments?post=23531"}],"version-history":[{"count":6,"href":"https:\/\/suresms.com\/dk\/wp-json\/wp\/v2\/pages\/23531\/revisions"}],"predecessor-version":[{"id":23541,"href":"https:\/\/suresms.com\/dk\/wp-json\/wp\/v2\/pages\/23531\/revisions\/23541"}],"up":[{"embeddable":true,"href":"https:\/\/suresms.com\/dk\/wp-json\/wp\/v2\/pages\/23423"}],"wp:attachment":[{"href":"https:\/\/suresms.com\/dk\/wp-json\/wp\/v2\/media?parent=23531"}],"wp:term":[{"taxonomy":"category","embeddable":true,"href":"https:\/\/suresms.com\/dk\/wp-json\/wp\/v2\/categories?post=23531"},{"taxonomy":"post_tag","embeddable":true,"href":"https:\/\/suresms.com\/dk\/wp-json\/wp\/v2\/tags?post=23531"}],"curies":[{"name":"wp","href":"https:\/\/api.w.org\/{rel}","templated":true}]}}