{"id":2043,"date":"2016-02-29T16:51:29","date_gmt":"2016-02-29T14:51:29","guid":{"rendered":"https:\/\/www.suresms.com\/dk\/?page_id=2043"},"modified":"2025-01-04T23:56:41","modified_gmt":"2025-01-04T23:56:41","slug":"cookie-og-privatlivspolitik-suresms","status":"publish","type":"page","link":"https:\/\/suresms.com\/dk\/politikker\/cookie-og-privatlivspolitik-suresms\/","title":{"rendered":"Cookie- og privatlivspolitik for SureSMS"},"content":{"rendered":"\n<h1>\n\t\tSureSMS ApS &#8211; Cookie og privatlivspolitik\n\t<\/h1>\n\t\t\t\t<img loading=\"lazy\" decoding=\"async\" src=\"https:\/\/suresms.com\/wp-content\/uploads\/2016\/02\/cookies-pc-550x281-1.jpg\" alt=\"cookies pc 550x281\" itemprop=\"image\" height=\"281\" width=\"550\" title=\"cookies pc 550x281\" onerror=\"this.style.display='none'\"  \/>\n\t<h4>\u00a0<\/h4>\n<h4><strong>Om Cookies<\/strong><\/h4>\n<p><strong>&#8220;En cookie er en lille tekstfil, der lagres i din browser for at kunne genkende din computer ved tilbagevendende bes\u00f8g. Der er ingen personlige oplysninger gemt i vores cookies, og de kan IKKE indeholde virus.&#8221;<\/strong><\/p>\n<p>\u00a0<\/p>\n\t<h4>Vores website anvender cookies til f\u00f8lgende form\u00e5l:<\/h4>\n<ul>\n<li>Teknisk funktionalitet, s\u00e5 vi kan huske dine pr\u00e6ferencer.<\/li>\n<li>Trafikm\u00e5ling, s\u00e5 vi ved, hvor mange der bes\u00f8ger vores site og hvordan de bruger det.<\/li>\n<li>Til at huske din accept af cookies, s\u00e5 vi ikke sp\u00f8rger dig, hver gang du g\u00e5r ind p\u00e5 vores sider.<\/li>\n<\/ul>\n\t\t<h4>Dette website udbydes af:<\/h4><strong>SureSMS ApS<br \/>\n<\/strong>Industriholmen 82<br \/>\n2650 Hvidovre<br \/>\nTelefon: 50 322 322<br \/>\nEmail: <a href=\"mailto:info@suresms.com\">info@suresms.com<\/a>\n\t<h4><strong>Hvad cookies bruges til p\u00e5 vores website<\/strong><\/h4>\n<p>Cookies anvendes til at f\u00f8re statistik over antallet af brugere, hvilket indhold der vises, samt oplysninger om geografi og interesser p\u00e5 vores brugere for at tilpasse indhold og annoncering herefter. Vi bruger ydermere en cookie\u00a0til at gemme din accept af cookies ved side-skift.<\/p>\n<p>Du kan se en oversigt over vores cookies i nedenst\u00e5ende skema:<\/p>\n<table border=\"1\">\n<tbody>\n<tr>\n<td><strong>Beskrivelse<\/strong><\/td>\n<td><strong>Indeholder<br \/> personlige<br \/> informationer<\/strong><\/td>\n<td><strong>Indhold<\/strong><\/td>\n<td><strong>Anvendelse<\/strong><\/td>\n<td><strong>Slettes<br \/> efter<\/strong><\/td>\n<\/tr>\n<tr>\n<td>Session-cookie<\/td>\n<td>Nej<\/td>\n<td>Tilf\u00e6ldig n\u00f8gle genereret af vores server.<\/td>\n<td>N\u00f8dvendig for at betjene dig som kunde.<\/td>\n<td>N\u00e5r du lukker din browser ned<\/td>\n<\/tr>\n<tr>\n<td>&#8216;Accepter cookies&#8217;-cookie<\/td>\n<td>Nej<\/td>\n<td>Gemmes p\u00e5 din computer, n\u00e5r du accepterer vores cookies.<\/td>\n<td>N\u00f8dvendig for at du ikke skal acceptere cookies hver gang du bes\u00f8ger vores hjemmeside.<\/td>\n<td>10 \u00e5r<\/td>\n<\/tr>\n<tr>\n<td>Google Analytics<\/td>\n<td>Nej<\/td>\n<td>Et unikt ID genereret af Google Analytics.<\/td>\n<td>N\u00f8dvendig for at Google Analytics kan lave statistik over brugen af vores hjemmeside.<\/td>\n<td>\u00a02 \u00e5r<\/td>\n<\/tr>\n<tr>\n<td>Olark cookie<\/td>\n<td>Nej<\/td>\n<td>Et unikt ID, som genereres af Olark.<\/td>\n<td>N\u00f8dvendig for at vi kan lave online chat til vores brugere.<\/td>\n<td>N\u00e5r du lukker din browser ned<\/td>\n<\/tr>\n<\/tbody>\n<\/table>\n<p>\u00a0<\/p>\n\t<p><strong>S\u00e5dan sletter du cookies<\/strong><\/p>\n<p>Se vejledning her:\u00a0<a href=\"http:\/\/minecookies.org\/cookiehandtering\">http:\/\/minecookies.org\/cookiehandtering<\/a><\/p>\n<p><strong>S\u00e5dan undg\u00e5r jeg cookies?<\/strong><\/p>\n<p>Hvis du ikke \u00f8nsker at modtage cookies kan du blokere dem. Se vejledning her:<a href=\"http:\/\/minecookies.org\/cookiehandtering\">http:\/\/minecookies.org\/cookiehandtering<\/a>.<\/p>\n<p><strong>Brug af personoplysninger<\/strong><\/p>\n<p>Personoplysninger afgives aldrig til tredjepart, med mindre du selv udtrykkeligt giver tilsagn hertil, og vi indsamler aldrig personoplysninger, uden at du selv har givet os disse oplysninger ved registrering, k\u00f8b eller deltagelse i en unders\u00f8gelse m.v.<\/p>\n<p>Personoplysninger bruges til at gennemf\u00f8re det k\u00f8b eller den service, som oplysningerne er indsamlet i forbindelse med. Oplysningerne bruges derudover til at f\u00e5 st\u00f8rre kendskab til dig og \u00f8vrige brugere af websitet.<\/p>\n<p><strong>Kontakt vedr. personoplysninger<\/strong><\/p>\n<p>Hvis du \u00f8nsker adgang til de oplysninger, som er registreret om dig hos SureSMS, skal du rette henvendelse p\u00e5\u00a0<a href=\"mailto:info@suresms.com\">info@suresms.com<\/a> eller telefon 50 322 322. Er der registreret forkerte data, eller har du andre indsigelser, kan du rette henvendelse samme sted. Du har mulighed for at f\u00e5 indsigt i, hvilke informationer der er registreret om dig, og du kan g\u00f8re indsigelse mod en registrering i henhold til reglerne i Persondataloven.<\/p>\n<p><strong>Beskyttelse af personoplysninger<\/strong><\/p>\n<p>If\u00f8lge persondataloven skal dine personlige oplysninger opbevares sikkert og fortroligt. Vi gemmer dine personlige oplysninger p\u00e5 computere med begr\u00e6nset adgang, som er placeret i kontrollerede faciliteter, og vores sikkerhedsforanstaltninger kontrolleres l\u00f8bende for at afg\u00f8re, om vores brugeroplysninger h\u00e5ndteres forsvarligt, og under stadig hensyntagen til dine rettigheder som bruger. Vi kan dog ikke garantere 100 procent sikkerhed ved dataoverf\u00f8rsler via internettet. Det betyder, at der kan v\u00e6re en risiko for, at andre uberettiget tiltvinger sig adgang til oplysninger, n\u00e5r data sendes og opbevares elektronisk. Du afgiver s\u00e5ledes dine personlige oplysninger p\u00e5 eget ansvar.<\/p>\n<p>Den hurtige udvikling af internettet betyder, at \u00e6ndringer i vores behandling af personoplysninger kan blive n\u00f8dvendige. Vi forbeholder os derfor ret til at opdatere og \u00e6ndre n\u00e6rv\u00e6rende retningslinjer for behandling af personoplysninger. G\u00f8r vi det, retter vi selvf\u00f8lgeligt datoen for &#8220;sidst opdateret&#8221; nederst p\u00e5 siden. I tilf\u00e6lde af v\u00e6sentlige \u00e6ndringer giver vi dig besked i form af en synlig meddelelse p\u00e5 vores website.<\/p>\n<p>I det omfang, der behandles personoplysninger om dig, har du if\u00f8lge persondataloven ret til at f\u00e5 oplyst, hvilke personoplysninger, der kan henf\u00f8res til dig. S\u00e5fremt det viser sig, at de oplysninger eller data, der behandles om dig, er urigtige eller vildledende, har du ret til at kr\u00e6ve disse berigtiget, slettet eller blokeret. Du kan til enhver tid g\u00f8re indsigelse mod, at oplysninger om dig g\u00f8res til genstand for behandling. Du kan ogs\u00e5 til enhver tid tilbagekalde dit samtykke. Du har mulighed for at klage over behandlingen af oplysninger og data vedr\u00f8rende dig. Klage indgives til Datatilsynet, jf. persondatalovens \u00a7 58, stk. 1.<\/p>\n<p><strong>Denne cookie- og privatlivspolitik er baseret p\u00e5 en skabelon fra Minecookies.org og senest opdateret d 1\/3 2016.<\/strong><\/p>\n\n","protected":false},"excerpt":{"rendered":"<p>SureSMS ApS &#8211; Cookie og privatlivspolitik \u00a0 Om Cookies &#8220;En cookie er en lille tekstfil, der lagres i din browser for at kunne genkende din computer ved tilbagevendende bes\u00f8g. Der er ingen personlige oplysninger gemt i vores cookies, og de kan IKKE indeholde virus.&#8221; \u00a0 Vores website anvender cookies til f\u00f8lgende form\u00e5l: Teknisk funktionalitet, s\u00e5 &#8230; <a title=\"Cookie- og privatlivspolitik for SureSMS\" class=\"read-more\" href=\"https:\/\/suresms.com\/dk\/politikker\/cookie-og-privatlivspolitik-suresms\/\" aria-label=\"Read more about Cookie- og privatlivspolitik for SureSMS\">L\u00e6s mere <\/a><\/p>\n","protected":false},"author":1,"featured_media":0,"parent":19124,"menu_order":1,"comment_status":"closed","ping_status":"closed","template":"","meta":{"_fl_builder_enabled":"1","_fl_builder_data":null,"_fl_builder_draft":null,"_fl_builder_data_settings":null,"_fl_builder_css":"","_fl_builder_css_version":"","_fl_builder_js":"","footnotes":""},"categories":[],"tags":[],"class_list":["post-2043","page","type-page","status-publish"],"yoast_head":"<!-- This site is optimized with the Yoast SEO Premium plugin v27.3 (Yoast SEO v27.3) - https:\/\/yoast.com\/product\/yoast-seo-premium-wordpress\/ -->\r\n<title>Cookie- og privatlivspolitik for SureSMS -<\/title>\r\n<meta name=\"description\" content=\"Cookie og privatlivspolitik for SureSMS, Hvordan vi bruger cookies p\u00e5 SureSMS website, Vi deler ikke cookies med 3. part.\" \/>\r\n<meta name=\"robots\" content=\"index, follow, max-snippet:-1, max-image-preview:large, max-video-preview:-1\" \/>\r\n<link rel=\"canonical\" href=\"https:\/\/suresms.com\/dk\/politikker\/cookie-og-privatlivspolitik-suresms\/\" \/>\r\n<meta property=\"og:locale\" content=\"da_DK\" \/>\r\n<meta property=\"og:type\" content=\"article\" \/>\r\n<meta property=\"og:title\" content=\"Cookie- og privatlivspolitik for SureSMS\" \/>\r\n<meta property=\"og:description\" content=\"Cookie og privatlivspolitik for SureSMS, Hvordan vi bruger cookies p\u00e5 SureSMS website, Vi deler ikke cookies med 3. part.\" \/>\r\n<meta property=\"og:url\" content=\"https:\/\/suresms.com\/dk\/politikker\/cookie-og-privatlivspolitik-suresms\/\" \/>\r\n<meta property=\"article:publisher\" content=\"https:\/\/www.facebook.com\/p\/SureSMS-100044607956149\/\" \/>\r\n<meta property=\"article:modified_time\" content=\"2025-01-04T23:56:41+00:00\" \/>\r\n<meta property=\"og:image\" content=\"https:\/\/suresms.com\/wp-content\/uploads\/2016\/02\/cookies-pc-550x281-1.jpg\" \/>\r\n<meta name=\"twitter:card\" content=\"summary_large_image\" \/>\r\n<meta name=\"twitter:label1\" content=\"Estimeret l\u00e6setid\" \/>\n\t<meta name=\"twitter:data1\" content=\"4 minutter\" \/>\r\n<script type=\"application\/ld+json\" class=\"yoast-schema-graph\">{\"@context\":\"https:\\\/\\\/schema.org\",\"@graph\":[{\"@type\":\"WebPage\",\"@id\":\"https:\\\/\\\/suresms.com\\\/politikker\\\/cookie-og-privatlivspolitik-suresms\\\/\",\"url\":\"https:\\\/\\\/suresms.com\\\/politikker\\\/cookie-og-privatlivspolitik-suresms\\\/\",\"name\":\"Cookie- og privatlivspolitik for SureSMS -\",\"isPartOf\":{\"@id\":\"https:\\\/\\\/suresms.com\\\/en\\\/#website\"},\"primaryImageOfPage\":{\"@id\":\"https:\\\/\\\/suresms.com\\\/politikker\\\/cookie-og-privatlivspolitik-suresms\\\/#primaryimage\"},\"image\":{\"@id\":\"https:\\\/\\\/suresms.com\\\/politikker\\\/cookie-og-privatlivspolitik-suresms\\\/#primaryimage\"},\"thumbnailUrl\":\"https:\\\/\\\/suresms.com\\\/wp-content\\\/uploads\\\/2016\\\/02\\\/cookies-pc-550x281-1.jpg\",\"datePublished\":\"2016-02-29T14:51:29+00:00\",\"dateModified\":\"2025-01-04T23:56:41+00:00\",\"description\":\"Cookie og privatlivspolitik for SureSMS, Hvordan vi bruger cookies p\u00e5 SureSMS website, Vi deler ikke cookies med 3. part.\",\"breadcrumb\":{\"@id\":\"https:\\\/\\\/suresms.com\\\/politikker\\\/cookie-og-privatlivspolitik-suresms\\\/#breadcrumb\"},\"inLanguage\":\"da-DK\",\"potentialAction\":[{\"@type\":\"ReadAction\",\"target\":[\"https:\\\/\\\/suresms.com\\\/politikker\\\/cookie-og-privatlivspolitik-suresms\\\/\"]}]},{\"@type\":\"ImageObject\",\"inLanguage\":\"da-DK\",\"@id\":\"https:\\\/\\\/suresms.com\\\/politikker\\\/cookie-og-privatlivspolitik-suresms\\\/#primaryimage\",\"url\":\"https:\\\/\\\/suresms.com\\\/wp-content\\\/uploads\\\/2016\\\/02\\\/cookies-pc-550x281-1.jpg\",\"contentUrl\":\"https:\\\/\\\/suresms.com\\\/wp-content\\\/uploads\\\/2016\\\/02\\\/cookies-pc-550x281-1.jpg\"},{\"@type\":\"BreadcrumbList\",\"@id\":\"https:\\\/\\\/suresms.com\\\/politikker\\\/cookie-og-privatlivspolitik-suresms\\\/#breadcrumb\",\"itemListElement\":[{\"@type\":\"ListItem\",\"position\":1,\"name\":\"Home\",\"item\":\"https:\\\/\\\/suresms.com\\\/dk\\\/\"},{\"@type\":\"ListItem\",\"position\":2,\"name\":\"Politikker\",\"item\":\"https:\\\/\\\/suresms.com\\\/politikker\\\/\"},{\"@type\":\"ListItem\",\"position\":3,\"name\":\"Cookie- og privatlivspolitik for SureSMS\"}]},{\"@type\":\"WebSite\",\"@id\":\"https:\\\/\\\/suresms.com\\\/en\\\/#website\",\"url\":\"https:\\\/\\\/suresms.com\\\/en\\\/\",\"name\":\"SureSMS\",\"description\":\"Professionel SMS Gateway\",\"publisher\":{\"@id\":\"https:\\\/\\\/suresms.com\\\/en\\\/#organization\"},\"potentialAction\":[{\"@type\":\"SearchAction\",\"target\":{\"@type\":\"EntryPoint\",\"urlTemplate\":\"https:\\\/\\\/suresms.com\\\/en\\\/?s={search_term_string}\"},\"query-input\":{\"@type\":\"PropertyValueSpecification\",\"valueRequired\":true,\"valueName\":\"search_term_string\"}}],\"inLanguage\":\"da-DK\"},{\"@type\":\"Organization\",\"@id\":\"https:\\\/\\\/suresms.com\\\/en\\\/#organization\",\"name\":\"SureSMS\",\"url\":\"https:\\\/\\\/suresms.com\\\/en\\\/\",\"logo\":{\"@type\":\"ImageObject\",\"inLanguage\":\"da-DK\",\"@id\":\"https:\\\/\\\/suresms.com\\\/en\\\/#\\\/schema\\\/logo\\\/image\\\/\",\"url\":\"https:\\\/\\\/suresms.com\\\/wp-content\\\/uploads\\\/2024\\\/11\\\/suresms-300x65-1.png\",\"contentUrl\":\"https:\\\/\\\/suresms.com\\\/wp-content\\\/uploads\\\/2024\\\/11\\\/suresms-300x65-1.png\",\"width\":300,\"height\":65,\"caption\":\"SureSMS\"},\"image\":{\"@id\":\"https:\\\/\\\/suresms.com\\\/en\\\/#\\\/schema\\\/logo\\\/image\\\/\"},\"sameAs\":[\"https:\\\/\\\/www.facebook.com\\\/p\\\/SureSMS-100044607956149\\\/\"]}]}<\/script>\r\n<!-- \/ Yoast SEO Premium plugin. -->","yoast_head_json":{"title":"Cookie- og privatlivspolitik for SureSMS -","description":"Cookie og privatlivspolitik for SureSMS, Hvordan vi bruger cookies p\u00e5 SureSMS website, Vi deler ikke cookies med 3. part.","robots":{"index":"index","follow":"follow","max-snippet":"max-snippet:-1","max-image-preview":"max-image-preview:large","max-video-preview":"max-video-preview:-1"},"canonical":"https:\/\/suresms.com\/dk\/politikker\/cookie-og-privatlivspolitik-suresms\/","og_locale":"da_DK","og_type":"article","og_title":"Cookie- og privatlivspolitik for SureSMS","og_description":"Cookie og privatlivspolitik for SureSMS, Hvordan vi bruger cookies p\u00e5 SureSMS website, Vi deler ikke cookies med 3. part.","og_url":"https:\/\/suresms.com\/dk\/politikker\/cookie-og-privatlivspolitik-suresms\/","article_publisher":"https:\/\/www.facebook.com\/p\/SureSMS-100044607956149\/","article_modified_time":"2025-01-04T23:56:41+00:00","og_image":[{"url":"https:\/\/suresms.com\/wp-content\/uploads\/2016\/02\/cookies-pc-550x281-1.jpg","type":"","width":"","height":""}],"twitter_card":"summary_large_image","twitter_misc":{"Estimeret l\u00e6setid":"4 minutter"},"schema":{"@context":"https:\/\/schema.org","@graph":[{"@type":"WebPage","@id":"https:\/\/suresms.com\/politikker\/cookie-og-privatlivspolitik-suresms\/","url":"https:\/\/suresms.com\/politikker\/cookie-og-privatlivspolitik-suresms\/","name":"Cookie- og privatlivspolitik for SureSMS -","isPartOf":{"@id":"https:\/\/suresms.com\/en\/#website"},"primaryImageOfPage":{"@id":"https:\/\/suresms.com\/politikker\/cookie-og-privatlivspolitik-suresms\/#primaryimage"},"image":{"@id":"https:\/\/suresms.com\/politikker\/cookie-og-privatlivspolitik-suresms\/#primaryimage"},"thumbnailUrl":"https:\/\/suresms.com\/wp-content\/uploads\/2016\/02\/cookies-pc-550x281-1.jpg","datePublished":"2016-02-29T14:51:29+00:00","dateModified":"2025-01-04T23:56:41+00:00","description":"Cookie og privatlivspolitik for SureSMS, Hvordan vi bruger cookies p\u00e5 SureSMS website, Vi deler ikke cookies med 3. part.","breadcrumb":{"@id":"https:\/\/suresms.com\/politikker\/cookie-og-privatlivspolitik-suresms\/#breadcrumb"},"inLanguage":"da-DK","potentialAction":[{"@type":"ReadAction","target":["https:\/\/suresms.com\/politikker\/cookie-og-privatlivspolitik-suresms\/"]}]},{"@type":"ImageObject","inLanguage":"da-DK","@id":"https:\/\/suresms.com\/politikker\/cookie-og-privatlivspolitik-suresms\/#primaryimage","url":"https:\/\/suresms.com\/wp-content\/uploads\/2016\/02\/cookies-pc-550x281-1.jpg","contentUrl":"https:\/\/suresms.com\/wp-content\/uploads\/2016\/02\/cookies-pc-550x281-1.jpg"},{"@type":"BreadcrumbList","@id":"https:\/\/suresms.com\/politikker\/cookie-og-privatlivspolitik-suresms\/#breadcrumb","itemListElement":[{"@type":"ListItem","position":1,"name":"Home","item":"https:\/\/suresms.com\/dk\/"},{"@type":"ListItem","position":2,"name":"Politikker","item":"https:\/\/suresms.com\/politikker\/"},{"@type":"ListItem","position":3,"name":"Cookie- og privatlivspolitik for SureSMS"}]},{"@type":"WebSite","@id":"https:\/\/suresms.com\/en\/#website","url":"https:\/\/suresms.com\/en\/","name":"SureSMS","description":"Professionel SMS Gateway","publisher":{"@id":"https:\/\/suresms.com\/en\/#organization"},"potentialAction":[{"@type":"SearchAction","target":{"@type":"EntryPoint","urlTemplate":"https:\/\/suresms.com\/en\/?s={search_term_string}"},"query-input":{"@type":"PropertyValueSpecification","valueRequired":true,"valueName":"search_term_string"}}],"inLanguage":"da-DK"},{"@type":"Organization","@id":"https:\/\/suresms.com\/en\/#organization","name":"SureSMS","url":"https:\/\/suresms.com\/en\/","logo":{"@type":"ImageObject","inLanguage":"da-DK","@id":"https:\/\/suresms.com\/en\/#\/schema\/logo\/image\/","url":"https:\/\/suresms.com\/wp-content\/uploads\/2024\/11\/suresms-300x65-1.png","contentUrl":"https:\/\/suresms.com\/wp-content\/uploads\/2024\/11\/suresms-300x65-1.png","width":300,"height":65,"caption":"SureSMS"},"image":{"@id":"https:\/\/suresms.com\/en\/#\/schema\/logo\/image\/"},"sameAs":["https:\/\/www.facebook.com\/p\/SureSMS-100044607956149\/"]}]}},"_links":{"self":[{"href":"https:\/\/suresms.com\/dk\/wp-json\/wp\/v2\/pages\/2043","targetHints":{"allow":["GET"]}}],"collection":[{"href":"https:\/\/suresms.com\/dk\/wp-json\/wp\/v2\/pages"}],"about":[{"href":"https:\/\/suresms.com\/dk\/wp-json\/wp\/v2\/types\/page"}],"author":[{"embeddable":true,"href":"https:\/\/suresms.com\/dk\/wp-json\/wp\/v2\/users\/1"}],"replies":[{"embeddable":true,"href":"https:\/\/suresms.com\/dk\/wp-json\/wp\/v2\/comments?post=2043"}],"version-history":[{"count":7,"href":"https:\/\/suresms.com\/dk\/wp-json\/wp\/v2\/pages\/2043\/revisions"}],"predecessor-version":[{"id":20990,"href":"https:\/\/suresms.com\/dk\/wp-json\/wp\/v2\/pages\/2043\/revisions\/20990"}],"up":[{"embeddable":true,"href":"https:\/\/suresms.com\/dk\/wp-json\/wp\/v2\/pages\/19124"}],"wp:attachment":[{"href":"https:\/\/suresms.com\/dk\/wp-json\/wp\/v2\/media?parent=2043"}],"wp:term":[{"taxonomy":"category","embeddable":true,"href":"https:\/\/suresms.com\/dk\/wp-json\/wp\/v2\/categories?post=2043"},{"taxonomy":"post_tag","embeddable":true,"href":"https:\/\/suresms.com\/dk\/wp-json\/wp\/v2\/tags?post=2043"}],"curies":[{"name":"wp","href":"https:\/\/api.w.org\/{rel}","templated":true}]}}