{"id":18649,"date":"2016-03-02T16:42:36","date_gmt":"2016-03-02T14:42:36","guid":{"rendered":"https:\/\/www.suresms.com\/dk\/?page_id=2100"},"modified":"2025-11-13T14:19:35","modified_gmt":"2025-11-13T14:19:35","slug":"gruppe-sms","status":"publish","type":"page","link":"https:\/\/suresms.com\/dk\/funktioner\/gruppe-sms\/","title":{"rendered":"Gruppe SMS: Opret &amp; send til grupper"},"content":{"rendered":"\n\n\t\t\t\t<!-- Flexy Breadcrumb -->\r\n\t\t\t<div class=\"fbc fbc-page\">\r\n\r\n\t\t\t\t<!-- Breadcrumb wrapper -->\r\n\t\t\t\t<div class=\"fbc-wrap\">\r\n\r\n\t\t\t\t\t<!-- Ordered list-->\r\n\t\t\t\t\t<ol class=\"fbc-items\" itemscope itemtype=\"https:\/\/schema.org\/BreadcrumbList\">\r\n\t\t\t\t\t\t            <li itemprop=\"itemListElement\" itemscope itemtype=\"https:\/\/schema.org\/ListItem\">\r\n                <span itemprop=\"name\">\r\n                    <!-- Home Link -->\r\n                    <a itemprop=\"item\" href=\"https:\/\/suresms.com\">\r\n                    \r\n                                                    <i class=\"fa fa-home\" aria-hidden=\"true\"><\/i>Home                    <\/a>\r\n                <\/span>\r\n                <meta itemprop=\"position\" content=\"1\" \/><!-- Meta Position-->\r\n             <\/li><li><span class=\"fbc-separator\">\/<\/span><\/li><li class=\"active\" itemprop=\"itemListElement\" itemscope itemtype=\"https:\/\/schema.org\/ListItem\"><span itemprop=\"name\" title=\"Gruppe SMS: Opret &amp; send til grupper\">Gruppe SMS: Opret &amp;...<\/span><meta itemprop=\"position\" content=\"2\" \/><\/li>\t\t\t\t\t<\/ol>\r\n\t\t\t\t\t<div class=\"clearfix\"><\/div>\r\n\t\t\t\t<\/div>\r\n\t\t\t<\/div>\r\n\t\t\t\n\t<h1><strong>Gruppe SMS&#8230; \u00c9n funktion &#8211; mange muligheder<\/strong><\/h1>\n\t\t\t\t<img decoding=\"async\" src=\"https:\/\/suresms.com\/wp-content\/uploads\/2020\/11\/TeenagersTexting-1-1.png\" alt=\"Gruppe der SMS&#039;er\" itemprop=\"image\" height=\"311\" width=\"948\" title=\"TeenagersTexting\" onerror=\"this.style.display='none'\" loading=\"lazy\" \/>\n\t<h4>Grupper &#8211; Lister &#8211; kundeklubber &#8211; Nyhedsbreve&#8230; K\u00e6rt barn har mange navne! Med en gruppe SMS konto hos SureSMS kan du nemt og hurtigt sende mange beskeder ud til kunder, brugere, medarbejdere, medlemmer mm. L\u00e6s herunder hvordan du f\u00e5r succes med Gruppe SMS.<\/h4>\n\t<p>Var det ikke det du ledte efter? Herunder er to hurtige vejledninger til Gruppe SMS p\u00e5 Android og p\u00e5 iPhone.<\/p>\n\t\t\t\t\t<a href=\"#\"  id=\"fl-accordion--label-0\" tabindex=\"0\" aria-controls=\"fl-accordion--panel-0\">Gruppe SMS p\u00e5 Android<\/a>\n\t\t\t\t\t\t\t\t\t\t\t<a href=\"#\" id=\"fl-accordion--icon-0\"  tabindex=\"0\"><i title=\"Expand\">Expand<\/i><\/a>\n\t\t\t\t\t<h2>Gruppe SMS p\u00e5 Android<\/h2>\n<p>Det er muligt fra den almindelige SMS app p\u00e5 din Android telefon, at sende en SMS til en gruppe. Pr\u00e6cis hvordan man g\u00f8r afh\u00e6nger lidt af brugergr\u00e6nsefladen, herunder b\u00e5de hvilken version af Android og hvilken telefon du har. Men generelt virker denne vejledning hvis du er lidt kreativ med at forst\u00e5 intentionen. Nogle gange st\u00e5r knapperne andre steder og hedder noget lidt andet.<\/p>\n<p>Ulempen ved gruppe SMS p\u00e5 Android er, at svarene kommer ind p\u00e5 den enkelte persons tr\u00e5d. Du kan alts\u00e5 ikke se svarene p\u00e5 din SMS i samme tr\u00e5d som den er sendt.<\/p>\n<p>F\u00f8rst skal du \u00e6ndre den m\u00e5de du sender gruppebeskeder p\u00e5:<\/p>\n<ol>\n<li>\n<ol>\n<li>F\u00f8rst skal du \u00e5bne &#8220;Beskeder&#8221;<\/li>\n<\/ol>\n<\/li>\n<\/ol>\n<p>&nbsp;<\/p>\n<ol>\n<li>\n<ol>\n<li>Tryk herefter p\u00e5 mere <img decoding=\"async\" src=\"https:\/\/lh3.googleusercontent.com\/371ki_ho7Q7_dJxxV12NuChwxiAZagKhHiP1EKLXEGmTJjm5pOTKd9hkWdvSZm5eKw=w36-h36\" alt=\"Mere\" \/> og s\u00e5 p\u00e5<\/li>\n<\/ol>\n<\/li>\n<\/ol>\n<p>&nbsp;<\/p>\n<ol>\n<li>\n<ol>\n<li>Indstillinger <img loading=\"lazy\" decoding=\"async\" src=\"https:\/\/lh3.googleusercontent.com\/3_l97rr0GvhSP2XV5OoCkV2ZDTIisAOczrSdzNCBxhIKWrjXjHucxNwocghoUa39gw=w36-h36\" alt=\"Gruppe SMS step 2\" width=\"24\" height=\"24\" \/>Avanceret <img loading=\"lazy\" decoding=\"async\" src=\"https:\/\/lh3.googleusercontent.com\/3_l97rr0GvhSP2XV5OoCkV2ZDTIisAOczrSdzNCBxhIKWrjXjHucxNwocghoUa39gw=w36-h36\" alt=\"Gruppe SMS step 1\" width=\"24\" height=\"24\" \/>Gruppebeskeder<\/li>\n<\/ol>\n<\/li>\n<\/ol>\n<p>&nbsp;<\/p>\n<ol>\n<li>\n<ol>\n<li>Herefter skal du v\u00e6lge &#8220;masse-sms&#8221; eller &#8220;gruppe-mms&#8221; som din standard.<\/li>\n<\/ol>\n<\/li>\n<\/ol>\n<p>&nbsp;<\/p>\n<p>Nu kan du v\u00e6lge flere modtagere eller grupper n\u00e5r du laver en ny SMS.<\/p>\n<p>&nbsp;<\/p>\n\t\t\t\t\t<a href=\"#\"  id=\"fl-accordion--label-0\" tabindex=\"0\" aria-controls=\"fl-accordion--panel-0\">Gruppe SMS p\u00e5 iPhone<\/a>\n\t\t\t\t\t\t\t\t\t\t\t<a href=\"#\" id=\"fl-accordion--icon-0\"  tabindex=\"0\"><i title=\"Expand\">Expand<\/i><\/a>\n\t\t\t\t\t<p>Apple har lavet en meget fin vejledning til at sende Gruppe SMS fra iPhone. Den kan du se her: <a href=\"https:\/\/support.apple.com\/da-dk\/HT202724\" target=\"_blank\" rel=\"noopener\">Gruppe SMS fra iPhone.<\/a><\/p>\n\t<h2>Om gruppe sms<\/h2>\n<p>At sende gruppe sms til kunder, brugere, medlemmer og andre grupper er en af det mest benyttede funktioner i vores l\u00f8sning. Om det er forretningen, som sender tilbud ud til kunderne, foreningen, som sender nyhedsbreve og arrangementer ud til medlemmerne eller vikarbureauet, som sender information ud til medarbejdere om kommende vagter. Grupper og lister er en enkelt og billig m\u00e5de, at sende information ud, som rent faktisk bliver L\u00c6ST af modtageren!<\/p>\n<p>G\u00e5 ind p\u00e5 vores sms sender direkte fra vores hjemmeside. Herfra er det enkelt og hurtigt at oprette en gruppe og sende SMS&#8217;er afsted til hele gruppen. Du sparer tastetid og danner dig nemt og hurtigt et overblik over de sendte SMS&#8217;er. Og s\u00e5 kan det g\u00f8res direkte fra din computer.<\/p>\n\t<h2>Fordelene ved gruppe SMS<\/h2>\n\n<ul> \t\n<li>Alle dine modtagere f\u00e5r den \u00f8nskede information med det samme.<\/li>\n\n<li>Bestem selv afsendernavn f.eks. Biblioteket &#8211; Det giver branding af eget firma\/produkt.<\/li>\n\n<li>Flettefunktioner &#8211; f.eks. &#8220;K\u00e6re Nina&#8230;&#8221; eller andre informationer<\/li>\n\n<li>Importer nemt alle modtagere fra Excel (via .csv filer).<\/li>\n\n<li>Tidbestem dine SMS udsendelser og f\u00e5 din information ud p\u00e5 det helt rigtige tidspunkt.<\/li>\n\n<li>Opret ubegr\u00e6nset antal grupper og kontakter.<\/li>\n\n<li>Se historik med status p\u00e5 levering til alle dine modtagere.<\/li>\n<\/ul>\n<p>Arbejder du hellere fra iPad, tablet og mobil, er det naturligvis ingen hindring. Vores web interface virker fra alle devices og i alle browsere.<\/p>\n\t<p>Se vores korte instruktionsvideo herunder:<\/p>\n\t\t\t\t\t<video src=\"https:\/\/suresms.com\/wp-content\/uploads\/2024\/10\/Dokumentation-Skabeloner-i-beskeder.mp4\" alt=\"hosted-video-thumbnail\"><\/video>\n\t<p><strong>Opret kontakter og grupper:<\/strong><\/p>\n<ol>\n<li>Opret dine kontakter i adressebogen.<\/li>\n<li>Opret en gruppe og v\u00e6lg hvilke kontakter, der skal v\u00e6re i gruppe.<\/li>\n<li>Skriv din besked og tryk p\u00e5 send!<\/li>\n<li>Du har nu sendt en gruppe sms.<\/li>\n<\/ol>\nHer til venstre kan du hurtigt oprette en testkonto med 50 gratis SMS&#8217;er og pr\u00f8ve gruppe sms selv.\u00a0<strong><br \/>\n<\/strong>\n<p>Du kan ogs\u00e5 l\u00e6se hele <a href=\"https:\/\/suresms.com\/dk\/docs\/addressbook\/groups-and-lists\/\">vejledningen her.\u00a0<\/a><\/p>\n\t<h3>Flere funktioner med Gruppe SMS.<\/h3>\n\t<ul>\n\t\t<li>\t\t\t\t\n\t\t<h3>Alle de grupper du vil<\/h3><p>I vores GruppeSMS sender er der ingen begr\u00e6nsninger p\u00e5 antallet af grupper. Du kan oprette alle de forskellige grupper du vil. Alle modtagere kan ligge i samme gruppe og du kan have grupper med kun f\u00e5 personer.<\/p><\/li><li>\t\t\t\t\n\t\t<h3>Alle de modtagere du vil<\/h3><p>Der er ingen begr\u00e6nsning p\u00e5 antallet af modtagere. Du kan oprette alle de modtagere du vil. Nogle af vores kunder har op i mod 100.000 modtagere i deres gruppe og de sender en SMS til alle modtagere p\u00e5 en gang.<\/p><\/li><li>\t\t\t\t\n\t\t<h3>Nemt at tilmelde sig<\/h3><p>Man kan tilmelde sig en gruppe p\u00e5 mange m\u00e5der. Vi har b\u00e5de s\u00e5 man kan l\u00e6gge tilmeldingsformular p\u00e5 din egen hjemmeside, s\u00e5 man kan tilmelde sig via SMS eller via mail og s\u00e5 har vi ogs\u00e5 lavet det s\u00e5 man nemt kan bruge QR kode til at tilmelde sig, hvis man er ude i en fysisk butik f.eks.<\/p><\/li><li>\t\t\t\t\n\t\t<h3>Send via SMS<\/h3><p>Vores Gruppe SMS unders\u00f8tter ogs\u00e5 at man sender via SMS. Det vil sige, at du sender \u00e9n SMS til SureSMS der s\u00e5 efterf\u00f8lgende sender samme SMS til hele listen.<\/p><\/li>\t<\/ul>\n\t<p>&nbsp;<\/p>\n<p><a href=\"mailto:support@suresms.com\">Skriv til os<\/a>, hvis du har sp\u00f8rgsm\u00e5l til gruppe sms funktionen.<\/p>\n\t<h4><strong>\u00a0Her kan du l\u00e6se nogle eksempler p\u00e5, hvordan vores kunder i dag benytter funktionen: &#8220;Gruppe SMS&#8221;<\/strong><\/h4>\n\n<ul> \t\n<li>Et mellemstort jysk transportfirma benytter gruppe sms til at sende arbejdsopgaver ud til deres chauff\u00f8rer. De udsendte SMS&#8217;er indeholder logistiske informationer omkring gods, placering og afhentning.<\/li>\n\n<li>En virksomhed, som udbyder online spil, f\u00e5r nye kunder ved at sende gruppe sms er med link til mulige onlinespil ud til deres brugere.<\/li>\n\n<li>P\u00e5 et dansk sygehus sender lederen af kantinen j\u00e6vnligt gruppe sms ud til det heldige personale omkring sociale arrangementer og vigtige begivenheder: &#8220;I dag er der kage i kantinen!&#8221; eller &#8220;I morgen fejrer vi sommeren med fredagsgrill i g\u00e5rdhaven!&#8221;<\/li>\n<\/ul>\n\n","protected":false},"excerpt":{"rendered":"<p>Gruppe SMS&#8230; \u00c9n funktion &#8211; mange muligheder Grupper &#8211; Lister &#8211; kundeklubber &#8211; Nyhedsbreve&#8230; K\u00e6rt barn har mange navne! Med en gruppe SMS konto hos SureSMS kan du nemt og hurtigt sende mange beskeder ud til kunder, brugere, medarbejdere, medlemmer mm. L\u00e6s herunder hvordan du f\u00e5r succes med Gruppe SMS. Var det ikke det du &#8230; <a title=\"Gruppe SMS: Opret &amp; send til grupper\" class=\"read-more\" href=\"https:\/\/suresms.com\/dk\/funktioner\/gruppe-sms\/\" aria-label=\"Read more about Gruppe SMS: Opret &amp; send til grupper\">L\u00e6s mere <\/a><\/p>\n","protected":false},"author":1,"featured_media":0,"parent":958,"menu_order":12,"comment_status":"closed","ping_status":"closed","template":"","meta":{"_fl_builder_enabled":"1","_fl_builder_data":null,"_fl_builder_draft":null,"_fl_builder_data_settings":null,"_fl_builder_css":"","_fl_builder_css_version":"","_fl_builder_js":"","footnotes":""},"categories":[17],"tags":[],"class_list":{"0":"post-18649","1":"page","2":"type-page","3":"status-publish","5":"category-linkfracornorstone"},"yoast_head":"<!-- This site is optimized with the Yoast SEO Premium plugin v27.3 (Yoast SEO v27.3) - https:\/\/yoast.com\/product\/yoast-seo-premium-wordpress\/ -->\r\n<title>Gruppe SMS: Opret &amp; send til grupper - gratis konto<\/title>\r\n<meta name=\"description\" content=\"L\u00e6s om vores gruppe SMS sender og dens utallige gratis funktioner. Kraftig og fleksibel .SMS gateway med ubegr\u00e6nset antal grupper.\" \/>\r\n<meta name=\"robots\" content=\"index, follow, max-snippet:-1, max-image-preview:large, max-video-preview:-1\" \/>\r\n<link rel=\"canonical\" href=\"https:\/\/suresms.com\/dk\/funktioner\/gruppe-sms\/\" \/>\r\n<meta property=\"og:locale\" content=\"da_DK\" \/>\r\n<meta property=\"og:type\" content=\"article\" \/>\r\n<meta property=\"og:title\" content=\"Gruppe SMS: Opret &amp; send til grupper\" \/>\r\n<meta property=\"og:description\" content=\"L\u00e6s om vores gruppe SMS sender og dens utallige gratis funktioner. Kraftig og fleksibel .SMS gateway med ubegr\u00e6nset antal grupper.\" \/>\r\n<meta property=\"og:url\" content=\"https:\/\/suresms.com\/dk\/funktioner\/gruppe-sms\/\" \/>\r\n<meta property=\"article:publisher\" content=\"https:\/\/www.facebook.com\/p\/SureSMS-100044607956149\/\" \/>\r\n<meta property=\"article:modified_time\" content=\"2025-11-13T14:19:35+00:00\" \/>\r\n<meta property=\"og:image\" content=\"https:\/\/suresms.com\/wp-content\/uploads\/2020\/11\/TeenagersTexting-1-1.png\" \/>\r\n<meta name=\"twitter:card\" content=\"summary_large_image\" \/>\r\n<meta name=\"twitter:label1\" content=\"Estimeret l\u00e6setid\" \/>\n\t<meta name=\"twitter:data1\" content=\"7 minutter\" \/>\r\n<script type=\"application\/ld+json\" class=\"yoast-schema-graph\">{\"@context\":\"https:\\\/\\\/schema.org\",\"@graph\":[{\"@type\":\"WebPage\",\"@id\":\"https:\\\/\\\/suresms.com\\\/dk\\\/funktioner\\\/gruppe-sms\\\/\",\"url\":\"https:\\\/\\\/suresms.com\\\/dk\\\/funktioner\\\/gruppe-sms\\\/\",\"name\":\"Gruppe SMS: Opret &amp; send til grupper - gratis konto\",\"isPartOf\":{\"@id\":\"https:\\\/\\\/suresms.com\\\/en\\\/#website\"},\"primaryImageOfPage\":{\"@id\":\"https:\\\/\\\/suresms.com\\\/dk\\\/funktioner\\\/gruppe-sms\\\/#primaryimage\"},\"image\":{\"@id\":\"https:\\\/\\\/suresms.com\\\/dk\\\/funktioner\\\/gruppe-sms\\\/#primaryimage\"},\"thumbnailUrl\":\"https:\\\/\\\/suresms.com\\\/wp-content\\\/uploads\\\/2020\\\/11\\\/TeenagersTexting-1-1.png\",\"datePublished\":\"2016-03-02T14:42:36+00:00\",\"dateModified\":\"2025-11-13T14:19:35+00:00\",\"description\":\"L\u00e6s om vores gruppe SMS sender og dens utallige gratis funktioner. Kraftig og fleksibel .SMS gateway med ubegr\u00e6nset antal grupper.\",\"breadcrumb\":{\"@id\":\"https:\\\/\\\/suresms.com\\\/dk\\\/funktioner\\\/gruppe-sms\\\/#breadcrumb\"},\"inLanguage\":\"da-DK\",\"potentialAction\":[{\"@type\":\"ReadAction\",\"target\":[\"https:\\\/\\\/suresms.com\\\/dk\\\/funktioner\\\/gruppe-sms\\\/\"]}]},{\"@type\":\"ImageObject\",\"inLanguage\":\"da-DK\",\"@id\":\"https:\\\/\\\/suresms.com\\\/dk\\\/funktioner\\\/gruppe-sms\\\/#primaryimage\",\"url\":\"https:\\\/\\\/suresms.com\\\/wp-content\\\/uploads\\\/2020\\\/11\\\/TeenagersTexting-1-1.png\",\"contentUrl\":\"https:\\\/\\\/suresms.com\\\/wp-content\\\/uploads\\\/2020\\\/11\\\/TeenagersTexting-1-1.png\"},{\"@type\":\"BreadcrumbList\",\"@id\":\"https:\\\/\\\/suresms.com\\\/dk\\\/funktioner\\\/gruppe-sms\\\/#breadcrumb\",\"itemListElement\":[{\"@type\":\"ListItem\",\"position\":1,\"name\":\"Home\",\"item\":\"https:\\\/\\\/suresms.com\\\/dk\\\/\"},{\"@type\":\"ListItem\",\"position\":2,\"name\":\"Funktioner\",\"item\":\"https:\\\/\\\/suresms.com\\\/dk\\\/funktioner\\\/\"},{\"@type\":\"ListItem\",\"position\":3,\"name\":\"Gruppe SMS: Opret &amp; send til grupper\"}]},{\"@type\":\"WebSite\",\"@id\":\"https:\\\/\\\/suresms.com\\\/en\\\/#website\",\"url\":\"https:\\\/\\\/suresms.com\\\/en\\\/\",\"name\":\"SureSMS\",\"description\":\"Professionel SMS Gateway\",\"publisher\":{\"@id\":\"https:\\\/\\\/suresms.com\\\/en\\\/#organization\"},\"potentialAction\":[{\"@type\":\"SearchAction\",\"target\":{\"@type\":\"EntryPoint\",\"urlTemplate\":\"https:\\\/\\\/suresms.com\\\/en\\\/?s={search_term_string}\"},\"query-input\":{\"@type\":\"PropertyValueSpecification\",\"valueRequired\":true,\"valueName\":\"search_term_string\"}}],\"inLanguage\":\"da-DK\"},{\"@type\":\"Organization\",\"@id\":\"https:\\\/\\\/suresms.com\\\/en\\\/#organization\",\"name\":\"SureSMS\",\"url\":\"https:\\\/\\\/suresms.com\\\/en\\\/\",\"logo\":{\"@type\":\"ImageObject\",\"inLanguage\":\"da-DK\",\"@id\":\"https:\\\/\\\/suresms.com\\\/en\\\/#\\\/schema\\\/logo\\\/image\\\/\",\"url\":\"https:\\\/\\\/suresms.com\\\/wp-content\\\/uploads\\\/2024\\\/11\\\/suresms-300x65-1.png\",\"contentUrl\":\"https:\\\/\\\/suresms.com\\\/wp-content\\\/uploads\\\/2024\\\/11\\\/suresms-300x65-1.png\",\"width\":300,\"height\":65,\"caption\":\"SureSMS\"},\"image\":{\"@id\":\"https:\\\/\\\/suresms.com\\\/en\\\/#\\\/schema\\\/logo\\\/image\\\/\"},\"sameAs\":[\"https:\\\/\\\/www.facebook.com\\\/p\\\/SureSMS-100044607956149\\\/\"]}]}<\/script>\r\n<!-- \/ Yoast SEO Premium plugin. -->","yoast_head_json":{"title":"Gruppe SMS: Opret &amp; send til grupper - gratis konto","description":"L\u00e6s om vores gruppe SMS sender og dens utallige gratis funktioner. Kraftig og fleksibel .SMS gateway med ubegr\u00e6nset antal grupper.","robots":{"index":"index","follow":"follow","max-snippet":"max-snippet:-1","max-image-preview":"max-image-preview:large","max-video-preview":"max-video-preview:-1"},"canonical":"https:\/\/suresms.com\/dk\/funktioner\/gruppe-sms\/","og_locale":"da_DK","og_type":"article","og_title":"Gruppe SMS: Opret &amp; send til grupper","og_description":"L\u00e6s om vores gruppe SMS sender og dens utallige gratis funktioner. Kraftig og fleksibel .SMS gateway med ubegr\u00e6nset antal grupper.","og_url":"https:\/\/suresms.com\/dk\/funktioner\/gruppe-sms\/","article_publisher":"https:\/\/www.facebook.com\/p\/SureSMS-100044607956149\/","article_modified_time":"2025-11-13T14:19:35+00:00","og_image":[{"url":"https:\/\/suresms.com\/wp-content\/uploads\/2020\/11\/TeenagersTexting-1-1.png","type":"","width":"","height":""}],"twitter_card":"summary_large_image","twitter_misc":{"Estimeret l\u00e6setid":"7 minutter"},"schema":{"@context":"https:\/\/schema.org","@graph":[{"@type":"WebPage","@id":"https:\/\/suresms.com\/dk\/funktioner\/gruppe-sms\/","url":"https:\/\/suresms.com\/dk\/funktioner\/gruppe-sms\/","name":"Gruppe SMS: Opret &amp; send til grupper - gratis konto","isPartOf":{"@id":"https:\/\/suresms.com\/en\/#website"},"primaryImageOfPage":{"@id":"https:\/\/suresms.com\/dk\/funktioner\/gruppe-sms\/#primaryimage"},"image":{"@id":"https:\/\/suresms.com\/dk\/funktioner\/gruppe-sms\/#primaryimage"},"thumbnailUrl":"https:\/\/suresms.com\/wp-content\/uploads\/2020\/11\/TeenagersTexting-1-1.png","datePublished":"2016-03-02T14:42:36+00:00","dateModified":"2025-11-13T14:19:35+00:00","description":"L\u00e6s om vores gruppe SMS sender og dens utallige gratis funktioner. Kraftig og fleksibel .SMS gateway med ubegr\u00e6nset antal grupper.","breadcrumb":{"@id":"https:\/\/suresms.com\/dk\/funktioner\/gruppe-sms\/#breadcrumb"},"inLanguage":"da-DK","potentialAction":[{"@type":"ReadAction","target":["https:\/\/suresms.com\/dk\/funktioner\/gruppe-sms\/"]}]},{"@type":"ImageObject","inLanguage":"da-DK","@id":"https:\/\/suresms.com\/dk\/funktioner\/gruppe-sms\/#primaryimage","url":"https:\/\/suresms.com\/wp-content\/uploads\/2020\/11\/TeenagersTexting-1-1.png","contentUrl":"https:\/\/suresms.com\/wp-content\/uploads\/2020\/11\/TeenagersTexting-1-1.png"},{"@type":"BreadcrumbList","@id":"https:\/\/suresms.com\/dk\/funktioner\/gruppe-sms\/#breadcrumb","itemListElement":[{"@type":"ListItem","position":1,"name":"Home","item":"https:\/\/suresms.com\/dk\/"},{"@type":"ListItem","position":2,"name":"Funktioner","item":"https:\/\/suresms.com\/dk\/funktioner\/"},{"@type":"ListItem","position":3,"name":"Gruppe SMS: Opret &amp; send til grupper"}]},{"@type":"WebSite","@id":"https:\/\/suresms.com\/en\/#website","url":"https:\/\/suresms.com\/en\/","name":"SureSMS","description":"Professionel SMS Gateway","publisher":{"@id":"https:\/\/suresms.com\/en\/#organization"},"potentialAction":[{"@type":"SearchAction","target":{"@type":"EntryPoint","urlTemplate":"https:\/\/suresms.com\/en\/?s={search_term_string}"},"query-input":{"@type":"PropertyValueSpecification","valueRequired":true,"valueName":"search_term_string"}}],"inLanguage":"da-DK"},{"@type":"Organization","@id":"https:\/\/suresms.com\/en\/#organization","name":"SureSMS","url":"https:\/\/suresms.com\/en\/","logo":{"@type":"ImageObject","inLanguage":"da-DK","@id":"https:\/\/suresms.com\/en\/#\/schema\/logo\/image\/","url":"https:\/\/suresms.com\/wp-content\/uploads\/2024\/11\/suresms-300x65-1.png","contentUrl":"https:\/\/suresms.com\/wp-content\/uploads\/2024\/11\/suresms-300x65-1.png","width":300,"height":65,"caption":"SureSMS"},"image":{"@id":"https:\/\/suresms.com\/en\/#\/schema\/logo\/image\/"},"sameAs":["https:\/\/www.facebook.com\/p\/SureSMS-100044607956149\/"]}]}},"_links":{"self":[{"href":"https:\/\/suresms.com\/dk\/wp-json\/wp\/v2\/pages\/18649","targetHints":{"allow":["GET"]}}],"collection":[{"href":"https:\/\/suresms.com\/dk\/wp-json\/wp\/v2\/pages"}],"about":[{"href":"https:\/\/suresms.com\/dk\/wp-json\/wp\/v2\/types\/page"}],"author":[{"embeddable":true,"href":"https:\/\/suresms.com\/dk\/wp-json\/wp\/v2\/users\/1"}],"replies":[{"embeddable":true,"href":"https:\/\/suresms.com\/dk\/wp-json\/wp\/v2\/comments?post=18649"}],"version-history":[{"count":9,"href":"https:\/\/suresms.com\/dk\/wp-json\/wp\/v2\/pages\/18649\/revisions"}],"predecessor-version":[{"id":23543,"href":"https:\/\/suresms.com\/dk\/wp-json\/wp\/v2\/pages\/18649\/revisions\/23543"}],"up":[{"embeddable":true,"href":"https:\/\/suresms.com\/dk\/wp-json\/wp\/v2\/pages\/958"}],"wp:attachment":[{"href":"https:\/\/suresms.com\/dk\/wp-json\/wp\/v2\/media?parent=18649"}],"wp:term":[{"taxonomy":"category","embeddable":true,"href":"https:\/\/suresms.com\/dk\/wp-json\/wp\/v2\/categories?post=18649"},{"taxonomy":"post_tag","embeddable":true,"href":"https:\/\/suresms.com\/dk\/wp-json\/wp\/v2\/tags?post=18649"}],"curies":[{"name":"wp","href":"https:\/\/api.w.org\/{rel}","templated":true}]}}