{"id":18594,"date":"2013-11-26T08:53:12","date_gmt":"2013-11-26T06:53:12","guid":{"rendered":"http:\/\/suresms-gateway.dk\/?page_id=9"},"modified":"2025-11-19T10:58:14","modified_gmt":"2025-11-19T10:58:14","slug":"om-suresms","status":"publish","type":"page","link":"https:\/\/suresms.com\/dk\/om-suresms\/","title":{"rendered":"Om SureSMS"},"content":{"rendered":"\n<h1>\n\t\t\tOm SureSMS\t<\/h1>\n\t<p>I Sure SMS skaber vi fleksible og holdbare SMS-l\u00f8sninger til professionelle brugere. Vi tilbyder et veldokumenteret API til\u00a0en stabil SMS-gateway m\u00e5lrettet udviklere.<br \/>Vi er dygtige til det vi g\u00f8r! Og vi tror p\u00e5, at vi med godt h\u00e5ndv\u00e6rk og et klart fokus p\u00e5 teknologisk nye l\u00f8sninger skaber de bedste l\u00f8sninger i t\u00e6t samarbejde med vores kunder.<\/p>\n\t\t\t\t<img decoding=\"async\" src=\"https:\/\/suresms.com\/wp-content\/uploads\/2013\/11\/startup550x250px.jpg\" alt=\"Om samarbejde med kunder suresms\" itemprop=\"image\" height=\"250\" width=\"500\" title=\"om samarbejde med Suresms\" onerror=\"this.style.display='none'\" loading=\"lazy\" \/>\n<h3>Samarbejdet med Os<\/h3>Vi er overbeviste at vi f\u00e5r det bedste resultater, hvis vi handler p\u00e5 den feedback, vi f\u00e5r fra vores kunder!<br \/>\nDerfor er det ikke nok,\u00a0at\u00a0vi altid giver dig en driftsikker gateway, der yder bedste kvalitet og oppetid p\u00e5 leveringen af SMS&#8217;er.<br \/>\nHos os kan du forvente lidt mere.\u00a0Vores support er altid serviceminded og personlig. Vi har INGEN\u00a0telefonsluser og det skal altid v\u00e6re nemt for vores kunder f\u00e5 fat i\u00a0en levende, \u00a0kompetent medarbejder, som kan hj\u00e6lpe med helt konkrete problemer\u00a0eller r\u00e5dgivning uden beregning.<br \/>\nHos SureSMS f\u00e5r vi tingene gjort!\n\t\t\t\t<img decoding=\"async\" src=\"https:\/\/suresms.com\/wp-content\/uploads\/2013\/11\/bordfodbold-500x250px1.jpg\" alt=\"Om SureSMS SMS Gateway\" itemprop=\"image\" height=\"250\" width=\"500\" title=\"bordfodbold 500x250px\" onerror=\"this.style.display='none'\" loading=\"lazy\" \/>\n<h3>Vores Team<\/h3>Vi er et team best\u00e5ende af erfarne og h\u00f8jt uddannede danske udviklere og driftsfolk, som i over 20 \u00e5r har arbejdet med SMS gateways og infrastruktur herunder netv\u00e6rk, sikkerhed og servere.<br \/>\nSammen med vores kompetente kommunikations- og salgsfolk arbejder vi ambiti\u00f8st p\u00e5 lave den allerbedste service for vores kunder.<br \/>\nFra vores hovedkontor i Hvidovre arbejder vi, i samarbejde med vores udviklere over hele verden, p\u00e5 konstant udvikling af vores produkt, vores service og vores kommunikation, s\u00e5 vi kan levere dine beskeder sikkert, til enhver mobiltelefon i verden\n<h3>\n\t\t\tSend os en besked\t<\/h3>\n<h3>\n\t\t\tHer bor vi\t<\/h3>\n<h3>\n\t\t\tSureSMS ApS\t<\/h3>\n\t<h5>Industriholmen 82<br \/>DK-2650 Hvidovre, Denmark<\/h5>\n\n<h5>KONTAKT:<br \/>Tlf: +45 50 322 322<br \/>Mail: info@suresms.com<br \/>CVR:\u00a033263104<\/h5>\n\t\t<h3>Historien om SureSMS<\/h3><p>SureSMS Aps er et dansk firma i Hvidovre, som siden 2003 har sendt SMS&#8217;er. Vi hj\u00e6lper virksomheder i Danmark og i udlandet med at levere SMS-l\u00f8sninger af h\u00f8jeste kvalitet.<\/p>\n<h4>\n\t\t<a href=\"https:\/\/suresms.com\/dk\/kontakt\/\" title=\"Hos SureSMS for du altid gratis support. Ring til os p\u00e5 50 322 322 eller send os en mail HER!\"  target=\"_self\">\n\t\t\tHos SureSMS for du altid gratis support. Ring til os p\u00e5 50 322 322 eller send os en mail HER!\t\t<\/a>\n\t<\/h4>\n\n","protected":false},"excerpt":{"rendered":"<p>Om SureSMS I Sure SMS skaber vi fleksible og holdbare SMS-l\u00f8sninger til professionelle brugere. Vi tilbyder et veldokumenteret API til\u00a0en stabil SMS-gateway m\u00e5lrettet udviklere.Vi er dygtige til det vi g\u00f8r! Og vi tror p\u00e5, at vi med godt h\u00e5ndv\u00e6rk og et klart fokus p\u00e5 teknologisk nye l\u00f8sninger skaber de bedste l\u00f8sninger i t\u00e6t samarbejde med &#8230; <a title=\"Om SureSMS\" class=\"read-more\" href=\"https:\/\/suresms.com\/dk\/om-suresms\/\" aria-label=\"Read more about Om SureSMS\">L\u00e6s mere <\/a><\/p>\n","protected":false},"author":1,"featured_media":0,"parent":0,"menu_order":7,"comment_status":"closed","ping_status":"closed","template":"","meta":{"_fl_builder_enabled":"1","_fl_builder_data":null,"_fl_builder_draft":null,"_fl_builder_data_settings":null,"_fl_builder_css":"","_fl_builder_css_version":"","_fl_builder_js":"","footnotes":""},"categories":[],"tags":[],"class_list":["post-18594","page","type-page","status-publish"],"yoast_head":"<!-- This site is optimized with the Yoast SEO Premium plugin v27.3 (Yoast SEO v27.3) - https:\/\/yoast.com\/product\/yoast-seo-premium-wordpress\/ -->\r\n<title>Om SureSMS - F\u00e5 et indblik i vores erfaring og kompetencer<\/title>\r\n<meta name=\"description\" content=\"L\u00e6s her om SureSMS. Med 13 \u00e5rs erfaring p\u00e5 SMS markedet, er vi den professionelle l\u00f8sning til virksomheder og udviklere. SMS GAteway med kunden i centrum.\" \/>\r\n<meta name=\"robots\" content=\"index, follow, max-snippet:-1, max-image-preview:large, max-video-preview:-1\" \/>\r\n<link rel=\"canonical\" href=\"https:\/\/suresms.com\/dk\/om-suresms\/\" \/>\r\n<meta property=\"og:locale\" content=\"da_DK\" \/>\r\n<meta property=\"og:type\" content=\"article\" \/>\r\n<meta property=\"og:title\" content=\"Om SureSMS\" \/>\r\n<meta property=\"og:description\" content=\"L\u00e6s om SureSMS en professionel SMS Gateway med kvalitetsl\u00f8sninger til professionelle.\" \/>\r\n<meta property=\"og:url\" content=\"https:\/\/suresms.com\/dk\/om-suresms\/\" \/>\r\n<meta property=\"article:publisher\" content=\"https:\/\/www.facebook.com\/p\/SureSMS-100044607956149\/\" \/>\r\n<meta property=\"article:modified_time\" content=\"2025-11-19T10:58:14+00:00\" \/>\r\n<meta name=\"twitter:card\" content=\"summary_large_image\" \/>\r\n<meta name=\"twitter:image\" content=\"https:\/\/suresms.com\/wp-content\/uploads\/2013\/11\/startup550x250px.jpg\" \/>\r\n<meta name=\"twitter:label1\" content=\"Estimeret l\u00e6setid\" \/>\n\t<meta name=\"twitter:data1\" content=\"3 minutter\" \/>\r\n<script type=\"application\/ld+json\" class=\"yoast-schema-graph\">{\"@context\":\"https:\\\/\\\/schema.org\",\"@graph\":[{\"@type\":\"WebPage\",\"@id\":\"https:\\\/\\\/suresms.com\\\/dk\\\/om-suresms\\\/\",\"url\":\"https:\\\/\\\/suresms.com\\\/dk\\\/om-suresms\\\/\",\"name\":\"Om SureSMS - F\u00e5 et indblik i vores erfaring og kompetencer\",\"isPartOf\":{\"@id\":\"https:\\\/\\\/suresms.com\\\/en\\\/#website\"},\"primaryImageOfPage\":{\"@id\":\"https:\\\/\\\/suresms.com\\\/dk\\\/om-suresms\\\/#primaryimage\"},\"image\":{\"@id\":\"https:\\\/\\\/suresms.com\\\/dk\\\/om-suresms\\\/#primaryimage\"},\"thumbnailUrl\":\"https:\\\/\\\/suresms.com\\\/wp-content\\\/uploads\\\/2013\\\/11\\\/startup550x250px.jpg\",\"datePublished\":\"2013-11-26T06:53:12+00:00\",\"dateModified\":\"2025-11-19T10:58:14+00:00\",\"description\":\"L\u00e6s her om SureSMS. Med 13 \u00e5rs erfaring p\u00e5 SMS markedet, er vi den professionelle l\u00f8sning til virksomheder og udviklere. SMS GAteway med kunden i centrum.\",\"breadcrumb\":{\"@id\":\"https:\\\/\\\/suresms.com\\\/dk\\\/om-suresms\\\/#breadcrumb\"},\"inLanguage\":\"da-DK\",\"potentialAction\":[{\"@type\":\"ReadAction\",\"target\":[\"https:\\\/\\\/suresms.com\\\/dk\\\/om-suresms\\\/\"]}]},{\"@type\":\"ImageObject\",\"inLanguage\":\"da-DK\",\"@id\":\"https:\\\/\\\/suresms.com\\\/dk\\\/om-suresms\\\/#primaryimage\",\"url\":\"https:\\\/\\\/suresms.com\\\/wp-content\\\/uploads\\\/2013\\\/11\\\/startup550x250px.jpg\",\"contentUrl\":\"https:\\\/\\\/suresms.com\\\/wp-content\\\/uploads\\\/2013\\\/11\\\/startup550x250px.jpg\"},{\"@type\":\"BreadcrumbList\",\"@id\":\"https:\\\/\\\/suresms.com\\\/dk\\\/om-suresms\\\/#breadcrumb\",\"itemListElement\":[{\"@type\":\"ListItem\",\"position\":1,\"name\":\"Home\",\"item\":\"https:\\\/\\\/suresms.com\\\/dk\\\/\"},{\"@type\":\"ListItem\",\"position\":2,\"name\":\"Om SureSMS\"}]},{\"@type\":\"WebSite\",\"@id\":\"https:\\\/\\\/suresms.com\\\/en\\\/#website\",\"url\":\"https:\\\/\\\/suresms.com\\\/en\\\/\",\"name\":\"SureSMS\",\"description\":\"Professionel SMS Gateway\",\"publisher\":{\"@id\":\"https:\\\/\\\/suresms.com\\\/en\\\/#organization\"},\"potentialAction\":[{\"@type\":\"SearchAction\",\"target\":{\"@type\":\"EntryPoint\",\"urlTemplate\":\"https:\\\/\\\/suresms.com\\\/en\\\/?s={search_term_string}\"},\"query-input\":{\"@type\":\"PropertyValueSpecification\",\"valueRequired\":true,\"valueName\":\"search_term_string\"}}],\"inLanguage\":\"da-DK\"},{\"@type\":\"Organization\",\"@id\":\"https:\\\/\\\/suresms.com\\\/en\\\/#organization\",\"name\":\"SureSMS\",\"url\":\"https:\\\/\\\/suresms.com\\\/en\\\/\",\"logo\":{\"@type\":\"ImageObject\",\"inLanguage\":\"da-DK\",\"@id\":\"https:\\\/\\\/suresms.com\\\/en\\\/#\\\/schema\\\/logo\\\/image\\\/\",\"url\":\"https:\\\/\\\/suresms.com\\\/wp-content\\\/uploads\\\/2024\\\/11\\\/suresms-300x65-1.png\",\"contentUrl\":\"https:\\\/\\\/suresms.com\\\/wp-content\\\/uploads\\\/2024\\\/11\\\/suresms-300x65-1.png\",\"width\":300,\"height\":65,\"caption\":\"SureSMS\"},\"image\":{\"@id\":\"https:\\\/\\\/suresms.com\\\/en\\\/#\\\/schema\\\/logo\\\/image\\\/\"},\"sameAs\":[\"https:\\\/\\\/www.facebook.com\\\/p\\\/SureSMS-100044607956149\\\/\"]}]}<\/script>\r\n<!-- \/ Yoast SEO Premium plugin. -->","yoast_head_json":{"title":"Om SureSMS - F\u00e5 et indblik i vores erfaring og kompetencer","description":"L\u00e6s her om SureSMS. Med 13 \u00e5rs erfaring p\u00e5 SMS markedet, er vi den professionelle l\u00f8sning til virksomheder og udviklere. SMS GAteway med kunden i centrum.","robots":{"index":"index","follow":"follow","max-snippet":"max-snippet:-1","max-image-preview":"max-image-preview:large","max-video-preview":"max-video-preview:-1"},"canonical":"https:\/\/suresms.com\/dk\/om-suresms\/","og_locale":"da_DK","og_type":"article","og_title":"Om SureSMS","og_description":"L\u00e6s om SureSMS en professionel SMS Gateway med kvalitetsl\u00f8sninger til professionelle.","og_url":"https:\/\/suresms.com\/dk\/om-suresms\/","article_publisher":"https:\/\/www.facebook.com\/p\/SureSMS-100044607956149\/","article_modified_time":"2025-11-19T10:58:14+00:00","twitter_card":"summary_large_image","twitter_image":"https:\/\/suresms.com\/wp-content\/uploads\/2013\/11\/startup550x250px.jpg","twitter_misc":{"Estimeret l\u00e6setid":"3 minutter"},"schema":{"@context":"https:\/\/schema.org","@graph":[{"@type":"WebPage","@id":"https:\/\/suresms.com\/dk\/om-suresms\/","url":"https:\/\/suresms.com\/dk\/om-suresms\/","name":"Om SureSMS - F\u00e5 et indblik i vores erfaring og kompetencer","isPartOf":{"@id":"https:\/\/suresms.com\/en\/#website"},"primaryImageOfPage":{"@id":"https:\/\/suresms.com\/dk\/om-suresms\/#primaryimage"},"image":{"@id":"https:\/\/suresms.com\/dk\/om-suresms\/#primaryimage"},"thumbnailUrl":"https:\/\/suresms.com\/wp-content\/uploads\/2013\/11\/startup550x250px.jpg","datePublished":"2013-11-26T06:53:12+00:00","dateModified":"2025-11-19T10:58:14+00:00","description":"L\u00e6s her om SureSMS. Med 13 \u00e5rs erfaring p\u00e5 SMS markedet, er vi den professionelle l\u00f8sning til virksomheder og udviklere. SMS GAteway med kunden i centrum.","breadcrumb":{"@id":"https:\/\/suresms.com\/dk\/om-suresms\/#breadcrumb"},"inLanguage":"da-DK","potentialAction":[{"@type":"ReadAction","target":["https:\/\/suresms.com\/dk\/om-suresms\/"]}]},{"@type":"ImageObject","inLanguage":"da-DK","@id":"https:\/\/suresms.com\/dk\/om-suresms\/#primaryimage","url":"https:\/\/suresms.com\/wp-content\/uploads\/2013\/11\/startup550x250px.jpg","contentUrl":"https:\/\/suresms.com\/wp-content\/uploads\/2013\/11\/startup550x250px.jpg"},{"@type":"BreadcrumbList","@id":"https:\/\/suresms.com\/dk\/om-suresms\/#breadcrumb","itemListElement":[{"@type":"ListItem","position":1,"name":"Home","item":"https:\/\/suresms.com\/dk\/"},{"@type":"ListItem","position":2,"name":"Om SureSMS"}]},{"@type":"WebSite","@id":"https:\/\/suresms.com\/en\/#website","url":"https:\/\/suresms.com\/en\/","name":"SureSMS","description":"Professionel SMS Gateway","publisher":{"@id":"https:\/\/suresms.com\/en\/#organization"},"potentialAction":[{"@type":"SearchAction","target":{"@type":"EntryPoint","urlTemplate":"https:\/\/suresms.com\/en\/?s={search_term_string}"},"query-input":{"@type":"PropertyValueSpecification","valueRequired":true,"valueName":"search_term_string"}}],"inLanguage":"da-DK"},{"@type":"Organization","@id":"https:\/\/suresms.com\/en\/#organization","name":"SureSMS","url":"https:\/\/suresms.com\/en\/","logo":{"@type":"ImageObject","inLanguage":"da-DK","@id":"https:\/\/suresms.com\/en\/#\/schema\/logo\/image\/","url":"https:\/\/suresms.com\/wp-content\/uploads\/2024\/11\/suresms-300x65-1.png","contentUrl":"https:\/\/suresms.com\/wp-content\/uploads\/2024\/11\/suresms-300x65-1.png","width":300,"height":65,"caption":"SureSMS"},"image":{"@id":"https:\/\/suresms.com\/en\/#\/schema\/logo\/image\/"},"sameAs":["https:\/\/www.facebook.com\/p\/SureSMS-100044607956149\/"]}]}},"_links":{"self":[{"href":"https:\/\/suresms.com\/dk\/wp-json\/wp\/v2\/pages\/18594","targetHints":{"allow":["GET"]}}],"collection":[{"href":"https:\/\/suresms.com\/dk\/wp-json\/wp\/v2\/pages"}],"about":[{"href":"https:\/\/suresms.com\/dk\/wp-json\/wp\/v2\/types\/page"}],"author":[{"embeddable":true,"href":"https:\/\/suresms.com\/dk\/wp-json\/wp\/v2\/users\/1"}],"replies":[{"embeddable":true,"href":"https:\/\/suresms.com\/dk\/wp-json\/wp\/v2\/comments?post=18594"}],"version-history":[{"count":7,"href":"https:\/\/suresms.com\/dk\/wp-json\/wp\/v2\/pages\/18594\/revisions"}],"predecessor-version":[{"id":23554,"href":"https:\/\/suresms.com\/dk\/wp-json\/wp\/v2\/pages\/18594\/revisions\/23554"}],"wp:attachment":[{"href":"https:\/\/suresms.com\/dk\/wp-json\/wp\/v2\/media?parent=18594"}],"wp:term":[{"taxonomy":"category","embeddable":true,"href":"https:\/\/suresms.com\/dk\/wp-json\/wp\/v2\/categories?post=18594"},{"taxonomy":"post_tag","embeddable":true,"href":"https:\/\/suresms.com\/dk\/wp-json\/wp\/v2\/tags?post=18594"}],"curies":[{"name":"wp","href":"https:\/\/api.w.org\/{rel}","templated":true}]}}