{"id":18593,"date":"2013-11-26T08:52:42","date_gmt":"2013-11-26T06:52:42","guid":{"rendered":"http:\/\/suresms-gateway.dk\/?page_id=5"},"modified":"2025-10-28T16:16:08","modified_gmt":"2025-10-28T16:16:08","slug":"gratis-sms-testkonto","status":"publish","type":"page","link":"https:\/\/suresms.com\/dk\/bestil\/gratis-sms-testkonto\/","title":{"rendered":"Gratis SMS testkonto"},"content":{"rendered":"\n\n\t<h2>Gratis SMS konto &#8211; send 50 SMS&#8217;er gratis<\/h2>\n<p>Hos SureSMS tilbyder vi alle nye kunder muligheden for pr\u00f8ve vores service uden betaling. Gennem oprettelse af en GRATIS SMS testkonto kan du pr\u00f8ve vores moderne og stabile SMS gateway.<\/p>\n<p>Du f\u00e5r adgang til alle funktioner i vores system i 14 dage. Dog ikke vores 2-vejs l\u00f8sning. Hvis du beslutter dig for at bruge SureSMS bliver din konto automatisk opgraderet til en normal konto. Det kan du g\u00f8re enten ved at indbetale penge p\u00e5 din konto via kreditkort eller ved at lave en faktureringsaftale.<\/p>\n<p>N\u00e5r du opretter kontoen bliver dit login et telefonnummer du indtaster her. Du modtager en SMS med din kode p\u00e5 nummeret, s\u00e5 husk at bruge et mobilnummer du har adgang til lige nu. N\u00e5r du er logget ind kan du bede om at f\u00e5 en anden afsender.<\/p>\n<p>Login og kodeord sendes straks s\u00e5 du er igang p\u00e5 2 minutter.<\/p>\n<p>Rigtig god forn\u00f8jelse.<\/p>\n\t\t\t<a href=\"https:\/\/app.suresms.com\/account\/signup\" target=\"_blank\" rel=\"noopener\">\n\t\t\t\t\t\t\tOpret gratis konto\n\t\t\t\t\t<\/a>\n\t<h2>\u00a0Billige SMS&#8217;er og h\u00f8j driftsstabilitet<\/h2>\n<p>Som kunde hos SureSMS kan du forvente nogle af de mest konkurrencedygtige priser p\u00e5 markedet. Vi tilbyder billige priser pr. SMS til alle kunder og kombinerer det med en h\u00f8j driftsstabilitet.<\/p>\n<p>Der er jo ikke meget ved at spare penge, hvis kun halvdelen af beskederne kommer frem, men hos SureSMS kan du v\u00e6re sikker p\u00e5 at kvaliteten er i orden. Vi har lave priser og leverer en meget <a href=\"https:\/\/suresms.com\/dk\">stabil SMS gateway<\/a>.<\/p>\n\t<h2>Nem konvertering fra andre leverand\u00f8rer<\/h2>\n<p>SureSMS har stor erfaring med netv\u00e6rk, sikkerhed og gateways. Det er derfor nemt for os, at styre og sikre processen med at skifte fra din nuv\u00e6rende leverand\u00f8r til vores gateway.<\/p>\n<p>Selvom det for mange kunder kan v\u00e6re en stor beslutning at skulle skifte SMS leverand\u00f8r, kan vi overraskende nemt og hurtigt ordne konverteringen. Det er slet ikke s\u00e5 omfattende, som mange tror.<\/p>\n\t<h4><strong>Skulle der alligevel v\u00e6re det mindste problem, tilbyder vi 24\/7 support.<\/strong><\/h4>\n\t\t\t<a href=\"https:\/\/suresms.com\/dk\/kontakt\/\" target=\"_self\">\n\t\t\t\t\t\tSe kontaktoplysninger her\n\t\t\t\t\t<\/a>\n<h3>\n\t\t\tEller skriv til vores Support her. Vi vender tilbage i l\u00f8bet af ganske kort tid!\t<\/h3>\n\t\n<div class=\"wpcf7 no-js\" id=\"wpcf7-f2264-o1\" lang=\"da-DK\" dir=\"ltr\" data-wpcf7-id=\"2264\">\n<div class=\"screen-reader-response\"><p role=\"status\" aria-live=\"polite\" aria-atomic=\"true\"><\/p> <ul><\/ul><\/div>\n<form action=\"\/dk\/wp-json\/wp\/v2\/pages\/18593#wpcf7-f2264-o1\" method=\"post\" class=\"wpcf7-form init\" aria-label=\"Kontaktformular\" enctype=\"multipart\/form-data\" novalidate=\"novalidate\" data-status=\"init\">\n<fieldset class=\"hidden-fields-container\"><input type=\"hidden\" name=\"_wpcf7\" value=\"2264\" \/><input type=\"hidden\" name=\"_wpcf7_version\" value=\"6.1.5\" \/><input type=\"hidden\" name=\"_wpcf7_locale\" value=\"da_DK\" \/><input type=\"hidden\" name=\"_wpcf7_unit_tag\" value=\"wpcf7-f2264-o1\" \/><input type=\"hidden\" name=\"_wpcf7_container_post\" value=\"0\" \/><input type=\"hidden\" name=\"_wpcf7_posted_data_hash\" value=\"\" \/>\n<\/fieldset>\n<p>Firmanavn (skal udfyldes)\n<\/p>\n<p><span class=\"wpcf7-form-control-wrap\" data-name=\"your-name\"><input size=\"40\" maxlength=\"400\" class=\"wpcf7-form-control wpcf7-text wpcf7-validates-as-required\" aria-required=\"true\" aria-invalid=\"false\" value=\"\" type=\"text\" name=\"your-name\" \/><\/span>\n<\/p>\n<p>Dit navn (skal udfyldes)\n<\/p>\n<p><span class=\"wpcf7-form-control-wrap\" data-name=\"dit-navn\"><input size=\"40\" maxlength=\"400\" class=\"wpcf7-form-control wpcf7-text wpcf7-validates-as-required\" aria-required=\"true\" aria-invalid=\"false\" value=\"\" type=\"text\" name=\"dit-navn\" \/><\/span>\n<\/p>\n<p>Din e-mail (skal udfyldes)\n<\/p>\n<p><span class=\"wpcf7-form-control-wrap\" data-name=\"your-email\"><input size=\"40\" maxlength=\"400\" class=\"wpcf7-form-control wpcf7-email wpcf7-validates-as-required wpcf7-text wpcf7-validates-as-email\" aria-required=\"true\" aria-invalid=\"false\" value=\"\" type=\"email\" name=\"your-email\" \/><\/span>\n<\/p>\n<p>Telefonnummer (skal udfyldes)\n<\/p>\n<p><span class=\"wpcf7-form-control-wrap\" data-name=\"tel-616\"><input size=\"40\" maxlength=\"400\" class=\"wpcf7-form-control wpcf7-tel wpcf7-validates-as-required wpcf7-text wpcf7-validates-as-tel\" aria-required=\"true\" aria-invalid=\"false\" value=\"\" type=\"tel\" name=\"tel-616\" \/><\/span>\n<\/p>\n<p>Emne\n<\/p>\n<p><span class=\"wpcf7-form-control-wrap\" data-name=\"your-subject\"><input size=\"40\" maxlength=\"400\" class=\"wpcf7-form-control wpcf7-text\" aria-invalid=\"false\" value=\"\" type=\"text\" name=\"your-subject\" \/><\/span>\n<\/p>\n<p>Din besked\n<\/p>\n<p><span class=\"wpcf7-form-control-wrap\" data-name=\"your-message\"><textarea cols=\"40\" rows=\"10\" maxlength=\"2000\" class=\"wpcf7-form-control wpcf7-textarea\" aria-invalid=\"false\" name=\"your-message\"><\/textarea><\/span>\n<\/p>\n<p>Upload evt. fil\n<\/p>\n<p><span class=\"wpcf7-form-control-wrap\" data-name=\"file-948\"><input size=\"40\" class=\"wpcf7-form-control wpcf7-file\" id=\"Uploadfil\" accept=\"audio\/*,video\/*,image\/*\" aria-invalid=\"false\" type=\"file\" name=\"file-948\" \/><\/span>\n<\/p>\n<p><div class=\"cf7-cf-turnstile\" style=\"margin-top: 0px; margin-bottom: -15px;\"> <div id=\"cf-turnstile-cf7-481644239\" class=\"cf-turnstile\" data-sitekey=\"0x4AAAAAAB8YGArd9ML-HbMW\" data-theme=\"light\" data-language=\"auto\" data-size=\"normal\" data-retry=\"auto\" data-retry-interval=\"1000\" data-refresh-expired=\"auto\" data-action=\"contact-form-7\" data-appearance=\"always\"><\/div> <script>document.addEventListener(\"DOMContentLoaded\", function() { setTimeout(function(){ var e=document.getElementById(\"cf-turnstile-cf7-481644239\"); e&&!e.innerHTML.trim()&&(turnstile.remove(\"#cf-turnstile-cf7-481644239\"), turnstile.render(\"#cf-turnstile-cf7-481644239\", {sitekey:\"0x4AAAAAAB8YGArd9ML-HbMW\"})); }, 100); });<\/script> <br class=\"cf-turnstile-br cf-turnstile-br-cf7-481644239\"> <style>#cf-turnstile-cf7-481644239 { margin-left: -15px; }<\/style> <script>document.addEventListener(\"DOMContentLoaded\",function(){document.querySelectorAll('.wpcf7-form').forEach(function(e){e.addEventListener('submit',function(){if(document.getElementById('cf-turnstile-cf7-481644239')){setTimeout(function(){turnstile.reset('#cf-turnstile-cf7-481644239');},1000)}})})});<\/script> <\/div>\n<\/p>\n<p><input class=\"wpcf7-form-control wpcf7-submit has-spinner\" type=\"submit\" value=\"Send\" \/>\n<\/p><div class=\"wpcf7-response-output\" aria-hidden=\"true\"><\/div>\n<\/form>\n<\/div>\n\n\n","protected":false},"excerpt":{"rendered":"<p>Gratis SMS konto &#8211; send 50 SMS&#8217;er gratis Hos SureSMS tilbyder vi alle nye kunder muligheden for pr\u00f8ve vores service uden betaling. Gennem oprettelse af en GRATIS SMS testkonto kan du pr\u00f8ve vores moderne og stabile SMS gateway. Du f\u00e5r adgang til alle funktioner i vores system i 14 dage. Dog ikke vores 2-vejs l\u00f8sning. &#8230; <a title=\"Gratis SMS testkonto\" class=\"read-more\" href=\"https:\/\/suresms.com\/dk\/bestil\/gratis-sms-testkonto\/\" aria-label=\"Read more about Gratis SMS testkonto\">L\u00e6s mere <\/a><\/p>\n","protected":false},"author":1,"featured_media":0,"parent":19266,"menu_order":23,"comment_status":"closed","ping_status":"closed","template":"","meta":{"_fl_builder_enabled":"1","_fl_builder_data":null,"_fl_builder_draft":null,"_fl_builder_data_settings":null,"_fl_builder_css":"","_fl_builder_css_version":"","_fl_builder_js":"","footnotes":""},"categories":[],"tags":[],"class_list":["post-18593","page","type-page","status-publish"],"yoast_head":"<!-- This site is optimized with the Yoast SEO Premium plugin v27.3 (Yoast SEO v27.3) - https:\/\/yoast.com\/product\/yoast-seo-premium-wordpress\/ -->\r\n<title>Gratis testkonto med 50 SMS&#039;er - Pr\u00f8v SMS gateway og send gratis sms<\/title>\r\n<meta name=\"description\" content=\"F\u00e5 en gratis sms testkonto og send SMS til dine kunder. N\u00e5r du opretter, kvitterer vi med 100 SMS&#039;er, s\u00e5 du kan f\u00e5 en fornemmelse af vores SureSMS gateway\" \/>\r\n<meta name=\"robots\" content=\"index, follow, max-snippet:-1, max-image-preview:large, max-video-preview:-1\" \/>\r\n<link rel=\"canonical\" href=\"https:\/\/suresms.com\/dk\/bestil\/gratis-sms-testkonto\/\" \/>\r\n<meta property=\"og:locale\" content=\"da_DK\" \/>\r\n<meta property=\"og:type\" content=\"article\" \/>\r\n<meta property=\"og:title\" content=\"Gratis SMS testkonto\" \/>\r\n<meta property=\"og:description\" content=\"F\u00e5 en gratis sms testkonto og send SMS til dine kunder. N\u00e5r du opretter, kvitterer vi med 100 SMS&#039;er, s\u00e5 du kan f\u00e5 en fornemmelse af vores SureSMS gateway\" \/>\r\n<meta property=\"og:url\" content=\"https:\/\/suresms.com\/dk\/bestil\/gratis-sms-testkonto\/\" \/>\r\n<meta property=\"article:publisher\" content=\"https:\/\/www.facebook.com\/p\/SureSMS-100044607956149\/\" \/>\r\n<meta property=\"article:modified_time\" content=\"2025-10-28T16:16:08+00:00\" \/>\r\n<meta name=\"twitter:card\" content=\"summary_large_image\" \/>\r\n<meta name=\"twitter:label1\" content=\"Estimeret l\u00e6setid\" \/>\n\t<meta name=\"twitter:data1\" content=\"4 minutter\" \/>\r\n<script type=\"application\/ld+json\" class=\"yoast-schema-graph\">{\"@context\":\"https:\\\/\\\/schema.org\",\"@graph\":[{\"@type\":\"WebPage\",\"@id\":\"https:\\\/\\\/suresms.com\\\/dk\\\/bestil\\\/gratis-sms-testkonto\\\/\",\"url\":\"https:\\\/\\\/suresms.com\\\/dk\\\/bestil\\\/gratis-sms-testkonto\\\/\",\"name\":\"Gratis testkonto med 50 SMS'er - Pr\u00f8v SMS gateway og send gratis sms\",\"isPartOf\":{\"@id\":\"https:\\\/\\\/suresms.com\\\/en\\\/#website\"},\"datePublished\":\"2013-11-26T06:52:42+00:00\",\"dateModified\":\"2025-10-28T16:16:08+00:00\",\"description\":\"F\u00e5 en gratis sms testkonto og send SMS til dine kunder. N\u00e5r du opretter, kvitterer vi med 100 SMS'er, s\u00e5 du kan f\u00e5 en fornemmelse af vores SureSMS gateway\",\"breadcrumb\":{\"@id\":\"https:\\\/\\\/suresms.com\\\/dk\\\/bestil\\\/gratis-sms-testkonto\\\/#breadcrumb\"},\"inLanguage\":\"da-DK\",\"potentialAction\":[{\"@type\":\"ReadAction\",\"target\":[\"https:\\\/\\\/suresms.com\\\/dk\\\/bestil\\\/gratis-sms-testkonto\\\/\"]}]},{\"@type\":\"BreadcrumbList\",\"@id\":\"https:\\\/\\\/suresms.com\\\/dk\\\/bestil\\\/gratis-sms-testkonto\\\/#breadcrumb\",\"itemListElement\":[{\"@type\":\"ListItem\",\"position\":1,\"name\":\"Home\",\"item\":\"https:\\\/\\\/suresms.com\\\/dk\\\/\"},{\"@type\":\"ListItem\",\"position\":2,\"name\":\"Bestil\",\"item\":\"https:\\\/\\\/suresms.com\\\/bestil\\\/\"},{\"@type\":\"ListItem\",\"position\":3,\"name\":\"Gratis SMS testkonto\"}]},{\"@type\":\"WebSite\",\"@id\":\"https:\\\/\\\/suresms.com\\\/en\\\/#website\",\"url\":\"https:\\\/\\\/suresms.com\\\/en\\\/\",\"name\":\"SureSMS\",\"description\":\"Professionel SMS Gateway\",\"publisher\":{\"@id\":\"https:\\\/\\\/suresms.com\\\/en\\\/#organization\"},\"potentialAction\":[{\"@type\":\"SearchAction\",\"target\":{\"@type\":\"EntryPoint\",\"urlTemplate\":\"https:\\\/\\\/suresms.com\\\/en\\\/?s={search_term_string}\"},\"query-input\":{\"@type\":\"PropertyValueSpecification\",\"valueRequired\":true,\"valueName\":\"search_term_string\"}}],\"inLanguage\":\"da-DK\"},{\"@type\":\"Organization\",\"@id\":\"https:\\\/\\\/suresms.com\\\/en\\\/#organization\",\"name\":\"SureSMS\",\"url\":\"https:\\\/\\\/suresms.com\\\/en\\\/\",\"logo\":{\"@type\":\"ImageObject\",\"inLanguage\":\"da-DK\",\"@id\":\"https:\\\/\\\/suresms.com\\\/en\\\/#\\\/schema\\\/logo\\\/image\\\/\",\"url\":\"https:\\\/\\\/suresms.com\\\/wp-content\\\/uploads\\\/2024\\\/11\\\/suresms-300x65-1.png\",\"contentUrl\":\"https:\\\/\\\/suresms.com\\\/wp-content\\\/uploads\\\/2024\\\/11\\\/suresms-300x65-1.png\",\"width\":300,\"height\":65,\"caption\":\"SureSMS\"},\"image\":{\"@id\":\"https:\\\/\\\/suresms.com\\\/en\\\/#\\\/schema\\\/logo\\\/image\\\/\"},\"sameAs\":[\"https:\\\/\\\/www.facebook.com\\\/p\\\/SureSMS-100044607956149\\\/\"]}]}<\/script>\r\n<!-- \/ Yoast SEO Premium plugin. -->","yoast_head_json":{"title":"Gratis testkonto med 50 SMS'er - Pr\u00f8v SMS gateway og send gratis sms","description":"F\u00e5 en gratis sms testkonto og send SMS til dine kunder. N\u00e5r du opretter, kvitterer vi med 100 SMS'er, s\u00e5 du kan f\u00e5 en fornemmelse af vores SureSMS gateway","robots":{"index":"index","follow":"follow","max-snippet":"max-snippet:-1","max-image-preview":"max-image-preview:large","max-video-preview":"max-video-preview:-1"},"canonical":"https:\/\/suresms.com\/dk\/bestil\/gratis-sms-testkonto\/","og_locale":"da_DK","og_type":"article","og_title":"Gratis SMS testkonto","og_description":"F\u00e5 en gratis sms testkonto og send SMS til dine kunder. N\u00e5r du opretter, kvitterer vi med 100 SMS'er, s\u00e5 du kan f\u00e5 en fornemmelse af vores SureSMS gateway","og_url":"https:\/\/suresms.com\/dk\/bestil\/gratis-sms-testkonto\/","article_publisher":"https:\/\/www.facebook.com\/p\/SureSMS-100044607956149\/","article_modified_time":"2025-10-28T16:16:08+00:00","twitter_card":"summary_large_image","twitter_misc":{"Estimeret l\u00e6setid":"4 minutter"},"schema":{"@context":"https:\/\/schema.org","@graph":[{"@type":"WebPage","@id":"https:\/\/suresms.com\/dk\/bestil\/gratis-sms-testkonto\/","url":"https:\/\/suresms.com\/dk\/bestil\/gratis-sms-testkonto\/","name":"Gratis testkonto med 50 SMS'er - Pr\u00f8v SMS gateway og send gratis sms","isPartOf":{"@id":"https:\/\/suresms.com\/en\/#website"},"datePublished":"2013-11-26T06:52:42+00:00","dateModified":"2025-10-28T16:16:08+00:00","description":"F\u00e5 en gratis sms testkonto og send SMS til dine kunder. N\u00e5r du opretter, kvitterer vi med 100 SMS'er, s\u00e5 du kan f\u00e5 en fornemmelse af vores SureSMS gateway","breadcrumb":{"@id":"https:\/\/suresms.com\/dk\/bestil\/gratis-sms-testkonto\/#breadcrumb"},"inLanguage":"da-DK","potentialAction":[{"@type":"ReadAction","target":["https:\/\/suresms.com\/dk\/bestil\/gratis-sms-testkonto\/"]}]},{"@type":"BreadcrumbList","@id":"https:\/\/suresms.com\/dk\/bestil\/gratis-sms-testkonto\/#breadcrumb","itemListElement":[{"@type":"ListItem","position":1,"name":"Home","item":"https:\/\/suresms.com\/dk\/"},{"@type":"ListItem","position":2,"name":"Bestil","item":"https:\/\/suresms.com\/bestil\/"},{"@type":"ListItem","position":3,"name":"Gratis SMS testkonto"}]},{"@type":"WebSite","@id":"https:\/\/suresms.com\/en\/#website","url":"https:\/\/suresms.com\/en\/","name":"SureSMS","description":"Professionel SMS Gateway","publisher":{"@id":"https:\/\/suresms.com\/en\/#organization"},"potentialAction":[{"@type":"SearchAction","target":{"@type":"EntryPoint","urlTemplate":"https:\/\/suresms.com\/en\/?s={search_term_string}"},"query-input":{"@type":"PropertyValueSpecification","valueRequired":true,"valueName":"search_term_string"}}],"inLanguage":"da-DK"},{"@type":"Organization","@id":"https:\/\/suresms.com\/en\/#organization","name":"SureSMS","url":"https:\/\/suresms.com\/en\/","logo":{"@type":"ImageObject","inLanguage":"da-DK","@id":"https:\/\/suresms.com\/en\/#\/schema\/logo\/image\/","url":"https:\/\/suresms.com\/wp-content\/uploads\/2024\/11\/suresms-300x65-1.png","contentUrl":"https:\/\/suresms.com\/wp-content\/uploads\/2024\/11\/suresms-300x65-1.png","width":300,"height":65,"caption":"SureSMS"},"image":{"@id":"https:\/\/suresms.com\/en\/#\/schema\/logo\/image\/"},"sameAs":["https:\/\/www.facebook.com\/p\/SureSMS-100044607956149\/"]}]}},"_links":{"self":[{"href":"https:\/\/suresms.com\/dk\/wp-json\/wp\/v2\/pages\/18593","targetHints":{"allow":["GET"]}}],"collection":[{"href":"https:\/\/suresms.com\/dk\/wp-json\/wp\/v2\/pages"}],"about":[{"href":"https:\/\/suresms.com\/dk\/wp-json\/wp\/v2\/types\/page"}],"author":[{"embeddable":true,"href":"https:\/\/suresms.com\/dk\/wp-json\/wp\/v2\/users\/1"}],"replies":[{"embeddable":true,"href":"https:\/\/suresms.com\/dk\/wp-json\/wp\/v2\/comments?post=18593"}],"version-history":[{"count":16,"href":"https:\/\/suresms.com\/dk\/wp-json\/wp\/v2\/pages\/18593\/revisions"}],"predecessor-version":[{"id":23522,"href":"https:\/\/suresms.com\/dk\/wp-json\/wp\/v2\/pages\/18593\/revisions\/23522"}],"up":[{"embeddable":true,"href":"https:\/\/suresms.com\/dk\/wp-json\/wp\/v2\/pages\/19266"}],"wp:attachment":[{"href":"https:\/\/suresms.com\/dk\/wp-json\/wp\/v2\/media?parent=18593"}],"wp:term":[{"taxonomy":"category","embeddable":true,"href":"https:\/\/suresms.com\/dk\/wp-json\/wp\/v2\/categories?post=18593"},{"taxonomy":"post_tag","embeddable":true,"href":"https:\/\/suresms.com\/dk\/wp-json\/wp\/v2\/tags?post=18593"}],"curies":[{"name":"wp","href":"https:\/\/api.w.org\/{rel}","templated":true}]}}