{"id":18292,"date":"2024-08-26T13:27:40","date_gmt":"2024-08-26T11:27:40","guid":{"rendered":"https:\/\/www.suresms.com\/dk\/?page_id=18292"},"modified":"2025-01-15T14:18:17","modified_gmt":"2025-01-15T14:18:17","slug":"contacts","status":"publish","type":"page","link":"https:\/\/suresms.com\/dk\/docs\/addressbook\/contacts\/","title":{"rendered":"Kontakter"},"content":{"rendered":"\n\n\t\t\t\t<!-- Flexy Breadcrumb -->\r\n\t\t\t<div class=\"fbc fbc-page\">\r\n\r\n\t\t\t\t<!-- Breadcrumb wrapper -->\r\n\t\t\t\t<div class=\"fbc-wrap\">\r\n\r\n\t\t\t\t\t<!-- Ordered list-->\r\n\t\t\t\t\t<ol class=\"fbc-items\" itemscope itemtype=\"https:\/\/schema.org\/BreadcrumbList\">\r\n\t\t\t\t\t\t            <li itemprop=\"itemListElement\" itemscope itemtype=\"https:\/\/schema.org\/ListItem\">\r\n                <span itemprop=\"name\">\r\n                    <!-- Home Link -->\r\n                    <a itemprop=\"item\" href=\"https:\/\/suresms.com\">\r\n                    \r\n                                                    <i class=\"fa fa-home\" aria-hidden=\"true\"><\/i>Home                    <\/a>\r\n                <\/span>\r\n                <meta itemprop=\"position\" content=\"1\" \/><!-- Meta Position-->\r\n             <\/li><li><span class=\"fbc-separator\">\/<\/span><\/li><li class=\"active\" itemprop=\"itemListElement\" itemscope itemtype=\"https:\/\/schema.org\/ListItem\"><span itemprop=\"name\" title=\"Kontakter\">Kontakter<\/span><meta itemprop=\"position\" content=\"2\" \/><\/li>\t\t\t\t\t<\/ol>\r\n\t\t\t\t\t<div class=\"clearfix\"><\/div>\r\n\t\t\t\t<\/div>\r\n\t\t\t<\/div>\r\n\t\t\t\n<h1>\n\t\tKontakter\n\t<\/h1>\n\t<p>Her kan du l\u00e6se om adressebogen i SureSMS. Adressebogen best\u00e5r af Kontakter og Grupper. Du kan l\u00e6se om <a href=\"https:\/\/suresms.com\/docs\/addressbook\/groups-and-lists\/\">Grupper her<\/a>. Herunder kan du l\u00e6se hvordan du opretter, retter og sletter en kontakt i din adressebog.<\/p>\n<h2>\n\t\tListe over kontakter\n\t<\/h2>\n\t<p>Lad os starte med at se p\u00e5 det sk\u00e6rmbillede hvor man ser listen af kontakter. Sk\u00e6rmbilledet kunne se s\u00e5ledes ud:<\/p>\n\t<p>Som du kan se indeholder listen f\u00f8rste en lille firkant, hvor det er muligt at markere en kontakt. Herefter f\u00f8lgende informationer: Fulde navn p\u00e5 kontakten, landekode og telefonnummer.<\/p>\n<p>Hvis du har skrevet en email ind p\u00e5 kontakten st\u00e5r den her. Der st\u00e5r ogs\u00e5 de ekstra informationer du m\u00e5tte have indtastet &#8211; herom senere. Derefter kan du se et tal der viser hvor mange grupper kontakten er med i og hvorn\u00e5r kontakten er oprettet.<\/p>\n<p>Klikker du p\u00e5 blyanten udfor kontakten, har du mulighed for at rette disse oplysninger.<\/p>\n\t\t\t\t<img loading=\"lazy\" decoding=\"async\" src=\"https:\/\/suresms.com\/wp-content\/uploads\/2024\/08\/Skaermbillede-2024-08-26-133800-1.png\" alt=\"Listen i adressebogen\" itemprop=\"image\" height=\"1097\" width=\"2012\" title=\"Sk\u00e6rmbillede 2024-08-26 133800\" onerror=\"this.style.display='none'\"  \/>\n\t\t\t\t<img decoding=\"async\" src=\"https:\/\/suresms.com\/wp-content\/plugins\/bb-plugin\/img\/pixel.png\" alt=\"\" itemprop=\"image\" onerror=\"this.style.display='none'\"  \/>\n\t<p>I toppen af listen er der en action-bar. Dels kan du s\u00f8ge i dine kontakter i s\u00f8ge feltet, du kan v\u00e6lge hvor mange kontakter du vil se ad gangen. Desuden er der knappen &#8220;Filter&#8221;. Klikker du p\u00e5 den ruller filter-menuen ud og du har mulighed for alene at se kontakter der er med i en bestemt gruppe. Som illustreret herover.<\/p>\n<h2>\n\t\tOpret, ret eller slet kontakt\n\t<\/h2>\n\t<p>Du opretter en kontakt ved at klikke p\u00e5 &#8220;Valg&#8221; i \u00f8verste h\u00f8jre hj\u00f8rne. Herefter v\u00e6lger du\u00a0<em>Opret ny<\/em>.<\/p>\n\t<p>Udfyld sk\u00e6rmbilledet med kontaktinformationer p\u00e5 din nye kontakt som illustreret i videoen her til h\u00f8jre.<\/p>\n<p>Fuldenavn, landekode og telefonnummer er obligatoriske. Email adresse og ekstra informationer er valgfrie.<\/p>\n<p>Klik p\u00e5 blyanten udfor kontakten, hvis du \u00f8nsker at rette informationer om kontakten.<\/p>\n<p><em>HUSK : at klikke p\u00e5 Gem efter du har \u00e6ndret i hvilke grupper kontakten er med er.<\/em><\/p>\n\t\t\t\t\t<video src=\"https:\/\/suresms.com\/wp-content\/uploads\/2024\/08\/Dokumentation-Opret-ret-og-slet-kontakt-1.mp4\" alt=\"hosted-video-thumbnail\"><\/video>\n\t\t<h2>\n\t\tImport eller eksporter liste med kontakter\n\t<\/h2>\n\t<p>Det er muligt at importere kontakter fra en fil. Det kan f.eks. v\u00e6re en CSV fil du har fra dit medlemssystem, din bogf\u00f8ring eller dit CRM system. Kontakter importeres enten &#8220;oven i&#8221; de eksisterende eller som en helt ny import &#8211; det kan man v\u00e6lge.<\/p>\n\t<p>Log ind p\u00e5 din SureSMS konto her : <a href=\"https:\/\/app.suresms.com\" target=\"_blank\" rel=\"noopener\">https:\/\/app.suresms.com<\/a><\/p>\n<p>I menuen v\u00e6lger du <em>Adressebog-&gt; Kontakter<\/em><\/p>\n<p>Klik p\u00e5 <em>Valg <\/em>i \u00f8verste h\u00f8jre hj\u00f8rne<\/p>\n<p>V\u00e6lg menupunktet\u00a0<em>Importer fra fil<\/em><\/p>\n<p>V\u00e6lg filen fra din lokale computer<\/p>\n<p>Klik p\u00e5 knappen\u00a0<em>Analyser<\/em><\/p>\n<p>Klik p\u00e5\u00a0<em>Importer<\/em><\/p>\n<p>Du kan nu se dine nye kontakter i Adressebogen<\/p>\n<p>&nbsp;<\/p>\n<p>&nbsp;<\/p>\n\t\t\t\t\t<video src=\"https:\/\/suresms.com\/wp-content\/uploads\/2024\/10\/Dokumentation-Import-af-kontakter-til-adressebogen.mp4\" alt=\"hosted-video-thumbnail\"><\/video>\n\t\t<h2>\n\t\tTilf\u00f8j tags til en kontakt\n\t<\/h2>\n\t<p>Det er muligt at tilf\u00f8je tags eller m\u00e6rkater til en kontakt. Dette m\u00e6rkat kan bruges til at segmentere afsendelse senere. Er du f.eks. en mekaniker, kan du tilf\u00f8je et m\u00e6rkat der fort\u00e6ller hvilket bilm\u00e6rke en modtager har. Har du en webshop der handler med husdyr kan du f.eks. tilf\u00f8je hvilket husdyr kontakten har &#8211; kat, hund, gr\u00e6vling :-).<\/p>\n<p>Tilf\u00f8j et m\u00e6rkat fra oversigten over kontakter ved at s\u00e6tte et flueben i de kontakter der skal have et m\u00e6rkat\/tag<\/p>\n<p>&nbsp;<\/p>\n\t\t\t\t<img decoding=\"async\" src=\"https:\/\/suresms.com\/wp-content\/plugins\/bb-plugin\/img\/pixel.png\" alt=\"\" itemprop=\"image\" onerror=\"this.style.display='none'\"  \/>\n\t<p>Herefter klikker du p\u00e5\u00a0<em>Valg<\/em> i \u00f8verte h\u00f8jre hj\u00f8rne og s\u00e5 p\u00e5 &#8220;Tilf\u00f8j tag&#8221;<\/p>\n<p>&nbsp;<\/p>\n\t\t\t\t<img decoding=\"async\" src=\"https:\/\/suresms.com\/wp-content\/plugins\/bb-plugin\/img\/pixel.png\" alt=\"\" itemprop=\"image\" onerror=\"this.style.display='none'\"  \/>\n\t<p>Herefter skriver du den m\u00e6rkat du gerne vil knytte til kontakten. I dette tilf\u00e6lde har vi valgt <em>Ketcher\u00a0<\/em>som m\u00e6rkat.<\/p>\n<p>&nbsp;<\/p>\n\n","protected":false},"excerpt":{"rendered":"<p>Kontakter Her kan du l\u00e6se om adressebogen i SureSMS. Adressebogen best\u00e5r af Kontakter og Grupper. Du kan l\u00e6se om Grupper her. Herunder kan du l\u00e6se hvordan du opretter, retter og sletter en kontakt i din adressebog. Liste over kontakter Lad os starte med at se p\u00e5 det sk\u00e6rmbillede hvor man ser listen af kontakter. Sk\u00e6rmbilledet &#8230; <a title=\"Kontakter\" class=\"read-more\" href=\"https:\/\/suresms.com\/dk\/docs\/addressbook\/contacts\/\" aria-label=\"Read more about Kontakter\">L\u00e6s mere <\/a><\/p>\n","protected":false},"author":1,"featured_media":0,"parent":18172,"menu_order":0,"comment_status":"closed","ping_status":"closed","template":"","meta":{"_fl_builder_enabled":"1","_fl_builder_data":null,"_fl_builder_draft":null,"_fl_builder_data_settings":null,"_fl_builder_css":"","_fl_builder_css_version":"","_fl_builder_js":"","footnotes":""},"categories":[],"tags":[],"class_list":["post-18292","page","type-page","status-publish"],"yoast_head":"<!-- This site is optimized with the Yoast SEO Premium plugin v27.3 (Yoast SEO v27.3) - https:\/\/yoast.com\/product\/yoast-seo-premium-wordpress\/ -->\r\n<title>Kontakter -<\/title>\r\n<meta name=\"robots\" content=\"index, follow, max-snippet:-1, max-image-preview:large, max-video-preview:-1\" \/>\r\n<link rel=\"canonical\" href=\"https:\/\/suresms.com\/dk\/docs\/addressbook\/contacts\/\" \/>\r\n<meta property=\"og:locale\" content=\"da_DK\" \/>\r\n<meta property=\"og:type\" content=\"article\" \/>\r\n<meta property=\"og:title\" content=\"Kontakter\" \/>\r\n<meta property=\"og:description\" content=\"Kontakter Her kan du l\u00e6se om adressebogen i SureSMS. Adressebogen best\u00e5r af Kontakter og Grupper. Du kan l\u00e6se om Grupper her. Herunder kan du l\u00e6se hvordan du opretter, retter og sletter en kontakt i din adressebog. Liste over kontakter Lad os starte med at se p\u00e5 det sk\u00e6rmbillede hvor man ser listen af kontakter. Sk\u00e6rmbilledet ... L\u00e6s mere\" \/>\r\n<meta property=\"og:url\" content=\"https:\/\/suresms.com\/dk\/docs\/addressbook\/contacts\/\" \/>\r\n<meta property=\"article:publisher\" content=\"https:\/\/www.facebook.com\/p\/SureSMS-100044607956149\/\" \/>\r\n<meta property=\"article:modified_time\" content=\"2025-01-15T14:18:17+00:00\" \/>\r\n<meta property=\"og:image\" content=\"https:\/\/suresms.com\/wp-content\/uploads\/2024\/08\/Skaermbillede-2024-08-26-133800-1.png\" \/>\r\n<meta name=\"twitter:card\" content=\"summary_large_image\" \/>\r\n<meta name=\"twitter:label1\" content=\"Estimeret l\u00e6setid\" \/>\n\t<meta name=\"twitter:data1\" content=\"3 minutter\" \/>\r\n<script type=\"application\/ld+json\" class=\"yoast-schema-graph\">{\"@context\":\"https:\\\/\\\/schema.org\",\"@graph\":[{\"@type\":\"WebPage\",\"@id\":\"https:\\\/\\\/suresms.com\\\/dk\\\/docs\\\/addressbook\\\/contacts\\\/\",\"url\":\"https:\\\/\\\/suresms.com\\\/dk\\\/docs\\\/addressbook\\\/contacts\\\/\",\"name\":\"Kontakter -\",\"isPartOf\":{\"@id\":\"https:\\\/\\\/suresms.com\\\/en\\\/#website\"},\"primaryImageOfPage\":{\"@id\":\"https:\\\/\\\/suresms.com\\\/dk\\\/docs\\\/addressbook\\\/contacts\\\/#primaryimage\"},\"image\":{\"@id\":\"https:\\\/\\\/suresms.com\\\/dk\\\/docs\\\/addressbook\\\/contacts\\\/#primaryimage\"},\"thumbnailUrl\":\"https:\\\/\\\/suresms.com\\\/wp-content\\\/uploads\\\/2024\\\/08\\\/Skaermbillede-2024-08-26-133800-1.png\",\"datePublished\":\"2024-08-26T11:27:40+00:00\",\"dateModified\":\"2025-01-15T14:18:17+00:00\",\"breadcrumb\":{\"@id\":\"https:\\\/\\\/suresms.com\\\/dk\\\/docs\\\/addressbook\\\/contacts\\\/#breadcrumb\"},\"inLanguage\":\"da-DK\",\"potentialAction\":[{\"@type\":\"ReadAction\",\"target\":[\"https:\\\/\\\/suresms.com\\\/dk\\\/docs\\\/addressbook\\\/contacts\\\/\"]}]},{\"@type\":\"ImageObject\",\"inLanguage\":\"da-DK\",\"@id\":\"https:\\\/\\\/suresms.com\\\/dk\\\/docs\\\/addressbook\\\/contacts\\\/#primaryimage\",\"url\":\"https:\\\/\\\/suresms.com\\\/wp-content\\\/uploads\\\/2024\\\/08\\\/Skaermbillede-2024-08-26-133800-1.png\",\"contentUrl\":\"https:\\\/\\\/suresms.com\\\/wp-content\\\/uploads\\\/2024\\\/08\\\/Skaermbillede-2024-08-26-133800-1.png\"},{\"@type\":\"BreadcrumbList\",\"@id\":\"https:\\\/\\\/suresms.com\\\/dk\\\/docs\\\/addressbook\\\/contacts\\\/#breadcrumb\",\"itemListElement\":[{\"@type\":\"ListItem\",\"position\":1,\"name\":\"Home\",\"item\":\"https:\\\/\\\/suresms.com\\\/dk\\\/\"},{\"@type\":\"ListItem\",\"position\":2,\"name\":\"Dokumentation\",\"item\":\"https:\\\/\\\/suresms.com\\\/dk\\\/docs\\\/\"},{\"@type\":\"ListItem\",\"position\":3,\"name\":\"Adressebog\",\"item\":\"https:\\\/\\\/suresms.com\\\/dk\\\/docs\\\/addressbook\\\/\"},{\"@type\":\"ListItem\",\"position\":4,\"name\":\"Kontakter\"}]},{\"@type\":\"WebSite\",\"@id\":\"https:\\\/\\\/suresms.com\\\/en\\\/#website\",\"url\":\"https:\\\/\\\/suresms.com\\\/en\\\/\",\"name\":\"SureSMS\",\"description\":\"Professionel SMS Gateway\",\"publisher\":{\"@id\":\"https:\\\/\\\/suresms.com\\\/en\\\/#organization\"},\"potentialAction\":[{\"@type\":\"SearchAction\",\"target\":{\"@type\":\"EntryPoint\",\"urlTemplate\":\"https:\\\/\\\/suresms.com\\\/en\\\/?s={search_term_string}\"},\"query-input\":{\"@type\":\"PropertyValueSpecification\",\"valueRequired\":true,\"valueName\":\"search_term_string\"}}],\"inLanguage\":\"da-DK\"},{\"@type\":\"Organization\",\"@id\":\"https:\\\/\\\/suresms.com\\\/en\\\/#organization\",\"name\":\"SureSMS\",\"url\":\"https:\\\/\\\/suresms.com\\\/en\\\/\",\"logo\":{\"@type\":\"ImageObject\",\"inLanguage\":\"da-DK\",\"@id\":\"https:\\\/\\\/suresms.com\\\/en\\\/#\\\/schema\\\/logo\\\/image\\\/\",\"url\":\"https:\\\/\\\/suresms.com\\\/wp-content\\\/uploads\\\/2024\\\/11\\\/suresms-300x65-1.png\",\"contentUrl\":\"https:\\\/\\\/suresms.com\\\/wp-content\\\/uploads\\\/2024\\\/11\\\/suresms-300x65-1.png\",\"width\":300,\"height\":65,\"caption\":\"SureSMS\"},\"image\":{\"@id\":\"https:\\\/\\\/suresms.com\\\/en\\\/#\\\/schema\\\/logo\\\/image\\\/\"},\"sameAs\":[\"https:\\\/\\\/www.facebook.com\\\/p\\\/SureSMS-100044607956149\\\/\"]}]}<\/script>\r\n<!-- \/ Yoast SEO Premium plugin. -->","yoast_head_json":{"title":"Kontakter -","robots":{"index":"index","follow":"follow","max-snippet":"max-snippet:-1","max-image-preview":"max-image-preview:large","max-video-preview":"max-video-preview:-1"},"canonical":"https:\/\/suresms.com\/dk\/docs\/addressbook\/contacts\/","og_locale":"da_DK","og_type":"article","og_title":"Kontakter","og_description":"Kontakter Her kan du l\u00e6se om adressebogen i SureSMS. Adressebogen best\u00e5r af Kontakter og Grupper. Du kan l\u00e6se om Grupper her. Herunder kan du l\u00e6se hvordan du opretter, retter og sletter en kontakt i din adressebog. Liste over kontakter Lad os starte med at se p\u00e5 det sk\u00e6rmbillede hvor man ser listen af kontakter. Sk\u00e6rmbilledet ... L\u00e6s mere","og_url":"https:\/\/suresms.com\/dk\/docs\/addressbook\/contacts\/","article_publisher":"https:\/\/www.facebook.com\/p\/SureSMS-100044607956149\/","article_modified_time":"2025-01-15T14:18:17+00:00","og_image":[{"url":"https:\/\/suresms.com\/wp-content\/uploads\/2024\/08\/Skaermbillede-2024-08-26-133800-1.png","type":"","width":"","height":""}],"twitter_card":"summary_large_image","twitter_misc":{"Estimeret l\u00e6setid":"3 minutter"},"schema":{"@context":"https:\/\/schema.org","@graph":[{"@type":"WebPage","@id":"https:\/\/suresms.com\/dk\/docs\/addressbook\/contacts\/","url":"https:\/\/suresms.com\/dk\/docs\/addressbook\/contacts\/","name":"Kontakter -","isPartOf":{"@id":"https:\/\/suresms.com\/en\/#website"},"primaryImageOfPage":{"@id":"https:\/\/suresms.com\/dk\/docs\/addressbook\/contacts\/#primaryimage"},"image":{"@id":"https:\/\/suresms.com\/dk\/docs\/addressbook\/contacts\/#primaryimage"},"thumbnailUrl":"https:\/\/suresms.com\/wp-content\/uploads\/2024\/08\/Skaermbillede-2024-08-26-133800-1.png","datePublished":"2024-08-26T11:27:40+00:00","dateModified":"2025-01-15T14:18:17+00:00","breadcrumb":{"@id":"https:\/\/suresms.com\/dk\/docs\/addressbook\/contacts\/#breadcrumb"},"inLanguage":"da-DK","potentialAction":[{"@type":"ReadAction","target":["https:\/\/suresms.com\/dk\/docs\/addressbook\/contacts\/"]}]},{"@type":"ImageObject","inLanguage":"da-DK","@id":"https:\/\/suresms.com\/dk\/docs\/addressbook\/contacts\/#primaryimage","url":"https:\/\/suresms.com\/wp-content\/uploads\/2024\/08\/Skaermbillede-2024-08-26-133800-1.png","contentUrl":"https:\/\/suresms.com\/wp-content\/uploads\/2024\/08\/Skaermbillede-2024-08-26-133800-1.png"},{"@type":"BreadcrumbList","@id":"https:\/\/suresms.com\/dk\/docs\/addressbook\/contacts\/#breadcrumb","itemListElement":[{"@type":"ListItem","position":1,"name":"Home","item":"https:\/\/suresms.com\/dk\/"},{"@type":"ListItem","position":2,"name":"Dokumentation","item":"https:\/\/suresms.com\/dk\/docs\/"},{"@type":"ListItem","position":3,"name":"Adressebog","item":"https:\/\/suresms.com\/dk\/docs\/addressbook\/"},{"@type":"ListItem","position":4,"name":"Kontakter"}]},{"@type":"WebSite","@id":"https:\/\/suresms.com\/en\/#website","url":"https:\/\/suresms.com\/en\/","name":"SureSMS","description":"Professionel SMS Gateway","publisher":{"@id":"https:\/\/suresms.com\/en\/#organization"},"potentialAction":[{"@type":"SearchAction","target":{"@type":"EntryPoint","urlTemplate":"https:\/\/suresms.com\/en\/?s={search_term_string}"},"query-input":{"@type":"PropertyValueSpecification","valueRequired":true,"valueName":"search_term_string"}}],"inLanguage":"da-DK"},{"@type":"Organization","@id":"https:\/\/suresms.com\/en\/#organization","name":"SureSMS","url":"https:\/\/suresms.com\/en\/","logo":{"@type":"ImageObject","inLanguage":"da-DK","@id":"https:\/\/suresms.com\/en\/#\/schema\/logo\/image\/","url":"https:\/\/suresms.com\/wp-content\/uploads\/2024\/11\/suresms-300x65-1.png","contentUrl":"https:\/\/suresms.com\/wp-content\/uploads\/2024\/11\/suresms-300x65-1.png","width":300,"height":65,"caption":"SureSMS"},"image":{"@id":"https:\/\/suresms.com\/en\/#\/schema\/logo\/image\/"},"sameAs":["https:\/\/www.facebook.com\/p\/SureSMS-100044607956149\/"]}]}},"_links":{"self":[{"href":"https:\/\/suresms.com\/dk\/wp-json\/wp\/v2\/pages\/18292","targetHints":{"allow":["GET"]}}],"collection":[{"href":"https:\/\/suresms.com\/dk\/wp-json\/wp\/v2\/pages"}],"about":[{"href":"https:\/\/suresms.com\/dk\/wp-json\/wp\/v2\/types\/page"}],"author":[{"embeddable":true,"href":"https:\/\/suresms.com\/dk\/wp-json\/wp\/v2\/users\/1"}],"replies":[{"embeddable":true,"href":"https:\/\/suresms.com\/dk\/wp-json\/wp\/v2\/comments?post=18292"}],"version-history":[{"count":8,"href":"https:\/\/suresms.com\/dk\/wp-json\/wp\/v2\/pages\/18292\/revisions"}],"predecessor-version":[{"id":21535,"href":"https:\/\/suresms.com\/dk\/wp-json\/wp\/v2\/pages\/18292\/revisions\/21535"}],"up":[{"embeddable":true,"href":"https:\/\/suresms.com\/dk\/wp-json\/wp\/v2\/pages\/18172"}],"wp:attachment":[{"href":"https:\/\/suresms.com\/dk\/wp-json\/wp\/v2\/media?parent=18292"}],"wp:term":[{"taxonomy":"category","embeddable":true,"href":"https:\/\/suresms.com\/dk\/wp-json\/wp\/v2\/categories?post=18292"},{"taxonomy":"post_tag","embeddable":true,"href":"https:\/\/suresms.com\/dk\/wp-json\/wp\/v2\/tags?post=18292"}],"curies":[{"name":"wp","href":"https:\/\/api.w.org\/{rel}","templated":true}]}}