{"id":18290,"date":"2024-08-26T13:26:01","date_gmt":"2024-08-26T11:26:01","guid":{"rendered":"https:\/\/www.suresms.com\/dk\/?page_id=18290"},"modified":"2025-07-05T04:12:22","modified_gmt":"2025-07-05T04:12:22","slug":"groups-and-lists","status":"publish","type":"page","link":"https:\/\/suresms.com\/dk\/docs\/addressbook\/groups-and-lists\/","title":{"rendered":"Grupper og Lister"},"content":{"rendered":"\n\n\t\t\t\t<!-- Flexy Breadcrumb -->\r\n\t\t\t<div class=\"fbc fbc-page\">\r\n\r\n\t\t\t\t<!-- Breadcrumb wrapper -->\r\n\t\t\t\t<div class=\"fbc-wrap\">\r\n\r\n\t\t\t\t\t<!-- Ordered list-->\r\n\t\t\t\t\t<ol class=\"fbc-items\" itemscope itemtype=\"https:\/\/schema.org\/BreadcrumbList\">\r\n\t\t\t\t\t\t            <li itemprop=\"itemListElement\" itemscope itemtype=\"https:\/\/schema.org\/ListItem\">\r\n                <span itemprop=\"name\">\r\n                    <!-- Home Link -->\r\n                    <a itemprop=\"item\" href=\"https:\/\/suresms.com\">\r\n                    \r\n                                                    <i class=\"fa fa-home\" aria-hidden=\"true\"><\/i>Home                    <\/a>\r\n                <\/span>\r\n                <meta itemprop=\"position\" content=\"1\" \/><!-- Meta Position-->\r\n             <\/li><li><span class=\"fbc-separator\">\/<\/span><\/li><li class=\"active\" itemprop=\"itemListElement\" itemscope itemtype=\"https:\/\/schema.org\/ListItem\"><span itemprop=\"name\" title=\"Grupper og Lister\">Grupper og Lister<\/span><meta itemprop=\"position\" content=\"2\" \/><\/li>\t\t\t\t\t<\/ol>\r\n\t\t\t\t\t<div class=\"clearfix\"><\/div>\r\n\t\t\t\t<\/div>\r\n\t\t\t<\/div>\r\n\t\t\t\n<h1>\n\t\t\tGrupper og Lister\t<\/h1>\n\t<p>Herunder kan du l\u00e6se om sk\u00e6rmbilledet\u00a0<em>Grupper<\/em>. Hvert felt er forklaret og uddybende link er tilg\u00e6ngelige for nogle beskrivelser.<\/p>\n<h2>\n\t\t\tOpret ny gruppe\t<\/h2>\n\t<p>Lad os starte med at se p\u00e5 hvordan man opretter en gruppe.<\/p>\n\t<p>Log ind p\u00e5 din SureSMS konto her : <a href=\"https:\/\/app.suresms.com\" target=\"_blank\" rel=\"noopener\">https:\/\/app.suresms.com<\/a><\/p>\n<p>I menuen v\u00e6lger du <em>Adressebog -&gt; Grupper<\/em><\/p>\n<p>I \u00f8verste h\u00f8jre hj\u00f8rne klikker du p\u00e5 <em>&#8220;Valg&#8221;<\/em><\/p>\n<p>V\u00e6lg <em>Opret ny <\/em>\u00a0i undermenuen<\/p>\n<p>Indtast som minimum navnet p\u00e5 gruppen. Herunder kan du se sk\u00e6rmbilledet med forklaringer p\u00e5 hvert felt.<\/p>\n<p>Slut af med at klikke p\u00e5 <em>Gem<\/em><\/p>\n\t\t\t\t\t<video src=\"https:\/\/suresms.com\/wp-content\/uploads\/2024\/07\/Dokumentation-Bestille-afsendernavn.mp4\" alt=\"hosted-video-thumbnail\"><\/video>\n\t\t<h2>\n\t\t\tGruppens felter\t<\/h2>\n\t\t\t\t<img decoding=\"async\" src=\"https:\/\/suresms.com\/wp-content\/uploads\/2025\/01\/Adressebog-Grupper-01.png\" alt=\"Adressebog - Grupper - 01\" itemprop=\"image\" title=\"Adressebog - Grupper - 01\" onerror=\"this.style.display='none'\" loading='lazy' \/>\n\t\t\t\t\t\t\t\t\t\t<h4 tabindex=\"0\">Gruppe navn<\/h4>\n\t\t\t\t\t<p>Det er selve gruppens navn. Der er rimelige frit valg her. Gruppen m\u00e5 dog ikke starte med et tal. Det er heller ikke tilladt at bruge parenteser.\u00a0<\/p>\n\t\t\t\t\t\t\t\t\t\t<h4 tabindex=\"0\">URL til special CSS<\/h4>\n\t\t\t\t\t<p>Hvis den offentligt tilg\u00e6ngelige tilmeldingformularen skal bruge stylesheet fra din egen side, kan du s\u00e6tte URL&#8217;en ind her. Det vil sige, denne URL vil typisk pege p\u00e5 en CSS fil p\u00e5 dit eget site.\u00a0<\/p>\n\t\t\t\t\t\t\t\t\t\t<h4 tabindex=\"0\">Beskrivelse<\/h4>\n\t\t\t\t\t<p>Her kan du lave en beskrivelse af gruppen. Hvis du selv har en d\u00e5rlig hukommelse, eller I er flere der bruger grupper samtidig. Beskrivelsen kan ogs\u00e5 fremg\u00e5 af tilmeldingsformularen hvis du \u00f8nsker det.\u00a0<\/p>\n\t\t\t\t\t\t\t\t\t\t<h4 tabindex=\"0\">URL til baggrundsbillede<\/h4>\n\t\t\t\t\t<p>Hvis du \u00f8nsker et billede som baggrund p\u00e5 tilmeldingsformularen s\u00e6tter du det her.\u00a0<\/p>\n\t\t\t\t\t\t\t\t\t\t<h4 tabindex=\"0\">Brug altid afsender navn<\/h4>\n\t\t\t\t\t<p>Denne indstilling afg\u00f8r hvilket afsendernavn der skal bruges, n\u00e5r der sendes til gruppen. Du kan v\u00e6lge i listen. Du kan ogs\u00e5 v\u00e6lge at s\u00e6tte den til ikke sat.\u00a0<\/p>\n\t\t\t\t\t\t\t\t\t\t<h4 tabindex=\"0\">Deaktiver indg\u00e5ende SMS til gruppen<\/h4>\n\t\t\t\t\t<p>Man kan sende en SMS til SureSMS som s\u00e5 bliver sendt videre til gruppen. Dette flueben sl\u00e5r denne funktion fra.\u00a0<\/p>\n\t\t\t\t\t\t\t\t\t\t<h4 tabindex=\"0\">Dobbelt opt-in<\/h4>\n\t\t\t\t\t<p>Hvis en bruger tilmelder sig listen via hjemmesiden, s\u00e5 er vi ikke sikre p\u00e5 at de har tastet deres eget nummer, eller at de blot har tastet korrekt. Med dobbelt-opt-in sender vi en SMS til nummeret som der skal svares p\u00e5, inden tilmeldingen er aktiv.\u00a0<\/p>\n<h2>\n\t\t\tTilf\u00f8j nye medlemmer til en gruppe\t<\/h2>\n\t<p>Du kan altid tilf\u00f8je nye medlemmer til en eksisterende gruppe. Du skal oprette den nye kontakt, inden du kan tilf\u00f8je kontakten til en eksisterende gruppe. <a href=\"https:\/\/suresms.com\/dk\/docs\/addressbook\/contacts\/#___Opret_ret_eller_slet_kontakt__\">Her kan du se hvordan du opretter en ny kontakt.\u00a0<\/a><\/p>\n\t<p>I menuen v\u00e6lger du Adressebog <em>-&gt; Grupper\u00a0<\/em><\/p>\n<p>Ud for den Gruppe du vil tilf\u00f8je et medlem til, klikker du p\u00e5 den bl\u00e5 blyanten for at rette i gruppen.<\/p>\n<p>I h\u00f8jre side af sk\u00e6rmen ser du en liste af to lister: Kontakter og Medlemmer. Kontakter er alle dine kontakter, mens medlemmer er listen over kontakter der er medlem af denne gruppe.<\/p>\n<p>S\u00e6t flueben udfor de konakter i venstre side, som du \u00f8nsker skal v\u00e6re med i gruppen.<\/p>\n<p>Klik p\u00e5 den gr\u00f8nne pil.<\/p>\n<p>Klik p\u00e5 Gem<\/p>\n<p>Nu er de nye kontakter blevet medlem af gruppen.<\/p>\n<h2>\n\t\t\tFjern kontakt fra en gruppe\t<\/h2>\n\t<p>Det er muligt at fjerne en kontakt fra en gruppe. Det kan enten g\u00f8res ved helt at slette kontakten (<a href=\"https:\/\/suresms.com\/dk\/docs\/addressbook\/contacts\/#___Opret_ret_eller_slet_kontakt__\">l\u00e6s mere her<\/a>) eller du kan melde kontakten ud af gruppen. Se hvordan herunder:<\/p>\n\t<p>I menuen v\u00e6lger du Adressebog -&gt; Grupper<\/p>\n<p>Ud for den Gruppe du vil tilf\u00f8je et medlem til, klikker du p\u00e5 den bl\u00e5 blyanten for at rette i gruppen.<\/p>\n<p>I h\u00f8jre side af sk\u00e6rmen ser du en liste af to lister: Kontakter og Medlemmer. Kontakter er alle dine kontakter, mens medlemmer er listen over kontakter der er medlem af denne gruppe.<\/p>\n<p>Find kontakten du gerne vil fjerne i den h\u00f8jre liste. S\u00e6t flueben ud for denne kontakt.<\/p>\n<p>Klik p\u00e5 den r\u00f8de pil.<\/p>\n<p>Klik p\u00e5 Gem<\/p>\n<p>Nu er kontakten fjernet fra gruppen, men ikke fjernet fra adressebogen.<\/p>\n\n","protected":false},"excerpt":{"rendered":"<p>Grupper og Lister Herunder kan du l\u00e6se om sk\u00e6rmbilledet\u00a0Grupper. Hvert felt er forklaret og uddybende link er tilg\u00e6ngelige for nogle beskrivelser. Opret ny gruppe Lad os starte med at se p\u00e5 hvordan man opretter en gruppe. Log ind p\u00e5 din SureSMS konto her : https:\/\/app.suresms.com I menuen v\u00e6lger du Adressebog -&gt; Grupper I \u00f8verste h\u00f8jre &#8230; <a title=\"Grupper og Lister\" class=\"read-more\" href=\"https:\/\/suresms.com\/dk\/docs\/addressbook\/groups-and-lists\/\" aria-label=\"Read more about Grupper og Lister\">L\u00e6s mere <\/a><\/p>\n","protected":false},"author":1,"featured_media":0,"parent":18172,"menu_order":0,"comment_status":"closed","ping_status":"closed","template":"","meta":{"_fl_builder_enabled":"1","_fl_builder_data":null,"_fl_builder_draft":null,"_fl_builder_data_settings":null,"_fl_builder_css":"","_fl_builder_css_version":"","_fl_builder_js":"","footnotes":""},"categories":[],"tags":[],"class_list":["post-18290","page","type-page","status-publish"],"yoast_head":"<!-- This site is optimized with the Yoast SEO Premium plugin v27.3 (Yoast SEO v27.3) - https:\/\/yoast.com\/product\/yoast-seo-premium-wordpress\/ -->\r\n<title>Grupper og Lister -<\/title>\r\n<meta name=\"robots\" content=\"index, follow, max-snippet:-1, max-image-preview:large, max-video-preview:-1\" \/>\r\n<link rel=\"canonical\" href=\"https:\/\/suresms.com\/dk\/docs\/addressbook\/groups-and-lists\/\" \/>\r\n<meta property=\"og:locale\" content=\"da_DK\" \/>\r\n<meta property=\"og:type\" content=\"article\" \/>\r\n<meta property=\"og:title\" content=\"Grupper og Lister\" \/>\r\n<meta property=\"og:description\" content=\"Grupper og Lister Herunder kan du l\u00e6se om sk\u00e6rmbilledet\u00a0Grupper. Hvert felt er forklaret og uddybende link er tilg\u00e6ngelige for nogle beskrivelser. Opret ny gruppe Lad os starte med at se p\u00e5 hvordan man opretter en gruppe. Log ind p\u00e5 din SureSMS konto her : https:\/\/app.suresms.com I menuen v\u00e6lger du Adressebog -&gt; Grupper I \u00f8verste h\u00f8jre ... L\u00e6s mere\" \/>\r\n<meta property=\"og:url\" content=\"https:\/\/suresms.com\/dk\/docs\/addressbook\/groups-and-lists\/\" \/>\r\n<meta property=\"article:publisher\" content=\"https:\/\/www.facebook.com\/p\/SureSMS-100044607956149\/\" \/>\r\n<meta property=\"article:modified_time\" content=\"2025-07-05T04:12:22+00:00\" \/>\r\n<meta property=\"og:image\" content=\"https:\/\/suresms.com\/wp-content\/uploads\/2025\/01\/Adressebog-Grupper-01.png\" \/>\r\n<meta name=\"twitter:card\" content=\"summary_large_image\" \/>\r\n<meta name=\"twitter:label1\" content=\"Estimeret l\u00e6setid\" \/>\n\t<meta name=\"twitter:data1\" content=\"3 minutter\" \/>\r\n<script type=\"application\/ld+json\" class=\"yoast-schema-graph\">{\"@context\":\"https:\\\/\\\/schema.org\",\"@graph\":[{\"@type\":\"WebPage\",\"@id\":\"https:\\\/\\\/suresms.com\\\/dk\\\/docs\\\/addressbook\\\/groups-and-lists\\\/\",\"url\":\"https:\\\/\\\/suresms.com\\\/dk\\\/docs\\\/addressbook\\\/groups-and-lists\\\/\",\"name\":\"Grupper og Lister -\",\"isPartOf\":{\"@id\":\"https:\\\/\\\/suresms.com\\\/en\\\/#website\"},\"primaryImageOfPage\":{\"@id\":\"https:\\\/\\\/suresms.com\\\/dk\\\/docs\\\/addressbook\\\/groups-and-lists\\\/#primaryimage\"},\"image\":{\"@id\":\"https:\\\/\\\/suresms.com\\\/dk\\\/docs\\\/addressbook\\\/groups-and-lists\\\/#primaryimage\"},\"thumbnailUrl\":\"https:\\\/\\\/suresms.com\\\/wp-content\\\/uploads\\\/2025\\\/01\\\/Adressebog-Grupper-01.png\",\"datePublished\":\"2024-08-26T11:26:01+00:00\",\"dateModified\":\"2025-07-05T04:12:22+00:00\",\"breadcrumb\":{\"@id\":\"https:\\\/\\\/suresms.com\\\/dk\\\/docs\\\/addressbook\\\/groups-and-lists\\\/#breadcrumb\"},\"inLanguage\":\"da-DK\",\"potentialAction\":[{\"@type\":\"ReadAction\",\"target\":[\"https:\\\/\\\/suresms.com\\\/dk\\\/docs\\\/addressbook\\\/groups-and-lists\\\/\"]}]},{\"@type\":\"ImageObject\",\"inLanguage\":\"da-DK\",\"@id\":\"https:\\\/\\\/suresms.com\\\/dk\\\/docs\\\/addressbook\\\/groups-and-lists\\\/#primaryimage\",\"url\":\"https:\\\/\\\/suresms.com\\\/wp-content\\\/uploads\\\/2025\\\/01\\\/Adressebog-Grupper-01.png\",\"contentUrl\":\"https:\\\/\\\/suresms.com\\\/wp-content\\\/uploads\\\/2025\\\/01\\\/Adressebog-Grupper-01.png\"},{\"@type\":\"BreadcrumbList\",\"@id\":\"https:\\\/\\\/suresms.com\\\/dk\\\/docs\\\/addressbook\\\/groups-and-lists\\\/#breadcrumb\",\"itemListElement\":[{\"@type\":\"ListItem\",\"position\":1,\"name\":\"Home\",\"item\":\"https:\\\/\\\/suresms.com\\\/dk\\\/\"},{\"@type\":\"ListItem\",\"position\":2,\"name\":\"Dokumentation\",\"item\":\"https:\\\/\\\/suresms.com\\\/dk\\\/docs\\\/\"},{\"@type\":\"ListItem\",\"position\":3,\"name\":\"Adressebog\",\"item\":\"https:\\\/\\\/suresms.com\\\/dk\\\/docs\\\/addressbook\\\/\"},{\"@type\":\"ListItem\",\"position\":4,\"name\":\"Grupper og Lister\"}]},{\"@type\":\"WebSite\",\"@id\":\"https:\\\/\\\/suresms.com\\\/en\\\/#website\",\"url\":\"https:\\\/\\\/suresms.com\\\/en\\\/\",\"name\":\"SureSMS\",\"description\":\"Professionel SMS Gateway\",\"publisher\":{\"@id\":\"https:\\\/\\\/suresms.com\\\/en\\\/#organization\"},\"potentialAction\":[{\"@type\":\"SearchAction\",\"target\":{\"@type\":\"EntryPoint\",\"urlTemplate\":\"https:\\\/\\\/suresms.com\\\/en\\\/?s={search_term_string}\"},\"query-input\":{\"@type\":\"PropertyValueSpecification\",\"valueRequired\":true,\"valueName\":\"search_term_string\"}}],\"inLanguage\":\"da-DK\"},{\"@type\":\"Organization\",\"@id\":\"https:\\\/\\\/suresms.com\\\/en\\\/#organization\",\"name\":\"SureSMS\",\"url\":\"https:\\\/\\\/suresms.com\\\/en\\\/\",\"logo\":{\"@type\":\"ImageObject\",\"inLanguage\":\"da-DK\",\"@id\":\"https:\\\/\\\/suresms.com\\\/en\\\/#\\\/schema\\\/logo\\\/image\\\/\",\"url\":\"https:\\\/\\\/suresms.com\\\/wp-content\\\/uploads\\\/2024\\\/11\\\/suresms-300x65-1.png\",\"contentUrl\":\"https:\\\/\\\/suresms.com\\\/wp-content\\\/uploads\\\/2024\\\/11\\\/suresms-300x65-1.png\",\"width\":300,\"height\":65,\"caption\":\"SureSMS\"},\"image\":{\"@id\":\"https:\\\/\\\/suresms.com\\\/en\\\/#\\\/schema\\\/logo\\\/image\\\/\"},\"sameAs\":[\"https:\\\/\\\/www.facebook.com\\\/p\\\/SureSMS-100044607956149\\\/\"]}]}<\/script>\r\n<!-- \/ Yoast SEO Premium plugin. -->","yoast_head_json":{"title":"Grupper og Lister -","robots":{"index":"index","follow":"follow","max-snippet":"max-snippet:-1","max-image-preview":"max-image-preview:large","max-video-preview":"max-video-preview:-1"},"canonical":"https:\/\/suresms.com\/dk\/docs\/addressbook\/groups-and-lists\/","og_locale":"da_DK","og_type":"article","og_title":"Grupper og Lister","og_description":"Grupper og Lister Herunder kan du l\u00e6se om sk\u00e6rmbilledet\u00a0Grupper. Hvert felt er forklaret og uddybende link er tilg\u00e6ngelige for nogle beskrivelser. Opret ny gruppe Lad os starte med at se p\u00e5 hvordan man opretter en gruppe. Log ind p\u00e5 din SureSMS konto her : https:\/\/app.suresms.com I menuen v\u00e6lger du Adressebog -&gt; Grupper I \u00f8verste h\u00f8jre ... L\u00e6s mere","og_url":"https:\/\/suresms.com\/dk\/docs\/addressbook\/groups-and-lists\/","article_publisher":"https:\/\/www.facebook.com\/p\/SureSMS-100044607956149\/","article_modified_time":"2025-07-05T04:12:22+00:00","og_image":[{"url":"https:\/\/suresms.com\/wp-content\/uploads\/2025\/01\/Adressebog-Grupper-01.png","type":"","width":"","height":""}],"twitter_card":"summary_large_image","twitter_misc":{"Estimeret l\u00e6setid":"3 minutter"},"schema":{"@context":"https:\/\/schema.org","@graph":[{"@type":"WebPage","@id":"https:\/\/suresms.com\/dk\/docs\/addressbook\/groups-and-lists\/","url":"https:\/\/suresms.com\/dk\/docs\/addressbook\/groups-and-lists\/","name":"Grupper og Lister -","isPartOf":{"@id":"https:\/\/suresms.com\/en\/#website"},"primaryImageOfPage":{"@id":"https:\/\/suresms.com\/dk\/docs\/addressbook\/groups-and-lists\/#primaryimage"},"image":{"@id":"https:\/\/suresms.com\/dk\/docs\/addressbook\/groups-and-lists\/#primaryimage"},"thumbnailUrl":"https:\/\/suresms.com\/wp-content\/uploads\/2025\/01\/Adressebog-Grupper-01.png","datePublished":"2024-08-26T11:26:01+00:00","dateModified":"2025-07-05T04:12:22+00:00","breadcrumb":{"@id":"https:\/\/suresms.com\/dk\/docs\/addressbook\/groups-and-lists\/#breadcrumb"},"inLanguage":"da-DK","potentialAction":[{"@type":"ReadAction","target":["https:\/\/suresms.com\/dk\/docs\/addressbook\/groups-and-lists\/"]}]},{"@type":"ImageObject","inLanguage":"da-DK","@id":"https:\/\/suresms.com\/dk\/docs\/addressbook\/groups-and-lists\/#primaryimage","url":"https:\/\/suresms.com\/wp-content\/uploads\/2025\/01\/Adressebog-Grupper-01.png","contentUrl":"https:\/\/suresms.com\/wp-content\/uploads\/2025\/01\/Adressebog-Grupper-01.png"},{"@type":"BreadcrumbList","@id":"https:\/\/suresms.com\/dk\/docs\/addressbook\/groups-and-lists\/#breadcrumb","itemListElement":[{"@type":"ListItem","position":1,"name":"Home","item":"https:\/\/suresms.com\/dk\/"},{"@type":"ListItem","position":2,"name":"Dokumentation","item":"https:\/\/suresms.com\/dk\/docs\/"},{"@type":"ListItem","position":3,"name":"Adressebog","item":"https:\/\/suresms.com\/dk\/docs\/addressbook\/"},{"@type":"ListItem","position":4,"name":"Grupper og Lister"}]},{"@type":"WebSite","@id":"https:\/\/suresms.com\/en\/#website","url":"https:\/\/suresms.com\/en\/","name":"SureSMS","description":"Professionel SMS Gateway","publisher":{"@id":"https:\/\/suresms.com\/en\/#organization"},"potentialAction":[{"@type":"SearchAction","target":{"@type":"EntryPoint","urlTemplate":"https:\/\/suresms.com\/en\/?s={search_term_string}"},"query-input":{"@type":"PropertyValueSpecification","valueRequired":true,"valueName":"search_term_string"}}],"inLanguage":"da-DK"},{"@type":"Organization","@id":"https:\/\/suresms.com\/en\/#organization","name":"SureSMS","url":"https:\/\/suresms.com\/en\/","logo":{"@type":"ImageObject","inLanguage":"da-DK","@id":"https:\/\/suresms.com\/en\/#\/schema\/logo\/image\/","url":"https:\/\/suresms.com\/wp-content\/uploads\/2024\/11\/suresms-300x65-1.png","contentUrl":"https:\/\/suresms.com\/wp-content\/uploads\/2024\/11\/suresms-300x65-1.png","width":300,"height":65,"caption":"SureSMS"},"image":{"@id":"https:\/\/suresms.com\/en\/#\/schema\/logo\/image\/"},"sameAs":["https:\/\/www.facebook.com\/p\/SureSMS-100044607956149\/"]}]}},"_links":{"self":[{"href":"https:\/\/suresms.com\/dk\/wp-json\/wp\/v2\/pages\/18290","targetHints":{"allow":["GET"]}}],"collection":[{"href":"https:\/\/suresms.com\/dk\/wp-json\/wp\/v2\/pages"}],"about":[{"href":"https:\/\/suresms.com\/dk\/wp-json\/wp\/v2\/types\/page"}],"author":[{"embeddable":true,"href":"https:\/\/suresms.com\/dk\/wp-json\/wp\/v2\/users\/1"}],"replies":[{"embeddable":true,"href":"https:\/\/suresms.com\/dk\/wp-json\/wp\/v2\/comments?post=18290"}],"version-history":[{"count":4,"href":"https:\/\/suresms.com\/dk\/wp-json\/wp\/v2\/pages\/18290\/revisions"}],"predecessor-version":[{"id":23450,"href":"https:\/\/suresms.com\/dk\/wp-json\/wp\/v2\/pages\/18290\/revisions\/23450"}],"up":[{"embeddable":true,"href":"https:\/\/suresms.com\/dk\/wp-json\/wp\/v2\/pages\/18172"}],"wp:attachment":[{"href":"https:\/\/suresms.com\/dk\/wp-json\/wp\/v2\/media?parent=18290"}],"wp:term":[{"taxonomy":"category","embeddable":true,"href":"https:\/\/suresms.com\/dk\/wp-json\/wp\/v2\/categories?post=18290"},{"taxonomy":"post_tag","embeddable":true,"href":"https:\/\/suresms.com\/dk\/wp-json\/wp\/v2\/tags?post=18290"}],"curies":[{"name":"wp","href":"https:\/\/api.w.org\/{rel}","templated":true}]}}