{"id":18276,"date":"2024-08-22T14:01:36","date_gmt":"2024-08-22T12:01:36","guid":{"rendered":"https:\/\/www.suresms.com\/dk\/?page_id=18276"},"modified":"2025-02-19T16:29:11","modified_gmt":"2025-02-19T16:29:11","slug":"min-sms-bliver-ikke-modtaget-pa-telefonen","status":"publish","type":"page","link":"https:\/\/suresms.com\/dk\/docs\/troubleshooting\/min-sms-bliver-ikke-modtaget-pa-telefonen\/","title":{"rendered":"Min SMS bliver ikke modtaget p\u00e5 telefonen"},"content":{"rendered":"\n\n\t\t\t\t<!-- Flexy Breadcrumb -->\r\n\t\t\t<div class=\"fbc fbc-page\">\r\n\r\n\t\t\t\t<!-- Breadcrumb wrapper -->\r\n\t\t\t\t<div class=\"fbc-wrap\">\r\n\r\n\t\t\t\t\t<!-- Ordered list-->\r\n\t\t\t\t\t<ol class=\"fbc-items\" itemscope itemtype=\"https:\/\/schema.org\/BreadcrumbList\">\r\n\t\t\t\t\t\t            <li itemprop=\"itemListElement\" itemscope itemtype=\"https:\/\/schema.org\/ListItem\">\r\n                <span itemprop=\"name\">\r\n                    <!-- Home Link -->\r\n                    <a itemprop=\"item\" href=\"https:\/\/suresms.com\">\r\n                    \r\n                                                    <i class=\"fa fa-home\" aria-hidden=\"true\"><\/i>Home                    <\/a>\r\n                <\/span>\r\n                <meta itemprop=\"position\" content=\"1\" \/><!-- Meta Position-->\r\n             <\/li><li><span class=\"fbc-separator\">\/<\/span><\/li><li class=\"active\" itemprop=\"itemListElement\" itemscope itemtype=\"https:\/\/schema.org\/ListItem\"><span itemprop=\"name\" title=\"Min SMS bliver ikke modtaget p\u00e5 telefonen\">Min SMS bliver ikke...<\/span><meta itemprop=\"position\" content=\"2\" \/><\/li>\t\t\t\t\t<\/ol>\r\n\t\t\t\t\t<div class=\"clearfix\"><\/div>\r\n\t\t\t\t<\/div>\r\n\t\t\t<\/div>\r\n\t\t\t\n<h1>\n\t\tMin SMS st\u00e5r som leveret, men den vises ikke p\u00e5 modtagerens telefon.\n\t<\/h1>\n\t<p>Hvis du oplever at der i SureSMS oversigten st\u00e5r, at din SMS er leveret, men den ikke bliver vist p\u00e5 modtagerens telefon, s\u00e5 kan det v\u00e6re fordi at modtageren har blokeret for visning af dine beskeder.<\/p>\n<p>Dette sker typisk hvis du sender fra med et alphanumerisk afsender-navn.<\/p>\n<p>Med andre ord er det ikke SureSMS der er problemer med. Ej heller operat\u00f8rerne, men modtagerens telefon.<\/p>\n<h2>\n\t\tModtagerens telefon er en Android\n\t<\/h2>\n\t<p>For at f\u00e5 modtagerens telefon til at vise beskederne skal SPAM filtret sl\u00e5s fra p\u00e5 telefonen. Der er mange forskellige Android versioner, s\u00e5 det er ikke sikkert at nedenst\u00e5ende sk\u00e6rmbilleder stemmer helt overens med din telefon. Pr\u00f8v at se om ikke det kan hj\u00e6lpe.<\/p>\n\t<ol> \t\n<li>F\u00f8rst skal du \u00e5bne SMS beskeder p\u00e5 din telefon.<\/li>\n\n<li>Herefter skal du klikke p\u00e5 menuen i \u00f8verste h\u00f8jre hj\u00f8rne<\/li>\n\n<li>Herefter p\u00e5 Indstillinger eller Settings<\/li>\n\n<li>Hvis du har flere SIM kort i din telefon skal du v\u00e6lge det relevante kort<\/li>\n\n<li>Nu v\u00e6lger du SPAM protection<\/li>\n\n<li>Sl\u00e5 SPAM protection fra<\/li>\n<\/ol>\n\t\t\t\t<img loading=\"lazy\" decoding=\"async\" src=\"https:\/\/suresms.com\/wp-content\/uploads\/2024\/08\/Android-SMS-setting-1.jpg\" alt=\"Android settings\" itemprop=\"image\" height=\"496\" width=\"800\" title=\"Android SMS setting\" onerror=\"this.style.display='none'\"  \/>\n<h2>\n\t\tModtagerens telefon er en iPhone\n\t<\/h2>\n\t<p>iPhone er berygtet for at kvittere p\u00e5 netv\u00e6rket for en SMS, men ikke vise den til brugeren. Der findes en del forskellige \u00e5rsager til dette. Der findes indstillinger p\u00e5 iPhonen der kan blokere for visning. Af tekniske \u00e5rsager kan n\u00e6vnes, at hvis en besked har flere segmenter (over 160 tegn), s\u00e5 kan iPhone nogle gange v\u00e6lge ikke at vise beskeden, selvom den har modtaget begge segmenter. Test ved at sende en SMS til telefonen med en kort tekst. Kommer den igennem, er det forklaringen.<\/p>\n<p>Tjek at din iPhone ikke blokere for visning, ved at f\u00f8lge nedenst\u00e5ende trin.<\/p>\n\t<ol>\n<li>\n<ol>\n<li>F\u00f8rst skal du \u00e5bne Indstillinger p\u00e5 din telefon<\/li>\n<li>Herefter skal du finde &#8220;Messages&#8221; under Apps<\/li>\n<li>G\u00e5 ned i indstillingerne og klik p\u00e5 Blokerede kontakter<\/li>\n<li>Tjek at det afsender-navn du anvender fra SureSMS ikke st\u00e5r p\u00e5 listen.<\/li>\n<li>S\u00f8rg for at &#8220;Filtrer ukendte afsendere&#8221; ikke er sl\u00e5et til<\/li>\n<\/ol>\n<\/li>\n<\/ol>\n<p>&nbsp;<\/p>\n\t\t\t\t<img decoding=\"async\" src=\"https:\/\/suresms.com\/wp-content\/uploads\/2025\/02\/Screendump_phone_iphone_message_setting_01.jpg\" alt=\"Screendump_phone_iphone_message_setting_01\" itemprop=\"image\" title=\"Screendump_phone_iphone_message_setting_01\" onerror=\"this.style.display='none'\"  \/>\n\n","protected":false},"excerpt":{"rendered":"<p>Min SMS st\u00e5r som leveret, men den vises ikke p\u00e5 modtagerens telefon. Hvis du oplever at der i SureSMS oversigten st\u00e5r, at din SMS er leveret, men den ikke bliver vist p\u00e5 modtagerens telefon, s\u00e5 kan det v\u00e6re fordi at modtageren har blokeret for visning af dine beskeder. Dette sker typisk hvis du sender fra &#8230; <a title=\"Min SMS bliver ikke modtaget p\u00e5 telefonen\" class=\"read-more\" href=\"https:\/\/suresms.com\/dk\/docs\/troubleshooting\/min-sms-bliver-ikke-modtaget-pa-telefonen\/\" aria-label=\"Read more about Min SMS bliver ikke modtaget p\u00e5 telefonen\">L\u00e6s mere <\/a><\/p>\n","protected":false},"author":1,"featured_media":0,"parent":18273,"menu_order":0,"comment_status":"closed","ping_status":"closed","template":"","meta":{"_fl_builder_enabled":"1","_fl_builder_data":null,"_fl_builder_draft":null,"_fl_builder_data_settings":null,"_fl_builder_css":"","_fl_builder_css_version":"","_fl_builder_js":"","footnotes":""},"categories":[],"tags":[],"class_list":["post-18276","page","type-page","status-publish"],"yoast_head":"<!-- This site is optimized with the Yoast SEO Premium plugin v27.3 (Yoast SEO v27.3) - https:\/\/yoast.com\/product\/yoast-seo-premium-wordpress\/ -->\r\n<title>Min SMS bliver ikke modtaget p\u00e5 telefonen -<\/title>\r\n<meta name=\"robots\" content=\"index, follow, max-snippet:-1, max-image-preview:large, max-video-preview:-1\" \/>\r\n<link rel=\"canonical\" href=\"https:\/\/suresms.com\/dk\/docs\/troubleshooting\/min-sms-bliver-ikke-modtaget-pa-telefonen\/\" \/>\r\n<meta property=\"og:locale\" content=\"da_DK\" \/>\r\n<meta property=\"og:type\" content=\"article\" \/>\r\n<meta property=\"og:title\" content=\"Min SMS bliver ikke modtaget p\u00e5 telefonen\" \/>\r\n<meta property=\"og:description\" content=\"Min SMS st\u00e5r som leveret, men den vises ikke p\u00e5 modtagerens telefon. Hvis du oplever at der i SureSMS oversigten st\u00e5r, at din SMS er leveret, men den ikke bliver vist p\u00e5 modtagerens telefon, s\u00e5 kan det v\u00e6re fordi at modtageren har blokeret for visning af dine beskeder. Dette sker typisk hvis du sender fra ... L\u00e6s mere\" \/>\r\n<meta property=\"og:url\" content=\"https:\/\/suresms.com\/dk\/docs\/troubleshooting\/min-sms-bliver-ikke-modtaget-pa-telefonen\/\" \/>\r\n<meta property=\"article:publisher\" content=\"https:\/\/www.facebook.com\/p\/SureSMS-100044607956149\/\" \/>\r\n<meta property=\"article:modified_time\" content=\"2025-02-19T16:29:11+00:00\" \/>\r\n<meta property=\"og:image\" content=\"https:\/\/suresms.com\/wp-content\/uploads\/2024\/08\/Android-SMS-setting-1.jpg\" \/>\r\n<meta name=\"twitter:card\" content=\"summary_large_image\" \/>\r\n<meta name=\"twitter:label1\" content=\"Estimeret l\u00e6setid\" \/>\n\t<meta name=\"twitter:data1\" content=\"3 minutter\" \/>\r\n<script type=\"application\/ld+json\" class=\"yoast-schema-graph\">{\"@context\":\"https:\\\/\\\/schema.org\",\"@graph\":[{\"@type\":\"WebPage\",\"@id\":\"https:\\\/\\\/suresms.com\\\/dk\\\/docs\\\/troubleshooting\\\/min-sms-bliver-ikke-modtaget-pa-telefonen\\\/\",\"url\":\"https:\\\/\\\/suresms.com\\\/dk\\\/docs\\\/troubleshooting\\\/min-sms-bliver-ikke-modtaget-pa-telefonen\\\/\",\"name\":\"Min SMS bliver ikke modtaget p\u00e5 telefonen -\",\"isPartOf\":{\"@id\":\"https:\\\/\\\/suresms.com\\\/en\\\/#website\"},\"primaryImageOfPage\":{\"@id\":\"https:\\\/\\\/suresms.com\\\/dk\\\/docs\\\/troubleshooting\\\/min-sms-bliver-ikke-modtaget-pa-telefonen\\\/#primaryimage\"},\"image\":{\"@id\":\"https:\\\/\\\/suresms.com\\\/dk\\\/docs\\\/troubleshooting\\\/min-sms-bliver-ikke-modtaget-pa-telefonen\\\/#primaryimage\"},\"thumbnailUrl\":\"https:\\\/\\\/suresms.com\\\/wp-content\\\/uploads\\\/2024\\\/08\\\/Android-SMS-setting-1.jpg\",\"datePublished\":\"2024-08-22T12:01:36+00:00\",\"dateModified\":\"2025-02-19T16:29:11+00:00\",\"breadcrumb\":{\"@id\":\"https:\\\/\\\/suresms.com\\\/dk\\\/docs\\\/troubleshooting\\\/min-sms-bliver-ikke-modtaget-pa-telefonen\\\/#breadcrumb\"},\"inLanguage\":\"da-DK\",\"potentialAction\":[{\"@type\":\"ReadAction\",\"target\":[\"https:\\\/\\\/suresms.com\\\/dk\\\/docs\\\/troubleshooting\\\/min-sms-bliver-ikke-modtaget-pa-telefonen\\\/\"]}]},{\"@type\":\"ImageObject\",\"inLanguage\":\"da-DK\",\"@id\":\"https:\\\/\\\/suresms.com\\\/dk\\\/docs\\\/troubleshooting\\\/min-sms-bliver-ikke-modtaget-pa-telefonen\\\/#primaryimage\",\"url\":\"https:\\\/\\\/suresms.com\\\/wp-content\\\/uploads\\\/2024\\\/08\\\/Android-SMS-setting-1.jpg\",\"contentUrl\":\"https:\\\/\\\/suresms.com\\\/wp-content\\\/uploads\\\/2024\\\/08\\\/Android-SMS-setting-1.jpg\"},{\"@type\":\"BreadcrumbList\",\"@id\":\"https:\\\/\\\/suresms.com\\\/dk\\\/docs\\\/troubleshooting\\\/min-sms-bliver-ikke-modtaget-pa-telefonen\\\/#breadcrumb\",\"itemListElement\":[{\"@type\":\"ListItem\",\"position\":1,\"name\":\"Home\",\"item\":\"https:\\\/\\\/suresms.com\\\/dk\\\/\"},{\"@type\":\"ListItem\",\"position\":2,\"name\":\"Dokumentation\",\"item\":\"https:\\\/\\\/suresms.com\\\/dk\\\/docs\\\/\"},{\"@type\":\"ListItem\",\"position\":3,\"name\":\"Fejlfinding\",\"item\":\"https:\\\/\\\/suresms.com\\\/dk\\\/docs\\\/troubleshooting\\\/\"},{\"@type\":\"ListItem\",\"position\":4,\"name\":\"Min SMS bliver ikke modtaget p\u00e5 telefonen\"}]},{\"@type\":\"WebSite\",\"@id\":\"https:\\\/\\\/suresms.com\\\/en\\\/#website\",\"url\":\"https:\\\/\\\/suresms.com\\\/en\\\/\",\"name\":\"SureSMS\",\"description\":\"Professionel SMS Gateway\",\"publisher\":{\"@id\":\"https:\\\/\\\/suresms.com\\\/en\\\/#organization\"},\"potentialAction\":[{\"@type\":\"SearchAction\",\"target\":{\"@type\":\"EntryPoint\",\"urlTemplate\":\"https:\\\/\\\/suresms.com\\\/en\\\/?s={search_term_string}\"},\"query-input\":{\"@type\":\"PropertyValueSpecification\",\"valueRequired\":true,\"valueName\":\"search_term_string\"}}],\"inLanguage\":\"da-DK\"},{\"@type\":\"Organization\",\"@id\":\"https:\\\/\\\/suresms.com\\\/en\\\/#organization\",\"name\":\"SureSMS\",\"url\":\"https:\\\/\\\/suresms.com\\\/en\\\/\",\"logo\":{\"@type\":\"ImageObject\",\"inLanguage\":\"da-DK\",\"@id\":\"https:\\\/\\\/suresms.com\\\/en\\\/#\\\/schema\\\/logo\\\/image\\\/\",\"url\":\"https:\\\/\\\/suresms.com\\\/wp-content\\\/uploads\\\/2024\\\/11\\\/suresms-300x65-1.png\",\"contentUrl\":\"https:\\\/\\\/suresms.com\\\/wp-content\\\/uploads\\\/2024\\\/11\\\/suresms-300x65-1.png\",\"width\":300,\"height\":65,\"caption\":\"SureSMS\"},\"image\":{\"@id\":\"https:\\\/\\\/suresms.com\\\/en\\\/#\\\/schema\\\/logo\\\/image\\\/\"},\"sameAs\":[\"https:\\\/\\\/www.facebook.com\\\/p\\\/SureSMS-100044607956149\\\/\"]}]}<\/script>\r\n<!-- \/ Yoast SEO Premium plugin. -->","yoast_head_json":{"title":"Min SMS bliver ikke modtaget p\u00e5 telefonen -","robots":{"index":"index","follow":"follow","max-snippet":"max-snippet:-1","max-image-preview":"max-image-preview:large","max-video-preview":"max-video-preview:-1"},"canonical":"https:\/\/suresms.com\/dk\/docs\/troubleshooting\/min-sms-bliver-ikke-modtaget-pa-telefonen\/","og_locale":"da_DK","og_type":"article","og_title":"Min SMS bliver ikke modtaget p\u00e5 telefonen","og_description":"Min SMS st\u00e5r som leveret, men den vises ikke p\u00e5 modtagerens telefon. Hvis du oplever at der i SureSMS oversigten st\u00e5r, at din SMS er leveret, men den ikke bliver vist p\u00e5 modtagerens telefon, s\u00e5 kan det v\u00e6re fordi at modtageren har blokeret for visning af dine beskeder. Dette sker typisk hvis du sender fra ... L\u00e6s mere","og_url":"https:\/\/suresms.com\/dk\/docs\/troubleshooting\/min-sms-bliver-ikke-modtaget-pa-telefonen\/","article_publisher":"https:\/\/www.facebook.com\/p\/SureSMS-100044607956149\/","article_modified_time":"2025-02-19T16:29:11+00:00","og_image":[{"url":"https:\/\/suresms.com\/wp-content\/uploads\/2024\/08\/Android-SMS-setting-1.jpg","type":"","width":"","height":""}],"twitter_card":"summary_large_image","twitter_misc":{"Estimeret l\u00e6setid":"3 minutter"},"schema":{"@context":"https:\/\/schema.org","@graph":[{"@type":"WebPage","@id":"https:\/\/suresms.com\/dk\/docs\/troubleshooting\/min-sms-bliver-ikke-modtaget-pa-telefonen\/","url":"https:\/\/suresms.com\/dk\/docs\/troubleshooting\/min-sms-bliver-ikke-modtaget-pa-telefonen\/","name":"Min SMS bliver ikke modtaget p\u00e5 telefonen -","isPartOf":{"@id":"https:\/\/suresms.com\/en\/#website"},"primaryImageOfPage":{"@id":"https:\/\/suresms.com\/dk\/docs\/troubleshooting\/min-sms-bliver-ikke-modtaget-pa-telefonen\/#primaryimage"},"image":{"@id":"https:\/\/suresms.com\/dk\/docs\/troubleshooting\/min-sms-bliver-ikke-modtaget-pa-telefonen\/#primaryimage"},"thumbnailUrl":"https:\/\/suresms.com\/wp-content\/uploads\/2024\/08\/Android-SMS-setting-1.jpg","datePublished":"2024-08-22T12:01:36+00:00","dateModified":"2025-02-19T16:29:11+00:00","breadcrumb":{"@id":"https:\/\/suresms.com\/dk\/docs\/troubleshooting\/min-sms-bliver-ikke-modtaget-pa-telefonen\/#breadcrumb"},"inLanguage":"da-DK","potentialAction":[{"@type":"ReadAction","target":["https:\/\/suresms.com\/dk\/docs\/troubleshooting\/min-sms-bliver-ikke-modtaget-pa-telefonen\/"]}]},{"@type":"ImageObject","inLanguage":"da-DK","@id":"https:\/\/suresms.com\/dk\/docs\/troubleshooting\/min-sms-bliver-ikke-modtaget-pa-telefonen\/#primaryimage","url":"https:\/\/suresms.com\/wp-content\/uploads\/2024\/08\/Android-SMS-setting-1.jpg","contentUrl":"https:\/\/suresms.com\/wp-content\/uploads\/2024\/08\/Android-SMS-setting-1.jpg"},{"@type":"BreadcrumbList","@id":"https:\/\/suresms.com\/dk\/docs\/troubleshooting\/min-sms-bliver-ikke-modtaget-pa-telefonen\/#breadcrumb","itemListElement":[{"@type":"ListItem","position":1,"name":"Home","item":"https:\/\/suresms.com\/dk\/"},{"@type":"ListItem","position":2,"name":"Dokumentation","item":"https:\/\/suresms.com\/dk\/docs\/"},{"@type":"ListItem","position":3,"name":"Fejlfinding","item":"https:\/\/suresms.com\/dk\/docs\/troubleshooting\/"},{"@type":"ListItem","position":4,"name":"Min SMS bliver ikke modtaget p\u00e5 telefonen"}]},{"@type":"WebSite","@id":"https:\/\/suresms.com\/en\/#website","url":"https:\/\/suresms.com\/en\/","name":"SureSMS","description":"Professionel SMS Gateway","publisher":{"@id":"https:\/\/suresms.com\/en\/#organization"},"potentialAction":[{"@type":"SearchAction","target":{"@type":"EntryPoint","urlTemplate":"https:\/\/suresms.com\/en\/?s={search_term_string}"},"query-input":{"@type":"PropertyValueSpecification","valueRequired":true,"valueName":"search_term_string"}}],"inLanguage":"da-DK"},{"@type":"Organization","@id":"https:\/\/suresms.com\/en\/#organization","name":"SureSMS","url":"https:\/\/suresms.com\/en\/","logo":{"@type":"ImageObject","inLanguage":"da-DK","@id":"https:\/\/suresms.com\/en\/#\/schema\/logo\/image\/","url":"https:\/\/suresms.com\/wp-content\/uploads\/2024\/11\/suresms-300x65-1.png","contentUrl":"https:\/\/suresms.com\/wp-content\/uploads\/2024\/11\/suresms-300x65-1.png","width":300,"height":65,"caption":"SureSMS"},"image":{"@id":"https:\/\/suresms.com\/en\/#\/schema\/logo\/image\/"},"sameAs":["https:\/\/www.facebook.com\/p\/SureSMS-100044607956149\/"]}]}},"_links":{"self":[{"href":"https:\/\/suresms.com\/dk\/wp-json\/wp\/v2\/pages\/18276","targetHints":{"allow":["GET"]}}],"collection":[{"href":"https:\/\/suresms.com\/dk\/wp-json\/wp\/v2\/pages"}],"about":[{"href":"https:\/\/suresms.com\/dk\/wp-json\/wp\/v2\/types\/page"}],"author":[{"embeddable":true,"href":"https:\/\/suresms.com\/dk\/wp-json\/wp\/v2\/users\/1"}],"replies":[{"embeddable":true,"href":"https:\/\/suresms.com\/dk\/wp-json\/wp\/v2\/comments?post=18276"}],"version-history":[{"count":4,"href":"https:\/\/suresms.com\/dk\/wp-json\/wp\/v2\/pages\/18276\/revisions"}],"predecessor-version":[{"id":22282,"href":"https:\/\/suresms.com\/dk\/wp-json\/wp\/v2\/pages\/18276\/revisions\/22282"}],"up":[{"embeddable":true,"href":"https:\/\/suresms.com\/dk\/wp-json\/wp\/v2\/pages\/18273"}],"wp:attachment":[{"href":"https:\/\/suresms.com\/dk\/wp-json\/wp\/v2\/media?parent=18276"}],"wp:term":[{"taxonomy":"category","embeddable":true,"href":"https:\/\/suresms.com\/dk\/wp-json\/wp\/v2\/categories?post=18276"},{"taxonomy":"post_tag","embeddable":true,"href":"https:\/\/suresms.com\/dk\/wp-json\/wp\/v2\/tags?post=18276"}],"curies":[{"name":"wp","href":"https:\/\/api.w.org\/{rel}","templated":true}]}}