{"id":18263,"date":"2024-08-14T14:24:15","date_gmt":"2024-08-14T12:24:15","guid":{"rendered":"https:\/\/www.suresms.com\/dk\/?page_id=18263"},"modified":"2024-12-18T12:59:11","modified_gmt":"2024-12-18T12:59:11","slug":"hubspot","status":"publish","type":"page","link":"https:\/\/suresms.com\/dk\/integrationer\/marketing-automation\/hubspot\/","title":{"rendered":"SMS integration til Hubspot"},"content":{"rendered":"\n\n\t\t\t\t<!-- Flexy Breadcrumb -->\r\n\t\t\t<div class=\"fbc fbc-page\">\r\n\r\n\t\t\t\t<!-- Breadcrumb wrapper -->\r\n\t\t\t\t<div class=\"fbc-wrap\">\r\n\r\n\t\t\t\t\t<!-- Ordered list-->\r\n\t\t\t\t\t<ol class=\"fbc-items\" itemscope itemtype=\"https:\/\/schema.org\/BreadcrumbList\">\r\n\t\t\t\t\t\t            <li itemprop=\"itemListElement\" itemscope itemtype=\"https:\/\/schema.org\/ListItem\">\r\n                <span itemprop=\"name\">\r\n                    <!-- Home Link -->\r\n                    <a itemprop=\"item\" href=\"https:\/\/suresms.com\">\r\n                    \r\n                                                    <i class=\"fa fa-home\" aria-hidden=\"true\"><\/i>Home                    <\/a>\r\n                <\/span>\r\n                <meta itemprop=\"position\" content=\"1\" \/><!-- Meta Position-->\r\n             <\/li><li><span class=\"fbc-separator\">\/<\/span><\/li><li class=\"active\" itemprop=\"itemListElement\" itemscope itemtype=\"https:\/\/schema.org\/ListItem\"><span itemprop=\"name\" title=\"SMS integration til Hubspot\">SMS integration til Hubspot<\/span><meta itemprop=\"position\" content=\"2\" \/><\/li>\t\t\t\t\t<\/ol>\r\n\t\t\t\t\t<div class=\"clearfix\"><\/div>\r\n\t\t\t\t<\/div>\r\n\t\t\t<\/div>\r\n\t\t\t\n\t\t\t\t<img loading=\"lazy\" decoding=\"async\" src=\"https:\/\/suresms.com\/wp-content\/uploads\/2024\/08\/HubSpotSureSMS-1.png\" alt=\"HubSpot -&gt; SureSMS integration\" itemprop=\"image\" height=\"200\" width=\"980\" title=\"HubSpot+SureSMS\" onerror=\"this.style.display='none'\"  \/>\n\t<p><strong>Send SMS direkte fra HubSpot workflows.<\/strong><\/p>\n<h2>\n\t\tSMS HubSpot &#8211; Integration\n\t<\/h2>\n\t<p>Er du p\u00e5 udkig efter en <a href=\"https:\/\/suresms.com\/dk\/integrationer\/marketing-automation\/\">SMS-integration<\/a> til din marketing automation software? S\u00e5 er du kommet til det rette sted. SureSMS er en SMS-gateway med direkte forbindelse til alle teleselskaber i Danmark samt mere end 1900 teleselskaber verden over.<\/p>\n<p>Vores SMS-platform har en direkte integration med HubSpot, s\u00e5 du kan klare al din automation \u00e9t sted &#8211; inklusiv din SMS-kommunikation.<\/p>\n\t\t<h3>Hvad er HubSpot?<\/h3><p>HubSpot er en alt-i-en platform til inbound marketing, salg og kundeservice, der hj\u00e6lper virksomheder med at tiltr\u00e6kke bes\u00f8gende, konvertere leads og pleje kunderelationer.<\/p>\n<p>Med v\u00e6rkt\u00f8jer til bl.a. email marketing, CRM, social media management og analyse giver HubSpot virksomheder mulighed for at automatisere og optimere deres salgs- og marketingprocesser.<\/p>\n<p>Platformen er brugervenlig og skalerbar, hvilket g\u00f8r den ideel for b\u00e5de sm\u00e5 og store virksomheder, der \u00f8nsker at v\u00e6kste og effektivisere deres forretning.<\/p>\n\t\t\t\t<img loading=\"lazy\" decoding=\"async\" src=\"https:\/\/suresms.com\/wp-content\/uploads\/2024\/08\/HubSpotSureSMS-sqare-1.png\" alt=\"HubSpot+SureSMS - sqare\" itemprop=\"image\" height=\"340\" width=\"453\" title=\"HubSpot+SureSMS - sqare\" onerror=\"this.style.display='none'\"  \/>\n\t\t<h3>Hvorfor bruge SMS til HubSpot?<\/h3><p>SMS i HubSpot giver dig mulighed for at kommunikere direkte og effektivt med dine kunder. Med h\u00f8j \u00e5bningsrate og personlig kontakt kan du automatisere beskeder som p\u00e5mindelser, tilbud og opf\u00f8lgninger baseret p\u00e5 kundeinteraktioner.<\/p>\n\t<p>Ved at integrere SMS i dine marketingkampagner forbedrer du engagementet og kundeoplevelsen, samtidig med at du nemt kan spore og optimere dine resultater.<\/p>\n\t\t<h2>S\u00e5dan virker SMS i HubSpot<\/h2><p>N\u00e5r du v\u00e6lger at integrere SureSMS med din HubSpot-konto, g\u00f8r det at du p\u00e5 en hurtig og billig m\u00e5de kan sende SMS til alle lande. Du kan ogs\u00e5 modtage SMS i HubSpot n\u00e5r nogen svarer p\u00e5 dine SMS&#8217;er.<\/p>\n<p>Det foreg\u00e5r ved den mekanisme der hedder webhooks. N\u00e5r HubSpot n\u00e5r til det punkt i dit workflow hvor du gerne vil sende en SMS besked, sender HubSpot en besked til SureSMS om at der skal sendes en besked. S\u00e5 enkelt er det. L\u00e6s herunder hvordan du s\u00e6tter det op.<\/p>\n\t<strong>Bestil ops\u00e6tningsvejledning<br \/>\n<\/strong>F\u00e5 tilsendt en detaljeret vejledning i ops\u00e6tning med SureSMS\n\n<div class=\"wpcf7 no-js\" id=\"wpcf7-f13762-o1\" lang=\"en-GB\" dir=\"ltr\" data-wpcf7-id=\"13762\">\n<div class=\"screen-reader-response\"><p role=\"status\" aria-live=\"polite\" aria-atomic=\"true\"><\/p> <ul><\/ul><\/div>\n<form action=\"\/dk\/wp-json\/wp\/v2\/pages\/18263#wpcf7-f13762-o1\" method=\"post\" class=\"wpcf7-form init\" aria-label=\"Kontaktformular\" novalidate=\"novalidate\" data-status=\"init\">\n<fieldset class=\"hidden-fields-container\"><input type=\"hidden\" name=\"_wpcf7\" value=\"13762\" \/><input type=\"hidden\" name=\"_wpcf7_version\" value=\"6.1.5\" \/><input type=\"hidden\" name=\"_wpcf7_locale\" value=\"en_GB\" \/><input type=\"hidden\" name=\"_wpcf7_unit_tag\" value=\"wpcf7-f13762-o1\" \/><input type=\"hidden\" name=\"_wpcf7_container_post\" value=\"0\" \/><input type=\"hidden\" name=\"_wpcf7_posted_data_hash\" value=\"\" \/>\n<\/fieldset>\n<p><label><span class=\"wpcf7-form-control-wrap\" data-name=\"your-name\"><input size=\"40\" maxlength=\"400\" class=\"wpcf7-form-control wpcf7-text wpcf7-validates-as-required wpctf7-my-custom-class\" aria-required=\"true\" aria-invalid=\"false\" placeholder=\"Dit navn\" value=\"\" type=\"text\" name=\"your-name\" \/><\/span><\/label>\n<\/p>\n<p><span class=\"wpcf7-form-control-wrap\" data-name=\"email\"><input size=\"40\" maxlength=\"400\" class=\"wpcf7-form-control wpcf7-email wpcf7-validates-as-required wpcf7-text wpcf7-validates-as-email wpctf7-my-custom-class\" aria-required=\"true\" aria-invalid=\"false\" placeholder=\"E-mail*\" value=\"\" type=\"email\" name=\"email\" \/><\/span>\n<\/p>\n<p><div class=\"cf7-cf-turnstile\" style=\"margin-top: 0px; margin-bottom: -15px;\"> <div id=\"cf-turnstile-cf7-1099818339\" class=\"cf-turnstile\" data-sitekey=\"0x4AAAAAAB8YGArd9ML-HbMW\" data-theme=\"light\" data-language=\"auto\" data-size=\"normal\" data-retry=\"auto\" data-retry-interval=\"1000\" data-refresh-expired=\"auto\" data-action=\"contact-form-7\" data-appearance=\"always\"><\/div> <script>document.addEventListener(\"DOMContentLoaded\", function() { setTimeout(function(){ var e=document.getElementById(\"cf-turnstile-cf7-1099818339\"); e&&!e.innerHTML.trim()&&(turnstile.remove(\"#cf-turnstile-cf7-1099818339\"), turnstile.render(\"#cf-turnstile-cf7-1099818339\", {sitekey:\"0x4AAAAAAB8YGArd9ML-HbMW\"})); }, 100); });<\/script> <br class=\"cf-turnstile-br cf-turnstile-br-cf7-1099818339\"> <style>#cf-turnstile-cf7-1099818339 { margin-left: -15px; }<\/style> <script>document.addEventListener(\"DOMContentLoaded\",function(){document.querySelectorAll('.wpcf7-form').forEach(function(e){e.addEventListener('submit',function(){if(document.getElementById('cf-turnstile-cf7-1099818339')){setTimeout(function(){turnstile.reset('#cf-turnstile-cf7-1099818339');},1000)}})})});<\/script> <\/div><br\/><input class=\"wpcf7-form-control wpcf7-submit has-spinner\" type=\"submit\" value=\"Bestil vejledning\" \/>\n<\/p><div class=\"wpcf7-response-output\" aria-hidden=\"true\"><\/div>\n<\/form>\n<\/div>\n\n\t\t\t<a href=\"https:\/\/calendly.com\/gm--nzwp\/30min\" target=\"_blank\" rel=\"noopener\">\n\t\t\t\t\t\t\tBook en demo\n\t\t\t\t\t<\/a>\n\t<p>med Glen<\/p>\n\t<strong>Bestil ops\u00e6tningsvejledning<br \/>\n<\/strong>F\u00e5 tilsendt en detaljeret vejledning i ops\u00e6tning til HubSpot med SureSMS\n\n<div class=\"wpcf7 no-js\" id=\"wpcf7-f13762-o2\" lang=\"en-GB\" dir=\"ltr\" data-wpcf7-id=\"13762\">\n<div class=\"screen-reader-response\"><p role=\"status\" aria-live=\"polite\" aria-atomic=\"true\"><\/p> <ul><\/ul><\/div>\n<form action=\"\/dk\/wp-json\/wp\/v2\/pages\/18263#wpcf7-f13762-o2\" method=\"post\" class=\"wpcf7-form init\" aria-label=\"Kontaktformular\" novalidate=\"novalidate\" data-status=\"init\">\n<fieldset class=\"hidden-fields-container\"><input type=\"hidden\" name=\"_wpcf7\" value=\"13762\" \/><input type=\"hidden\" name=\"_wpcf7_version\" value=\"6.1.5\" \/><input type=\"hidden\" name=\"_wpcf7_locale\" value=\"en_GB\" \/><input type=\"hidden\" name=\"_wpcf7_unit_tag\" value=\"wpcf7-f13762-o2\" \/><input type=\"hidden\" name=\"_wpcf7_container_post\" value=\"0\" \/><input type=\"hidden\" name=\"_wpcf7_posted_data_hash\" value=\"\" \/>\n<\/fieldset>\n<p><label><span class=\"wpcf7-form-control-wrap\" data-name=\"your-name\"><input size=\"40\" maxlength=\"400\" class=\"wpcf7-form-control wpcf7-text wpcf7-validates-as-required wpctf7-my-custom-class\" aria-required=\"true\" aria-invalid=\"false\" placeholder=\"Dit navn\" value=\"\" type=\"text\" name=\"your-name\" \/><\/span><\/label>\n<\/p>\n<p><span class=\"wpcf7-form-control-wrap\" data-name=\"email\"><input size=\"40\" maxlength=\"400\" class=\"wpcf7-form-control wpcf7-email wpcf7-validates-as-required wpcf7-text wpcf7-validates-as-email wpctf7-my-custom-class\" aria-required=\"true\" aria-invalid=\"false\" placeholder=\"E-mail*\" value=\"\" type=\"email\" name=\"email\" \/><\/span>\n<\/p>\n<p><div class=\"cf7-cf-turnstile\" style=\"margin-top: 0px; margin-bottom: -15px;\"> <div id=\"cf-turnstile-cf7-3259551654\" class=\"cf-turnstile\" data-sitekey=\"0x4AAAAAAB8YGArd9ML-HbMW\" data-theme=\"light\" data-language=\"auto\" data-size=\"normal\" data-retry=\"auto\" data-retry-interval=\"1000\" data-refresh-expired=\"auto\" data-action=\"contact-form-7\" data-appearance=\"always\"><\/div> <script>document.addEventListener(\"DOMContentLoaded\", function() { setTimeout(function(){ var e=document.getElementById(\"cf-turnstile-cf7-3259551654\"); e&&!e.innerHTML.trim()&&(turnstile.remove(\"#cf-turnstile-cf7-3259551654\"), turnstile.render(\"#cf-turnstile-cf7-3259551654\", {sitekey:\"0x4AAAAAAB8YGArd9ML-HbMW\"})); }, 100); });<\/script> <br class=\"cf-turnstile-br cf-turnstile-br-cf7-3259551654\"> <style>#cf-turnstile-cf7-3259551654 { margin-left: -15px; }<\/style> <script>document.addEventListener(\"DOMContentLoaded\",function(){document.querySelectorAll('.wpcf7-form').forEach(function(e){e.addEventListener('submit',function(){if(document.getElementById('cf-turnstile-cf7-3259551654')){setTimeout(function(){turnstile.reset('#cf-turnstile-cf7-3259551654');},1000)}})})});<\/script> <\/div><br\/><input class=\"wpcf7-form-control wpcf7-submit has-spinner\" type=\"submit\" value=\"Bestil vejledning\" \/>\n<\/p><div class=\"wpcf7-response-output\" aria-hidden=\"true\"><\/div>\n<\/form>\n<\/div>\n\n\t\t\t\t<img decoding=\"async\" src=\"https:\/\/www.suresms.com\/dk\/wp-content\/uploads\/2019\/11\/Glen-1080px-150x150.jpg\" alt=\"Glen Mandsberg\" itemprop=\"image\" title=\"Glen Mandsberg\" onerror=\"this.style.display='none'\"  \/>\n\t\t\t<a href=\"https:\/\/calendly.com\/gm--nzwp\/30min\" target=\"_self\">\n\t\t\t\t\t\t\tBook en demo\n\t\t\t\t\t<\/a>\n\t<p>med Glen<\/p>\n\n","protected":false},"excerpt":{"rendered":"<p>Send SMS direkte fra HubSpot workflows. SMS HubSpot &#8211; Integration Er du p\u00e5 udkig efter en SMS-integration til din marketing automation software? S\u00e5 er du kommet til det rette sted. SureSMS er en SMS-gateway med direkte forbindelse til alle teleselskaber i Danmark samt mere end 1900 teleselskaber verden over. Vores SMS-platform har en direkte integration &#8230; <a title=\"SMS integration til Hubspot\" class=\"read-more\" href=\"https:\/\/suresms.com\/dk\/integrationer\/marketing-automation\/hubspot\/\" aria-label=\"Read more about SMS integration til Hubspot\">L\u00e6s mere <\/a><\/p>\n","protected":false},"author":1,"featured_media":0,"parent":13367,"menu_order":1,"comment_status":"closed","ping_status":"closed","template":"","meta":{"_fl_builder_enabled":"1","_fl_builder_data":null,"_fl_builder_draft":null,"_fl_builder_data_settings":null,"_fl_builder_css":"","_fl_builder_css_version":"","_fl_builder_js":"","footnotes":""},"categories":[],"tags":[],"class_list":["post-18263","page","type-page","status-publish"],"yoast_head":"<!-- This site is optimized with the Yoast SEO Premium plugin v27.3 (Yoast SEO v27.3) - https:\/\/yoast.com\/product\/yoast-seo-premium-wordpress\/ -->\r\n<title>HubSpot SMS l\u00f8sning til danske og nordiske kunder<\/title>\r\n<meta name=\"description\" content=\"Integrer SMS i HubSpot i dag, og kom i gang med at skabe v\u00e6rdifulde automations og kampagner! En \u00e5bningsrate p\u00e5 98 %.\" \/>\r\n<meta name=\"robots\" content=\"index, follow, max-snippet:-1, max-image-preview:large, max-video-preview:-1\" \/>\r\n<link rel=\"canonical\" href=\"https:\/\/suresms.com\/dk\/integrationer\/marketing-automation\/hubspot\/\" \/>\r\n<meta property=\"og:locale\" content=\"da_DK\" \/>\r\n<meta property=\"og:type\" content=\"article\" \/>\r\n<meta property=\"og:title\" content=\"SMS integration til Hubspot\" \/>\r\n<meta property=\"og:description\" content=\"Integrer SMS i HubSpot i dag, og kom i gang med at skabe v\u00e6rdifulde automations og kampagner! En \u00e5bningsrate p\u00e5 98 %.\" \/>\r\n<meta property=\"og:url\" content=\"https:\/\/suresms.com\/dk\/integrationer\/marketing-automation\/hubspot\/\" \/>\r\n<meta property=\"article:publisher\" content=\"https:\/\/www.facebook.com\/p\/SureSMS-100044607956149\/\" \/>\r\n<meta property=\"article:modified_time\" content=\"2024-12-18T12:59:11+00:00\" \/>\r\n<meta property=\"og:image\" content=\"https:\/\/suresms.com\/wp-content\/uploads\/2024\/08\/HubSpotSureSMS-1.png\" \/>\r\n<meta name=\"twitter:card\" content=\"summary_large_image\" \/>\r\n<meta name=\"twitter:label1\" content=\"Estimeret l\u00e6setid\" \/>\n\t<meta name=\"twitter:data1\" content=\"12 minutter\" \/>\r\n<script type=\"application\/ld+json\" class=\"yoast-schema-graph\">{\"@context\":\"https:\\\/\\\/schema.org\",\"@graph\":[{\"@type\":\"WebPage\",\"@id\":\"https:\\\/\\\/suresms.com\\\/dk\\\/integrationer\\\/marketing-automation\\\/hubspot\\\/\",\"url\":\"https:\\\/\\\/suresms.com\\\/dk\\\/integrationer\\\/marketing-automation\\\/hubspot\\\/\",\"name\":\"HubSpot SMS l\u00f8sning til danske og nordiske kunder\",\"isPartOf\":{\"@id\":\"https:\\\/\\\/suresms.com\\\/en\\\/#website\"},\"primaryImageOfPage\":{\"@id\":\"https:\\\/\\\/suresms.com\\\/dk\\\/integrationer\\\/marketing-automation\\\/hubspot\\\/#primaryimage\"},\"image\":{\"@id\":\"https:\\\/\\\/suresms.com\\\/dk\\\/integrationer\\\/marketing-automation\\\/hubspot\\\/#primaryimage\"},\"thumbnailUrl\":\"https:\\\/\\\/suresms.com\\\/wp-content\\\/uploads\\\/2024\\\/08\\\/HubSpotSureSMS-1.png\",\"datePublished\":\"2024-08-14T12:24:15+00:00\",\"dateModified\":\"2024-12-18T12:59:11+00:00\",\"description\":\"Integrer SMS i HubSpot i dag, og kom i gang med at skabe v\u00e6rdifulde automations og kampagner! En \u00e5bningsrate p\u00e5 98 %.\",\"breadcrumb\":{\"@id\":\"https:\\\/\\\/suresms.com\\\/dk\\\/integrationer\\\/marketing-automation\\\/hubspot\\\/#breadcrumb\"},\"inLanguage\":\"da-DK\",\"potentialAction\":[{\"@type\":\"ReadAction\",\"target\":[\"https:\\\/\\\/suresms.com\\\/dk\\\/integrationer\\\/marketing-automation\\\/hubspot\\\/\"]}]},{\"@type\":\"ImageObject\",\"inLanguage\":\"da-DK\",\"@id\":\"https:\\\/\\\/suresms.com\\\/dk\\\/integrationer\\\/marketing-automation\\\/hubspot\\\/#primaryimage\",\"url\":\"https:\\\/\\\/suresms.com\\\/wp-content\\\/uploads\\\/2024\\\/08\\\/HubSpotSureSMS-1.png\",\"contentUrl\":\"https:\\\/\\\/suresms.com\\\/wp-content\\\/uploads\\\/2024\\\/08\\\/HubSpotSureSMS-1.png\"},{\"@type\":\"BreadcrumbList\",\"@id\":\"https:\\\/\\\/suresms.com\\\/dk\\\/integrationer\\\/marketing-automation\\\/hubspot\\\/#breadcrumb\",\"itemListElement\":[{\"@type\":\"ListItem\",\"position\":1,\"name\":\"Home\",\"item\":\"https:\\\/\\\/suresms.com\\\/dk\\\/\"},{\"@type\":\"ListItem\",\"position\":2,\"name\":\"Integrationer\",\"item\":\"https:\\\/\\\/suresms.com\\\/dk\\\/integrationer\\\/\"},{\"@type\":\"ListItem\",\"position\":3,\"name\":\"SMS integration til Marketing Automation\",\"item\":\"https:\\\/\\\/suresms.com\\\/dk\\\/integrationer\\\/marketing-automation\\\/\"},{\"@type\":\"ListItem\",\"position\":4,\"name\":\"SMS integration til Hubspot\"}]},{\"@type\":\"WebSite\",\"@id\":\"https:\\\/\\\/suresms.com\\\/en\\\/#website\",\"url\":\"https:\\\/\\\/suresms.com\\\/en\\\/\",\"name\":\"SureSMS\",\"description\":\"Professionel SMS Gateway\",\"publisher\":{\"@id\":\"https:\\\/\\\/suresms.com\\\/en\\\/#organization\"},\"potentialAction\":[{\"@type\":\"SearchAction\",\"target\":{\"@type\":\"EntryPoint\",\"urlTemplate\":\"https:\\\/\\\/suresms.com\\\/en\\\/?s={search_term_string}\"},\"query-input\":{\"@type\":\"PropertyValueSpecification\",\"valueRequired\":true,\"valueName\":\"search_term_string\"}}],\"inLanguage\":\"da-DK\"},{\"@type\":\"Organization\",\"@id\":\"https:\\\/\\\/suresms.com\\\/en\\\/#organization\",\"name\":\"SureSMS\",\"url\":\"https:\\\/\\\/suresms.com\\\/en\\\/\",\"logo\":{\"@type\":\"ImageObject\",\"inLanguage\":\"da-DK\",\"@id\":\"https:\\\/\\\/suresms.com\\\/en\\\/#\\\/schema\\\/logo\\\/image\\\/\",\"url\":\"https:\\\/\\\/suresms.com\\\/wp-content\\\/uploads\\\/2024\\\/11\\\/suresms-300x65-1.png\",\"contentUrl\":\"https:\\\/\\\/suresms.com\\\/wp-content\\\/uploads\\\/2024\\\/11\\\/suresms-300x65-1.png\",\"width\":300,\"height\":65,\"caption\":\"SureSMS\"},\"image\":{\"@id\":\"https:\\\/\\\/suresms.com\\\/en\\\/#\\\/schema\\\/logo\\\/image\\\/\"},\"sameAs\":[\"https:\\\/\\\/www.facebook.com\\\/p\\\/SureSMS-100044607956149\\\/\"]}]}<\/script>\r\n<!-- \/ Yoast SEO Premium plugin. -->","yoast_head_json":{"title":"HubSpot SMS l\u00f8sning til danske og nordiske kunder","description":"Integrer SMS i HubSpot i dag, og kom i gang med at skabe v\u00e6rdifulde automations og kampagner! En \u00e5bningsrate p\u00e5 98 %.","robots":{"index":"index","follow":"follow","max-snippet":"max-snippet:-1","max-image-preview":"max-image-preview:large","max-video-preview":"max-video-preview:-1"},"canonical":"https:\/\/suresms.com\/dk\/integrationer\/marketing-automation\/hubspot\/","og_locale":"da_DK","og_type":"article","og_title":"SMS integration til Hubspot","og_description":"Integrer SMS i HubSpot i dag, og kom i gang med at skabe v\u00e6rdifulde automations og kampagner! En \u00e5bningsrate p\u00e5 98 %.","og_url":"https:\/\/suresms.com\/dk\/integrationer\/marketing-automation\/hubspot\/","article_publisher":"https:\/\/www.facebook.com\/p\/SureSMS-100044607956149\/","article_modified_time":"2024-12-18T12:59:11+00:00","og_image":[{"url":"https:\/\/suresms.com\/wp-content\/uploads\/2024\/08\/HubSpotSureSMS-1.png","type":"","width":"","height":""}],"twitter_card":"summary_large_image","twitter_misc":{"Estimeret l\u00e6setid":"12 minutter"},"schema":{"@context":"https:\/\/schema.org","@graph":[{"@type":"WebPage","@id":"https:\/\/suresms.com\/dk\/integrationer\/marketing-automation\/hubspot\/","url":"https:\/\/suresms.com\/dk\/integrationer\/marketing-automation\/hubspot\/","name":"HubSpot SMS l\u00f8sning til danske og nordiske kunder","isPartOf":{"@id":"https:\/\/suresms.com\/en\/#website"},"primaryImageOfPage":{"@id":"https:\/\/suresms.com\/dk\/integrationer\/marketing-automation\/hubspot\/#primaryimage"},"image":{"@id":"https:\/\/suresms.com\/dk\/integrationer\/marketing-automation\/hubspot\/#primaryimage"},"thumbnailUrl":"https:\/\/suresms.com\/wp-content\/uploads\/2024\/08\/HubSpotSureSMS-1.png","datePublished":"2024-08-14T12:24:15+00:00","dateModified":"2024-12-18T12:59:11+00:00","description":"Integrer SMS i HubSpot i dag, og kom i gang med at skabe v\u00e6rdifulde automations og kampagner! En \u00e5bningsrate p\u00e5 98 %.","breadcrumb":{"@id":"https:\/\/suresms.com\/dk\/integrationer\/marketing-automation\/hubspot\/#breadcrumb"},"inLanguage":"da-DK","potentialAction":[{"@type":"ReadAction","target":["https:\/\/suresms.com\/dk\/integrationer\/marketing-automation\/hubspot\/"]}]},{"@type":"ImageObject","inLanguage":"da-DK","@id":"https:\/\/suresms.com\/dk\/integrationer\/marketing-automation\/hubspot\/#primaryimage","url":"https:\/\/suresms.com\/wp-content\/uploads\/2024\/08\/HubSpotSureSMS-1.png","contentUrl":"https:\/\/suresms.com\/wp-content\/uploads\/2024\/08\/HubSpotSureSMS-1.png"},{"@type":"BreadcrumbList","@id":"https:\/\/suresms.com\/dk\/integrationer\/marketing-automation\/hubspot\/#breadcrumb","itemListElement":[{"@type":"ListItem","position":1,"name":"Home","item":"https:\/\/suresms.com\/dk\/"},{"@type":"ListItem","position":2,"name":"Integrationer","item":"https:\/\/suresms.com\/dk\/integrationer\/"},{"@type":"ListItem","position":3,"name":"SMS integration til Marketing Automation","item":"https:\/\/suresms.com\/dk\/integrationer\/marketing-automation\/"},{"@type":"ListItem","position":4,"name":"SMS integration til Hubspot"}]},{"@type":"WebSite","@id":"https:\/\/suresms.com\/en\/#website","url":"https:\/\/suresms.com\/en\/","name":"SureSMS","description":"Professionel SMS Gateway","publisher":{"@id":"https:\/\/suresms.com\/en\/#organization"},"potentialAction":[{"@type":"SearchAction","target":{"@type":"EntryPoint","urlTemplate":"https:\/\/suresms.com\/en\/?s={search_term_string}"},"query-input":{"@type":"PropertyValueSpecification","valueRequired":true,"valueName":"search_term_string"}}],"inLanguage":"da-DK"},{"@type":"Organization","@id":"https:\/\/suresms.com\/en\/#organization","name":"SureSMS","url":"https:\/\/suresms.com\/en\/","logo":{"@type":"ImageObject","inLanguage":"da-DK","@id":"https:\/\/suresms.com\/en\/#\/schema\/logo\/image\/","url":"https:\/\/suresms.com\/wp-content\/uploads\/2024\/11\/suresms-300x65-1.png","contentUrl":"https:\/\/suresms.com\/wp-content\/uploads\/2024\/11\/suresms-300x65-1.png","width":300,"height":65,"caption":"SureSMS"},"image":{"@id":"https:\/\/suresms.com\/en\/#\/schema\/logo\/image\/"},"sameAs":["https:\/\/www.facebook.com\/p\/SureSMS-100044607956149\/"]}]}},"_links":{"self":[{"href":"https:\/\/suresms.com\/dk\/wp-json\/wp\/v2\/pages\/18263","targetHints":{"allow":["GET"]}}],"collection":[{"href":"https:\/\/suresms.com\/dk\/wp-json\/wp\/v2\/pages"}],"about":[{"href":"https:\/\/suresms.com\/dk\/wp-json\/wp\/v2\/types\/page"}],"author":[{"embeddable":true,"href":"https:\/\/suresms.com\/dk\/wp-json\/wp\/v2\/users\/1"}],"replies":[{"embeddable":true,"href":"https:\/\/suresms.com\/dk\/wp-json\/wp\/v2\/comments?post=18263"}],"version-history":[{"count":2,"href":"https:\/\/suresms.com\/dk\/wp-json\/wp\/v2\/pages\/18263\/revisions"}],"predecessor-version":[{"id":19528,"href":"https:\/\/suresms.com\/dk\/wp-json\/wp\/v2\/pages\/18263\/revisions\/19528"}],"up":[{"embeddable":true,"href":"https:\/\/suresms.com\/dk\/wp-json\/wp\/v2\/pages\/13367"}],"wp:attachment":[{"href":"https:\/\/suresms.com\/dk\/wp-json\/wp\/v2\/media?parent=18263"}],"wp:term":[{"taxonomy":"category","embeddable":true,"href":"https:\/\/suresms.com\/dk\/wp-json\/wp\/v2\/categories?post=18263"},{"taxonomy":"post_tag","embeddable":true,"href":"https:\/\/suresms.com\/dk\/wp-json\/wp\/v2\/tags?post=18263"}],"curies":[{"name":"wp","href":"https:\/\/api.w.org\/{rel}","templated":true}]}}