{"id":18183,"date":"2024-07-10T18:12:05","date_gmt":"2024-07-10T16:12:05","guid":{"rendered":"https:\/\/www.suresms.com\/dk\/?page_id=18183"},"modified":"2026-02-17T05:14:01","modified_gmt":"2026-02-17T05:14:01","slug":"newmessage","status":"publish","type":"page","link":"https:\/\/suresms.com\/dk\/docs\/message\/newmessage\/","title":{"rendered":"Ny besked"},"content":{"rendered":"\n\n\t\t\t\t<!-- Flexy Breadcrumb -->\r\n\t\t\t<div class=\"fbc fbc-page\">\r\n\r\n\t\t\t\t<!-- Breadcrumb wrapper -->\r\n\t\t\t\t<div class=\"fbc-wrap\">\r\n\r\n\t\t\t\t\t<!-- Ordered list-->\r\n\t\t\t\t\t<ol class=\"fbc-items\" itemscope itemtype=\"https:\/\/schema.org\/BreadcrumbList\">\r\n\t\t\t\t\t\t            <li itemprop=\"itemListElement\" itemscope itemtype=\"https:\/\/schema.org\/ListItem\">\r\n                <span itemprop=\"name\">\r\n                    <!-- Home Link -->\r\n                    <a itemprop=\"item\" href=\"https:\/\/suresms.com\">\r\n                    \r\n                                                    <i class=\"fa fa-home\" aria-hidden=\"true\"><\/i>Home                    <\/a>\r\n                <\/span>\r\n                <meta itemprop=\"position\" content=\"1\" \/><!-- Meta Position-->\r\n             <\/li><li><span class=\"fbc-separator\">\/<\/span><\/li><li class=\"active\" itemprop=\"itemListElement\" itemscope itemtype=\"https:\/\/schema.org\/ListItem\"><span itemprop=\"name\" title=\"Ny besked\">Ny besked<\/span><meta itemprop=\"position\" content=\"2\" \/><\/li>\t\t\t\t\t<\/ol>\r\n\t\t\t\t\t<div class=\"clearfix\"><\/div>\r\n\t\t\t\t<\/div>\r\n\t\t\t<\/div>\r\n\t\t\t\n<h1>\n\t\t\tNy besked\t<\/h1>\n\t<p>Herunder kan du l\u00e6se om sk\u00e6rmbilledet\u00a0<em>Ny besked<\/em>. Hvert felt er forklaret og uddybende link er tilg\u00e6ngelige for nogle beskrivelser.<\/p>\n<h2>\n\t\t\tOpret ny besked\t<\/h2>\n\t<p>Lad os starte med at se sk\u00e6rmbilledet for afsendelse af ny besked. Herunder kan du se det fulde sk\u00e6rmbillede af\u00a0<em>Ny besked.\u00a0<\/em>I den efterf\u00f8lgende forklaring refereres til dette sk\u00e6rmbillede og de forskellige elementer i det.<\/p>\n<figure itemscope itemtype=\"https:\/\/schema.org\/ImageObject\">\n\t\t\t\t<img decoding=\"async\" src=\"https:\/\/suresms.com\/wp-content\/uploads\/2024\/07\/Ny-besked-skaermbillede-1.png\" alt=\"Ny besked sk\u00e6rmbillede\" height=\"2152\" width=\"2277\" title=\"Ny besked sk\u00e6rmbillede\" onerror=\"this.style.display='none'\" loading=\"lazy\" \/>\n\t<\/figure>\n\t<p><strong><em>Landekode:\u00a0<\/em><\/strong>V\u00e6lg landekoden p\u00e5 modtageren. Hvis du v\u00e6lger fra grupper i Adressebogen, bruges dette felt ikke, idet hver kontakt i adressebogen har sin egen landekode. Hvis du blot vil skrive et nummer i modtagerfeltet, s\u00e5 skal landekoden st\u00e5 korrekt. Systemet husker landekoden fra gang til gang.<\/p>\n<p><strong><em>Telefonnummer<\/em><\/strong>: Her skriver du telefonnummeret. Uden mellemrum, bindestreger eller andet. Du kan ogs\u00e5 s\u00e6tte-ind. F.eks. kan du markere mange numre fra Excel og s\u00e6tte dem alle ind i dette felt.<\/p>\n<p><strong><em>Besked:\u00a0<\/em><\/strong>Her skriver du selve beskeden. Under beskeden kan du se hvor mange tegn du har skrevet, hvor mange SMS&#8217;er det bliver til, og hvor meget det koster at sende beskeden.<\/p>\n<h2>\n\t\t\tBrug af skabeloner\t<\/h2>\n\t<p>Det er muligt i systemet at lave skabeloner. Skabeloner er standard beskeder som ligger i systemet og som man kan v\u00e6lge n\u00e5r der skal sendes en besked. Det kunne f.eks. v\u00e6re &#8220;Husk din aftale i morgen&#8221;. Man kan s\u00e5 bare v\u00e6lge den korrekte skabelon og trykke p\u00e5 send.<\/p>\n\t<p>Log ind p\u00e5 din SureSMS konto her : <a href=\"https:\/\/app.suresms.com\" target=\"_blank\" rel=\"noopener\">https:\/\/app.suresms.com<\/a><\/p>\n<p>I menuen v\u00e6lger du <em>Ny besked\u00a0<\/em><\/p>\n<p>Klik p\u00e5 <em>Valg<\/em> til h\u00f8jre over selve besked feltet<\/p>\n<p>Klik p\u00e5 <em>Administrer skabeloner<\/em><\/p>\n<p>Nu kan du oprette, rette og slette skabelonerne.<\/p>\n<p>N\u00e5r du skal bruge en skabelon g\u00f8r du det samme, men v\u00e6lger <em>Brug skabelon<\/em> i menuen. Herefter v\u00e6lger du den skabelon du vil anvende og klikker ok.<\/p>\n\t\t\t\t\t<video src=\"https:\/\/suresms.com\/wp-content\/uploads\/2024\/10\/Dokumentation-Skabeloner-i-beskeder.mp4\" alt=\"hosted-video-thumbnail\"><\/video>\n\t\t<h2>\n\t\t\tFlet informationer i besked\t<\/h2>\n\t<p>Log ind p\u00e5 din SureSMS konto her : <a href=\"https:\/\/app.suresms.com\" target=\"_blank\" rel=\"noopener\">https:\/\/app.suresms.com<\/a><\/p>\n<p>I menuen v\u00e6lger du <em>Ny besked\u00a0<\/em><\/p>\n<p>Klik p\u00e5 <em>Valg<\/em> til h\u00f8jre over selve besked feltet<\/p>\n<p>Klik p\u00e5 <em>Administrer skabeloner<\/em><\/p>\n<p>Nu kan du oprette, rette og slette skabelonerne.<\/p>\n<p>N\u00e5r du skal bruge en skabelon g\u00f8r du det samme, men v\u00e6lger <em>Brug skabelon<\/em> i menuen. Herefter v\u00e6lger du den skabelon du vil anvende og klikker ok.<\/p>\n\t\t\t\t\t<video src=\"https:\/\/suresms.com\/wp-content\/uploads\/2024\/10\/Dokumentation-Skabeloner-i-beskeder.mp4\" alt=\"hosted-video-thumbnail\"><\/video>\n\t\t<h2>\n\t\t\tTilf\u00f8j links til beskeder\t<\/h2>\n\t<p>Det er muligt at tilf\u00f8je links til dine beskeder. Du kan tilf\u00f8je forskellige slags link:<\/p>\n<p>1. Almindelig links til hjemmesider, men hvor du f\u00e5r m\u00e5ling p\u00e5 hvor mange der klikker p\u00e5 linket.<\/p>\n<p>2. Link til filer som f.eks. PDF filer<\/p>\n<p>3. MobilePay links, til direkte betaling i SMS beskeden<\/p>\n<p>I videoen her kan du se, hvordan du tilf\u00f8jer de forskellige typer af links<\/p>\n\t\t\t\t\t<video src=\"https:\/\/suresms.com\/wp-content\/uploads\/2026\/02\/Dokumentation-Ny-besked-Tilfoejelse-af-Links-i-beskeder.mp4\" alt=\"hosted-video-thumbnail\"><\/video>\n\t\t<h2>\n\t\t\tOpret indg\u00e5ende telefonnummer\t<\/h2>\n\t<p>\u00d8nsker du at modtage svar SMS direkte p\u00e5 SureSMS platformen eller p\u00e5 en email, skal du have en to-vejs SMS l\u00f8sning. Det vigtigste ved denne l\u00f8sning er, at du skal have et telefonnummer hos SureSMS som du kan modtage SMS&#8217;er p\u00e5. Dette koster 99,- DKK pr. m\u00e5ned. Der er ingen opsigelse p\u00e5 et nummer.<\/p>\n\t<p>Log ind p\u00e5 din SureSMS konto her : <a href=\"https:\/\/app.suresms.com\" target=\"_blank\" rel=\"noopener\">https:\/\/app.suresms.com<\/a><\/p>\n<p>Kontroller at du har mere end 99,- p\u00e5 din konto, ellers g\u00e5 til online betaling<\/p>\n<p>I menuen v\u00e6lger du <em>Indstillinger -&gt; Afsendernavn<\/em> og herefter\u00a0<em>Valg\u00a0<\/em>i \u00f8verste h\u00f8jre hj\u00f8rne.<\/p>\n<p>V\u00e6lg <em>Indg\u00e5ende SMS nummer <\/em>i undermenuen<\/p>\n<p>V\u00e6lg det indg\u00e5ende nummer du \u00f8nsker p\u00e5 listen over ledige numre<\/p>\n<p>Klik p\u00e5 <em>Bestil<\/em><\/p>\n<p>Dit indg\u00e5ende nummer er aktivt med det samme.<\/p>\n\t\t\t\t\t<video src=\"https:\/\/suresms.com\/wp-content\/uploads\/2024\/07\/Dokumentation-Bestil-indgaaende-SMS-nummer.mp4\" alt=\"hosted-video-thumbnail\"><\/video>\n\t\t\t\t\t\t\t\t\t\tHvis du \u00f8nsker at modtage indg\u00e5ende SMS p\u00e5 email \n\t\t\t\t\t<p>Klik p\u00e5\u00a0<em>Indstillinger<\/em> i menuen<\/p>\n<p>Klik p\u00e5\u00a0<em>Konto<\/em><\/p>\n<p>Klik p\u00e5 <em>Kontoindstillinger<\/em><\/p>\n<p>Klik p\u00e5 &#8220;edit&#8221;<\/p>\n<p>S\u00e6t et flueben i\u00a0<em>Send indg\u00e5ende SMS som e-mail<\/em><\/p>\n<p>S\u00f8rg for at email adressen er korrekt<\/p>\n<p>Klik p\u00e5 <em>Gem<\/em><\/p>\n<h2>\n\t\t\tSlet indg\u00e5ende telefonnummer\t<\/h2>\n\t<p>Har du ikke l\u00e6ngere brug for et indg\u00e5ende SMS nummer, er det en god ide a slette det. Det g\u00f8r dels at dine modtagere ikke ved en fejl, kommer til at sende til dig og dels spare det dig penge. L\u00e6s herunder hvordan du sletter et indg\u00e5ende SMS nummer.<\/p>\n\t<p>Log ind p\u00e5 din SureSMS konto her : <a href=\"https:\/\/app.suresms.com\" target=\"_blank\" rel=\"noopener\">https:\/\/app.suresms.com<\/a><\/p>\n<p>Kontroller at du har mere end 99,- p\u00e5 din konto, ellers g\u00e5 til online betaling<\/p>\n<p>I menuen v\u00e6lger du <em>Indstillinger -&gt; Afsendernavn<\/em><\/p>\n<p>Klik p\u00e5 <em>Slet <\/em>udfor det nummer eller navn du \u00f8nsker at slette<\/p>\n<p>Skriv nummeret eller navnet igen og klik p\u00e5 <em>OK<\/em><\/p>\n<p>Dit nummer bliver slettet med det samme. Afregningen for nummeret sker hver den 1. i m\u00e5neden.<\/p>\n<p>Du f\u00e5r ikke tilbagef\u00f8rt betalte bel\u00f8b.\u00a0<\/p>\n\t\t\t\t\t<video src=\"https:\/\/suresms.com\/wp-content\/uploads\/2024\/07\/Dokumentation-Slet-afsendernavn-og-indgaaende-SMS-nummer.mp4\" alt=\"hosted-video-thumbnail\"><\/video>\n\t\t<h2>\n\t\t\tImporter beskeder fra fil\t<\/h2>\n\t<p>Du kan lave en CSV fil med alle dine beskeder, importere og sende direkte fra Ny besked fanen. S\u00e5dan g\u00f8r du.<\/p>\n<p>F\u00f8rst laver du en CSV fil med f\u00f8lgende kolonner<\/p>\nKolonne 1: Landekode<br \/>\nKolonne 2: Telefonnummer<br \/>\nKolonne 3: Beskeden der skal sendes<br \/>\nKolonne 4: Tidspunkt hvor beskeden skal sendes (Valgfrit)\n<p>Over modtager feltet klikker du p\u00e5 <em>Valg<\/em> og herefter p\u00e5 <em>Importer fra fil.\u00a0<\/em><\/p>\n<p>Tr\u00e6k din fil over i upload feltet og klik <em>Importer.<\/em><\/p>\n<p>Gennemse de beskeder der skal sendes. Hvis de er ok, klikker du Send.<\/p>\n\n","protected":false},"excerpt":{"rendered":"<p>Ny besked Herunder kan du l\u00e6se om sk\u00e6rmbilledet\u00a0Ny besked. Hvert felt er forklaret og uddybende link er tilg\u00e6ngelige for nogle beskrivelser. Opret ny besked Lad os starte med at se sk\u00e6rmbilledet for afsendelse af ny besked. Herunder kan du se det fulde sk\u00e6rmbillede af\u00a0Ny besked.\u00a0I den efterf\u00f8lgende forklaring refereres til dette sk\u00e6rmbillede og de forskellige &#8230; <a title=\"Ny besked\" class=\"read-more\" href=\"https:\/\/suresms.com\/dk\/docs\/message\/newmessage\/\" aria-label=\"Read more about Ny besked\">L\u00e6s mere <\/a><\/p>\n","protected":false},"author":1,"featured_media":0,"parent":18168,"menu_order":0,"comment_status":"closed","ping_status":"closed","template":"","meta":{"_fl_builder_enabled":"1","_fl_builder_data":null,"_fl_builder_draft":null,"_fl_builder_data_settings":null,"_fl_builder_css":"","_fl_builder_css_version":"","_fl_builder_js":"","footnotes":""},"categories":[],"tags":[],"class_list":["post-18183","page","type-page","status-publish"],"yoast_head":"<!-- This site is optimized with the Yoast SEO Premium plugin v27.3 (Yoast SEO v27.3) - https:\/\/yoast.com\/product\/yoast-seo-premium-wordpress\/ -->\r\n<title>Ny besked -<\/title>\r\n<meta name=\"robots\" content=\"index, follow, max-snippet:-1, max-image-preview:large, max-video-preview:-1\" \/>\r\n<link rel=\"canonical\" href=\"https:\/\/suresms.com\/dk\/docs\/message\/newmessage\/\" \/>\r\n<meta property=\"og:locale\" content=\"da_DK\" \/>\r\n<meta property=\"og:type\" content=\"article\" \/>\r\n<meta property=\"og:title\" content=\"Ny besked\" \/>\r\n<meta property=\"og:description\" content=\"Ny besked Herunder kan du l\u00e6se om sk\u00e6rmbilledet\u00a0Ny besked. Hvert felt er forklaret og uddybende link er tilg\u00e6ngelige for nogle beskrivelser. Opret ny besked Lad os starte med at se sk\u00e6rmbilledet for afsendelse af ny besked. Herunder kan du se det fulde sk\u00e6rmbillede af\u00a0Ny besked.\u00a0I den efterf\u00f8lgende forklaring refereres til dette sk\u00e6rmbillede og de forskellige ... L\u00e6s mere\" \/>\r\n<meta property=\"og:url\" content=\"https:\/\/suresms.com\/dk\/docs\/message\/newmessage\/\" \/>\r\n<meta property=\"article:publisher\" content=\"https:\/\/www.facebook.com\/p\/SureSMS-100044607956149\/\" \/>\r\n<meta property=\"article:modified_time\" content=\"2026-02-17T05:14:01+00:00\" \/>\r\n<meta property=\"og:image\" content=\"https:\/\/suresms.com\/wp-content\/uploads\/2024\/07\/Ny-besked-skaermbillede-1.png\" \/>\r\n<meta name=\"twitter:card\" content=\"summary_large_image\" \/>\r\n<meta name=\"twitter:label1\" content=\"Estimeret l\u00e6setid\" \/>\n\t<meta name=\"twitter:data1\" content=\"3 minutter\" \/>\r\n<script type=\"application\/ld+json\" class=\"yoast-schema-graph\">{\"@context\":\"https:\\\/\\\/schema.org\",\"@graph\":[{\"@type\":\"WebPage\",\"@id\":\"https:\\\/\\\/suresms.com\\\/dk\\\/docs\\\/message\\\/newmessage\\\/\",\"url\":\"https:\\\/\\\/suresms.com\\\/dk\\\/docs\\\/message\\\/newmessage\\\/\",\"name\":\"Ny besked -\",\"isPartOf\":{\"@id\":\"https:\\\/\\\/suresms.com\\\/en\\\/#website\"},\"primaryImageOfPage\":{\"@id\":\"https:\\\/\\\/suresms.com\\\/dk\\\/docs\\\/message\\\/newmessage\\\/#primaryimage\"},\"image\":{\"@id\":\"https:\\\/\\\/suresms.com\\\/dk\\\/docs\\\/message\\\/newmessage\\\/#primaryimage\"},\"thumbnailUrl\":\"https:\\\/\\\/suresms.com\\\/wp-content\\\/uploads\\\/2024\\\/07\\\/Ny-besked-skaermbillede-1.png\",\"datePublished\":\"2024-07-10T16:12:05+00:00\",\"dateModified\":\"2026-02-17T05:14:01+00:00\",\"breadcrumb\":{\"@id\":\"https:\\\/\\\/suresms.com\\\/dk\\\/docs\\\/message\\\/newmessage\\\/#breadcrumb\"},\"inLanguage\":\"da-DK\",\"potentialAction\":[{\"@type\":\"ReadAction\",\"target\":[\"https:\\\/\\\/suresms.com\\\/dk\\\/docs\\\/message\\\/newmessage\\\/\"]}]},{\"@type\":\"ImageObject\",\"inLanguage\":\"da-DK\",\"@id\":\"https:\\\/\\\/suresms.com\\\/dk\\\/docs\\\/message\\\/newmessage\\\/#primaryimage\",\"url\":\"https:\\\/\\\/suresms.com\\\/wp-content\\\/uploads\\\/2024\\\/07\\\/Ny-besked-skaermbillede-1.png\",\"contentUrl\":\"https:\\\/\\\/suresms.com\\\/wp-content\\\/uploads\\\/2024\\\/07\\\/Ny-besked-skaermbillede-1.png\"},{\"@type\":\"BreadcrumbList\",\"@id\":\"https:\\\/\\\/suresms.com\\\/dk\\\/docs\\\/message\\\/newmessage\\\/#breadcrumb\",\"itemListElement\":[{\"@type\":\"ListItem\",\"position\":1,\"name\":\"Home\",\"item\":\"https:\\\/\\\/suresms.com\\\/dk\\\/\"},{\"@type\":\"ListItem\",\"position\":2,\"name\":\"Dokumentation\",\"item\":\"https:\\\/\\\/suresms.com\\\/dk\\\/docs\\\/\"},{\"@type\":\"ListItem\",\"position\":3,\"name\":\"Beskeder\",\"item\":\"https:\\\/\\\/suresms.com\\\/dk\\\/docs\\\/message\\\/\"},{\"@type\":\"ListItem\",\"position\":4,\"name\":\"Ny besked\"}]},{\"@type\":\"WebSite\",\"@id\":\"https:\\\/\\\/suresms.com\\\/en\\\/#website\",\"url\":\"https:\\\/\\\/suresms.com\\\/en\\\/\",\"name\":\"SureSMS\",\"description\":\"Professionel SMS Gateway\",\"publisher\":{\"@id\":\"https:\\\/\\\/suresms.com\\\/en\\\/#organization\"},\"potentialAction\":[{\"@type\":\"SearchAction\",\"target\":{\"@type\":\"EntryPoint\",\"urlTemplate\":\"https:\\\/\\\/suresms.com\\\/en\\\/?s={search_term_string}\"},\"query-input\":{\"@type\":\"PropertyValueSpecification\",\"valueRequired\":true,\"valueName\":\"search_term_string\"}}],\"inLanguage\":\"da-DK\"},{\"@type\":\"Organization\",\"@id\":\"https:\\\/\\\/suresms.com\\\/en\\\/#organization\",\"name\":\"SureSMS\",\"url\":\"https:\\\/\\\/suresms.com\\\/en\\\/\",\"logo\":{\"@type\":\"ImageObject\",\"inLanguage\":\"da-DK\",\"@id\":\"https:\\\/\\\/suresms.com\\\/en\\\/#\\\/schema\\\/logo\\\/image\\\/\",\"url\":\"https:\\\/\\\/suresms.com\\\/wp-content\\\/uploads\\\/2024\\\/11\\\/suresms-300x65-1.png\",\"contentUrl\":\"https:\\\/\\\/suresms.com\\\/wp-content\\\/uploads\\\/2024\\\/11\\\/suresms-300x65-1.png\",\"width\":300,\"height\":65,\"caption\":\"SureSMS\"},\"image\":{\"@id\":\"https:\\\/\\\/suresms.com\\\/en\\\/#\\\/schema\\\/logo\\\/image\\\/\"},\"sameAs\":[\"https:\\\/\\\/www.facebook.com\\\/p\\\/SureSMS-100044607956149\\\/\"]}]}<\/script>\r\n<!-- \/ Yoast SEO Premium plugin. -->","yoast_head_json":{"title":"Ny besked -","robots":{"index":"index","follow":"follow","max-snippet":"max-snippet:-1","max-image-preview":"max-image-preview:large","max-video-preview":"max-video-preview:-1"},"canonical":"https:\/\/suresms.com\/dk\/docs\/message\/newmessage\/","og_locale":"da_DK","og_type":"article","og_title":"Ny besked","og_description":"Ny besked Herunder kan du l\u00e6se om sk\u00e6rmbilledet\u00a0Ny besked. Hvert felt er forklaret og uddybende link er tilg\u00e6ngelige for nogle beskrivelser. Opret ny besked Lad os starte med at se sk\u00e6rmbilledet for afsendelse af ny besked. Herunder kan du se det fulde sk\u00e6rmbillede af\u00a0Ny besked.\u00a0I den efterf\u00f8lgende forklaring refereres til dette sk\u00e6rmbillede og de forskellige ... L\u00e6s mere","og_url":"https:\/\/suresms.com\/dk\/docs\/message\/newmessage\/","article_publisher":"https:\/\/www.facebook.com\/p\/SureSMS-100044607956149\/","article_modified_time":"2026-02-17T05:14:01+00:00","og_image":[{"url":"https:\/\/suresms.com\/wp-content\/uploads\/2024\/07\/Ny-besked-skaermbillede-1.png","type":"","width":"","height":""}],"twitter_card":"summary_large_image","twitter_misc":{"Estimeret l\u00e6setid":"3 minutter"},"schema":{"@context":"https:\/\/schema.org","@graph":[{"@type":"WebPage","@id":"https:\/\/suresms.com\/dk\/docs\/message\/newmessage\/","url":"https:\/\/suresms.com\/dk\/docs\/message\/newmessage\/","name":"Ny besked -","isPartOf":{"@id":"https:\/\/suresms.com\/en\/#website"},"primaryImageOfPage":{"@id":"https:\/\/suresms.com\/dk\/docs\/message\/newmessage\/#primaryimage"},"image":{"@id":"https:\/\/suresms.com\/dk\/docs\/message\/newmessage\/#primaryimage"},"thumbnailUrl":"https:\/\/suresms.com\/wp-content\/uploads\/2024\/07\/Ny-besked-skaermbillede-1.png","datePublished":"2024-07-10T16:12:05+00:00","dateModified":"2026-02-17T05:14:01+00:00","breadcrumb":{"@id":"https:\/\/suresms.com\/dk\/docs\/message\/newmessage\/#breadcrumb"},"inLanguage":"da-DK","potentialAction":[{"@type":"ReadAction","target":["https:\/\/suresms.com\/dk\/docs\/message\/newmessage\/"]}]},{"@type":"ImageObject","inLanguage":"da-DK","@id":"https:\/\/suresms.com\/dk\/docs\/message\/newmessage\/#primaryimage","url":"https:\/\/suresms.com\/wp-content\/uploads\/2024\/07\/Ny-besked-skaermbillede-1.png","contentUrl":"https:\/\/suresms.com\/wp-content\/uploads\/2024\/07\/Ny-besked-skaermbillede-1.png"},{"@type":"BreadcrumbList","@id":"https:\/\/suresms.com\/dk\/docs\/message\/newmessage\/#breadcrumb","itemListElement":[{"@type":"ListItem","position":1,"name":"Home","item":"https:\/\/suresms.com\/dk\/"},{"@type":"ListItem","position":2,"name":"Dokumentation","item":"https:\/\/suresms.com\/dk\/docs\/"},{"@type":"ListItem","position":3,"name":"Beskeder","item":"https:\/\/suresms.com\/dk\/docs\/message\/"},{"@type":"ListItem","position":4,"name":"Ny besked"}]},{"@type":"WebSite","@id":"https:\/\/suresms.com\/en\/#website","url":"https:\/\/suresms.com\/en\/","name":"SureSMS","description":"Professionel SMS Gateway","publisher":{"@id":"https:\/\/suresms.com\/en\/#organization"},"potentialAction":[{"@type":"SearchAction","target":{"@type":"EntryPoint","urlTemplate":"https:\/\/suresms.com\/en\/?s={search_term_string}"},"query-input":{"@type":"PropertyValueSpecification","valueRequired":true,"valueName":"search_term_string"}}],"inLanguage":"da-DK"},{"@type":"Organization","@id":"https:\/\/suresms.com\/en\/#organization","name":"SureSMS","url":"https:\/\/suresms.com\/en\/","logo":{"@type":"ImageObject","inLanguage":"da-DK","@id":"https:\/\/suresms.com\/en\/#\/schema\/logo\/image\/","url":"https:\/\/suresms.com\/wp-content\/uploads\/2024\/11\/suresms-300x65-1.png","contentUrl":"https:\/\/suresms.com\/wp-content\/uploads\/2024\/11\/suresms-300x65-1.png","width":300,"height":65,"caption":"SureSMS"},"image":{"@id":"https:\/\/suresms.com\/en\/#\/schema\/logo\/image\/"},"sameAs":["https:\/\/www.facebook.com\/p\/SureSMS-100044607956149\/"]}]}},"_links":{"self":[{"href":"https:\/\/suresms.com\/dk\/wp-json\/wp\/v2\/pages\/18183","targetHints":{"allow":["GET"]}}],"collection":[{"href":"https:\/\/suresms.com\/dk\/wp-json\/wp\/v2\/pages"}],"about":[{"href":"https:\/\/suresms.com\/dk\/wp-json\/wp\/v2\/types\/page"}],"author":[{"embeddable":true,"href":"https:\/\/suresms.com\/dk\/wp-json\/wp\/v2\/users\/1"}],"replies":[{"embeddable":true,"href":"https:\/\/suresms.com\/dk\/wp-json\/wp\/v2\/comments?post=18183"}],"version-history":[{"count":5,"href":"https:\/\/suresms.com\/dk\/wp-json\/wp\/v2\/pages\/18183\/revisions"}],"predecessor-version":[{"id":23828,"href":"https:\/\/suresms.com\/dk\/wp-json\/wp\/v2\/pages\/18183\/revisions\/23828"}],"up":[{"embeddable":true,"href":"https:\/\/suresms.com\/dk\/wp-json\/wp\/v2\/pages\/18168"}],"wp:attachment":[{"href":"https:\/\/suresms.com\/dk\/wp-json\/wp\/v2\/media?parent=18183"}],"wp:term":[{"taxonomy":"category","embeddable":true,"href":"https:\/\/suresms.com\/dk\/wp-json\/wp\/v2\/categories?post=18183"},{"taxonomy":"post_tag","embeddable":true,"href":"https:\/\/suresms.com\/dk\/wp-json\/wp\/v2\/tags?post=18183"}],"curies":[{"name":"wp","href":"https:\/\/api.w.org\/{rel}","templated":true}]}}