{"id":18177,"date":"2024-07-08T16:34:18","date_gmt":"2024-07-08T14:34:18","guid":{"rendered":"https:\/\/www.suresms.com\/dk\/?page_id=18177"},"modified":"2024-11-28T16:23:40","modified_gmt":"2024-11-28T16:23:40","slug":"report","status":"publish","type":"page","link":"https:\/\/suresms.com\/dk\/docs\/report\/","title":{"rendered":"Rapporter"},"content":{"rendered":"\n\n\t\t\t\t<!-- Flexy Breadcrumb -->\r\n\t\t\t<div class=\"fbc fbc-page\">\r\n\r\n\t\t\t\t<!-- Breadcrumb wrapper -->\r\n\t\t\t\t<div class=\"fbc-wrap\">\r\n\r\n\t\t\t\t\t<!-- Ordered list-->\r\n\t\t\t\t\t<ol class=\"fbc-items\" itemscope itemtype=\"https:\/\/schema.org\/BreadcrumbList\">\r\n\t\t\t\t\t\t            <li itemprop=\"itemListElement\" itemscope itemtype=\"https:\/\/schema.org\/ListItem\">\r\n                <span itemprop=\"name\">\r\n                    <!-- Home Link -->\r\n                    <a itemprop=\"item\" href=\"https:\/\/suresms.com\">\r\n                    \r\n                                                    <i class=\"fa fa-home\" aria-hidden=\"true\"><\/i>Home                    <\/a>\r\n                <\/span>\r\n                <meta itemprop=\"position\" content=\"1\" \/><!-- Meta Position-->\r\n             <\/li><li><span class=\"fbc-separator\">\/<\/span><\/li><li class=\"active\" itemprop=\"itemListElement\" itemscope itemtype=\"https:\/\/schema.org\/ListItem\"><span itemprop=\"name\" title=\"Rapporter\">Rapporter<\/span><meta itemprop=\"position\" content=\"2\" \/><\/li>\t\t\t\t\t<\/ol>\r\n\t\t\t\t\t<div class=\"clearfix\"><\/div>\r\n\t\t\t\t<\/div>\r\n\t\t\t<\/div>\r\n\t\t\t\n<h1>\n\t\tRapporter\n\t<\/h1>\n\t<p>L\u00e6s om de forskellige rapporteringsmuligheder du har. SMS rapporter, email og afmeldingsrapporter med mere.<\/p>\n\t\t<h3>SMS rapport<\/h3>\t\t\t\n\t\t\t\t<p>L\u00e6s om oversigten over afsendte SMS beskeder.<\/p>\n\t\t<h3>Afmeld rapport<\/h3>\t\t\t\n\t\t\t\t<p>F\u00e5 en oversigt over de afmeldinger du har f\u00e5et til dine SMS lister.\u00a0<\/p>\n\t\t<h3>E-mail rapport<\/h3>\t\t\t\n\t\t\t\t<p>Se hvilke emails der er sendt til hvilke adresser fra din SureSMS konto.<\/p>\n\n","protected":false},"excerpt":{"rendered":"<p>Rapporter L\u00e6s om de forskellige rapporteringsmuligheder du har. SMS rapporter, email og afmeldingsrapporter med mere. SMS rapport L\u00e6s om oversigten over afsendte SMS beskeder. Afmeld rapport F\u00e5 en oversigt over de afmeldinger du har f\u00e5et til dine SMS lister.\u00a0 E-mail rapport Se hvilke emails der er sendt til hvilke adresser fra din SureSMS konto.<\/p>\n","protected":false},"author":1,"featured_media":0,"parent":18121,"menu_order":0,"comment_status":"closed","ping_status":"closed","template":"","meta":{"_fl_builder_enabled":"1","_fl_builder_data":null,"_fl_builder_draft":null,"_fl_builder_data_settings":null,"_fl_builder_css":"","_fl_builder_css_version":"","_fl_builder_js":"","footnotes":""},"categories":[],"tags":[],"class_list":["post-18177","page","type-page","status-publish"],"yoast_head":"<!-- This site is optimized with the Yoast SEO Premium plugin v27.3 (Yoast SEO v27.3) - https:\/\/yoast.com\/product\/yoast-seo-premium-wordpress\/ -->\r\n<title>Rapporter -<\/title>\r\n<meta name=\"robots\" content=\"index, follow, max-snippet:-1, max-image-preview:large, max-video-preview:-1\" \/>\r\n<link rel=\"canonical\" href=\"https:\/\/suresms.com\/dk\/docs\/report\/\" \/>\r\n<meta property=\"og:locale\" content=\"da_DK\" \/>\r\n<meta property=\"og:type\" content=\"article\" \/>\r\n<meta property=\"og:title\" content=\"Rapporter\" \/>\r\n<meta property=\"og:description\" content=\"Rapporter L\u00e6s om de forskellige rapporteringsmuligheder du har. SMS rapporter, email og afmeldingsrapporter med mere. SMS rapport L\u00e6s om oversigten over afsendte SMS beskeder. Afmeld rapport F\u00e5 en oversigt over de afmeldinger du har f\u00e5et til dine SMS lister.\u00a0 E-mail rapport Se hvilke emails der er sendt til hvilke adresser fra din SureSMS konto.\" \/>\r\n<meta property=\"og:url\" content=\"https:\/\/suresms.com\/dk\/docs\/report\/\" \/>\r\n<meta property=\"article:publisher\" content=\"https:\/\/www.facebook.com\/p\/SureSMS-100044607956149\/\" \/>\r\n<meta property=\"article:modified_time\" content=\"2024-11-28T16:23:40+00:00\" \/>\r\n<meta name=\"twitter:card\" content=\"summary_large_image\" \/>\r\n<meta name=\"twitter:label1\" content=\"Estimeret l\u00e6setid\" \/>\n\t<meta name=\"twitter:data1\" content=\"1 minut\" \/>\r\n<script type=\"application\/ld+json\" class=\"yoast-schema-graph\">{\"@context\":\"https:\\\/\\\/schema.org\",\"@graph\":[{\"@type\":\"WebPage\",\"@id\":\"https:\\\/\\\/suresms.com\\\/dk\\\/docs\\\/report\\\/\",\"url\":\"https:\\\/\\\/suresms.com\\\/dk\\\/docs\\\/report\\\/\",\"name\":\"Rapporter -\",\"isPartOf\":{\"@id\":\"https:\\\/\\\/suresms.com\\\/en\\\/#website\"},\"datePublished\":\"2024-07-08T14:34:18+00:00\",\"dateModified\":\"2024-11-28T16:23:40+00:00\",\"breadcrumb\":{\"@id\":\"https:\\\/\\\/suresms.com\\\/dk\\\/docs\\\/report\\\/#breadcrumb\"},\"inLanguage\":\"da-DK\",\"potentialAction\":[{\"@type\":\"ReadAction\",\"target\":[\"https:\\\/\\\/suresms.com\\\/dk\\\/docs\\\/report\\\/\"]}]},{\"@type\":\"BreadcrumbList\",\"@id\":\"https:\\\/\\\/suresms.com\\\/dk\\\/docs\\\/report\\\/#breadcrumb\",\"itemListElement\":[{\"@type\":\"ListItem\",\"position\":1,\"name\":\"Home\",\"item\":\"https:\\\/\\\/suresms.com\\\/dk\\\/\"},{\"@type\":\"ListItem\",\"position\":2,\"name\":\"Dokumentation\",\"item\":\"https:\\\/\\\/suresms.com\\\/dk\\\/docs\\\/\"},{\"@type\":\"ListItem\",\"position\":3,\"name\":\"Rapporter\"}]},{\"@type\":\"WebSite\",\"@id\":\"https:\\\/\\\/suresms.com\\\/en\\\/#website\",\"url\":\"https:\\\/\\\/suresms.com\\\/en\\\/\",\"name\":\"SureSMS\",\"description\":\"Professionel SMS Gateway\",\"publisher\":{\"@id\":\"https:\\\/\\\/suresms.com\\\/en\\\/#organization\"},\"potentialAction\":[{\"@type\":\"SearchAction\",\"target\":{\"@type\":\"EntryPoint\",\"urlTemplate\":\"https:\\\/\\\/suresms.com\\\/en\\\/?s={search_term_string}\"},\"query-input\":{\"@type\":\"PropertyValueSpecification\",\"valueRequired\":true,\"valueName\":\"search_term_string\"}}],\"inLanguage\":\"da-DK\"},{\"@type\":\"Organization\",\"@id\":\"https:\\\/\\\/suresms.com\\\/en\\\/#organization\",\"name\":\"SureSMS\",\"url\":\"https:\\\/\\\/suresms.com\\\/en\\\/\",\"logo\":{\"@type\":\"ImageObject\",\"inLanguage\":\"da-DK\",\"@id\":\"https:\\\/\\\/suresms.com\\\/en\\\/#\\\/schema\\\/logo\\\/image\\\/\",\"url\":\"https:\\\/\\\/suresms.com\\\/wp-content\\\/uploads\\\/2024\\\/11\\\/suresms-300x65-1.png\",\"contentUrl\":\"https:\\\/\\\/suresms.com\\\/wp-content\\\/uploads\\\/2024\\\/11\\\/suresms-300x65-1.png\",\"width\":300,\"height\":65,\"caption\":\"SureSMS\"},\"image\":{\"@id\":\"https:\\\/\\\/suresms.com\\\/en\\\/#\\\/schema\\\/logo\\\/image\\\/\"},\"sameAs\":[\"https:\\\/\\\/www.facebook.com\\\/p\\\/SureSMS-100044607956149\\\/\"]}]}<\/script>\r\n<!-- \/ Yoast SEO Premium plugin. -->","yoast_head_json":{"title":"Rapporter -","robots":{"index":"index","follow":"follow","max-snippet":"max-snippet:-1","max-image-preview":"max-image-preview:large","max-video-preview":"max-video-preview:-1"},"canonical":"https:\/\/suresms.com\/dk\/docs\/report\/","og_locale":"da_DK","og_type":"article","og_title":"Rapporter","og_description":"Rapporter L\u00e6s om de forskellige rapporteringsmuligheder du har. SMS rapporter, email og afmeldingsrapporter med mere. SMS rapport L\u00e6s om oversigten over afsendte SMS beskeder. Afmeld rapport F\u00e5 en oversigt over de afmeldinger du har f\u00e5et til dine SMS lister.\u00a0 E-mail rapport Se hvilke emails der er sendt til hvilke adresser fra din SureSMS konto.","og_url":"https:\/\/suresms.com\/dk\/docs\/report\/","article_publisher":"https:\/\/www.facebook.com\/p\/SureSMS-100044607956149\/","article_modified_time":"2024-11-28T16:23:40+00:00","twitter_card":"summary_large_image","twitter_misc":{"Estimeret l\u00e6setid":"1 minut"},"schema":{"@context":"https:\/\/schema.org","@graph":[{"@type":"WebPage","@id":"https:\/\/suresms.com\/dk\/docs\/report\/","url":"https:\/\/suresms.com\/dk\/docs\/report\/","name":"Rapporter -","isPartOf":{"@id":"https:\/\/suresms.com\/en\/#website"},"datePublished":"2024-07-08T14:34:18+00:00","dateModified":"2024-11-28T16:23:40+00:00","breadcrumb":{"@id":"https:\/\/suresms.com\/dk\/docs\/report\/#breadcrumb"},"inLanguage":"da-DK","potentialAction":[{"@type":"ReadAction","target":["https:\/\/suresms.com\/dk\/docs\/report\/"]}]},{"@type":"BreadcrumbList","@id":"https:\/\/suresms.com\/dk\/docs\/report\/#breadcrumb","itemListElement":[{"@type":"ListItem","position":1,"name":"Home","item":"https:\/\/suresms.com\/dk\/"},{"@type":"ListItem","position":2,"name":"Dokumentation","item":"https:\/\/suresms.com\/dk\/docs\/"},{"@type":"ListItem","position":3,"name":"Rapporter"}]},{"@type":"WebSite","@id":"https:\/\/suresms.com\/en\/#website","url":"https:\/\/suresms.com\/en\/","name":"SureSMS","description":"Professionel SMS Gateway","publisher":{"@id":"https:\/\/suresms.com\/en\/#organization"},"potentialAction":[{"@type":"SearchAction","target":{"@type":"EntryPoint","urlTemplate":"https:\/\/suresms.com\/en\/?s={search_term_string}"},"query-input":{"@type":"PropertyValueSpecification","valueRequired":true,"valueName":"search_term_string"}}],"inLanguage":"da-DK"},{"@type":"Organization","@id":"https:\/\/suresms.com\/en\/#organization","name":"SureSMS","url":"https:\/\/suresms.com\/en\/","logo":{"@type":"ImageObject","inLanguage":"da-DK","@id":"https:\/\/suresms.com\/en\/#\/schema\/logo\/image\/","url":"https:\/\/suresms.com\/wp-content\/uploads\/2024\/11\/suresms-300x65-1.png","contentUrl":"https:\/\/suresms.com\/wp-content\/uploads\/2024\/11\/suresms-300x65-1.png","width":300,"height":65,"caption":"SureSMS"},"image":{"@id":"https:\/\/suresms.com\/en\/#\/schema\/logo\/image\/"},"sameAs":["https:\/\/www.facebook.com\/p\/SureSMS-100044607956149\/"]}]}},"_links":{"self":[{"href":"https:\/\/suresms.com\/dk\/wp-json\/wp\/v2\/pages\/18177","targetHints":{"allow":["GET"]}}],"collection":[{"href":"https:\/\/suresms.com\/dk\/wp-json\/wp\/v2\/pages"}],"about":[{"href":"https:\/\/suresms.com\/dk\/wp-json\/wp\/v2\/types\/page"}],"author":[{"embeddable":true,"href":"https:\/\/suresms.com\/dk\/wp-json\/wp\/v2\/users\/1"}],"replies":[{"embeddable":true,"href":"https:\/\/suresms.com\/dk\/wp-json\/wp\/v2\/comments?post=18177"}],"version-history":[{"count":1,"href":"https:\/\/suresms.com\/dk\/wp-json\/wp\/v2\/pages\/18177\/revisions"}],"predecessor-version":[{"id":19319,"href":"https:\/\/suresms.com\/dk\/wp-json\/wp\/v2\/pages\/18177\/revisions\/19319"}],"up":[{"embeddable":true,"href":"https:\/\/suresms.com\/dk\/wp-json\/wp\/v2\/pages\/18121"}],"wp:attachment":[{"href":"https:\/\/suresms.com\/dk\/wp-json\/wp\/v2\/media?parent=18177"}],"wp:term":[{"taxonomy":"category","embeddable":true,"href":"https:\/\/suresms.com\/dk\/wp-json\/wp\/v2\/categories?post=18177"},{"taxonomy":"post_tag","embeddable":true,"href":"https:\/\/suresms.com\/dk\/wp-json\/wp\/v2\/tags?post=18177"}],"curies":[{"name":"wp","href":"https:\/\/api.w.org\/{rel}","templated":true}]}}