{"id":18159,"date":"2024-07-05T10:02:03","date_gmt":"2024-07-05T08:02:03","guid":{"rendered":"https:\/\/www.suresms.com\/dk\/?page_id=18159"},"modified":"2025-07-31T10:42:20","modified_gmt":"2025-07-31T10:42:20","slug":"sendername","status":"publish","type":"page","link":"https:\/\/suresms.com\/dk\/docs\/account\/sendername\/","title":{"rendered":"Afsendernavn"},"content":{"rendered":"\n\n\t\t\t\t<!-- Flexy Breadcrumb -->\r\n\t\t\t<div class=\"fbc fbc-page\">\r\n\r\n\t\t\t\t<!-- Breadcrumb wrapper -->\r\n\t\t\t\t<div class=\"fbc-wrap\">\r\n\r\n\t\t\t\t\t<!-- Ordered list-->\r\n\t\t\t\t\t<ol class=\"fbc-items\" itemscope itemtype=\"https:\/\/schema.org\/BreadcrumbList\">\r\n\t\t\t\t\t\t            <li itemprop=\"itemListElement\" itemscope itemtype=\"https:\/\/schema.org\/ListItem\">\r\n                <span itemprop=\"name\">\r\n                    <!-- Home Link -->\r\n                    <a itemprop=\"item\" href=\"https:\/\/suresms.com\">\r\n                    \r\n                                                    <i class=\"fa fa-home\" aria-hidden=\"true\"><\/i>Home                    <\/a>\r\n                <\/span>\r\n                <meta itemprop=\"position\" content=\"1\" \/><!-- Meta Position-->\r\n             <\/li><li><span class=\"fbc-separator\">\/<\/span><\/li><li class=\"active\" itemprop=\"itemListElement\" itemscope itemtype=\"https:\/\/schema.org\/ListItem\"><span itemprop=\"name\" title=\"Afsendernavn\">Afsendernavn<\/span><meta itemprop=\"position\" content=\"2\" \/><\/li>\t\t\t\t\t<\/ol>\r\n\t\t\t\t\t<div class=\"clearfix\"><\/div>\r\n\t\t\t\t<\/div>\r\n\t\t\t<\/div>\r\n\t\t\t\n<h1>\n\t\t\tAfsendernavn og indg\u00e5ende telefonnummer\t<\/h1>\n\t<p>Du kan bestille et andet telefonnummer som afsendernavn eller du kan bestille en tekst som afsendernavn. Det er ogs\u00e5 muligt at bestille et indg\u00e5ende telefonnummer. L\u00e6s herunder hvordan.<\/p>\n<h2>\n\t\t\tOpret afsendernavn \t<\/h2>\n\t<p>Du kan v\u00e6lge at bruge et afsendernavn n\u00e5r du sender din SMS. F.eks. SMS-Service eller MitFirma som afsender. G\u00f8r du det, er det ikke muligt for modtageren at besvare din SMS. Du kan ogs\u00e5 v\u00e6lge at bruge et telefonnummer. Det kunne f.eks. v\u00e6re foreningens mobil-nummer eller virksomhedens kundesupport. Hvis du g\u00f8r det, og nummeret er et mobilnummer, kan modtageren besvare din SMS svaret bliver sendt til denne telefon.<\/p>\n\t<p>Log ind p\u00e5 din SureSMS konto her : <a href=\"https:\/\/app.suresms.com\" target=\"_blank\" rel=\"noopener\">https:\/\/app.suresms.com<\/a><\/p>\n<p>I menuen v\u00e6lger du <em>Indstillinger -&gt; Afsendernavn<\/em><\/p>\nDu kan nu i menuen v\u00e6lge mellem<br \/>\n<em>Nyt afsendernavn<br \/>\n<\/em>Hvis du f.eks. \u00f8nsker en afsender der er dit firmanavn eller din service.\n<em>Registrerer eget nummer<br \/>\n<\/em>Hvis du \u00f8nsker mulighed for at sende fra et andet telefonnummer. N\u00e5r du v\u00e6lger dette, sendes en SMS til nummeret og modtageren skal bekr\u00e6fte, at du kan sende p\u00e5 vegne af dem, inden nummeret aktiveres.\n<em>Indg\u00e5ende SMS telefonnummer<br \/>\n<\/em>\u00d8nsker du at modtage SMS beskeder p\u00e5 SureSMS platformen, skal du v\u00e6lge denne mulighed. Det koster 99,- pr. m\u00e5ned at have et indg\u00e5ende nummer.\n<p>Klik p\u00e5 <em>Bestil<\/em><\/p>\n\t\t\t\t\t<video src=\"https:\/\/suresms.com\/wp-content\/uploads\/2025\/07\/OK-Dokumentation-Opret-nyt-afsendernavn.mp4\" alt=\"hosted-video-thumbnail\"><\/video>\n\t\t<h2>\n\t\t\tSlet afsendernavn\t<\/h2>\n\t<p>Log ind p\u00e5 din SureSMS konto her : <a href=\"https:\/\/app.suresms.com\" target=\"_blank\" rel=\"noopener\">https:\/\/app.suresms.com<\/a><\/p>\n<p>I menuen v\u00e6lger du <em>Indstillinger -&gt; Afsendernavn<\/em><\/p>\n<p>Find det afsendernavn du gerne vil slette.<\/p>\n<p>Klik p\u00e5 skraldespanden udfor navnet.<\/p>\n<p>Skriv nu afsendernavnet igen i feltet og klik p\u00e5 Slet.<\/p>\n\t\t\t\t\t<video src=\"https:\/\/suresms.com\/wp-content\/uploads\/2025\/07\/OK-Dokumentation-Slet-afsendernavn.mp4\" alt=\"hosted-video-thumbnail\"><\/video>\n\t\t<h2>\n\t\t\tOpret indg\u00e5ende telefonnummer\t<\/h2>\n\t<p>\u00d8nsker du at modtage svar SMS direkte p\u00e5 SureSMS platformen eller p\u00e5 en email, skal du have en to-vejs SMS l\u00f8sning. Det vigtigste ved denne l\u00f8sning er, at du skal have et telefonnummer hos SureSMS som du kan modtage SMS&#8217;er p\u00e5. Dette koster 99,- DKK pr. m\u00e5ned. Der er ingen opsigelse p\u00e5 et nummer.<\/p>\n\t<p>Log ind p\u00e5 din SureSMS konto her : <a href=\"https:\/\/app.suresms.com\" target=\"_blank\" rel=\"noopener\">https:\/\/app.suresms.com<\/a><\/p>\n<p>Kontroller at du har mere end 99,- p\u00e5 din konto, ellers g\u00e5 til online betaling<\/p>\n<p>I menuen v\u00e6lger du <em>Indstillinger -&gt; Afsendernavn<\/em> og herefter\u00a0<em>Valg\u00a0<\/em>i \u00f8verste h\u00f8jre hj\u00f8rne.<\/p>\n<p>V\u00e6lg <em>Indg\u00e5ende SMS nummer <\/em>i undermenuen<\/p>\n<p>V\u00e6lg det indg\u00e5ende nummer du \u00f8nsker p\u00e5 listen over ledige numre<\/p>\n<p>Klik p\u00e5 <em>Bestil<\/em><\/p>\n<p>Dit indg\u00e5ende nummer er aktivt med det samme.<\/p>\n\t\t\t\t\t\t\t\t\t\tHvis du \u00f8nsker at modtage indg\u00e5ende SMS p\u00e5 email \n\t\t\t\t\t<p>Klik p\u00e5\u00a0<em>Indstillinger<\/em> i menuen<\/p>\n<p>Klik p\u00e5\u00a0<em>Konto<\/em><\/p>\n<p>Klik p\u00e5 <em>Kontoindstillinger<\/em><\/p>\n<p>Klik p\u00e5 &#8220;edit&#8221;<\/p>\n<p>S\u00e6t et flueben i\u00a0<em>Send indg\u00e5ende SMS som e-mail<\/em><\/p>\n<p>S\u00f8rg for at email adressen er korrekt<\/p>\n<p>Klik p\u00e5 <em>Gem<\/em><\/p>\n\t\t\t\t\t<video src=\"https:\/\/suresms.com\/wp-content\/uploads\/2024\/07\/Dokumentation-Bestil-indgaaende-SMS-nummer.mp4\" alt=\"hosted-video-thumbnail\"><\/video>\n\t\t<h2>\n\t\t\tSlet indg\u00e5ende telefonnummer\t<\/h2>\n\t<p>Har du ikke l\u00e6ngere brug for et indg\u00e5ende SMS nummer, er det en god ide a slette det. Det g\u00f8r dels at dine modtagere ikke ved en fejl, kommer til at sende til dig og dels spare det dig penge. L\u00e6s herunder hvordan du sletter et indg\u00e5ende SMS nummer.<\/p>\n\t<p>Log ind p\u00e5 din SureSMS konto her : <a href=\"https:\/\/app.suresms.com\" target=\"_blank\" rel=\"noopener\">https:\/\/app.suresms.com<\/a><\/p>\n<p>Kontroller at du har mere end 99,- p\u00e5 din konto, ellers g\u00e5 til online betaling<\/p>\n<p>I menuen v\u00e6lger du <em>Indstillinger -&gt; Afsendernavn<\/em><\/p>\n<p>Klik p\u00e5 <em>Slet <\/em>udfor det nummer eller navn du \u00f8nsker at slette<\/p>\n<p>Skriv nummeret eller navnet igen og klik p\u00e5 <em>OK<\/em><\/p>\n<p>Dit nummer bliver slettet med det samme. Afregningen for nummeret sker hver den 1. i m\u00e5neden.<\/p>\n<p>Du f\u00e5r ikke tilbagef\u00f8rt betalte bel\u00f8b.\u00a0<\/p>\n\t\t\t\t\t<video src=\"https:\/\/suresms.com\/wp-content\/uploads\/2024\/07\/Dokumentation-Slet-afsendernavn-og-indgaaende-SMS-nummer.mp4\" alt=\"hosted-video-thumbnail\"><\/video>\n\t\t\n","protected":false},"excerpt":{"rendered":"<p>Afsendernavn og indg\u00e5ende telefonnummer Du kan bestille et andet telefonnummer som afsendernavn eller du kan bestille en tekst som afsendernavn. Det er ogs\u00e5 muligt at bestille et indg\u00e5ende telefonnummer. L\u00e6s herunder hvordan. Opret afsendernavn Du kan v\u00e6lge at bruge et afsendernavn n\u00e5r du sender din SMS. F.eks. SMS-Service eller MitFirma som afsender. G\u00f8r du det, &#8230; <a title=\"Afsendernavn\" class=\"read-more\" href=\"https:\/\/suresms.com\/dk\/docs\/account\/sendername\/\" aria-label=\"Read more about Afsendernavn\">L\u00e6s mere <\/a><\/p>\n","protected":false},"author":1,"featured_media":0,"parent":18156,"menu_order":0,"comment_status":"closed","ping_status":"closed","template":"","meta":{"_fl_builder_enabled":"1","_fl_builder_data":null,"_fl_builder_draft":null,"_fl_builder_data_settings":null,"_fl_builder_css":"","_fl_builder_css_version":"","_fl_builder_js":"","footnotes":""},"categories":[],"tags":[],"class_list":["post-18159","page","type-page","status-publish"],"yoast_head":"<!-- This site is optimized with the Yoast SEO Premium plugin v27.3 (Yoast SEO v27.3) - https:\/\/yoast.com\/product\/yoast-seo-premium-wordpress\/ -->\r\n<title>Afsendernavn -<\/title>\r\n<meta name=\"robots\" content=\"index, follow, max-snippet:-1, max-image-preview:large, max-video-preview:-1\" \/>\r\n<link rel=\"canonical\" href=\"https:\/\/suresms.com\/dk\/docs\/account\/sendername\/\" \/>\r\n<meta property=\"og:locale\" content=\"da_DK\" \/>\r\n<meta property=\"og:type\" content=\"article\" \/>\r\n<meta property=\"og:title\" content=\"Afsendernavn\" \/>\r\n<meta property=\"og:description\" content=\"Afsendernavn og indg\u00e5ende telefonnummer Du kan bestille et andet telefonnummer som afsendernavn eller du kan bestille en tekst som afsendernavn. Det er ogs\u00e5 muligt at bestille et indg\u00e5ende telefonnummer. L\u00e6s herunder hvordan. Opret afsendernavn Du kan v\u00e6lge at bruge et afsendernavn n\u00e5r du sender din SMS. F.eks. SMS-Service eller MitFirma som afsender. G\u00f8r du det, ... L\u00e6s mere\" \/>\r\n<meta property=\"og:url\" content=\"https:\/\/suresms.com\/dk\/docs\/account\/sendername\/\" \/>\r\n<meta property=\"article:publisher\" content=\"https:\/\/www.facebook.com\/p\/SureSMS-100044607956149\/\" \/>\r\n<meta property=\"article:modified_time\" content=\"2025-07-31T10:42:20+00:00\" \/>\r\n<meta name=\"twitter:card\" content=\"summary_large_image\" \/>\r\n<meta name=\"twitter:label1\" content=\"Estimeret l\u00e6setid\" \/>\n\t<meta name=\"twitter:data1\" content=\"1 minut\" \/>\r\n<script type=\"application\/ld+json\" class=\"yoast-schema-graph\">{\"@context\":\"https:\\\/\\\/schema.org\",\"@graph\":[{\"@type\":\"WebPage\",\"@id\":\"https:\\\/\\\/suresms.com\\\/dk\\\/docs\\\/account\\\/sendername\\\/\",\"url\":\"https:\\\/\\\/suresms.com\\\/dk\\\/docs\\\/account\\\/sendername\\\/\",\"name\":\"Afsendernavn -\",\"isPartOf\":{\"@id\":\"https:\\\/\\\/suresms.com\\\/en\\\/#website\"},\"datePublished\":\"2024-07-05T08:02:03+00:00\",\"dateModified\":\"2025-07-31T10:42:20+00:00\",\"breadcrumb\":{\"@id\":\"https:\\\/\\\/suresms.com\\\/dk\\\/docs\\\/account\\\/sendername\\\/#breadcrumb\"},\"inLanguage\":\"da-DK\",\"potentialAction\":[{\"@type\":\"ReadAction\",\"target\":[\"https:\\\/\\\/suresms.com\\\/dk\\\/docs\\\/account\\\/sendername\\\/\"]}]},{\"@type\":\"BreadcrumbList\",\"@id\":\"https:\\\/\\\/suresms.com\\\/dk\\\/docs\\\/account\\\/sendername\\\/#breadcrumb\",\"itemListElement\":[{\"@type\":\"ListItem\",\"position\":1,\"name\":\"Home\",\"item\":\"https:\\\/\\\/suresms.com\\\/dk\\\/\"},{\"@type\":\"ListItem\",\"position\":2,\"name\":\"Dokumentation\",\"item\":\"https:\\\/\\\/suresms.com\\\/dk\\\/docs\\\/\"},{\"@type\":\"ListItem\",\"position\":3,\"name\":\"Konto\",\"item\":\"https:\\\/\\\/suresms.com\\\/dk\\\/docs\\\/account\\\/\"},{\"@type\":\"ListItem\",\"position\":4,\"name\":\"Afsendernavn\"}]},{\"@type\":\"WebSite\",\"@id\":\"https:\\\/\\\/suresms.com\\\/en\\\/#website\",\"url\":\"https:\\\/\\\/suresms.com\\\/en\\\/\",\"name\":\"SureSMS\",\"description\":\"Professionel SMS Gateway\",\"publisher\":{\"@id\":\"https:\\\/\\\/suresms.com\\\/en\\\/#organization\"},\"potentialAction\":[{\"@type\":\"SearchAction\",\"target\":{\"@type\":\"EntryPoint\",\"urlTemplate\":\"https:\\\/\\\/suresms.com\\\/en\\\/?s={search_term_string}\"},\"query-input\":{\"@type\":\"PropertyValueSpecification\",\"valueRequired\":true,\"valueName\":\"search_term_string\"}}],\"inLanguage\":\"da-DK\"},{\"@type\":\"Organization\",\"@id\":\"https:\\\/\\\/suresms.com\\\/en\\\/#organization\",\"name\":\"SureSMS\",\"url\":\"https:\\\/\\\/suresms.com\\\/en\\\/\",\"logo\":{\"@type\":\"ImageObject\",\"inLanguage\":\"da-DK\",\"@id\":\"https:\\\/\\\/suresms.com\\\/en\\\/#\\\/schema\\\/logo\\\/image\\\/\",\"url\":\"https:\\\/\\\/suresms.com\\\/wp-content\\\/uploads\\\/2024\\\/11\\\/suresms-300x65-1.png\",\"contentUrl\":\"https:\\\/\\\/suresms.com\\\/wp-content\\\/uploads\\\/2024\\\/11\\\/suresms-300x65-1.png\",\"width\":300,\"height\":65,\"caption\":\"SureSMS\"},\"image\":{\"@id\":\"https:\\\/\\\/suresms.com\\\/en\\\/#\\\/schema\\\/logo\\\/image\\\/\"},\"sameAs\":[\"https:\\\/\\\/www.facebook.com\\\/p\\\/SureSMS-100044607956149\\\/\"]}]}<\/script>\r\n<!-- \/ Yoast SEO Premium plugin. -->","yoast_head_json":{"title":"Afsendernavn -","robots":{"index":"index","follow":"follow","max-snippet":"max-snippet:-1","max-image-preview":"max-image-preview:large","max-video-preview":"max-video-preview:-1"},"canonical":"https:\/\/suresms.com\/dk\/docs\/account\/sendername\/","og_locale":"da_DK","og_type":"article","og_title":"Afsendernavn","og_description":"Afsendernavn og indg\u00e5ende telefonnummer Du kan bestille et andet telefonnummer som afsendernavn eller du kan bestille en tekst som afsendernavn. Det er ogs\u00e5 muligt at bestille et indg\u00e5ende telefonnummer. L\u00e6s herunder hvordan. Opret afsendernavn Du kan v\u00e6lge at bruge et afsendernavn n\u00e5r du sender din SMS. F.eks. SMS-Service eller MitFirma som afsender. G\u00f8r du det, ... L\u00e6s mere","og_url":"https:\/\/suresms.com\/dk\/docs\/account\/sendername\/","article_publisher":"https:\/\/www.facebook.com\/p\/SureSMS-100044607956149\/","article_modified_time":"2025-07-31T10:42:20+00:00","twitter_card":"summary_large_image","twitter_misc":{"Estimeret l\u00e6setid":"1 minut"},"schema":{"@context":"https:\/\/schema.org","@graph":[{"@type":"WebPage","@id":"https:\/\/suresms.com\/dk\/docs\/account\/sendername\/","url":"https:\/\/suresms.com\/dk\/docs\/account\/sendername\/","name":"Afsendernavn -","isPartOf":{"@id":"https:\/\/suresms.com\/en\/#website"},"datePublished":"2024-07-05T08:02:03+00:00","dateModified":"2025-07-31T10:42:20+00:00","breadcrumb":{"@id":"https:\/\/suresms.com\/dk\/docs\/account\/sendername\/#breadcrumb"},"inLanguage":"da-DK","potentialAction":[{"@type":"ReadAction","target":["https:\/\/suresms.com\/dk\/docs\/account\/sendername\/"]}]},{"@type":"BreadcrumbList","@id":"https:\/\/suresms.com\/dk\/docs\/account\/sendername\/#breadcrumb","itemListElement":[{"@type":"ListItem","position":1,"name":"Home","item":"https:\/\/suresms.com\/dk\/"},{"@type":"ListItem","position":2,"name":"Dokumentation","item":"https:\/\/suresms.com\/dk\/docs\/"},{"@type":"ListItem","position":3,"name":"Konto","item":"https:\/\/suresms.com\/dk\/docs\/account\/"},{"@type":"ListItem","position":4,"name":"Afsendernavn"}]},{"@type":"WebSite","@id":"https:\/\/suresms.com\/en\/#website","url":"https:\/\/suresms.com\/en\/","name":"SureSMS","description":"Professionel SMS Gateway","publisher":{"@id":"https:\/\/suresms.com\/en\/#organization"},"potentialAction":[{"@type":"SearchAction","target":{"@type":"EntryPoint","urlTemplate":"https:\/\/suresms.com\/en\/?s={search_term_string}"},"query-input":{"@type":"PropertyValueSpecification","valueRequired":true,"valueName":"search_term_string"}}],"inLanguage":"da-DK"},{"@type":"Organization","@id":"https:\/\/suresms.com\/en\/#organization","name":"SureSMS","url":"https:\/\/suresms.com\/en\/","logo":{"@type":"ImageObject","inLanguage":"da-DK","@id":"https:\/\/suresms.com\/en\/#\/schema\/logo\/image\/","url":"https:\/\/suresms.com\/wp-content\/uploads\/2024\/11\/suresms-300x65-1.png","contentUrl":"https:\/\/suresms.com\/wp-content\/uploads\/2024\/11\/suresms-300x65-1.png","width":300,"height":65,"caption":"SureSMS"},"image":{"@id":"https:\/\/suresms.com\/en\/#\/schema\/logo\/image\/"},"sameAs":["https:\/\/www.facebook.com\/p\/SureSMS-100044607956149\/"]}]}},"_links":{"self":[{"href":"https:\/\/suresms.com\/dk\/wp-json\/wp\/v2\/pages\/18159","targetHints":{"allow":["GET"]}}],"collection":[{"href":"https:\/\/suresms.com\/dk\/wp-json\/wp\/v2\/pages"}],"about":[{"href":"https:\/\/suresms.com\/dk\/wp-json\/wp\/v2\/types\/page"}],"author":[{"embeddable":true,"href":"https:\/\/suresms.com\/dk\/wp-json\/wp\/v2\/users\/1"}],"replies":[{"embeddable":true,"href":"https:\/\/suresms.com\/dk\/wp-json\/wp\/v2\/comments?post=18159"}],"version-history":[{"count":1,"href":"https:\/\/suresms.com\/dk\/wp-json\/wp\/v2\/pages\/18159\/revisions"}],"predecessor-version":[{"id":23457,"href":"https:\/\/suresms.com\/dk\/wp-json\/wp\/v2\/pages\/18159\/revisions\/23457"}],"up":[{"embeddable":true,"href":"https:\/\/suresms.com\/dk\/wp-json\/wp\/v2\/pages\/18156"}],"wp:attachment":[{"href":"https:\/\/suresms.com\/dk\/wp-json\/wp\/v2\/media?parent=18159"}],"wp:term":[{"taxonomy":"category","embeddable":true,"href":"https:\/\/suresms.com\/dk\/wp-json\/wp\/v2\/categories?post=18159"},{"taxonomy":"post_tag","embeddable":true,"href":"https:\/\/suresms.com\/dk\/wp-json\/wp\/v2\/tags?post=18159"}],"curies":[{"name":"wp","href":"https:\/\/api.w.org\/{rel}","templated":true}]}}