{"id":18121,"date":"2024-07-04T14:34:42","date_gmt":"2024-07-04T12:34:42","guid":{"rendered":"https:\/\/www.suresms.com\/dk\/?page_id=18121"},"modified":"2025-11-11T10:39:49","modified_gmt":"2025-11-11T10:39:49","slug":"docs","status":"publish","type":"page","link":"https:\/\/suresms.com\/dk\/docs\/","title":{"rendered":"Dokumentation"},"content":{"rendered":"\n<h1>\n\t\t\tS\u00e5dan bruger du SureSMS applikationen\t<\/h1>\n\t<p>Herunder finder du beskrivelse af de forskellige funktioner i menuen. Du finder ligeledes en sektion med guides der fort\u00e6ller hvordan man laver ops\u00e6tning af mere komplekse l\u00f8sninger.<\/p>\n\t<a href=\"https:\/\/suresms.com\/dk\/docs\/message\/\" target=\"_self\"  aria-label=\"Go to https:\/\/suresms.com\/dk\/docs\/message\/\"><\/a>\n\t\t<h3>Beskeder<\/h3>\t\t\t\n\t\t\t\t<p>L\u00e6s hvordan du sender en ny besked. Hvor du ser dine afsendte og modtaget beskeder.\u00a0<\/p>\n\t<a href=\"https:\/\/suresms.com\/dk\/docs\/addressbook\/\" target=\"_self\"  aria-label=\"Go to https:\/\/suresms.com\/dk\/docs\/addressbook\/\"><\/a>\n\t\t<h3>Adressebog<\/h3>\t\t\t\n\t\t\t\t<p>L\u00e6s om kontakter og import af kontakter. L\u00e6s om grupper og hvordan du organisere din kontakter i grupper.\u00a0<\/p>\n\t<a href=\"https:\/\/suresms.com\/dk\/docs\/report\/\" target=\"_self\"  aria-label=\"Go to https:\/\/suresms.com\/dk\/docs\/report\/\"><\/a>\n\t\t<h3>Rapporter<\/h3>\t\t\t\n\t\t\t\t<p>L\u00e6s om de rapporter du kan tr\u00e6kke ud af systemet. Eksport af rapporter.<\/p>\n\t<a href=\"https:\/\/suresms.com\/dk\/docs\/troubleshooting\/\" target=\"_self\"  aria-label=\"Go to https:\/\/suresms.com\/dk\/docs\/troubleshooting\/\"><\/a>\n\t\t<h3>Fejlfinding<\/h3>\t\t\t\n\t\t\t\t<p>Oplever du fejl i systemerne er her en r\u00e6kke vejledninger til at finde og rette fejl.<\/p>\n\t<a href=\"https:\/\/suresms.com\/dk\/docs\/finance\/\" target=\"_self\"  aria-label=\"Go to https:\/\/suresms.com\/dk\/docs\/finance\/\"><\/a>\n\t\t<h3>\u00d8konomi<\/h3>\t\t\t\n\t\t\t\t<p>L\u00e6s om hvordan du ser dit forbrug, henter dine fakturaer og bestiller et kontoudtog.\u00a0<\/p>\n\t\t<h3>Integrationer<\/h3>\t\t\t\n\t\t\t\t<p>L\u00e6s om hvordan du ops\u00e6tter integrationer med andre systemer.\u00a0<\/p>\n\t<a href=\"https:\/\/suresms.com\/dk\/docs\/account\/\" target=\"_self\"  aria-label=\"Go to https:\/\/suresms.com\/dk\/docs\/account\/\"><\/a>\n\t\t<h3>Konto<\/h3>\t\t\t\n\t\t\t\t<p>L\u00e6s om hvordan du ops\u00e6tter din konto og hvilke indstillinger du kan lave.<\/p>\n<h1>\n\t\t\tOps\u00e6tningsvejledninger\t<\/h1>\n\t<p>Herunder finder du vejledning i ops\u00e6tning af SureSMS til at g\u00f8re forskellige ting.<\/p>\n\t<a href=\"https:\/\/suresms.com\/dk\/docs\/guides\/noglebokse_og_koder\/\" target=\"_self\"  aria-label=\"Go to https:\/\/suresms.com\/dk\/docs\/guides\/noglebokse_og_koder\/\"><\/a>\n\t\t<h3>N\u00f8glebokse og koder<\/h3>\t\t\t\n\t\t\t\t<p>Du kan ops\u00e6tte SureSMS til at sende en SMS med en kode til en n\u00f8gleboks eller h\u00e6ngel\u00e5s. P\u00e5 den m\u00e5de kan du se hvem der har f\u00e5et adgang og hvorn\u00e5r.\u00a0<\/p>\n\t<a href=\"https:\/\/suresms.com\/dk\/docs\/guides\/sms-2-sms-opstning\/\" target=\"_self\"  aria-label=\"Go to https:\/\/suresms.com\/dk\/docs\/guides\/sms-2-sms-opstning\/\"><\/a>\n\t\t<h3>SMS-2-SMS ops\u00e6tning<\/h3>\t\t\t\n\t\t\t\t<p>\u00d8nsker du at s\u00e6tte SureSMS op, s\u00e5 du kan sende en SMS til SureSMS der sendes ud til en hel liste af kontakter, er der her en vejledning til ops\u00e6tning af det.\u00a0<\/p>\n\t<a href=\"https:\/\/suresms.com\/dk\/docs\/guides\/faa-tilmeldinger-til-din-sms-liste\/\" target=\"_self\"  aria-label=\"Go to https:\/\/suresms.com\/dk\/docs\/guides\/faa-tilmeldinger-til-din-sms-liste\/\"><\/a>\n\t\t<h3>F\u00e5 tilmeldinger til din SMS list<\/h3>\t\t\t\n\t\t\t\t<p>Beskrivelse af hvordan en person selv kan tilmelde sig din SMS liste. Ved at sende en SMS, med QR kode eller udfyldelse af formular.\u00a0<\/p>\n\n","protected":false},"excerpt":{"rendered":"<p>S\u00e5dan bruger du SureSMS applikationen Herunder finder du beskrivelse af de forskellige funktioner i menuen. Du finder ligeledes en sektion med guides der fort\u00e6ller hvordan man laver ops\u00e6tning af mere komplekse l\u00f8sninger. Beskeder L\u00e6s hvordan du sender en ny besked. Hvor du ser dine afsendte og modtaget beskeder.\u00a0 Adressebog L\u00e6s om kontakter og import af &#8230; <a title=\"Dokumentation\" class=\"read-more\" href=\"https:\/\/suresms.com\/dk\/docs\/\" aria-label=\"Read more about Dokumentation\">L\u00e6s mere <\/a><\/p>\n","protected":false},"author":1,"featured_media":0,"parent":0,"menu_order":0,"comment_status":"closed","ping_status":"closed","template":"","meta":{"_fl_builder_enabled":"1","_fl_builder_data":null,"_fl_builder_draft":null,"_fl_builder_data_settings":null,"_fl_builder_css":"","_fl_builder_css_version":"","_fl_builder_js":"","footnotes":""},"categories":[17],"tags":[],"class_list":{"0":"post-18121","1":"page","2":"type-page","3":"status-publish","5":"category-linkfracornorstone"},"yoast_head":"<!-- This site is optimized with the Yoast SEO Premium plugin v27.3 (Yoast SEO v27.3) - https:\/\/yoast.com\/product\/yoast-seo-premium-wordpress\/ -->\r\n<title>Dokumentation -<\/title>\r\n<meta name=\"robots\" content=\"index, follow, max-snippet:-1, max-image-preview:large, max-video-preview:-1\" \/>\r\n<link rel=\"canonical\" href=\"https:\/\/suresms.com\/dk\/docs\/\" \/>\r\n<meta property=\"og:locale\" content=\"da_DK\" \/>\r\n<meta property=\"og:type\" content=\"article\" \/>\r\n<meta property=\"og:title\" content=\"Dokumentation\" \/>\r\n<meta property=\"og:description\" content=\"S\u00e5dan bruger du SureSMS applikationen Herunder finder du beskrivelse af de forskellige funktioner i menuen. Du finder ligeledes en sektion med guides der fort\u00e6ller hvordan man laver ops\u00e6tning af mere komplekse l\u00f8sninger. Beskeder L\u00e6s hvordan du sender en ny besked. Hvor du ser dine afsendte og modtaget beskeder.\u00a0 Adressebog L\u00e6s om kontakter og import af ... L\u00e6s mere\" \/>\r\n<meta property=\"og:url\" content=\"https:\/\/suresms.com\/dk\/docs\/\" \/>\r\n<meta property=\"article:publisher\" content=\"https:\/\/www.facebook.com\/p\/SureSMS-100044607956149\/\" \/>\r\n<meta property=\"article:modified_time\" content=\"2025-11-11T10:39:49+00:00\" \/>\r\n<meta name=\"twitter:card\" content=\"summary_large_image\" \/>\r\n<meta name=\"twitter:label1\" content=\"Estimeret l\u00e6setid\" \/>\n\t<meta name=\"twitter:data1\" content=\"1 minut\" \/>\r\n<script type=\"application\/ld+json\" class=\"yoast-schema-graph\">{\"@context\":\"https:\\\/\\\/schema.org\",\"@graph\":[{\"@type\":\"WebPage\",\"@id\":\"https:\\\/\\\/suresms.com\\\/dk\\\/docs\\\/\",\"url\":\"https:\\\/\\\/suresms.com\\\/dk\\\/docs\\\/\",\"name\":\"Dokumentation -\",\"isPartOf\":{\"@id\":\"https:\\\/\\\/suresms.com\\\/en\\\/#website\"},\"datePublished\":\"2024-07-04T12:34:42+00:00\",\"dateModified\":\"2025-11-11T10:39:49+00:00\",\"breadcrumb\":{\"@id\":\"https:\\\/\\\/suresms.com\\\/dk\\\/docs\\\/#breadcrumb\"},\"inLanguage\":\"da-DK\",\"potentialAction\":[{\"@type\":\"ReadAction\",\"target\":[\"https:\\\/\\\/suresms.com\\\/dk\\\/docs\\\/\"]}]},{\"@type\":\"BreadcrumbList\",\"@id\":\"https:\\\/\\\/suresms.com\\\/dk\\\/docs\\\/#breadcrumb\",\"itemListElement\":[{\"@type\":\"ListItem\",\"position\":1,\"name\":\"Home\",\"item\":\"https:\\\/\\\/suresms.com\\\/dk\\\/\"},{\"@type\":\"ListItem\",\"position\":2,\"name\":\"Dokumentation\"}]},{\"@type\":\"WebSite\",\"@id\":\"https:\\\/\\\/suresms.com\\\/en\\\/#website\",\"url\":\"https:\\\/\\\/suresms.com\\\/en\\\/\",\"name\":\"SureSMS\",\"description\":\"Professionel SMS Gateway\",\"publisher\":{\"@id\":\"https:\\\/\\\/suresms.com\\\/en\\\/#organization\"},\"potentialAction\":[{\"@type\":\"SearchAction\",\"target\":{\"@type\":\"EntryPoint\",\"urlTemplate\":\"https:\\\/\\\/suresms.com\\\/en\\\/?s={search_term_string}\"},\"query-input\":{\"@type\":\"PropertyValueSpecification\",\"valueRequired\":true,\"valueName\":\"search_term_string\"}}],\"inLanguage\":\"da-DK\"},{\"@type\":\"Organization\",\"@id\":\"https:\\\/\\\/suresms.com\\\/en\\\/#organization\",\"name\":\"SureSMS\",\"url\":\"https:\\\/\\\/suresms.com\\\/en\\\/\",\"logo\":{\"@type\":\"ImageObject\",\"inLanguage\":\"da-DK\",\"@id\":\"https:\\\/\\\/suresms.com\\\/en\\\/#\\\/schema\\\/logo\\\/image\\\/\",\"url\":\"https:\\\/\\\/suresms.com\\\/wp-content\\\/uploads\\\/2024\\\/11\\\/suresms-300x65-1.png\",\"contentUrl\":\"https:\\\/\\\/suresms.com\\\/wp-content\\\/uploads\\\/2024\\\/11\\\/suresms-300x65-1.png\",\"width\":300,\"height\":65,\"caption\":\"SureSMS\"},\"image\":{\"@id\":\"https:\\\/\\\/suresms.com\\\/en\\\/#\\\/schema\\\/logo\\\/image\\\/\"},\"sameAs\":[\"https:\\\/\\\/www.facebook.com\\\/p\\\/SureSMS-100044607956149\\\/\"]}]}<\/script>\r\n<!-- \/ Yoast SEO Premium plugin. -->","yoast_head_json":{"title":"Dokumentation -","robots":{"index":"index","follow":"follow","max-snippet":"max-snippet:-1","max-image-preview":"max-image-preview:large","max-video-preview":"max-video-preview:-1"},"canonical":"https:\/\/suresms.com\/dk\/docs\/","og_locale":"da_DK","og_type":"article","og_title":"Dokumentation","og_description":"S\u00e5dan bruger du SureSMS applikationen Herunder finder du beskrivelse af de forskellige funktioner i menuen. Du finder ligeledes en sektion med guides der fort\u00e6ller hvordan man laver ops\u00e6tning af mere komplekse l\u00f8sninger. Beskeder L\u00e6s hvordan du sender en ny besked. Hvor du ser dine afsendte og modtaget beskeder.\u00a0 Adressebog L\u00e6s om kontakter og import af ... L\u00e6s mere","og_url":"https:\/\/suresms.com\/dk\/docs\/","article_publisher":"https:\/\/www.facebook.com\/p\/SureSMS-100044607956149\/","article_modified_time":"2025-11-11T10:39:49+00:00","twitter_card":"summary_large_image","twitter_misc":{"Estimeret l\u00e6setid":"1 minut"},"schema":{"@context":"https:\/\/schema.org","@graph":[{"@type":"WebPage","@id":"https:\/\/suresms.com\/dk\/docs\/","url":"https:\/\/suresms.com\/dk\/docs\/","name":"Dokumentation -","isPartOf":{"@id":"https:\/\/suresms.com\/en\/#website"},"datePublished":"2024-07-04T12:34:42+00:00","dateModified":"2025-11-11T10:39:49+00:00","breadcrumb":{"@id":"https:\/\/suresms.com\/dk\/docs\/#breadcrumb"},"inLanguage":"da-DK","potentialAction":[{"@type":"ReadAction","target":["https:\/\/suresms.com\/dk\/docs\/"]}]},{"@type":"BreadcrumbList","@id":"https:\/\/suresms.com\/dk\/docs\/#breadcrumb","itemListElement":[{"@type":"ListItem","position":1,"name":"Home","item":"https:\/\/suresms.com\/dk\/"},{"@type":"ListItem","position":2,"name":"Dokumentation"}]},{"@type":"WebSite","@id":"https:\/\/suresms.com\/en\/#website","url":"https:\/\/suresms.com\/en\/","name":"SureSMS","description":"Professionel SMS Gateway","publisher":{"@id":"https:\/\/suresms.com\/en\/#organization"},"potentialAction":[{"@type":"SearchAction","target":{"@type":"EntryPoint","urlTemplate":"https:\/\/suresms.com\/en\/?s={search_term_string}"},"query-input":{"@type":"PropertyValueSpecification","valueRequired":true,"valueName":"search_term_string"}}],"inLanguage":"da-DK"},{"@type":"Organization","@id":"https:\/\/suresms.com\/en\/#organization","name":"SureSMS","url":"https:\/\/suresms.com\/en\/","logo":{"@type":"ImageObject","inLanguage":"da-DK","@id":"https:\/\/suresms.com\/en\/#\/schema\/logo\/image\/","url":"https:\/\/suresms.com\/wp-content\/uploads\/2024\/11\/suresms-300x65-1.png","contentUrl":"https:\/\/suresms.com\/wp-content\/uploads\/2024\/11\/suresms-300x65-1.png","width":300,"height":65,"caption":"SureSMS"},"image":{"@id":"https:\/\/suresms.com\/en\/#\/schema\/logo\/image\/"},"sameAs":["https:\/\/www.facebook.com\/p\/SureSMS-100044607956149\/"]}]}},"_links":{"self":[{"href":"https:\/\/suresms.com\/dk\/wp-json\/wp\/v2\/pages\/18121","targetHints":{"allow":["GET"]}}],"collection":[{"href":"https:\/\/suresms.com\/dk\/wp-json\/wp\/v2\/pages"}],"about":[{"href":"https:\/\/suresms.com\/dk\/wp-json\/wp\/v2\/types\/page"}],"author":[{"embeddable":true,"href":"https:\/\/suresms.com\/dk\/wp-json\/wp\/v2\/users\/1"}],"replies":[{"embeddable":true,"href":"https:\/\/suresms.com\/dk\/wp-json\/wp\/v2\/comments?post=18121"}],"version-history":[{"count":9,"href":"https:\/\/suresms.com\/dk\/wp-json\/wp\/v2\/pages\/18121\/revisions"}],"predecessor-version":[{"id":23537,"href":"https:\/\/suresms.com\/dk\/wp-json\/wp\/v2\/pages\/18121\/revisions\/23537"}],"wp:attachment":[{"href":"https:\/\/suresms.com\/dk\/wp-json\/wp\/v2\/media?parent=18121"}],"wp:term":[{"taxonomy":"category","embeddable":true,"href":"https:\/\/suresms.com\/dk\/wp-json\/wp\/v2\/categories?post=18121"},{"taxonomy":"post_tag","embeddable":true,"href":"https:\/\/suresms.com\/dk\/wp-json\/wp\/v2\/tags?post=18121"}],"curies":[{"name":"wp","href":"https:\/\/api.w.org\/{rel}","templated":true}]}}