{"id":18069,"date":"2024-05-27T07:37:20","date_gmt":"2024-05-27T05:37:20","guid":{"rendered":"https:\/\/www.suresms.com\/dk\/?page_id=18069"},"modified":"2025-03-13T13:11:06","modified_gmt":"2025-03-13T13:11:06","slug":"fagsystem-sms-integration","status":"publish","type":"page","link":"https:\/\/suresms.com\/dk\/integrationer\/fagsystem-sms-integration\/","title":{"rendered":"SMS integration til fagsystemer"},"content":{"rendered":"\n\n\t\t\t\t<!-- Flexy Breadcrumb -->\r\n\t\t\t<div class=\"fbc fbc-page\">\r\n\r\n\t\t\t\t<!-- Breadcrumb wrapper -->\r\n\t\t\t\t<div class=\"fbc-wrap\">\r\n\r\n\t\t\t\t\t<!-- Ordered list-->\r\n\t\t\t\t\t<ol class=\"fbc-items\" itemscope itemtype=\"https:\/\/schema.org\/BreadcrumbList\">\r\n\t\t\t\t\t\t            <li itemprop=\"itemListElement\" itemscope itemtype=\"https:\/\/schema.org\/ListItem\">\r\n                <span itemprop=\"name\">\r\n                    <!-- Home Link -->\r\n                    <a itemprop=\"item\" href=\"https:\/\/suresms.com\">\r\n                    \r\n                                                    <i class=\"fa fa-home\" aria-hidden=\"true\"><\/i>Home                    <\/a>\r\n                <\/span>\r\n                <meta itemprop=\"position\" content=\"1\" \/><!-- Meta Position-->\r\n             <\/li><li><span class=\"fbc-separator\">\/<\/span><\/li><li class=\"active\" itemprop=\"itemListElement\" itemscope itemtype=\"https:\/\/schema.org\/ListItem\"><span itemprop=\"name\" title=\"SMS integration til fagsystemer\">SMS integration til fagsystemer<\/span><meta itemprop=\"position\" content=\"2\" \/><\/li>\t\t\t\t\t<\/ol>\r\n\t\t\t\t\t<div class=\"clearfix\"><\/div>\r\n\t\t\t\t<\/div>\r\n\t\t\t<\/div>\r\n\t\t\t\n\t\t<h1><strong>SMS integration til fagsystemer<\/strong><\/h1>\n\t<h3>Med SMS integration til dit Content Management System eller CMS system kan du hurtigt og effektivt kommunikere med kunder og medarbejdere.<\/h3>\n\t\t<h3>SMS i fagsystemer<\/h3><p>Hos SureSMS forst\u00e5r vi, at effektiv kommunikation er n\u00f8glen til succes i enhver branche. Derfor tilbyder vi skr\u00e6ddersyede SMS-integrationsl\u00f8sninger, der problemfrit kan integreres med en r\u00e6kke fagsystemer, uanset din virksomheds specifikke behov.<\/p>\n<p>Vores platform er designet til at arbejde h\u00e5nd i h\u00e5nd med systemer for fris\u00f8rer, bilhandlere, sundhedssektoren (f.eks. Redcap), og mange andre brancher, s\u00e5 du kan sende p\u00e5mindelser, bekr\u00e6ftelser og tilbud direkte til dine kunders mobiltelefoner.<\/p>\n<p>Med SureSMS bliver det nemmere at forbedre kundetilfredsheden og \u00f8ge din virksomheds effektivitet. Lad os hj\u00e6lpe dig med at skabe st\u00e6rkere kunderelationer gennem p\u00e5lidelig og m\u00e5lrettet kommunikation.<\/p>\n\t<p>Herunder kan du se nogle af de integrationer der allerede findes mellem SureSMS og forskellige fagsystemer.<\/p>\n\t\t\t\t<a href=\"https:\/\/suresms.com\/dk\/integrationer\/fagsystem-sms-integration\/sms-integration-redcap\/\"  target=\"_self\" itemprop=\"url\">\n\t\t\t\t<img loading=\"lazy\" decoding=\"async\" src=\"https:\/\/suresms.com\/wp-content\/uploads\/2024\/05\/REDCapSureSMS-Integration-1.png\" alt=\"REDCap+SureSMS Integration\" itemprop=\"image\" height=\"460\" width=\"1281\" title=\"REDCap+SureSMS Integration\" onerror=\"this.style.display='none'\"  \/>\n\t\t\t\t<\/a>\n<h3><a href=\"https:\/\/suresms.com\/dk\/integrationer\/fagsystem-sms-integration\/sms-integration-redcap\/\" target=\"_self\">REDCap<\/a><\/h3><p>I REDCap kan SMS bruges til at optimere kommunikationen gennem funktionerne &#8220;Automated Survey Invitations&#8221; og &#8220;Alerts and Notifications&#8221;. Dette tillader brugerne at ops\u00e6tte e-mails, der automatisk konverteres til SMS-beskeder, hvilket forbedrer responsraten og sikrer rettidig information. Disse funktioner g\u00f8r det nemt at holde deltagere opdateret og engageret i forskningsprojekter.<\/p>\n\t\t<h3><a href=\"https:\/\/suresms.com\/dk\/integrationer\/fagsystem-sms-integration\/sms-integration-lectio\/\" target=\"_self\">Lectio<\/a><\/h3><p>Lectio er en digital platform brugt af danske skoler til skemaer, lektier, frav\u00e6rsregistrering og kommunikation. SMS i Lectio kan bruges til at sende beskeder om skema\u00e6ndringer, p\u00e5mindelser om afleveringer og frav\u00e6rsnotifikationer til elever, l\u00e6rere og for\u00e6ldre, s\u00e5 de altid er opdaterede.<\/p>\n\n","protected":false},"excerpt":{"rendered":"<p>SMS integration til fagsystemer Med SMS integration til dit Content Management System eller CMS system kan du hurtigt og effektivt kommunikere med kunder og medarbejdere. SMS i fagsystemer Hos SureSMS forst\u00e5r vi, at effektiv kommunikation er n\u00f8glen til succes i enhver branche. Derfor tilbyder vi skr\u00e6ddersyede SMS-integrationsl\u00f8sninger, der problemfrit kan integreres med en r\u00e6kke fagsystemer, &#8230; <a title=\"SMS integration til fagsystemer\" class=\"read-more\" href=\"https:\/\/suresms.com\/dk\/integrationer\/fagsystem-sms-integration\/\" aria-label=\"Read more about SMS integration til fagsystemer\">L\u00e6s mere <\/a><\/p>\n","protected":false},"author":1,"featured_media":0,"parent":9400,"menu_order":1,"comment_status":"closed","ping_status":"closed","template":"","meta":{"_fl_builder_enabled":"1","_fl_builder_data":null,"_fl_builder_draft":null,"_fl_builder_data_settings":null,"_fl_builder_css":"","_fl_builder_css_version":"","_fl_builder_js":"","footnotes":""},"categories":[],"tags":[],"class_list":["post-18069","page","type-page","status-publish"],"yoast_head":"<!-- This site is optimized with the Yoast SEO Premium plugin v27.3 (Yoast SEO v27.3) - https:\/\/yoast.com\/product\/yoast-seo-premium-wordpress\/ -->\r\n<title>SMS integration til fagsystemer - SMS integrationer til 2000+ systemer<\/title>\r\n<meta name=\"description\" content=\"SMS integrationer med 2000+ systemer. Mange forskellige muligheder og gratis ops\u00e6tning. API, webservice, JSON og meget mere\" \/>\r\n<meta name=\"robots\" content=\"index, follow, max-snippet:-1, max-image-preview:large, max-video-preview:-1\" \/>\r\n<link rel=\"canonical\" href=\"https:\/\/suresms.com\/dk\/integrationer\/fagsystem-sms-integration\/\" \/>\r\n<meta property=\"og:locale\" content=\"da_DK\" \/>\r\n<meta property=\"og:type\" content=\"article\" \/>\r\n<meta property=\"og:title\" content=\"SMS integration til fagsystemer\" \/>\r\n<meta property=\"og:description\" content=\"SMS integrationer med 2000+ systemer. Mange forskellige muligheder og gratis ops\u00e6tning. API, webservice, JSON og meget mere\" \/>\r\n<meta property=\"og:url\" content=\"https:\/\/suresms.com\/dk\/integrationer\/fagsystem-sms-integration\/\" \/>\r\n<meta property=\"article:publisher\" content=\"https:\/\/www.facebook.com\/p\/SureSMS-100044607956149\/\" \/>\r\n<meta property=\"article:modified_time\" content=\"2025-03-13T13:11:06+00:00\" \/>\r\n<meta property=\"og:image\" content=\"https:\/\/suresms.com\/wp-content\/uploads\/2024\/05\/REDCapSureSMS-Integration-1.png\" \/>\r\n<meta name=\"twitter:card\" content=\"summary_large_image\" \/>\r\n<meta name=\"twitter:label1\" content=\"Estimeret l\u00e6setid\" \/>\n\t<meta name=\"twitter:data1\" content=\"4 minutter\" \/>\r\n<script type=\"application\/ld+json\" class=\"yoast-schema-graph\">{\"@context\":\"https:\\\/\\\/schema.org\",\"@graph\":[{\"@type\":\"WebPage\",\"@id\":\"https:\\\/\\\/suresms.com\\\/dk\\\/integrationer\\\/fagsystem-sms-integration\\\/\",\"url\":\"https:\\\/\\\/suresms.com\\\/dk\\\/integrationer\\\/fagsystem-sms-integration\\\/\",\"name\":\"SMS integration til fagsystemer - SMS integrationer til 2000+ systemer\",\"isPartOf\":{\"@id\":\"https:\\\/\\\/suresms.com\\\/en\\\/#website\"},\"primaryImageOfPage\":{\"@id\":\"https:\\\/\\\/suresms.com\\\/dk\\\/integrationer\\\/fagsystem-sms-integration\\\/#primaryimage\"},\"image\":{\"@id\":\"https:\\\/\\\/suresms.com\\\/dk\\\/integrationer\\\/fagsystem-sms-integration\\\/#primaryimage\"},\"thumbnailUrl\":\"https:\\\/\\\/suresms.com\\\/wp-content\\\/uploads\\\/2024\\\/05\\\/REDCapSureSMS-Integration-1.png\",\"datePublished\":\"2024-05-27T05:37:20+00:00\",\"dateModified\":\"2025-03-13T13:11:06+00:00\",\"description\":\"SMS integrationer med 2000+ systemer. Mange forskellige muligheder og gratis ops\u00e6tning. API, webservice, JSON og meget mere\",\"breadcrumb\":{\"@id\":\"https:\\\/\\\/suresms.com\\\/dk\\\/integrationer\\\/fagsystem-sms-integration\\\/#breadcrumb\"},\"inLanguage\":\"da-DK\",\"potentialAction\":[{\"@type\":\"ReadAction\",\"target\":[\"https:\\\/\\\/suresms.com\\\/dk\\\/integrationer\\\/fagsystem-sms-integration\\\/\"]}]},{\"@type\":\"ImageObject\",\"inLanguage\":\"da-DK\",\"@id\":\"https:\\\/\\\/suresms.com\\\/dk\\\/integrationer\\\/fagsystem-sms-integration\\\/#primaryimage\",\"url\":\"https:\\\/\\\/suresms.com\\\/wp-content\\\/uploads\\\/2024\\\/05\\\/REDCapSureSMS-Integration-1.png\",\"contentUrl\":\"https:\\\/\\\/suresms.com\\\/wp-content\\\/uploads\\\/2024\\\/05\\\/REDCapSureSMS-Integration-1.png\"},{\"@type\":\"BreadcrumbList\",\"@id\":\"https:\\\/\\\/suresms.com\\\/dk\\\/integrationer\\\/fagsystem-sms-integration\\\/#breadcrumb\",\"itemListElement\":[{\"@type\":\"ListItem\",\"position\":1,\"name\":\"Home\",\"item\":\"https:\\\/\\\/suresms.com\\\/dk\\\/\"},{\"@type\":\"ListItem\",\"position\":2,\"name\":\"Integrationer\",\"item\":\"https:\\\/\\\/suresms.com\\\/dk\\\/integrationer\\\/\"},{\"@type\":\"ListItem\",\"position\":3,\"name\":\"SMS integration til fagsystemer\"}]},{\"@type\":\"WebSite\",\"@id\":\"https:\\\/\\\/suresms.com\\\/en\\\/#website\",\"url\":\"https:\\\/\\\/suresms.com\\\/en\\\/\",\"name\":\"SureSMS\",\"description\":\"Professionel SMS Gateway\",\"publisher\":{\"@id\":\"https:\\\/\\\/suresms.com\\\/en\\\/#organization\"},\"potentialAction\":[{\"@type\":\"SearchAction\",\"target\":{\"@type\":\"EntryPoint\",\"urlTemplate\":\"https:\\\/\\\/suresms.com\\\/en\\\/?s={search_term_string}\"},\"query-input\":{\"@type\":\"PropertyValueSpecification\",\"valueRequired\":true,\"valueName\":\"search_term_string\"}}],\"inLanguage\":\"da-DK\"},{\"@type\":\"Organization\",\"@id\":\"https:\\\/\\\/suresms.com\\\/en\\\/#organization\",\"name\":\"SureSMS\",\"url\":\"https:\\\/\\\/suresms.com\\\/en\\\/\",\"logo\":{\"@type\":\"ImageObject\",\"inLanguage\":\"da-DK\",\"@id\":\"https:\\\/\\\/suresms.com\\\/en\\\/#\\\/schema\\\/logo\\\/image\\\/\",\"url\":\"https:\\\/\\\/suresms.com\\\/wp-content\\\/uploads\\\/2024\\\/11\\\/suresms-300x65-1.png\",\"contentUrl\":\"https:\\\/\\\/suresms.com\\\/wp-content\\\/uploads\\\/2024\\\/11\\\/suresms-300x65-1.png\",\"width\":300,\"height\":65,\"caption\":\"SureSMS\"},\"image\":{\"@id\":\"https:\\\/\\\/suresms.com\\\/en\\\/#\\\/schema\\\/logo\\\/image\\\/\"},\"sameAs\":[\"https:\\\/\\\/www.facebook.com\\\/p\\\/SureSMS-100044607956149\\\/\"]}]}<\/script>\r\n<!-- \/ Yoast SEO Premium plugin. -->","yoast_head_json":{"title":"SMS integration til fagsystemer - SMS integrationer til 2000+ systemer","description":"SMS integrationer med 2000+ systemer. Mange forskellige muligheder og gratis ops\u00e6tning. API, webservice, JSON og meget mere","robots":{"index":"index","follow":"follow","max-snippet":"max-snippet:-1","max-image-preview":"max-image-preview:large","max-video-preview":"max-video-preview:-1"},"canonical":"https:\/\/suresms.com\/dk\/integrationer\/fagsystem-sms-integration\/","og_locale":"da_DK","og_type":"article","og_title":"SMS integration til fagsystemer","og_description":"SMS integrationer med 2000+ systemer. Mange forskellige muligheder og gratis ops\u00e6tning. API, webservice, JSON og meget mere","og_url":"https:\/\/suresms.com\/dk\/integrationer\/fagsystem-sms-integration\/","article_publisher":"https:\/\/www.facebook.com\/p\/SureSMS-100044607956149\/","article_modified_time":"2025-03-13T13:11:06+00:00","og_image":[{"url":"https:\/\/suresms.com\/wp-content\/uploads\/2024\/05\/REDCapSureSMS-Integration-1.png","type":"","width":"","height":""}],"twitter_card":"summary_large_image","twitter_misc":{"Estimeret l\u00e6setid":"4 minutter"},"schema":{"@context":"https:\/\/schema.org","@graph":[{"@type":"WebPage","@id":"https:\/\/suresms.com\/dk\/integrationer\/fagsystem-sms-integration\/","url":"https:\/\/suresms.com\/dk\/integrationer\/fagsystem-sms-integration\/","name":"SMS integration til fagsystemer - SMS integrationer til 2000+ systemer","isPartOf":{"@id":"https:\/\/suresms.com\/en\/#website"},"primaryImageOfPage":{"@id":"https:\/\/suresms.com\/dk\/integrationer\/fagsystem-sms-integration\/#primaryimage"},"image":{"@id":"https:\/\/suresms.com\/dk\/integrationer\/fagsystem-sms-integration\/#primaryimage"},"thumbnailUrl":"https:\/\/suresms.com\/wp-content\/uploads\/2024\/05\/REDCapSureSMS-Integration-1.png","datePublished":"2024-05-27T05:37:20+00:00","dateModified":"2025-03-13T13:11:06+00:00","description":"SMS integrationer med 2000+ systemer. Mange forskellige muligheder og gratis ops\u00e6tning. API, webservice, JSON og meget mere","breadcrumb":{"@id":"https:\/\/suresms.com\/dk\/integrationer\/fagsystem-sms-integration\/#breadcrumb"},"inLanguage":"da-DK","potentialAction":[{"@type":"ReadAction","target":["https:\/\/suresms.com\/dk\/integrationer\/fagsystem-sms-integration\/"]}]},{"@type":"ImageObject","inLanguage":"da-DK","@id":"https:\/\/suresms.com\/dk\/integrationer\/fagsystem-sms-integration\/#primaryimage","url":"https:\/\/suresms.com\/wp-content\/uploads\/2024\/05\/REDCapSureSMS-Integration-1.png","contentUrl":"https:\/\/suresms.com\/wp-content\/uploads\/2024\/05\/REDCapSureSMS-Integration-1.png"},{"@type":"BreadcrumbList","@id":"https:\/\/suresms.com\/dk\/integrationer\/fagsystem-sms-integration\/#breadcrumb","itemListElement":[{"@type":"ListItem","position":1,"name":"Home","item":"https:\/\/suresms.com\/dk\/"},{"@type":"ListItem","position":2,"name":"Integrationer","item":"https:\/\/suresms.com\/dk\/integrationer\/"},{"@type":"ListItem","position":3,"name":"SMS integration til fagsystemer"}]},{"@type":"WebSite","@id":"https:\/\/suresms.com\/en\/#website","url":"https:\/\/suresms.com\/en\/","name":"SureSMS","description":"Professionel SMS Gateway","publisher":{"@id":"https:\/\/suresms.com\/en\/#organization"},"potentialAction":[{"@type":"SearchAction","target":{"@type":"EntryPoint","urlTemplate":"https:\/\/suresms.com\/en\/?s={search_term_string}"},"query-input":{"@type":"PropertyValueSpecification","valueRequired":true,"valueName":"search_term_string"}}],"inLanguage":"da-DK"},{"@type":"Organization","@id":"https:\/\/suresms.com\/en\/#organization","name":"SureSMS","url":"https:\/\/suresms.com\/en\/","logo":{"@type":"ImageObject","inLanguage":"da-DK","@id":"https:\/\/suresms.com\/en\/#\/schema\/logo\/image\/","url":"https:\/\/suresms.com\/wp-content\/uploads\/2024\/11\/suresms-300x65-1.png","contentUrl":"https:\/\/suresms.com\/wp-content\/uploads\/2024\/11\/suresms-300x65-1.png","width":300,"height":65,"caption":"SureSMS"},"image":{"@id":"https:\/\/suresms.com\/en\/#\/schema\/logo\/image\/"},"sameAs":["https:\/\/www.facebook.com\/p\/SureSMS-100044607956149\/"]}]}},"_links":{"self":[{"href":"https:\/\/suresms.com\/dk\/wp-json\/wp\/v2\/pages\/18069","targetHints":{"allow":["GET"]}}],"collection":[{"href":"https:\/\/suresms.com\/dk\/wp-json\/wp\/v2\/pages"}],"about":[{"href":"https:\/\/suresms.com\/dk\/wp-json\/wp\/v2\/types\/page"}],"author":[{"embeddable":true,"href":"https:\/\/suresms.com\/dk\/wp-json\/wp\/v2\/users\/1"}],"replies":[{"embeddable":true,"href":"https:\/\/suresms.com\/dk\/wp-json\/wp\/v2\/comments?post=18069"}],"version-history":[{"count":5,"href":"https:\/\/suresms.com\/dk\/wp-json\/wp\/v2\/pages\/18069\/revisions"}],"predecessor-version":[{"id":22362,"href":"https:\/\/suresms.com\/dk\/wp-json\/wp\/v2\/pages\/18069\/revisions\/22362"}],"up":[{"embeddable":true,"href":"https:\/\/suresms.com\/dk\/wp-json\/wp\/v2\/pages\/9400"}],"wp:attachment":[{"href":"https:\/\/suresms.com\/dk\/wp-json\/wp\/v2\/media?parent=18069"}],"wp:term":[{"taxonomy":"category","embeddable":true,"href":"https:\/\/suresms.com\/dk\/wp-json\/wp\/v2\/categories?post=18069"},{"taxonomy":"post_tag","embeddable":true,"href":"https:\/\/suresms.com\/dk\/wp-json\/wp\/v2\/tags?post=18069"}],"curies":[{"name":"wp","href":"https:\/\/api.w.org\/{rel}","templated":true}]}}