{"id":17217,"date":"2024-05-18T11:31:03","date_gmt":"2024-05-18T09:31:03","guid":{"rendered":"https:\/\/www.suresms.com\/dk\/?page_id=17217"},"modified":"2024-05-18T11:31:03","modified_gmt":"2024-05-18T09:31:03","slug":"sms-integration-wordpress-wp-sms","status":"publish","type":"page","link":"https:\/\/suresms.com\/dk\/integrationer\/cms-content-management-system-sms-integration\/sms-integration-wordpress-wp-sms\/","title":{"rendered":"SMS integration til WordPress med WP-SMS"},"content":{"rendered":"\n\n\t\t\t\t<!-- Flexy Breadcrumb -->\r\n\t\t\t<div class=\"fbc fbc-page\">\r\n\r\n\t\t\t\t<!-- Breadcrumb wrapper -->\r\n\t\t\t\t<div class=\"fbc-wrap\">\r\n\r\n\t\t\t\t\t<!-- Ordered list-->\r\n\t\t\t\t\t<ol class=\"fbc-items\" itemscope itemtype=\"https:\/\/schema.org\/BreadcrumbList\">\r\n\t\t\t\t\t\t            <li itemprop=\"itemListElement\" itemscope itemtype=\"https:\/\/schema.org\/ListItem\">\r\n                <span itemprop=\"name\">\r\n                    <!-- Home Link -->\r\n                    <a itemprop=\"item\" href=\"https:\/\/suresms.com\">\r\n                    \r\n                                                    <i class=\"fa fa-home\" aria-hidden=\"true\"><\/i>Home                    <\/a>\r\n                <\/span>\r\n                <meta itemprop=\"position\" content=\"1\" \/><!-- Meta Position-->\r\n             <\/li><li><span class=\"fbc-separator\">\/<\/span><\/li><li class=\"active\" itemprop=\"itemListElement\" itemscope itemtype=\"https:\/\/schema.org\/ListItem\"><span itemprop=\"name\" title=\"SMS integration til WordPress med WP-SMS\">SMS integration til WordPress...<\/span><meta itemprop=\"position\" content=\"2\" \/><\/li>\t\t\t\t\t<\/ol>\r\n\t\t\t\t\t<div class=\"clearfix\"><\/div>\r\n\t\t\t\t<\/div>\r\n\t\t\t<\/div>\r\n\t\t\t\n\t<h1><strong>SMS integration til WordPress med WP-SMS<\/strong><\/h1>\n\t\t\t\t<img loading=\"lazy\" decoding=\"async\" src=\"https:\/\/www.suresms.com\/dk\/wp-content\/uploads\/2022\/02\/WpSMS-SureSMS-1.png\" alt=\"SMS WordPress med WP-SMS\" itemprop=\"image\" height=\"460\" width=\"1281\" title=\"WpSMS-SureSMS\" onerror=\"this.style.display='none'\"  \/>\n<h2>\n\t\tHvad er WP-SMS (og WordPress)\n\t<\/h2>\n\t<p>WP-SMS er det f\u00f8rende SMS-plugin til WordPress, og det er ikke uden grund. Med et brugervenligt interface, en r\u00e6kke kraftfulde funktioner og fremragende support tilbyder WP-SMS alt, hvad du beh\u00f8ver for at effektivisere din SMS-kommunikation. Og det bedste af det hele? Grundversionen er helt gratis! \u00d8nsker du avancerede funktioner for at tage din SMS-strategi til det n\u00e6ste niveau, kan du opgradere til vores Pro-version. Pr\u00f8v WP-SMS i dag og oplev, hvordan vi kan forbedre din forretnings kommunikation.<\/p>\n\t<p><strong>Uden branded URL shortner<\/strong><\/p>\n\t\t\t\t<img loading=\"lazy\" decoding=\"async\" src=\"https:\/\/www.suresms.com\/wp-content\/uploads\/2024\/05\/Uden-url-shortner.png\" alt=\"Uden URL shortner\" itemprop=\"image\" height=\"614\" width=\"720\" title=\"Uden url shortner\" onerror=\"this.style.display='none'\"  \/>\n\t<p><strong>Afsendelse af SMS fra WP-SMS<\/strong><\/p>\n\t\t\t\t<img loading=\"lazy\" decoding=\"async\" src=\"https:\/\/www.suresms.com\/dk\/wp-content\/uploads\/2022\/02\/Wp_SMS-send.png\" alt=\"Sk\u00e6rmbillede\" itemprop=\"image\" height=\"1185\" width=\"1359\" title=\"Wp_SMS send\" onerror=\"this.style.display='none'\"  \/>\n<h2>\n\t\tWP-SMS og SureSMS\n\t<\/h2>\n\t<p>WordPress pluginet WP-SMS (<a href=\"https:\/\/wp-sms-pro.com\/\">https:\/\/wp-sms-pro.com\/)<\/a> kan ikke selv sende SMS beskeder. For at kunne sende SMS beskeder, skal plugin&#8217;et kobles sammen med en SMS gateway som f.eks. SureSMS. WP-SMS udnytter de mange muligheder i WordPress og giver mulighed for at sende fra mange forskellige steder og plugins. SMS gatewayen s\u00f8rger for at beskeden bliver leveret til modtageren.<\/p>\n<p>&nbsp;<\/p>\n<h2>\n\t\tWP-SMS og andre plugins\n\t<\/h2>\n\t<p>En af de store fordele ved WP-SMS er der mange integrationer til andre WordPress plugins. Herunder kan du se de mange forskellige integrationer.<\/p>\n\t\t\t\t\t<a href=\"javascript:void(0);\" id=\"fl-accordion--label-0\" tabindex=\"0\" aria-controls=\"fl-accordion--panel-0\">WooCommerce<\/a>\n\t\t\t\t\t\t\t\t\t\t\t<a href=\"#\" id=\"fl-accordion--icon-0\" tabindex=\"-1\" aria-controls=\"fl-accordion--panel-0\"><i>Expand<\/i><\/a>\n\t\t\t\t\t<ul role=\"list\">\n<li>Tilf\u00f8j telefonnummer p\u00e5 check-ud siden<\/li>\n<li>OTP (One Time Password) verificere kundens mobilnummer<\/li>\n<li>Notificer om nye produkter<\/li>\n<li>Notificer administrator om nye ordre<\/li>\n<li>Notificer kunder n\u00e5r de laver deres ordre<\/li>\n<li>Notificer kunder n\u00e5r \u00e6ndringer sker p\u00e5 deres ordre<\/li>\n<\/ul>\n\t\t\t\t\t<a href=\"javascript:void(0);\" id=\"fl-accordion--label-1\" tabindex=\"0\" aria-controls=\"fl-accordion--panel-1\">BuddyPress<\/a>\n\t\t\t\t\t\t\t\t\t\t\t<a href=\"#\" id=\"fl-accordion--icon-1\" tabindex=\"-1\" aria-controls=\"fl-accordion--panel-1\"><i>Expand<\/i><\/a>\n\t\t\t\t\t<ul>\n<li>Tilf\u00f8j\/brug det eksisterende telefonnummer felt i.<\/li>\n<li>Send SMS til brugere n\u00e5r nogen n\u00e6vner dem i posts<\/li>\n<li>Send SMS til brugere n\u00e5r de f\u00e5r et reply p\u00e5 aktivitet eller kommentar<\/li>\n<li>Send velkomst SMS til nye brugere<\/li>\n<li>Privat SMS notifikationer<\/li>\n<\/ul>\n\t\t\t\t\t<a href=\"javascript:void(0);\" id=\"fl-accordion--label-2\" tabindex=\"0\" aria-controls=\"fl-accordion--panel-2\">GravityForms<\/a>\n\t\t\t\t\t\t\t\t\t\t\t<a href=\"#\" id=\"fl-accordion--icon-2\" tabindex=\"-1\" aria-controls=\"fl-accordion--panel-2\"><i>Expand<\/i><\/a>\n\t\t\t\t\t<ul>\n<li>Send SMS til admin n\u00e5r nogen udfylder en formular<\/li>\n<li>Send SMS til en felt-v\u00e6rdi n\u00e5r nogen udfylder en formular<br \/>\n(F.eks. kan du bede om telefonnummer og sende en SMS n\u00e5r de godkender formularen)<\/li>\n<\/ul>\n\t\t\t\t\t<a href=\"javascript:void(0);\" id=\"fl-accordion--label-3\" tabindex=\"0\" aria-controls=\"fl-accordion--panel-3\">Contact Form 7<\/a>\n\t\t\t\t\t\t\t\t\t\t\t<a href=\"#\" id=\"fl-accordion--icon-3\" tabindex=\"-1\" aria-controls=\"fl-accordion--panel-3\"><i>Expand<\/i><\/a>\n\t\t\t\t\t<ul>\n<li>Send SMS til admin n\u00e5r nogen udfylder en formular<\/li>\n<li>Send SMS til en felt-v\u00e6rdi n\u00e5r nogen udfylder en formular<br \/>\n(F.eks. kan du bede om telefonnummer og sende en SMS n\u00e5r de godkender formularen)<\/li>\n<\/ul>\n\t\t\t\t\t<a href=\"javascript:void(0);\" id=\"fl-accordion--label-4\" tabindex=\"0\" aria-controls=\"fl-accordion--panel-4\">BookingPress<\/a>\n\t\t\t\t\t\t\t\t\t\t\t<a href=\"#\" id=\"fl-accordion--icon-4\" tabindex=\"-1\" aria-controls=\"fl-accordion--panel-4\"><i>Expand<\/i><\/a>\n\t\t\t\t\t<ul data-sourcepos=\"5:1-11:0\">\n<li data-sourcepos=\"5:1-5:18\">New appointments<\/li>\n<li data-sourcepos=\"6:1-6:23\">Approved appointments<\/li>\n<li data-sourcepos=\"7:1-7:23\">Canceled appointments<\/li>\n<li data-sourcepos=\"8:1-8:26\">Rescheduled appointments<\/li>\n<li data-sourcepos=\"9:1-9:23\">Upcoming appointments<\/li>\n<li data-sourcepos=\"10:1-11:0\">Missed appointments<\/li>\n<\/ul>\n\t\t\t\t\t<a href=\"javascript:void(0);\" id=\"fl-accordion--label-5\" tabindex=\"0\" aria-controls=\"fl-accordion--panel-5\">WooCommerce Appointments<\/a>\n\t\t\t\t\t\t\t\t\t\t\t<a href=\"#\" id=\"fl-accordion--icon-5\" tabindex=\"-1\" aria-controls=\"fl-accordion--panel-5\"><i>Expand<\/i><\/a>\n\t\t\t\t\t<ul data-sourcepos=\"5:1-11:0\">\n<li data-sourcepos=\"5:1-5:18\">New appointments<\/li>\n<li data-sourcepos=\"6:1-6:23\">Approved appointments<\/li>\n<li data-sourcepos=\"7:1-7:23\">Canceled appointments<\/li>\n<li data-sourcepos=\"8:1-8:26\">Rescheduled appointments<\/li>\n<li data-sourcepos=\"9:1-9:23\">Upcoming appointments<\/li>\n<li data-sourcepos=\"10:1-11:0\">Missed appointments<\/li>\n<\/ul>\n\t\t\t\t\t<a href=\"javascript:void(0);\" id=\"fl-accordion--label-6\" tabindex=\"0\" aria-controls=\"fl-accordion--panel-6\">Booking Calendar<\/a>\n\t\t\t\t\t\t\t\t\t\t\t<a href=\"#\" id=\"fl-accordion--icon-6\" tabindex=\"-1\" aria-controls=\"fl-accordion--panel-6\"><i>Expand<\/i><\/a>\n\t\t\t\t\t<ul data-sourcepos=\"5:1-11:0\">\n<li data-sourcepos=\"5:1-5:18\">New appointments<\/li>\n<li data-sourcepos=\"6:1-6:23\">Approved appointments<\/li>\n<li data-sourcepos=\"7:1-7:23\">Canceled appointments<\/li>\n<li data-sourcepos=\"8:1-8:26\">Rescheduled appointments<\/li>\n<li data-sourcepos=\"9:1-9:23\">Upcoming appointments<\/li>\n<li data-sourcepos=\"10:1-11:0\">Missed appointments<\/li>\n<\/ul>\n\t\t\t\t\t<a href=\"javascript:void(0);\" id=\"fl-accordion--label-7\" tabindex=\"0\" aria-controls=\"fl-accordion--panel-7\">Se alle integrationer her<\/a>\n\t\t\t\t\t\t\t\t\t\t\t<a href=\"#\" id=\"fl-accordion--icon-7\" tabindex=\"-1\" aria-controls=\"fl-accordion--panel-7\"><i>Expand<\/i><\/a>\n\t\t\t\t\t<p><a href=\"https:\/\/wp-sms-pro.com\/product-category\/add-ons\/\" target=\"_blank\" rel=\"noopener\">https:\/\/wp-sms-pro.com\/product-category\/add-ons\/<\/a><\/p>\n<h2>\n\t\tOps\u00e6tning af WP-SMS\n\t<\/h2>\n\t<p>For at bruge WP-SMS i WordPress skal du installere WP-SMS i din WordPress installation og derefter knytte den sammen med din SureSMS konto. Herunder kan du l\u00e6se hvordan du<\/p>\n<ol>\n<li>Laver ops\u00e6tningen i SureSMS<\/li>\n<li>Installere WP-SMS og s\u00e6tter det op<\/li>\n<\/ol>\n<h3>\n\t\tOps\u00e6tning i SureSMS\n\t<\/h3>\n\t<p>For at kunne bruge SureSMS fra WP-SMS skal du have en SureSMS konto og du skal bruge en API n\u00f8gle fra SureSMS.<\/p>\n<ol>\n<li>Login p\u00e5 din SureSMS konto her <a href=\"https:\/\/app.suresms.com\" target=\"_blank\" rel=\"noopener\">https:\/\/app.suresms.com<\/a><br \/>\nHar du ikke en konto kan du oprette den her <a href=\"https:\/\/www.suresms.com\/dk\/gratis-sms-testkonto\/\" target=\"_blank\" rel=\"noopener\">Opret SMS Gateway konto<\/a><\/li>\n<li>V\u00e6lg API n\u00f8gler i menuen<\/li>\n<li>Klik p\u00e5 Valg i \u00f8verste h\u00f8jre hj\u00f8rne og v\u00e6lg &#8220;SureSMS API n\u00f8gle&#8221; i menuen.<\/li>\n<li>I navn kan du skrive f.eks. WP-SMS\/WooCommerce, hvis du skal bruge WP-SMS fra WooCommerce<\/li>\n<li>Klik p\u00e5 Gem<\/li>\n<\/ol>\n\t\t\t\t<img loading=\"lazy\" decoding=\"async\" src=\"https:\/\/www.suresms.com\/wp-content\/uploads\/2024\/05\/SPIKey.png\" alt=\"APIKey\" itemprop=\"image\" height=\"216\" width=\"1045\" title=\"SPIKey\" onerror=\"this.style.display='none'\"  \/>\n\t<p>Kopier API n\u00f8glen s\u00e5 du har den til senere.<\/p>\n<p>Vi er nu f\u00e6rdige i SureSMS.<\/p>\n<h3>\n\t\tOps\u00e6tning af WP-SMS\n\t<\/h3>\n\t<h3>Install\u00e9r og aktiver WP-SMS-plugin p\u00e5 din WordPress-side<\/h3>\n<p>G\u00e5 til WordPress-dashboardet, find &#8216;Plugins&#8217;-sektionen, klik p\u00e5 &#8216;Tilf\u00f8j ny&#8217;, og s\u00f8g efter WP-SMS. Installer og aktiver pluginnet.<\/p>\n\t<h3>Konfigurer WP-SMS med din SMS-gateway<\/h3>\n<p>I WP-SMS&#8217; indstillingspanel indtaster du de n\u00f8dvendige oplysninger for at integrere med din valgte SMS-gateway:<\/p>\n<p><strong>Gateway-navn:<\/strong> V\u00e6lg SureSMS fra listen over underst\u00f8ttede gateways<\/p>\n\t\t\t\t<img loading=\"lazy\" decoding=\"async\" src=\"https:\/\/www.suresms.com\/wp-content\/uploads\/2024\/05\/WP-SMS-opsaetning.jpg\" alt=\"WP-SMS ops\u00e6tning\" itemprop=\"image\" height=\"1173\" width=\"1615\" title=\"WP-SMS ops\u00e6tning\" onerror=\"this.style.display='none'\"  \/>\n\t<strong>API Username<\/strong> : her skriver du &#8220;APIkey&#8221; uden anf\u00f8rselstegn<br \/>\n<strong>API Password<\/strong>: her inds\u00e6tter du den APIkey du kopierede fra SureSMS<br \/>\n<strong>Sender number<\/strong>: S\u00e6t dit eget nummer, eller een af de godkendte afsender-id&#8217;er du har p\u00e5 din SureSMS konto (kan ses her <a href=\"https:\/\/app.suresms.com\/Message\/SenderData\" target=\"_blank\" rel=\"noopener\">https:\/\/app.suresms.com\/Message\/SenderData<\/a>)<br \/>\n<strong>API key<\/strong> : her inds\u00e6tter du den APIkey du kopierede fra SureSMS\n<h3>\n\t\tTest af ops\u00e6tning\n\t<\/h3>\n\t<p>Du er nu klar til at teste din integration. Hvordan du tester den, afh\u00e6nger af hvilke integrationer og funktioner du har valgt at bruge fra WP-SMS. Men, n\u00e5r du har sendt en test-sms fra den metode du har valgt, kan du p\u00e5 SureSMS se status p\u00e5 din besked p\u00e5 denne <a href=\"https:\/\/app.suresms.com\/Message\/OutBoundSMS\" target=\"_blank\" rel=\"noopener\">siden med udg\u00e5ende beskeder i SureSMS<\/a>.<\/p>\n\t\t\t\t<img decoding=\"async\" src=\"https:\/\/www.suresms.com\/dk\/wp-content\/plugins\/bb-plugin\/img\/pixel.png\" alt=\"\" itemprop=\"image\" onerror=\"this.style.display='none'\"  \/>\n\n","protected":false},"excerpt":{"rendered":"<p>SMS integration til WordPress med WP-SMS Hvad er WP-SMS (og WordPress) WP-SMS er det f\u00f8rende SMS-plugin til WordPress, og det er ikke uden grund. Med et brugervenligt interface, en r\u00e6kke kraftfulde funktioner og fremragende support tilbyder WP-SMS alt, hvad du beh\u00f8ver for at effektivisere din SMS-kommunikation. Og det bedste af det hele? Grundversionen er helt &#8230; <a title=\"SMS integration til WordPress med WP-SMS\" class=\"read-more\" href=\"https:\/\/suresms.com\/dk\/integrationer\/cms-content-management-system-sms-integration\/sms-integration-wordpress-wp-sms\/\" aria-label=\"Read more about SMS integration til WordPress med WP-SMS\">L\u00e6s mere <\/a><\/p>\n","protected":false},"author":1,"featured_media":0,"parent":14437,"menu_order":12,"comment_status":"closed","ping_status":"closed","template":"","meta":{"_fl_builder_enabled":"1","_fl_builder_data":null,"_fl_builder_draft":null,"_fl_builder_data_settings":null,"_fl_builder_css":"","_fl_builder_css_version":"","_fl_builder_js":"","footnotes":""},"categories":[],"tags":[],"class_list":["post-17217","page","type-page","status-publish"],"yoast_head":"<!-- This site is optimized with the Yoast SEO Premium plugin v27.3 (Yoast SEO v27.3) - https:\/\/yoast.com\/product\/yoast-seo-premium-wordpress\/ -->\r\n<title>SMS integration til WordPress med WP-SMS - gratis konto<\/title>\r\n<meta name=\"description\" content=\"Du kan sende b\u00e5de sms links, billeder, videoer og lydfiler med vores SMS gateway. Uanede muligheder for rigt indhold.\" \/>\r\n<meta name=\"robots\" content=\"index, follow, max-snippet:-1, max-image-preview:large, max-video-preview:-1\" \/>\r\n<link rel=\"canonical\" href=\"https:\/\/suresms.com\/dk\/integrationer\/cms-content-management-system-sms-integration\/sms-integration-wordpress-wp-sms\/\" \/>\r\n<meta property=\"og:locale\" content=\"da_DK\" \/>\r\n<meta property=\"og:type\" content=\"article\" \/>\r\n<meta property=\"og:title\" content=\"SMS integration til WordPress med WP-SMS\" \/>\r\n<meta property=\"og:description\" content=\"Du kan sende b\u00e5de sms links, billeder, videoer og lydfiler med vores SMS gateway. Uanede muligheder for rigt indhold.\" \/>\r\n<meta property=\"og:url\" content=\"https:\/\/suresms.com\/dk\/integrationer\/cms-content-management-system-sms-integration\/sms-integration-wordpress-wp-sms\/\" \/>\r\n<meta property=\"article:publisher\" content=\"https:\/\/www.facebook.com\/p\/SureSMS-100044607956149\/\" \/>\r\n<meta property=\"og:image\" content=\"https:\/\/www.suresms.com\/dk\/wp-content\/uploads\/2022\/02\/WpSMS-SureSMS-1.png\" \/>\r\n<meta name=\"twitter:card\" content=\"summary_large_image\" \/>\r\n<meta name=\"twitter:label1\" content=\"Estimeret l\u00e6setid\" \/>\n\t<meta name=\"twitter:data1\" content=\"10 minutter\" \/>\r\n<script type=\"application\/ld+json\" class=\"yoast-schema-graph\">{\"@context\":\"https:\\\/\\\/schema.org\",\"@graph\":[{\"@type\":\"WebPage\",\"@id\":\"https:\\\/\\\/suresms.com\\\/dk\\\/integrationer\\\/cms-content-management-system-sms-integration\\\/sms-integration-wordpress-wp-sms\\\/\",\"url\":\"https:\\\/\\\/suresms.com\\\/dk\\\/integrationer\\\/cms-content-management-system-sms-integration\\\/sms-integration-wordpress-wp-sms\\\/\",\"name\":\"SMS integration til WordPress med WP-SMS - gratis konto\",\"isPartOf\":{\"@id\":\"https:\\\/\\\/suresms.com\\\/en\\\/#website\"},\"primaryImageOfPage\":{\"@id\":\"https:\\\/\\\/suresms.com\\\/dk\\\/integrationer\\\/cms-content-management-system-sms-integration\\\/sms-integration-wordpress-wp-sms\\\/#primaryimage\"},\"image\":{\"@id\":\"https:\\\/\\\/suresms.com\\\/dk\\\/integrationer\\\/cms-content-management-system-sms-integration\\\/sms-integration-wordpress-wp-sms\\\/#primaryimage\"},\"thumbnailUrl\":\"https:\\\/\\\/www.suresms.com\\\/dk\\\/wp-content\\\/uploads\\\/2022\\\/02\\\/WpSMS-SureSMS-1.png\",\"datePublished\":\"2024-05-18T09:31:03+00:00\",\"description\":\"Du kan sende b\u00e5de sms links, billeder, videoer og lydfiler med vores SMS gateway. Uanede muligheder for rigt indhold.\",\"breadcrumb\":{\"@id\":\"https:\\\/\\\/suresms.com\\\/dk\\\/integrationer\\\/cms-content-management-system-sms-integration\\\/sms-integration-wordpress-wp-sms\\\/#breadcrumb\"},\"inLanguage\":\"da-DK\",\"potentialAction\":[{\"@type\":\"ReadAction\",\"target\":[\"https:\\\/\\\/suresms.com\\\/dk\\\/integrationer\\\/cms-content-management-system-sms-integration\\\/sms-integration-wordpress-wp-sms\\\/\"]}]},{\"@type\":\"ImageObject\",\"inLanguage\":\"da-DK\",\"@id\":\"https:\\\/\\\/suresms.com\\\/dk\\\/integrationer\\\/cms-content-management-system-sms-integration\\\/sms-integration-wordpress-wp-sms\\\/#primaryimage\",\"url\":\"https:\\\/\\\/www.suresms.com\\\/dk\\\/wp-content\\\/uploads\\\/2022\\\/02\\\/WpSMS-SureSMS-1.png\",\"contentUrl\":\"https:\\\/\\\/www.suresms.com\\\/dk\\\/wp-content\\\/uploads\\\/2022\\\/02\\\/WpSMS-SureSMS-1.png\"},{\"@type\":\"BreadcrumbList\",\"@id\":\"https:\\\/\\\/suresms.com\\\/dk\\\/integrationer\\\/cms-content-management-system-sms-integration\\\/sms-integration-wordpress-wp-sms\\\/#breadcrumb\",\"itemListElement\":[{\"@type\":\"ListItem\",\"position\":1,\"name\":\"Home\",\"item\":\"https:\\\/\\\/suresms.com\\\/dk\\\/\"},{\"@type\":\"ListItem\",\"position\":2,\"name\":\"Integrationer\",\"item\":\"https:\\\/\\\/suresms.com\\\/dk\\\/integrationer\\\/\"},{\"@type\":\"ListItem\",\"position\":3,\"name\":\"SMS integration til Content Management Systemer (CMS systemer)\",\"item\":\"https:\\\/\\\/suresms.com\\\/dk\\\/integrationer\\\/cms-content-management-system-sms-integration\\\/\"},{\"@type\":\"ListItem\",\"position\":4,\"name\":\"SMS integration til WordPress med WP-SMS\"}]},{\"@type\":\"WebSite\",\"@id\":\"https:\\\/\\\/suresms.com\\\/en\\\/#website\",\"url\":\"https:\\\/\\\/suresms.com\\\/en\\\/\",\"name\":\"SureSMS\",\"description\":\"Professionel SMS Gateway\",\"publisher\":{\"@id\":\"https:\\\/\\\/suresms.com\\\/en\\\/#organization\"},\"potentialAction\":[{\"@type\":\"SearchAction\",\"target\":{\"@type\":\"EntryPoint\",\"urlTemplate\":\"https:\\\/\\\/suresms.com\\\/en\\\/?s={search_term_string}\"},\"query-input\":{\"@type\":\"PropertyValueSpecification\",\"valueRequired\":true,\"valueName\":\"search_term_string\"}}],\"inLanguage\":\"da-DK\"},{\"@type\":\"Organization\",\"@id\":\"https:\\\/\\\/suresms.com\\\/en\\\/#organization\",\"name\":\"SureSMS\",\"url\":\"https:\\\/\\\/suresms.com\\\/en\\\/\",\"logo\":{\"@type\":\"ImageObject\",\"inLanguage\":\"da-DK\",\"@id\":\"https:\\\/\\\/suresms.com\\\/en\\\/#\\\/schema\\\/logo\\\/image\\\/\",\"url\":\"https:\\\/\\\/suresms.com\\\/wp-content\\\/uploads\\\/2024\\\/11\\\/suresms-300x65-1.png\",\"contentUrl\":\"https:\\\/\\\/suresms.com\\\/wp-content\\\/uploads\\\/2024\\\/11\\\/suresms-300x65-1.png\",\"width\":300,\"height\":65,\"caption\":\"SureSMS\"},\"image\":{\"@id\":\"https:\\\/\\\/suresms.com\\\/en\\\/#\\\/schema\\\/logo\\\/image\\\/\"},\"sameAs\":[\"https:\\\/\\\/www.facebook.com\\\/p\\\/SureSMS-100044607956149\\\/\"]}]}<\/script>\r\n<!-- \/ Yoast SEO Premium plugin. -->","yoast_head_json":{"title":"SMS integration til WordPress med WP-SMS - gratis konto","description":"Du kan sende b\u00e5de sms links, billeder, videoer og lydfiler med vores SMS gateway. Uanede muligheder for rigt indhold.","robots":{"index":"index","follow":"follow","max-snippet":"max-snippet:-1","max-image-preview":"max-image-preview:large","max-video-preview":"max-video-preview:-1"},"canonical":"https:\/\/suresms.com\/dk\/integrationer\/cms-content-management-system-sms-integration\/sms-integration-wordpress-wp-sms\/","og_locale":"da_DK","og_type":"article","og_title":"SMS integration til WordPress med WP-SMS","og_description":"Du kan sende b\u00e5de sms links, billeder, videoer og lydfiler med vores SMS gateway. Uanede muligheder for rigt indhold.","og_url":"https:\/\/suresms.com\/dk\/integrationer\/cms-content-management-system-sms-integration\/sms-integration-wordpress-wp-sms\/","article_publisher":"https:\/\/www.facebook.com\/p\/SureSMS-100044607956149\/","og_image":[{"url":"https:\/\/www.suresms.com\/dk\/wp-content\/uploads\/2022\/02\/WpSMS-SureSMS-1.png","type":"","width":"","height":""}],"twitter_card":"summary_large_image","twitter_misc":{"Estimeret l\u00e6setid":"10 minutter"},"schema":{"@context":"https:\/\/schema.org","@graph":[{"@type":"WebPage","@id":"https:\/\/suresms.com\/dk\/integrationer\/cms-content-management-system-sms-integration\/sms-integration-wordpress-wp-sms\/","url":"https:\/\/suresms.com\/dk\/integrationer\/cms-content-management-system-sms-integration\/sms-integration-wordpress-wp-sms\/","name":"SMS integration til WordPress med WP-SMS - gratis konto","isPartOf":{"@id":"https:\/\/suresms.com\/en\/#website"},"primaryImageOfPage":{"@id":"https:\/\/suresms.com\/dk\/integrationer\/cms-content-management-system-sms-integration\/sms-integration-wordpress-wp-sms\/#primaryimage"},"image":{"@id":"https:\/\/suresms.com\/dk\/integrationer\/cms-content-management-system-sms-integration\/sms-integration-wordpress-wp-sms\/#primaryimage"},"thumbnailUrl":"https:\/\/www.suresms.com\/dk\/wp-content\/uploads\/2022\/02\/WpSMS-SureSMS-1.png","datePublished":"2024-05-18T09:31:03+00:00","description":"Du kan sende b\u00e5de sms links, billeder, videoer og lydfiler med vores SMS gateway. Uanede muligheder for rigt indhold.","breadcrumb":{"@id":"https:\/\/suresms.com\/dk\/integrationer\/cms-content-management-system-sms-integration\/sms-integration-wordpress-wp-sms\/#breadcrumb"},"inLanguage":"da-DK","potentialAction":[{"@type":"ReadAction","target":["https:\/\/suresms.com\/dk\/integrationer\/cms-content-management-system-sms-integration\/sms-integration-wordpress-wp-sms\/"]}]},{"@type":"ImageObject","inLanguage":"da-DK","@id":"https:\/\/suresms.com\/dk\/integrationer\/cms-content-management-system-sms-integration\/sms-integration-wordpress-wp-sms\/#primaryimage","url":"https:\/\/www.suresms.com\/dk\/wp-content\/uploads\/2022\/02\/WpSMS-SureSMS-1.png","contentUrl":"https:\/\/www.suresms.com\/dk\/wp-content\/uploads\/2022\/02\/WpSMS-SureSMS-1.png"},{"@type":"BreadcrumbList","@id":"https:\/\/suresms.com\/dk\/integrationer\/cms-content-management-system-sms-integration\/sms-integration-wordpress-wp-sms\/#breadcrumb","itemListElement":[{"@type":"ListItem","position":1,"name":"Home","item":"https:\/\/suresms.com\/dk\/"},{"@type":"ListItem","position":2,"name":"Integrationer","item":"https:\/\/suresms.com\/dk\/integrationer\/"},{"@type":"ListItem","position":3,"name":"SMS integration til Content Management Systemer (CMS systemer)","item":"https:\/\/suresms.com\/dk\/integrationer\/cms-content-management-system-sms-integration\/"},{"@type":"ListItem","position":4,"name":"SMS integration til WordPress med WP-SMS"}]},{"@type":"WebSite","@id":"https:\/\/suresms.com\/en\/#website","url":"https:\/\/suresms.com\/en\/","name":"SureSMS","description":"Professionel SMS Gateway","publisher":{"@id":"https:\/\/suresms.com\/en\/#organization"},"potentialAction":[{"@type":"SearchAction","target":{"@type":"EntryPoint","urlTemplate":"https:\/\/suresms.com\/en\/?s={search_term_string}"},"query-input":{"@type":"PropertyValueSpecification","valueRequired":true,"valueName":"search_term_string"}}],"inLanguage":"da-DK"},{"@type":"Organization","@id":"https:\/\/suresms.com\/en\/#organization","name":"SureSMS","url":"https:\/\/suresms.com\/en\/","logo":{"@type":"ImageObject","inLanguage":"da-DK","@id":"https:\/\/suresms.com\/en\/#\/schema\/logo\/image\/","url":"https:\/\/suresms.com\/wp-content\/uploads\/2024\/11\/suresms-300x65-1.png","contentUrl":"https:\/\/suresms.com\/wp-content\/uploads\/2024\/11\/suresms-300x65-1.png","width":300,"height":65,"caption":"SureSMS"},"image":{"@id":"https:\/\/suresms.com\/en\/#\/schema\/logo\/image\/"},"sameAs":["https:\/\/www.facebook.com\/p\/SureSMS-100044607956149\/"]}]}},"_links":{"self":[{"href":"https:\/\/suresms.com\/dk\/wp-json\/wp\/v2\/pages\/17217","targetHints":{"allow":["GET"]}}],"collection":[{"href":"https:\/\/suresms.com\/dk\/wp-json\/wp\/v2\/pages"}],"about":[{"href":"https:\/\/suresms.com\/dk\/wp-json\/wp\/v2\/types\/page"}],"author":[{"embeddable":true,"href":"https:\/\/suresms.com\/dk\/wp-json\/wp\/v2\/users\/1"}],"replies":[{"embeddable":true,"href":"https:\/\/suresms.com\/dk\/wp-json\/wp\/v2\/comments?post=17217"}],"version-history":[{"count":0,"href":"https:\/\/suresms.com\/dk\/wp-json\/wp\/v2\/pages\/17217\/revisions"}],"up":[{"embeddable":true,"href":"https:\/\/suresms.com\/dk\/wp-json\/wp\/v2\/pages\/14437"}],"wp:attachment":[{"href":"https:\/\/suresms.com\/dk\/wp-json\/wp\/v2\/media?parent=17217"}],"wp:term":[{"taxonomy":"category","embeddable":true,"href":"https:\/\/suresms.com\/dk\/wp-json\/wp\/v2\/categories?post=17217"},{"taxonomy":"post_tag","embeddable":true,"href":"https:\/\/suresms.com\/dk\/wp-json\/wp\/v2\/tags?post=17217"}],"curies":[{"name":"wp","href":"https:\/\/api.w.org\/{rel}","templated":true}]}}