{"id":16816,"date":"2023-03-28T12:23:14","date_gmt":"2023-03-28T10:23:14","guid":{"rendered":"https:\/\/www.suresms.com\/dk\/?page_id=16816"},"modified":"2026-03-25T15:43:19","modified_gmt":"2026-03-25T15:43:19","slug":"klaviyo-sms","status":"publish","type":"page","link":"https:\/\/suresms.com\/dk\/integrationer\/marketing-automation\/klaviyo-sms\/","title":{"rendered":"SMS integration til Klaviyo"},"content":{"rendered":"\n\n\t\t\t\t<!-- Flexy Breadcrumb -->\r\n\t\t\t<div class=\"fbc fbc-page\">\r\n\r\n\t\t\t\t<!-- Breadcrumb wrapper -->\r\n\t\t\t\t<div class=\"fbc-wrap\">\r\n\r\n\t\t\t\t\t<!-- Ordered list-->\r\n\t\t\t\t\t<ol class=\"fbc-items\" itemscope itemtype=\"https:\/\/schema.org\/BreadcrumbList\">\r\n\t\t\t\t\t\t            <li itemprop=\"itemListElement\" itemscope itemtype=\"https:\/\/schema.org\/ListItem\">\r\n                <span itemprop=\"name\">\r\n                    <!-- Home Link -->\r\n                    <a itemprop=\"item\" href=\"https:\/\/suresms.com\">\r\n                    \r\n                                                    <i class=\"fa fa-home\" aria-hidden=\"true\"><\/i>Home                    <\/a>\r\n                <\/span>\r\n                <meta itemprop=\"position\" content=\"1\" \/><!-- Meta Position-->\r\n             <\/li><li><span class=\"fbc-separator\">\/<\/span><\/li><li class=\"active\" itemprop=\"itemListElement\" itemscope itemtype=\"https:\/\/schema.org\/ListItem\"><span itemprop=\"name\" title=\"SMS integration til Klaviyo\">SMS integration til Klaviyo<\/span><meta itemprop=\"position\" content=\"2\" \/><\/li>\t\t\t\t\t<\/ol>\r\n\t\t\t\t\t<div class=\"clearfix\"><\/div>\r\n\t\t\t\t<\/div>\r\n\t\t\t<\/div>\r\n\t\t\t\n<figure itemscope itemtype=\"https:\/\/schema.org\/ImageObject\">\n\t\t\t\t<img decoding=\"async\" src=\"https:\/\/suresms.com\/wp-content\/uploads\/2023\/03\/Klaviyo_SureSMS-1-1.png\" alt=\"Klaviyo SMS integration\" height=\"200\" width=\"980\" title=\"Klaviyo_SureSMS\" onerror=\"this.style.display='none'\" loading=\"lazy\" \/>\n\t<\/figure>\n\t<h1>Optimer e-mailmarkedsf\u00f8ring i Klaviyo med SMS-markedsf\u00f8ring<\/h1>\n\t<p>SMS-markedsf\u00f8ring er en effektiv add on til nyhedsbreve, fordi l\u00e6serne p\u00e5virkes flere gange &#8211; og p\u00e5 forskellige m\u00e5der. Og da 90 % af alle SMS&#8217;er bliver l\u00e6st indenfor 3 minutter, er det s\u00e6rlig effektivt at opgradere med SMS-markedsf\u00f8ring.<\/p>\n<p>Selv hvis l\u00e6serne ikke har givet tilladelse til SMS-markedsf\u00f8ring, m\u00e5 I &#8211; p\u00e5 visse vilk\u00e5r &#8211; gerne sende SMS&#8217;er om produkter, der matcher tidligere k\u00f8b. Har de givet tilladelsen, har I selvf\u00f8lgelig endnu flere muligheder. Her kan I blandt andet lave remarketing per SMS eller sende SMS&#8217;er som en del af et velkomstflow til nye l\u00e6sere.<\/p>\n<p>SMS-marketing i Klaviyo er s\u00e6rlig popul\u00e6rt, fordi Klaviyo er s\u00e5 velegnet til webshops, og det er let at s\u00e6lge fysiske produkter gennem SMS. Her kr\u00e6ver det dog en gateway at SMS&#8217;e til danske eller europ\u00e6iske kunder, og heldigvis kan du ops\u00e6tte SureSMS til det form\u00e5l p\u00e5 bare en time.<\/p>\n<h2>\n\t\t\tMange fordele med SureSMS\t<\/h2>\n\t<p>Du kan enten integrere SureSMS direkte i Klaviyo, s\u00e5 I fremover har det hele samlet, eller du kan synkronisere Klaviyo og SureSMS, s\u00e5 I arbejder med SMS-delen af jeres markedsf\u00f8ring i SureSMS. Sidstn\u00e6vnte giver adskillige funktioner, der ikke findes i Klaviyo.<\/p>\n<p>Eksempelvis at I kan<\/p>\n<ul> \t\n<li>se \u00e5bnings- og klikrater<\/li>\n\n<li>vedh\u00e6fte filer<\/li>\n\n<li>sende MobilePay link med i beskederne, fordi beskeden lander direkte i telefonen<\/li>\n<\/ul>\n<p>Hertil kommer, at SureSMS som den eneste danske SMS-gateway kan forkorte links, s\u00e5 afsenderens shopnavn indg\u00e5r i den nye url. Det giver hele 35 % h\u00f8jere klikrate grundet brandv\u00e6rdien.<\/p>\n<p>Bruger I Shopify eller Idealshop kan I s\u00e5gar se deres konkrete udbytte af en kampagne, fordi SureSMS b\u00e5de viser de rene salgstal &#8211; og salgstallene fratrukket betalingen for SMS&#8217;erne.<\/p>\n<p>SureSMS har selvf\u00f8lgelig ogs\u00e5 de g\u00e6ngse funktioner som de konkurrerende teknologier:<\/p>\n<p>Mulighed for at<\/p>\n<ul> \t\n<li>virksomhedens navn st\u00e5r som afsender<\/li>\n\n<li>bruge emojis<\/li>\n\n<li>automatisere, hvorn\u00e5r SMS&#8217;erne sendes ud<\/li>\n<\/ul>\n<h2>\n\t\t\tRegler og lovgivning\t<\/h2>\n\t<p>GDPR-reglerne skal selvf\u00f8lgelig overholdes, og her hj\u00e6lper SureSMS. Vi har indbygget den lovpligtige mulighed for at afmelde sig SMS-markedsf\u00f8ring, s\u00e5 det bliver ultranemt for dig at s\u00e6tte det op.<\/p>\n<h2>\n\t\t\tPriser\t<\/h2>\n\t<p>Dansk support er inkl. i priserne herunder:<\/p>\nPris per SMS i Danmark:<br \/>\n0-9.999 SMS&#8217;er per m\u00e5ned: 28 \u00f8rer<br \/>\n10.000 til 100.000 SMS&#8217;er per m\u00e5ned: 25 \u00f8rer<br \/>\n100.001 og flere SMS&#8217;er per m\u00e5ned: 22 \u00f8rer\n<p>Du kan se <a href=\"https:\/\/suresms.com\/dk\/om-suresms\/priser-og-betaling\/\">internationale priser her<\/a>.<\/p>\n\t\t<h2>S\u00e5dan virker SMS i Klaviyo<\/h2><p>N\u00e5r du v\u00e6lger at integrere SureSMS med din Klaviyo-konto, kan det g\u00f8res p\u00e5 to forskellige m\u00e5der:<br \/>1) Du kan sende SMS-beskeder direkte fra din Klaviyo-konto.<br \/>2) Du kan synkronisere dine kontakter fra Klaviyo over i SureSMS eller<\/p>\n\t\t<h3>Send SMS direkte fra Klaviyo flows<\/h3><p>Det er muligt at lave din SMS-integration mellem Klaviyo SMS og SureSMS, s\u00e5ledes at du sender dine SMS&#8217;er direkte fra Klaviyo, men stadig via vores SMS-API. Ved denne l\u00f8sning har du alle dine rapporteringsfunktioner inde i SureSMS, men du skal alts\u00e5 ind i Klaviyo system for at se resultatet af din udsendelse.<\/p>\n<p><strong>Fordelen<\/strong> ved denne l\u00f8sning er, at du kun skal arbejde p\u00e5 \u00e9n platform. Denne l\u00f8sning er derfor god, hvis du arbejder meget med SMS som en del af dine automations.<\/p>\n<p><strong>Ulempen <\/strong>er , at du mister nogle funktioner, som ikke kan lade sig g\u00f8re i Klaviyo. Denne l\u00f8sning er for eksempel ikke ideel, hvis du arbejder meget med bulk afsendelser &#8211; alts\u00e5 afsendelse af mange SMS-beskeder til mange kontakter p\u00e5 \u00e9n gang. Hvis du vil vedh\u00e6fte filer eller hvis du vil sende MobilePay link direkte i dine beskeder.<\/p>\n\t\t<h3>Synkronisering af kontakter<\/h3><p>Synkronisering af kontakter foreg\u00e5 fra Klaviyo via den direkte Klaviyo-&gt;SureSMS integration. Det betyder at SureSMS med mellemrum tr\u00e6kker nye kontakter fra Klaviyo og l\u00e6gger dem i en gruppe i SureSMS.<\/p>\n<p><strong>Fordelen <\/strong>ved denne l\u00f8sning er, at du udvider dine muligheder med SMS-kommunikationen. I SureSMS er der nemlig en del muligheder, som ikke findes i Klaviyo. For eksempel kan du her se data omkring \u00e5bnings- og klikrater, og s\u00e5 har du mulighed for at sende vedh\u00e6ftninger med. Du har ogs\u00e5 mulighed for at sende MobilePay link med i beskederne.<\/p>\n<p><strong>Ulempen<\/strong> ved denne l\u00f8sning er naturligvis, at du har to forskellige systemer med den samme liste og derfor ogs\u00e5 skal arbejde p\u00e5 to forskellige platforme. Det kan naturligvis skabe irritation, men vi oplever dog sj\u00e6ldent, at det er et problem for vores kunder.<\/p>\n\t<strong>Bestil ops\u00e6tningsvejledning<br \/>\n<\/strong>F\u00e5 tilsendt en detaljeret vejledning i ops\u00e6tning med SureSMS\n\n<div class=\"wpcf7 no-js\" id=\"wpcf7-f13762-o1\" lang=\"en-GB\" dir=\"ltr\" data-wpcf7-id=\"13762\">\n<div class=\"screen-reader-response\"><p role=\"status\" aria-live=\"polite\" aria-atomic=\"true\"><\/p> <ul><\/ul><\/div>\n<form action=\"\/dk\/wp-json\/wp\/v2\/pages\/16816#wpcf7-f13762-o1\" method=\"post\" class=\"wpcf7-form init\" aria-label=\"Kontaktformular\" novalidate=\"novalidate\" data-status=\"init\">\n<fieldset class=\"hidden-fields-container\"><input type=\"hidden\" name=\"_wpcf7\" value=\"13762\" \/><input type=\"hidden\" name=\"_wpcf7_version\" value=\"6.1.5\" \/><input type=\"hidden\" name=\"_wpcf7_locale\" value=\"en_GB\" \/><input type=\"hidden\" name=\"_wpcf7_unit_tag\" value=\"wpcf7-f13762-o1\" \/><input type=\"hidden\" name=\"_wpcf7_container_post\" value=\"0\" \/><input type=\"hidden\" name=\"_wpcf7_posted_data_hash\" value=\"\" \/>\n<\/fieldset>\n<p><label><span class=\"wpcf7-form-control-wrap\" data-name=\"your-name\"><input size=\"40\" maxlength=\"400\" class=\"wpcf7-form-control wpcf7-text wpcf7-validates-as-required wpctf7-my-custom-class\" aria-required=\"true\" aria-invalid=\"false\" placeholder=\"Dit navn\" value=\"\" type=\"text\" name=\"your-name\" \/><\/span><\/label>\n<\/p>\n<p><span class=\"wpcf7-form-control-wrap\" data-name=\"email\"><input size=\"40\" maxlength=\"400\" class=\"wpcf7-form-control wpcf7-email wpcf7-validates-as-required wpcf7-text wpcf7-validates-as-email wpctf7-my-custom-class\" aria-required=\"true\" aria-invalid=\"false\" placeholder=\"E-mail*\" value=\"\" type=\"email\" name=\"email\" \/><\/span>\n<\/p>\n<p><div class=\"cf7-cf-turnstile\" style=\"margin-top: 0px; margin-bottom: -15px;\"> <div id=\"cf-turnstile-cf7-218109296\" class=\"cf-turnstile\" data-sitekey=\"0x4AAAAAAB8YGArd9ML-HbMW\" data-theme=\"light\" data-language=\"auto\" data-size=\"normal\" data-retry=\"auto\" data-retry-interval=\"1000\" data-refresh-expired=\"auto\" data-action=\"contact-form-7\" data-appearance=\"always\"><\/div> <script>document.addEventListener(\"DOMContentLoaded\", function() { setTimeout(function(){ var e=document.getElementById(\"cf-turnstile-cf7-218109296\"); e&&!e.innerHTML.trim()&&(turnstile.remove(\"#cf-turnstile-cf7-218109296\"), turnstile.render(\"#cf-turnstile-cf7-218109296\", {sitekey:\"0x4AAAAAAB8YGArd9ML-HbMW\"})); }, 100); });<\/script> <br class=\"cf-turnstile-br cf-turnstile-br-cf7-218109296\"> <style>#cf-turnstile-cf7-218109296 { margin-left: -15px; }<\/style> <script>document.addEventListener(\"DOMContentLoaded\",function(){document.querySelectorAll('.wpcf7-form').forEach(function(e){e.addEventListener('submit',function(){if(document.getElementById('cf-turnstile-cf7-218109296')){setTimeout(function(){turnstile.reset('#cf-turnstile-cf7-218109296');},1000)}})})});<\/script> <\/div><br\/><input class=\"wpcf7-form-control wpcf7-submit has-spinner\" type=\"submit\" value=\"Bestil vejledning\" \/>\n<\/p><div class=\"wpcf7-response-output\" aria-hidden=\"true\"><\/div>\n<\/form>\n<\/div>\n\n\t\t\t<a href=\"https:\/\/calendly.com\/gm--nzwp\/30min\"  target=\"_blank\" rel=\"noopener\"    rel=\"noopener\">\n\t\t\t\t\t\t\tBook en demo\n\t\t\t\t\t<\/a>\n\t<p>med Glen<\/p>\n\t<p>Er du klar til at pr\u00f8ve en Klaviyo integration. Med en test-konto er det gratis at pr\u00f8ve, at s\u00e6tte op og du f\u00e5r 50 gratis SMS&#8217;er til en start. V\u00e6lg enten at f\u00e5 tilsendt den detaljeret vejledning eller book et m\u00f8de hvor vi gennemg\u00e5r ops\u00e6tningen.<\/p>\n\t<p><strong>Bestil ops\u00e6tningsvejledning<br \/><\/strong>F\u00e5 tilsendt en detaljeret vejledning i ops\u00e6tning af Klaviyo med SureSMS<\/p>\n\n<div class=\"wpcf7 no-js\" id=\"wpcf7-f13762-o2\" lang=\"en-GB\" dir=\"ltr\" data-wpcf7-id=\"13762\">\n<div class=\"screen-reader-response\"><p role=\"status\" aria-live=\"polite\" aria-atomic=\"true\"><\/p> <ul><\/ul><\/div>\n<form action=\"\/dk\/wp-json\/wp\/v2\/pages\/16816#wpcf7-f13762-o2\" method=\"post\" class=\"wpcf7-form init\" aria-label=\"Kontaktformular\" novalidate=\"novalidate\" data-status=\"init\">\n<fieldset class=\"hidden-fields-container\"><input type=\"hidden\" name=\"_wpcf7\" value=\"13762\" \/><input type=\"hidden\" name=\"_wpcf7_version\" value=\"6.1.5\" \/><input type=\"hidden\" name=\"_wpcf7_locale\" value=\"en_GB\" \/><input type=\"hidden\" name=\"_wpcf7_unit_tag\" value=\"wpcf7-f13762-o2\" \/><input type=\"hidden\" name=\"_wpcf7_container_post\" value=\"0\" \/><input type=\"hidden\" name=\"_wpcf7_posted_data_hash\" value=\"\" \/>\n<\/fieldset>\n<p><label><span class=\"wpcf7-form-control-wrap\" data-name=\"your-name\"><input size=\"40\" maxlength=\"400\" class=\"wpcf7-form-control wpcf7-text wpcf7-validates-as-required wpctf7-my-custom-class\" aria-required=\"true\" aria-invalid=\"false\" placeholder=\"Dit navn\" value=\"\" type=\"text\" name=\"your-name\" \/><\/span><\/label>\n<\/p>\n<p><span class=\"wpcf7-form-control-wrap\" data-name=\"email\"><input size=\"40\" maxlength=\"400\" class=\"wpcf7-form-control wpcf7-email wpcf7-validates-as-required wpcf7-text wpcf7-validates-as-email wpctf7-my-custom-class\" aria-required=\"true\" aria-invalid=\"false\" placeholder=\"E-mail*\" value=\"\" type=\"email\" name=\"email\" \/><\/span>\n<\/p>\n<p><div class=\"cf7-cf-turnstile\" style=\"margin-top: 0px; margin-bottom: -15px;\"> <div id=\"cf-turnstile-cf7-3165677021\" class=\"cf-turnstile\" data-sitekey=\"0x4AAAAAAB8YGArd9ML-HbMW\" data-theme=\"light\" data-language=\"auto\" data-size=\"normal\" data-retry=\"auto\" data-retry-interval=\"1000\" data-refresh-expired=\"auto\" data-action=\"contact-form-7\" data-appearance=\"always\"><\/div> <script>document.addEventListener(\"DOMContentLoaded\", function() { setTimeout(function(){ var e=document.getElementById(\"cf-turnstile-cf7-3165677021\"); e&&!e.innerHTML.trim()&&(turnstile.remove(\"#cf-turnstile-cf7-3165677021\"), turnstile.render(\"#cf-turnstile-cf7-3165677021\", {sitekey:\"0x4AAAAAAB8YGArd9ML-HbMW\"})); }, 100); });<\/script> <br class=\"cf-turnstile-br cf-turnstile-br-cf7-3165677021\"> <style>#cf-turnstile-cf7-3165677021 { margin-left: -15px; }<\/style> <script>document.addEventListener(\"DOMContentLoaded\",function(){document.querySelectorAll('.wpcf7-form').forEach(function(e){e.addEventListener('submit',function(){if(document.getElementById('cf-turnstile-cf7-3165677021')){setTimeout(function(){turnstile.reset('#cf-turnstile-cf7-3165677021');},1000)}})})});<\/script> <\/div><br\/><input class=\"wpcf7-form-control wpcf7-submit has-spinner\" type=\"submit\" value=\"Bestil vejledning\" \/>\n<\/p><div class=\"wpcf7-response-output\" aria-hidden=\"true\"><\/div>\n<\/form>\n<\/div>\n\n<figure itemscope itemtype=\"https:\/\/schema.org\/ImageObject\">\n\t\t\t\t<img decoding=\"async\" src=\"https:\/\/suresms.com\/wp-content\/uploads\/2024\/09\/Glen100x118.png\" alt=\"Glen100x118\" title=\"Glen100x118\" onerror=\"this.style.display='none'\" loading=\"lazy\" \/>\n\t<\/figure>\n\t\t\t<a href=\"https:\/\/calendly.com\/gm--nzwp\/30min\"  target=\"_self\">\n\t\t\t\t\t\t\tBook en demo\n\t\t\t\t\t<\/a>\n\t<p>med Glen<\/p>\n\n","protected":false},"excerpt":{"rendered":"<p>Optimer e-mailmarkedsf\u00f8ring i Klaviyo med SMS-markedsf\u00f8ring SMS-markedsf\u00f8ring er en effektiv add on til nyhedsbreve, fordi l\u00e6serne p\u00e5virkes flere gange &#8211; og p\u00e5 forskellige m\u00e5der. Og da 90 % af alle SMS&#8217;er bliver l\u00e6st indenfor 3 minutter, er det s\u00e6rlig effektivt at opgradere med SMS-markedsf\u00f8ring. Selv hvis l\u00e6serne ikke har givet tilladelse til SMS-markedsf\u00f8ring, m\u00e5 I &#8230; <a title=\"SMS integration til Klaviyo\" class=\"read-more\" href=\"https:\/\/suresms.com\/dk\/integrationer\/marketing-automation\/klaviyo-sms\/\" aria-label=\"Read more about SMS integration til Klaviyo\">L\u00e6s mere <\/a><\/p>\n","protected":false},"author":1,"featured_media":0,"parent":13367,"menu_order":1,"comment_status":"closed","ping_status":"closed","template":"","meta":{"_fl_builder_enabled":"1","_fl_builder_data":null,"_fl_builder_draft":null,"_fl_builder_data_settings":null,"_fl_builder_css":"","_fl_builder_css_version":"","_fl_builder_js":"","footnotes":""},"categories":[],"tags":[],"class_list":["post-16816","page","type-page","status-publish"],"yoast_head":"<!-- This site is optimized with the Yoast SEO Premium plugin v27.3 (Yoast SEO v27.3) - https:\/\/yoast.com\/product\/yoast-seo-premium-wordpress\/ -->\r\n<title>Klaviyo SMS l\u00f8sning til danske og nordiske kunder<\/title>\r\n<meta name=\"description\" content=\"Integrer SMS i Klaviyo i dag, og kom i gang med at skabe v\u00e6rdifulde automations og kampagner! En \u00e5bningsrate p\u00e5 98 %.\" \/>\r\n<meta name=\"robots\" content=\"index, follow, max-snippet:-1, max-image-preview:large, max-video-preview:-1\" \/>\r\n<link rel=\"canonical\" href=\"https:\/\/suresms.com\/dk\/integrationer\/marketing-automation\/klaviyo-sms\/\" \/>\r\n<meta property=\"og:locale\" content=\"da_DK\" \/>\r\n<meta property=\"og:type\" content=\"article\" \/>\r\n<meta property=\"og:title\" content=\"SMS integration til Klaviyo\" \/>\r\n<meta property=\"og:description\" content=\"Integrer SMS i Klaviyo i dag, og kom i gang med at skabe v\u00e6rdifulde automations og kampagner! En \u00e5bningsrate p\u00e5 98 %.\" \/>\r\n<meta property=\"og:url\" content=\"https:\/\/suresms.com\/dk\/integrationer\/marketing-automation\/klaviyo-sms\/\" \/>\r\n<meta property=\"article:publisher\" content=\"https:\/\/www.facebook.com\/p\/SureSMS-100044607956149\/\" \/>\r\n<meta property=\"article:modified_time\" content=\"2026-03-25T15:43:19+00:00\" \/>\r\n<meta property=\"og:image\" content=\"https:\/\/suresms.com\/wp-content\/uploads\/2023\/03\/Klaviyo_SureSMS-1-1.png\" \/>\r\n<meta name=\"twitter:card\" content=\"summary_large_image\" \/>\r\n<meta name=\"twitter:label1\" content=\"Estimeret l\u00e6setid\" \/>\n\t<meta name=\"twitter:data1\" content=\"12 minutter\" \/>\r\n<script type=\"application\/ld+json\" class=\"yoast-schema-graph\">{\"@context\":\"https:\\\/\\\/schema.org\",\"@graph\":[{\"@type\":\"WebPage\",\"@id\":\"https:\\\/\\\/suresms.com\\\/dk\\\/integrationer\\\/marketing-automation\\\/klaviyo-sms\\\/\",\"url\":\"https:\\\/\\\/suresms.com\\\/dk\\\/integrationer\\\/marketing-automation\\\/klaviyo-sms\\\/\",\"name\":\"Klaviyo SMS l\u00f8sning til danske og nordiske kunder\",\"isPartOf\":{\"@id\":\"https:\\\/\\\/suresms.com\\\/en\\\/#website\"},\"primaryImageOfPage\":{\"@id\":\"https:\\\/\\\/suresms.com\\\/dk\\\/integrationer\\\/marketing-automation\\\/klaviyo-sms\\\/#primaryimage\"},\"image\":{\"@id\":\"https:\\\/\\\/suresms.com\\\/dk\\\/integrationer\\\/marketing-automation\\\/klaviyo-sms\\\/#primaryimage\"},\"thumbnailUrl\":\"https:\\\/\\\/suresms.com\\\/wp-content\\\/uploads\\\/2023\\\/03\\\/Klaviyo_SureSMS-1-1.png\",\"datePublished\":\"2023-03-28T10:23:14+00:00\",\"dateModified\":\"2026-03-25T15:43:19+00:00\",\"description\":\"Integrer SMS i Klaviyo i dag, og kom i gang med at skabe v\u00e6rdifulde automations og kampagner! En \u00e5bningsrate p\u00e5 98 %.\",\"breadcrumb\":{\"@id\":\"https:\\\/\\\/suresms.com\\\/dk\\\/integrationer\\\/marketing-automation\\\/klaviyo-sms\\\/#breadcrumb\"},\"inLanguage\":\"da-DK\",\"potentialAction\":[{\"@type\":\"ReadAction\",\"target\":[\"https:\\\/\\\/suresms.com\\\/dk\\\/integrationer\\\/marketing-automation\\\/klaviyo-sms\\\/\"]}]},{\"@type\":\"ImageObject\",\"inLanguage\":\"da-DK\",\"@id\":\"https:\\\/\\\/suresms.com\\\/dk\\\/integrationer\\\/marketing-automation\\\/klaviyo-sms\\\/#primaryimage\",\"url\":\"https:\\\/\\\/suresms.com\\\/wp-content\\\/uploads\\\/2023\\\/03\\\/Klaviyo_SureSMS-1-1.png\",\"contentUrl\":\"https:\\\/\\\/suresms.com\\\/wp-content\\\/uploads\\\/2023\\\/03\\\/Klaviyo_SureSMS-1-1.png\"},{\"@type\":\"BreadcrumbList\",\"@id\":\"https:\\\/\\\/suresms.com\\\/dk\\\/integrationer\\\/marketing-automation\\\/klaviyo-sms\\\/#breadcrumb\",\"itemListElement\":[{\"@type\":\"ListItem\",\"position\":1,\"name\":\"Home\",\"item\":\"https:\\\/\\\/suresms.com\\\/dk\\\/\"},{\"@type\":\"ListItem\",\"position\":2,\"name\":\"Integrationer\",\"item\":\"https:\\\/\\\/suresms.com\\\/dk\\\/integrationer\\\/\"},{\"@type\":\"ListItem\",\"position\":3,\"name\":\"SMS integration til Marketing Automation\",\"item\":\"https:\\\/\\\/suresms.com\\\/dk\\\/integrationer\\\/marketing-automation\\\/\"},{\"@type\":\"ListItem\",\"position\":4,\"name\":\"SMS integration til Klaviyo\"}]},{\"@type\":\"WebSite\",\"@id\":\"https:\\\/\\\/suresms.com\\\/en\\\/#website\",\"url\":\"https:\\\/\\\/suresms.com\\\/en\\\/\",\"name\":\"SureSMS\",\"description\":\"Professionel SMS Gateway\",\"publisher\":{\"@id\":\"https:\\\/\\\/suresms.com\\\/en\\\/#organization\"},\"potentialAction\":[{\"@type\":\"SearchAction\",\"target\":{\"@type\":\"EntryPoint\",\"urlTemplate\":\"https:\\\/\\\/suresms.com\\\/en\\\/?s={search_term_string}\"},\"query-input\":{\"@type\":\"PropertyValueSpecification\",\"valueRequired\":true,\"valueName\":\"search_term_string\"}}],\"inLanguage\":\"da-DK\"},{\"@type\":\"Organization\",\"@id\":\"https:\\\/\\\/suresms.com\\\/en\\\/#organization\",\"name\":\"SureSMS\",\"url\":\"https:\\\/\\\/suresms.com\\\/en\\\/\",\"logo\":{\"@type\":\"ImageObject\",\"inLanguage\":\"da-DK\",\"@id\":\"https:\\\/\\\/suresms.com\\\/en\\\/#\\\/schema\\\/logo\\\/image\\\/\",\"url\":\"https:\\\/\\\/suresms.com\\\/wp-content\\\/uploads\\\/2024\\\/11\\\/suresms-300x65-1.png\",\"contentUrl\":\"https:\\\/\\\/suresms.com\\\/wp-content\\\/uploads\\\/2024\\\/11\\\/suresms-300x65-1.png\",\"width\":300,\"height\":65,\"caption\":\"SureSMS\"},\"image\":{\"@id\":\"https:\\\/\\\/suresms.com\\\/en\\\/#\\\/schema\\\/logo\\\/image\\\/\"},\"sameAs\":[\"https:\\\/\\\/www.facebook.com\\\/p\\\/SureSMS-100044607956149\\\/\"]}]}<\/script>\r\n<!-- \/ Yoast SEO Premium plugin. -->","yoast_head_json":{"title":"Klaviyo SMS l\u00f8sning til danske og nordiske kunder","description":"Integrer SMS i Klaviyo i dag, og kom i gang med at skabe v\u00e6rdifulde automations og kampagner! En \u00e5bningsrate p\u00e5 98 %.","robots":{"index":"index","follow":"follow","max-snippet":"max-snippet:-1","max-image-preview":"max-image-preview:large","max-video-preview":"max-video-preview:-1"},"canonical":"https:\/\/suresms.com\/dk\/integrationer\/marketing-automation\/klaviyo-sms\/","og_locale":"da_DK","og_type":"article","og_title":"SMS integration til Klaviyo","og_description":"Integrer SMS i Klaviyo i dag, og kom i gang med at skabe v\u00e6rdifulde automations og kampagner! En \u00e5bningsrate p\u00e5 98 %.","og_url":"https:\/\/suresms.com\/dk\/integrationer\/marketing-automation\/klaviyo-sms\/","article_publisher":"https:\/\/www.facebook.com\/p\/SureSMS-100044607956149\/","article_modified_time":"2026-03-25T15:43:19+00:00","og_image":[{"url":"https:\/\/suresms.com\/wp-content\/uploads\/2023\/03\/Klaviyo_SureSMS-1-1.png","type":"","width":"","height":""}],"twitter_card":"summary_large_image","twitter_misc":{"Estimeret l\u00e6setid":"12 minutter"},"schema":{"@context":"https:\/\/schema.org","@graph":[{"@type":"WebPage","@id":"https:\/\/suresms.com\/dk\/integrationer\/marketing-automation\/klaviyo-sms\/","url":"https:\/\/suresms.com\/dk\/integrationer\/marketing-automation\/klaviyo-sms\/","name":"Klaviyo SMS l\u00f8sning til danske og nordiske kunder","isPartOf":{"@id":"https:\/\/suresms.com\/en\/#website"},"primaryImageOfPage":{"@id":"https:\/\/suresms.com\/dk\/integrationer\/marketing-automation\/klaviyo-sms\/#primaryimage"},"image":{"@id":"https:\/\/suresms.com\/dk\/integrationer\/marketing-automation\/klaviyo-sms\/#primaryimage"},"thumbnailUrl":"https:\/\/suresms.com\/wp-content\/uploads\/2023\/03\/Klaviyo_SureSMS-1-1.png","datePublished":"2023-03-28T10:23:14+00:00","dateModified":"2026-03-25T15:43:19+00:00","description":"Integrer SMS i Klaviyo i dag, og kom i gang med at skabe v\u00e6rdifulde automations og kampagner! En \u00e5bningsrate p\u00e5 98 %.","breadcrumb":{"@id":"https:\/\/suresms.com\/dk\/integrationer\/marketing-automation\/klaviyo-sms\/#breadcrumb"},"inLanguage":"da-DK","potentialAction":[{"@type":"ReadAction","target":["https:\/\/suresms.com\/dk\/integrationer\/marketing-automation\/klaviyo-sms\/"]}]},{"@type":"ImageObject","inLanguage":"da-DK","@id":"https:\/\/suresms.com\/dk\/integrationer\/marketing-automation\/klaviyo-sms\/#primaryimage","url":"https:\/\/suresms.com\/wp-content\/uploads\/2023\/03\/Klaviyo_SureSMS-1-1.png","contentUrl":"https:\/\/suresms.com\/wp-content\/uploads\/2023\/03\/Klaviyo_SureSMS-1-1.png"},{"@type":"BreadcrumbList","@id":"https:\/\/suresms.com\/dk\/integrationer\/marketing-automation\/klaviyo-sms\/#breadcrumb","itemListElement":[{"@type":"ListItem","position":1,"name":"Home","item":"https:\/\/suresms.com\/dk\/"},{"@type":"ListItem","position":2,"name":"Integrationer","item":"https:\/\/suresms.com\/dk\/integrationer\/"},{"@type":"ListItem","position":3,"name":"SMS integration til Marketing Automation","item":"https:\/\/suresms.com\/dk\/integrationer\/marketing-automation\/"},{"@type":"ListItem","position":4,"name":"SMS integration til Klaviyo"}]},{"@type":"WebSite","@id":"https:\/\/suresms.com\/en\/#website","url":"https:\/\/suresms.com\/en\/","name":"SureSMS","description":"Professionel SMS Gateway","publisher":{"@id":"https:\/\/suresms.com\/en\/#organization"},"potentialAction":[{"@type":"SearchAction","target":{"@type":"EntryPoint","urlTemplate":"https:\/\/suresms.com\/en\/?s={search_term_string}"},"query-input":{"@type":"PropertyValueSpecification","valueRequired":true,"valueName":"search_term_string"}}],"inLanguage":"da-DK"},{"@type":"Organization","@id":"https:\/\/suresms.com\/en\/#organization","name":"SureSMS","url":"https:\/\/suresms.com\/en\/","logo":{"@type":"ImageObject","inLanguage":"da-DK","@id":"https:\/\/suresms.com\/en\/#\/schema\/logo\/image\/","url":"https:\/\/suresms.com\/wp-content\/uploads\/2024\/11\/suresms-300x65-1.png","contentUrl":"https:\/\/suresms.com\/wp-content\/uploads\/2024\/11\/suresms-300x65-1.png","width":300,"height":65,"caption":"SureSMS"},"image":{"@id":"https:\/\/suresms.com\/en\/#\/schema\/logo\/image\/"},"sameAs":["https:\/\/www.facebook.com\/p\/SureSMS-100044607956149\/"]}]}},"_links":{"self":[{"href":"https:\/\/suresms.com\/dk\/wp-json\/wp\/v2\/pages\/16816","targetHints":{"allow":["GET"]}}],"collection":[{"href":"https:\/\/suresms.com\/dk\/wp-json\/wp\/v2\/pages"}],"about":[{"href":"https:\/\/suresms.com\/dk\/wp-json\/wp\/v2\/types\/page"}],"author":[{"embeddable":true,"href":"https:\/\/suresms.com\/dk\/wp-json\/wp\/v2\/users\/1"}],"replies":[{"embeddable":true,"href":"https:\/\/suresms.com\/dk\/wp-json\/wp\/v2\/comments?post=16816"}],"version-history":[{"count":5,"href":"https:\/\/suresms.com\/dk\/wp-json\/wp\/v2\/pages\/16816\/revisions"}],"predecessor-version":[{"id":23854,"href":"https:\/\/suresms.com\/dk\/wp-json\/wp\/v2\/pages\/16816\/revisions\/23854"}],"up":[{"embeddable":true,"href":"https:\/\/suresms.com\/dk\/wp-json\/wp\/v2\/pages\/13367"}],"wp:attachment":[{"href":"https:\/\/suresms.com\/dk\/wp-json\/wp\/v2\/media?parent=16816"}],"wp:term":[{"taxonomy":"category","embeddable":true,"href":"https:\/\/suresms.com\/dk\/wp-json\/wp\/v2\/categories?post=16816"},{"taxonomy":"post_tag","embeddable":true,"href":"https:\/\/suresms.com\/dk\/wp-json\/wp\/v2\/tags?post=16816"}],"curies":[{"name":"wp","href":"https:\/\/api.w.org\/{rel}","templated":true}]}}