{"id":16543,"date":"2023-01-25T10:38:05","date_gmt":"2023-01-25T08:38:05","guid":{"rendered":"https:\/\/www.suresms.com\/dk\/?page_id=16543"},"modified":"2024-12-06T13:05:55","modified_gmt":"2024-12-06T13:05:55","slug":"sms-link","status":"publish","type":"page","link":"https:\/\/suresms.com\/dk\/funktioner\/sms-link\/","title":{"rendered":"SMS link"},"content":{"rendered":"\n\n\t\t\t\t<!-- Flexy Breadcrumb -->\r\n\t\t\t<div class=\"fbc fbc-page\">\r\n\r\n\t\t\t\t<!-- Breadcrumb wrapper -->\r\n\t\t\t\t<div class=\"fbc-wrap\">\r\n\r\n\t\t\t\t\t<!-- Ordered list-->\r\n\t\t\t\t\t<ol class=\"fbc-items\" itemscope itemtype=\"https:\/\/schema.org\/BreadcrumbList\">\r\n\t\t\t\t\t\t            <li itemprop=\"itemListElement\" itemscope itemtype=\"https:\/\/schema.org\/ListItem\">\r\n                <span itemprop=\"name\">\r\n                    <!-- Home Link -->\r\n                    <a itemprop=\"item\" href=\"https:\/\/suresms.com\">\r\n                    \r\n                                                    <i class=\"fa fa-home\" aria-hidden=\"true\"><\/i>Home                    <\/a>\r\n                <\/span>\r\n                <meta itemprop=\"position\" content=\"1\" \/><!-- Meta Position-->\r\n             <\/li><li><span class=\"fbc-separator\">\/<\/span><\/li><li class=\"active\" itemprop=\"itemListElement\" itemscope itemtype=\"https:\/\/schema.org\/ListItem\"><span itemprop=\"name\" title=\"SMS link\">SMS link<\/span><meta itemprop=\"position\" content=\"2\" \/><\/li>\t\t\t\t\t<\/ol>\r\n\t\t\t\t\t<div class=\"clearfix\"><\/div>\r\n\t\t\t\t<\/div>\r\n\t\t\t<\/div>\r\n\t\t\t\n<h1>\n\t\tSMS link\n\t<\/h1>\n\t<h4>Videoer, PDF filer, billeder og links kan alt sammen s\u00e6ttes ind i en SMS besked. Det er lige s\u00e5 nemt som at vedh\u00e6fte en fil n\u00e5r du sender en email.<\/h4>\n<p>Med SureSMS f\u00e5r du en unik mulighed for at sende link i din SMS besked. Vi har lavet vores egen s\u00e5kalde URL shortner der g\u00f8r det muligt at vise b\u00e5de videoer, pdf filer, billeder og meget mere i SMS beskederne.<\/p>\n\t<ul>\n\t\t<li>\t\t\t\t\n\t\t<h3>Inds\u00e6t link i beskeder<\/h3><p>Du har mulighed for at inds\u00e6tte et link i din besked med vores helt specielle link-modul. Ved at bruge vores URL shortener kan du lave et meget kort link og dermed sparer mange tegn.<\/p><\/li><li>\t\t\t\t\n\t\t<h3>Brug dit eget domain-navn<\/h3><p>Med vores s\u00e6rlige branded-url modul har du mulighed for at lave et kort link i dine beskeder, der indeholder dit eget domain navn. Generelt giver det en 30% h\u00f8jere klikrate fordi dit link er mere trov\u00e6rdigt.\u00a0<\/p><\/li><li>\t\t\t\t\n\t\t<h3>Vedh\u00e6ft filer<\/h3><p>Som den eneste danske SMS gateway tilbyder SureSMS at du kan inds\u00e6tte filer n\u00e5r du sender en SMS. Det kan f.eks. v\u00e6re en PDF fil eller en video.\u00a0<\/p><\/li><li>\t\t\t\t\n\t\t<h3>MobilePay link<\/h3><p>Modtager du betaling fra dine modtagere, har du ogs\u00e5 mulighed for at inds\u00e6tte et MobilePay link i beskeden. Brugeren swiper bare og s\u00e5 er betalingen g\u00e5et igennem.<\/p><\/li><li>\t\t\t\t\n\t\t<h3>Afmledingslink<\/h3><p>Sender du SMS markedsf\u00f8ring, er det et krav at man kan afmelde sig din liste. Det er gjort nemt med links i SMS beskeden.<\/p><\/li>\t<\/ul>\n\t<p>Herunder kan du p\u00e5 sk\u00e6rmbilledet se hvor nemt det er at inds\u00e6te et link med din egen URL i beskeden.<\/p>\n\t\t\t\t<img loading=\"lazy\" decoding=\"async\" src=\"https:\/\/suresms.com\/wp-content\/uploads\/2023\/01\/Tilfoej-link-1.png\" alt=\"Tilf\u00f8j link til besked\" itemprop=\"image\" height=\"498\" width=\"1416\" title=\"Tilf\u00f8j link\" onerror=\"this.style.display='none'\"  \/>\n\t<p>Hvis du v\u00e6lger at lave et link, kan du g\u00f8re det p\u00e5 to m\u00e5der.<\/p>\nEnten kan du skrive linket direkte i beskeder, f.eks. : https:\/\/mitdomain.dk\/kampagne1.<br \/>\nDu kan ogs\u00e5 v\u00e6lge at s\u00e6tte et Normalt Link ind. Her skriver du i link feltet https:\/\/mitdomain.dk\/kampagne1, men n\u00e5r modtageren f\u00e5r beskeden st\u00e5r der https:\/\/a-l.ink\/HdB6sg.\n<p>L\u00e6s om <a href=\"https:\/\/www.suresms.com\/dk\/funktioner\/sms-link-branded-url\/\">branded URLs her<\/a>, hvor du bruger et link som ser s\u00e5ledes ud: https:\/\/m.mitfomain.dk\/fhdcd<\/p>\n<p>N\u00e5r de klikker p\u00e5 linket \u00e5bnes f\u00f8rst en side p\u00e5 vores server, hvor vi unders\u00f8ger hvem der har klikket, hvilken telefon der er klikket fra, hvad klokken er og meget mere. Herefter sendes brugeren videre til den endelige adresse. Dermed har vi m\u00e5ling p\u00e5 hvem der har klikket og kan rapportere dette til dig.<\/p>\n\t<h2>Link tracking i sms markedsf\u00f8ring<\/h2>\n<p>Med den s\u00e6rlige link funktionalitet i vores SMS sender f\u00e5r du ogs\u00e5 mulighed for at spore. Du f\u00e5r mulighed for at se, hvem der har klikket p\u00e5 et link, hvor lang tid de s\u00e5 en video, hvor mange gange de klikkede og hvorn\u00e5r. Alt sammen v\u00e6rdifuld informationer hvis du laver markedsf\u00f8ring.<\/p>\n<ol> \t\n<li>Kortere og mere overskuelige links giver en h\u00f8jere klikrate: N\u00e5r dine links er kortere og &#8220;p\u00e6nere&#8221;, ser de mere trov\u00e6rdige og gennemskuelige ud. Dette kan f\u00f8re til en h\u00f8jere gennemsnitlig klikrate, da modtagerne er mere tilb\u00f8jelige til at klikke p\u00e5 linket.<\/li>\n\n<li>Giver v\u00e6rdifulde data om kampagnerne, s\u00e5som klikrate og konverteringer: Ved at bruge linktracking i dine SMS-kampagner, f\u00e5r du v\u00e6rdifuld indsigt i, hvordan kampagnerne performer i forhold til klikrate og konverteringer. Denne viden kan bruges til at planl\u00e6gge og optimere fremtidige kampagner.<\/li>\n\n<li>Giver et overblik over kampagners afvisningsprocent: Ved at bruge links til afmelding, kan du hurtigt se hvilke kampagner, dine modtagere ikke kan lide. Denne viden kan bruges til at optimere fremtidige kampagner, eller helt at droppe dem, der ikke performer godt. Linktracking giver dig alts\u00e5 mulighed for at se, hvilke af dine SMS-kampagner, der klarer sig godt, og hvilke der m\u00e5ske kr\u00e6ver noget mere arbejde fremadrettet.<\/li>\n<\/ol>\n\t<h2>Afmeld SMS via link<\/h2>\n<p>Link i SMS kan ogs\u00e5 bruges hvis modtagerene \u00f8nsker at afmelde sig dit nyhedsbrev. Dette link inds\u00e6ttes automatisk hvis du v\u00e6lger det relevante flueben n\u00e5r du sender ud. Det eneste modtageren skal g\u00f8re, for at afmelde sig nyhedsbrevet er, at klikke p\u00e5 linket.<\/p>\n\t<h4><strong>\u00a0Her kan du l\u00e6se nogle eksempler p\u00e5, hvordan vores kunder i dag benytter funktionen: &#8220;Gruppe SMS&#8221;<\/strong><\/h4>\n\n<ul> \t\n<li>Et mellemstort jysk transportfirma benytter gruppe sms til at sende arbejdsopgaver ud til deres chauff\u00f8rer. De udsendte SMS&#8217;er indeholder logistiske informationer omkring gods, placering og afhentning.<\/li>\n\n<li>En virksomhed, som udbyder online spil, f\u00e5r nye kunder ved at sende gruppe sms er med link til mulige onlinespil ud til deres brugere.<\/li>\n\n<li>P\u00e5 et dansk sygehus sender lederen af kantinen j\u00e6vnligt gruppe sms ud til det heldige personale omkring sociale arrangementer og vigtige begivenheder: &#8220;I dag er der kage i kantinen!&#8221; eller &#8220;I morgen fejrer vi sommeren med fredagsgrill i g\u00e5rdhaven!&#8221;<\/li>\n<\/ul>\n\n","protected":false},"excerpt":{"rendered":"<p>SMS link Videoer, PDF filer, billeder og links kan alt sammen s\u00e6ttes ind i en SMS besked. Det er lige s\u00e5 nemt som at vedh\u00e6fte en fil n\u00e5r du sender en email. Med SureSMS f\u00e5r du en unik mulighed for at sende link i din SMS besked. Vi har lavet vores egen s\u00e5kalde URL shortner &#8230; <a title=\"SMS link\" class=\"read-more\" href=\"https:\/\/suresms.com\/dk\/funktioner\/sms-link\/\" aria-label=\"Read more about SMS link\">L\u00e6s mere <\/a><\/p>\n","protected":false},"author":1,"featured_media":0,"parent":958,"menu_order":12,"comment_status":"closed","ping_status":"closed","template":"","meta":{"_fl_builder_enabled":"1","_fl_builder_data":null,"_fl_builder_draft":null,"_fl_builder_data_settings":null,"_fl_builder_css":"","_fl_builder_css_version":"","_fl_builder_js":"","footnotes":""},"categories":[17],"tags":[],"class_list":{"0":"post-16543","1":"page","2":"type-page","3":"status-publish","5":"category-linkfracornorstone"},"yoast_head":"<!-- This site is optimized with the Yoast SEO Premium plugin v27.3 (Yoast SEO v27.3) - https:\/\/yoast.com\/product\/yoast-seo-premium-wordpress\/ -->\r\n<title>SMS link - gratis konto<\/title>\r\n<meta name=\"description\" content=\"Du kan sende b\u00e5de sms links, billeder, videoer og lydfiler med vores SMS gateway. Uanede muligheder for rigt indhold.\" \/>\r\n<meta name=\"robots\" content=\"index, follow, max-snippet:-1, max-image-preview:large, max-video-preview:-1\" \/>\r\n<link rel=\"canonical\" href=\"https:\/\/suresms.com\/dk\/funktioner\/sms-link\/\" \/>\r\n<meta property=\"og:locale\" content=\"da_DK\" \/>\r\n<meta property=\"og:type\" content=\"article\" \/>\r\n<meta property=\"og:title\" content=\"SMS link\" \/>\r\n<meta property=\"og:description\" content=\"Du kan sende b\u00e5de sms links, billeder, videoer og lydfiler med vores SMS gateway. Uanede muligheder for rigt indhold.\" \/>\r\n<meta property=\"og:url\" content=\"https:\/\/suresms.com\/dk\/funktioner\/sms-link\/\" \/>\r\n<meta property=\"article:publisher\" content=\"https:\/\/www.facebook.com\/p\/SureSMS-100044607956149\/\" \/>\r\n<meta property=\"article:modified_time\" content=\"2024-12-06T13:05:55+00:00\" \/>\r\n<meta property=\"og:image\" content=\"https:\/\/suresms.com\/wp-content\/uploads\/2023\/01\/Tilfoej-link-1.png\" \/>\r\n<meta name=\"twitter:card\" content=\"summary_large_image\" \/>\r\n<meta name=\"twitter:label1\" content=\"Estimeret l\u00e6setid\" \/>\n\t<meta name=\"twitter:data1\" content=\"5 minutter\" \/>\r\n<script type=\"application\/ld+json\" class=\"yoast-schema-graph\">{\"@context\":\"https:\\\/\\\/schema.org\",\"@graph\":[{\"@type\":\"WebPage\",\"@id\":\"https:\\\/\\\/suresms.com\\\/dk\\\/funktioner\\\/sms-link\\\/\",\"url\":\"https:\\\/\\\/suresms.com\\\/dk\\\/funktioner\\\/sms-link\\\/\",\"name\":\"SMS link - gratis konto\",\"isPartOf\":{\"@id\":\"https:\\\/\\\/suresms.com\\\/en\\\/#website\"},\"primaryImageOfPage\":{\"@id\":\"https:\\\/\\\/suresms.com\\\/dk\\\/funktioner\\\/sms-link\\\/#primaryimage\"},\"image\":{\"@id\":\"https:\\\/\\\/suresms.com\\\/dk\\\/funktioner\\\/sms-link\\\/#primaryimage\"},\"thumbnailUrl\":\"https:\\\/\\\/suresms.com\\\/wp-content\\\/uploads\\\/2023\\\/01\\\/Tilfoej-link-1.png\",\"datePublished\":\"2023-01-25T08:38:05+00:00\",\"dateModified\":\"2024-12-06T13:05:55+00:00\",\"description\":\"Du kan sende b\u00e5de sms links, billeder, videoer og lydfiler med vores SMS gateway. Uanede muligheder for rigt indhold.\",\"breadcrumb\":{\"@id\":\"https:\\\/\\\/suresms.com\\\/dk\\\/funktioner\\\/sms-link\\\/#breadcrumb\"},\"inLanguage\":\"da-DK\",\"potentialAction\":[{\"@type\":\"ReadAction\",\"target\":[\"https:\\\/\\\/suresms.com\\\/dk\\\/funktioner\\\/sms-link\\\/\"]}]},{\"@type\":\"ImageObject\",\"inLanguage\":\"da-DK\",\"@id\":\"https:\\\/\\\/suresms.com\\\/dk\\\/funktioner\\\/sms-link\\\/#primaryimage\",\"url\":\"https:\\\/\\\/suresms.com\\\/wp-content\\\/uploads\\\/2023\\\/01\\\/Tilfoej-link-1.png\",\"contentUrl\":\"https:\\\/\\\/suresms.com\\\/wp-content\\\/uploads\\\/2023\\\/01\\\/Tilfoej-link-1.png\"},{\"@type\":\"BreadcrumbList\",\"@id\":\"https:\\\/\\\/suresms.com\\\/dk\\\/funktioner\\\/sms-link\\\/#breadcrumb\",\"itemListElement\":[{\"@type\":\"ListItem\",\"position\":1,\"name\":\"Home\",\"item\":\"https:\\\/\\\/suresms.com\\\/dk\\\/\"},{\"@type\":\"ListItem\",\"position\":2,\"name\":\"Funktioner\",\"item\":\"https:\\\/\\\/suresms.com\\\/dk\\\/funktioner\\\/\"},{\"@type\":\"ListItem\",\"position\":3,\"name\":\"SMS link\"}]},{\"@type\":\"WebSite\",\"@id\":\"https:\\\/\\\/suresms.com\\\/en\\\/#website\",\"url\":\"https:\\\/\\\/suresms.com\\\/en\\\/\",\"name\":\"SureSMS\",\"description\":\"Professionel SMS Gateway\",\"publisher\":{\"@id\":\"https:\\\/\\\/suresms.com\\\/en\\\/#organization\"},\"potentialAction\":[{\"@type\":\"SearchAction\",\"target\":{\"@type\":\"EntryPoint\",\"urlTemplate\":\"https:\\\/\\\/suresms.com\\\/en\\\/?s={search_term_string}\"},\"query-input\":{\"@type\":\"PropertyValueSpecification\",\"valueRequired\":true,\"valueName\":\"search_term_string\"}}],\"inLanguage\":\"da-DK\"},{\"@type\":\"Organization\",\"@id\":\"https:\\\/\\\/suresms.com\\\/en\\\/#organization\",\"name\":\"SureSMS\",\"url\":\"https:\\\/\\\/suresms.com\\\/en\\\/\",\"logo\":{\"@type\":\"ImageObject\",\"inLanguage\":\"da-DK\",\"@id\":\"https:\\\/\\\/suresms.com\\\/en\\\/#\\\/schema\\\/logo\\\/image\\\/\",\"url\":\"https:\\\/\\\/suresms.com\\\/wp-content\\\/uploads\\\/2024\\\/11\\\/suresms-300x65-1.png\",\"contentUrl\":\"https:\\\/\\\/suresms.com\\\/wp-content\\\/uploads\\\/2024\\\/11\\\/suresms-300x65-1.png\",\"width\":300,\"height\":65,\"caption\":\"SureSMS\"},\"image\":{\"@id\":\"https:\\\/\\\/suresms.com\\\/en\\\/#\\\/schema\\\/logo\\\/image\\\/\"},\"sameAs\":[\"https:\\\/\\\/www.facebook.com\\\/p\\\/SureSMS-100044607956149\\\/\"]}]}<\/script>\r\n<!-- \/ Yoast SEO Premium plugin. -->","yoast_head_json":{"title":"SMS link - gratis konto","description":"Du kan sende b\u00e5de sms links, billeder, videoer og lydfiler med vores SMS gateway. Uanede muligheder for rigt indhold.","robots":{"index":"index","follow":"follow","max-snippet":"max-snippet:-1","max-image-preview":"max-image-preview:large","max-video-preview":"max-video-preview:-1"},"canonical":"https:\/\/suresms.com\/dk\/funktioner\/sms-link\/","og_locale":"da_DK","og_type":"article","og_title":"SMS link","og_description":"Du kan sende b\u00e5de sms links, billeder, videoer og lydfiler med vores SMS gateway. Uanede muligheder for rigt indhold.","og_url":"https:\/\/suresms.com\/dk\/funktioner\/sms-link\/","article_publisher":"https:\/\/www.facebook.com\/p\/SureSMS-100044607956149\/","article_modified_time":"2024-12-06T13:05:55+00:00","og_image":[{"url":"https:\/\/suresms.com\/wp-content\/uploads\/2023\/01\/Tilfoej-link-1.png","type":"","width":"","height":""}],"twitter_card":"summary_large_image","twitter_misc":{"Estimeret l\u00e6setid":"5 minutter"},"schema":{"@context":"https:\/\/schema.org","@graph":[{"@type":"WebPage","@id":"https:\/\/suresms.com\/dk\/funktioner\/sms-link\/","url":"https:\/\/suresms.com\/dk\/funktioner\/sms-link\/","name":"SMS link - gratis konto","isPartOf":{"@id":"https:\/\/suresms.com\/en\/#website"},"primaryImageOfPage":{"@id":"https:\/\/suresms.com\/dk\/funktioner\/sms-link\/#primaryimage"},"image":{"@id":"https:\/\/suresms.com\/dk\/funktioner\/sms-link\/#primaryimage"},"thumbnailUrl":"https:\/\/suresms.com\/wp-content\/uploads\/2023\/01\/Tilfoej-link-1.png","datePublished":"2023-01-25T08:38:05+00:00","dateModified":"2024-12-06T13:05:55+00:00","description":"Du kan sende b\u00e5de sms links, billeder, videoer og lydfiler med vores SMS gateway. Uanede muligheder for rigt indhold.","breadcrumb":{"@id":"https:\/\/suresms.com\/dk\/funktioner\/sms-link\/#breadcrumb"},"inLanguage":"da-DK","potentialAction":[{"@type":"ReadAction","target":["https:\/\/suresms.com\/dk\/funktioner\/sms-link\/"]}]},{"@type":"ImageObject","inLanguage":"da-DK","@id":"https:\/\/suresms.com\/dk\/funktioner\/sms-link\/#primaryimage","url":"https:\/\/suresms.com\/wp-content\/uploads\/2023\/01\/Tilfoej-link-1.png","contentUrl":"https:\/\/suresms.com\/wp-content\/uploads\/2023\/01\/Tilfoej-link-1.png"},{"@type":"BreadcrumbList","@id":"https:\/\/suresms.com\/dk\/funktioner\/sms-link\/#breadcrumb","itemListElement":[{"@type":"ListItem","position":1,"name":"Home","item":"https:\/\/suresms.com\/dk\/"},{"@type":"ListItem","position":2,"name":"Funktioner","item":"https:\/\/suresms.com\/dk\/funktioner\/"},{"@type":"ListItem","position":3,"name":"SMS link"}]},{"@type":"WebSite","@id":"https:\/\/suresms.com\/en\/#website","url":"https:\/\/suresms.com\/en\/","name":"SureSMS","description":"Professionel SMS Gateway","publisher":{"@id":"https:\/\/suresms.com\/en\/#organization"},"potentialAction":[{"@type":"SearchAction","target":{"@type":"EntryPoint","urlTemplate":"https:\/\/suresms.com\/en\/?s={search_term_string}"},"query-input":{"@type":"PropertyValueSpecification","valueRequired":true,"valueName":"search_term_string"}}],"inLanguage":"da-DK"},{"@type":"Organization","@id":"https:\/\/suresms.com\/en\/#organization","name":"SureSMS","url":"https:\/\/suresms.com\/en\/","logo":{"@type":"ImageObject","inLanguage":"da-DK","@id":"https:\/\/suresms.com\/en\/#\/schema\/logo\/image\/","url":"https:\/\/suresms.com\/wp-content\/uploads\/2024\/11\/suresms-300x65-1.png","contentUrl":"https:\/\/suresms.com\/wp-content\/uploads\/2024\/11\/suresms-300x65-1.png","width":300,"height":65,"caption":"SureSMS"},"image":{"@id":"https:\/\/suresms.com\/en\/#\/schema\/logo\/image\/"},"sameAs":["https:\/\/www.facebook.com\/p\/SureSMS-100044607956149\/"]}]}},"_links":{"self":[{"href":"https:\/\/suresms.com\/dk\/wp-json\/wp\/v2\/pages\/16543","targetHints":{"allow":["GET"]}}],"collection":[{"href":"https:\/\/suresms.com\/dk\/wp-json\/wp\/v2\/pages"}],"about":[{"href":"https:\/\/suresms.com\/dk\/wp-json\/wp\/v2\/types\/page"}],"author":[{"embeddable":true,"href":"https:\/\/suresms.com\/dk\/wp-json\/wp\/v2\/users\/1"}],"replies":[{"embeddable":true,"href":"https:\/\/suresms.com\/dk\/wp-json\/wp\/v2\/comments?post=16543"}],"version-history":[{"count":2,"href":"https:\/\/suresms.com\/dk\/wp-json\/wp\/v2\/pages\/16543\/revisions"}],"predecessor-version":[{"id":19497,"href":"https:\/\/suresms.com\/dk\/wp-json\/wp\/v2\/pages\/16543\/revisions\/19497"}],"up":[{"embeddable":true,"href":"https:\/\/suresms.com\/dk\/wp-json\/wp\/v2\/pages\/958"}],"wp:attachment":[{"href":"https:\/\/suresms.com\/dk\/wp-json\/wp\/v2\/media?parent=16543"}],"wp:term":[{"taxonomy":"category","embeddable":true,"href":"https:\/\/suresms.com\/dk\/wp-json\/wp\/v2\/categories?post=16543"},{"taxonomy":"post_tag","embeddable":true,"href":"https:\/\/suresms.com\/dk\/wp-json\/wp\/v2\/tags?post=16543"}],"curies":[{"name":"wp","href":"https:\/\/api.w.org\/{rel}","templated":true}]}}