{"id":1654,"date":"2016-02-01T18:43:38","date_gmt":"2016-02-01T16:43:38","guid":{"rendered":"https:\/\/www.suresms.com\/dk\/?page_id=1654"},"modified":"2025-01-22T16:11:08","modified_gmt":"2025-01-22T16:11:08","slug":"branchelosninger","status":"publish","type":"page","link":"https:\/\/suresms.com\/dk\/branchelosninger\/","title":{"rendered":"Branchel\u00f8sninger"},"content":{"rendered":"\n\n\t<h1>Branchel\u00f8sninger &#8211; Premium SMS L\u00f8sning til din virksomhed<\/h1>\n<p>I SureSMS leverer vi fleksible og stabile SMS l\u00f8sninger til mange brancher og organisationer. For os er\u00a0samarbejdet med vore kunder et partnerskab, hvor vi tilpasser produkter og services til kundens behov, s\u00e5 vi sammen kan forbedre jeres kommunikation og konkurrenceevne.<\/p>\n<p>Her p\u00e5 siden\u00a0har vi samlet nogle af de typer af de brancher og professionelle, som benytter vores\u00a0online SMS services. Find inspiration til, hvordan\u00a0vi kan hj\u00e6lpe din virksomhed.<\/p>\n<p>L\u00e6s mere om fordele og funktioner p\u00e5 de enkelte sider.<\/p>\n\t\t<h3><a href=\"https:\/\/suresms.com\/dk\/branchelosninger\/sms-til-servicevirksomheder\/\" target=\"_self\">Service-virksomheder<\/a><\/h3>\n\t\t\t\t<a href=\"https:\/\/suresms.com\/dk\/branchelosninger\/sms-til-servicevirksomheder\/\"  target=\"_self\" itemprop=\"url\">\n\t\t\t\t<img loading=\"lazy\" decoding=\"async\" src=\"https:\/\/suresms.com\/wp-content\/uploads\/2016\/06\/sms-til-service-snippet.jpg\" alt=\"sms til service virksomheder, auto service, fris\u00f8rer og tandl\u00e6ger\" itemprop=\"image\" height=\"266\" width=\"400\" title=\"sms til service\" onerror=\"this.style.display='none'\"  \/>\n\t\t\t\t<\/a>\n<a href=\"https:\/\/suresms.com\/dk\/branchelosninger\/sms-til-servicevirksomheder\/\"  target=\"_self\">Om SMS til Servicevirksomheder<\/a>\t\n\t\t<h3><a href=\"https:\/\/suresms.com\/dk\/branchelosninger\/sms-til-transport-og-logistikvirksomheder\/\" target=\"_self\">Transport-branchen<\/a><\/h3>\n\t\t\t\t<a href=\"https:\/\/suresms.com\/dk\/branchelosninger\/sms-til-transport-og-logistikvirksomheder\/\"  target=\"_self\" itemprop=\"url\">\n\t\t\t\t<img loading=\"lazy\" decoding=\"async\" src=\"https:\/\/suresms.com\/wp-content\/uploads\/2016\/02\/SMS-til-Transport-snippet.jpg\" alt=\"SMS til transport og logistik firmaer\" itemprop=\"image\" height=\"266\" width=\"400\" title=\"SMS til Transport firmaer\" onerror=\"this.style.display='none'\"  \/>\n\t\t\t\t<\/a>\n<a href=\"https:\/\/suresms.com\/dk\/branchelosninger\/sms-til-transport-og-logistikvirksomheder\/\"  target=\"_self\">L\u00e6s om SMS til Transportbranchen<\/a>\t\n\t\t<h3><a href=\"https:\/\/suresms.com\/dk\/branchelosninger\/sms-til-forretninger\/\" target=\"_self\">Butikker og Forretninger<\/a><\/h3>\n\t\t\t\t<a href=\"https:\/\/suresms.com\/dk\/branchelosninger\/sms-til-forretninger\/\"  target=\"_self\" itemprop=\"url\">\n\t\t\t\t<img loading=\"lazy\" decoding=\"async\" src=\"https:\/\/suresms.com\/wp-content\/uploads\/2015\/02\/sms-til-butikker-snippet.jpg\" alt=\"sms kunder online til forretninger og butikker\" itemprop=\"image\" height=\"267\" width=\"400\" title=\"sms til butikker snippet\" onerror=\"this.style.display='none'\"  \/>\n\t\t\t\t<\/a>\n<a href=\"https:\/\/suresms.com\/dk\/branchelosninger\/sms-til-forretninger\/\"  target=\"_self\">L\u00e6s om SMS til butikker og forretninger<\/a>\t\n\t\t<h3><a href=\"https:\/\/suresms.com\/dk\/branchelosninger\/sms-til-offentlige-institutioner\/\" target=\"_self\">Offentlige Institutioner<\/a><\/h3>\n\t\t\t\t<a href=\"https:\/\/suresms.com\/dk\/branchelosninger\/sms-til-offentlige-institutioner\/\"  target=\"_self\" itemprop=\"url\">\n\t\t\t\t<img loading=\"lazy\" decoding=\"async\" src=\"https:\/\/suresms.com\/wp-content\/uploads\/2016\/02\/sms-til-offentlige-snippet.jpg\" alt=\"sMS til offentlige institutioner i stat og kommune\" itemprop=\"image\" height=\"266\" width=\"400\" title=\"sms til offentlige institutioner\" onerror=\"this.style.display='none'\"  \/>\n\t\t\t\t<\/a>\n<a href=\"https:\/\/suresms.com\/dk\/branchelosninger\/sms-til-offentlige-institutioner\/\"  target=\"_self\">L\u00e6s om SMS til offentlige institutioner<\/a>\t\n\t\t<h3><a href=\"https:\/\/suresms.com\/dk\/branchelosninger\/sms-til-online-virksomheder-og-web-services-2\/\" target=\"_self\">Online Virksomheder<\/a><\/h3>\n\t\t\t\t<a href=\"https:\/\/suresms.com\/dk\/branchelosninger\/sms-til-online-virksomheder-og-web-services-2\/\"  target=\"_self\" itemprop=\"url\">\n\t\t\t\t<img loading=\"lazy\" decoding=\"async\" src=\"https:\/\/suresms.com\/wp-content\/uploads\/2016\/06\/SMS-til-butikker.jpg\" alt=\"SMS til online virksomheder og web services\" itemprop=\"image\" height=\"266\" width=\"400\" title=\"SMS til online virksomheder og web services\" onerror=\"this.style.display='none'\"  \/>\n\t\t\t\t<\/a>\n<a href=\"https:\/\/suresms.com\/dk\/branchelosninger\/sms-til-online-virksomheder-og-web-services-2\/\"  target=\"_self\">L\u00e6s om SMS til online services<\/a>\t\n\t\t<h3><a href=\"https:\/\/suresms.com\/dk\/branchelosninger\/sms-til-produktionsvirksomheder\/\" target=\"_self\">Produktion &#038; Erhverv<\/a><\/h3>\n\t\t\t\t<a href=\"https:\/\/suresms.com\/dk\/branchelosninger\/sms-til-produktionsvirksomheder\/\"  target=\"_self\" itemprop=\"url\">\n\t\t\t\t<img loading=\"lazy\" decoding=\"async\" src=\"https:\/\/suresms.com\/wp-content\/uploads\/2016\/06\/sms-til-produktionsvirksomheder-snippet.jpg\" alt=\"sms til produktion og erhvervs virksomheder\" itemprop=\"image\" height=\"266\" width=\"400\" title=\"sms til produktionsvirksomheder\" onerror=\"this.style.display='none'\"  \/>\n\t\t\t\t<\/a>\n<a href=\"https:\/\/suresms.com\/dk\/branchelosninger\/sms-til-produktionsvirksomheder\/\"  target=\"_self\">Om SMS til virksomheder &#038; erhverv<\/a>\t\n\t\t<h3><a href=\"https:\/\/suresms.com\/dk\/branchelosninger\/sms-klubber\/\" target=\"_self\">Klubber &#038; Foreninger<\/a><\/h3>\n\t\t\t\t<a href=\"https:\/\/suresms.com\/dk\/branchelosninger\/sms-klubber\/\"  target=\"_self\" itemprop=\"url\">\n\t\t\t\t<img loading=\"lazy\" decoding=\"async\" src=\"https:\/\/suresms.com\/wp-content\/uploads\/2015\/02\/sms-til-klubber-snippet.jpg\" alt=\"send sms online klubber og foreninger\" itemprop=\"image\" height=\"266\" width=\"400\" title=\"sms til klubber\" onerror=\"this.style.display='none'\"  \/>\n\t\t\t\t<\/a>\n<a href=\"https:\/\/suresms.com\/dk\/branchelosninger\/sms-klubber\/\"  target=\"_self\">L\u00e6s om SMS til Klubber &#038; Foreninger <\/a>\t\n\t\t<h3><a href=\"https:\/\/suresms.com\/dk\/branchelosninger\/beredskabs-sms\/\" target=\"_self\">Beredskabs-SMS til alle<\/a><\/h3>\n\t\t\t\t<a href=\"https:\/\/suresms.com\/dk\/branchelosninger\/beredskabs-sms\/\"  target=\"_self\" itemprop=\"url\">\n\t\t\t\t<img loading=\"lazy\" decoding=\"async\" src=\"https:\/\/suresms.com\/wp-content\/uploads\/2023\/07\/Emergency-BW-1.png\" alt=\"Emergency SMS\" itemprop=\"image\" height=\"333\" width=\"500\" title=\"Emergency BW\" onerror=\"this.style.display='none'\"  \/>\n\t\t\t\t<\/a>\n<a href=\"https:\/\/suresms.com\/dk\/branchelosninger\/beredskabs-sms\/\"  target=\"_self\">L\u00e6s om vores Beredskabs-SMS<\/a>\t\n\t<h3>Send en SMS, n\u00e5r der er NYT p\u00e5 din hjemmeside<\/h3>\n<p>Det er en nyttig funktion b\u00e5de til foreninger, forretninger organisationer og h\u00e5ndv\u00e6rkere, og det er b\u00e5de nemt og billigt at s\u00e6tte op. Via vores SMS Gateway\u00a0kan du frit v\u00e6lge om du vil sende en\u00a0SMS til alle kunder, eller bare til grupper af brugere. Via\u00a0vores SureSMS API sendes SMS&#8217;en helt automatisk, n\u00e5r du opdaterer din hjemmeside.\u00a0Har du allerede et nyhedsbrev eller et modul til at sende nyhedsbreve, kan du via vores email2sms modul f\u00e5 sat det op, s\u00e5\u00a0dine brugere modtager SMS&#8217;en fra dit nyhedsmodul.<\/p>\n<p><a href=\"https:\/\/suresms.com\/dk\/om-suresms\/suresms-support\/\">Ring til supporten<\/a> for en snak. Vi hj\u00e6lper dig gerne igang med en l\u00f8sning, der passer lige til dine behov.<\/p>\n\t\t\t\t<a href=\"https:\/\/suresms.com\/dk\/om-suresms\/suresms-support\/\"  target=\"_self\" itemprop=\"url\">\n\t\t\t\t<img loading=\"lazy\" decoding=\"async\" src=\"https:\/\/suresms.com\/wp-content\/uploads\/bb-plugin\/cache\/Not-there1-panorama-46ce722cf3951d9002e2059616f3f7fe-.jpg\" alt=\"Hvilken online sms l\u00f8sning\" itemprop=\"image\" height=\"266\" width=\"500\" title=\"online sms l\u00f8sning i tvivl\" onerror=\"this.style.display='none'\"  \/>\n\t\t\t\t<\/a>\n<h3><a href=\"https:\/\/suresms.com\/dk\/om-suresms\/suresms-support\/\" target=\"_self\">Jeg er der ikke<\/a><\/h3>Jeg kan ikke rigtigt se mig selv i jeres kasser.<br \/>\nJeg har brug for en sms-l\u00f8sning, som jeg ikke ved, om I leverer.\n<p>&nbsp;<\/p>\n<a title=\"Support SureSMS 24\/7\" href=\"https:\/\/suresms.com\/dk\/om-suresms\/suresms-support\/\">kontakt vores Support.<\/a> Vi har helt sikkert ogs\u00e5 en l\u00f8sning til dig, og vi elsker en udfordring.<br \/>\nVi sidder klar med viden, hj\u00e6lp og gratis professionel r\u00e5dgivning alle ugens dage.\n\t\t\t\t<a href=\"https:\/\/suresms.com\/dk\/bestil\/gratis-sms-testkonto\/\"  target=\"_self\" itemprop=\"url\">\n\t\t\t\t<img loading=\"lazy\" decoding=\"async\" src=\"https:\/\/suresms.com\/wp-content\/uploads\/bb-plugin\/cache\/test-stor-panorama-de3cf342ba8c1b45016354f59526e95d-.jpg\" alt=\"Gratis Sure SMS Testkonto\" itemprop=\"image\" height=\"266\" width=\"500\" title=\"Opret gratis Sure SMS Testkonto\" onerror=\"this.style.display='none'\"  \/>\n\t\t\t\t<\/a>\n<h3><a href=\"https:\/\/suresms.com\/dk\/bestil\/gratis-sms-testkonto\/\" target=\"_self\">Opret en gratis testkonto NU!<\/a><\/h3>Du kan kvit og frit oprette en konto, og afpr\u00f8ve vores system. F\u00f8lg linket og f\u00e5 en testkonto inkl. 50 gratis SMS&#8217;er med det samme. Det er en service fra SureSMS til dig uden \u00f8konomiske omkostninger eller bindinger.<br \/>\nAf sikkerhedshensyn tjekker vi hver eneste konto manuelt, og der kan til tider v\u00e6re en kort ventetid. Vi beder om forst\u00e5else for dette.\n\n","protected":false},"excerpt":{"rendered":"<p>Branchel\u00f8sninger &#8211; Premium SMS L\u00f8sning til din virksomhed I SureSMS leverer vi fleksible og stabile SMS l\u00f8sninger til mange brancher og organisationer. For os er\u00a0samarbejdet med vore kunder et partnerskab, hvor vi tilpasser produkter og services til kundens behov, s\u00e5 vi sammen kan forbedre jeres kommunikation og konkurrenceevne. Her p\u00e5 siden\u00a0har vi samlet nogle af &#8230; <a title=\"Branchel\u00f8sninger\" class=\"read-more\" href=\"https:\/\/suresms.com\/dk\/branchelosninger\/\" aria-label=\"Read more about Branchel\u00f8sninger\">L\u00e6s mere <\/a><\/p>\n","protected":false},"author":1,"featured_media":0,"parent":0,"menu_order":7,"comment_status":"closed","ping_status":"closed","template":"","meta":{"_fl_builder_enabled":"1","_fl_builder_data":null,"_fl_builder_draft":null,"_fl_builder_data_settings":null,"_fl_builder_css":"","_fl_builder_css_version":"","_fl_builder_js":"","footnotes":""},"categories":[],"tags":[],"class_list":["post-1654","page","type-page","status-publish"],"yoast_head":"<!-- This site is optimized with the Yoast SEO Premium plugin v27.3 (Yoast SEO v27.3) - https:\/\/yoast.com\/product\/yoast-seo-premium-wordpress\/ -->\r\n<title>En SMS-l\u00f8sning til dig! SureSMS - Find din SMS-l\u00f8sning her<\/title>\r\n<meta name=\"description\" content=\"Find din SMS l\u00f8sning her! Hos SureSMS tager vi udgangspunkt i kunden. Bedste SMS l\u00f8sning til Transport virksomheder, offentlige institutioner og klubber.\" \/>\r\n<meta name=\"robots\" content=\"index, follow, max-snippet:-1, max-image-preview:large, max-video-preview:-1\" \/>\r\n<link rel=\"canonical\" href=\"https:\/\/suresms.com\/dk\/branchelosninger\/\" \/>\r\n<meta property=\"og:locale\" content=\"da_DK\" \/>\r\n<meta property=\"og:type\" content=\"article\" \/>\r\n<meta property=\"og:title\" content=\"Branchel\u00f8sninger\" \/>\r\n<meta property=\"og:description\" content=\"Find din SMS l\u00f8sning her! Hos SureSMS tager vi udgangspunkt i kunden. Bedste SMS l\u00f8sning til Transport virksomheder, offentlige institutioner og klubber.\" \/>\r\n<meta property=\"og:url\" content=\"https:\/\/suresms.com\/dk\/branchelosninger\/\" \/>\r\n<meta property=\"article:publisher\" content=\"https:\/\/www.facebook.com\/p\/SureSMS-100044607956149\/\" \/>\r\n<meta property=\"article:modified_time\" content=\"2025-01-22T16:11:08+00:00\" \/>\r\n<meta property=\"og:image\" content=\"https:\/\/suresms.com\/wp-content\/uploads\/2016\/06\/sms-til-service-snippet.jpg\" \/>\r\n\t<meta property=\"og:image:width\" content=\"400\" \/>\r\n\t<meta property=\"og:image:height\" content=\"266\" \/>\r\n\t<meta property=\"og:image:type\" content=\"image\/jpeg\" \/>\r\n<meta name=\"twitter:card\" content=\"summary_large_image\" \/>\r\n<meta name=\"twitter:label1\" content=\"Estimeret l\u00e6setid\" \/>\n\t<meta name=\"twitter:data1\" content=\"9 minutter\" \/>\r\n<script type=\"application\/ld+json\" class=\"yoast-schema-graph\">{\"@context\":\"https:\\\/\\\/schema.org\",\"@graph\":[{\"@type\":\"WebPage\",\"@id\":\"https:\\\/\\\/suresms.com\\\/dk\\\/branchelosninger\\\/\",\"url\":\"https:\\\/\\\/suresms.com\\\/dk\\\/branchelosninger\\\/\",\"name\":\"En SMS-l\u00f8sning til dig! SureSMS - Find din SMS-l\u00f8sning her\",\"isPartOf\":{\"@id\":\"https:\\\/\\\/suresms.com\\\/en\\\/#website\"},\"primaryImageOfPage\":{\"@id\":\"https:\\\/\\\/suresms.com\\\/dk\\\/branchelosninger\\\/#primaryimage\"},\"image\":{\"@id\":\"https:\\\/\\\/suresms.com\\\/dk\\\/branchelosninger\\\/#primaryimage\"},\"thumbnailUrl\":\"https:\\\/\\\/suresms.com\\\/wp-content\\\/uploads\\\/2016\\\/06\\\/sms-til-service-snippet.jpg\",\"datePublished\":\"2016-02-01T16:43:38+00:00\",\"dateModified\":\"2025-01-22T16:11:08+00:00\",\"description\":\"Find din SMS l\u00f8sning her! Hos SureSMS tager vi udgangspunkt i kunden. Bedste SMS l\u00f8sning til Transport virksomheder, offentlige institutioner og klubber.\",\"breadcrumb\":{\"@id\":\"https:\\\/\\\/suresms.com\\\/dk\\\/branchelosninger\\\/#breadcrumb\"},\"inLanguage\":\"da-DK\",\"potentialAction\":[{\"@type\":\"ReadAction\",\"target\":[\"https:\\\/\\\/suresms.com\\\/dk\\\/branchelosninger\\\/\"]}]},{\"@type\":\"ImageObject\",\"inLanguage\":\"da-DK\",\"@id\":\"https:\\\/\\\/suresms.com\\\/dk\\\/branchelosninger\\\/#primaryimage\",\"url\":\"https:\\\/\\\/suresms.com\\\/wp-content\\\/uploads\\\/2016\\\/06\\\/sms-til-service-snippet.jpg\",\"contentUrl\":\"https:\\\/\\\/suresms.com\\\/wp-content\\\/uploads\\\/2016\\\/06\\\/sms-til-service-snippet.jpg\"},{\"@type\":\"BreadcrumbList\",\"@id\":\"https:\\\/\\\/suresms.com\\\/dk\\\/branchelosninger\\\/#breadcrumb\",\"itemListElement\":[{\"@type\":\"ListItem\",\"position\":1,\"name\":\"Home\",\"item\":\"https:\\\/\\\/suresms.com\\\/dk\\\/\"},{\"@type\":\"ListItem\",\"position\":2,\"name\":\"Branchel\u00f8sninger\"}]},{\"@type\":\"WebSite\",\"@id\":\"https:\\\/\\\/suresms.com\\\/en\\\/#website\",\"url\":\"https:\\\/\\\/suresms.com\\\/en\\\/\",\"name\":\"SureSMS\",\"description\":\"Professionel SMS Gateway\",\"publisher\":{\"@id\":\"https:\\\/\\\/suresms.com\\\/en\\\/#organization\"},\"potentialAction\":[{\"@type\":\"SearchAction\",\"target\":{\"@type\":\"EntryPoint\",\"urlTemplate\":\"https:\\\/\\\/suresms.com\\\/en\\\/?s={search_term_string}\"},\"query-input\":{\"@type\":\"PropertyValueSpecification\",\"valueRequired\":true,\"valueName\":\"search_term_string\"}}],\"inLanguage\":\"da-DK\"},{\"@type\":\"Organization\",\"@id\":\"https:\\\/\\\/suresms.com\\\/en\\\/#organization\",\"name\":\"SureSMS\",\"url\":\"https:\\\/\\\/suresms.com\\\/en\\\/\",\"logo\":{\"@type\":\"ImageObject\",\"inLanguage\":\"da-DK\",\"@id\":\"https:\\\/\\\/suresms.com\\\/en\\\/#\\\/schema\\\/logo\\\/image\\\/\",\"url\":\"https:\\\/\\\/suresms.com\\\/wp-content\\\/uploads\\\/2024\\\/11\\\/suresms-300x65-1.png\",\"contentUrl\":\"https:\\\/\\\/suresms.com\\\/wp-content\\\/uploads\\\/2024\\\/11\\\/suresms-300x65-1.png\",\"width\":300,\"height\":65,\"caption\":\"SureSMS\"},\"image\":{\"@id\":\"https:\\\/\\\/suresms.com\\\/en\\\/#\\\/schema\\\/logo\\\/image\\\/\"},\"sameAs\":[\"https:\\\/\\\/www.facebook.com\\\/p\\\/SureSMS-100044607956149\\\/\"]}]}<\/script>\r\n<!-- \/ Yoast SEO Premium plugin. -->","yoast_head_json":{"title":"En SMS-l\u00f8sning til dig! SureSMS - Find din SMS-l\u00f8sning her","description":"Find din SMS l\u00f8sning her! Hos SureSMS tager vi udgangspunkt i kunden. Bedste SMS l\u00f8sning til Transport virksomheder, offentlige institutioner og klubber.","robots":{"index":"index","follow":"follow","max-snippet":"max-snippet:-1","max-image-preview":"max-image-preview:large","max-video-preview":"max-video-preview:-1"},"canonical":"https:\/\/suresms.com\/dk\/branchelosninger\/","og_locale":"da_DK","og_type":"article","og_title":"Branchel\u00f8sninger","og_description":"Find din SMS l\u00f8sning her! Hos SureSMS tager vi udgangspunkt i kunden. Bedste SMS l\u00f8sning til Transport virksomheder, offentlige institutioner og klubber.","og_url":"https:\/\/suresms.com\/dk\/branchelosninger\/","article_publisher":"https:\/\/www.facebook.com\/p\/SureSMS-100044607956149\/","article_modified_time":"2025-01-22T16:11:08+00:00","og_image":[{"width":400,"height":266,"url":"https:\/\/suresms.com\/wp-content\/uploads\/2016\/06\/sms-til-service-snippet.jpg","type":"image\/jpeg"}],"twitter_card":"summary_large_image","twitter_misc":{"Estimeret l\u00e6setid":"9 minutter"},"schema":{"@context":"https:\/\/schema.org","@graph":[{"@type":"WebPage","@id":"https:\/\/suresms.com\/dk\/branchelosninger\/","url":"https:\/\/suresms.com\/dk\/branchelosninger\/","name":"En SMS-l\u00f8sning til dig! SureSMS - Find din SMS-l\u00f8sning her","isPartOf":{"@id":"https:\/\/suresms.com\/en\/#website"},"primaryImageOfPage":{"@id":"https:\/\/suresms.com\/dk\/branchelosninger\/#primaryimage"},"image":{"@id":"https:\/\/suresms.com\/dk\/branchelosninger\/#primaryimage"},"thumbnailUrl":"https:\/\/suresms.com\/wp-content\/uploads\/2016\/06\/sms-til-service-snippet.jpg","datePublished":"2016-02-01T16:43:38+00:00","dateModified":"2025-01-22T16:11:08+00:00","description":"Find din SMS l\u00f8sning her! Hos SureSMS tager vi udgangspunkt i kunden. Bedste SMS l\u00f8sning til Transport virksomheder, offentlige institutioner og klubber.","breadcrumb":{"@id":"https:\/\/suresms.com\/dk\/branchelosninger\/#breadcrumb"},"inLanguage":"da-DK","potentialAction":[{"@type":"ReadAction","target":["https:\/\/suresms.com\/dk\/branchelosninger\/"]}]},{"@type":"ImageObject","inLanguage":"da-DK","@id":"https:\/\/suresms.com\/dk\/branchelosninger\/#primaryimage","url":"https:\/\/suresms.com\/wp-content\/uploads\/2016\/06\/sms-til-service-snippet.jpg","contentUrl":"https:\/\/suresms.com\/wp-content\/uploads\/2016\/06\/sms-til-service-snippet.jpg"},{"@type":"BreadcrumbList","@id":"https:\/\/suresms.com\/dk\/branchelosninger\/#breadcrumb","itemListElement":[{"@type":"ListItem","position":1,"name":"Home","item":"https:\/\/suresms.com\/dk\/"},{"@type":"ListItem","position":2,"name":"Branchel\u00f8sninger"}]},{"@type":"WebSite","@id":"https:\/\/suresms.com\/en\/#website","url":"https:\/\/suresms.com\/en\/","name":"SureSMS","description":"Professionel SMS Gateway","publisher":{"@id":"https:\/\/suresms.com\/en\/#organization"},"potentialAction":[{"@type":"SearchAction","target":{"@type":"EntryPoint","urlTemplate":"https:\/\/suresms.com\/en\/?s={search_term_string}"},"query-input":{"@type":"PropertyValueSpecification","valueRequired":true,"valueName":"search_term_string"}}],"inLanguage":"da-DK"},{"@type":"Organization","@id":"https:\/\/suresms.com\/en\/#organization","name":"SureSMS","url":"https:\/\/suresms.com\/en\/","logo":{"@type":"ImageObject","inLanguage":"da-DK","@id":"https:\/\/suresms.com\/en\/#\/schema\/logo\/image\/","url":"https:\/\/suresms.com\/wp-content\/uploads\/2024\/11\/suresms-300x65-1.png","contentUrl":"https:\/\/suresms.com\/wp-content\/uploads\/2024\/11\/suresms-300x65-1.png","width":300,"height":65,"caption":"SureSMS"},"image":{"@id":"https:\/\/suresms.com\/en\/#\/schema\/logo\/image\/"},"sameAs":["https:\/\/www.facebook.com\/p\/SureSMS-100044607956149\/"]}]}},"_links":{"self":[{"href":"https:\/\/suresms.com\/dk\/wp-json\/wp\/v2\/pages\/1654","targetHints":{"allow":["GET"]}}],"collection":[{"href":"https:\/\/suresms.com\/dk\/wp-json\/wp\/v2\/pages"}],"about":[{"href":"https:\/\/suresms.com\/dk\/wp-json\/wp\/v2\/types\/page"}],"author":[{"embeddable":true,"href":"https:\/\/suresms.com\/dk\/wp-json\/wp\/v2\/users\/1"}],"replies":[{"embeddable":true,"href":"https:\/\/suresms.com\/dk\/wp-json\/wp\/v2\/comments?post=1654"}],"version-history":[{"count":11,"href":"https:\/\/suresms.com\/dk\/wp-json\/wp\/v2\/pages\/1654\/revisions"}],"predecessor-version":[{"id":21943,"href":"https:\/\/suresms.com\/dk\/wp-json\/wp\/v2\/pages\/1654\/revisions\/21943"}],"wp:attachment":[{"href":"https:\/\/suresms.com\/dk\/wp-json\/wp\/v2\/media?parent=1654"}],"wp:term":[{"taxonomy":"category","embeddable":true,"href":"https:\/\/suresms.com\/dk\/wp-json\/wp\/v2\/categories?post=1654"},{"taxonomy":"post_tag","embeddable":true,"href":"https:\/\/suresms.com\/dk\/wp-json\/wp\/v2\/tags?post=1654"}],"curies":[{"name":"wp","href":"https:\/\/api.w.org\/{rel}","templated":true}]}}