{"id":16156,"date":"2022-11-08T11:17:17","date_gmt":"2022-11-08T09:17:17","guid":{"rendered":"https:\/\/www.suresms.com\/dk\/?page_id=16156"},"modified":"2024-12-18T13:12:44","modified_gmt":"2024-12-18T13:12:44","slug":"journalisering-af-sms","status":"publish","type":"page","link":"https:\/\/suresms.com\/dk\/funktioner\/journalisering-af-sms\/","title":{"rendered":"Journalisering af SMS"},"content":{"rendered":"\n\n\t\t\t\t<!-- Flexy Breadcrumb -->\r\n\t\t\t<div class=\"fbc fbc-page\">\r\n\r\n\t\t\t\t<!-- Breadcrumb wrapper -->\r\n\t\t\t\t<div class=\"fbc-wrap\">\r\n\r\n\t\t\t\t\t<!-- Ordered list-->\r\n\t\t\t\t\t<ol class=\"fbc-items\" itemscope itemtype=\"https:\/\/schema.org\/BreadcrumbList\">\r\n\t\t\t\t\t\t            <li itemprop=\"itemListElement\" itemscope itemtype=\"https:\/\/schema.org\/ListItem\">\r\n                <span itemprop=\"name\">\r\n                    <!-- Home Link -->\r\n                    <a itemprop=\"item\" href=\"https:\/\/suresms.com\">\r\n                    \r\n                                                    <i class=\"fa fa-home\" aria-hidden=\"true\"><\/i>Home                    <\/a>\r\n                <\/span>\r\n                <meta itemprop=\"position\" content=\"1\" \/><!-- Meta Position-->\r\n             <\/li><li><span class=\"fbc-separator\">\/<\/span><\/li><li class=\"active\" itemprop=\"itemListElement\" itemscope itemtype=\"https:\/\/schema.org\/ListItem\"><span itemprop=\"name\" title=\"Journalisering af SMS\">Journalisering af SMS<\/span><meta itemprop=\"position\" content=\"2\" \/><\/li>\t\t\t\t\t<\/ol>\r\n\t\t\t\t\t<div class=\"clearfix\"><\/div>\r\n\t\t\t\t<\/div>\r\n\t\t\t<\/div>\r\n\t\t\t\n\t<h1>Journalisering af SMS beskeder<\/h1>\n<p>Forvaltningsmyndigheder har en pligt til at journalisere dokumenter, der er afsendt eller modtaget i forbindelse med sagsbehandling i myndighedens virksomhed.<\/p>\n<p>Pligten g\u00e6lder kun for dokumenter, der har betydning for en sag eller sagsbehandlingen i \u00f8vrigt. B\u00e5de interne og eksterne dokumenter i endelig form er omfattet af pligten.<\/p>\n<p>Det betyder, at hvis en medarbejder i en myndighed sender eller modtager en SMS, der er relevant for en sag, skal den journaliseres. Der kan v\u00e6re udfordringer og forskellige l\u00f8sninger for at opfylde journaliseringspligten, og det kan l\u00e6ses om p\u00e5 relevante offentlige hjemmesider, som eksempelvis <a href=\"https:\/\/www.ombudsmanden.dk\/myndighedsguiden\/generel-forvaltningsret\/journaliseringspligt\/\" target=\"_blank\" rel=\"noopener\">Ombudsmanden om journaliserings pligt.\u00a0<\/a><\/p>\n\t<h2>Udfordringerne<\/h2>\n<p>Udfordringerne, n\u00e5r det handler om journalisering af SMS, er, at der er nogle udfordringer, som er unikke for mediet. Den st\u00f8rste udfordring er, at levering af SMS beskeden foreg\u00e5r p\u00e5 en platform, hvor den lokale IT-afdeling ikke har s\u00e6rlig stor kontrol. Den bliver leveret gennem et autonomt netv\u00e6rk, hvor det ikke er muligt at opsnappe beskederne for IT-afdelingen.<\/p>\n<p>P\u00e5 selve telefonen er forbrugerbeskyttelse i h\u00f8j kurs, s\u00e5 det er ikke muligt at installere software, der opsnapper kommunikationen.<\/p>\n<p>Konkret er udfordringerne:<\/p>\n<ul> \t\n<li>Ingen kontrol over enheden<\/li>\n\n<li>Ingen kontrol over netv\u00e6rket<\/li>\n\n<li>Ingen mulighed for automatisk journalisering<\/li>\n<\/ul>\n<p>N\u00e5r det handler om e-mail eller dialog i kontaktforumarer har b\u00e5de brugeren og IT-afdelingen bedre mulighed for at markere og journalisere beskeden.<\/p>\n\t\t\t\t<img loading=\"lazy\" decoding=\"async\" src=\"https:\/\/suresms.com\/wp-content\/uploads\/2022\/11\/os0004_53-1.jpg\" alt=\"Udfordringer\" itemprop=\"image\" height=\"417\" width=\"500\" title=\"Udofrdringer ved journalisering af SMS\" onerror=\"this.style.display='none'\"  \/>\n\t<h2>Eksisterende l\u00f8sninger<\/h2>\n<p>I vores erfaringer er den m\u00e5de, som myndigheder oftest l\u00f8ser problematikken, ved at bede medarbejderne tage et sk\u00e6rmbillede af beskederne, sende sk\u00e6rmbilledet til sig selv via mail, og fra mailen foretage journaliseringen. Dermed overdrages ansvaret til medarbejderen, der dels skal bruge tid p\u00e5 det, m\u00e5ske ikke f\u00e5r det gjort, og m\u00e5ske <a href=\"https:\/\/nyheder.tv2.dk\/politik\/2021-10-27-mette-frederiksen-slettede-smser-ministerie-afviser-maalrettet-sletning\" target=\"_blank\" rel=\"noopener\">sletter beskederne<\/a>\u00a0 ved en fejl.<\/p>\n<p>En anden l\u00f8sning, vi har h\u00f8rt, er, at medarbejderen f\u00e5r besked p\u00e5, at der ikke m\u00e5 sendes SMS&#8217;er, der kan have indflydelse p\u00e5 sagsbehandlingen. Dels er dette ikke muligt, fordi b\u00e5de afsendte og modtagne beskeder skal journaliseres, og medarbejderen er ikke herre over, hvad borgerne sender til dem. Dels kan det, for nogle medarbejdergrupper, v\u00e6re decideret vanskeligg\u00f8rende for, at de kan udf\u00f8re deres arbejde, f.eks. hvis de arbejder med udsatte unge.<\/p>\n<p>Nogle myndigheder har integreret SMS i deres sagsbehandlingssystemer. Hvis systemerne kan b\u00e5de sende og modtage, kan dette v\u00e6re en god og farbar l\u00f8sning. Dog ser vi, at der i den virkelige verden ofte er behov for at kunne sende SMS&#8217;er, n\u00e5r man ikke har \u00e5bnet sit <a href=\"https:\/\/www.retsinformation.dk\/eli\/fob\/2015\/30\" target=\"_blank\" rel=\"noopener\">sagsbehandlingssystem<\/a>..<\/p>\n<p>&nbsp;<\/p>\n\t<h2>Vores l\u00f8sning &#8211; journalisering af SMS fra telefonen<\/h2>\n<p>SureSMS er i den unikke position, at vi har adgang til vores eget SMS center. Det betyder, at vi kan opsamle SMS beskederne, b\u00e5de n\u00e5r de sendes og modtages, inden de bliver leveret til telefonen. Det betyder, at vi har mulighed for at foretage en journalisering af beskederne uden, at medarbejderne skal g\u00f8re noget som helst, b\u00e5de de indg\u00e5ende og udg\u00e5ende SMS beskeder.<\/p>\n<p>Det fungerer p\u00e5 den m\u00e5de, at medarbejderen f\u00e5r et ekstra e-sim installeret p\u00e5 deres telefon. Dette nummer bruges til at sende og modtage SMS beskeder med. Dette er et SureSMS nummer, og p\u00e5 grund af vores dybe integrationer, har vi mulighed for at opsamle SMS beskederne. Disse beskeder vil typisk blive videresendt til myndighedens journalsystem. I journalsystemet kan der ops\u00e6ttes regler for, hvorn\u00e5r en SMS skal journaliseres.<\/p>\n<p>Typisk vil man dog v\u00e6lge at journalisere alle SMS&#8217;er, fordi de datam\u00e6ssigt er meget sm\u00e5. Prisen for en komplet l\u00f8sning starter ved ca. 40.000 DKK inklusive 100 numre.<\/p>\n\t<h4><strong>Vil du vide mere<\/strong><\/h4>\n<p>S\u00e5 udfyld nedenst\u00e5ende formular s\u00e5 tager vi kontakt til dig.<\/p>\n\n<div class=\"wpcf7 no-js\" id=\"wpcf7-f13762-o1\" lang=\"en-GB\" dir=\"ltr\" data-wpcf7-id=\"13762\">\n<div class=\"screen-reader-response\"><p role=\"status\" aria-live=\"polite\" aria-atomic=\"true\"><\/p> <ul><\/ul><\/div>\n<form action=\"\/dk\/wp-json\/wp\/v2\/pages\/16156#wpcf7-f13762-o1\" method=\"post\" class=\"wpcf7-form init\" aria-label=\"Kontaktformular\" novalidate=\"novalidate\" data-status=\"init\">\n<fieldset class=\"hidden-fields-container\"><input type=\"hidden\" name=\"_wpcf7\" value=\"13762\" \/><input type=\"hidden\" name=\"_wpcf7_version\" value=\"6.1.5\" \/><input type=\"hidden\" name=\"_wpcf7_locale\" value=\"en_GB\" \/><input type=\"hidden\" name=\"_wpcf7_unit_tag\" value=\"wpcf7-f13762-o1\" \/><input type=\"hidden\" name=\"_wpcf7_container_post\" value=\"0\" \/><input type=\"hidden\" name=\"_wpcf7_posted_data_hash\" value=\"\" \/>\n<\/fieldset>\n<p><label><span class=\"wpcf7-form-control-wrap\" data-name=\"your-name\"><input size=\"40\" maxlength=\"400\" class=\"wpcf7-form-control wpcf7-text wpcf7-validates-as-required wpctf7-my-custom-class\" aria-required=\"true\" aria-invalid=\"false\" placeholder=\"Dit navn\" value=\"\" type=\"text\" name=\"your-name\" \/><\/span><\/label>\n<\/p>\n<p><span class=\"wpcf7-form-control-wrap\" data-name=\"email\"><input size=\"40\" maxlength=\"400\" class=\"wpcf7-form-control wpcf7-email wpcf7-validates-as-required wpcf7-text wpcf7-validates-as-email wpctf7-my-custom-class\" aria-required=\"true\" aria-invalid=\"false\" placeholder=\"E-mail*\" value=\"\" type=\"email\" name=\"email\" \/><\/span>\n<\/p>\n<p><div class=\"cf7-cf-turnstile\" style=\"margin-top: 0px; margin-bottom: -15px;\"> <div id=\"cf-turnstile-cf7-1003166781\" class=\"cf-turnstile\" data-sitekey=\"0x4AAAAAAB8YGArd9ML-HbMW\" data-theme=\"light\" data-language=\"auto\" data-size=\"normal\" data-retry=\"auto\" data-retry-interval=\"1000\" data-refresh-expired=\"auto\" data-action=\"contact-form-7\" data-appearance=\"always\"><\/div> <script>document.addEventListener(\"DOMContentLoaded\", function() { setTimeout(function(){ var e=document.getElementById(\"cf-turnstile-cf7-1003166781\"); e&&!e.innerHTML.trim()&&(turnstile.remove(\"#cf-turnstile-cf7-1003166781\"), turnstile.render(\"#cf-turnstile-cf7-1003166781\", {sitekey:\"0x4AAAAAAB8YGArd9ML-HbMW\"})); }, 100); });<\/script> <br class=\"cf-turnstile-br cf-turnstile-br-cf7-1003166781\"> <style>#cf-turnstile-cf7-1003166781 { margin-left: -15px; }<\/style> <script>document.addEventListener(\"DOMContentLoaded\",function(){document.querySelectorAll('.wpcf7-form').forEach(function(e){e.addEventListener('submit',function(){if(document.getElementById('cf-turnstile-cf7-1003166781')){setTimeout(function(){turnstile.reset('#cf-turnstile-cf7-1003166781');},1000)}})})});<\/script> <\/div><br\/><input class=\"wpcf7-form-control wpcf7-submit has-spinner\" type=\"submit\" value=\"Bestil vejledning\" \/>\n<\/p><div class=\"wpcf7-response-output\" aria-hidden=\"true\"><\/div>\n<\/form>\n<\/div>\n\n\t\t\t\t<img loading=\"lazy\" decoding=\"async\" src=\"https:\/\/suresms.com\/wp-content\/uploads\/2022\/06\/API-connection-1.png\" alt=\"Send SMS med API\" itemprop=\"image\" height=\"528\" width=\"960\" title=\"API connection\" onerror=\"this.style.display='none'\"  \/>\n\t<h2>Vores l\u00f8sning &#8211; Journalisering af SMS p\u00e5 PC<\/h2>\n<p>For at kommunikation mellem kommuner, institutioner, myndigheder og borgere kan virke, er det yderst vigtigt, at beskeder og informationer b\u00e5de n\u00e5r frem OG bliver l\u00e6st! Unders\u00f8gelser viser, at langt st\u00f8rstedelen af alle SMS&#8217;er bliver l\u00e6st af modtageren, og derfor er SMS-beskeder en b\u00e5de hurtig og p\u00e5lidelig kommunikationsform.<\/p>\n<p>Med en SMS-gateway kan offentlige institutioner bevare overblikket og overholde krav til journalisering.<\/p>\n<p><strong>Fordele<\/strong><\/p>\n<ul>\n<li>\n<ul>\n<li><strong>Indbygget journalisering. Via vores webportal har man altid dokumentation for alle beskeder, der bliver sendt til borgere eller medarbejdere.<\/strong><\/li>\n<\/ul>\n<\/li>\n<\/ul>\n<p>&nbsp;<\/p>\n<ul>\n<li>\n<ul>\n<li><strong>Servicebeskeder og aftalep\u00e5mindelser via SMS er en god service for borgere og brugere og\u00a0sikrer samtidig\u00a0f\u00e6rre aflysninger og\u00a0mindre ressourcespild.\u00a0Benyt autogenererede SMS&#8217;er eller styr selv afsendelsen via vores webinterface.<\/strong><\/li>\n<\/ul>\n<\/li>\n<\/ul>\n<p>&nbsp;<\/p>\n<ul>\n<li>\n<ul>\n<li><strong>Al kommunikation mellem klienten og vores servere krypteres\u00a0via den nyeste SSL-kryptering.\u00a0Dermed er det sikkert at sende personf\u00f8lsomme oplysninger via SureSMS.<\/strong><\/li>\n<\/ul>\n<\/li>\n<\/ul>\n<p>&nbsp;<\/p>\n<ul>\n<li>\n<ul>\n<li><strong>Ingen dyre abonnementer. Vi tager kun SMS-takst for det antal beskeder, I faktisk sender. Fakturering er gratis, og det er enkelt at betale via EAN-nummer.<\/strong><\/li>\n<\/ul>\n<\/li>\n<\/ul>\n<p>&nbsp;<\/p>\n<p>Ovenst\u00e5ende er et udvalg af vores funktioner. Men der er mange flere. Se vores\u00a0<a href=\"https:\/\/suresms.com\/dk\/funktioner\/\">funktionssider<\/a>\u00a0p\u00e5 suresms.com for at f\u00e5 inspiration.<\/p>\n<p><strong>Fuldt overblik og dokumentation via SureSMS&#8217; webportal<\/strong><\/p>\n<p>Fra vores webportal kan man nemt logge ind og via computeren sende SMS&#8217;er til brugerne. Herfra er det hurtigt at sende beskeder til grupper, planl\u00e6gge afsendelser og flette navne ind i beskederne.<\/p>\n<p>Her\u00a0har du\u00a0ogs\u00e5 fuldt overblik over de beskeder, der sendes, og beskederne\u00a0bliver liggende her til brug for journalisering eller evt. dokumentation. Du har altid overblik over b\u00e5de indhold og tidspunkt for afsendelse s\u00e5vel som modtagelse af beskederne.<\/p>\n<p><strong>Leverer til b\u00e5de statsinstitutioner og kommuner<\/strong><\/p>\n<p>Vi har gennem \u00e5rene leveret SMS&#8217;er til mange institutioner inden for det offentlige og har derfor stor erfaring med samarbejdet: biblioteker, statsf\u00e6ngsler, hj\u00e6lpemiddelcentraler, styrelser og meget mere. Offentlige institutioner har brug for at kommunikere med et bredt udsnit af befolkningen, mens pris, kvalitet og sikkerhed SKAL v\u00e6re i top. Vi har den forn\u00f8dne ekspertise og leverer en gedigen og fleksibel gateway, der er enkel at bruge.<\/p>\n<p><strong>Send fra flere numre<\/strong><\/p>\n<p>Har arbejdspladsen brug for at sende fra flere telefonnumre, eller skal login v\u00e6re fleksibelt, s\u00e5 flere medarbejdere kan sende fra en bestemt bruger? Det er enkelt klaret via vores onlineportal.<\/p>\n\t<h4><strong>Her kan du l\u00e6se nogle eksempler p\u00e5, hvordan vores kunder i dag benytter\u00a0vores online SMS-service:<\/strong><\/h4>\n<ul>\n<li>En af de danske faglige organisationer bruger vores online SMS-service til at udsende nyhedsbreve til kunderne. Det er \u00e5benlyst lettere at sende lange nyhedsbreve ud via en computers st\u00f8rre tastatur, og det giver ogs\u00e5 mulighed for at vedh\u00e6fte links med relevante artikler til organisationens medlemmer.<\/li>\n<li>En Sj\u00e6llandsk jagtforening har oprettet sig p\u00e5 vores Gateway. Da foreningens medlemmer organiserer jagterne p\u00e5 skift, har de alle et login til foreningens konto, hvorfra de sender besked om kommende jagter til de \u00f8vrige medlemmer.<\/li>\n<li>Et varmev\u00e6rk bruger vores gateway til at advisere beboere om forstyrrelser i forsyningen. N\u00e5r der f.eks. lukkes for varmen p.g.a. reparationer i et givent omr\u00e5de, tr\u00e6kkes telefonnumrene ud af varmev\u00e6rkets system, pastes over p\u00e5 vores website, hvorfra de ganske enkelt kan sende en besked til alle ber\u00f8rte\u00a0husstande.<\/li>\n<\/ul>\n\n","protected":false},"excerpt":{"rendered":"<p>Journalisering af SMS beskeder Forvaltningsmyndigheder har en pligt til at journalisere dokumenter, der er afsendt eller modtaget i forbindelse med sagsbehandling i myndighedens virksomhed. Pligten g\u00e6lder kun for dokumenter, der har betydning for en sag eller sagsbehandlingen i \u00f8vrigt. B\u00e5de interne og eksterne dokumenter i endelig form er omfattet af pligten. Det betyder, at hvis &#8230; <a title=\"Journalisering af SMS\" class=\"read-more\" href=\"https:\/\/suresms.com\/dk\/funktioner\/journalisering-af-sms\/\" aria-label=\"Read more about Journalisering af SMS\">L\u00e6s mere <\/a><\/p>\n","protected":false},"author":1,"featured_media":0,"parent":958,"menu_order":1,"comment_status":"closed","ping_status":"closed","template":"","meta":{"_fl_builder_enabled":"1","_fl_builder_data":null,"_fl_builder_draft":null,"_fl_builder_data_settings":null,"_fl_builder_css":"","_fl_builder_css_version":"","_fl_builder_js":"","footnotes":""},"categories":[17],"tags":[],"class_list":{"0":"post-16156","1":"page","2":"type-page","3":"status-publish","5":"category-linkfracornorstone"},"yoast_head":"<!-- This site is optimized with the Yoast SEO Premium plugin v27.3 (Yoast SEO v27.3) - https:\/\/yoast.com\/product\/yoast-seo-premium-wordpress\/ -->\r\n<title>Journalisering af SMS - den rigtige l\u00f8sning for myndigheder<\/title>\r\n<meta name=\"description\" content=\"Journalisering af SMS uden at afsender eller modtager skal g\u00f8re noget, kr\u00e6ver ikke installation p\u00e5 telefonen. Teknisk helt korrekte l\u00f8sning.\" \/>\r\n<meta name=\"robots\" content=\"index, follow, max-snippet:-1, max-image-preview:large, max-video-preview:-1\" \/>\r\n<link rel=\"canonical\" href=\"https:\/\/suresms.com\/dk\/funktioner\/journalisering-af-sms\/\" \/>\r\n<meta property=\"og:locale\" content=\"da_DK\" \/>\r\n<meta property=\"og:type\" content=\"article\" \/>\r\n<meta property=\"og:title\" content=\"Journalisering af SMS\" \/>\r\n<meta property=\"og:description\" content=\"Journalisering af SMS uden at afsender eller modtager skal g\u00f8re noget, kr\u00e6ver ikke installation p\u00e5 telefonen. Teknisk helt korrekte l\u00f8sning.\" \/>\r\n<meta property=\"og:url\" content=\"https:\/\/suresms.com\/dk\/funktioner\/journalisering-af-sms\/\" \/>\r\n<meta property=\"article:publisher\" content=\"https:\/\/www.facebook.com\/p\/SureSMS-100044607956149\/\" \/>\r\n<meta property=\"article:modified_time\" content=\"2024-12-18T13:12:44+00:00\" \/>\r\n<meta property=\"og:image\" content=\"https:\/\/suresms.com\/wp-content\/uploads\/2022\/11\/os0004_53-1.jpg\" \/>\r\n<meta name=\"twitter:card\" content=\"summary_large_image\" \/>\r\n<meta name=\"twitter:label1\" content=\"Estimeret l\u00e6setid\" \/>\n\t<meta name=\"twitter:data1\" content=\"11 minutter\" \/>\r\n<script type=\"application\/ld+json\" class=\"yoast-schema-graph\">{\"@context\":\"https:\\\/\\\/schema.org\",\"@graph\":[{\"@type\":\"WebPage\",\"@id\":\"https:\\\/\\\/suresms.com\\\/dk\\\/funktioner\\\/journalisering-af-sms\\\/\",\"url\":\"https:\\\/\\\/suresms.com\\\/dk\\\/funktioner\\\/journalisering-af-sms\\\/\",\"name\":\"Journalisering af SMS - den rigtige l\u00f8sning for myndigheder\",\"isPartOf\":{\"@id\":\"https:\\\/\\\/suresms.com\\\/en\\\/#website\"},\"primaryImageOfPage\":{\"@id\":\"https:\\\/\\\/suresms.com\\\/dk\\\/funktioner\\\/journalisering-af-sms\\\/#primaryimage\"},\"image\":{\"@id\":\"https:\\\/\\\/suresms.com\\\/dk\\\/funktioner\\\/journalisering-af-sms\\\/#primaryimage\"},\"thumbnailUrl\":\"https:\\\/\\\/suresms.com\\\/wp-content\\\/uploads\\\/2022\\\/11\\\/os0004_53-1.jpg\",\"datePublished\":\"2022-11-08T09:17:17+00:00\",\"dateModified\":\"2024-12-18T13:12:44+00:00\",\"description\":\"Journalisering af SMS uden at afsender eller modtager skal g\u00f8re noget, kr\u00e6ver ikke installation p\u00e5 telefonen. Teknisk helt korrekte l\u00f8sning.\",\"breadcrumb\":{\"@id\":\"https:\\\/\\\/suresms.com\\\/dk\\\/funktioner\\\/journalisering-af-sms\\\/#breadcrumb\"},\"inLanguage\":\"da-DK\",\"potentialAction\":[{\"@type\":\"ReadAction\",\"target\":[\"https:\\\/\\\/suresms.com\\\/dk\\\/funktioner\\\/journalisering-af-sms\\\/\"]}]},{\"@type\":\"ImageObject\",\"inLanguage\":\"da-DK\",\"@id\":\"https:\\\/\\\/suresms.com\\\/dk\\\/funktioner\\\/journalisering-af-sms\\\/#primaryimage\",\"url\":\"https:\\\/\\\/suresms.com\\\/wp-content\\\/uploads\\\/2022\\\/11\\\/os0004_53-1.jpg\",\"contentUrl\":\"https:\\\/\\\/suresms.com\\\/wp-content\\\/uploads\\\/2022\\\/11\\\/os0004_53-1.jpg\"},{\"@type\":\"BreadcrumbList\",\"@id\":\"https:\\\/\\\/suresms.com\\\/dk\\\/funktioner\\\/journalisering-af-sms\\\/#breadcrumb\",\"itemListElement\":[{\"@type\":\"ListItem\",\"position\":1,\"name\":\"Home\",\"item\":\"https:\\\/\\\/suresms.com\\\/dk\\\/\"},{\"@type\":\"ListItem\",\"position\":2,\"name\":\"Funktioner\",\"item\":\"https:\\\/\\\/suresms.com\\\/dk\\\/funktioner\\\/\"},{\"@type\":\"ListItem\",\"position\":3,\"name\":\"Journalisering af SMS\"}]},{\"@type\":\"WebSite\",\"@id\":\"https:\\\/\\\/suresms.com\\\/en\\\/#website\",\"url\":\"https:\\\/\\\/suresms.com\\\/en\\\/\",\"name\":\"SureSMS\",\"description\":\"Professionel SMS Gateway\",\"publisher\":{\"@id\":\"https:\\\/\\\/suresms.com\\\/en\\\/#organization\"},\"potentialAction\":[{\"@type\":\"SearchAction\",\"target\":{\"@type\":\"EntryPoint\",\"urlTemplate\":\"https:\\\/\\\/suresms.com\\\/en\\\/?s={search_term_string}\"},\"query-input\":{\"@type\":\"PropertyValueSpecification\",\"valueRequired\":true,\"valueName\":\"search_term_string\"}}],\"inLanguage\":\"da-DK\"},{\"@type\":\"Organization\",\"@id\":\"https:\\\/\\\/suresms.com\\\/en\\\/#organization\",\"name\":\"SureSMS\",\"url\":\"https:\\\/\\\/suresms.com\\\/en\\\/\",\"logo\":{\"@type\":\"ImageObject\",\"inLanguage\":\"da-DK\",\"@id\":\"https:\\\/\\\/suresms.com\\\/en\\\/#\\\/schema\\\/logo\\\/image\\\/\",\"url\":\"https:\\\/\\\/suresms.com\\\/wp-content\\\/uploads\\\/2024\\\/11\\\/suresms-300x65-1.png\",\"contentUrl\":\"https:\\\/\\\/suresms.com\\\/wp-content\\\/uploads\\\/2024\\\/11\\\/suresms-300x65-1.png\",\"width\":300,\"height\":65,\"caption\":\"SureSMS\"},\"image\":{\"@id\":\"https:\\\/\\\/suresms.com\\\/en\\\/#\\\/schema\\\/logo\\\/image\\\/\"},\"sameAs\":[\"https:\\\/\\\/www.facebook.com\\\/p\\\/SureSMS-100044607956149\\\/\"]}]}<\/script>\r\n<!-- \/ Yoast SEO Premium plugin. -->","yoast_head_json":{"title":"Journalisering af SMS - den rigtige l\u00f8sning for myndigheder","description":"Journalisering af SMS uden at afsender eller modtager skal g\u00f8re noget, kr\u00e6ver ikke installation p\u00e5 telefonen. Teknisk helt korrekte l\u00f8sning.","robots":{"index":"index","follow":"follow","max-snippet":"max-snippet:-1","max-image-preview":"max-image-preview:large","max-video-preview":"max-video-preview:-1"},"canonical":"https:\/\/suresms.com\/dk\/funktioner\/journalisering-af-sms\/","og_locale":"da_DK","og_type":"article","og_title":"Journalisering af SMS","og_description":"Journalisering af SMS uden at afsender eller modtager skal g\u00f8re noget, kr\u00e6ver ikke installation p\u00e5 telefonen. Teknisk helt korrekte l\u00f8sning.","og_url":"https:\/\/suresms.com\/dk\/funktioner\/journalisering-af-sms\/","article_publisher":"https:\/\/www.facebook.com\/p\/SureSMS-100044607956149\/","article_modified_time":"2024-12-18T13:12:44+00:00","og_image":[{"url":"https:\/\/suresms.com\/wp-content\/uploads\/2022\/11\/os0004_53-1.jpg","type":"","width":"","height":""}],"twitter_card":"summary_large_image","twitter_misc":{"Estimeret l\u00e6setid":"11 minutter"},"schema":{"@context":"https:\/\/schema.org","@graph":[{"@type":"WebPage","@id":"https:\/\/suresms.com\/dk\/funktioner\/journalisering-af-sms\/","url":"https:\/\/suresms.com\/dk\/funktioner\/journalisering-af-sms\/","name":"Journalisering af SMS - den rigtige l\u00f8sning for myndigheder","isPartOf":{"@id":"https:\/\/suresms.com\/en\/#website"},"primaryImageOfPage":{"@id":"https:\/\/suresms.com\/dk\/funktioner\/journalisering-af-sms\/#primaryimage"},"image":{"@id":"https:\/\/suresms.com\/dk\/funktioner\/journalisering-af-sms\/#primaryimage"},"thumbnailUrl":"https:\/\/suresms.com\/wp-content\/uploads\/2022\/11\/os0004_53-1.jpg","datePublished":"2022-11-08T09:17:17+00:00","dateModified":"2024-12-18T13:12:44+00:00","description":"Journalisering af SMS uden at afsender eller modtager skal g\u00f8re noget, kr\u00e6ver ikke installation p\u00e5 telefonen. Teknisk helt korrekte l\u00f8sning.","breadcrumb":{"@id":"https:\/\/suresms.com\/dk\/funktioner\/journalisering-af-sms\/#breadcrumb"},"inLanguage":"da-DK","potentialAction":[{"@type":"ReadAction","target":["https:\/\/suresms.com\/dk\/funktioner\/journalisering-af-sms\/"]}]},{"@type":"ImageObject","inLanguage":"da-DK","@id":"https:\/\/suresms.com\/dk\/funktioner\/journalisering-af-sms\/#primaryimage","url":"https:\/\/suresms.com\/wp-content\/uploads\/2022\/11\/os0004_53-1.jpg","contentUrl":"https:\/\/suresms.com\/wp-content\/uploads\/2022\/11\/os0004_53-1.jpg"},{"@type":"BreadcrumbList","@id":"https:\/\/suresms.com\/dk\/funktioner\/journalisering-af-sms\/#breadcrumb","itemListElement":[{"@type":"ListItem","position":1,"name":"Home","item":"https:\/\/suresms.com\/dk\/"},{"@type":"ListItem","position":2,"name":"Funktioner","item":"https:\/\/suresms.com\/dk\/funktioner\/"},{"@type":"ListItem","position":3,"name":"Journalisering af SMS"}]},{"@type":"WebSite","@id":"https:\/\/suresms.com\/en\/#website","url":"https:\/\/suresms.com\/en\/","name":"SureSMS","description":"Professionel SMS Gateway","publisher":{"@id":"https:\/\/suresms.com\/en\/#organization"},"potentialAction":[{"@type":"SearchAction","target":{"@type":"EntryPoint","urlTemplate":"https:\/\/suresms.com\/en\/?s={search_term_string}"},"query-input":{"@type":"PropertyValueSpecification","valueRequired":true,"valueName":"search_term_string"}}],"inLanguage":"da-DK"},{"@type":"Organization","@id":"https:\/\/suresms.com\/en\/#organization","name":"SureSMS","url":"https:\/\/suresms.com\/en\/","logo":{"@type":"ImageObject","inLanguage":"da-DK","@id":"https:\/\/suresms.com\/en\/#\/schema\/logo\/image\/","url":"https:\/\/suresms.com\/wp-content\/uploads\/2024\/11\/suresms-300x65-1.png","contentUrl":"https:\/\/suresms.com\/wp-content\/uploads\/2024\/11\/suresms-300x65-1.png","width":300,"height":65,"caption":"SureSMS"},"image":{"@id":"https:\/\/suresms.com\/en\/#\/schema\/logo\/image\/"},"sameAs":["https:\/\/www.facebook.com\/p\/SureSMS-100044607956149\/"]}]}},"_links":{"self":[{"href":"https:\/\/suresms.com\/dk\/wp-json\/wp\/v2\/pages\/16156","targetHints":{"allow":["GET"]}}],"collection":[{"href":"https:\/\/suresms.com\/dk\/wp-json\/wp\/v2\/pages"}],"about":[{"href":"https:\/\/suresms.com\/dk\/wp-json\/wp\/v2\/types\/page"}],"author":[{"embeddable":true,"href":"https:\/\/suresms.com\/dk\/wp-json\/wp\/v2\/users\/1"}],"replies":[{"embeddable":true,"href":"https:\/\/suresms.com\/dk\/wp-json\/wp\/v2\/comments?post=16156"}],"version-history":[{"count":4,"href":"https:\/\/suresms.com\/dk\/wp-json\/wp\/v2\/pages\/16156\/revisions"}],"predecessor-version":[{"id":19537,"href":"https:\/\/suresms.com\/dk\/wp-json\/wp\/v2\/pages\/16156\/revisions\/19537"}],"up":[{"embeddable":true,"href":"https:\/\/suresms.com\/dk\/wp-json\/wp\/v2\/pages\/958"}],"wp:attachment":[{"href":"https:\/\/suresms.com\/dk\/wp-json\/wp\/v2\/media?parent=16156"}],"wp:term":[{"taxonomy":"category","embeddable":true,"href":"https:\/\/suresms.com\/dk\/wp-json\/wp\/v2\/categories?post=16156"},{"taxonomy":"post_tag","embeddable":true,"href":"https:\/\/suresms.com\/dk\/wp-json\/wp\/v2\/tags?post=16156"}],"curies":[{"name":"wp","href":"https:\/\/api.w.org\/{rel}","templated":true}]}}