{"id":15941,"date":"2022-09-05T16:47:14","date_gmt":"2022-09-05T14:47:14","guid":{"rendered":"https:\/\/www.suresms.com\/dk\/?page_id=15941"},"modified":"2026-03-25T15:49:14","modified_gmt":"2026-03-25T15:49:14","slug":"ideal-shop-shoppingsystem","status":"publish","type":"page","link":"https:\/\/suresms.com\/dk\/integrationer\/shop-systemer\/ideal-shop-shoppingsystem\/","title":{"rendered":"SMS integration til ideal.shop"},"content":{"rendered":"\n\n\t\t\t\t<!-- Flexy Breadcrumb -->\r\n\t\t\t<div class=\"fbc fbc-page\">\r\n\r\n\t\t\t\t<!-- Breadcrumb wrapper -->\r\n\t\t\t\t<div class=\"fbc-wrap\">\r\n\r\n\t\t\t\t\t<!-- Ordered list-->\r\n\t\t\t\t\t<ol class=\"fbc-items\" itemscope itemtype=\"https:\/\/schema.org\/BreadcrumbList\">\r\n\t\t\t\t\t\t            <li itemprop=\"itemListElement\" itemscope itemtype=\"https:\/\/schema.org\/ListItem\">\r\n                <span itemprop=\"name\">\r\n                    <!-- Home Link -->\r\n                    <a itemprop=\"item\" href=\"https:\/\/suresms.com\">\r\n                    \r\n                                                    <i class=\"fa fa-home\" aria-hidden=\"true\"><\/i>Home                    <\/a>\r\n                <\/span>\r\n                <meta itemprop=\"position\" content=\"1\" \/><!-- Meta Position-->\r\n             <\/li><li><span class=\"fbc-separator\">\/<\/span><\/li><li class=\"active\" itemprop=\"itemListElement\" itemscope itemtype=\"https:\/\/schema.org\/ListItem\"><span itemprop=\"name\" title=\"SMS integration til ideal.shop\">SMS integration til ideal.shop<\/span><meta itemprop=\"position\" content=\"2\" \/><\/li>\t\t\t\t\t<\/ol>\r\n\t\t\t\t\t<div class=\"clearfix\"><\/div>\r\n\t\t\t\t<\/div>\r\n\t\t\t<\/div>\r\n\t\t\t\n\t\t<h1><strong>SMS integration til ideal.shop<\/strong><\/h1>\n<figure itemscope itemtype=\"https:\/\/schema.org\/ImageObject\">\n\t\t\t\t<img decoding=\"async\" src=\"https:\/\/suresms.com\/wp-content\/uploads\/2022\/09\/ideal.shop-suresms-1.png\" alt=\"ideal-shop-suresms\" height=\"200\" width=\"350\" title=\"ideal.shop-suresms\" onerror=\"this.style.display='none'\" loading=\"lazy\" \/>\n\t<\/figure>\n\t<figure itemscope itemtype=\"https:\/\/schema.org\/ImageObject\">\n\t\t\t\t<img decoding=\"async\" src=\"https:\/\/suresms.com\/wp-content\/uploads\/2026\/03\/idealshop_logo_400x400-300x300.png\" alt=\"idealshop_logo_400x400\" height=\"300\" width=\"300\" title=\"idealshop_logo_400x400\" onerror=\"this.style.display='none'\" loading=\"lazy\" \/>\n\t<\/figure>\n\t\t<h3>SMS fra ideal.shop<\/h3><p>SureSMS har lavet en n\u00f8glef\u00e6rdig integration til <a href=\"https:\/\/www.ideal.shop\/\">ideal.shop<\/a>, s\u00e5 de nye kunder du f\u00e5r i din ideal.shop automatisk overf\u00f8res til din SureSMS konto. Fra SureSMS kan du sende SMS ud til dine kunder (dem der har accepteret SMS).<\/p>\n<p>Alle de gode SMS funktioner du har i SureSMS virker ogs\u00e5 med kunderne fra din ideal.shop.<\/p>\n<p>ideal.shops m\u00e5ls\u00e6tning er at lave en enkelt shop system som kan bruges af alle. Nemt at g\u00e5 til men stadig med mange funktioner.<\/p>\n<p>SMS fra ideal.shop er ideelt!<\/p>\n\t<h3>F\u00e5 godkendelse til at sende SMS til dine kunder<\/h3>\nN\u00e5r du s\u00e6tter integrationen mellem ideal.shop og SureSMS op, s\u00e5 er det meget vigtigt at dine kunder f\u00e5r mulighed for at tilmelde sig SMS. Uden &#8220;permission&#8221; kan du ikke lovligt sende dem SMS beskeder.\nDu indhenter permissions i check-ud flowet, hvor du ogs\u00e5 sp\u00f8rger om kunderne vil have nyhedsbreve.\nIf\u00f8lge lovgivningen skal kunden have mulighed for at afmelde sig SMS og mail lister. Det kan de g\u00f8re i SureSMS ved at du s\u00e6tter et flueben samtidig med at du sender ud. Det er utrolig nemt.\nN\u00e5r kunden har gjort det, kan du sende SMS fra ideal.shop.\n\t<h3>SMS listen<\/h3>\n<p>N\u00e5r integrationen er sat op og aktiveret oprettes automatisk en gruppe p\u00e5 din SureSMS konto der hedder ideal.shop. I denne liste findes alle kunder fra din shop der har accepteret at modtage SMS beskeder.<\/p>\n<figure itemscope itemtype=\"https:\/\/schema.org\/ImageObject\">\n\t\t\t\t<img decoding=\"async\" src=\"https:\/\/suresms.com\/wp-content\/uploads\/2022\/09\/Screenshot-2022-09-05-170530-1.png\" alt=\"Screenshot 2022-09-05 170530\" height=\"1315\" width=\"1968\" title=\"Screenshot 2022-09-05 170530\" onerror=\"this.style.display='none'\" loading=\"lazy\" \/>\n\t<\/figure>\n\t<p>I SureSMS kan du se b\u00e5de modtagerens navn, email og telefonnummer. Du kan ogs\u00e5 bruge vores andre metoder til at f\u00e5 modtagere p\u00e5 din SMS liste. F.eks. ved at brugerne tilmelder sig direkte p\u00e5 din hjemmeside og at de alts\u00e5 ikke beh\u00f8ver at k\u00f8be noget for at komme p\u00e5 listen.<\/p>\n\t<strong>Bestil ops\u00e6tningsvejledning<br \/>\n<\/strong>F\u00e5 tilsendt en detaljeret vejledning i ops\u00e6tning med SureSMS\n\n<div class=\"wpcf7 no-js\" id=\"wpcf7-f13762-o1\" lang=\"en-GB\" dir=\"ltr\" data-wpcf7-id=\"13762\">\n<div class=\"screen-reader-response\"><p role=\"status\" aria-live=\"polite\" aria-atomic=\"true\"><\/p> <ul><\/ul><\/div>\n<form action=\"\/dk\/wp-json\/wp\/v2\/pages\/15941#wpcf7-f13762-o1\" method=\"post\" class=\"wpcf7-form init\" aria-label=\"Kontaktformular\" novalidate=\"novalidate\" data-status=\"init\">\n<fieldset class=\"hidden-fields-container\"><input type=\"hidden\" name=\"_wpcf7\" value=\"13762\" \/><input type=\"hidden\" name=\"_wpcf7_version\" value=\"6.1.5\" \/><input type=\"hidden\" name=\"_wpcf7_locale\" value=\"en_GB\" \/><input type=\"hidden\" name=\"_wpcf7_unit_tag\" value=\"wpcf7-f13762-o1\" \/><input type=\"hidden\" name=\"_wpcf7_container_post\" value=\"0\" \/><input type=\"hidden\" name=\"_wpcf7_posted_data_hash\" value=\"\" \/>\n<\/fieldset>\n<p><label><span class=\"wpcf7-form-control-wrap\" data-name=\"your-name\"><input size=\"40\" maxlength=\"400\" class=\"wpcf7-form-control wpcf7-text wpcf7-validates-as-required wpctf7-my-custom-class\" aria-required=\"true\" aria-invalid=\"false\" placeholder=\"Dit navn\" value=\"\" type=\"text\" name=\"your-name\" \/><\/span><\/label>\n<\/p>\n<p><span class=\"wpcf7-form-control-wrap\" data-name=\"email\"><input size=\"40\" maxlength=\"400\" class=\"wpcf7-form-control wpcf7-email wpcf7-validates-as-required wpcf7-text wpcf7-validates-as-email wpctf7-my-custom-class\" aria-required=\"true\" aria-invalid=\"false\" placeholder=\"E-mail*\" value=\"\" type=\"email\" name=\"email\" \/><\/span>\n<\/p>\n<p><div class=\"cf7-cf-turnstile\" style=\"margin-top: 0px; margin-bottom: -15px;\"> <div id=\"cf-turnstile-cf7-1980728189\" class=\"cf-turnstile\" data-sitekey=\"0x4AAAAAAB8YGArd9ML-HbMW\" data-theme=\"light\" data-language=\"auto\" data-size=\"normal\" data-retry=\"auto\" data-retry-interval=\"1000\" data-refresh-expired=\"auto\" data-action=\"contact-form-7\" data-appearance=\"always\"><\/div> <script>document.addEventListener(\"DOMContentLoaded\", function() { setTimeout(function(){ var e=document.getElementById(\"cf-turnstile-cf7-1980728189\"); e&&!e.innerHTML.trim()&&(turnstile.remove(\"#cf-turnstile-cf7-1980728189\"), turnstile.render(\"#cf-turnstile-cf7-1980728189\", {sitekey:\"0x4AAAAAAB8YGArd9ML-HbMW\"})); }, 100); });<\/script> <br class=\"cf-turnstile-br cf-turnstile-br-cf7-1980728189\"> <style>#cf-turnstile-cf7-1980728189 { margin-left: -15px; }<\/style> <script>document.addEventListener(\"DOMContentLoaded\",function(){document.querySelectorAll('.wpcf7-form').forEach(function(e){e.addEventListener('submit',function(){if(document.getElementById('cf-turnstile-cf7-1980728189')){setTimeout(function(){turnstile.reset('#cf-turnstile-cf7-1980728189');},1000)}})})});<\/script> <\/div><br\/><input class=\"wpcf7-form-control wpcf7-submit has-spinner\" type=\"submit\" value=\"Bestil vejledning\" \/>\n<\/p><div class=\"wpcf7-response-output\" aria-hidden=\"true\"><\/div>\n<\/form>\n<\/div>\n\n\t\t\t<a href=\"https:\/\/calendly.com\/gm--nzwp\/30min\"  target=\"_blank\" rel=\"noopener\"    rel=\"noopener\">\n\t\t\t\t\t\t\tBook en demo\n\t\t\t\t\t<\/a>\n\t<p>med Glen<\/p>\n\n","protected":false},"excerpt":{"rendered":"<p>SMS integration til ideal.shop SMS fra ideal.shop SureSMS har lavet en n\u00f8glef\u00e6rdig integration til ideal.shop, s\u00e5 de nye kunder du f\u00e5r i din ideal.shop automatisk overf\u00f8res til din SureSMS konto. Fra SureSMS kan du sende SMS ud til dine kunder (dem der har accepteret SMS). Alle de gode SMS funktioner du har i SureSMS virker &#8230; <a title=\"SMS integration til ideal.shop\" class=\"read-more\" href=\"https:\/\/suresms.com\/dk\/integrationer\/shop-systemer\/ideal-shop-shoppingsystem\/\" aria-label=\"Read more about SMS integration til ideal.shop\">L\u00e6s mere <\/a><\/p>\n","protected":false},"author":1,"featured_media":0,"parent":15935,"menu_order":1,"comment_status":"closed","ping_status":"closed","template":"","meta":{"_fl_builder_enabled":"1","_fl_builder_data":null,"_fl_builder_draft":null,"_fl_builder_data_settings":null,"_fl_builder_css":"","_fl_builder_css_version":"","_fl_builder_js":"","footnotes":""},"categories":[],"tags":[],"class_list":["post-15941","page","type-page","status-publish"],"yoast_head":"<!-- This site is optimized with the Yoast SEO Premium plugin v27.3 (Yoast SEO v27.3) - https:\/\/yoast.com\/product\/yoast-seo-premium-wordpress\/ -->\r\n<title>SMS integration til ideal.shop -<\/title>\r\n<meta name=\"description\" content=\"Dyb SMS integration til ideal.shop. F\u00e5 det meste ud af dine kontakter med direkte integration mellem ideal.shop og SureSMS.\" \/>\r\n<meta name=\"robots\" content=\"index, follow, max-snippet:-1, max-image-preview:large, max-video-preview:-1\" \/>\r\n<link rel=\"canonical\" href=\"https:\/\/suresms.com\/dk\/integrationer\/shop-systemer\/ideal-shop-shoppingsystem\/\" \/>\r\n<meta property=\"og:locale\" content=\"da_DK\" \/>\r\n<meta property=\"og:type\" content=\"article\" \/>\r\n<meta property=\"og:title\" content=\"SMS integration til ideal.shop\" \/>\r\n<meta property=\"og:description\" content=\"Dyb SMS integration til ideal.shop. F\u00e5 det meste ud af dine kontakter med direkte integration mellem ideal.shop og SureSMS.\" \/>\r\n<meta property=\"og:url\" content=\"https:\/\/suresms.com\/dk\/integrationer\/shop-systemer\/ideal-shop-shoppingsystem\/\" \/>\r\n<meta property=\"article:publisher\" content=\"https:\/\/www.facebook.com\/p\/SureSMS-100044607956149\/\" \/>\r\n<meta property=\"article:modified_time\" content=\"2026-03-25T15:49:14+00:00\" \/>\r\n<meta property=\"og:image\" content=\"https:\/\/suresms.com\/wp-content\/uploads\/2022\/09\/ideal.shop-suresms-1.png\" \/>\r\n<meta name=\"twitter:card\" content=\"summary_large_image\" \/>\r\n<meta name=\"twitter:label1\" content=\"Estimeret l\u00e6setid\" \/>\n\t<meta name=\"twitter:data1\" content=\"4 minutter\" \/>\r\n<script type=\"application\/ld+json\" class=\"yoast-schema-graph\">{\"@context\":\"https:\\\/\\\/schema.org\",\"@graph\":[{\"@type\":\"WebPage\",\"@id\":\"https:\\\/\\\/suresms.com\\\/integrationer\\\/shop-systemer\\\/ideal-shop-shoppingsystem\\\/\",\"url\":\"https:\\\/\\\/suresms.com\\\/integrationer\\\/shop-systemer\\\/ideal-shop-shoppingsystem\\\/\",\"name\":\"SMS integration til ideal.shop -\",\"isPartOf\":{\"@id\":\"https:\\\/\\\/suresms.com\\\/en\\\/#website\"},\"primaryImageOfPage\":{\"@id\":\"https:\\\/\\\/suresms.com\\\/integrationer\\\/shop-systemer\\\/ideal-shop-shoppingsystem\\\/#primaryimage\"},\"image\":{\"@id\":\"https:\\\/\\\/suresms.com\\\/integrationer\\\/shop-systemer\\\/ideal-shop-shoppingsystem\\\/#primaryimage\"},\"thumbnailUrl\":\"https:\\\/\\\/suresms.com\\\/wp-content\\\/uploads\\\/2022\\\/09\\\/ideal.shop-suresms-1.png\",\"datePublished\":\"2022-09-05T14:47:14+00:00\",\"dateModified\":\"2026-03-25T15:49:14+00:00\",\"description\":\"Dyb SMS integration til ideal.shop. F\u00e5 det meste ud af dine kontakter med direkte integration mellem ideal.shop og SureSMS.\",\"breadcrumb\":{\"@id\":\"https:\\\/\\\/suresms.com\\\/integrationer\\\/shop-systemer\\\/ideal-shop-shoppingsystem\\\/#breadcrumb\"},\"inLanguage\":\"da-DK\",\"potentialAction\":[{\"@type\":\"ReadAction\",\"target\":[\"https:\\\/\\\/suresms.com\\\/integrationer\\\/shop-systemer\\\/ideal-shop-shoppingsystem\\\/\"]}]},{\"@type\":\"ImageObject\",\"inLanguage\":\"da-DK\",\"@id\":\"https:\\\/\\\/suresms.com\\\/integrationer\\\/shop-systemer\\\/ideal-shop-shoppingsystem\\\/#primaryimage\",\"url\":\"https:\\\/\\\/suresms.com\\\/wp-content\\\/uploads\\\/2022\\\/09\\\/ideal.shop-suresms-1.png\",\"contentUrl\":\"https:\\\/\\\/suresms.com\\\/wp-content\\\/uploads\\\/2022\\\/09\\\/ideal.shop-suresms-1.png\"},{\"@type\":\"BreadcrumbList\",\"@id\":\"https:\\\/\\\/suresms.com\\\/integrationer\\\/shop-systemer\\\/ideal-shop-shoppingsystem\\\/#breadcrumb\",\"itemListElement\":[{\"@type\":\"ListItem\",\"position\":1,\"name\":\"Home\",\"item\":\"https:\\\/\\\/suresms.com\\\/dk\\\/\"},{\"@type\":\"ListItem\",\"position\":2,\"name\":\"Integrationer\",\"item\":\"https:\\\/\\\/suresms.com\\\/dk\\\/integrationer\\\/\"},{\"@type\":\"ListItem\",\"position\":3,\"name\":\"SMS integration til Shop systemer\",\"item\":\"https:\\\/\\\/suresms.com\\\/dk\\\/integrationer\\\/shop-systemer\\\/\"},{\"@type\":\"ListItem\",\"position\":4,\"name\":\"SMS integration til ideal.shop\"}]},{\"@type\":\"WebSite\",\"@id\":\"https:\\\/\\\/suresms.com\\\/en\\\/#website\",\"url\":\"https:\\\/\\\/suresms.com\\\/en\\\/\",\"name\":\"SureSMS\",\"description\":\"Professionel SMS Gateway\",\"publisher\":{\"@id\":\"https:\\\/\\\/suresms.com\\\/en\\\/#organization\"},\"potentialAction\":[{\"@type\":\"SearchAction\",\"target\":{\"@type\":\"EntryPoint\",\"urlTemplate\":\"https:\\\/\\\/suresms.com\\\/en\\\/?s={search_term_string}\"},\"query-input\":{\"@type\":\"PropertyValueSpecification\",\"valueRequired\":true,\"valueName\":\"search_term_string\"}}],\"inLanguage\":\"da-DK\"},{\"@type\":\"Organization\",\"@id\":\"https:\\\/\\\/suresms.com\\\/en\\\/#organization\",\"name\":\"SureSMS\",\"url\":\"https:\\\/\\\/suresms.com\\\/en\\\/\",\"logo\":{\"@type\":\"ImageObject\",\"inLanguage\":\"da-DK\",\"@id\":\"https:\\\/\\\/suresms.com\\\/en\\\/#\\\/schema\\\/logo\\\/image\\\/\",\"url\":\"https:\\\/\\\/suresms.com\\\/wp-content\\\/uploads\\\/2024\\\/11\\\/suresms-300x65-1.png\",\"contentUrl\":\"https:\\\/\\\/suresms.com\\\/wp-content\\\/uploads\\\/2024\\\/11\\\/suresms-300x65-1.png\",\"width\":300,\"height\":65,\"caption\":\"SureSMS\"},\"image\":{\"@id\":\"https:\\\/\\\/suresms.com\\\/en\\\/#\\\/schema\\\/logo\\\/image\\\/\"},\"sameAs\":[\"https:\\\/\\\/www.facebook.com\\\/p\\\/SureSMS-100044607956149\\\/\"]}]}<\/script>\r\n<!-- \/ Yoast SEO Premium plugin. -->","yoast_head_json":{"title":"SMS integration til ideal.shop -","description":"Dyb SMS integration til ideal.shop. F\u00e5 det meste ud af dine kontakter med direkte integration mellem ideal.shop og SureSMS.","robots":{"index":"index","follow":"follow","max-snippet":"max-snippet:-1","max-image-preview":"max-image-preview:large","max-video-preview":"max-video-preview:-1"},"canonical":"https:\/\/suresms.com\/dk\/integrationer\/shop-systemer\/ideal-shop-shoppingsystem\/","og_locale":"da_DK","og_type":"article","og_title":"SMS integration til ideal.shop","og_description":"Dyb SMS integration til ideal.shop. F\u00e5 det meste ud af dine kontakter med direkte integration mellem ideal.shop og SureSMS.","og_url":"https:\/\/suresms.com\/dk\/integrationer\/shop-systemer\/ideal-shop-shoppingsystem\/","article_publisher":"https:\/\/www.facebook.com\/p\/SureSMS-100044607956149\/","article_modified_time":"2026-03-25T15:49:14+00:00","og_image":[{"url":"https:\/\/suresms.com\/wp-content\/uploads\/2022\/09\/ideal.shop-suresms-1.png","type":"","width":"","height":""}],"twitter_card":"summary_large_image","twitter_misc":{"Estimeret l\u00e6setid":"4 minutter"},"schema":{"@context":"https:\/\/schema.org","@graph":[{"@type":"WebPage","@id":"https:\/\/suresms.com\/integrationer\/shop-systemer\/ideal-shop-shoppingsystem\/","url":"https:\/\/suresms.com\/integrationer\/shop-systemer\/ideal-shop-shoppingsystem\/","name":"SMS integration til ideal.shop -","isPartOf":{"@id":"https:\/\/suresms.com\/en\/#website"},"primaryImageOfPage":{"@id":"https:\/\/suresms.com\/integrationer\/shop-systemer\/ideal-shop-shoppingsystem\/#primaryimage"},"image":{"@id":"https:\/\/suresms.com\/integrationer\/shop-systemer\/ideal-shop-shoppingsystem\/#primaryimage"},"thumbnailUrl":"https:\/\/suresms.com\/wp-content\/uploads\/2022\/09\/ideal.shop-suresms-1.png","datePublished":"2022-09-05T14:47:14+00:00","dateModified":"2026-03-25T15:49:14+00:00","description":"Dyb SMS integration til ideal.shop. F\u00e5 det meste ud af dine kontakter med direkte integration mellem ideal.shop og SureSMS.","breadcrumb":{"@id":"https:\/\/suresms.com\/integrationer\/shop-systemer\/ideal-shop-shoppingsystem\/#breadcrumb"},"inLanguage":"da-DK","potentialAction":[{"@type":"ReadAction","target":["https:\/\/suresms.com\/integrationer\/shop-systemer\/ideal-shop-shoppingsystem\/"]}]},{"@type":"ImageObject","inLanguage":"da-DK","@id":"https:\/\/suresms.com\/integrationer\/shop-systemer\/ideal-shop-shoppingsystem\/#primaryimage","url":"https:\/\/suresms.com\/wp-content\/uploads\/2022\/09\/ideal.shop-suresms-1.png","contentUrl":"https:\/\/suresms.com\/wp-content\/uploads\/2022\/09\/ideal.shop-suresms-1.png"},{"@type":"BreadcrumbList","@id":"https:\/\/suresms.com\/integrationer\/shop-systemer\/ideal-shop-shoppingsystem\/#breadcrumb","itemListElement":[{"@type":"ListItem","position":1,"name":"Home","item":"https:\/\/suresms.com\/dk\/"},{"@type":"ListItem","position":2,"name":"Integrationer","item":"https:\/\/suresms.com\/dk\/integrationer\/"},{"@type":"ListItem","position":3,"name":"SMS integration til Shop systemer","item":"https:\/\/suresms.com\/dk\/integrationer\/shop-systemer\/"},{"@type":"ListItem","position":4,"name":"SMS integration til ideal.shop"}]},{"@type":"WebSite","@id":"https:\/\/suresms.com\/en\/#website","url":"https:\/\/suresms.com\/en\/","name":"SureSMS","description":"Professionel SMS Gateway","publisher":{"@id":"https:\/\/suresms.com\/en\/#organization"},"potentialAction":[{"@type":"SearchAction","target":{"@type":"EntryPoint","urlTemplate":"https:\/\/suresms.com\/en\/?s={search_term_string}"},"query-input":{"@type":"PropertyValueSpecification","valueRequired":true,"valueName":"search_term_string"}}],"inLanguage":"da-DK"},{"@type":"Organization","@id":"https:\/\/suresms.com\/en\/#organization","name":"SureSMS","url":"https:\/\/suresms.com\/en\/","logo":{"@type":"ImageObject","inLanguage":"da-DK","@id":"https:\/\/suresms.com\/en\/#\/schema\/logo\/image\/","url":"https:\/\/suresms.com\/wp-content\/uploads\/2024\/11\/suresms-300x65-1.png","contentUrl":"https:\/\/suresms.com\/wp-content\/uploads\/2024\/11\/suresms-300x65-1.png","width":300,"height":65,"caption":"SureSMS"},"image":{"@id":"https:\/\/suresms.com\/en\/#\/schema\/logo\/image\/"},"sameAs":["https:\/\/www.facebook.com\/p\/SureSMS-100044607956149\/"]}]}},"_links":{"self":[{"href":"https:\/\/suresms.com\/dk\/wp-json\/wp\/v2\/pages\/15941","targetHints":{"allow":["GET"]}}],"collection":[{"href":"https:\/\/suresms.com\/dk\/wp-json\/wp\/v2\/pages"}],"about":[{"href":"https:\/\/suresms.com\/dk\/wp-json\/wp\/v2\/types\/page"}],"author":[{"embeddable":true,"href":"https:\/\/suresms.com\/dk\/wp-json\/wp\/v2\/users\/1"}],"replies":[{"embeddable":true,"href":"https:\/\/suresms.com\/dk\/wp-json\/wp\/v2\/comments?post=15941"}],"version-history":[{"count":10,"href":"https:\/\/suresms.com\/dk\/wp-json\/wp\/v2\/pages\/15941\/revisions"}],"predecessor-version":[{"id":23859,"href":"https:\/\/suresms.com\/dk\/wp-json\/wp\/v2\/pages\/15941\/revisions\/23859"}],"up":[{"embeddable":true,"href":"https:\/\/suresms.com\/dk\/wp-json\/wp\/v2\/pages\/15935"}],"wp:attachment":[{"href":"https:\/\/suresms.com\/dk\/wp-json\/wp\/v2\/media?parent=15941"}],"wp:term":[{"taxonomy":"category","embeddable":true,"href":"https:\/\/suresms.com\/dk\/wp-json\/wp\/v2\/categories?post=15941"},{"taxonomy":"post_tag","embeddable":true,"href":"https:\/\/suresms.com\/dk\/wp-json\/wp\/v2\/tags?post=15941"}],"curies":[{"name":"wp","href":"https:\/\/api.w.org\/{rel}","templated":true}]}}