{"id":15657,"date":"2022-06-29T23:49:16","date_gmt":"2022-06-29T21:49:16","guid":{"rendered":"https:\/\/www.suresms.com\/dk\/?page_id=15657"},"modified":"2025-11-06T05:51:06","modified_gmt":"2025-11-06T05:51:06","slug":"send-sms-fra-pc","status":"publish","type":"page","link":"https:\/\/suresms.com\/dk\/funktioner\/send-sms-fra-pc\/","title":{"rendered":"Send sms fra PC"},"content":{"rendered":"\n\n\t\t\t\t<!-- Flexy Breadcrumb -->\r\n\t\t\t<div class=\"fbc fbc-page\">\r\n\r\n\t\t\t\t<!-- Breadcrumb wrapper -->\r\n\t\t\t\t<div class=\"fbc-wrap\">\r\n\r\n\t\t\t\t\t<!-- Ordered list-->\r\n\t\t\t\t\t<ol class=\"fbc-items\" itemscope itemtype=\"https:\/\/schema.org\/BreadcrumbList\">\r\n\t\t\t\t\t\t            <li itemprop=\"itemListElement\" itemscope itemtype=\"https:\/\/schema.org\/ListItem\">\r\n                <span itemprop=\"name\">\r\n                    <!-- Home Link -->\r\n                    <a itemprop=\"item\" href=\"https:\/\/suresms.com\">\r\n                    \r\n                                                    <i class=\"fa fa-home\" aria-hidden=\"true\"><\/i>Home                    <\/a>\r\n                <\/span>\r\n                <meta itemprop=\"position\" content=\"1\" \/><!-- Meta Position-->\r\n             <\/li><li><span class=\"fbc-separator\">\/<\/span><\/li><li class=\"active\" itemprop=\"itemListElement\" itemscope itemtype=\"https:\/\/schema.org\/ListItem\"><span itemprop=\"name\" title=\"Send sms fra PC\">Send sms fra PC<\/span><meta itemprop=\"position\" content=\"2\" \/><\/li>\t\t\t\t\t<\/ol>\r\n\t\t\t\t\t<div class=\"clearfix\"><\/div>\r\n\t\t\t\t<\/div>\r\n\t\t\t<\/div>\r\n\t\t\t\n\t\t\t\t<img decoding=\"async\" src=\"https:\/\/suresms.com\/wp-content\/uploads\/2022\/06\/Send-sms-online-1.png\" alt=\"Send SMS online -image\" itemprop=\"image\" height=\"367\" width=\"900\" title=\"Send-sms-online\" onerror=\"this.style.display='none'\" loading=\"lazy\" \/>\n\t<h1>Send SMS fra PC eller Mac med vores online SMS sender<\/h1>\n<p>Det er meget hurtigere og nemmere at sende SMS beskeder fra computeren end fra din telefon. Dertil kommer at du har mange flere muligheder, n\u00e5r du bruger PC eller Mac. Du kan f.eks. vedh\u00e6fte PDF filer, laver ubegr\u00e6nset lister, sende vidoer (som modtageren faktisk kan se), sende MobilePay link og meget meget mere.<\/p>\n<p>Er du professionel bruger med behov for at send SMS, og skal du send en SMS beskeder til dine kunder,dine klienter,\u00a0dine medarbejdere eller medlemmerne i din forening? S\u00e5 er det en god ide at sende SMS online, ved at benytte en online SMS sender.<\/p>\n<p>Uanset om du bruger PC eller Mac eller en tablet med Android, kan du bruge vores system til at sende SMS besked online. Det virker p\u00e5 alle computere og tablets uanset styresystem. Det foreg\u00e5r ved at du via et login til vores web-app f\u00e5r adgang til et system hvorfra du kan sende SMS beskeder.<\/p>\n<p>&nbsp;<\/p>\n\t<h2>Send SMS beskeder<\/h2>\n<p>Med en adgang til vores SMS sender, som du kan bestille kvit-og-frit lige til h\u00f8jre for dette, kan du sende og modtage SMS beskeder via computeren eller din tablet. Du kan enten sende en SMS besked til en enkelt person ved at indtaste telefonnummeret, eller du kan sende til en liste. Listen kan du importere i systemet fra dit CRM system, dit medlemssystem eller bare et regneark du har liggende.<\/p>\n<p>Hvis du vil modtage SMS&#8217;er online ogs\u00e5, s\u00e5 skal du tilk\u00f8be et to-vejs SMS modul. Det koster 99,- kr. pr. m\u00e5ned, men s\u00e5 kan du modtage SMS b\u00e5de p\u00e5 vores hjemmeside og i din email indbakke.<\/p>\n\t\t\t\t<img decoding=\"async\" src=\"https:\/\/suresms.com\/wp-content\/uploads\/2022\/06\/What-is-your-message-1.png\" alt=\"What is your SMS besked\" itemprop=\"image\" height=\"238\" width=\"319\" title=\"What is your message\" onerror=\"this.style.display='none'\" loading=\"lazy\" \/>\n\t\t\t<a href=\"https:\/\/app.suresms.com\/account\/signup\" target=\"_blank\" rel=\"noopener\">\n\t\t\t\t\t\t\tOpret gratis konto\n\t\t\t\t\t<\/a>\n\t<h2>Send SMS fra PC \/ Send SMS fra Mac<\/h2>\n<p>Den enkleste m\u00e5de du kan sende sms online p\u00e5, er ved at sende dem fra din PC ved at logge ind p\u00e5 vores hjemmeside. Skriv din besked og tryk &#8220;Send&#8221;. S\u00e5 sender vi en SMS besked afsted til modtageren. Det er nemt og hurtigt at sende SMS online.<\/p>\n<p>Vi underst\u00f8tter alle de g\u00e6ngse browsere, s\u00e5 du ikke skal bekymre dig om, hvorvidt vores system virker p\u00e5 din computer. Alle kan bruge vores SMS sender.<\/p>\n\t<h2>Send en SMS via nettet<\/h2>\n<p>Der er andre muligheder for at sende en SMS end via browseren. Du kan ogs\u00e5 sende dine beskeder ved hj\u00e6lp af email. Ved ar bruge en l\u00f8sning der hedder mail2sms kan man sende SMS beskeder online fra dit mail-program. Det g\u00e6lder uanset hvilket mail-program og mail-udbyder du har.<\/p>\n<p>&nbsp;<\/p>\n<h2>Om SMS beskeder<\/h2>\n<p>En SMS har en maksimal l\u00e6ngde af 160 tegn (inkl. mellemrum). Skriver du en l\u00e6ngere besked, vil beskeden stadig blive sendt, men den vil blive takseret som 2 eller flere SMS&#8217;er afh\u00e6ngigt af l\u00e6ngden<\/p>\n<p>Man kan IKKE sende SMS beskeder til 3 &#8211; 4 eller 5 cifrede numre &#8211; s\u00e5kaldte shortcodes fra SureSMS.<\/p>\n<p>Fra vores hjemmeside kan du nemt udnytte de mange muligheder: Eksportere kontakter, oprette grupper, planl\u00e6gge afsendelser og lave skabeloner, s\u00e5 din kommunikation bliver b\u00e5de hurtigere, lettere og mere professionel.<\/p>\n<p>L\u00e6s mere her p\u00e5 hjemmesiden under Features og Funktioner eller f\u00f8lg linket nederst p\u00e5 siden til vores YouTube kanal for at se vores instruktionsvideoer.<\/p>\n<h2>Gratis SMS?<\/h2>\n<p>I de fleste mobilabonnementer er der gratis SMS inkluderet. Da vi betaler teleselskaberne for hver eneste SMS der bliver sendt, er det desv\u00e6rre ikke muligt for os at tilbyde. Det koster 28 \u00f8re pr. SMS du sender online.<\/p>\n<p>&nbsp;<\/p>\n\t<h4><strong>Vores WEB Interface er nemt at bruge<\/strong><\/h4>\n<p>Du kan logge p\u00e5 vores hjemmeside via f\u00f8lgende link <a href=\"https:\/\/app.suresms.com\">http:\/\/app.suresms.com<\/a> eller ved at klikke p\u00e5 login-knappen \u00f8verst i h\u00f8jre hj\u00f8rne her p\u00e5 siden.<\/p>\n<p>SureSMS Gateway er s\u00e6rligt tilt\u00e6nkt virksomheder og foreninger. Vi gennemg\u00e5r alle konti manuelt inden oprettelse for at sikre, at alle henvendelser er seri\u00f8se. Der kan derfor v\u00e6re en kort ventetid, inden du modtager mailen med login info fra os og kan komme igang med at send SMS.<\/p>\n<p>Vores l\u00f8sning en s\u00e5kaldt\u00a0platformsuafh\u00e6ngig l\u00f8sning. Det betyder, at den er velegnetuanset om du bruger PC eller mac, en tablet med Android eller winndows. Vores system virker ogs\u00e5 hos dig.<\/p>\n<p>Vi har l\u00f8st opgaven med platformsuafh\u00e6ngighed ved at bruge de sprog som bruges p\u00e5 nettet, og som alle enhederne forst\u00e5r. Du kan f.eks. bruge vores SMS l\u00f8sning via <a title=\"Beskrivelse af http protokollen\" href=\"http:\/\/da.wikipedia.org\/wiki\/HTTP\">http<\/a>\u00a0eller via <a title=\"SMTP protokollen\" href=\"http:\/\/da.wikipedia.org\/wiki\/Simple_Mail_Transfer_Protocol\">SMTP <\/a>(ogs\u00e5 kaldet mail).<\/p>\n\t<h4><strong>F\u00e5 et login med det samme!<\/strong><\/h4>\n<p>For at logge ind kr\u00e6ves et brugernavn og et kodeord. <strong>Det kan du f\u00e5 ved at\u00a0oprette en testkonto her p\u00e5 siden.<\/strong><\/p>\n<p>Det koster ikke noget at f\u00e5 et brugernavn. Oprettelse af en konto i vores gateway er gratis og abonnementet koster 0,- kr.<br \/>Vi g\u00e5r ind for en gennemskuelig prispolitik, s\u00e5 der er ingen skjulte udgifter eller abonnementer.\u00a0Vore kunder betaler en taxameterpris, alts\u00e5\u00a0udelukkende for de SMS&#8217;er, de sender. Du kan se vores opdaterede <a title=\"SMS gateway priser, ingen oprettelse, intet abonnement\" href=\"https:\/\/www.suresms.com\/dk\/sms-gateway-priser\/\">priser<\/a>\u00a0her.<\/p>\n<p>Med de 50 gratis beskeder, som du modtager ved oprettelsen af en testkonto, har du mulighed for at afpr\u00f8ve vores SMS-gateway uden betaling . Du skal IKKE opgive kreditkortoplysninger for at \u00e5bne en testkonto.<\/p>\n\t\t\t\t<img decoding=\"async\" src=\"https:\/\/suresms.com\/wp-content\/uploads\/2022\/08\/Webinterface-1-1.png\" alt=\"Send SMS fra PC\" itemprop=\"image\" height=\"1557\" width=\"2665\" title=\"SureSMS webinterface\" onerror=\"this.style.display='none'\" loading=\"lazy\" \/>\n\t<h4><strong>Nemt integrerbart API og mange features\u00a0<\/strong><\/h4>\n<p>Vi elsker at udvikle, og vores kunder bruger os p\u00e5 mange forskellige m\u00e5der. Det er vi stolte af.<\/p>\n<p>Derfor har vi gennem \u00e5rene udviklet mange features og \u00a0funktioner til vores kunder. I menuerne her p\u00e5 hjemmesiden vil du finde mange af dem beskrevet, men finder du ikke lige det, du s\u00f8ger, s\u00e5 kontakt os. Vi d\u00e6kker det meste, og ellers er vi altid glade for nye udfordringer.<\/p>\n<p>Er du udvikler, og vil du vide mere om vores API? S\u00e5 se vores sider for udviklere eller ring til os p\u00e5 tlf: 50 322 322. Du kan ogs\u00e5 <a title=\"Kontakt\" href=\"https:\/\/www.suresms.com\/dk\/kontakt\/\">sende os en besked her.<\/a><\/p>\n\t\t\t\t<img decoding=\"async\" src=\"https:\/\/suresms.com\/wp-content\/uploads\/2022\/06\/API-connection-1.png\" alt=\"Send SMS med API\" itemprop=\"image\" height=\"528\" width=\"960\" title=\"API connection\" onerror=\"this.style.display='none'\" loading=\"lazy\" \/>\n\t<h4><strong>Her kan du l\u00e6se nogle eksempler p\u00e5, hvordan vores kunder i dag benytter\u00a0vores online SMS-service:<\/strong><\/h4>\n<ul>\n<li>En af de danske faglige organisationer bruger vores online SMS-service til at udsende nyhedsbreve til kunderne. Det er \u00e5benlyst lettere at sende lange nyhedsbreve ud via en computers st\u00f8rre tastatur, og det giver ogs\u00e5 mulighed for at vedh\u00e6fte links med relevante artikler til organisationens medlemmer.<\/li>\n<li>En Sj\u00e6llandsk jagtforening har oprettet sig p\u00e5 vores Gateway. Da foreningens medlemmer organiserer jagterne p\u00e5 skift, har de alle et login til foreningens konto, hvorfra de sender besked om kommende jagter til de \u00f8vrige medlemmer.<\/li>\n<li>Et varmev\u00e6rk bruger vores gateway til at advisere beboere om forstyrrelser i forsyningen. N\u00e5r der f.eks. lukkes for varmen p.g.a. reparationer i et givent omr\u00e5de, tr\u00e6kkes telefonnumrene ud af varmev\u00e6rkets system, pastes over p\u00e5 vores website, hvorfra de ganske enkelt kan sende en besked til alle ber\u00f8rte\u00a0husstande.<\/li>\n<\/ul>\n\n","protected":false},"excerpt":{"rendered":"<p>Send SMS fra PC eller Mac med vores online SMS sender Det er meget hurtigere og nemmere at sende SMS beskeder fra computeren end fra din telefon. Dertil kommer at du har mange flere muligheder, n\u00e5r du bruger PC eller Mac. Du kan f.eks. vedh\u00e6fte PDF filer, laver ubegr\u00e6nset lister, sende vidoer (som modtageren faktisk &#8230; <a title=\"Send sms fra PC\" class=\"read-more\" href=\"https:\/\/suresms.com\/dk\/funktioner\/send-sms-fra-pc\/\" aria-label=\"Read more about Send sms fra PC\">L\u00e6s mere <\/a><\/p>\n","protected":false},"author":1,"featured_media":0,"parent":958,"menu_order":2,"comment_status":"closed","ping_status":"closed","template":"","meta":{"_fl_builder_enabled":"1","_fl_builder_data":null,"_fl_builder_draft":null,"_fl_builder_data_settings":null,"_fl_builder_css":"","_fl_builder_css_version":"","_fl_builder_js":"","footnotes":""},"categories":[17],"tags":[],"class_list":{"0":"post-15657","1":"page","2":"type-page","3":"status-publish","5":"category-linkfracornorstone"},"yoast_head":"<!-- This site is optimized with the Yoast SEO Premium plugin v27.3 (Yoast SEO v27.3) - https:\/\/yoast.com\/product\/yoast-seo-premium-wordpress\/ -->\r\n<title>Send SMS fra PC - Send SMS fra Mac - Send SMS fra computer<\/title>\r\n<meta name=\"description\" content=\"Send SMS fra PC eller Send SMS fra Mac. Fordele ved at sende fra computer er arkivering, hastighed og deling af kontakter. Pr\u00f8v det gratis.\" \/>\r\n<meta name=\"robots\" content=\"index, follow, max-snippet:-1, max-image-preview:large, max-video-preview:-1\" \/>\r\n<link rel=\"canonical\" href=\"https:\/\/suresms.com\/dk\/funktioner\/send-sms-fra-pc\/\" \/>\r\n<meta property=\"og:locale\" content=\"da_DK\" \/>\r\n<meta property=\"og:type\" content=\"article\" \/>\r\n<meta property=\"og:title\" content=\"Send sms fra PC\" \/>\r\n<meta property=\"og:description\" content=\"Send SMS fra PC eller Send SMS fra Mac. Fordele ved at sende fra computer er arkivering, hastighed og deling af kontakter. Pr\u00f8v det gratis.\" \/>\r\n<meta property=\"og:url\" content=\"https:\/\/suresms.com\/dk\/funktioner\/send-sms-fra-pc\/\" \/>\r\n<meta property=\"article:publisher\" content=\"https:\/\/www.facebook.com\/p\/SureSMS-100044607956149\/\" \/>\r\n<meta property=\"article:modified_time\" content=\"2025-11-06T05:51:06+00:00\" \/>\r\n<meta property=\"og:image\" content=\"https:\/\/suresms.com\/wp-content\/uploads\/2022\/06\/Send-sms-online-1.png\" \/>\r\n<meta name=\"twitter:card\" content=\"summary_large_image\" \/>\r\n<meta name=\"twitter:label1\" content=\"Estimeret l\u00e6setid\" \/>\n\t<meta name=\"twitter:data1\" content=\"9 minutter\" \/>\r\n<script type=\"application\/ld+json\" class=\"yoast-schema-graph\">{\"@context\":\"https:\\\/\\\/schema.org\",\"@graph\":[{\"@type\":\"WebPage\",\"@id\":\"https:\\\/\\\/suresms.com\\\/dk\\\/funktioner\\\/send-sms-fra-pc\\\/\",\"url\":\"https:\\\/\\\/suresms.com\\\/dk\\\/funktioner\\\/send-sms-fra-pc\\\/\",\"name\":\"Send SMS fra PC - Send SMS fra Mac - Send SMS fra computer\",\"isPartOf\":{\"@id\":\"https:\\\/\\\/suresms.com\\\/en\\\/#website\"},\"primaryImageOfPage\":{\"@id\":\"https:\\\/\\\/suresms.com\\\/dk\\\/funktioner\\\/send-sms-fra-pc\\\/#primaryimage\"},\"image\":{\"@id\":\"https:\\\/\\\/suresms.com\\\/dk\\\/funktioner\\\/send-sms-fra-pc\\\/#primaryimage\"},\"thumbnailUrl\":\"https:\\\/\\\/suresms.com\\\/wp-content\\\/uploads\\\/2022\\\/06\\\/Send-sms-online-1.png\",\"datePublished\":\"2022-06-29T21:49:16+00:00\",\"dateModified\":\"2025-11-06T05:51:06+00:00\",\"description\":\"Send SMS fra PC eller Send SMS fra Mac. Fordele ved at sende fra computer er arkivering, hastighed og deling af kontakter. Pr\u00f8v det gratis.\",\"breadcrumb\":{\"@id\":\"https:\\\/\\\/suresms.com\\\/dk\\\/funktioner\\\/send-sms-fra-pc\\\/#breadcrumb\"},\"inLanguage\":\"da-DK\",\"potentialAction\":[{\"@type\":\"ReadAction\",\"target\":[\"https:\\\/\\\/suresms.com\\\/dk\\\/funktioner\\\/send-sms-fra-pc\\\/\"]}]},{\"@type\":\"ImageObject\",\"inLanguage\":\"da-DK\",\"@id\":\"https:\\\/\\\/suresms.com\\\/dk\\\/funktioner\\\/send-sms-fra-pc\\\/#primaryimage\",\"url\":\"https:\\\/\\\/suresms.com\\\/wp-content\\\/uploads\\\/2022\\\/06\\\/Send-sms-online-1.png\",\"contentUrl\":\"https:\\\/\\\/suresms.com\\\/wp-content\\\/uploads\\\/2022\\\/06\\\/Send-sms-online-1.png\"},{\"@type\":\"BreadcrumbList\",\"@id\":\"https:\\\/\\\/suresms.com\\\/dk\\\/funktioner\\\/send-sms-fra-pc\\\/#breadcrumb\",\"itemListElement\":[{\"@type\":\"ListItem\",\"position\":1,\"name\":\"Home\",\"item\":\"https:\\\/\\\/suresms.com\\\/dk\\\/\"},{\"@type\":\"ListItem\",\"position\":2,\"name\":\"Funktioner\",\"item\":\"https:\\\/\\\/suresms.com\\\/dk\\\/funktioner\\\/\"},{\"@type\":\"ListItem\",\"position\":3,\"name\":\"Send sms fra PC\"}]},{\"@type\":\"WebSite\",\"@id\":\"https:\\\/\\\/suresms.com\\\/en\\\/#website\",\"url\":\"https:\\\/\\\/suresms.com\\\/en\\\/\",\"name\":\"SureSMS\",\"description\":\"Professionel SMS Gateway\",\"publisher\":{\"@id\":\"https:\\\/\\\/suresms.com\\\/en\\\/#organization\"},\"potentialAction\":[{\"@type\":\"SearchAction\",\"target\":{\"@type\":\"EntryPoint\",\"urlTemplate\":\"https:\\\/\\\/suresms.com\\\/en\\\/?s={search_term_string}\"},\"query-input\":{\"@type\":\"PropertyValueSpecification\",\"valueRequired\":true,\"valueName\":\"search_term_string\"}}],\"inLanguage\":\"da-DK\"},{\"@type\":\"Organization\",\"@id\":\"https:\\\/\\\/suresms.com\\\/en\\\/#organization\",\"name\":\"SureSMS\",\"url\":\"https:\\\/\\\/suresms.com\\\/en\\\/\",\"logo\":{\"@type\":\"ImageObject\",\"inLanguage\":\"da-DK\",\"@id\":\"https:\\\/\\\/suresms.com\\\/en\\\/#\\\/schema\\\/logo\\\/image\\\/\",\"url\":\"https:\\\/\\\/suresms.com\\\/wp-content\\\/uploads\\\/2024\\\/11\\\/suresms-300x65-1.png\",\"contentUrl\":\"https:\\\/\\\/suresms.com\\\/wp-content\\\/uploads\\\/2024\\\/11\\\/suresms-300x65-1.png\",\"width\":300,\"height\":65,\"caption\":\"SureSMS\"},\"image\":{\"@id\":\"https:\\\/\\\/suresms.com\\\/en\\\/#\\\/schema\\\/logo\\\/image\\\/\"},\"sameAs\":[\"https:\\\/\\\/www.facebook.com\\\/p\\\/SureSMS-100044607956149\\\/\"]}]}<\/script>\r\n<!-- \/ Yoast SEO Premium plugin. -->","yoast_head_json":{"title":"Send SMS fra PC - Send SMS fra Mac - Send SMS fra computer","description":"Send SMS fra PC eller Send SMS fra Mac. Fordele ved at sende fra computer er arkivering, hastighed og deling af kontakter. Pr\u00f8v det gratis.","robots":{"index":"index","follow":"follow","max-snippet":"max-snippet:-1","max-image-preview":"max-image-preview:large","max-video-preview":"max-video-preview:-1"},"canonical":"https:\/\/suresms.com\/dk\/funktioner\/send-sms-fra-pc\/","og_locale":"da_DK","og_type":"article","og_title":"Send sms fra PC","og_description":"Send SMS fra PC eller Send SMS fra Mac. Fordele ved at sende fra computer er arkivering, hastighed og deling af kontakter. Pr\u00f8v det gratis.","og_url":"https:\/\/suresms.com\/dk\/funktioner\/send-sms-fra-pc\/","article_publisher":"https:\/\/www.facebook.com\/p\/SureSMS-100044607956149\/","article_modified_time":"2025-11-06T05:51:06+00:00","og_image":[{"url":"https:\/\/suresms.com\/wp-content\/uploads\/2022\/06\/Send-sms-online-1.png","type":"","width":"","height":""}],"twitter_card":"summary_large_image","twitter_misc":{"Estimeret l\u00e6setid":"9 minutter"},"schema":{"@context":"https:\/\/schema.org","@graph":[{"@type":"WebPage","@id":"https:\/\/suresms.com\/dk\/funktioner\/send-sms-fra-pc\/","url":"https:\/\/suresms.com\/dk\/funktioner\/send-sms-fra-pc\/","name":"Send SMS fra PC - Send SMS fra Mac - Send SMS fra computer","isPartOf":{"@id":"https:\/\/suresms.com\/en\/#website"},"primaryImageOfPage":{"@id":"https:\/\/suresms.com\/dk\/funktioner\/send-sms-fra-pc\/#primaryimage"},"image":{"@id":"https:\/\/suresms.com\/dk\/funktioner\/send-sms-fra-pc\/#primaryimage"},"thumbnailUrl":"https:\/\/suresms.com\/wp-content\/uploads\/2022\/06\/Send-sms-online-1.png","datePublished":"2022-06-29T21:49:16+00:00","dateModified":"2025-11-06T05:51:06+00:00","description":"Send SMS fra PC eller Send SMS fra Mac. Fordele ved at sende fra computer er arkivering, hastighed og deling af kontakter. Pr\u00f8v det gratis.","breadcrumb":{"@id":"https:\/\/suresms.com\/dk\/funktioner\/send-sms-fra-pc\/#breadcrumb"},"inLanguage":"da-DK","potentialAction":[{"@type":"ReadAction","target":["https:\/\/suresms.com\/dk\/funktioner\/send-sms-fra-pc\/"]}]},{"@type":"ImageObject","inLanguage":"da-DK","@id":"https:\/\/suresms.com\/dk\/funktioner\/send-sms-fra-pc\/#primaryimage","url":"https:\/\/suresms.com\/wp-content\/uploads\/2022\/06\/Send-sms-online-1.png","contentUrl":"https:\/\/suresms.com\/wp-content\/uploads\/2022\/06\/Send-sms-online-1.png"},{"@type":"BreadcrumbList","@id":"https:\/\/suresms.com\/dk\/funktioner\/send-sms-fra-pc\/#breadcrumb","itemListElement":[{"@type":"ListItem","position":1,"name":"Home","item":"https:\/\/suresms.com\/dk\/"},{"@type":"ListItem","position":2,"name":"Funktioner","item":"https:\/\/suresms.com\/dk\/funktioner\/"},{"@type":"ListItem","position":3,"name":"Send sms fra PC"}]},{"@type":"WebSite","@id":"https:\/\/suresms.com\/en\/#website","url":"https:\/\/suresms.com\/en\/","name":"SureSMS","description":"Professionel SMS Gateway","publisher":{"@id":"https:\/\/suresms.com\/en\/#organization"},"potentialAction":[{"@type":"SearchAction","target":{"@type":"EntryPoint","urlTemplate":"https:\/\/suresms.com\/en\/?s={search_term_string}"},"query-input":{"@type":"PropertyValueSpecification","valueRequired":true,"valueName":"search_term_string"}}],"inLanguage":"da-DK"},{"@type":"Organization","@id":"https:\/\/suresms.com\/en\/#organization","name":"SureSMS","url":"https:\/\/suresms.com\/en\/","logo":{"@type":"ImageObject","inLanguage":"da-DK","@id":"https:\/\/suresms.com\/en\/#\/schema\/logo\/image\/","url":"https:\/\/suresms.com\/wp-content\/uploads\/2024\/11\/suresms-300x65-1.png","contentUrl":"https:\/\/suresms.com\/wp-content\/uploads\/2024\/11\/suresms-300x65-1.png","width":300,"height":65,"caption":"SureSMS"},"image":{"@id":"https:\/\/suresms.com\/en\/#\/schema\/logo\/image\/"},"sameAs":["https:\/\/www.facebook.com\/p\/SureSMS-100044607956149\/"]}]}},"_links":{"self":[{"href":"https:\/\/suresms.com\/dk\/wp-json\/wp\/v2\/pages\/15657","targetHints":{"allow":["GET"]}}],"collection":[{"href":"https:\/\/suresms.com\/dk\/wp-json\/wp\/v2\/pages"}],"about":[{"href":"https:\/\/suresms.com\/dk\/wp-json\/wp\/v2\/types\/page"}],"author":[{"embeddable":true,"href":"https:\/\/suresms.com\/dk\/wp-json\/wp\/v2\/users\/1"}],"replies":[{"embeddable":true,"href":"https:\/\/suresms.com\/dk\/wp-json\/wp\/v2\/comments?post=15657"}],"version-history":[{"count":6,"href":"https:\/\/suresms.com\/dk\/wp-json\/wp\/v2\/pages\/15657\/revisions"}],"predecessor-version":[{"id":23528,"href":"https:\/\/suresms.com\/dk\/wp-json\/wp\/v2\/pages\/15657\/revisions\/23528"}],"up":[{"embeddable":true,"href":"https:\/\/suresms.com\/dk\/wp-json\/wp\/v2\/pages\/958"}],"wp:attachment":[{"href":"https:\/\/suresms.com\/dk\/wp-json\/wp\/v2\/media?parent=15657"}],"wp:term":[{"taxonomy":"category","embeddable":true,"href":"https:\/\/suresms.com\/dk\/wp-json\/wp\/v2\/categories?post=15657"},{"taxonomy":"post_tag","embeddable":true,"href":"https:\/\/suresms.com\/dk\/wp-json\/wp\/v2\/tags?post=15657"}],"curies":[{"name":"wp","href":"https:\/\/api.w.org\/{rel}","templated":true}]}}