{"id":1507,"date":"2016-01-14T15:20:23","date_gmt":"2016-01-14T13:20:23","guid":{"rendered":"https:\/\/www.suresms.com\/dk\/?page_id=1507"},"modified":"2026-04-14T04:38:10","modified_gmt":"2026-04-14T04:38:10","slug":"priser-og-betaling","status":"publish","type":"page","link":"https:\/\/suresms.com\/dk\/om-suresms\/priser-og-betaling\/","title":{"rendered":"Priser og betaling"},"content":{"rendered":"\n\n\t<h1>Priser og betaling<\/h1>\n<p>Brug vores prisberegner herunder til at finde ud af, hvad en SMS l\u00f8sning koster pr. m\u00e5ned.<\/p>\n\t<h1>Betaling<\/h1>\n<p>Vi tilbyder forskellige fleksible betalings ordninger for vore kunder.<\/p>\n<ul>\n<li>\n<ul>\n<li>Med SureSMS Gateway Konto k\u00f8ber du normalt SMS&#8217;er med kreditkort direkte fra vores hjemmeside. Du modtager en mail fra os, n\u00e5r det er tid til at fylde op igen. Straks efter indbetaling modtager du en faktura fra os.<\/li>\n<\/ul>\n<\/li>\n<\/ul>\n<ul>\n<li>\n<ul>\n<li>Faktura til din bogholder en gang om m\u00e5neden eller pr. kvartal baseret p\u00e5 forbruget i den forgangne periode. V\u00e6lger du forbrugsbaseret fakturering er der en mindste fakturering p\u00e5 100,- pr. m\u00e5ned.<\/li>\n<\/ul>\n<\/li>\n<\/ul>\n<ul>\n<li>\n<ul>\n<li>Faktura med forudbetaling af fx. 200 eller 1000 kr, der inds\u00e6ttes p\u00e5 din SMS konto.<\/li>\n<\/ul>\n<\/li>\n<\/ul>\n<ul>\n<li>\n<ul>\n<li>EAN nummer fakturering. Hvis du repr\u00e6senterer en offentlig institution har vi mulighed for at sende fakturaen til dig via EAN nummer.<\/li>\n<\/ul>\n<\/li>\n<\/ul>\n<p>NB! Vi modtager MasterCard, Visa og MobilePay. <\/p>\n\t<h1>Overskydende saldo ved lukning af konto<\/h1>\n<p>Hvis du v\u00e6lger forudbetaling eller betaling med kreditkort, er det vigtigt at v\u00e6re opm\u00e6rksom p\u00e5, at et eventuelt overskydende bel\u00f8b ikke udbetales, hvis kontoen senere deaktiveres eller lukkes.<\/p>\n<p>Indbetalte midler bruges udelukkende til SMS-forbrug og tilknyttede ydelser, og resterende saldo bortfalder ved kontoens oph\u00f8r. Dette g\u00e6lder uanset om betaling er foretaget som engangsforudbetaling eller l\u00f8bende top-ups via kreditkort.<\/p>\n\t<h2>Det med sm\u00e5t<\/h2>\n<p>Husk at en SMS-besked altid max kan indeholde 160 tegn inklusive mellemrum!<\/p>\n<p>Hvis din besked overstiger 160 tegn, vil den i praksis blive sendt som separate SMS&#8217;er og samlet til en lang tekst p\u00e5 modtagerens telefon.\u00a0Du vil som kunde skulle betale for det antal SMS&#8217;er vi afsender, s\u00e5 l\u00e6ngere SMS&#8217;er bliver s\u00e5ledes lidt dyrere.<\/p>\n<p>I vores online app er der en t\u00e6ller, s\u00e5 du altid kan se hvor mange tegn\/SMS&#8217;er du er oppe p\u00e5, mens du skriver dine SMS&#8217;er.<\/p>\n<p>&nbsp;<\/p>\n<table>\n<thead>\n<tr>\n<th>Antal tegn<\/th>\n<th>Antal SMS<\/th>\n<\/tr>\n<\/thead>\n<tbody>\n<tr>\n<td>0 &#8211; 160 characters<\/td>\n<td>1 segment<\/td>\n<\/tr>\n<tr>\n<td>161 &#8211; 306 characters<\/td>\n<td>2 segments<\/td>\n<\/tr>\n<tr>\n<td>307 &#8211; 459 characters<\/td>\n<td>3 segments<\/td>\n<\/tr>\n<tr>\n<td>460 &#8211; 612 characters<\/td>\n<td>4 segments<\/td>\n<\/tr>\n<tr>\n<td>613 &#8211; 765 characters<\/td>\n<td>5 segments<\/td>\n<\/tr>\n<tr>\n<td>766 &#8211; 918 characters<\/td>\n<td>6 segments<\/td>\n<\/tr>\n<tr>\n<td>919 &#8211; 1071 characters<\/td>\n<td>7 segments<\/td>\n<\/tr>\n<tr>\n<td>1072 &#8211; 1224 characters<\/td>\n<td>8 segments<\/td>\n<\/tr>\n<tr>\n<td>1225 &#8211; 1377 characters<\/td>\n<td>9 segments<\/td>\n<\/tr>\n<tr>\n<td>1378 &#8211; 1530 characters<\/td>\n<td>10 segments<\/td>\n<\/tr>\n<\/tbody>\n<\/table>\n<p>Hvis du v\u00e6lger at sende tegn, som ikke er i det &#8220;normale&#8221; alfabet, f.eks. Emojis, sendes teksten p\u00e5 en anden m\u00e5de og det reducerer antallet af tegn der kan v\u00e6re i beskeden efter f\u00f8lgende tabel.<\/p>\n<p>&nbsp;<\/p>\n<table>\n<thead>\n<tr>\n<th>Antal tegn<\/th>\n<th>Antal SMS<\/th>\n<\/tr>\n<\/thead>\n<tbody>\n<tr>\n<td>0 &#8211; 70 tegn<\/td>\n<td>1 segment<\/td>\n<\/tr>\n<tr>\n<td>71 &#8211; 134 tegn<\/td>\n<td>2 segmenter<\/td>\n<\/tr>\n<tr>\n<td>135 &#8211; 201 tegn<\/td>\n<td>3 segmenter<\/td>\n<\/tr>\n<tr>\n<td>202 &#8211; 268 tegn<\/td>\n<td>4 segmenter<\/td>\n<\/tr>\n<tr>\n<td>269 &#8211; 335 tegn<\/td>\n<td>5 segmenter<\/td>\n<\/tr>\n<tr>\n<td>336 &#8211; 402 tegn<\/td>\n<td>6 segmenter<\/td>\n<\/tr>\n<tr>\n<td>403 &#8211; 469 tegn<\/td>\n<td>7 segmenter<\/td>\n<\/tr>\n<tr>\n<td>470 &#8211; 536 tegn<\/td>\n<td>8 segmenter<\/td>\n<\/tr>\n<tr>\n<td>537 &#8211; 603 tegn<\/td>\n<td>9 segmenter<\/td>\n<\/tr>\n<tr>\n<td>604 &#8211; 670 tegn<\/td>\n<td>10 segmenter<\/td>\n<\/tr>\n<\/tbody>\n<\/table>\n<p>&nbsp;<\/p>\n<p>Bem\u00e6rk ogs\u00e5 at det er ikke er teknisk muligt at sende SMS&#8217;er til 3, 4 eller 5 cifrede numre &#8211; s\u00e5kaldte short codes fra Sure SMS&#8217; gateway.<\/p>\n\n","protected":false},"excerpt":{"rendered":"<p>Priser og betaling Brug vores prisberegner herunder til at finde ud af, hvad en SMS l\u00f8sning koster pr. m\u00e5ned. Betaling Vi tilbyder forskellige fleksible betalings ordninger for vore kunder. Med SureSMS Gateway Konto k\u00f8ber du normalt SMS&#8217;er med kreditkort direkte fra vores hjemmeside. Du modtager en mail fra os, n\u00e5r det er tid til at &#8230; <a title=\"Priser og betaling\" class=\"read-more\" href=\"https:\/\/suresms.com\/dk\/om-suresms\/priser-og-betaling\/\" aria-label=\"Read more about Priser og betaling\">L\u00e6s mere <\/a><\/p>\n","protected":false},"author":1,"featured_media":0,"parent":18594,"menu_order":26,"comment_status":"closed","ping_status":"closed","template":"","meta":{"_fl_builder_enabled":"1","_fl_builder_data":null,"_fl_builder_draft":null,"_fl_builder_data_settings":null,"_fl_builder_css":"","_fl_builder_css_version":"","_fl_builder_js":"","footnotes":""},"categories":[],"tags":[],"class_list":["post-1507","page","type-page","status-publish"],"yoast_head":"<!-- This site is optimized with the Yoast SEO Premium plugin v27.3 (Yoast SEO v27.3) - https:\/\/yoast.com\/product\/yoast-seo-premium-wordpress\/ -->\r\n<title>Betaling - SureSMS. Gratis faktura. SE info om betaling her!<\/title>\r\n<meta name=\"description\" content=\"Hos SureSMS har du mulighed for at v\u00e6lge forskellige betalingsformer. \u00d8nsker du en faktura sender vi selvf\u00f8lgelig GRATIS faktura til alle vore kunder.\" \/>\r\n<meta name=\"robots\" content=\"index, follow, max-snippet:-1, max-image-preview:large, max-video-preview:-1\" \/>\r\n<link rel=\"canonical\" href=\"https:\/\/suresms.com\/dk\/om-suresms\/priser-og-betaling\/\" \/>\r\n<meta property=\"og:locale\" content=\"da_DK\" \/>\r\n<meta property=\"og:type\" content=\"article\" \/>\r\n<meta property=\"og:title\" content=\"Priser og betaling\" \/>\r\n<meta property=\"og:description\" content=\"Hos SureSMS har du mulighed for at v\u00e6lge forskellige betalingsformer. \u00d8nsker du en faktura sender vi selvf\u00f8lgelig GRATIS faktura til alle vore kunder.\" \/>\r\n<meta property=\"og:url\" content=\"https:\/\/suresms.com\/dk\/om-suresms\/priser-og-betaling\/\" \/>\r\n<meta property=\"article:publisher\" content=\"https:\/\/www.facebook.com\/p\/SureSMS-100044607956149\/\" \/>\r\n<meta property=\"article:modified_time\" content=\"2026-04-14T04:38:10+00:00\" \/>\r\n<meta name=\"twitter:card\" content=\"summary_large_image\" \/>\r\n<meta name=\"twitter:label1\" content=\"Estimeret l\u00e6setid\" \/>\n\t<meta name=\"twitter:data1\" content=\"2 minutter\" \/>\r\n<script type=\"application\/ld+json\" class=\"yoast-schema-graph\">{\"@context\":\"https:\\\/\\\/schema.org\",\"@graph\":[{\"@type\":\"WebPage\",\"@id\":\"https:\\\/\\\/suresms.com\\\/dk\\\/om-suresms\\\/priser-og-betaling\\\/\",\"url\":\"https:\\\/\\\/suresms.com\\\/dk\\\/om-suresms\\\/priser-og-betaling\\\/\",\"name\":\"Betaling - SureSMS. Gratis faktura. SE info om betaling her!\",\"isPartOf\":{\"@id\":\"https:\\\/\\\/suresms.com\\\/en\\\/#website\"},\"datePublished\":\"2016-01-14T13:20:23+00:00\",\"dateModified\":\"2026-04-14T04:38:10+00:00\",\"description\":\"Hos SureSMS har du mulighed for at v\u00e6lge forskellige betalingsformer. \u00d8nsker du en faktura sender vi selvf\u00f8lgelig GRATIS faktura til alle vore kunder.\",\"breadcrumb\":{\"@id\":\"https:\\\/\\\/suresms.com\\\/dk\\\/om-suresms\\\/priser-og-betaling\\\/#breadcrumb\"},\"inLanguage\":\"da-DK\",\"potentialAction\":[{\"@type\":\"ReadAction\",\"target\":[\"https:\\\/\\\/suresms.com\\\/dk\\\/om-suresms\\\/priser-og-betaling\\\/\"]}]},{\"@type\":\"BreadcrumbList\",\"@id\":\"https:\\\/\\\/suresms.com\\\/dk\\\/om-suresms\\\/priser-og-betaling\\\/#breadcrumb\",\"itemListElement\":[{\"@type\":\"ListItem\",\"position\":1,\"name\":\"Home\",\"item\":\"https:\\\/\\\/suresms.com\\\/dk\\\/\"},{\"@type\":\"ListItem\",\"position\":2,\"name\":\"Om SureSMS\",\"item\":\"https:\\\/\\\/suresms.com\\\/dk\\\/om-suresms\\\/\"},{\"@type\":\"ListItem\",\"position\":3,\"name\":\"Priser og betaling\"}]},{\"@type\":\"WebSite\",\"@id\":\"https:\\\/\\\/suresms.com\\\/en\\\/#website\",\"url\":\"https:\\\/\\\/suresms.com\\\/en\\\/\",\"name\":\"SureSMS\",\"description\":\"Professionel SMS Gateway\",\"publisher\":{\"@id\":\"https:\\\/\\\/suresms.com\\\/en\\\/#organization\"},\"potentialAction\":[{\"@type\":\"SearchAction\",\"target\":{\"@type\":\"EntryPoint\",\"urlTemplate\":\"https:\\\/\\\/suresms.com\\\/en\\\/?s={search_term_string}\"},\"query-input\":{\"@type\":\"PropertyValueSpecification\",\"valueRequired\":true,\"valueName\":\"search_term_string\"}}],\"inLanguage\":\"da-DK\"},{\"@type\":\"Organization\",\"@id\":\"https:\\\/\\\/suresms.com\\\/en\\\/#organization\",\"name\":\"SureSMS\",\"url\":\"https:\\\/\\\/suresms.com\\\/en\\\/\",\"logo\":{\"@type\":\"ImageObject\",\"inLanguage\":\"da-DK\",\"@id\":\"https:\\\/\\\/suresms.com\\\/en\\\/#\\\/schema\\\/logo\\\/image\\\/\",\"url\":\"https:\\\/\\\/suresms.com\\\/wp-content\\\/uploads\\\/2024\\\/11\\\/suresms-300x65-1.png\",\"contentUrl\":\"https:\\\/\\\/suresms.com\\\/wp-content\\\/uploads\\\/2024\\\/11\\\/suresms-300x65-1.png\",\"width\":300,\"height\":65,\"caption\":\"SureSMS\"},\"image\":{\"@id\":\"https:\\\/\\\/suresms.com\\\/en\\\/#\\\/schema\\\/logo\\\/image\\\/\"},\"sameAs\":[\"https:\\\/\\\/www.facebook.com\\\/p\\\/SureSMS-100044607956149\\\/\"]}]}<\/script>\r\n<!-- \/ Yoast SEO Premium plugin. -->","yoast_head_json":{"title":"Betaling - SureSMS. Gratis faktura. SE info om betaling her!","description":"Hos SureSMS har du mulighed for at v\u00e6lge forskellige betalingsformer. \u00d8nsker du en faktura sender vi selvf\u00f8lgelig GRATIS faktura til alle vore kunder.","robots":{"index":"index","follow":"follow","max-snippet":"max-snippet:-1","max-image-preview":"max-image-preview:large","max-video-preview":"max-video-preview:-1"},"canonical":"https:\/\/suresms.com\/dk\/om-suresms\/priser-og-betaling\/","og_locale":"da_DK","og_type":"article","og_title":"Priser og betaling","og_description":"Hos SureSMS har du mulighed for at v\u00e6lge forskellige betalingsformer. \u00d8nsker du en faktura sender vi selvf\u00f8lgelig GRATIS faktura til alle vore kunder.","og_url":"https:\/\/suresms.com\/dk\/om-suresms\/priser-og-betaling\/","article_publisher":"https:\/\/www.facebook.com\/p\/SureSMS-100044607956149\/","article_modified_time":"2026-04-14T04:38:10+00:00","twitter_card":"summary_large_image","twitter_misc":{"Estimeret l\u00e6setid":"2 minutter"},"schema":{"@context":"https:\/\/schema.org","@graph":[{"@type":"WebPage","@id":"https:\/\/suresms.com\/dk\/om-suresms\/priser-og-betaling\/","url":"https:\/\/suresms.com\/dk\/om-suresms\/priser-og-betaling\/","name":"Betaling - SureSMS. Gratis faktura. SE info om betaling her!","isPartOf":{"@id":"https:\/\/suresms.com\/en\/#website"},"datePublished":"2016-01-14T13:20:23+00:00","dateModified":"2026-04-14T04:38:10+00:00","description":"Hos SureSMS har du mulighed for at v\u00e6lge forskellige betalingsformer. \u00d8nsker du en faktura sender vi selvf\u00f8lgelig GRATIS faktura til alle vore kunder.","breadcrumb":{"@id":"https:\/\/suresms.com\/dk\/om-suresms\/priser-og-betaling\/#breadcrumb"},"inLanguage":"da-DK","potentialAction":[{"@type":"ReadAction","target":["https:\/\/suresms.com\/dk\/om-suresms\/priser-og-betaling\/"]}]},{"@type":"BreadcrumbList","@id":"https:\/\/suresms.com\/dk\/om-suresms\/priser-og-betaling\/#breadcrumb","itemListElement":[{"@type":"ListItem","position":1,"name":"Home","item":"https:\/\/suresms.com\/dk\/"},{"@type":"ListItem","position":2,"name":"Om SureSMS","item":"https:\/\/suresms.com\/dk\/om-suresms\/"},{"@type":"ListItem","position":3,"name":"Priser og betaling"}]},{"@type":"WebSite","@id":"https:\/\/suresms.com\/en\/#website","url":"https:\/\/suresms.com\/en\/","name":"SureSMS","description":"Professionel SMS Gateway","publisher":{"@id":"https:\/\/suresms.com\/en\/#organization"},"potentialAction":[{"@type":"SearchAction","target":{"@type":"EntryPoint","urlTemplate":"https:\/\/suresms.com\/en\/?s={search_term_string}"},"query-input":{"@type":"PropertyValueSpecification","valueRequired":true,"valueName":"search_term_string"}}],"inLanguage":"da-DK"},{"@type":"Organization","@id":"https:\/\/suresms.com\/en\/#organization","name":"SureSMS","url":"https:\/\/suresms.com\/en\/","logo":{"@type":"ImageObject","inLanguage":"da-DK","@id":"https:\/\/suresms.com\/en\/#\/schema\/logo\/image\/","url":"https:\/\/suresms.com\/wp-content\/uploads\/2024\/11\/suresms-300x65-1.png","contentUrl":"https:\/\/suresms.com\/wp-content\/uploads\/2024\/11\/suresms-300x65-1.png","width":300,"height":65,"caption":"SureSMS"},"image":{"@id":"https:\/\/suresms.com\/en\/#\/schema\/logo\/image\/"},"sameAs":["https:\/\/www.facebook.com\/p\/SureSMS-100044607956149\/"]}]}},"_links":{"self":[{"href":"https:\/\/suresms.com\/dk\/wp-json\/wp\/v2\/pages\/1507","targetHints":{"allow":["GET"]}}],"collection":[{"href":"https:\/\/suresms.com\/dk\/wp-json\/wp\/v2\/pages"}],"about":[{"href":"https:\/\/suresms.com\/dk\/wp-json\/wp\/v2\/types\/page"}],"author":[{"embeddable":true,"href":"https:\/\/suresms.com\/dk\/wp-json\/wp\/v2\/users\/1"}],"replies":[{"embeddable":true,"href":"https:\/\/suresms.com\/dk\/wp-json\/wp\/v2\/comments?post=1507"}],"version-history":[{"count":15,"href":"https:\/\/suresms.com\/dk\/wp-json\/wp\/v2\/pages\/1507\/revisions"}],"predecessor-version":[{"id":23898,"href":"https:\/\/suresms.com\/dk\/wp-json\/wp\/v2\/pages\/1507\/revisions\/23898"}],"up":[{"embeddable":true,"href":"https:\/\/suresms.com\/dk\/wp-json\/wp\/v2\/pages\/18594"}],"wp:attachment":[{"href":"https:\/\/suresms.com\/dk\/wp-json\/wp\/v2\/media?parent=1507"}],"wp:term":[{"taxonomy":"category","embeddable":true,"href":"https:\/\/suresms.com\/dk\/wp-json\/wp\/v2\/categories?post=1507"},{"taxonomy":"post_tag","embeddable":true,"href":"https:\/\/suresms.com\/dk\/wp-json\/wp\/v2\/tags?post=1507"}],"curies":[{"name":"wp","href":"https:\/\/api.w.org\/{rel}","templated":true}]}}