{"id":1443,"date":"2015-12-14T16:47:20","date_gmt":"2015-12-14T14:47:20","guid":{"rendered":"https:\/\/www.suresms.com\/dk\/?page_id=1443"},"modified":"2024-11-29T17:26:58","modified_gmt":"2024-11-29T17:26:58","slug":"sikkerhed","status":"publish","type":"page","link":"https:\/\/suresms.com\/dk\/om-suresms\/sikkerhed\/","title":{"rendered":"Sikkerhed"},"content":{"rendered":"\n\n\t\t\t\t<!-- Flexy Breadcrumb -->\r\n\t\t\t<div class=\"fbc fbc-page\">\r\n\r\n\t\t\t\t<!-- Breadcrumb wrapper -->\r\n\t\t\t\t<div class=\"fbc-wrap\">\r\n\r\n\t\t\t\t\t<!-- Ordered list-->\r\n\t\t\t\t\t<ol class=\"fbc-items\" itemscope itemtype=\"https:\/\/schema.org\/BreadcrumbList\">\r\n\t\t\t\t\t\t            <li itemprop=\"itemListElement\" itemscope itemtype=\"https:\/\/schema.org\/ListItem\">\r\n                <span itemprop=\"name\">\r\n                    <!-- Home Link -->\r\n                    <a itemprop=\"item\" href=\"https:\/\/suresms.com\">\r\n                    \r\n                                                    <i class=\"fa fa-home\" aria-hidden=\"true\"><\/i>Home                    <\/a>\r\n                <\/span>\r\n                <meta itemprop=\"position\" content=\"1\" \/><!-- Meta Position-->\r\n             <\/li><li><span class=\"fbc-separator\">\/<\/span><\/li><li class=\"active\" itemprop=\"itemListElement\" itemscope itemtype=\"https:\/\/schema.org\/ListItem\"><span itemprop=\"name\" title=\"Sikkerhed\">Sikkerhed<\/span><meta itemprop=\"position\" content=\"2\" \/><\/li>\t\t\t\t\t<\/ol>\r\n\t\t\t\t\t<div class=\"clearfix\"><\/div>\r\n\t\t\t\t<\/div>\r\n\t\t\t<\/div>\r\n\t\t\t\n<h1>\n\t\tSikkerhed\n\t<\/h1>\n\t<p>&#8230; er det aller vigtigste for os. Sikkerhed for at:<\/p>\n<ul>\n<li>&#8230;\u00a0dine SMS beskeder bliver leveret.<\/li>\n<li>&#8230; der er ikke er andre, der kan se dine SMS beskeder.<\/li>\n<li>&#8230; andre ikke kan sende SMS beskeder p\u00e5 dine vegne.<\/li>\n<\/ul>\n\t\t<h2>\t\n\tAdgang til data<\/h2><p>Det er kun vores danske autoriserede medarbejdere med tavshedspligt, ansat hos SureSMS, der har adgang til dine data.<\/p>\n\t\t<h2>\t\n\tBackup<\/h2><p>Vi laver l\u00f8bende backup af alle data, s\u00e5 vi sikrer, at de ikke mistes. Backup&#8217;en gemmes p\u00e5 forskellige fysiske lokationer og restoretiden er testet til 2 timer.<\/p>\n\t\t<h2>\t\n\tAutomatisk sletning<\/h2><p>Vi tilbyder at slette beskeder systematisk, hvis vores kunder \u00f8nsker det. F.x hvis beskederne indeholder personf\u00f8lsomme oplysninger. Dette kan s\u00e6ttes op direkte fra vores WEB portal.<\/p>\n\t\t<h2>\t\n\tKryptering<\/h2><p>Al kommunikation til og fra SureSMS er krypteret med den nyeste teknologi. Det betyder at transmissionen altid er sikker. Data der opbevares hos SureSMS er ligeledes krypteret.<\/p>\n\t\t<h2><a href=\"https:\/\/suresms.com\/dk\/om-suresms\/overvagning\/\" target=\"_self\">\t\n\tOverv\u00e5gning<\/a><\/h2><p>Systemer der holder \u00f8je med systemer. Vi overv\u00e5ger leveringskvalitet, leveringshastighed, oppetid, tilg\u00e6ngelighed og meget mere.<\/p>\n\t\t<h2>\t\n\tOppetid<\/h2><p>Vi garantere en oppetid p\u00e5 99,99%, men det sidste \u00e5r har den v\u00e6ret 99,998%.<\/p>\n\n","protected":false},"excerpt":{"rendered":"<p>Sikkerhed &#8230; er det aller vigtigste for os. Sikkerhed for at: &#8230;\u00a0dine SMS beskeder bliver leveret. &#8230; der er ikke er andre, der kan se dine SMS beskeder. &#8230; andre ikke kan sende SMS beskeder p\u00e5 dine vegne. Adgang til data Det er kun vores danske autoriserede medarbejdere med tavshedspligt, ansat hos SureSMS, der har &#8230; <a title=\"Sikkerhed\" class=\"read-more\" href=\"https:\/\/suresms.com\/dk\/om-suresms\/sikkerhed\/\" aria-label=\"Read more about Sikkerhed\">L\u00e6s mere <\/a><\/p>\n","protected":false},"author":1,"featured_media":0,"parent":18594,"menu_order":13,"comment_status":"closed","ping_status":"closed","template":"","meta":{"_fl_builder_enabled":"1","_fl_builder_data":null,"_fl_builder_draft":null,"_fl_builder_data_settings":null,"_fl_builder_css":"","_fl_builder_css_version":"","_fl_builder_js":"","footnotes":""},"categories":[],"tags":[],"class_list":["post-1443","page","type-page","status-publish"],"yoast_head":"<!-- This site is optimized with the Yoast SEO Premium plugin v27.3 (Yoast SEO v27.3) - https:\/\/yoast.com\/product\/yoast-seo-premium-wordpress\/ -->\r\n<title>Vi g\u00f8r alt for at dine beskeder n\u00e5r frem. L\u00e6s alt om sikkerhed her.<\/title>\r\n<meta name=\"description\" content=\"Hos SureSMS er sikkerhed det vigtigste: Datasikkerhed: De allerbedste leverand\u00f8rer, SSL-kryptering af data, Co-locatede servere flere steder p\u00e5 Sj\u00e6lland.\" \/>\r\n<meta name=\"robots\" content=\"index, follow, max-snippet:-1, max-image-preview:large, max-video-preview:-1\" \/>\r\n<link rel=\"canonical\" href=\"https:\/\/suresms.com\/dk\/om-suresms\/sikkerhed\/\" \/>\r\n<meta property=\"og:locale\" content=\"da_DK\" \/>\r\n<meta property=\"og:type\" content=\"article\" \/>\r\n<meta property=\"og:title\" content=\"Sikkerhed\" \/>\r\n<meta property=\"og:description\" content=\"Hos SureSMS er sikkerhed det vigtigste: Datasikkerhed: De allerbedste leverand\u00f8rer, SSL-kryptering af data, Co-locatede servere flere steder p\u00e5 Sj\u00e6lland.\" \/>\r\n<meta property=\"og:url\" content=\"https:\/\/suresms.com\/dk\/om-suresms\/sikkerhed\/\" \/>\r\n<meta property=\"article:publisher\" content=\"https:\/\/www.facebook.com\/p\/SureSMS-100044607956149\/\" \/>\r\n<meta property=\"article:modified_time\" content=\"2024-11-29T17:26:58+00:00\" \/>\r\n<meta name=\"twitter:card\" content=\"summary_large_image\" \/>\r\n<meta name=\"twitter:label1\" content=\"Estimeret l\u00e6setid\" \/>\n\t<meta name=\"twitter:data1\" content=\"1 minut\" \/>\r\n<script type=\"application\/ld+json\" class=\"yoast-schema-graph\">{\"@context\":\"https:\\\/\\\/schema.org\",\"@graph\":[{\"@type\":\"WebPage\",\"@id\":\"https:\\\/\\\/suresms.com\\\/dk\\\/om-suresms\\\/sikkerhed\\\/\",\"url\":\"https:\\\/\\\/suresms.com\\\/dk\\\/om-suresms\\\/sikkerhed\\\/\",\"name\":\"Vi g\u00f8r alt for at dine beskeder n\u00e5r frem. L\u00e6s alt om sikkerhed her.\",\"isPartOf\":{\"@id\":\"https:\\\/\\\/suresms.com\\\/en\\\/#website\"},\"datePublished\":\"2015-12-14T14:47:20+00:00\",\"dateModified\":\"2024-11-29T17:26:58+00:00\",\"description\":\"Hos SureSMS er sikkerhed det vigtigste: Datasikkerhed: De allerbedste leverand\u00f8rer, SSL-kryptering af data, Co-locatede servere flere steder p\u00e5 Sj\u00e6lland.\",\"breadcrumb\":{\"@id\":\"https:\\\/\\\/suresms.com\\\/dk\\\/om-suresms\\\/sikkerhed\\\/#breadcrumb\"},\"inLanguage\":\"da-DK\",\"potentialAction\":[{\"@type\":\"ReadAction\",\"target\":[\"https:\\\/\\\/suresms.com\\\/dk\\\/om-suresms\\\/sikkerhed\\\/\"]}]},{\"@type\":\"BreadcrumbList\",\"@id\":\"https:\\\/\\\/suresms.com\\\/dk\\\/om-suresms\\\/sikkerhed\\\/#breadcrumb\",\"itemListElement\":[{\"@type\":\"ListItem\",\"position\":1,\"name\":\"Home\",\"item\":\"https:\\\/\\\/suresms.com\\\/dk\\\/\"},{\"@type\":\"ListItem\",\"position\":2,\"name\":\"Om SureSMS\",\"item\":\"https:\\\/\\\/suresms.com\\\/dk\\\/om-suresms\\\/\"},{\"@type\":\"ListItem\",\"position\":3,\"name\":\"Sikkerhed\"}]},{\"@type\":\"WebSite\",\"@id\":\"https:\\\/\\\/suresms.com\\\/en\\\/#website\",\"url\":\"https:\\\/\\\/suresms.com\\\/en\\\/\",\"name\":\"SureSMS\",\"description\":\"Professionel SMS Gateway\",\"publisher\":{\"@id\":\"https:\\\/\\\/suresms.com\\\/en\\\/#organization\"},\"potentialAction\":[{\"@type\":\"SearchAction\",\"target\":{\"@type\":\"EntryPoint\",\"urlTemplate\":\"https:\\\/\\\/suresms.com\\\/en\\\/?s={search_term_string}\"},\"query-input\":{\"@type\":\"PropertyValueSpecification\",\"valueRequired\":true,\"valueName\":\"search_term_string\"}}],\"inLanguage\":\"da-DK\"},{\"@type\":\"Organization\",\"@id\":\"https:\\\/\\\/suresms.com\\\/en\\\/#organization\",\"name\":\"SureSMS\",\"url\":\"https:\\\/\\\/suresms.com\\\/en\\\/\",\"logo\":{\"@type\":\"ImageObject\",\"inLanguage\":\"da-DK\",\"@id\":\"https:\\\/\\\/suresms.com\\\/en\\\/#\\\/schema\\\/logo\\\/image\\\/\",\"url\":\"https:\\\/\\\/suresms.com\\\/wp-content\\\/uploads\\\/2024\\\/11\\\/suresms-300x65-1.png\",\"contentUrl\":\"https:\\\/\\\/suresms.com\\\/wp-content\\\/uploads\\\/2024\\\/11\\\/suresms-300x65-1.png\",\"width\":300,\"height\":65,\"caption\":\"SureSMS\"},\"image\":{\"@id\":\"https:\\\/\\\/suresms.com\\\/en\\\/#\\\/schema\\\/logo\\\/image\\\/\"},\"sameAs\":[\"https:\\\/\\\/www.facebook.com\\\/p\\\/SureSMS-100044607956149\\\/\"]}]}<\/script>\r\n<!-- \/ Yoast SEO Premium plugin. -->","yoast_head_json":{"title":"Vi g\u00f8r alt for at dine beskeder n\u00e5r frem. L\u00e6s alt om sikkerhed her.","description":"Hos SureSMS er sikkerhed det vigtigste: Datasikkerhed: De allerbedste leverand\u00f8rer, SSL-kryptering af data, Co-locatede servere flere steder p\u00e5 Sj\u00e6lland.","robots":{"index":"index","follow":"follow","max-snippet":"max-snippet:-1","max-image-preview":"max-image-preview:large","max-video-preview":"max-video-preview:-1"},"canonical":"https:\/\/suresms.com\/dk\/om-suresms\/sikkerhed\/","og_locale":"da_DK","og_type":"article","og_title":"Sikkerhed","og_description":"Hos SureSMS er sikkerhed det vigtigste: Datasikkerhed: De allerbedste leverand\u00f8rer, SSL-kryptering af data, Co-locatede servere flere steder p\u00e5 Sj\u00e6lland.","og_url":"https:\/\/suresms.com\/dk\/om-suresms\/sikkerhed\/","article_publisher":"https:\/\/www.facebook.com\/p\/SureSMS-100044607956149\/","article_modified_time":"2024-11-29T17:26:58+00:00","twitter_card":"summary_large_image","twitter_misc":{"Estimeret l\u00e6setid":"1 minut"},"schema":{"@context":"https:\/\/schema.org","@graph":[{"@type":"WebPage","@id":"https:\/\/suresms.com\/dk\/om-suresms\/sikkerhed\/","url":"https:\/\/suresms.com\/dk\/om-suresms\/sikkerhed\/","name":"Vi g\u00f8r alt for at dine beskeder n\u00e5r frem. L\u00e6s alt om sikkerhed her.","isPartOf":{"@id":"https:\/\/suresms.com\/en\/#website"},"datePublished":"2015-12-14T14:47:20+00:00","dateModified":"2024-11-29T17:26:58+00:00","description":"Hos SureSMS er sikkerhed det vigtigste: Datasikkerhed: De allerbedste leverand\u00f8rer, SSL-kryptering af data, Co-locatede servere flere steder p\u00e5 Sj\u00e6lland.","breadcrumb":{"@id":"https:\/\/suresms.com\/dk\/om-suresms\/sikkerhed\/#breadcrumb"},"inLanguage":"da-DK","potentialAction":[{"@type":"ReadAction","target":["https:\/\/suresms.com\/dk\/om-suresms\/sikkerhed\/"]}]},{"@type":"BreadcrumbList","@id":"https:\/\/suresms.com\/dk\/om-suresms\/sikkerhed\/#breadcrumb","itemListElement":[{"@type":"ListItem","position":1,"name":"Home","item":"https:\/\/suresms.com\/dk\/"},{"@type":"ListItem","position":2,"name":"Om SureSMS","item":"https:\/\/suresms.com\/dk\/om-suresms\/"},{"@type":"ListItem","position":3,"name":"Sikkerhed"}]},{"@type":"WebSite","@id":"https:\/\/suresms.com\/en\/#website","url":"https:\/\/suresms.com\/en\/","name":"SureSMS","description":"Professionel SMS Gateway","publisher":{"@id":"https:\/\/suresms.com\/en\/#organization"},"potentialAction":[{"@type":"SearchAction","target":{"@type":"EntryPoint","urlTemplate":"https:\/\/suresms.com\/en\/?s={search_term_string}"},"query-input":{"@type":"PropertyValueSpecification","valueRequired":true,"valueName":"search_term_string"}}],"inLanguage":"da-DK"},{"@type":"Organization","@id":"https:\/\/suresms.com\/en\/#organization","name":"SureSMS","url":"https:\/\/suresms.com\/en\/","logo":{"@type":"ImageObject","inLanguage":"da-DK","@id":"https:\/\/suresms.com\/en\/#\/schema\/logo\/image\/","url":"https:\/\/suresms.com\/wp-content\/uploads\/2024\/11\/suresms-300x65-1.png","contentUrl":"https:\/\/suresms.com\/wp-content\/uploads\/2024\/11\/suresms-300x65-1.png","width":300,"height":65,"caption":"SureSMS"},"image":{"@id":"https:\/\/suresms.com\/en\/#\/schema\/logo\/image\/"},"sameAs":["https:\/\/www.facebook.com\/p\/SureSMS-100044607956149\/"]}]}},"_links":{"self":[{"href":"https:\/\/suresms.com\/dk\/wp-json\/wp\/v2\/pages\/1443","targetHints":{"allow":["GET"]}}],"collection":[{"href":"https:\/\/suresms.com\/dk\/wp-json\/wp\/v2\/pages"}],"about":[{"href":"https:\/\/suresms.com\/dk\/wp-json\/wp\/v2\/types\/page"}],"author":[{"embeddable":true,"href":"https:\/\/suresms.com\/dk\/wp-json\/wp\/v2\/users\/1"}],"replies":[{"embeddable":true,"href":"https:\/\/suresms.com\/dk\/wp-json\/wp\/v2\/comments?post=1443"}],"version-history":[{"count":2,"href":"https:\/\/suresms.com\/dk\/wp-json\/wp\/v2\/pages\/1443\/revisions"}],"predecessor-version":[{"id":19358,"href":"https:\/\/suresms.com\/dk\/wp-json\/wp\/v2\/pages\/1443\/revisions\/19358"}],"up":[{"embeddable":true,"href":"https:\/\/suresms.com\/dk\/wp-json\/wp\/v2\/pages\/18594"}],"wp:attachment":[{"href":"https:\/\/suresms.com\/dk\/wp-json\/wp\/v2\/media?parent=1443"}],"wp:term":[{"taxonomy":"category","embeddable":true,"href":"https:\/\/suresms.com\/dk\/wp-json\/wp\/v2\/categories?post=1443"},{"taxonomy":"post_tag","embeddable":true,"href":"https:\/\/suresms.com\/dk\/wp-json\/wp\/v2\/tags?post=1443"}],"curies":[{"name":"wp","href":"https:\/\/api.w.org\/{rel}","templated":true}]}}