{"id":1409,"date":"2015-12-14T16:00:43","date_gmt":"2015-12-14T14:00:43","guid":{"rendered":"https:\/\/www.suresms.com\/dk\/?page_id=1409"},"modified":"2024-12-05T15:40:42","modified_gmt":"2024-12-05T15:40:42","slug":"sms-til-sms-funktion","status":"publish","type":"page","link":"https:\/\/suresms.com\/dk\/funktioner\/sms-til-sms-funktion\/","title":{"rendered":"SMS til SMS funktion"},"content":{"rendered":"\n\n\t\t\t\t<!-- Flexy Breadcrumb -->\r\n\t\t\t<div class=\"fbc fbc-page\">\r\n\r\n\t\t\t\t<!-- Breadcrumb wrapper -->\r\n\t\t\t\t<div class=\"fbc-wrap\">\r\n\r\n\t\t\t\t\t<!-- Ordered list-->\r\n\t\t\t\t\t<ol class=\"fbc-items\" itemscope itemtype=\"https:\/\/schema.org\/BreadcrumbList\">\r\n\t\t\t\t\t\t            <li itemprop=\"itemListElement\" itemscope itemtype=\"https:\/\/schema.org\/ListItem\">\r\n                <span itemprop=\"name\">\r\n                    <!-- Home Link -->\r\n                    <a itemprop=\"item\" href=\"https:\/\/suresms.com\">\r\n                    \r\n                                                    <i class=\"fa fa-home\" aria-hidden=\"true\"><\/i>Home                    <\/a>\r\n                <\/span>\r\n                <meta itemprop=\"position\" content=\"1\" \/><!-- Meta Position-->\r\n             <\/li><li><span class=\"fbc-separator\">\/<\/span><\/li><li class=\"active\" itemprop=\"itemListElement\" itemscope itemtype=\"https:\/\/schema.org\/ListItem\"><span itemprop=\"name\" title=\"SMS til SMS funktion\">SMS til SMS funktion<\/span><meta itemprop=\"position\" content=\"2\" \/><\/li>\t\t\t\t\t<\/ol>\r\n\t\t\t\t\t<div class=\"clearfix\"><\/div>\r\n\t\t\t\t<\/div>\r\n\t\t\t<\/div>\r\n\t\t\t\n<h1>\n\t\tSMS til SMS funktion\n\t<\/h1>\n\t<p>Dette er m\u00e5ske en af de mest avanceret funktioner i SureSMS. Med \u00a0SMS-to-SMS funktionen er det muligt at sende en SMS til SureSMS. Denne SMS sendes videre til en anden telefon, eventuelt med en anden afsender.<\/p>\n<h4><strong>Hvorfor det?<\/strong><\/h4>\n<p>Hvis du er i en forening, og I gerne vil have en l\u00f8sning, hvor alle kan sende en besked til alle i foreningen, f.eks. i forbindelse med arrangementer, kan du g\u00f8re det med funktionen her.<\/p>\n<p>Ved at oprette en konto hos SureSMS og oprette en gruppe, f.eks. Bestyrelsen, s\u00e5 kan alle sende en SMS til et nummer hos os, med teksten &#8220;Bestyrelsen&#8221; efterfulgt af beskeden. S\u00e5 vil beskeden blive sendt videre til alle i bestyrelsen.<\/p>\n<p>Det betyder, at det enkelte medlem\u00a0slet ikke beh\u00f8ver at kende nummeret p\u00e5 dem, der skal sendes til. Enkelt for den, som skal sende, og en beskyttelse af personlige oplysninger for modtageren af beskeden.<\/p>\n<p>Et andet eksempel er f.eks. boligforeningen der skal igang med at renovere. Med SMS2SMS\u00a0kan man aflevere \u00e9t nummer og \u00e9t navn til h\u00e5ndv\u00e6rkerne. H\u00e5ndv\u00e6rkerne kan s\u00e5 sende \u00e9n SMS, hvorefter alle medlemmer af foreningen modtager beskeden.<\/p>\n<h4><strong>Gratis SMS2SMS for alle vores kunder<\/strong><\/h4>\n<p>SMS til SMS funktion koster ikke ekstra i SureSMS. Det er en del af vores service. Men afh\u00e6ngigt af dine krav til keywords, kan det v\u00e6re, at du har brug for at tilk\u00f8be en 2-vejs l\u00f8sning. I SureSMS har vi oprettet denne l\u00f8sning til alle vores kunder, dvs. vi har en 2-vejs l\u00f8sning som vores kunder gratis kan benytte sig af. MEN, det betyder ogs\u00e5, at denne deles mellem kunder. Derfor kan man kun f\u00e5 de keywords, som er ledige. Har \u00e9n kunde allerede taget et keywords, bliver du n\u00f8dt til at v\u00e6lge et andet.<\/p>\n<h4><strong>Opret 2-vejs l\u00f8sning for frit valg<\/strong><\/h4>\n<p>Derfor v\u00e6lger en del kunder at k\u00f8be deres egen 2-vejs l\u00f8sning. P\u00e5 denne m\u00e5de kan de frit v\u00e6lge keywords og evt. ogs\u00e5 det mobilnummer, som det skal sendes til. K\u00f8ber du din egen 2-vejs l\u00f8sning er du ikke afh\u00e6ngig af andre, mulighederne bliver s\u00e5ledes st\u00f8rre og besv\u00e6ret med at v\u00e6lge keywords, som passer den enkelte lejlighed, mindre.<\/p>\n<p>Der findes forskellige produkter, men uanset om du v\u00e6lger vores hosted SIM l\u00f8sning eller et Virtuel Long Number, har du ubegr\u00e6nset antal og mulighed for frit valg af keywords.<\/p>\n<p>For flere detaljer om 2.vejs l\u00f8sninger se mere i menuen under 2-vejs SMS.<\/p>\n<p>Se linket her for <a title=\"SMS gateway priser\" href=\"https:\/\/www.suresms.com\/dk\/sms-gateway-priser\/\">opdaterede priser p\u00e5 vores 2-vejs L\u00f8sninger.<\/a><\/p>\n\t\t<h4>\u00d8nsker du at oprette en konto straks? <\/h4>\n\t\t<p>Vi sidder klar og gl\u00e6der os til at byde dig velkommen som kunde i SureSMS!<\/p>\n\t\t\t<a href=\"https:\/\/www.suresms.com\/dk\/opret-sms-gateway-konto\/\" target=\"_self\">\n\t\t\t\t\t\t\tOpret SureSMS konto!\n\t\t\t\t\t<\/a>\n\t\t<h4>Bestil en 2-vejs l\u00f8sning!<\/h4>\n\t\t<p>Har du allerede en konto? Bestil en 2-vejs l\u00f8sning, og f\u00e5 de ekstra muligheder, \u00a0som din egen l\u00f8sning giver.\u00a0<\/p>\n\t\t\t<a href=\"https:\/\/www.suresms.com\/dk\/bestil-2-vejs-losning\/\" target=\"_self\">\n\t\t\t\t\t\t\tBestil 2-vejs l\u00f8sning\n\t\t\t\t\t<\/a>\n\t<h4><strong>Her kan du l\u00e6se et eksempel p\u00e5, hvordan vores kunder i dag benytter\u00a0SMS2SMS<\/strong><\/h4>\n<ul>\n<li>Vi udviklede vores SMS2SMS l\u00f8sning til et dansk arkitekfirma. Firmaet \u00f8nskede en SMS-l\u00f8sning, som kunne benyttes p\u00e5 deres byggesager. L\u00f8sninger skulle lette kommunikationen og give entrepen\u00f8rer og underentrepen\u00f8rer mulighed for at kommunikere ud til beboerne om byggesagernes forl\u00f8b, tilbud og andet. Samtidig \u00f8nskede arkitetkfirmaet en l\u00f8sning, hvor beboerne selv skulle kunne tilmelde sig informationsstr\u00f8mmen.\u00a0 <br \/><strong>SureSMS udviklede produktet SMS2SMS til arkitekterne<\/strong>. Alle kan sende informationer til l\u00f8sningen via en enkelt SMS, og beboerne kan selv tilmelde sig den via keywords.<\/li>\n<\/ul>\n<p>\u00a0<\/p>\n\n","protected":false},"excerpt":{"rendered":"<p>SMS til SMS funktion Dette er m\u00e5ske en af de mest avanceret funktioner i SureSMS. Med \u00a0SMS-to-SMS funktionen er det muligt at sende en SMS til SureSMS. Denne SMS sendes videre til en anden telefon, eventuelt med en anden afsender. Hvorfor det? Hvis du er i en forening, og I gerne vil have en l\u00f8sning, &#8230; <a title=\"SMS til SMS funktion\" class=\"read-more\" href=\"https:\/\/suresms.com\/dk\/funktioner\/sms-til-sms-funktion\/\" aria-label=\"Read more about SMS til SMS funktion\">L\u00e6s mere <\/a><\/p>\n","protected":false},"author":1,"featured_media":0,"parent":958,"menu_order":3,"comment_status":"closed","ping_status":"closed","template":"","meta":{"_fl_builder_enabled":"1","_fl_builder_data":null,"_fl_builder_draft":null,"_fl_builder_data_settings":null,"_fl_builder_css":"","_fl_builder_css_version":"","_fl_builder_js":"","footnotes":""},"categories":[17],"tags":[],"class_list":{"0":"post-1409","1":"page","2":"type-page","3":"status-publish","5":"category-linkfracornorstone"},"yoast_head":"<!-- This site is optimized with the Yoast SEO Premium plugin v27.3 (Yoast SEO v27.3) - https:\/\/yoast.com\/product\/yoast-seo-premium-wordpress\/ -->\r\n<title>SMS til SMS funktion - SureSMS. NYT avanceret produkt - tilmeld selv<\/title>\r\n<meta name=\"description\" content=\"SMS til SMS. Send informationer til grupper uden at kende kontakternes identitet. Godt til f.x underlevand\u00f8rer. 2-vejsl\u00f8sning, hvortil man kan sende tilbud\" \/>\r\n<meta name=\"robots\" content=\"index, follow, max-snippet:-1, max-image-preview:large, max-video-preview:-1\" \/>\r\n<link rel=\"canonical\" href=\"https:\/\/suresms.com\/dk\/funktioner\/sms-til-sms-funktion\/\" \/>\r\n<meta property=\"og:locale\" content=\"da_DK\" \/>\r\n<meta property=\"og:type\" content=\"article\" \/>\r\n<meta property=\"og:title\" content=\"SMS til SMS funktion\" \/>\r\n<meta property=\"og:description\" content=\"SMS til SMS. Send informationer til grupper uden at kende kontakternes identitet. Godt til f.x underlevand\u00f8rer. 2-vejsl\u00f8sning, hvortil man kan sende tilbud\" \/>\r\n<meta property=\"og:url\" content=\"https:\/\/suresms.com\/dk\/funktioner\/sms-til-sms-funktion\/\" \/>\r\n<meta property=\"article:publisher\" content=\"https:\/\/www.facebook.com\/p\/SureSMS-100044607956149\/\" \/>\r\n<meta property=\"article:modified_time\" content=\"2024-12-05T15:40:42+00:00\" \/>\r\n<meta name=\"twitter:card\" content=\"summary_large_image\" \/>\r\n<meta name=\"twitter:label1\" content=\"Estimeret l\u00e6setid\" \/>\n\t<meta name=\"twitter:data1\" content=\"4 minutter\" \/>\r\n<script type=\"application\/ld+json\" class=\"yoast-schema-graph\">{\"@context\":\"https:\\\/\\\/schema.org\",\"@graph\":[{\"@type\":\"WebPage\",\"@id\":\"https:\\\/\\\/suresms.com\\\/dk\\\/funktioner\\\/sms-til-sms-funktion\\\/\",\"url\":\"https:\\\/\\\/suresms.com\\\/dk\\\/funktioner\\\/sms-til-sms-funktion\\\/\",\"name\":\"SMS til SMS funktion - SureSMS. NYT avanceret produkt - tilmeld selv\",\"isPartOf\":{\"@id\":\"https:\\\/\\\/suresms.com\\\/en\\\/#website\"},\"datePublished\":\"2015-12-14T14:00:43+00:00\",\"dateModified\":\"2024-12-05T15:40:42+00:00\",\"description\":\"SMS til SMS. Send informationer til grupper uden at kende kontakternes identitet. Godt til f.x underlevand\u00f8rer. 2-vejsl\u00f8sning, hvortil man kan sende tilbud\",\"breadcrumb\":{\"@id\":\"https:\\\/\\\/suresms.com\\\/dk\\\/funktioner\\\/sms-til-sms-funktion\\\/#breadcrumb\"},\"inLanguage\":\"da-DK\",\"potentialAction\":[{\"@type\":\"ReadAction\",\"target\":[\"https:\\\/\\\/suresms.com\\\/dk\\\/funktioner\\\/sms-til-sms-funktion\\\/\"]}]},{\"@type\":\"BreadcrumbList\",\"@id\":\"https:\\\/\\\/suresms.com\\\/dk\\\/funktioner\\\/sms-til-sms-funktion\\\/#breadcrumb\",\"itemListElement\":[{\"@type\":\"ListItem\",\"position\":1,\"name\":\"Home\",\"item\":\"https:\\\/\\\/suresms.com\\\/dk\\\/\"},{\"@type\":\"ListItem\",\"position\":2,\"name\":\"Funktioner\",\"item\":\"https:\\\/\\\/suresms.com\\\/dk\\\/funktioner\\\/\"},{\"@type\":\"ListItem\",\"position\":3,\"name\":\"SMS til SMS funktion\"}]},{\"@type\":\"WebSite\",\"@id\":\"https:\\\/\\\/suresms.com\\\/en\\\/#website\",\"url\":\"https:\\\/\\\/suresms.com\\\/en\\\/\",\"name\":\"SureSMS\",\"description\":\"Professionel SMS Gateway\",\"publisher\":{\"@id\":\"https:\\\/\\\/suresms.com\\\/en\\\/#organization\"},\"potentialAction\":[{\"@type\":\"SearchAction\",\"target\":{\"@type\":\"EntryPoint\",\"urlTemplate\":\"https:\\\/\\\/suresms.com\\\/en\\\/?s={search_term_string}\"},\"query-input\":{\"@type\":\"PropertyValueSpecification\",\"valueRequired\":true,\"valueName\":\"search_term_string\"}}],\"inLanguage\":\"da-DK\"},{\"@type\":\"Organization\",\"@id\":\"https:\\\/\\\/suresms.com\\\/en\\\/#organization\",\"name\":\"SureSMS\",\"url\":\"https:\\\/\\\/suresms.com\\\/en\\\/\",\"logo\":{\"@type\":\"ImageObject\",\"inLanguage\":\"da-DK\",\"@id\":\"https:\\\/\\\/suresms.com\\\/en\\\/#\\\/schema\\\/logo\\\/image\\\/\",\"url\":\"https:\\\/\\\/suresms.com\\\/wp-content\\\/uploads\\\/2024\\\/11\\\/suresms-300x65-1.png\",\"contentUrl\":\"https:\\\/\\\/suresms.com\\\/wp-content\\\/uploads\\\/2024\\\/11\\\/suresms-300x65-1.png\",\"width\":300,\"height\":65,\"caption\":\"SureSMS\"},\"image\":{\"@id\":\"https:\\\/\\\/suresms.com\\\/en\\\/#\\\/schema\\\/logo\\\/image\\\/\"},\"sameAs\":[\"https:\\\/\\\/www.facebook.com\\\/p\\\/SureSMS-100044607956149\\\/\"]}]}<\/script>\r\n<!-- \/ Yoast SEO Premium plugin. -->","yoast_head_json":{"title":"SMS til SMS funktion - SureSMS. NYT avanceret produkt - tilmeld selv","description":"SMS til SMS. Send informationer til grupper uden at kende kontakternes identitet. Godt til f.x underlevand\u00f8rer. 2-vejsl\u00f8sning, hvortil man kan sende tilbud","robots":{"index":"index","follow":"follow","max-snippet":"max-snippet:-1","max-image-preview":"max-image-preview:large","max-video-preview":"max-video-preview:-1"},"canonical":"https:\/\/suresms.com\/dk\/funktioner\/sms-til-sms-funktion\/","og_locale":"da_DK","og_type":"article","og_title":"SMS til SMS funktion","og_description":"SMS til SMS. Send informationer til grupper uden at kende kontakternes identitet. Godt til f.x underlevand\u00f8rer. 2-vejsl\u00f8sning, hvortil man kan sende tilbud","og_url":"https:\/\/suresms.com\/dk\/funktioner\/sms-til-sms-funktion\/","article_publisher":"https:\/\/www.facebook.com\/p\/SureSMS-100044607956149\/","article_modified_time":"2024-12-05T15:40:42+00:00","twitter_card":"summary_large_image","twitter_misc":{"Estimeret l\u00e6setid":"4 minutter"},"schema":{"@context":"https:\/\/schema.org","@graph":[{"@type":"WebPage","@id":"https:\/\/suresms.com\/dk\/funktioner\/sms-til-sms-funktion\/","url":"https:\/\/suresms.com\/dk\/funktioner\/sms-til-sms-funktion\/","name":"SMS til SMS funktion - SureSMS. NYT avanceret produkt - tilmeld selv","isPartOf":{"@id":"https:\/\/suresms.com\/en\/#website"},"datePublished":"2015-12-14T14:00:43+00:00","dateModified":"2024-12-05T15:40:42+00:00","description":"SMS til SMS. Send informationer til grupper uden at kende kontakternes identitet. Godt til f.x underlevand\u00f8rer. 2-vejsl\u00f8sning, hvortil man kan sende tilbud","breadcrumb":{"@id":"https:\/\/suresms.com\/dk\/funktioner\/sms-til-sms-funktion\/#breadcrumb"},"inLanguage":"da-DK","potentialAction":[{"@type":"ReadAction","target":["https:\/\/suresms.com\/dk\/funktioner\/sms-til-sms-funktion\/"]}]},{"@type":"BreadcrumbList","@id":"https:\/\/suresms.com\/dk\/funktioner\/sms-til-sms-funktion\/#breadcrumb","itemListElement":[{"@type":"ListItem","position":1,"name":"Home","item":"https:\/\/suresms.com\/dk\/"},{"@type":"ListItem","position":2,"name":"Funktioner","item":"https:\/\/suresms.com\/dk\/funktioner\/"},{"@type":"ListItem","position":3,"name":"SMS til SMS funktion"}]},{"@type":"WebSite","@id":"https:\/\/suresms.com\/en\/#website","url":"https:\/\/suresms.com\/en\/","name":"SureSMS","description":"Professionel SMS Gateway","publisher":{"@id":"https:\/\/suresms.com\/en\/#organization"},"potentialAction":[{"@type":"SearchAction","target":{"@type":"EntryPoint","urlTemplate":"https:\/\/suresms.com\/en\/?s={search_term_string}"},"query-input":{"@type":"PropertyValueSpecification","valueRequired":true,"valueName":"search_term_string"}}],"inLanguage":"da-DK"},{"@type":"Organization","@id":"https:\/\/suresms.com\/en\/#organization","name":"SureSMS","url":"https:\/\/suresms.com\/en\/","logo":{"@type":"ImageObject","inLanguage":"da-DK","@id":"https:\/\/suresms.com\/en\/#\/schema\/logo\/image\/","url":"https:\/\/suresms.com\/wp-content\/uploads\/2024\/11\/suresms-300x65-1.png","contentUrl":"https:\/\/suresms.com\/wp-content\/uploads\/2024\/11\/suresms-300x65-1.png","width":300,"height":65,"caption":"SureSMS"},"image":{"@id":"https:\/\/suresms.com\/en\/#\/schema\/logo\/image\/"},"sameAs":["https:\/\/www.facebook.com\/p\/SureSMS-100044607956149\/"]}]}},"_links":{"self":[{"href":"https:\/\/suresms.com\/dk\/wp-json\/wp\/v2\/pages\/1409","targetHints":{"allow":["GET"]}}],"collection":[{"href":"https:\/\/suresms.com\/dk\/wp-json\/wp\/v2\/pages"}],"about":[{"href":"https:\/\/suresms.com\/dk\/wp-json\/wp\/v2\/types\/page"}],"author":[{"embeddable":true,"href":"https:\/\/suresms.com\/dk\/wp-json\/wp\/v2\/users\/1"}],"replies":[{"embeddable":true,"href":"https:\/\/suresms.com\/dk\/wp-json\/wp\/v2\/comments?post=1409"}],"version-history":[{"count":1,"href":"https:\/\/suresms.com\/dk\/wp-json\/wp\/v2\/pages\/1409\/revisions"}],"predecessor-version":[{"id":19474,"href":"https:\/\/suresms.com\/dk\/wp-json\/wp\/v2\/pages\/1409\/revisions\/19474"}],"up":[{"embeddable":true,"href":"https:\/\/suresms.com\/dk\/wp-json\/wp\/v2\/pages\/958"}],"wp:attachment":[{"href":"https:\/\/suresms.com\/dk\/wp-json\/wp\/v2\/media?parent=1409"}],"wp:term":[{"taxonomy":"category","embeddable":true,"href":"https:\/\/suresms.com\/dk\/wp-json\/wp\/v2\/categories?post=1409"},{"taxonomy":"post_tag","embeddable":true,"href":"https:\/\/suresms.com\/dk\/wp-json\/wp\/v2\/tags?post=1409"}],"curies":[{"name":"wp","href":"https:\/\/api.w.org\/{rel}","templated":true}]}}